





{"id":53700,"date":"2022-10-07T11:26:02","date_gmt":"2022-10-07T09:26:02","guid":{"rendered":"https:\/\/repliquemangacine.fr\/?post_type=product&#038;p=53700"},"modified":"2026-04-05T07:40:33","modified_gmt":"2026-04-05T05:40:33","slug":"colt-1849-pocket-wells-fargo","status":"publish","type":"product","link":"https:\/\/repliquemangacine.fr\/es\/colt-revolver-western\/colt-1849-pocket-wells-fargo\/","title":{"rendered":"Colt de bolsillo 1849"},"content":{"rendered":"<h2>Colt Pocket 1849 Wells Fargo - Denix.<\/h2>\n<p>Para empezar, el <strong>Colt 1849 de bolsillo<\/strong>, rev\u00f3lver de bolsillo, provisto de un tambor de 5 o 6 disparos, con empujador y pontillo redondo. Sustituye al Colt Baby Dragoon. Utilizado principalmente por particulares, pero tambi\u00e9n por la polic\u00eda, mensajeros y compa\u00f1\u00edas de diligencias.<\/p>\n<p>Muchos de estos rev\u00f3lveres se utilizaron como armas personales durante la Guerra Civil estadounidense. Entre 1849 y 1873, Colt fabric\u00f3 321 000 rev\u00f3lveres de bolsillo en Hartford (Connecticut), Estados Unidos.<\/p>\n<p>La empresa Wells &amp; Fargo ofrece su propio modelo para atravesar los Estados Unidos. Muchos colonos y soldados eligieron estos rev\u00f3lveres como pistolas de emergencia, debido a su tama\u00f1o reducido y su f\u00e1cil manejo.<\/p>\n<h2>Tu Colt Pocket 1849 Wells Fargo al mejor precio.<\/h2>\n<p>Le ofrecemos una amplia selecci\u00f3n de reproducciones de armas western.<\/p>\n<p>Lo primero y m\u00e1s importante,<\/p>\n<ul>\n<li>Le <a href=\"https:\/\/repliquemangacine.fr\/es\/revolver-colts\/revolver-colt-ejercito-guerra-civil-1860\/\">Colt 1860 Ej\u00e9rcito Guerra Civil<\/a>Rev\u00f3lver militar para el ej\u00e9rcito americano, dise\u00f1ado por S. Colt, Estados Unidos, 1860.<\/li>\n<li>As\u00ed como el <a href=\"https:\/\/repliquemangacine.fr\/es\/revolver-colts\/colt-dragoon-revolver-1848\/\">Colt Dragoon 1848<\/a>un rev\u00f3lver de avancarga firmado <a href=\"https:\/\/www.denix.fr\/fr\/catalogue\/guerre-civile-occidentale-et-americaine-1861-1899\/revolvers\/1259-g\/\" target=\"_blank\" rel=\"noopener noreferrer\">Denix<\/a>.<\/li>\n<li>Tambi\u00e9n est\u00e1 el imponente <a href=\"https:\/\/repliquemangacine.fr\/es\/revolver-colts\/colt-buntline-especial-wyatt-earp-1873-2\/\">Especial Buntline<\/a> del legendario Wyatt Earp con su ca\u00f1\u00f3n de 30,5 cm de longitud.<\/li>\n<li>Y muchos m\u00e1s por descubrir en nuestra tienda en l\u00ednea.<\/li>\n<\/ul>\n<p>Por eso, esta es una idea estupenda para regalar a todos los apasionados de la \u00e9poca del Oeste.<\/p>\n<p>En conclusi\u00f3n, puede utilizar el <strong>Colt de bolsillo 1849<\/strong> para sus recreaciones hist\u00f3ricas y westerns. Pero, sobre todo, la Wells Fargo es una pieza de coleccionista y una pieza decorativa.<\/p>\n<h2>\u00bfC\u00f3mo se fabrican las r\u00e9plicas de armas Denix?<\/h2>\n<p>Utilizadas en recreaciones hist\u00f3ricas, pel\u00edculas, series y por coleccionistas. Las reproducciones Denix est\u00e1n fabricadas con materiales de alta calidad. Cuidadosamente elaboradas y ensambladas para crear armas de colecci\u00f3n realistas.<\/p>\n<ul>\n<li>Los metales se encuentran en una aleaci\u00f3n met\u00e1lica conocida como Zamac, cuya composici\u00f3n b\u00e1sica es zinc en 95%.<\/li>\n<li>Las piezas de pl\u00e1stico de las r\u00e9plicas son de ABS moldeado, que ofrece una gran resistencia.<\/li>\n<li>Las maderas elegidas por su belleza y durabilidad, como la caoba, el olivo o el nogal, dar\u00e1n a sus culatas y barricas un aspecto elegante y aut\u00e9ntico.<\/li>\n<\/ul>\n<p>Cabe se\u00f1alar que todas las reproducciones Denix son id\u00e9nticas a los originales, como su <strong>Colt de bolsillo 1849<\/strong>.<\/p>","protected":false},"excerpt":{"rendered":"<p>Magn\u00edfica reproducci\u00f3n de la Wells Fargo Colt 1849 Pocket fabricada por Denix.<\/p>\n<ul>\n<li>Culata de madera maciza.<\/li>\n<li>Todo el armaz\u00f3n es de Zamac.<\/li>\n<li>Armas y huelgas.<\/li>\n<li><strong>No apto para el rodaje<\/strong>.<\/li>\n<li>Cilindro de 6 tiros<\/li>\n<li>No se requiere autorizaci\u00f3n. Venta y posesi\u00f3n libres<\/li>\n<li>Longitud total 22 cm - Peso: 540 gramos<\/li>\n<\/ul>","protected":false},"featured_media":53701,"template":"","meta":[],"product_brand":[896],"product_cat":[34,33,77,102,28,27],"product_tag":[],"class_list":{"0":"post-53700","1":"product","2":"type-product","3":"status-publish","4":"has-post-thumbnail","6":"product_brand-replique-manga-cine","7":"product_cat-armes-westerns","8":"product_cat-colt-pistolet","9":"product_cat-colt-revolver-western","10":"product_cat-denix","11":"product_cat-repliques-darmes","12":"product_cat-armes-et-accessoires-western","14":"first","15":"outofstock","16":"sale","17":"taxable","18":"shipping-taxable","19":"purchasable","20":"product-type-simple"},"yoast_head":"<!-- This site is optimized with the Yoast SEO plugin v27.4 - https:\/\/yoast.com\/product\/yoast-seo-wordpress\/ -->\n<title>Colt Pocket 1849 - Wells Fargo - Denix - R\u00e9plique Manga Cin\u00e9<\/title>\n<meta name=\"description\" content=\"Reproduction du Colt Pocket 1849 - Wells Fargo au meilleur prix - Carcasse en zamac. -Crosse en bois - M\u00e9canisme fonctionnel - Barillet 6 coups - 22 cm\" \/>\n<meta name=\"robots\" content=\"index, follow, max-snippet:-1, max-image-preview:large, max-video-preview:-1\" \/>\n<link rel=\"canonical\" href=\"https:\/\/repliquemangacine.fr\/es\/revolver-colt-western\/colt-1849-pocket-wells-fargo\/\" \/>\n<meta property=\"og:locale\" content=\"es_ES\" \/>\n<meta property=\"og:type\" content=\"article\" \/>\n<meta property=\"og:title\" content=\"Colt Pocket 1849 - Wells Fargo - Denix - R\u00e9plique Manga Cin\u00e9\" \/>\n<meta property=\"og:description\" content=\"Reproduction du Colt Pocket 1849 - Wells Fargo au meilleur prix - Carcasse en zamac. -Crosse en bois - M\u00e9canisme fonctionnel - Barillet 6 coups - 22 cm\" \/>\n<meta property=\"og:url\" content=\"https:\/\/repliquemangacine.fr\/es\/revolver-colt-western\/colt-1849-pocket-wells-fargo\/\" \/>\n<meta property=\"og:site_name\" content=\"R\u00e9plique Manga Cin\u00e9\" \/>\n<meta property=\"article:publisher\" content=\"https:\/\/www.facebook.com\/RepliqueMangaCine\" \/>\n<meta property=\"article:modified_time\" content=\"2026-04-05T05:40:33+00:00\" \/>\n<meta property=\"og:image\" content=\"https:\/\/repliquemangacine.fr\/wp-content\/uploads\/2023\/10\/Colt-Wells-Fargo.jpg\" \/>\n\t<meta property=\"og:image:width\" content=\"500\" \/>\n\t<meta property=\"og:image:height\" content=\"500\" \/>\n\t<meta property=\"og:image:type\" content=\"image\/jpeg\" \/>\n<meta name=\"twitter:card\" content=\"summary_large_image\" \/>\n<meta name=\"twitter:label1\" content=\"Tiempo de lectura\" \/>\n\t<meta name=\"twitter:data1\" content=\"3 minutos\" \/>\n<script type=\"application\/ld+json\" class=\"yoast-schema-graph\">{\"@context\":\"https:\\\/\\\/schema.org\",\"@graph\":[{\"@type\":\"WebPage\",\"@id\":\"https:\\\/\\\/repliquemangacine.fr\\\/colt-revolver-western\\\/colt-1849-pocket-wells-fargo\\\/\",\"url\":\"https:\\\/\\\/repliquemangacine.fr\\\/colt-revolver-western\\\/colt-1849-pocket-wells-fargo\\\/\",\"name\":\"Colt Pocket 1849 - Wells Fargo - Denix - R\u00e9plique Manga Cin\u00e9\",\"isPartOf\":{\"@id\":\"https:\\\/\\\/repliquemangacine.fr\\\/#website\"},\"primaryImageOfPage\":{\"@id\":\"https:\\\/\\\/repliquemangacine.fr\\\/colt-revolver-western\\\/colt-1849-pocket-wells-fargo\\\/#primaryimage\"},\"image\":{\"@id\":\"https:\\\/\\\/repliquemangacine.fr\\\/colt-revolver-western\\\/colt-1849-pocket-wells-fargo\\\/#primaryimage\"},\"thumbnailUrl\":\"https:\\\/\\\/repliquemangacine.fr\\\/wp-content\\\/uploads\\\/2023\\\/10\\\/Colt-Wells-Fargo.jpg\",\"datePublished\":\"2022-10-07T09:26:02+00:00\",\"dateModified\":\"2026-04-05T05:40:33+00:00\",\"description\":\"Reproduction du Colt Pocket 1849 - Wells Fargo au meilleur prix - Carcasse en zamac. -Crosse en bois - M\u00e9canisme fonctionnel - Barillet 6 coups - 22 cm\",\"breadcrumb\":{\"@id\":\"https:\\\/\\\/repliquemangacine.fr\\\/colt-revolver-western\\\/colt-1849-pocket-wells-fargo\\\/#breadcrumb\"},\"inLanguage\":\"es\",\"potentialAction\":[{\"@type\":\"ReadAction\",\"target\":[\"https:\\\/\\\/repliquemangacine.fr\\\/colt-revolver-western\\\/colt-1849-pocket-wells-fargo\\\/\"]}]},{\"@type\":\"ImageObject\",\"inLanguage\":\"es\",\"@id\":\"https:\\\/\\\/repliquemangacine.fr\\\/colt-revolver-western\\\/colt-1849-pocket-wells-fargo\\\/#primaryimage\",\"url\":\"https:\\\/\\\/repliquemangacine.fr\\\/wp-content\\\/uploads\\\/2023\\\/10\\\/Colt-Wells-Fargo.jpg\",\"contentUrl\":\"https:\\\/\\\/repliquemangacine.fr\\\/wp-content\\\/uploads\\\/2023\\\/10\\\/Colt-Wells-Fargo.jpg\",\"width\":500,\"height\":500,\"caption\":\"Colt 1849 Pocket Wells Fargo\"},{\"@type\":\"BreadcrumbList\",\"@id\":\"https:\\\/\\\/repliquemangacine.fr\\\/colt-revolver-western\\\/colt-1849-pocket-wells-fargo\\\/#breadcrumb\",\"itemListElement\":[{\"@type\":\"ListItem\",\"position\":1,\"name\":\"Accueil\",\"item\":\"https:\\\/\\\/repliquemangacine.fr\\\/\"},{\"@type\":\"ListItem\",\"position\":2,\"name\":\"Produits\",\"item\":\"https:\\\/\\\/repliquemangacine.fr\\\/boutique\\\/\"},{\"@type\":\"ListItem\",\"position\":3,\"name\":\"Colt Pocket 1849\"}]},{\"@type\":\"WebSite\",\"@id\":\"https:\\\/\\\/repliquemangacine.fr\\\/#website\",\"url\":\"https:\\\/\\\/repliquemangacine.fr\\\/\",\"name\":\"R\u00e9plique Manga Cin\u00e9\",\"description\":\"\",\"publisher\":{\"@id\":\"https:\\\/\\\/repliquemangacine.fr\\\/#organization\"},\"potentialAction\":[{\"@type\":\"SearchAction\",\"target\":{\"@type\":\"EntryPoint\",\"urlTemplate\":\"https:\\\/\\\/repliquemangacine.fr\\\/?s={search_term_string}\"},\"query-input\":{\"@type\":\"PropertyValueSpecification\",\"valueRequired\":true,\"valueName\":\"search_term_string\"}}],\"inLanguage\":\"es\"},{\"@type\":\"Organization\",\"@id\":\"https:\\\/\\\/repliquemangacine.fr\\\/#organization\",\"name\":\"R\u00e9plique Manga Cin\u00e9\",\"url\":\"https:\\\/\\\/repliquemangacine.fr\\\/\",\"logo\":{\"@type\":\"ImageObject\",\"inLanguage\":\"es\",\"@id\":\"https:\\\/\\\/repliquemangacine.fr\\\/#\\\/schema\\\/logo\\\/image\\\/\",\"url\":\"https:\\\/\\\/repliquemangacine.fr\\\/wp-content\\\/uploads\\\/2023\\\/10\\\/RMC-500250.png\",\"contentUrl\":\"https:\\\/\\\/repliquemangacine.fr\\\/wp-content\\\/uploads\\\/2023\\\/10\\\/RMC-500250.png\",\"width\":500,\"height\":250,\"caption\":\"R\u00e9plique Manga Cin\u00e9\"},\"image\":{\"@id\":\"https:\\\/\\\/repliquemangacine.fr\\\/#\\\/schema\\\/logo\\\/image\\\/\"},\"sameAs\":[\"https:\\\/\\\/www.facebook.com\\\/RepliqueMangaCine\",\"https:\\\/\\\/www.instagram.com\\\/repliquemangacine.fr\\\/\"]}]}<\/script>\n<!-- \/ Yoast SEO plugin. -->","yoast_head_json":{"title":"Colt Pocket 1849 - Wells Fargo - Denix - R\u00e9plique Manga Cin\u00e9","description":"Reproducci\u00f3n de la Colt Pocket 1849 - Wells Fargo al mejor precio - Armaz\u00f3n de Zamac. Culata de madera - Mecanismo funcional - Cilindro de 6 disparos - 22 cm","robots":{"index":"index","follow":"follow","max-snippet":"max-snippet:-1","max-image-preview":"max-image-preview:large","max-video-preview":"max-video-preview:-1"},"canonical":"https:\/\/repliquemangacine.fr\/es\/revolver-colt-western\/colt-1849-pocket-wells-fargo\/","og_locale":"es_ES","og_type":"article","og_title":"Colt Pocket 1849 - Wells Fargo - Denix - R\u00e9plique Manga Cin\u00e9","og_description":"Reproduction du Colt Pocket 1849 - Wells Fargo au meilleur prix - Carcasse en zamac. -Crosse en bois - M\u00e9canisme fonctionnel - Barillet 6 coups - 22 cm","og_url":"https:\/\/repliquemangacine.fr\/es\/revolver-colt-western\/colt-1849-pocket-wells-fargo\/","og_site_name":"R\u00e9plique Manga Cin\u00e9","article_publisher":"https:\/\/www.facebook.com\/RepliqueMangaCine","article_modified_time":"2026-04-05T05:40:33+00:00","og_image":[{"width":500,"height":500,"url":"https:\/\/repliquemangacine.fr\/wp-content\/uploads\/2023\/10\/Colt-Wells-Fargo.jpg","type":"image\/jpeg"}],"twitter_card":"summary_large_image","twitter_misc":{"Tiempo de lectura":"3 minutos"},"schema":{"@context":"https:\/\/schema.org","@graph":[{"@type":"WebPage","@id":"https:\/\/repliquemangacine.fr\/colt-revolver-western\/colt-1849-pocket-wells-fargo\/","url":"https:\/\/repliquemangacine.fr\/colt-revolver-western\/colt-1849-pocket-wells-fargo\/","name":"Colt Pocket 1849 - Wells Fargo - Denix - R\u00e9plique Manga Cin\u00e9","isPartOf":{"@id":"https:\/\/repliquemangacine.fr\/#website"},"primaryImageOfPage":{"@id":"https:\/\/repliquemangacine.fr\/colt-revolver-western\/colt-1849-pocket-wells-fargo\/#primaryimage"},"image":{"@id":"https:\/\/repliquemangacine.fr\/colt-revolver-western\/colt-1849-pocket-wells-fargo\/#primaryimage"},"thumbnailUrl":"https:\/\/repliquemangacine.fr\/wp-content\/uploads\/2023\/10\/Colt-Wells-Fargo.jpg","datePublished":"2022-10-07T09:26:02+00:00","dateModified":"2026-04-05T05:40:33+00:00","description":"Reproducci\u00f3n de la Colt Pocket 1849 - Wells Fargo al mejor precio - Armaz\u00f3n de Zamac. Culata de madera - Mecanismo funcional - Cilindro de 6 disparos - 22 cm","breadcrumb":{"@id":"https:\/\/repliquemangacine.fr\/colt-revolver-western\/colt-1849-pocket-wells-fargo\/#breadcrumb"},"inLanguage":"es","potentialAction":[{"@type":"ReadAction","target":["https:\/\/repliquemangacine.fr\/colt-revolver-western\/colt-1849-pocket-wells-fargo\/"]}]},{"@type":"ImageObject","inLanguage":"es","@id":"https:\/\/repliquemangacine.fr\/colt-revolver-western\/colt-1849-pocket-wells-fargo\/#primaryimage","url":"https:\/\/repliquemangacine.fr\/wp-content\/uploads\/2023\/10\/Colt-Wells-Fargo.jpg","contentUrl":"https:\/\/repliquemangacine.fr\/wp-content\/uploads\/2023\/10\/Colt-Wells-Fargo.jpg","width":500,"height":500,"caption":"Colt 1849 Pocket Wells Fargo"},{"@type":"BreadcrumbList","@id":"https:\/\/repliquemangacine.fr\/colt-revolver-western\/colt-1849-pocket-wells-fargo\/#breadcrumb","itemListElement":[{"@type":"ListItem","position":1,"name":"Accueil","item":"https:\/\/repliquemangacine.fr\/"},{"@type":"ListItem","position":2,"name":"Produits","item":"https:\/\/repliquemangacine.fr\/boutique\/"},{"@type":"ListItem","position":3,"name":"Colt Pocket 1849"}]},{"@type":"WebSite","@id":"https:\/\/repliquemangacine.fr\/#website","url":"https:\/\/repliquemangacine.fr\/","name":"R\u00e9plique Manga Cin\u00e9","description":"","publisher":{"@id":"https:\/\/repliquemangacine.fr\/#organization"},"potentialAction":[{"@type":"SearchAction","target":{"@type":"EntryPoint","urlTemplate":"https:\/\/repliquemangacine.fr\/?s={search_term_string}"},"query-input":{"@type":"PropertyValueSpecification","valueRequired":true,"valueName":"search_term_string"}}],"inLanguage":"es"},{"@type":"Organization","@id":"https:\/\/repliquemangacine.fr\/#organization","name":"R\u00e9plique Manga Cin\u00e9","url":"https:\/\/repliquemangacine.fr\/","logo":{"@type":"ImageObject","inLanguage":"es","@id":"https:\/\/repliquemangacine.fr\/#\/schema\/logo\/image\/","url":"https:\/\/repliquemangacine.fr\/wp-content\/uploads\/2023\/10\/RMC-500250.png","contentUrl":"https:\/\/repliquemangacine.fr\/wp-content\/uploads\/2023\/10\/RMC-500250.png","width":500,"height":250,"caption":"R\u00e9plique Manga Cin\u00e9"},"image":{"@id":"https:\/\/repliquemangacine.fr\/#\/schema\/logo\/image\/"},"sameAs":["https:\/\/www.facebook.com\/RepliqueMangaCine","https:\/\/www.instagram.com\/repliquemangacine.fr\/"]}]}},"_links":{"self":[{"href":"https:\/\/repliquemangacine.fr\/es\/wp-json\/wp\/v2\/product\/53700","targetHints":{"allow":["GET"]}}],"collection":[{"href":"https:\/\/repliquemangacine.fr\/es\/wp-json\/wp\/v2\/product"}],"about":[{"href":"https:\/\/repliquemangacine.fr\/es\/wp-json\/wp\/v2\/types\/product"}],"wp:featuredmedia":[{"embeddable":true,"href":"https:\/\/repliquemangacine.fr\/es\/wp-json\/wp\/v2\/media\/53701"}],"wp:attachment":[{"href":"https:\/\/repliquemangacine.fr\/es\/wp-json\/wp\/v2\/media?parent=53700"}],"wp:term":[{"taxonomy":"product_brand","embeddable":true,"href":"https:\/\/repliquemangacine.fr\/es\/wp-json\/wp\/v2\/product_brand?post=53700"},{"taxonomy":"product_cat","embeddable":true,"href":"https:\/\/repliquemangacine.fr\/es\/wp-json\/wp\/v2\/product_cat?post=53700"},{"taxonomy":"product_tag","embeddable":true,"href":"https:\/\/repliquemangacine.fr\/es\/wp-json\/wp\/v2\/product_tag?post=53700"}],"curies":[{"name":"wp","href":"https:\/\/api.w.org\/{rel}","templated":true}]}}