





{"id":53199,"date":"2022-09-16T17:32:40","date_gmt":"2022-09-16T15:32:40","guid":{"rendered":"https:\/\/repliquemangacine.fr\/?post_type=product&#038;p=53199"},"modified":"2026-04-12T08:32:15","modified_gmt":"2026-04-12T06:32:15","slug":"shikai-ichigo-bleach","status":"publish","type":"product","link":"https:\/\/repliquemangacine.fr\/es\/katana-bleach\/shikai-ichigo-bleach\/","title":{"rendered":"Shikai Ichigo Bleach"},"content":{"rendered":"<h2>R\u00e9plica del Shikai Ichigo Bleach<\/h2>\n<p>Para empezar, el <strong>Shikai Ichigo Bleach<\/strong> es su zanpakuto liberado. Adopta la apariencia de un cuchillo de carnicero de proporciones gigantescas o la de una media luna creciente, se trata de la liberaci\u00f3n inicial, pero permanece totalmente liberado, ya que es incapaz de recuperar la forma de la espada original.<\/p>\n<p>Ichigo Kurosaki es un humano con la excepcional habilidad de distinguir a los fantasmas. Su vida da un vuelco cuando conoce a Rukia Kuchiki, quien le da sus poderes de Shinigami para salvar a su familia de un Hollow.<\/p>\n<p>El rasgo m\u00e1s reconocible de <a href=\"https:\/\/bleach.fandom.com\/fr\/wiki\/Ichigo_Kurosaki#Zanpakut\u014d\" target=\"_blank\" rel=\"noopener noreferrer\">Ichigo<\/a> es su corte de pelo naranja petardo. Siempre ha sido diferente a los dem\u00e1s, no s\u00f3lo por su aspecto, sino tambi\u00e9n porque ve fantasmas.<\/p>\n<h2>Tu Shikai Ichigo Bleach al mejor precio<\/h2>\n<p>Te ofrecemos una amplia selecci\u00f3n de r\u00e9plicas de tu manga animado favorito Bleach.<\/p>\n<p>Lo primero y m\u00e1s importante,<\/p>\n<ul>\n<li>Le <a href=\"https:\/\/repliquemangacine.fr\/es\/lejia\/zanpakuto-shirayuki-shikai-rukia-kuchiki\/\">La katana de Rukia<\/a> que se considera el mejor Zanpakut\u00f4 de la Sociedad de Almas.<\/li>\n<li>Tambi\u00e9n existe la <a href=\"https:\/\/repliquemangacine.fr\/es\/lejia\/zanpakuto-hyorinmaru-hitsugaya-toshiro\/\">Zanpakuto Hyorinmaru<\/a> de Toshiro Hitsugaya, el capit\u00e1n m\u00e1s joven del Gotei 13.<\/li>\n<li>As\u00ed como el <a href=\"https:\/\/repliquemangacine.fr\/es\/lejia\/shikai-benihime-katana-urahara-kisuke\/\">Shikai Benihime<\/a> de Kisuk\u00e9 Urahara .<\/li>\n<li>Y muchos m\u00e1s por descubrir en nuestra tienda en l\u00ednea.<\/li>\n<\/ul>\n<p>Por eso, aqu\u00ed tienes unas ideas fant\u00e1sticas para regalar a todos los fans del manga animado Bleach.<\/p>\n<p>Por supuesto, puede comprar el <strong>Shikai Ichigo Bleach<\/strong> para tus desfiles de Cosplays, o tus veladas tem\u00e1ticas. Pero sobre todo, este Sable es una pieza de coleccionista y una pieza decorativa.<\/p>\n<h2>\u00bfC\u00f3mo se mantiene la hoja de la katana Bleach?<\/h2>\n<p>Las katanas de colecci\u00f3n y decorativas se fabrican y ensamblan de forma simplificada. Como su uso es decorativo, no cuentan con los elementos de seguridad exigidos a una espada japonesa destinada al entrenamiento.<\/p>\n<p>Sin embargo, su <strong>Shikai Ichigo Bleach<\/strong> a una hoja de acero que hay que cuidar para evitar que se estropee con el tiempo. Cuando exponga su katana, sus amigos sentir\u00e1n curiosidad por ver la hoja y tocarla. Aqu\u00ed es donde hay que tener cuidado, ya que la acidez de los dedos es muy perjudicial para el acero, sea cual sea su calidad.<\/p>\n<p>Sin embargo, si esto ocurre, no te asustes, todo lo que necesitas es un pa\u00f1o humedecido con un poco de aceite y limpiar las huellas dactilares. Si haces esto, tu espada durar\u00e1 mucho tiempo.<\/p>","protected":false},"excerpt":{"rendered":"<p>Magn\u00edfica r\u00e9plica del Shikai de Ichigo en Bleach.<\/p>\n<ul>\n<li>Fabricado en una sola pieza (Full Tang Construction).<\/li>\n<li>Hoja de acero bicolor, preafilada, no cortante<\/li>\n<li>Asa recubierta de cord\u00f3n de algod\u00f3n blanco.<\/li>\n<li>Funda de transporte de polipiel negra.<\/li>\n<li>Longitud de la hoja: 74,5 cm - Longitud total: 105 cm<\/li>\n<\/ul>","protected":false},"featured_media":53200,"template":"","meta":[],"product_brand":[896],"product_cat":[30,23],"product_tag":[],"class_list":{"0":"post-53199","1":"product","2":"type-product","3":"status-publish","4":"has-post-thumbnail","6":"product_brand-replique-manga-cine","7":"product_cat-katana-bleach","8":"product_cat-repliques-manga-jeux-video","10":"first","11":"outofstock","12":"taxable","13":"shipping-taxable","14":"purchasable","15":"product-type-simple"},"yoast_head":"<!-- This site is optimized with the Yoast SEO plugin v27.4 - https:\/\/yoast.com\/product\/yoast-seo-wordpress\/ -->\n<title>Shikai Ichigo Bleach - Sabre Ichigo - Boutique en ligne - RMC<\/title>\n<meta name=\"description\" content=\"Faite vous plaisir ! Achetez le Shikai Ichigo dans Bleach au meilleur prix. Lame acier - Fourreau - Longueur totale : 105 cm - Envoi 24\/48h\" \/>\n<meta name=\"robots\" content=\"index, follow, max-snippet:-1, max-image-preview:large, max-video-preview:-1\" \/>\n<link rel=\"canonical\" href=\"https:\/\/repliquemangacine.fr\/es\/blanqueador-katana\/shikai-ichigo-bleach\/\" \/>\n<meta property=\"og:locale\" content=\"es_ES\" \/>\n<meta property=\"og:type\" content=\"article\" \/>\n<meta property=\"og:title\" content=\"Shikai Ichigo Bleach - Sabre Ichigo - Boutique en ligne - RMC\" \/>\n<meta property=\"og:description\" content=\"Faite vous plaisir ! Achetez le Shikai Ichigo dans Bleach au meilleur prix. Lame acier - Fourreau - Longueur totale : 105 cm - Envoi 24\/48h\" \/>\n<meta property=\"og:url\" content=\"https:\/\/repliquemangacine.fr\/es\/blanqueador-katana\/shikai-ichigo-bleach\/\" \/>\n<meta property=\"og:site_name\" content=\"R\u00e9plique Manga Cin\u00e9\" \/>\n<meta property=\"article:publisher\" content=\"https:\/\/www.facebook.com\/RepliqueMangaCine\" \/>\n<meta property=\"article:modified_time\" content=\"2026-04-12T06:32:15+00:00\" \/>\n<meta property=\"og:image\" content=\"https:\/\/repliquemangacine.fr\/wp-content\/uploads\/2023\/10\/Shikai-Ichigo-Bleach-lameet-fourreau.png\" \/>\n\t<meta property=\"og:image:width\" content=\"500\" \/>\n\t<meta property=\"og:image:height\" content=\"500\" \/>\n\t<meta property=\"og:image:type\" content=\"image\/png\" \/>\n<meta name=\"twitter:card\" content=\"summary_large_image\" \/>\n<meta name=\"twitter:label1\" content=\"Tiempo de lectura\" \/>\n\t<meta name=\"twitter:data1\" content=\"2 minutos\" \/>\n<script type=\"application\/ld+json\" class=\"yoast-schema-graph\">{\"@context\":\"https:\\\/\\\/schema.org\",\"@graph\":[{\"@type\":\"WebPage\",\"@id\":\"https:\\\/\\\/repliquemangacine.fr\\\/katana-bleach\\\/shikai-ichigo-bleach\\\/\",\"url\":\"https:\\\/\\\/repliquemangacine.fr\\\/katana-bleach\\\/shikai-ichigo-bleach\\\/\",\"name\":\"Shikai Ichigo Bleach - Sabre Ichigo - Boutique en ligne - RMC\",\"isPartOf\":{\"@id\":\"https:\\\/\\\/repliquemangacine.fr\\\/#website\"},\"primaryImageOfPage\":{\"@id\":\"https:\\\/\\\/repliquemangacine.fr\\\/katana-bleach\\\/shikai-ichigo-bleach\\\/#primaryimage\"},\"image\":{\"@id\":\"https:\\\/\\\/repliquemangacine.fr\\\/katana-bleach\\\/shikai-ichigo-bleach\\\/#primaryimage\"},\"thumbnailUrl\":\"https:\\\/\\\/repliquemangacine.fr\\\/wp-content\\\/uploads\\\/2023\\\/10\\\/Shikai-Ichigo-Bleach-lameet-fourreau.png\",\"datePublished\":\"2022-09-16T15:32:40+00:00\",\"dateModified\":\"2026-04-12T06:32:15+00:00\",\"description\":\"Faite vous plaisir ! Achetez le Shikai Ichigo dans Bleach au meilleur prix. Lame acier - Fourreau - Longueur totale : 105 cm - Envoi 24\\\/48h\",\"breadcrumb\":{\"@id\":\"https:\\\/\\\/repliquemangacine.fr\\\/katana-bleach\\\/shikai-ichigo-bleach\\\/#breadcrumb\"},\"inLanguage\":\"es\",\"potentialAction\":[{\"@type\":\"ReadAction\",\"target\":[\"https:\\\/\\\/repliquemangacine.fr\\\/katana-bleach\\\/shikai-ichigo-bleach\\\/\"]}]},{\"@type\":\"ImageObject\",\"inLanguage\":\"es\",\"@id\":\"https:\\\/\\\/repliquemangacine.fr\\\/katana-bleach\\\/shikai-ichigo-bleach\\\/#primaryimage\",\"url\":\"https:\\\/\\\/repliquemangacine.fr\\\/wp-content\\\/uploads\\\/2023\\\/10\\\/Shikai-Ichigo-Bleach-lameet-fourreau.png\",\"contentUrl\":\"https:\\\/\\\/repliquemangacine.fr\\\/wp-content\\\/uploads\\\/2023\\\/10\\\/Shikai-Ichigo-Bleach-lameet-fourreau.png\",\"width\":500,\"height\":500,\"caption\":\"Shikai Ichigo Bleach\"},{\"@type\":\"BreadcrumbList\",\"@id\":\"https:\\\/\\\/repliquemangacine.fr\\\/katana-bleach\\\/shikai-ichigo-bleach\\\/#breadcrumb\",\"itemListElement\":[{\"@type\":\"ListItem\",\"position\":1,\"name\":\"Accueil\",\"item\":\"https:\\\/\\\/repliquemangacine.fr\\\/\"},{\"@type\":\"ListItem\",\"position\":2,\"name\":\"Produits\",\"item\":\"https:\\\/\\\/repliquemangacine.fr\\\/boutique\\\/\"},{\"@type\":\"ListItem\",\"position\":3,\"name\":\"Shikai Ichigo Bleach\"}]},{\"@type\":\"WebSite\",\"@id\":\"https:\\\/\\\/repliquemangacine.fr\\\/#website\",\"url\":\"https:\\\/\\\/repliquemangacine.fr\\\/\",\"name\":\"R\u00e9plique Manga Cin\u00e9\",\"description\":\"\",\"publisher\":{\"@id\":\"https:\\\/\\\/repliquemangacine.fr\\\/#organization\"},\"potentialAction\":[{\"@type\":\"SearchAction\",\"target\":{\"@type\":\"EntryPoint\",\"urlTemplate\":\"https:\\\/\\\/repliquemangacine.fr\\\/?s={search_term_string}\"},\"query-input\":{\"@type\":\"PropertyValueSpecification\",\"valueRequired\":true,\"valueName\":\"search_term_string\"}}],\"inLanguage\":\"es\"},{\"@type\":\"Organization\",\"@id\":\"https:\\\/\\\/repliquemangacine.fr\\\/#organization\",\"name\":\"R\u00e9plique Manga Cin\u00e9\",\"url\":\"https:\\\/\\\/repliquemangacine.fr\\\/\",\"logo\":{\"@type\":\"ImageObject\",\"inLanguage\":\"es\",\"@id\":\"https:\\\/\\\/repliquemangacine.fr\\\/#\\\/schema\\\/logo\\\/image\\\/\",\"url\":\"https:\\\/\\\/repliquemangacine.fr\\\/wp-content\\\/uploads\\\/2023\\\/10\\\/RMC-500250.png\",\"contentUrl\":\"https:\\\/\\\/repliquemangacine.fr\\\/wp-content\\\/uploads\\\/2023\\\/10\\\/RMC-500250.png\",\"width\":500,\"height\":250,\"caption\":\"R\u00e9plique Manga Cin\u00e9\"},\"image\":{\"@id\":\"https:\\\/\\\/repliquemangacine.fr\\\/#\\\/schema\\\/logo\\\/image\\\/\"},\"sameAs\":[\"https:\\\/\\\/www.facebook.com\\\/RepliqueMangaCine\",\"https:\\\/\\\/www.instagram.com\\\/repliquemangacine.fr\\\/\"]}]}<\/script>\n<!-- \/ Yoast SEO plugin. -->","yoast_head_json":{"title":"Shikai Ichigo Bleach - Espada de Ichigo - Tienda Online - RMC","description":"\u00a1Date un capricho! Compra la Shikai Ichigo de Bleach al mejor precio. Hoja de acero - Vaina - Longitud total: 105 cm - Env\u00edo 24\/48h","robots":{"index":"index","follow":"follow","max-snippet":"max-snippet:-1","max-image-preview":"max-image-preview:large","max-video-preview":"max-video-preview:-1"},"canonical":"https:\/\/repliquemangacine.fr\/es\/blanqueador-katana\/shikai-ichigo-bleach\/","og_locale":"es_ES","og_type":"article","og_title":"Shikai Ichigo Bleach - Sabre Ichigo - Boutique en ligne - RMC","og_description":"Faite vous plaisir ! Achetez le Shikai Ichigo dans Bleach au meilleur prix. Lame acier - Fourreau - Longueur totale : 105 cm - Envoi 24\/48h","og_url":"https:\/\/repliquemangacine.fr\/es\/blanqueador-katana\/shikai-ichigo-bleach\/","og_site_name":"R\u00e9plique Manga Cin\u00e9","article_publisher":"https:\/\/www.facebook.com\/RepliqueMangaCine","article_modified_time":"2026-04-12T06:32:15+00:00","og_image":[{"width":500,"height":500,"url":"https:\/\/repliquemangacine.fr\/wp-content\/uploads\/2023\/10\/Shikai-Ichigo-Bleach-lameet-fourreau.png","type":"image\/png"}],"twitter_card":"summary_large_image","twitter_misc":{"Tiempo de lectura":"2 minutos"},"schema":{"@context":"https:\/\/schema.org","@graph":[{"@type":"WebPage","@id":"https:\/\/repliquemangacine.fr\/katana-bleach\/shikai-ichigo-bleach\/","url":"https:\/\/repliquemangacine.fr\/katana-bleach\/shikai-ichigo-bleach\/","name":"Shikai Ichigo Bleach - Espada de Ichigo - Tienda Online - RMC","isPartOf":{"@id":"https:\/\/repliquemangacine.fr\/#website"},"primaryImageOfPage":{"@id":"https:\/\/repliquemangacine.fr\/katana-bleach\/shikai-ichigo-bleach\/#primaryimage"},"image":{"@id":"https:\/\/repliquemangacine.fr\/katana-bleach\/shikai-ichigo-bleach\/#primaryimage"},"thumbnailUrl":"https:\/\/repliquemangacine.fr\/wp-content\/uploads\/2023\/10\/Shikai-Ichigo-Bleach-lameet-fourreau.png","datePublished":"2022-09-16T15:32:40+00:00","dateModified":"2026-04-12T06:32:15+00:00","description":"\u00a1Date un capricho! Compra la Shikai Ichigo de Bleach al mejor precio. Hoja de acero - Vaina - Longitud total: 105 cm - Env\u00edo 24\/48h","breadcrumb":{"@id":"https:\/\/repliquemangacine.fr\/katana-bleach\/shikai-ichigo-bleach\/#breadcrumb"},"inLanguage":"es","potentialAction":[{"@type":"ReadAction","target":["https:\/\/repliquemangacine.fr\/katana-bleach\/shikai-ichigo-bleach\/"]}]},{"@type":"ImageObject","inLanguage":"es","@id":"https:\/\/repliquemangacine.fr\/katana-bleach\/shikai-ichigo-bleach\/#primaryimage","url":"https:\/\/repliquemangacine.fr\/wp-content\/uploads\/2023\/10\/Shikai-Ichigo-Bleach-lameet-fourreau.png","contentUrl":"https:\/\/repliquemangacine.fr\/wp-content\/uploads\/2023\/10\/Shikai-Ichigo-Bleach-lameet-fourreau.png","width":500,"height":500,"caption":"Shikai Ichigo Bleach"},{"@type":"BreadcrumbList","@id":"https:\/\/repliquemangacine.fr\/katana-bleach\/shikai-ichigo-bleach\/#breadcrumb","itemListElement":[{"@type":"ListItem","position":1,"name":"Accueil","item":"https:\/\/repliquemangacine.fr\/"},{"@type":"ListItem","position":2,"name":"Produits","item":"https:\/\/repliquemangacine.fr\/boutique\/"},{"@type":"ListItem","position":3,"name":"Shikai Ichigo Bleach"}]},{"@type":"WebSite","@id":"https:\/\/repliquemangacine.fr\/#website","url":"https:\/\/repliquemangacine.fr\/","name":"R\u00e9plique Manga Cin\u00e9","description":"","publisher":{"@id":"https:\/\/repliquemangacine.fr\/#organization"},"potentialAction":[{"@type":"SearchAction","target":{"@type":"EntryPoint","urlTemplate":"https:\/\/repliquemangacine.fr\/?s={search_term_string}"},"query-input":{"@type":"PropertyValueSpecification","valueRequired":true,"valueName":"search_term_string"}}],"inLanguage":"es"},{"@type":"Organization","@id":"https:\/\/repliquemangacine.fr\/#organization","name":"R\u00e9plique Manga Cin\u00e9","url":"https:\/\/repliquemangacine.fr\/","logo":{"@type":"ImageObject","inLanguage":"es","@id":"https:\/\/repliquemangacine.fr\/#\/schema\/logo\/image\/","url":"https:\/\/repliquemangacine.fr\/wp-content\/uploads\/2023\/10\/RMC-500250.png","contentUrl":"https:\/\/repliquemangacine.fr\/wp-content\/uploads\/2023\/10\/RMC-500250.png","width":500,"height":250,"caption":"R\u00e9plique Manga Cin\u00e9"},"image":{"@id":"https:\/\/repliquemangacine.fr\/#\/schema\/logo\/image\/"},"sameAs":["https:\/\/www.facebook.com\/RepliqueMangaCine","https:\/\/www.instagram.com\/repliquemangacine.fr\/"]}]}},"_links":{"self":[{"href":"https:\/\/repliquemangacine.fr\/es\/wp-json\/wp\/v2\/product\/53199","targetHints":{"allow":["GET"]}}],"collection":[{"href":"https:\/\/repliquemangacine.fr\/es\/wp-json\/wp\/v2\/product"}],"about":[{"href":"https:\/\/repliquemangacine.fr\/es\/wp-json\/wp\/v2\/types\/product"}],"wp:featuredmedia":[{"embeddable":true,"href":"https:\/\/repliquemangacine.fr\/es\/wp-json\/wp\/v2\/media\/53200"}],"wp:attachment":[{"href":"https:\/\/repliquemangacine.fr\/es\/wp-json\/wp\/v2\/media?parent=53199"}],"wp:term":[{"taxonomy":"product_brand","embeddable":true,"href":"https:\/\/repliquemangacine.fr\/es\/wp-json\/wp\/v2\/product_brand?post=53199"},{"taxonomy":"product_cat","embeddable":true,"href":"https:\/\/repliquemangacine.fr\/es\/wp-json\/wp\/v2\/product_cat?post=53199"},{"taxonomy":"product_tag","embeddable":true,"href":"https:\/\/repliquemangacine.fr\/es\/wp-json\/wp\/v2\/product_tag?post=53199"}],"curies":[{"name":"wp","href":"https:\/\/api.w.org\/{rel}","templated":true}]}}