





{"id":53179,"date":"2022-09-16T11:47:59","date_gmt":"2022-09-16T09:47:59","guid":{"rendered":"https:\/\/repliquemangacine.fr\/?post_type=product&#038;p=53179"},"modified":"2025-09-23T18:02:49","modified_gmt":"2025-09-23T16:02:49","slug":"hachas-assassins-creed-valhalla","status":"publish","type":"product","link":"https:\/\/repliquemangacine.fr\/es\/armes-assassins-creed\/haches-assassins-creed-valhalla\/","title":{"rendered":"Hachas Assassin's Creed Valhalla"},"content":{"rendered":"<h2>Hacha Valhalla de Assassin's Creed usada por Eivor.<\/h2>\n<p>Para empezar, el <strong>Hachas Assassin's Creed Valhalla<\/strong> no son oficiales, pero incre\u00edblemente realistas.<\/p>\n<p><a href=\"https:\/\/assassinscreed.fandom.com\/fr\/wiki\/Assassin's_Creed:_Valhalla\" target=\"_blank\" rel=\"noopener noreferrer\">Assassin's Creed: Valhalla<\/a> es un videojuego de acci\u00f3n y aventura desarrollado por Ubisoft Montreal y constituye la duod\u00e9cima entrega de la serie Assassin\u2019s Creed, tras Assassin\u2019s Creed: Odyssey.<\/p>\n<p>El juego se desarrolla en la era vikinga, en el siglo IX d. C. El jugador puede encarnar a Eivor, un personaje vikingo cuyo g\u00e9nero lo determina el Animus, que representar\u00e1 el flujo de memoria masculino o femenino.<\/p>\n<p>A pesar de las declaraciones de Ubisoft, la realidad es que Eivor es una mujer. Conocida como Amiga de los Lobos, es una skjaldm\u00f6, una guerrera vikinga nacida en Noruega que lider\u00f3 una incursi\u00f3n para conquistar las tierras de Inglaterra contra los cuatro reyes sajones, entre ellos Alfredo de Wessex.<\/p>\n<h2>Hachas Assassin's Creed Valhalla al mejor precio<\/h2>\n<p>Te ofrecemos una amplia selecci\u00f3n de r\u00e9plicas del famoso videojuego Assassin\u2019s Creed.<\/p>\n<p>En primer lugar,<\/p>\n<ul>\n<li>El famoso <a href=\"https:\/\/repliquemangacine.fr\/es\/assassins-creed\/epee-daltair-assassins-creed\/\">espada de Alta\u00efr<\/a> en la primera parte de la serie.<\/li>\n<li>Tambi\u00e9n existe la <a href=\"https:\/\/repliquemangacine.fr\/es\/assassins-creed\/assassin-s-creed-odyssey-replica-lanza-rota-de-leonidas\/\">La lanza rota de Le\u00f3nidas<\/a> en Assassin's Creed Odyssey.<\/li>\n<li>Pero tambi\u00e9n la <a href=\"https:\/\/repliquemangacine.fr\/es\/assassins-creed\/edward-keway-pistola-de-chispa-replica-manga-cine\/\">La pistola de Edward Kenway<\/a> en Assassin's Creed Black Flag.<\/li>\n<li>Y muchos m\u00e1s por descubrir en nuestra tienda en l\u00ednea.<\/li>\n<\/ul>\n<p>Por eso, aqu\u00ed tienes unos regalos estupendos para los fans de la hist\u00f3rica serie de videojuegos Assassin's Creed.<\/p>\n<p>En conclusi\u00f3n, puede utilizar ambos. <strong>Hachas Assassin's Creed Valhalla<\/strong> para tus desfiles de Cosplays, o para tus veladas tem\u00e1ticas. Pero sobre todo, estos dos ejes son objetos de colecci\u00f3n y decoraci\u00f3n.<\/p>\n<h2>\u00bfC\u00f3mo puedo mantener las cuchillas de mis ejes Eivor?<\/h2>\n<p>Las hachas de colecci\u00f3n y decoraci\u00f3n se fabrican y ensamblan de forma simplificada. Dado que su uso es decorativo, no cuentan con los elementos de seguridad necesarios para una espada japonesa destinada al entrenamiento.<\/p>\n<p>Sin embargo, su <strong>Hachas Assassin's Creed Valhalla<\/strong> tienen una hoja de acero que hay que cuidar para evitar que se da\u00f1e con el tiempo. De hecho, cuando expongas tu katana, tus amigos sentir\u00e1n curiosidad por ver la hoja y tocarla. Ah\u00ed es donde hay que tener cuidado, ya que hay que destacar que la acidez de los dedos es muy perjudicial para el acero, independientemente de su calidad.<\/p>\n<p>Sin embargo, si esto ocurre, no te asustes: basta con un pa\u00f1o humedecido con un poco de aceite y limpiar las huellas. Si haces esto, tu espada durar\u00e1 mucho tiempo.<\/p>\n<p><strong>\u00a0<\/strong><\/p>","protected":false},"excerpt":{"rendered":"<p>Juego de dos hachas usadas por Eivor en Assassin's Creed Valhalla.<\/p>\n<ul>\n<li>De tama\u00f1o real, fabricada \u00edntegramente en metal a partir de las hachas originales utilizadas en el videojuego.<\/li>\n<li>Las cabezas de las hachas son de acero macizo, pintadas de gris con decoraci\u00f3n celta.<\/li>\n<li>Pomos de acero macizo decorados<\/li>\n<li>Las asas de acero tambi\u00e9n est\u00e1n revestidas de piel de ante marr\u00f3n por un lado y de ABS decorado por el otro.<\/li>\n<li>Longitud de los dos ejes: 58cm aprox. Anchura de la cabeza: 23cm aprox.<\/li>\n<li>Peso de dos ejes: 3k800<\/li>\n<\/ul>","protected":false},"featured_media":53180,"template":"","meta":[],"product_brand":[896],"product_cat":[836,25,24,111,103,57],"product_tag":[],"class_list":{"0":"post-53179","1":"product","2":"type-product","3":"status-publish","4":"has-post-thumbnail","6":"product_brand-replique-manga-cine","7":"product_cat-armes-assassins-creed","8":"product_cat-armes-historiques","9":"product_cat-films-series-tv-vente-de-katana-epee-et-produits-derives","10":"product_cat-haches-serie-vikings","11":"product_cat-armes-et-accessoires-vikings","12":"product_cat-armes-vikings","14":"first","15":"outofstock","16":"taxable","17":"shipping-taxable","18":"purchasable","19":"product-type-simple"},"yoast_head":"<!-- This site is optimized with the Yoast SEO plugin v27.4 - https:\/\/yoast.com\/product\/yoast-seo-wordpress\/ -->\n<title>Haches Assassin&#039;s Creed Valhalla - R\u00e9plique Manga Cin\u00e9<\/title>\n<meta name=\"description\" content=\"Commandez vite ! Les deux Haches Assassin&#039;s Creed Valhalla utilis\u00e9 par Eivor au meilleur prix. Les t\u00eates sont en acier - Longueur totale : 58 cm\" \/>\n<meta name=\"robots\" content=\"index, follow, max-snippet:-1, max-image-preview:large, max-video-preview:-1\" \/>\n<link rel=\"canonical\" href=\"https:\/\/repliquemangacine.fr\/es\/armas-de-assassins-creed\/hachas-assassins-creed-valhalla\/\" \/>\n<meta property=\"og:locale\" content=\"es_ES\" \/>\n<meta property=\"og:type\" content=\"article\" \/>\n<meta property=\"og:title\" content=\"Haches Assassin&#039;s Creed Valhalla - R\u00e9plique Manga Cin\u00e9\" \/>\n<meta property=\"og:description\" content=\"Commandez vite ! Les deux Haches Assassin&#039;s Creed Valhalla utilis\u00e9 par Eivor au meilleur prix. Les t\u00eates sont en acier - Longueur totale : 58 cm\" \/>\n<meta property=\"og:url\" content=\"https:\/\/repliquemangacine.fr\/es\/armas-de-assassins-creed\/hachas-assassins-creed-valhalla\/\" \/>\n<meta property=\"og:site_name\" content=\"R\u00e9plique Manga Cin\u00e9\" \/>\n<meta property=\"article:publisher\" content=\"https:\/\/www.facebook.com\/RepliqueMangaCine\" \/>\n<meta property=\"article:modified_time\" content=\"2025-09-23T16:02:49+00:00\" \/>\n<meta property=\"og:image\" content=\"https:\/\/repliquemangacine.fr\/wp-content\/uploads\/2023\/10\/Haches-Assassincreed-Vahalla.png\" \/>\n\t<meta property=\"og:image:width\" content=\"500\" \/>\n\t<meta property=\"og:image:height\" content=\"500\" \/>\n\t<meta property=\"og:image:type\" content=\"image\/png\" \/>\n<meta name=\"twitter:card\" content=\"summary_large_image\" \/>\n<meta name=\"twitter:label1\" content=\"Tiempo de lectura\" \/>\n\t<meta name=\"twitter:data1\" content=\"2 minutos\" \/>\n<script type=\"application\/ld+json\" class=\"yoast-schema-graph\">{\"@context\":\"https:\\\/\\\/schema.org\",\"@graph\":[{\"@type\":\"WebPage\",\"@id\":\"https:\\\/\\\/repliquemangacine.fr\\\/armes-assassins-creed\\\/haches-assassins-creed-valhalla\\\/\",\"url\":\"https:\\\/\\\/repliquemangacine.fr\\\/armes-assassins-creed\\\/haches-assassins-creed-valhalla\\\/\",\"name\":\"Haches Assassin's Creed Valhalla - R\u00e9plique Manga Cin\u00e9\",\"isPartOf\":{\"@id\":\"https:\\\/\\\/repliquemangacine.fr\\\/#website\"},\"primaryImageOfPage\":{\"@id\":\"https:\\\/\\\/repliquemangacine.fr\\\/armes-assassins-creed\\\/haches-assassins-creed-valhalla\\\/#primaryimage\"},\"image\":{\"@id\":\"https:\\\/\\\/repliquemangacine.fr\\\/armes-assassins-creed\\\/haches-assassins-creed-valhalla\\\/#primaryimage\"},\"thumbnailUrl\":\"https:\\\/\\\/repliquemangacine.fr\\\/wp-content\\\/uploads\\\/2023\\\/10\\\/Haches-Assassincreed-Vahalla.png\",\"datePublished\":\"2022-09-16T09:47:59+00:00\",\"dateModified\":\"2025-09-23T16:02:49+00:00\",\"description\":\"Commandez vite ! Les deux Haches Assassin's Creed Valhalla utilis\u00e9 par Eivor au meilleur prix. Les t\u00eates sont en acier - Longueur totale : 58 cm\",\"breadcrumb\":{\"@id\":\"https:\\\/\\\/repliquemangacine.fr\\\/armes-assassins-creed\\\/haches-assassins-creed-valhalla\\\/#breadcrumb\"},\"inLanguage\":\"es\",\"potentialAction\":[{\"@type\":\"ReadAction\",\"target\":[\"https:\\\/\\\/repliquemangacine.fr\\\/armes-assassins-creed\\\/haches-assassins-creed-valhalla\\\/\"]}]},{\"@type\":\"ImageObject\",\"inLanguage\":\"es\",\"@id\":\"https:\\\/\\\/repliquemangacine.fr\\\/armes-assassins-creed\\\/haches-assassins-creed-valhalla\\\/#primaryimage\",\"url\":\"https:\\\/\\\/repliquemangacine.fr\\\/wp-content\\\/uploads\\\/2023\\\/10\\\/Haches-Assassincreed-Vahalla.png\",\"contentUrl\":\"https:\\\/\\\/repliquemangacine.fr\\\/wp-content\\\/uploads\\\/2023\\\/10\\\/Haches-Assassincreed-Vahalla.png\",\"width\":500,\"height\":500,\"caption\":\"Haches Assassin\u2019s Creed Valhalla viking\"},{\"@type\":\"BreadcrumbList\",\"@id\":\"https:\\\/\\\/repliquemangacine.fr\\\/armes-assassins-creed\\\/haches-assassins-creed-valhalla\\\/#breadcrumb\",\"itemListElement\":[{\"@type\":\"ListItem\",\"position\":1,\"name\":\"Accueil\",\"item\":\"https:\\\/\\\/repliquemangacine.fr\\\/\"},{\"@type\":\"ListItem\",\"position\":2,\"name\":\"Produits\",\"item\":\"https:\\\/\\\/repliquemangacine.fr\\\/boutique\\\/\"},{\"@type\":\"ListItem\",\"position\":3,\"name\":\"Haches Assassin&#8217;s Creed Valhalla\"}]},{\"@type\":\"WebSite\",\"@id\":\"https:\\\/\\\/repliquemangacine.fr\\\/#website\",\"url\":\"https:\\\/\\\/repliquemangacine.fr\\\/\",\"name\":\"R\u00e9plique Manga Cin\u00e9\",\"description\":\"\",\"publisher\":{\"@id\":\"https:\\\/\\\/repliquemangacine.fr\\\/#organization\"},\"potentialAction\":[{\"@type\":\"SearchAction\",\"target\":{\"@type\":\"EntryPoint\",\"urlTemplate\":\"https:\\\/\\\/repliquemangacine.fr\\\/?s={search_term_string}\"},\"query-input\":{\"@type\":\"PropertyValueSpecification\",\"valueRequired\":true,\"valueName\":\"search_term_string\"}}],\"inLanguage\":\"es\"},{\"@type\":\"Organization\",\"@id\":\"https:\\\/\\\/repliquemangacine.fr\\\/#organization\",\"name\":\"R\u00e9plique Manga Cin\u00e9\",\"url\":\"https:\\\/\\\/repliquemangacine.fr\\\/\",\"logo\":{\"@type\":\"ImageObject\",\"inLanguage\":\"es\",\"@id\":\"https:\\\/\\\/repliquemangacine.fr\\\/#\\\/schema\\\/logo\\\/image\\\/\",\"url\":\"https:\\\/\\\/repliquemangacine.fr\\\/wp-content\\\/uploads\\\/2023\\\/10\\\/RMC-500250.png\",\"contentUrl\":\"https:\\\/\\\/repliquemangacine.fr\\\/wp-content\\\/uploads\\\/2023\\\/10\\\/RMC-500250.png\",\"width\":500,\"height\":250,\"caption\":\"R\u00e9plique Manga Cin\u00e9\"},\"image\":{\"@id\":\"https:\\\/\\\/repliquemangacine.fr\\\/#\\\/schema\\\/logo\\\/image\\\/\"},\"sameAs\":[\"https:\\\/\\\/www.facebook.com\\\/RepliqueMangaCine\",\"https:\\\/\\\/www.instagram.com\\\/repliquemangacine.fr\\\/\"]}]}<\/script>\n<!-- \/ Yoast SEO plugin. -->","yoast_head_json":{"title":"Assassin's Creed Valhalla Hachas - R\u00e9plique Manga Cin\u00e9","description":"\u00a1P\u00eddela ya! Las dos hachas Valhalla de Assassin's Creed utilizadas por Eivor al mejor precio. Las cabezas son de acero - Longitud total: 58 cm.","robots":{"index":"index","follow":"follow","max-snippet":"max-snippet:-1","max-image-preview":"max-image-preview:large","max-video-preview":"max-video-preview:-1"},"canonical":"https:\/\/repliquemangacine.fr\/es\/armas-de-assassins-creed\/hachas-assassins-creed-valhalla\/","og_locale":"es_ES","og_type":"article","og_title":"Haches Assassin's Creed Valhalla - R\u00e9plique Manga Cin\u00e9","og_description":"Commandez vite ! Les deux Haches Assassin's Creed Valhalla utilis\u00e9 par Eivor au meilleur prix. Les t\u00eates sont en acier - Longueur totale : 58 cm","og_url":"https:\/\/repliquemangacine.fr\/es\/armas-de-assassins-creed\/hachas-assassins-creed-valhalla\/","og_site_name":"R\u00e9plique Manga Cin\u00e9","article_publisher":"https:\/\/www.facebook.com\/RepliqueMangaCine","article_modified_time":"2025-09-23T16:02:49+00:00","og_image":[{"width":500,"height":500,"url":"https:\/\/repliquemangacine.fr\/wp-content\/uploads\/2023\/10\/Haches-Assassincreed-Vahalla.png","type":"image\/png"}],"twitter_card":"summary_large_image","twitter_misc":{"Tiempo de lectura":"2 minutos"},"schema":{"@context":"https:\/\/schema.org","@graph":[{"@type":"WebPage","@id":"https:\/\/repliquemangacine.fr\/armes-assassins-creed\/haches-assassins-creed-valhalla\/","url":"https:\/\/repliquemangacine.fr\/armes-assassins-creed\/haches-assassins-creed-valhalla\/","name":"Assassin's Creed Valhalla Hachas - R\u00e9plique Manga Cin\u00e9","isPartOf":{"@id":"https:\/\/repliquemangacine.fr\/#website"},"primaryImageOfPage":{"@id":"https:\/\/repliquemangacine.fr\/armes-assassins-creed\/haches-assassins-creed-valhalla\/#primaryimage"},"image":{"@id":"https:\/\/repliquemangacine.fr\/armes-assassins-creed\/haches-assassins-creed-valhalla\/#primaryimage"},"thumbnailUrl":"https:\/\/repliquemangacine.fr\/wp-content\/uploads\/2023\/10\/Haches-Assassincreed-Vahalla.png","datePublished":"2022-09-16T09:47:59+00:00","dateModified":"2025-09-23T16:02:49+00:00","description":"\u00a1P\u00eddela ya! Las dos hachas Valhalla de Assassin's Creed utilizadas por Eivor al mejor precio. Las cabezas son de acero - Longitud total: 58 cm.","breadcrumb":{"@id":"https:\/\/repliquemangacine.fr\/armes-assassins-creed\/haches-assassins-creed-valhalla\/#breadcrumb"},"inLanguage":"es","potentialAction":[{"@type":"ReadAction","target":["https:\/\/repliquemangacine.fr\/armes-assassins-creed\/haches-assassins-creed-valhalla\/"]}]},{"@type":"ImageObject","inLanguage":"es","@id":"https:\/\/repliquemangacine.fr\/armes-assassins-creed\/haches-assassins-creed-valhalla\/#primaryimage","url":"https:\/\/repliquemangacine.fr\/wp-content\/uploads\/2023\/10\/Haches-Assassincreed-Vahalla.png","contentUrl":"https:\/\/repliquemangacine.fr\/wp-content\/uploads\/2023\/10\/Haches-Assassincreed-Vahalla.png","width":500,"height":500,"caption":"Haches Assassin\u2019s Creed Valhalla viking"},{"@type":"BreadcrumbList","@id":"https:\/\/repliquemangacine.fr\/armes-assassins-creed\/haches-assassins-creed-valhalla\/#breadcrumb","itemListElement":[{"@type":"ListItem","position":1,"name":"Accueil","item":"https:\/\/repliquemangacine.fr\/"},{"@type":"ListItem","position":2,"name":"Produits","item":"https:\/\/repliquemangacine.fr\/boutique\/"},{"@type":"ListItem","position":3,"name":"Haches Assassin&#8217;s Creed Valhalla"}]},{"@type":"WebSite","@id":"https:\/\/repliquemangacine.fr\/#website","url":"https:\/\/repliquemangacine.fr\/","name":"R\u00e9plique Manga Cin\u00e9","description":"","publisher":{"@id":"https:\/\/repliquemangacine.fr\/#organization"},"potentialAction":[{"@type":"SearchAction","target":{"@type":"EntryPoint","urlTemplate":"https:\/\/repliquemangacine.fr\/?s={search_term_string}"},"query-input":{"@type":"PropertyValueSpecification","valueRequired":true,"valueName":"search_term_string"}}],"inLanguage":"es"},{"@type":"Organization","@id":"https:\/\/repliquemangacine.fr\/#organization","name":"R\u00e9plique Manga Cin\u00e9","url":"https:\/\/repliquemangacine.fr\/","logo":{"@type":"ImageObject","inLanguage":"es","@id":"https:\/\/repliquemangacine.fr\/#\/schema\/logo\/image\/","url":"https:\/\/repliquemangacine.fr\/wp-content\/uploads\/2023\/10\/RMC-500250.png","contentUrl":"https:\/\/repliquemangacine.fr\/wp-content\/uploads\/2023\/10\/RMC-500250.png","width":500,"height":250,"caption":"R\u00e9plique Manga Cin\u00e9"},"image":{"@id":"https:\/\/repliquemangacine.fr\/#\/schema\/logo\/image\/"},"sameAs":["https:\/\/www.facebook.com\/RepliqueMangaCine","https:\/\/www.instagram.com\/repliquemangacine.fr\/"]}]}},"_links":{"self":[{"href":"https:\/\/repliquemangacine.fr\/es\/wp-json\/wp\/v2\/product\/53179","targetHints":{"allow":["GET"]}}],"collection":[{"href":"https:\/\/repliquemangacine.fr\/es\/wp-json\/wp\/v2\/product"}],"about":[{"href":"https:\/\/repliquemangacine.fr\/es\/wp-json\/wp\/v2\/types\/product"}],"wp:featuredmedia":[{"embeddable":true,"href":"https:\/\/repliquemangacine.fr\/es\/wp-json\/wp\/v2\/media\/53180"}],"wp:attachment":[{"href":"https:\/\/repliquemangacine.fr\/es\/wp-json\/wp\/v2\/media?parent=53179"}],"wp:term":[{"taxonomy":"product_brand","embeddable":true,"href":"https:\/\/repliquemangacine.fr\/es\/wp-json\/wp\/v2\/product_brand?post=53179"},{"taxonomy":"product_cat","embeddable":true,"href":"https:\/\/repliquemangacine.fr\/es\/wp-json\/wp\/v2\/product_cat?post=53179"},{"taxonomy":"product_tag","embeddable":true,"href":"https:\/\/repliquemangacine.fr\/es\/wp-json\/wp\/v2\/product_tag?post=53179"}],"curies":[{"name":"wp","href":"https:\/\/api.w.org\/{rel}","templated":true}]}}