





{"id":53139,"date":"2022-09-14T11:23:49","date_gmt":"2022-09-14T09:23:49","guid":{"rendered":"https:\/\/repliquemangacine.fr\/?post_type=product&#038;p=53139"},"modified":"2025-09-23T18:02:49","modified_gmt":"2025-09-23T16:02:49","slug":"katana-sakanade-dhirako-shinji","status":"publish","type":"product","link":"https:\/\/repliquemangacine.fr\/es\/katana-bleach\/katana-sakanade-dhirako-shinji\/","title":{"rendered":"Katana Sakanade Hirako Shinji"},"content":{"rendered":"<h2>R\u00e9plica de la Katana Sakanade de Hirako Shinji de Bleach.<\/h2>\n<p>Para empezar, el <strong>Katana Sakanade de Hirako Shinji<\/strong> en Bleach no es n\u00edtida.<\/p>\n<p><a href=\"https:\/\/bleach.fandom.com\/fr\/wiki\/Shinji_Hirako\" target=\"_blank\" rel=\"noopener noreferrer\">Shinji<\/a> Es un poco c\u00f3mico, lo que aporta ligereza a situaciones graves. Est\u00e1 obsesionado con las chicas guapas, a pesar de su actitud despreocupada. Tiene el pelo largo, que le llega hasta la mand\u00edbula, y muchas de sus expresiones revelan sus dientes superiores, un rasgo que comparte con Nnoitra Jiruga.<\/p>\n<p>Su zanpakuto se llama Sakanade, y la frase de liberaci\u00f3n es: \u00abDerroca\u00bb. Este Bankai invierte todo: los sentidos, el conocimiento, la conciencia de los aliados y los enemigos. Los aliados pueden convertirse en enemigos y los enemigos en aliados. Considerado demasiado da\u00f1ino (especialmente si hay aliados presentes), a Shinji se le ha prohibido el uso de su Bankai, salvo en casos de extrema necesidad.<\/p>\n<h2>Tu Katana Sakanade de Hirako Shinji al mejor precio.<\/h2>\n<p>Te ofrecemos una amplia selecci\u00f3n de katanas del manga animado Bleach al mejor precio.<\/p>\n<p>Lo primero y m\u00e1s importante,<\/p>\n<ul>\n<li>El primero y m\u00e1s importante <a href=\"https:\/\/repliquemangacine.fr\/es\/lejia\/bankai-tensa-zangetsu\/\">bankai d'ichigo<\/a> Tensa Zangetsu en varias versiones.<\/li>\n<li>Tambi\u00e9n est\u00e1 la katana de Kisuk\u00e9 el <a href=\"https:\/\/repliquemangacine.fr\/es\/lejia\/shikai-benihime-katana-urahara-kisuke\/\">Shikai Benihime<\/a> y su bast\u00f3n.<\/li>\n<li>As\u00ed como el <a href=\"https:\/\/repliquemangacine.fr\/es\/blanqueador-katana\/zanpakuto-shirayuki-shikai-rukia-kuchiki\/\">La katana de Rukia<\/a> la Zanpakut\u00f4 m\u00e1s bella de la Sociedad de Almas.<\/li>\n<li>Y muchos m\u00e1s por descubrir en nuestra tienda en l\u00ednea.<\/li>\n<\/ul>\n<p>Por eso, esta es una idea genial para regalar a todos los fans de Bleach.<\/p>\n<p>En conclusi\u00f3n, puede utilizar el<strong> Katana Sakanade de Hirako Shinji<\/strong> para tus desfiles de cosplay o veladas tem\u00e1ticas. Pero, sobre todo, esta espada es una pieza de coleccionista y un objeto decorativo.<\/p>\n<h2>\u00bfC\u00f3mo se mantiene la hoja de la katana Bleach?<\/h2>\n<p>Las katanas de colecci\u00f3n y decorativas se fabrican y ensamblan de forma simplificada. Como su uso es decorativo, no cuentan con los elementos de seguridad exigidos a una espada japonesa destinada al entrenamiento.<\/p>\n<p>Sin embargo, su <strong>Katana Sakanade de Hirako Shinji<\/strong> a una hoja de acero que hay que cuidar para evitar que se estropee con el tiempo. Cuando exponga su katana, sus amigos sentir\u00e1n curiosidad por ver la hoja y tocarla. Aqu\u00ed es donde hay que tener cuidado, ya que la acidez de los dedos es muy perjudicial para el acero, sea cual sea su calidad.<\/p>\n<p>Sin embargo, si esto ocurre, no te asustes, todo lo que necesitas es un pa\u00f1o humedecido con un poco de aceite y limpiar las huellas dactilares. Si haces esto, tu espada durar\u00e1 mucho tiempo.<\/p>","protected":false},"excerpt":{"rendered":"<p>R\u00e9plica de la Katana Sakanade de Hirako Shinji de Bleach.<\/p>\n<ul>\n<li>Hoja de acero al carbono no cortante.<\/li>\n<li>Mango recubierto de trenza de algod\u00f3n p\u00farpura.<\/li>\n<li>Vaina de madera negra.<\/li>\n<li>Guarda de acero decorada.<\/li>\n<li>Longitud de la hoja: 68 cm - Longitud total: 104 cm<\/li>\n<\/ul>","protected":false},"featured_media":53140,"template":"","meta":[],"product_brand":[896],"product_cat":[30,23],"product_tag":[],"class_list":{"0":"post-53139","1":"product","2":"type-product","3":"status-publish","4":"has-post-thumbnail","6":"product_brand-replique-manga-cine","7":"product_cat-katana-bleach","8":"product_cat-repliques-manga-jeux-video","10":"first","11":"instock","12":"taxable","13":"shipping-taxable","14":"purchasable","15":"product-type-simple"},"yoast_head":"<!-- This site is optimized with the Yoast SEO plugin v27.4 - https:\/\/yoast.com\/product\/yoast-seo-wordpress\/ -->\n<title>Katana Sakanade Hirako Shinji - Bleach - Boutique en ligne | RMC<\/title>\n<meta name=\"description\" content=\"Offrez-lui vite ! Ce superbe Katana Sakanade d&#039;Hirako Shinji dans Bleach. Lame en acier carbone non coupante. - Longueur totale\u00a0: 104 cm - Envoi 24\/48h\" \/>\n<meta name=\"robots\" content=\"index, follow, max-snippet:-1, max-image-preview:large, max-video-preview:-1\" \/>\n<link rel=\"canonical\" href=\"https:\/\/repliquemangacine.fr\/es\/blanqueador-katana\/katana-sakanade-dhirako-shinji\/\" \/>\n<meta property=\"og:locale\" content=\"es_ES\" \/>\n<meta property=\"og:type\" content=\"article\" \/>\n<meta property=\"og:title\" content=\"Katana Sakanade Hirako Shinji - Bleach - Boutique en ligne | RMC\" \/>\n<meta property=\"og:description\" content=\"Offrez-lui vite ! Ce superbe Katana Sakanade d&#039;Hirako Shinji dans Bleach. Lame en acier carbone non coupante. - Longueur totale\u00a0: 104 cm - Envoi 24\/48h\" \/>\n<meta property=\"og:url\" content=\"https:\/\/repliquemangacine.fr\/es\/blanqueador-katana\/katana-sakanade-dhirako-shinji\/\" \/>\n<meta property=\"og:site_name\" content=\"R\u00e9plique Manga Cin\u00e9\" \/>\n<meta property=\"article:publisher\" content=\"https:\/\/www.facebook.com\/RepliqueMangaCine\" \/>\n<meta property=\"article:modified_time\" content=\"2025-09-23T16:02:49+00:00\" \/>\n<meta property=\"og:image\" content=\"https:\/\/repliquemangacine.fr\/wp-content\/uploads\/2023\/10\/Katana-Sakanade-Shinji-Hirako-bleach.png\" \/>\n\t<meta property=\"og:image:width\" content=\"500\" \/>\n\t<meta property=\"og:image:height\" content=\"500\" \/>\n\t<meta property=\"og:image:type\" content=\"image\/png\" \/>\n<meta name=\"twitter:card\" content=\"summary_large_image\" \/>\n<meta name=\"twitter:label1\" content=\"Tiempo de lectura\" \/>\n\t<meta name=\"twitter:data1\" content=\"2 minutos\" \/>\n<script type=\"application\/ld+json\" class=\"yoast-schema-graph\">{\"@context\":\"https:\\\/\\\/schema.org\",\"@graph\":[{\"@type\":\"WebPage\",\"@id\":\"https:\\\/\\\/repliquemangacine.fr\\\/en\\\/katana-bleach\\\/katana-sakanade-dhirako-shinji\\\/\",\"url\":\"https:\\\/\\\/repliquemangacine.fr\\\/en\\\/katana-bleach\\\/katana-sakanade-dhirako-shinji\\\/\",\"name\":\"Katana Sakanade Hirako Shinji - Bleach - Boutique en ligne | RMC\",\"isPartOf\":{\"@id\":\"https:\\\/\\\/repliquemangacine.fr\\\/#website\"},\"primaryImageOfPage\":{\"@id\":\"https:\\\/\\\/repliquemangacine.fr\\\/en\\\/katana-bleach\\\/katana-sakanade-dhirako-shinji\\\/#primaryimage\"},\"image\":{\"@id\":\"https:\\\/\\\/repliquemangacine.fr\\\/en\\\/katana-bleach\\\/katana-sakanade-dhirako-shinji\\\/#primaryimage\"},\"thumbnailUrl\":\"https:\\\/\\\/repliquemangacine.fr\\\/wp-content\\\/uploads\\\/2023\\\/10\\\/Katana-Sakanade-Shinji-Hirako-bleach.png\",\"datePublished\":\"2022-09-14T09:23:49+00:00\",\"dateModified\":\"2025-09-23T16:02:49+00:00\",\"description\":\"Offrez-lui vite ! Ce superbe Katana Sakanade d'Hirako Shinji dans Bleach. Lame en acier carbone non coupante. - Longueur totale\u00a0: 104 cm - Envoi 24\\\/48h\",\"breadcrumb\":{\"@id\":\"https:\\\/\\\/repliquemangacine.fr\\\/en\\\/katana-bleach\\\/katana-sakanade-dhirako-shinji\\\/#breadcrumb\"},\"inLanguage\":\"es\",\"potentialAction\":[{\"@type\":\"ReadAction\",\"target\":[\"https:\\\/\\\/repliquemangacine.fr\\\/en\\\/katana-bleach\\\/katana-sakanade-dhirako-shinji\\\/\"]}]},{\"@type\":\"ImageObject\",\"inLanguage\":\"es\",\"@id\":\"https:\\\/\\\/repliquemangacine.fr\\\/en\\\/katana-bleach\\\/katana-sakanade-dhirako-shinji\\\/#primaryimage\",\"url\":\"https:\\\/\\\/repliquemangacine.fr\\\/wp-content\\\/uploads\\\/2023\\\/10\\\/Katana-Sakanade-Shinji-Hirako-bleach.png\",\"contentUrl\":\"https:\\\/\\\/repliquemangacine.fr\\\/wp-content\\\/uploads\\\/2023\\\/10\\\/Katana-Sakanade-Shinji-Hirako-bleach.png\",\"width\":500,\"height\":500,\"caption\":\"Katana-Sakanade d'Hirako Shinji Bleach\"},{\"@type\":\"BreadcrumbList\",\"@id\":\"https:\\\/\\\/repliquemangacine.fr\\\/en\\\/katana-bleach\\\/katana-sakanade-dhirako-shinji\\\/#breadcrumb\",\"itemListElement\":[{\"@type\":\"ListItem\",\"position\":1,\"name\":\"Accueil\",\"item\":\"https:\\\/\\\/repliquemangacine.fr\\\/\"},{\"@type\":\"ListItem\",\"position\":2,\"name\":\"Produits\",\"item\":\"https:\\\/\\\/repliquemangacine.fr\\\/boutique\\\/\"},{\"@type\":\"ListItem\",\"position\":3,\"name\":\"Katana Sakanade Hirako Shinji\"}]},{\"@type\":\"WebSite\",\"@id\":\"https:\\\/\\\/repliquemangacine.fr\\\/#website\",\"url\":\"https:\\\/\\\/repliquemangacine.fr\\\/\",\"name\":\"R\u00e9plique Manga Cin\u00e9\",\"description\":\"\",\"publisher\":{\"@id\":\"https:\\\/\\\/repliquemangacine.fr\\\/#organization\"},\"potentialAction\":[{\"@type\":\"SearchAction\",\"target\":{\"@type\":\"EntryPoint\",\"urlTemplate\":\"https:\\\/\\\/repliquemangacine.fr\\\/?s={search_term_string}\"},\"query-input\":{\"@type\":\"PropertyValueSpecification\",\"valueRequired\":true,\"valueName\":\"search_term_string\"}}],\"inLanguage\":\"es\"},{\"@type\":\"Organization\",\"@id\":\"https:\\\/\\\/repliquemangacine.fr\\\/#organization\",\"name\":\"R\u00e9plique Manga Cin\u00e9\",\"url\":\"https:\\\/\\\/repliquemangacine.fr\\\/\",\"logo\":{\"@type\":\"ImageObject\",\"inLanguage\":\"es\",\"@id\":\"https:\\\/\\\/repliquemangacine.fr\\\/#\\\/schema\\\/logo\\\/image\\\/\",\"url\":\"https:\\\/\\\/repliquemangacine.fr\\\/wp-content\\\/uploads\\\/2023\\\/10\\\/RMC-500250.png\",\"contentUrl\":\"https:\\\/\\\/repliquemangacine.fr\\\/wp-content\\\/uploads\\\/2023\\\/10\\\/RMC-500250.png\",\"width\":500,\"height\":250,\"caption\":\"R\u00e9plique Manga Cin\u00e9\"},\"image\":{\"@id\":\"https:\\\/\\\/repliquemangacine.fr\\\/#\\\/schema\\\/logo\\\/image\\\/\"},\"sameAs\":[\"https:\\\/\\\/www.facebook.com\\\/RepliqueMangaCine\",\"https:\\\/\\\/www.instagram.com\\\/repliquemangacine.fr\\\/\"]}]}<\/script>\n<!-- \/ Yoast SEO plugin. -->","yoast_head_json":{"title":"Katana Sakanade Hirako Shinji - Bleach - Boutique en ligne | RMC","description":"\u00a1D\u00e1sela ahora! Esta magn\u00edfica Katana Sakanade de Hirako Shinji en Bleach. Hoja de acero al carbono no cortante. - Longitud total: 104 cm - Env\u00edo 24\/48h","robots":{"index":"index","follow":"follow","max-snippet":"max-snippet:-1","max-image-preview":"max-image-preview:large","max-video-preview":"max-video-preview:-1"},"canonical":"https:\/\/repliquemangacine.fr\/es\/blanqueador-katana\/katana-sakanade-dhirako-shinji\/","og_locale":"es_ES","og_type":"article","og_title":"Katana Sakanade Hirako Shinji - Bleach - Boutique en ligne | RMC","og_description":"Offrez-lui vite ! Ce superbe Katana Sakanade d'Hirako Shinji dans Bleach. Lame en acier carbone non coupante. - Longueur totale\u00a0: 104 cm - Envoi 24\/48h","og_url":"https:\/\/repliquemangacine.fr\/es\/blanqueador-katana\/katana-sakanade-dhirako-shinji\/","og_site_name":"R\u00e9plique Manga Cin\u00e9","article_publisher":"https:\/\/www.facebook.com\/RepliqueMangaCine","article_modified_time":"2025-09-23T16:02:49+00:00","og_image":[{"width":500,"height":500,"url":"https:\/\/repliquemangacine.fr\/wp-content\/uploads\/2023\/10\/Katana-Sakanade-Shinji-Hirako-bleach.png","type":"image\/png"}],"twitter_card":"summary_large_image","twitter_misc":{"Tiempo de lectura":"2 minutos"},"schema":{"@context":"https:\/\/schema.org","@graph":[{"@type":"WebPage","@id":"https:\/\/repliquemangacine.fr\/en\/katana-bleach\/katana-sakanade-dhirako-shinji\/","url":"https:\/\/repliquemangacine.fr\/en\/katana-bleach\/katana-sakanade-dhirako-shinji\/","name":"Katana Sakanade Hirako Shinji - Bleach - Boutique en ligne | RMC","isPartOf":{"@id":"https:\/\/repliquemangacine.fr\/#website"},"primaryImageOfPage":{"@id":"https:\/\/repliquemangacine.fr\/en\/katana-bleach\/katana-sakanade-dhirako-shinji\/#primaryimage"},"image":{"@id":"https:\/\/repliquemangacine.fr\/en\/katana-bleach\/katana-sakanade-dhirako-shinji\/#primaryimage"},"thumbnailUrl":"https:\/\/repliquemangacine.fr\/wp-content\/uploads\/2023\/10\/Katana-Sakanade-Shinji-Hirako-bleach.png","datePublished":"2022-09-14T09:23:49+00:00","dateModified":"2025-09-23T16:02:49+00:00","description":"\u00a1D\u00e1sela ahora! Esta magn\u00edfica Katana Sakanade de Hirako Shinji en Bleach. Hoja de acero al carbono no cortante. - Longitud total: 104 cm - Env\u00edo 24\/48h","breadcrumb":{"@id":"https:\/\/repliquemangacine.fr\/en\/katana-bleach\/katana-sakanade-dhirako-shinji\/#breadcrumb"},"inLanguage":"es","potentialAction":[{"@type":"ReadAction","target":["https:\/\/repliquemangacine.fr\/en\/katana-bleach\/katana-sakanade-dhirako-shinji\/"]}]},{"@type":"ImageObject","inLanguage":"es","@id":"https:\/\/repliquemangacine.fr\/en\/katana-bleach\/katana-sakanade-dhirako-shinji\/#primaryimage","url":"https:\/\/repliquemangacine.fr\/wp-content\/uploads\/2023\/10\/Katana-Sakanade-Shinji-Hirako-bleach.png","contentUrl":"https:\/\/repliquemangacine.fr\/wp-content\/uploads\/2023\/10\/Katana-Sakanade-Shinji-Hirako-bleach.png","width":500,"height":500,"caption":"Katana-Sakanade d'Hirako Shinji Bleach"},{"@type":"BreadcrumbList","@id":"https:\/\/repliquemangacine.fr\/en\/katana-bleach\/katana-sakanade-dhirako-shinji\/#breadcrumb","itemListElement":[{"@type":"ListItem","position":1,"name":"Accueil","item":"https:\/\/repliquemangacine.fr\/"},{"@type":"ListItem","position":2,"name":"Produits","item":"https:\/\/repliquemangacine.fr\/boutique\/"},{"@type":"ListItem","position":3,"name":"Katana Sakanade Hirako Shinji"}]},{"@type":"WebSite","@id":"https:\/\/repliquemangacine.fr\/#website","url":"https:\/\/repliquemangacine.fr\/","name":"R\u00e9plique Manga Cin\u00e9","description":"","publisher":{"@id":"https:\/\/repliquemangacine.fr\/#organization"},"potentialAction":[{"@type":"SearchAction","target":{"@type":"EntryPoint","urlTemplate":"https:\/\/repliquemangacine.fr\/?s={search_term_string}"},"query-input":{"@type":"PropertyValueSpecification","valueRequired":true,"valueName":"search_term_string"}}],"inLanguage":"es"},{"@type":"Organization","@id":"https:\/\/repliquemangacine.fr\/#organization","name":"R\u00e9plique Manga Cin\u00e9","url":"https:\/\/repliquemangacine.fr\/","logo":{"@type":"ImageObject","inLanguage":"es","@id":"https:\/\/repliquemangacine.fr\/#\/schema\/logo\/image\/","url":"https:\/\/repliquemangacine.fr\/wp-content\/uploads\/2023\/10\/RMC-500250.png","contentUrl":"https:\/\/repliquemangacine.fr\/wp-content\/uploads\/2023\/10\/RMC-500250.png","width":500,"height":250,"caption":"R\u00e9plique Manga Cin\u00e9"},"image":{"@id":"https:\/\/repliquemangacine.fr\/#\/schema\/logo\/image\/"},"sameAs":["https:\/\/www.facebook.com\/RepliqueMangaCine","https:\/\/www.instagram.com\/repliquemangacine.fr\/"]}]}},"_links":{"self":[{"href":"https:\/\/repliquemangacine.fr\/es\/wp-json\/wp\/v2\/product\/53139","targetHints":{"allow":["GET"]}}],"collection":[{"href":"https:\/\/repliquemangacine.fr\/es\/wp-json\/wp\/v2\/product"}],"about":[{"href":"https:\/\/repliquemangacine.fr\/es\/wp-json\/wp\/v2\/types\/product"}],"wp:featuredmedia":[{"embeddable":true,"href":"https:\/\/repliquemangacine.fr\/es\/wp-json\/wp\/v2\/media\/53140"}],"wp:attachment":[{"href":"https:\/\/repliquemangacine.fr\/es\/wp-json\/wp\/v2\/media?parent=53139"}],"wp:term":[{"taxonomy":"product_brand","embeddable":true,"href":"https:\/\/repliquemangacine.fr\/es\/wp-json\/wp\/v2\/product_brand?post=53139"},{"taxonomy":"product_cat","embeddable":true,"href":"https:\/\/repliquemangacine.fr\/es\/wp-json\/wp\/v2\/product_cat?post=53139"},{"taxonomy":"product_tag","embeddable":true,"href":"https:\/\/repliquemangacine.fr\/es\/wp-json\/wp\/v2\/product_tag?post=53139"}],"curies":[{"name":"wp","href":"https:\/\/api.w.org\/{rel}","templated":true}]}}