





{"id":53005,"date":"2022-09-09T15:00:52","date_gmt":"2022-09-09T13:00:52","guid":{"rendered":"https:\/\/repliquemangacine.fr\/?post_type=product&#038;p=53005"},"modified":"2026-03-11T18:14:40","modified_gmt":"2026-03-11T17:14:40","slug":"viserion-huevo-de-dragon-juego-de-tronos","status":"publish","type":"product","link":"https:\/\/repliquemangacine.fr\/es\/collectors-et-goodies-game-of-thrones\/oeuf-du-dragon-viserion-game-of-thrones\/","title":{"rendered":"Huevo de Viserion - Juego de Tronos"},"content":{"rendered":"<h2>Huevo del Drag\u00f3n Viserion en Juego de Tronos.<\/h2>\n<p>Para empezar, el huevo de drag\u00f3n de Viserion es uno de los tres dragones que han nacido en las vastas llanuras de Dothrak, entre los brazos de Daenerys Targaryen. El huevo se distingue por sus escamas rojas. R\u00e9plica exacta distribuida por <a href=\"https:\/\/noblecollection.fr\/game-thrones-oeuf-viserion-p-4794.html\" target=\"_blank\" rel=\"noopener noreferrer\">La Colecci\u00f3n Noble<\/a><\/p>\n<p>Daenerys Targaryen se encuentra en posesi\u00f3n de tres huevos de drag\u00f3n, que le fueron regalados durante su boda con Khal Drogon. El generoso donante de estos huevos, Illyrio Mopatis, est\u00e1 convencido de que el tiempo los ha convertido en piedra. Pero Daenerys se dar\u00e1 cuenta de que no es as\u00ed.<\/p>\n<p>Para incubar un huevo de drag\u00f3n, se necesitan llamas intensas y una criatura que sea quemada viva: una vida por otra vida. De ah\u00ed proviene el lema de los Targaryen: \u201cFuego y sangre\u201d.<\/p>\n<h2>Tu Huevo de Drag\u00f3n Viserion al mejor precio.<\/h2>\n<p>Te ofrecemos todas las r\u00e9plicas de tus personajes favoritos de la serie Juego de Tronos, y pr\u00f3ximamente tambi\u00e9n las r\u00e9plicas de House of the Dragon.<\/p>\n<p>Lo primero y m\u00e1s importante,<\/p>\n<ul>\n<li>Llavero Targaryens de acero, finamente decorado con dragones.<\/li>\n<li>Tambi\u00e9n est\u00e1n todos los <a href=\"https:\/\/repliquemangacine.fr\/es\/espadas-de-juego-de-tronos\/\">espadas de Juego de Tronos.<\/a><\/li>\n<li>As\u00ed como el<a href=\"https:\/\/repliquemangacine.fr\/es\/joyas-de-coleccion\/juego-de-tronos-huevo-de-drogon\/\">Huevo de Drogon<\/a> todo en resina<\/li>\n<li>Y muchos m\u00e1s por descubrir en nuestra tienda en l\u00ednea.<\/li>\n<\/ul>\n<p>Por eso, aqu\u00ed tienes unas ideas fant\u00e1sticas para regalar a los fans de Juego de Tronos y La casa del drag\u00f3n.<\/p>\n<p>En conclusi\u00f3n, puedes ampliar tu colecci\u00f3n con este huevo del drag\u00f3n Viserion. Pero, ante todo, se trata de objetos de colecci\u00f3n y decoraci\u00f3n.<\/p>\n<h2>Nuestros \u00faltimos lanzamientos baratos de Juego de Tronos.<\/h2>\n<p>Nuestro objetivo es satisfacerle, por eso hacemos todo lo posible para encontrar los objetos de colecci\u00f3n que busca. \u00a1No dude en hacernos llegar sus solicitudes y comentarios para que podamos continuar juntos esta aventura!<\/p>\n<p>Lo primero y m\u00e1s importante,<\/p>\n<ul>\n<li>La miniblindadura met\u00e1lica de la guardia real de los Lannister.<\/li>\n<li>As\u00ed como los huevos de drag\u00f3n HBO de Daenerys<\/li>\n<li>Tambi\u00e9n hay tazas de Juego de Tronos<\/li>\n<li>Y muchas m\u00e1s por descubrir.<\/li>\n<\/ul>\n<p>Pr\u00f3ximamente, tendremos el placer de ofrecerles figuras Funko Pop...<\/p>\n<p>R\u00e9plique Manga Cin\u00e9 es una empresa familiar francesa.<\/p>","protected":false},"excerpt":{"rendered":"<p>R\u00e9plica id\u00e9ntica del huevo del drag\u00f3n Viserion de Juego de Tronos.<\/p>\n<ul>\n<li>Producto bajo licencia oficial de HBO \"Juego de Tronos<\/li>\n<li>Escultura totalmente de resina.<\/li>\n<li>Pintado y decorado a mano.<\/li>\n<li>Se suministra con base de presentaci\u00f3n.<\/li>\n<li>Caja de coleccionista de HBO.<\/li>\n<li>Tama\u00f1o: 19,5 cm<\/li>\n<\/ul>","protected":false},"featured_media":53006,"template":"","meta":[],"product_brand":[896],"product_cat":[81,24,47,105],"product_tag":[],"class_list":{"0":"post-53005","1":"product","2":"type-product","3":"status-publish","4":"has-post-thumbnail","6":"product_brand-replique-manga-cine","7":"product_cat-collectors-et-goodies-game-of-thrones","8":"product_cat-films-series-tv-vente-de-katana-epee-et-produits-derives","9":"product_cat-game-of-thrones","10":"product_cat-house-of-the-dragon","12":"first","13":"instock","14":"taxable","15":"shipping-taxable","16":"purchasable","17":"product-type-simple"},"yoast_head":"<!-- This site is optimized with the Yoast SEO plugin v27.4 - https:\/\/yoast.com\/product\/yoast-seo-wordpress\/ -->\n<title>\u0152uf du Dragon Viserion - Game of Thrones - R\u00e9plique Manga Cin\u00e9<\/title>\n<meta name=\"description\" content=\"R\u00e9plique \u00e0 l&#039;identique de l&#039;\u0152uf du Dragon Viserion dans Game of Thrones au meilleur prix. Tout en r\u00e9sine - Peint \u00e0 la main - Licence officielle HBO\" \/>\n<meta name=\"robots\" content=\"index, follow, max-snippet:-1, max-image-preview:large, max-video-preview:-1\" \/>\n<link rel=\"canonical\" href=\"https:\/\/repliquemangacine.fr\/es\/juego-de-tronos-coleccionistas-y-golosinas\/viserion-huevo-de-dragon-juego-de-tronos\/\" \/>\n<meta property=\"og:locale\" content=\"es_ES\" \/>\n<meta property=\"og:type\" content=\"article\" \/>\n<meta property=\"og:title\" content=\"\u0152uf du Dragon Viserion - Game of Thrones - R\u00e9plique Manga Cin\u00e9\" \/>\n<meta property=\"og:description\" content=\"R\u00e9plique \u00e0 l&#039;identique de l&#039;\u0152uf du Dragon Viserion dans Game of Thrones au meilleur prix. Tout en r\u00e9sine - Peint \u00e0 la main - Licence officielle HBO\" \/>\n<meta property=\"og:url\" content=\"https:\/\/repliquemangacine.fr\/es\/juego-de-tronos-coleccionistas-y-golosinas\/viserion-huevo-de-dragon-juego-de-tronos\/\" \/>\n<meta property=\"og:site_name\" content=\"R\u00e9plique Manga Cin\u00e9\" \/>\n<meta property=\"article:publisher\" content=\"https:\/\/www.facebook.com\/RepliqueMangaCine\" \/>\n<meta property=\"article:modified_time\" content=\"2026-03-11T17:14:40+00:00\" \/>\n<meta property=\"og:image\" content=\"https:\/\/repliquemangacine.fr\/wp-content\/uploads\/2023\/10\/oeuf-viserion1.jpg\" \/>\n\t<meta property=\"og:image:width\" content=\"500\" \/>\n\t<meta property=\"og:image:height\" content=\"500\" \/>\n\t<meta property=\"og:image:type\" content=\"image\/jpeg\" \/>\n<meta name=\"twitter:card\" content=\"summary_large_image\" \/>\n<meta name=\"twitter:label1\" content=\"Tiempo de lectura\" \/>\n\t<meta name=\"twitter:data1\" content=\"2 minutos\" \/>\n<script type=\"application\/ld+json\" class=\"yoast-schema-graph\">{\"@context\":\"https:\\\/\\\/schema.org\",\"@graph\":[{\"@type\":\"WebPage\",\"@id\":\"https:\\\/\\\/repliquemangacine.fr\\\/collectors-et-goodies-game-of-thrones\\\/oeuf-du-dragon-viserion-game-of-thrones\\\/\",\"url\":\"https:\\\/\\\/repliquemangacine.fr\\\/collectors-et-goodies-game-of-thrones\\\/oeuf-du-dragon-viserion-game-of-thrones\\\/\",\"name\":\"\u0152uf du Dragon Viserion - Game of Thrones - R\u00e9plique Manga Cin\u00e9\",\"isPartOf\":{\"@id\":\"https:\\\/\\\/repliquemangacine.fr\\\/#website\"},\"primaryImageOfPage\":{\"@id\":\"https:\\\/\\\/repliquemangacine.fr\\\/collectors-et-goodies-game-of-thrones\\\/oeuf-du-dragon-viserion-game-of-thrones\\\/#primaryimage\"},\"image\":{\"@id\":\"https:\\\/\\\/repliquemangacine.fr\\\/collectors-et-goodies-game-of-thrones\\\/oeuf-du-dragon-viserion-game-of-thrones\\\/#primaryimage\"},\"thumbnailUrl\":\"https:\\\/\\\/repliquemangacine.fr\\\/wp-content\\\/uploads\\\/2023\\\/10\\\/oeuf-viserion1.jpg\",\"datePublished\":\"2022-09-09T13:00:52+00:00\",\"dateModified\":\"2026-03-11T17:14:40+00:00\",\"description\":\"R\u00e9plique \u00e0 l'identique de l'\u0152uf du Dragon Viserion dans Game of Thrones au meilleur prix. Tout en r\u00e9sine - Peint \u00e0 la main - Licence officielle HBO\",\"breadcrumb\":{\"@id\":\"https:\\\/\\\/repliquemangacine.fr\\\/collectors-et-goodies-game-of-thrones\\\/oeuf-du-dragon-viserion-game-of-thrones\\\/#breadcrumb\"},\"inLanguage\":\"es\",\"potentialAction\":[{\"@type\":\"ReadAction\",\"target\":[\"https:\\\/\\\/repliquemangacine.fr\\\/collectors-et-goodies-game-of-thrones\\\/oeuf-du-dragon-viserion-game-of-thrones\\\/\"]}]},{\"@type\":\"ImageObject\",\"inLanguage\":\"es\",\"@id\":\"https:\\\/\\\/repliquemangacine.fr\\\/collectors-et-goodies-game-of-thrones\\\/oeuf-du-dragon-viserion-game-of-thrones\\\/#primaryimage\",\"url\":\"https:\\\/\\\/repliquemangacine.fr\\\/wp-content\\\/uploads\\\/2023\\\/10\\\/oeuf-viserion1.jpg\",\"contentUrl\":\"https:\\\/\\\/repliquemangacine.fr\\\/wp-content\\\/uploads\\\/2023\\\/10\\\/oeuf-viserion1.jpg\",\"width\":500,\"height\":500,\"caption\":\"Oeuf de Viserion Game of Thrones\"},{\"@type\":\"BreadcrumbList\",\"@id\":\"https:\\\/\\\/repliquemangacine.fr\\\/collectors-et-goodies-game-of-thrones\\\/oeuf-du-dragon-viserion-game-of-thrones\\\/#breadcrumb\",\"itemListElement\":[{\"@type\":\"ListItem\",\"position\":1,\"name\":\"Accueil\",\"item\":\"https:\\\/\\\/repliquemangacine.fr\\\/\"},{\"@type\":\"ListItem\",\"position\":2,\"name\":\"Produits\",\"item\":\"https:\\\/\\\/repliquemangacine.fr\\\/boutique\\\/\"},{\"@type\":\"ListItem\",\"position\":3,\"name\":\"Oeuf de Viserion &#8211; Game of Thrones\"}]},{\"@type\":\"WebSite\",\"@id\":\"https:\\\/\\\/repliquemangacine.fr\\\/#website\",\"url\":\"https:\\\/\\\/repliquemangacine.fr\\\/\",\"name\":\"R\u00e9plique Manga Cin\u00e9\",\"description\":\"\",\"publisher\":{\"@id\":\"https:\\\/\\\/repliquemangacine.fr\\\/#organization\"},\"potentialAction\":[{\"@type\":\"SearchAction\",\"target\":{\"@type\":\"EntryPoint\",\"urlTemplate\":\"https:\\\/\\\/repliquemangacine.fr\\\/?s={search_term_string}\"},\"query-input\":{\"@type\":\"PropertyValueSpecification\",\"valueRequired\":true,\"valueName\":\"search_term_string\"}}],\"inLanguage\":\"es\"},{\"@type\":\"Organization\",\"@id\":\"https:\\\/\\\/repliquemangacine.fr\\\/#organization\",\"name\":\"R\u00e9plique Manga Cin\u00e9\",\"url\":\"https:\\\/\\\/repliquemangacine.fr\\\/\",\"logo\":{\"@type\":\"ImageObject\",\"inLanguage\":\"es\",\"@id\":\"https:\\\/\\\/repliquemangacine.fr\\\/#\\\/schema\\\/logo\\\/image\\\/\",\"url\":\"https:\\\/\\\/repliquemangacine.fr\\\/wp-content\\\/uploads\\\/2023\\\/10\\\/RMC-500250.png\",\"contentUrl\":\"https:\\\/\\\/repliquemangacine.fr\\\/wp-content\\\/uploads\\\/2023\\\/10\\\/RMC-500250.png\",\"width\":500,\"height\":250,\"caption\":\"R\u00e9plique Manga Cin\u00e9\"},\"image\":{\"@id\":\"https:\\\/\\\/repliquemangacine.fr\\\/#\\\/schema\\\/logo\\\/image\\\/\"},\"sameAs\":[\"https:\\\/\\\/www.facebook.com\\\/RepliqueMangaCine\",\"https:\\\/\\\/www.instagram.com\\\/repliquemangacine.fr\\\/\"]}]}<\/script>\n<!-- \/ Yoast SEO plugin. -->","yoast_head_json":{"title":"Huevo de Drag\u00f3n Viserion - Juego de Tronos - R\u00e9plique Manga Cin\u00e9","description":"R\u00e9plica id\u00e9ntica del Huevo de Drag\u00f3n de Viserion de Juego de Tronos al mejor precio. Todo de resina - Pintado a mano - Licencia oficial HBO","robots":{"index":"index","follow":"follow","max-snippet":"max-snippet:-1","max-image-preview":"max-image-preview:large","max-video-preview":"max-video-preview:-1"},"canonical":"https:\/\/repliquemangacine.fr\/es\/juego-de-tronos-coleccionistas-y-golosinas\/viserion-huevo-de-dragon-juego-de-tronos\/","og_locale":"es_ES","og_type":"article","og_title":"\u0152uf du Dragon Viserion - Game of Thrones - R\u00e9plique Manga Cin\u00e9","og_description":"R\u00e9plique \u00e0 l'identique de l'\u0152uf du Dragon Viserion dans Game of Thrones au meilleur prix. Tout en r\u00e9sine - Peint \u00e0 la main - Licence officielle HBO","og_url":"https:\/\/repliquemangacine.fr\/es\/juego-de-tronos-coleccionistas-y-golosinas\/viserion-huevo-de-dragon-juego-de-tronos\/","og_site_name":"R\u00e9plique Manga Cin\u00e9","article_publisher":"https:\/\/www.facebook.com\/RepliqueMangaCine","article_modified_time":"2026-03-11T17:14:40+00:00","og_image":[{"width":500,"height":500,"url":"https:\/\/repliquemangacine.fr\/wp-content\/uploads\/2023\/10\/oeuf-viserion1.jpg","type":"image\/jpeg"}],"twitter_card":"summary_large_image","twitter_misc":{"Tiempo de lectura":"2 minutos"},"schema":{"@context":"https:\/\/schema.org","@graph":[{"@type":"WebPage","@id":"https:\/\/repliquemangacine.fr\/collectors-et-goodies-game-of-thrones\/oeuf-du-dragon-viserion-game-of-thrones\/","url":"https:\/\/repliquemangacine.fr\/collectors-et-goodies-game-of-thrones\/oeuf-du-dragon-viserion-game-of-thrones\/","name":"Huevo de Drag\u00f3n Viserion - Juego de Tronos - R\u00e9plique Manga Cin\u00e9","isPartOf":{"@id":"https:\/\/repliquemangacine.fr\/#website"},"primaryImageOfPage":{"@id":"https:\/\/repliquemangacine.fr\/collectors-et-goodies-game-of-thrones\/oeuf-du-dragon-viserion-game-of-thrones\/#primaryimage"},"image":{"@id":"https:\/\/repliquemangacine.fr\/collectors-et-goodies-game-of-thrones\/oeuf-du-dragon-viserion-game-of-thrones\/#primaryimage"},"thumbnailUrl":"https:\/\/repliquemangacine.fr\/wp-content\/uploads\/2023\/10\/oeuf-viserion1.jpg","datePublished":"2022-09-09T13:00:52+00:00","dateModified":"2026-03-11T17:14:40+00:00","description":"R\u00e9plica id\u00e9ntica del Huevo de Drag\u00f3n de Viserion de Juego de Tronos al mejor precio. Todo de resina - Pintado a mano - Licencia oficial HBO","breadcrumb":{"@id":"https:\/\/repliquemangacine.fr\/collectors-et-goodies-game-of-thrones\/oeuf-du-dragon-viserion-game-of-thrones\/#breadcrumb"},"inLanguage":"es","potentialAction":[{"@type":"ReadAction","target":["https:\/\/repliquemangacine.fr\/collectors-et-goodies-game-of-thrones\/oeuf-du-dragon-viserion-game-of-thrones\/"]}]},{"@type":"ImageObject","inLanguage":"es","@id":"https:\/\/repliquemangacine.fr\/collectors-et-goodies-game-of-thrones\/oeuf-du-dragon-viserion-game-of-thrones\/#primaryimage","url":"https:\/\/repliquemangacine.fr\/wp-content\/uploads\/2023\/10\/oeuf-viserion1.jpg","contentUrl":"https:\/\/repliquemangacine.fr\/wp-content\/uploads\/2023\/10\/oeuf-viserion1.jpg","width":500,"height":500,"caption":"Oeuf de Viserion Game of Thrones"},{"@type":"BreadcrumbList","@id":"https:\/\/repliquemangacine.fr\/collectors-et-goodies-game-of-thrones\/oeuf-du-dragon-viserion-game-of-thrones\/#breadcrumb","itemListElement":[{"@type":"ListItem","position":1,"name":"Accueil","item":"https:\/\/repliquemangacine.fr\/"},{"@type":"ListItem","position":2,"name":"Produits","item":"https:\/\/repliquemangacine.fr\/boutique\/"},{"@type":"ListItem","position":3,"name":"Oeuf de Viserion &#8211; Game of Thrones"}]},{"@type":"WebSite","@id":"https:\/\/repliquemangacine.fr\/#website","url":"https:\/\/repliquemangacine.fr\/","name":"R\u00e9plique Manga Cin\u00e9","description":"","publisher":{"@id":"https:\/\/repliquemangacine.fr\/#organization"},"potentialAction":[{"@type":"SearchAction","target":{"@type":"EntryPoint","urlTemplate":"https:\/\/repliquemangacine.fr\/?s={search_term_string}"},"query-input":{"@type":"PropertyValueSpecification","valueRequired":true,"valueName":"search_term_string"}}],"inLanguage":"es"},{"@type":"Organization","@id":"https:\/\/repliquemangacine.fr\/#organization","name":"R\u00e9plique Manga Cin\u00e9","url":"https:\/\/repliquemangacine.fr\/","logo":{"@type":"ImageObject","inLanguage":"es","@id":"https:\/\/repliquemangacine.fr\/#\/schema\/logo\/image\/","url":"https:\/\/repliquemangacine.fr\/wp-content\/uploads\/2023\/10\/RMC-500250.png","contentUrl":"https:\/\/repliquemangacine.fr\/wp-content\/uploads\/2023\/10\/RMC-500250.png","width":500,"height":250,"caption":"R\u00e9plique Manga Cin\u00e9"},"image":{"@id":"https:\/\/repliquemangacine.fr\/#\/schema\/logo\/image\/"},"sameAs":["https:\/\/www.facebook.com\/RepliqueMangaCine","https:\/\/www.instagram.com\/repliquemangacine.fr\/"]}]}},"_links":{"self":[{"href":"https:\/\/repliquemangacine.fr\/es\/wp-json\/wp\/v2\/product\/53005","targetHints":{"allow":["GET"]}}],"collection":[{"href":"https:\/\/repliquemangacine.fr\/es\/wp-json\/wp\/v2\/product"}],"about":[{"href":"https:\/\/repliquemangacine.fr\/es\/wp-json\/wp\/v2\/types\/product"}],"wp:featuredmedia":[{"embeddable":true,"href":"https:\/\/repliquemangacine.fr\/es\/wp-json\/wp\/v2\/media\/53006"}],"wp:attachment":[{"href":"https:\/\/repliquemangacine.fr\/es\/wp-json\/wp\/v2\/media?parent=53005"}],"wp:term":[{"taxonomy":"product_brand","embeddable":true,"href":"https:\/\/repliquemangacine.fr\/es\/wp-json\/wp\/v2\/product_brand?post=53005"},{"taxonomy":"product_cat","embeddable":true,"href":"https:\/\/repliquemangacine.fr\/es\/wp-json\/wp\/v2\/product_cat?post=53005"},{"taxonomy":"product_tag","embeddable":true,"href":"https:\/\/repliquemangacine.fr\/es\/wp-json\/wp\/v2\/product_tag?post=53005"}],"curies":[{"name":"wp","href":"https:\/\/api.w.org\/{rel}","templated":true}]}}