





{"id":52654,"date":"2022-08-22T16:02:41","date_gmt":"2022-08-22T14:02:41","guid":{"rendered":"https:\/\/repliquemangacine.fr\/?post_type=product&#038;p=52654"},"modified":"2026-04-08T13:32:25","modified_gmt":"2026-04-08T11:32:25","slug":"machete-y-tanto-ninja","status":"publish","type":"product","link":"https:\/\/repliquemangacine.fr\/es\/epees-et-dagues-fantasy\/machette-et-tanto-ninja\/","title":{"rendered":"Machete y Tanto Ninja"},"content":{"rendered":"<h2>Machete y Tanto Ninja con funda.<\/h2>\n<p>Para empezar, el <strong>Machete y Tanto Ninja<\/strong> Es un conjunto de dos piezas, Ninjatos y funda de transporte.<\/p>\n<p>El ninjat\u014d, tambi\u00e9n llamado ninjaken, era el arma preferida de los shinobi del Jap\u00f3n feudal. Descrito por los practicantes modernos de ninjutsu (entre ellos Masaaki Hatsumi y Stephen K. Hayes) como el arma del ninja, ocupa un lugar predominante en la cultura popular.<\/p>\n<p>Las r\u00e9plicas de esta espada se exponen en el <a href=\"https:\/\/www.iganinja.jp\/fr\/\" target=\"_blank\" rel=\"noopener noreferrer\">Museo Ninja Igaryu<\/a>, creado a mediados de la d\u00e9cada de 1960, en el museo del pueblo de Koka Ninja en K\u014dka, Shiga, y en el museo de los archivos del castillo de Gifu, Jap\u00f3n.<\/p>\n<p>El ninjat\u014d es un arma blanca de hoja recta, de unos 50 cm de longitud, utilizada por los ninjas en Jap\u00f3n.<\/p>\n<h2>Tu Machete y Tanto Ninja al mejor precio.<\/h2>\n<p>Le ofrecemos una amplia selecci\u00f3n de productos Ninja, as\u00ed como katanas de entrenamiento para cortar.<\/p>\n<p>Lo primero y m\u00e1s importante,<\/p>\n<ul>\n<li>Le <a href=\"https:\/\/repliquemangacine.fr\/es\/forja-de-katanas\/katana-ninjato-sarbacane-sabre-ninja\/\">Cerbatana Ninjato<\/a>Una espada Ninja con una cerbatana funcional.<\/li>\n<li>Tambi\u00e9n existe la <a href=\"https:\/\/repliquemangacine.fr\/es\/los-muertos-vivientes\/machete-asesino-de-zombies\/\">machete asesino de zombies<\/a> con su hoja roja y su aspecto elegante.<\/li>\n<li>Y muchos m\u00e1s por descubrir en nuestra tienda en l\u00ednea.<\/li>\n<\/ul>\n<p>Por eso, aqu\u00ed tienes una idea genial para regalar a todos los fans de los ninjas.<\/p>\n<p>En conclusi\u00f3n, puede utilizar el <strong>Machete y Tanto Ninja<\/strong> para sus actuaciones y veladas tem\u00e1ticas. Pero, sobre todo, este cuchillo es un objeto decorativo.<\/p>\n<h2>\u00bfC\u00f3mo se mantiene la hoja del cuchillo?<\/h2>\n<p>Los cuchillos de colecci\u00f3n y decorativos se fabrican y ensamblan de forma simplificada. Como su uso es decorativo, no cuentan con los elementos de seguridad exigidos para una espada japonesa destinada al entrenamiento.<\/p>\n<p>Sin embargo, su <strong>Machete y Tanto Ninja<\/strong> a una hoja de acero que hay que cuidar para evitar que se estropee con el tiempo. Cuando exponga su katana, sus amigos sentir\u00e1n curiosidad por ver la hoja y tocarla. Aqu\u00ed es donde hay que tener cuidado, ya que la acidez de los dedos es muy perjudicial para el acero, sea cual sea su calidad.<\/p>\n<p>Sin embargo, si esto ocurre, no te asustes, todo lo que necesitas es un pa\u00f1o humedecido con un poco de aceite y limpiar las huellas dactilares. Si haces esto, tu espada durar\u00e1 mucho tiempo.<\/p>","protected":false},"excerpt":{"rendered":"<p>Juego de machete y tanto de dos piezas con funda de transporte.<\/p>\n<ul>\n<li>Las hojas son rectas y de acero 440.<\/li>\n<li>Fabricado en una sola pieza.<\/li>\n<li>Mango recubierto de una gruesa trenza de algod\u00f3n.<\/li>\n<li>Funda de transporte de cordura negra.<\/li>\n<li>Longitud total del machete: 64 cm<\/li>\n<li>Longitud total del Tanto: 44 cm<\/li>\n<\/ul>","protected":false},"featured_media":52655,"template":"","meta":[],"product_brand":[896],"product_cat":[44,24,26,62],"product_tag":[],"class_list":{"0":"post-52654","1":"product","2":"type-product","3":"status-publish","4":"has-post-thumbnail","6":"product_brand-replique-manga-cine","7":"product_cat-epees-et-dagues-fantasy","8":"product_cat-films-series-tv-vente-de-katana-epee-et-produits-derives","9":"product_cat-katana-epee","10":"product_cat-armes-the-walking-dead","12":"first","13":"instock","14":"taxable","15":"shipping-taxable","16":"purchasable","17":"product-type-simple"},"yoast_head":"<!-- This site is optimized with the Yoast SEO plugin v27.4 - https:\/\/yoast.com\/product\/yoast-seo-wordpress\/ -->\n<title>Machette et Tanto Ninja avec housse - R\u00e9plique Manga Cin\u00e9<\/title>\n<meta name=\"description\" content=\"Offrez-lui la Machette et Tanto Ninja avec housse de transport. Lame en acier - Cordelette \u00e0 la poign\u00e9e - Longueur Tanto : 44 cm - Longueur machette : 64 cm\" \/>\n<meta name=\"robots\" content=\"index, follow, max-snippet:-1, max-image-preview:large, max-video-preview:-1\" \/>\n<link rel=\"canonical\" href=\"https:\/\/repliquemangacine.fr\/es\/armas-the-walking-dead\/machete-y-tanto-ninja\/\" \/>\n<meta property=\"og:locale\" content=\"es_ES\" \/>\n<meta property=\"og:type\" content=\"article\" \/>\n<meta property=\"og:title\" content=\"Machette et Tanto Ninja avec housse - R\u00e9plique Manga Cin\u00e9\" \/>\n<meta property=\"og:description\" content=\"Offrez-lui la Machette et Tanto Ninja avec housse de transport. Lame en acier - Cordelette \u00e0 la poign\u00e9e - Longueur Tanto : 44 cm - Longueur machette : 64 cm\" \/>\n<meta property=\"og:url\" content=\"https:\/\/repliquemangacine.fr\/es\/armas-the-walking-dead\/machete-y-tanto-ninja\/\" \/>\n<meta property=\"og:site_name\" content=\"R\u00e9plique Manga Cin\u00e9\" \/>\n<meta property=\"article:publisher\" content=\"https:\/\/www.facebook.com\/RepliqueMangaCine\" \/>\n<meta property=\"article:modified_time\" content=\"2026-04-08T11:32:25+00:00\" \/>\n<meta property=\"og:image\" content=\"https:\/\/repliquemangacine.fr\/wp-content\/uploads\/2023\/10\/ninjatos.jpg\" \/>\n\t<meta property=\"og:image:width\" content=\"500\" \/>\n\t<meta property=\"og:image:height\" content=\"500\" \/>\n\t<meta property=\"og:image:type\" content=\"image\/jpeg\" \/>\n<meta name=\"twitter:card\" content=\"summary_large_image\" \/>\n<meta name=\"twitter:label1\" content=\"Tiempo de lectura\" \/>\n\t<meta name=\"twitter:data1\" content=\"2 minutos\" \/>\n<script type=\"application\/ld+json\" class=\"yoast-schema-graph\">{\"@context\":\"https:\\\/\\\/schema.org\",\"@graph\":[{\"@type\":\"WebPage\",\"@id\":\"https:\\\/\\\/repliquemangacine.fr\\\/armes-the-walking-dead\\\/machette-et-tanto-ninja\\\/\",\"url\":\"https:\\\/\\\/repliquemangacine.fr\\\/armes-the-walking-dead\\\/machette-et-tanto-ninja\\\/\",\"name\":\"Machette et Tanto Ninja avec housse - R\u00e9plique Manga Cin\u00e9\",\"isPartOf\":{\"@id\":\"https:\\\/\\\/repliquemangacine.fr\\\/#website\"},\"primaryImageOfPage\":{\"@id\":\"https:\\\/\\\/repliquemangacine.fr\\\/armes-the-walking-dead\\\/machette-et-tanto-ninja\\\/#primaryimage\"},\"image\":{\"@id\":\"https:\\\/\\\/repliquemangacine.fr\\\/armes-the-walking-dead\\\/machette-et-tanto-ninja\\\/#primaryimage\"},\"thumbnailUrl\":\"https:\\\/\\\/repliquemangacine.fr\\\/wp-content\\\/uploads\\\/2023\\\/10\\\/ninjatos.jpg\",\"datePublished\":\"2022-08-22T14:02:41+00:00\",\"dateModified\":\"2026-04-08T11:32:25+00:00\",\"description\":\"Offrez-lui la Machette et Tanto Ninja avec housse de transport. Lame en acier - Cordelette \u00e0 la poign\u00e9e - Longueur Tanto : 44 cm - Longueur machette : 64 cm\",\"breadcrumb\":{\"@id\":\"https:\\\/\\\/repliquemangacine.fr\\\/armes-the-walking-dead\\\/machette-et-tanto-ninja\\\/#breadcrumb\"},\"inLanguage\":\"es\",\"potentialAction\":[{\"@type\":\"ReadAction\",\"target\":[\"https:\\\/\\\/repliquemangacine.fr\\\/armes-the-walking-dead\\\/machette-et-tanto-ninja\\\/\"]}]},{\"@type\":\"ImageObject\",\"inLanguage\":\"es\",\"@id\":\"https:\\\/\\\/repliquemangacine.fr\\\/armes-the-walking-dead\\\/machette-et-tanto-ninja\\\/#primaryimage\",\"url\":\"https:\\\/\\\/repliquemangacine.fr\\\/wp-content\\\/uploads\\\/2023\\\/10\\\/ninjatos.jpg\",\"contentUrl\":\"https:\\\/\\\/repliquemangacine.fr\\\/wp-content\\\/uploads\\\/2023\\\/10\\\/ninjatos.jpg\",\"width\":500,\"height\":500,\"caption\":\"Machette et Tanto Ninja et housse\"},{\"@type\":\"BreadcrumbList\",\"@id\":\"https:\\\/\\\/repliquemangacine.fr\\\/armes-the-walking-dead\\\/machette-et-tanto-ninja\\\/#breadcrumb\",\"itemListElement\":[{\"@type\":\"ListItem\",\"position\":1,\"name\":\"Accueil\",\"item\":\"https:\\\/\\\/repliquemangacine.fr\\\/\"},{\"@type\":\"ListItem\",\"position\":2,\"name\":\"Produits\",\"item\":\"https:\\\/\\\/repliquemangacine.fr\\\/boutique\\\/\"},{\"@type\":\"ListItem\",\"position\":3,\"name\":\"Machette et Tanto Ninja\"}]},{\"@type\":\"WebSite\",\"@id\":\"https:\\\/\\\/repliquemangacine.fr\\\/#website\",\"url\":\"https:\\\/\\\/repliquemangacine.fr\\\/\",\"name\":\"R\u00e9plique Manga Cin\u00e9\",\"description\":\"\",\"publisher\":{\"@id\":\"https:\\\/\\\/repliquemangacine.fr\\\/#organization\"},\"potentialAction\":[{\"@type\":\"SearchAction\",\"target\":{\"@type\":\"EntryPoint\",\"urlTemplate\":\"https:\\\/\\\/repliquemangacine.fr\\\/?s={search_term_string}\"},\"query-input\":{\"@type\":\"PropertyValueSpecification\",\"valueRequired\":true,\"valueName\":\"search_term_string\"}}],\"inLanguage\":\"es\"},{\"@type\":\"Organization\",\"@id\":\"https:\\\/\\\/repliquemangacine.fr\\\/#organization\",\"name\":\"R\u00e9plique Manga Cin\u00e9\",\"url\":\"https:\\\/\\\/repliquemangacine.fr\\\/\",\"logo\":{\"@type\":\"ImageObject\",\"inLanguage\":\"es\",\"@id\":\"https:\\\/\\\/repliquemangacine.fr\\\/#\\\/schema\\\/logo\\\/image\\\/\",\"url\":\"https:\\\/\\\/repliquemangacine.fr\\\/wp-content\\\/uploads\\\/2023\\\/10\\\/RMC-500250.png\",\"contentUrl\":\"https:\\\/\\\/repliquemangacine.fr\\\/wp-content\\\/uploads\\\/2023\\\/10\\\/RMC-500250.png\",\"width\":500,\"height\":250,\"caption\":\"R\u00e9plique Manga Cin\u00e9\"},\"image\":{\"@id\":\"https:\\\/\\\/repliquemangacine.fr\\\/#\\\/schema\\\/logo\\\/image\\\/\"},\"sameAs\":[\"https:\\\/\\\/www.facebook.com\\\/RepliqueMangaCine\",\"https:\\\/\\\/www.instagram.com\\\/repliquemangacine.fr\\\/\"]}]}<\/script>\n<!-- \/ Yoast SEO plugin. -->","yoast_head_json":{"title":"Machete Ninja y Tanto con funda - R\u00e9plique Manga Cin\u00e9","description":"Reg\u00e1lale el Machete Ninja y el Tanto con funda de transporte. Hoja de acero - Cuerda en el mango - Longitud del Tanto: 44 cm - Longitud del Machete: 64 cm.","robots":{"index":"index","follow":"follow","max-snippet":"max-snippet:-1","max-image-preview":"max-image-preview:large","max-video-preview":"max-video-preview:-1"},"canonical":"https:\/\/repliquemangacine.fr\/es\/armas-the-walking-dead\/machete-y-tanto-ninja\/","og_locale":"es_ES","og_type":"article","og_title":"Machette et Tanto Ninja avec housse - R\u00e9plique Manga Cin\u00e9","og_description":"Offrez-lui la Machette et Tanto Ninja avec housse de transport. Lame en acier - Cordelette \u00e0 la poign\u00e9e - Longueur Tanto : 44 cm - Longueur machette : 64 cm","og_url":"https:\/\/repliquemangacine.fr\/es\/armas-the-walking-dead\/machete-y-tanto-ninja\/","og_site_name":"R\u00e9plique Manga Cin\u00e9","article_publisher":"https:\/\/www.facebook.com\/RepliqueMangaCine","article_modified_time":"2026-04-08T11:32:25+00:00","og_image":[{"width":500,"height":500,"url":"https:\/\/repliquemangacine.fr\/wp-content\/uploads\/2023\/10\/ninjatos.jpg","type":"image\/jpeg"}],"twitter_card":"summary_large_image","twitter_misc":{"Tiempo de lectura":"2 minutos"},"schema":{"@context":"https:\/\/schema.org","@graph":[{"@type":"WebPage","@id":"https:\/\/repliquemangacine.fr\/armes-the-walking-dead\/machette-et-tanto-ninja\/","url":"https:\/\/repliquemangacine.fr\/armes-the-walking-dead\/machette-et-tanto-ninja\/","name":"Machete Ninja y Tanto con funda - R\u00e9plique Manga Cin\u00e9","isPartOf":{"@id":"https:\/\/repliquemangacine.fr\/#website"},"primaryImageOfPage":{"@id":"https:\/\/repliquemangacine.fr\/armes-the-walking-dead\/machette-et-tanto-ninja\/#primaryimage"},"image":{"@id":"https:\/\/repliquemangacine.fr\/armes-the-walking-dead\/machette-et-tanto-ninja\/#primaryimage"},"thumbnailUrl":"https:\/\/repliquemangacine.fr\/wp-content\/uploads\/2023\/10\/ninjatos.jpg","datePublished":"2022-08-22T14:02:41+00:00","dateModified":"2026-04-08T11:32:25+00:00","description":"Reg\u00e1lale el Machete Ninja y el Tanto con funda de transporte. Hoja de acero - Cuerda en el mango - Longitud del Tanto: 44 cm - Longitud del Machete: 64 cm.","breadcrumb":{"@id":"https:\/\/repliquemangacine.fr\/armes-the-walking-dead\/machette-et-tanto-ninja\/#breadcrumb"},"inLanguage":"es","potentialAction":[{"@type":"ReadAction","target":["https:\/\/repliquemangacine.fr\/armes-the-walking-dead\/machette-et-tanto-ninja\/"]}]},{"@type":"ImageObject","inLanguage":"es","@id":"https:\/\/repliquemangacine.fr\/armes-the-walking-dead\/machette-et-tanto-ninja\/#primaryimage","url":"https:\/\/repliquemangacine.fr\/wp-content\/uploads\/2023\/10\/ninjatos.jpg","contentUrl":"https:\/\/repliquemangacine.fr\/wp-content\/uploads\/2023\/10\/ninjatos.jpg","width":500,"height":500,"caption":"Machette et Tanto Ninja et housse"},{"@type":"BreadcrumbList","@id":"https:\/\/repliquemangacine.fr\/armes-the-walking-dead\/machette-et-tanto-ninja\/#breadcrumb","itemListElement":[{"@type":"ListItem","position":1,"name":"Accueil","item":"https:\/\/repliquemangacine.fr\/"},{"@type":"ListItem","position":2,"name":"Produits","item":"https:\/\/repliquemangacine.fr\/boutique\/"},{"@type":"ListItem","position":3,"name":"Machette et Tanto Ninja"}]},{"@type":"WebSite","@id":"https:\/\/repliquemangacine.fr\/#website","url":"https:\/\/repliquemangacine.fr\/","name":"R\u00e9plique Manga Cin\u00e9","description":"","publisher":{"@id":"https:\/\/repliquemangacine.fr\/#organization"},"potentialAction":[{"@type":"SearchAction","target":{"@type":"EntryPoint","urlTemplate":"https:\/\/repliquemangacine.fr\/?s={search_term_string}"},"query-input":{"@type":"PropertyValueSpecification","valueRequired":true,"valueName":"search_term_string"}}],"inLanguage":"es"},{"@type":"Organization","@id":"https:\/\/repliquemangacine.fr\/#organization","name":"R\u00e9plique Manga Cin\u00e9","url":"https:\/\/repliquemangacine.fr\/","logo":{"@type":"ImageObject","inLanguage":"es","@id":"https:\/\/repliquemangacine.fr\/#\/schema\/logo\/image\/","url":"https:\/\/repliquemangacine.fr\/wp-content\/uploads\/2023\/10\/RMC-500250.png","contentUrl":"https:\/\/repliquemangacine.fr\/wp-content\/uploads\/2023\/10\/RMC-500250.png","width":500,"height":250,"caption":"R\u00e9plique Manga Cin\u00e9"},"image":{"@id":"https:\/\/repliquemangacine.fr\/#\/schema\/logo\/image\/"},"sameAs":["https:\/\/www.facebook.com\/RepliqueMangaCine","https:\/\/www.instagram.com\/repliquemangacine.fr\/"]}]}},"_links":{"self":[{"href":"https:\/\/repliquemangacine.fr\/es\/wp-json\/wp\/v2\/product\/52654","targetHints":{"allow":["GET"]}}],"collection":[{"href":"https:\/\/repliquemangacine.fr\/es\/wp-json\/wp\/v2\/product"}],"about":[{"href":"https:\/\/repliquemangacine.fr\/es\/wp-json\/wp\/v2\/types\/product"}],"wp:featuredmedia":[{"embeddable":true,"href":"https:\/\/repliquemangacine.fr\/es\/wp-json\/wp\/v2\/media\/52655"}],"wp:attachment":[{"href":"https:\/\/repliquemangacine.fr\/es\/wp-json\/wp\/v2\/media?parent=52654"}],"wp:term":[{"taxonomy":"product_brand","embeddable":true,"href":"https:\/\/repliquemangacine.fr\/es\/wp-json\/wp\/v2\/product_brand?post=52654"},{"taxonomy":"product_cat","embeddable":true,"href":"https:\/\/repliquemangacine.fr\/es\/wp-json\/wp\/v2\/product_cat?post=52654"},{"taxonomy":"product_tag","embeddable":true,"href":"https:\/\/repliquemangacine.fr\/es\/wp-json\/wp\/v2\/product_tag?post=52654"}],"curies":[{"name":"wp","href":"https:\/\/api.w.org\/{rel}","templated":true}]}}