





{"id":52645,"date":"2022-08-22T12:43:39","date_gmt":"2022-08-22T10:43:39","guid":{"rendered":"https:\/\/repliquemangacine.fr\/?post_type=product&#038;p=52645"},"modified":"2026-04-10T14:16:18","modified_gmt":"2026-04-10T12:16:18","slug":"funda-de-hombro-m7","status":"publish","type":"product","link":"https:\/\/repliquemangacine.fr\/es\/holster-accessoires-western\/holster-depaule-m7\/","title":{"rendered":"Funda de hombro M7"},"content":{"rendered":"<h2>Funda de hombro M7 US para Colt M1911A1<\/h2>\n<p>Para empezar, la funda de hombro M7, totalmente de cuero marr\u00f3n con dos correas, utilizada por el ej\u00e9rcito estadounidense. Se utilizaba para pilotos, operadores de tanques y otros conductores de veh\u00edculos durante la Segunda Guerra Mundial, ya que era m\u00e1s f\u00e1cil de usar en posici\u00f3n sentada.<\/p>\n<p>Se hicieron populares entre otros soldados a quienes no les gustaba la solapa de cuero grueso de la funda de cadera est\u00e1ndar M1911-A1. El ej\u00e9rcito estadounidense sigue fabric\u00e1ndolas para la pistola M9.<\/p>\n<p>Cabe destacar que durante la Segunda Guerra Mundial, el <a href=\"https:\/\/www.secondeguerre.net\/articles\/armes\/us\/pi\/ar_colt1911a1.html\" target=\"_blank\" rel=\"noopener noreferrer\">Colt M1911A1<\/a> es el arma reglamentaria de las fuerzas armadas estadounidenses. Adem\u00e1s, armaron a numerosos soldados de las fuerzas aliadas en el marco del programa Lend-Lease.<\/p>\n<p>En conclusi\u00f3n, esta funda es un elemento esencial para su Colt M1911a1.<\/p>\n<h2>Su Funda de hombro M7 al mejor precio.<\/h2>\n<p>Le ofrecemos una amplia selecci\u00f3n de productos y accesorios militares para coleccionistas.<\/p>\n<p>Lo primero y m\u00e1s importante,<\/p>\n<ul>\n<li>En <a href=\"https:\/\/repliquemangacine.fr\/es\/equipamiento-militar\/\">accesorios de la Segunda Guerra Mundial<\/a> por parte alemana y estadounidense.<\/li>\n<li>Tambi\u00e9n est\u00e1n todas las r\u00e9plicas de armas, como el rifle <a href=\"https:\/\/repliquemangacine.fr\/es\/armas-historicas\/fusil-garand-m1\/\">M1 Garand<\/a>sino tambi\u00e9n la <a href=\"https:\/\/repliquemangacine.fr\/es\/reproducciones-darmes\/pistolet-mitrailleur-mp40-denix\/\">mitralleur MP40<\/a> de Denix.<\/li>\n<li>Y muchos m\u00e1s por descubrir en nuestra tienda en l\u00ednea.<\/li>\n<\/ul>\n<p>Por eso, esta es una magn\u00edfica idea de regalo para todos los apasionados de la historia de esta \u00e9poca.<\/p>\n<p>En conclusi\u00f3n, puede utilizar el\u2019<strong>Funda de hombro M7<\/strong> para sus representaciones hist\u00f3ricas. Pero, sobre todo, es un objeto de colecci\u00f3n y decoraci\u00f3n. Dicho esto, puedes utilizarlo sin ning\u00fan problema.<\/p>\n<h2>\u00bfC\u00f3mo se fabrican sus objetos de colecci\u00f3n?<\/h2>\n<p>Para empezar, todos nuestros productos derivados son de alta calidad y est\u00e1n fabricados con especial minuciosidad. De hecho, su fabricaci\u00f3n se realiza en parte de forma manual para reproducir hasta el m\u00e1s m\u00ednimo detalle. Las partes m\u00e1s importantes se mecanizan con m\u00e1quinas de gran precisi\u00f3n. Los grabados se realizan generalmente con una punta de diamante o con l\u00e1ser.<\/p>\n<p>Su <strong>Funda de hombro M7<\/strong> fabricados para reproducir cada detalle con exactitud. Para igualar el legado de las obras maestras originales. Se hace hincapi\u00e9 en crear r\u00e9plicas de alta calidad que sean lo m\u00e1s hist\u00f3ricamente exactas posible.<\/p>\n<p>En conclusi\u00f3n, importadas de China, Espa\u00f1a o la India, \u00a1nuestras r\u00e9plicas le sorprender\u00e1n!<\/p>\n<p>R\u00e9plique Manga Cin\u00e9 es una empresa familiar francesa.<\/p>","protected":false},"excerpt":{"rendered":"<p>Magn\u00edfica r\u00e9plica de la funda de hombro US ARMY M7 para Colt M1911A1 cal. 45.<\/p>\n<ul>\n<li>Todo de cuero, con la inscripci\u00f3n \"US\" en la parte delantera.<\/li>\n<li>Se completa con una correa deslizante para el hombro.<\/li>\n<li>Anilla de fijaci\u00f3n del cintur\u00f3n.<\/li>\n<li>Correa para el pecho.<\/li>\n<\/ul>","protected":false},"featured_media":52646,"template":"","meta":[],"product_brand":[896],"product_cat":[25,54,45,90,85,27],"product_tag":[],"class_list":{"0":"post-52645","1":"product","2":"type-product","3":"status-publish","4":"has-post-thumbnail","6":"product_brand-replique-manga-cine","7":"product_cat-armes-historiques","8":"product_cat-armes-accessoires-guerre-mondiale","9":"product_cat-holster-western-ceinturon","10":"product_cat-holster-accessoires-western","11":"product_cat-dagues-et-accessoires-seconde-guerre-mondiale-materiels-militaria","12":"product_cat-armes-et-accessoires-western","14":"first","15":"instock","16":"taxable","17":"shipping-taxable","18":"purchasable","19":"product-type-simple"},"yoast_head":"<!-- This site is optimized with the Yoast SEO plugin v27.4 - https:\/\/yoast.com\/product\/yoast-seo-wordpress\/ -->\n<title>Holster d&#039;\u00e9paule M7 pour Colt M1911A1 - R\u00e9plique Manga Cin\u00e9<\/title>\n<meta name=\"description\" content=\"Offrez-lui cet Holster d&#039;\u00e9paule M7 au meilleur prix - Tout en cuir Marron - Marqu\u00e9 US devant - Sangle d&#039;\u00e9paule - Patte de fixation au ceinturon.\" \/>\n<meta name=\"robots\" content=\"index, follow, max-snippet:-1, max-image-preview:large, max-video-preview:-1\" \/>\n<link rel=\"canonical\" href=\"https:\/\/repliquemangacine.fr\/es\/accesorios-western-funda\/funda-de-hombro-m7\/\" \/>\n<meta property=\"og:locale\" content=\"es_ES\" \/>\n<meta property=\"og:type\" content=\"article\" \/>\n<meta property=\"og:title\" content=\"Holster d&#039;\u00e9paule M7 pour Colt M1911A1 - R\u00e9plique Manga Cin\u00e9\" \/>\n<meta property=\"og:description\" content=\"Offrez-lui cet Holster d&#039;\u00e9paule M7 au meilleur prix - Tout en cuir Marron - Marqu\u00e9 US devant - Sangle d&#039;\u00e9paule - Patte de fixation au ceinturon.\" \/>\n<meta property=\"og:url\" content=\"https:\/\/repliquemangacine.fr\/es\/accesorios-western-funda\/funda-de-hombro-m7\/\" \/>\n<meta property=\"og:site_name\" content=\"R\u00e9plique Manga Cin\u00e9\" \/>\n<meta property=\"article:publisher\" content=\"https:\/\/www.facebook.com\/RepliqueMangaCine\" \/>\n<meta property=\"article:modified_time\" content=\"2026-04-10T12:16:18+00:00\" \/>\n<meta property=\"og:image\" content=\"https:\/\/repliquemangacine.fr\/wp-content\/uploads\/2023\/10\/holster-m7.jpg\" \/>\n\t<meta property=\"og:image:width\" content=\"500\" \/>\n\t<meta property=\"og:image:height\" content=\"500\" \/>\n\t<meta property=\"og:image:type\" content=\"image\/jpeg\" \/>\n<meta name=\"twitter:card\" content=\"summary_large_image\" \/>\n<meta name=\"twitter:label1\" content=\"Tiempo de lectura\" \/>\n\t<meta name=\"twitter:data1\" content=\"2 minutos\" \/>\n<script type=\"application\/ld+json\" class=\"yoast-schema-graph\">{\"@context\":\"https:\\\/\\\/schema.org\",\"@graph\":[{\"@type\":\"WebPage\",\"@id\":\"https:\\\/\\\/repliquemangacine.fr\\\/holster-accessoires-western\\\/holster-depaule-m7\\\/\",\"url\":\"https:\\\/\\\/repliquemangacine.fr\\\/holster-accessoires-western\\\/holster-depaule-m7\\\/\",\"name\":\"Holster d'\u00e9paule M7 pour Colt M1911A1 - R\u00e9plique Manga Cin\u00e9\",\"isPartOf\":{\"@id\":\"https:\\\/\\\/repliquemangacine.fr\\\/#website\"},\"primaryImageOfPage\":{\"@id\":\"https:\\\/\\\/repliquemangacine.fr\\\/holster-accessoires-western\\\/holster-depaule-m7\\\/#primaryimage\"},\"image\":{\"@id\":\"https:\\\/\\\/repliquemangacine.fr\\\/holster-accessoires-western\\\/holster-depaule-m7\\\/#primaryimage\"},\"thumbnailUrl\":\"https:\\\/\\\/repliquemangacine.fr\\\/wp-content\\\/uploads\\\/2023\\\/10\\\/holster-m7.jpg\",\"datePublished\":\"2022-08-22T10:43:39+00:00\",\"dateModified\":\"2026-04-10T12:16:18+00:00\",\"description\":\"Offrez-lui cet Holster d'\u00e9paule M7 au meilleur prix - Tout en cuir Marron - Marqu\u00e9 US devant - Sangle d'\u00e9paule - Patte de fixation au ceinturon.\",\"breadcrumb\":{\"@id\":\"https:\\\/\\\/repliquemangacine.fr\\\/holster-accessoires-western\\\/holster-depaule-m7\\\/#breadcrumb\"},\"inLanguage\":\"es\",\"potentialAction\":[{\"@type\":\"ReadAction\",\"target\":[\"https:\\\/\\\/repliquemangacine.fr\\\/holster-accessoires-western\\\/holster-depaule-m7\\\/\"]}]},{\"@type\":\"ImageObject\",\"inLanguage\":\"es\",\"@id\":\"https:\\\/\\\/repliquemangacine.fr\\\/holster-accessoires-western\\\/holster-depaule-m7\\\/#primaryimage\",\"url\":\"https:\\\/\\\/repliquemangacine.fr\\\/wp-content\\\/uploads\\\/2023\\\/10\\\/holster-m7.jpg\",\"contentUrl\":\"https:\\\/\\\/repliquemangacine.fr\\\/wp-content\\\/uploads\\\/2023\\\/10\\\/holster-m7.jpg\",\"width\":500,\"height\":500,\"caption\":\"Holster d'\u00e9paule M7\"},{\"@type\":\"BreadcrumbList\",\"@id\":\"https:\\\/\\\/repliquemangacine.fr\\\/holster-accessoires-western\\\/holster-depaule-m7\\\/#breadcrumb\",\"itemListElement\":[{\"@type\":\"ListItem\",\"position\":1,\"name\":\"Accueil\",\"item\":\"https:\\\/\\\/repliquemangacine.fr\\\/\"},{\"@type\":\"ListItem\",\"position\":2,\"name\":\"Produits\",\"item\":\"https:\\\/\\\/repliquemangacine.fr\\\/boutique\\\/\"},{\"@type\":\"ListItem\",\"position\":3,\"name\":\"Holster d&#8217;\u00e9paule M7\"}]},{\"@type\":\"WebSite\",\"@id\":\"https:\\\/\\\/repliquemangacine.fr\\\/#website\",\"url\":\"https:\\\/\\\/repliquemangacine.fr\\\/\",\"name\":\"R\u00e9plique Manga Cin\u00e9\",\"description\":\"\",\"publisher\":{\"@id\":\"https:\\\/\\\/repliquemangacine.fr\\\/#organization\"},\"potentialAction\":[{\"@type\":\"SearchAction\",\"target\":{\"@type\":\"EntryPoint\",\"urlTemplate\":\"https:\\\/\\\/repliquemangacine.fr\\\/?s={search_term_string}\"},\"query-input\":{\"@type\":\"PropertyValueSpecification\",\"valueRequired\":true,\"valueName\":\"search_term_string\"}}],\"inLanguage\":\"es\"},{\"@type\":\"Organization\",\"@id\":\"https:\\\/\\\/repliquemangacine.fr\\\/#organization\",\"name\":\"R\u00e9plique Manga Cin\u00e9\",\"url\":\"https:\\\/\\\/repliquemangacine.fr\\\/\",\"logo\":{\"@type\":\"ImageObject\",\"inLanguage\":\"es\",\"@id\":\"https:\\\/\\\/repliquemangacine.fr\\\/#\\\/schema\\\/logo\\\/image\\\/\",\"url\":\"https:\\\/\\\/repliquemangacine.fr\\\/wp-content\\\/uploads\\\/2023\\\/10\\\/RMC-500250.png\",\"contentUrl\":\"https:\\\/\\\/repliquemangacine.fr\\\/wp-content\\\/uploads\\\/2023\\\/10\\\/RMC-500250.png\",\"width\":500,\"height\":250,\"caption\":\"R\u00e9plique Manga Cin\u00e9\"},\"image\":{\"@id\":\"https:\\\/\\\/repliquemangacine.fr\\\/#\\\/schema\\\/logo\\\/image\\\/\"},\"sameAs\":[\"https:\\\/\\\/www.facebook.com\\\/RepliqueMangaCine\",\"https:\\\/\\\/www.instagram.com\\\/repliquemangacine.fr\\\/\"]}]}<\/script>\n<!-- \/ Yoast SEO plugin. -->","yoast_head_json":{"title":"Funda de hombro M7 para Colt M1911A1 - R\u00e9plique Manga Cin\u00e9","description":"Reg\u00e1lale esta funda de hombro M7 al mejor precio - Totalmente de cuero marr\u00f3n - Marcado US en la parte delantera - Correa para el hombro - Leng\u00fceta de fijaci\u00f3n para el cintur\u00f3n.","robots":{"index":"index","follow":"follow","max-snippet":"max-snippet:-1","max-image-preview":"max-image-preview:large","max-video-preview":"max-video-preview:-1"},"canonical":"https:\/\/repliquemangacine.fr\/es\/accesorios-western-funda\/funda-de-hombro-m7\/","og_locale":"es_ES","og_type":"article","og_title":"Holster d'\u00e9paule M7 pour Colt M1911A1 - R\u00e9plique Manga Cin\u00e9","og_description":"Offrez-lui cet Holster d'\u00e9paule M7 au meilleur prix - Tout en cuir Marron - Marqu\u00e9 US devant - Sangle d'\u00e9paule - Patte de fixation au ceinturon.","og_url":"https:\/\/repliquemangacine.fr\/es\/accesorios-western-funda\/funda-de-hombro-m7\/","og_site_name":"R\u00e9plique Manga Cin\u00e9","article_publisher":"https:\/\/www.facebook.com\/RepliqueMangaCine","article_modified_time":"2026-04-10T12:16:18+00:00","og_image":[{"width":500,"height":500,"url":"https:\/\/repliquemangacine.fr\/wp-content\/uploads\/2023\/10\/holster-m7.jpg","type":"image\/jpeg"}],"twitter_card":"summary_large_image","twitter_misc":{"Tiempo de lectura":"2 minutos"},"schema":{"@context":"https:\/\/schema.org","@graph":[{"@type":"WebPage","@id":"https:\/\/repliquemangacine.fr\/holster-accessoires-western\/holster-depaule-m7\/","url":"https:\/\/repliquemangacine.fr\/holster-accessoires-western\/holster-depaule-m7\/","name":"Funda de hombro M7 para Colt M1911A1 - R\u00e9plique Manga Cin\u00e9","isPartOf":{"@id":"https:\/\/repliquemangacine.fr\/#website"},"primaryImageOfPage":{"@id":"https:\/\/repliquemangacine.fr\/holster-accessoires-western\/holster-depaule-m7\/#primaryimage"},"image":{"@id":"https:\/\/repliquemangacine.fr\/holster-accessoires-western\/holster-depaule-m7\/#primaryimage"},"thumbnailUrl":"https:\/\/repliquemangacine.fr\/wp-content\/uploads\/2023\/10\/holster-m7.jpg","datePublished":"2022-08-22T10:43:39+00:00","dateModified":"2026-04-10T12:16:18+00:00","description":"Reg\u00e1lale esta funda de hombro M7 al mejor precio - Totalmente de cuero marr\u00f3n - Marcado US en la parte delantera - Correa para el hombro - Leng\u00fceta de fijaci\u00f3n para el cintur\u00f3n.","breadcrumb":{"@id":"https:\/\/repliquemangacine.fr\/holster-accessoires-western\/holster-depaule-m7\/#breadcrumb"},"inLanguage":"es","potentialAction":[{"@type":"ReadAction","target":["https:\/\/repliquemangacine.fr\/holster-accessoires-western\/holster-depaule-m7\/"]}]},{"@type":"ImageObject","inLanguage":"es","@id":"https:\/\/repliquemangacine.fr\/holster-accessoires-western\/holster-depaule-m7\/#primaryimage","url":"https:\/\/repliquemangacine.fr\/wp-content\/uploads\/2023\/10\/holster-m7.jpg","contentUrl":"https:\/\/repliquemangacine.fr\/wp-content\/uploads\/2023\/10\/holster-m7.jpg","width":500,"height":500,"caption":"Holster d'\u00e9paule M7"},{"@type":"BreadcrumbList","@id":"https:\/\/repliquemangacine.fr\/holster-accessoires-western\/holster-depaule-m7\/#breadcrumb","itemListElement":[{"@type":"ListItem","position":1,"name":"Accueil","item":"https:\/\/repliquemangacine.fr\/"},{"@type":"ListItem","position":2,"name":"Produits","item":"https:\/\/repliquemangacine.fr\/boutique\/"},{"@type":"ListItem","position":3,"name":"Holster d&#8217;\u00e9paule M7"}]},{"@type":"WebSite","@id":"https:\/\/repliquemangacine.fr\/#website","url":"https:\/\/repliquemangacine.fr\/","name":"R\u00e9plique Manga Cin\u00e9","description":"","publisher":{"@id":"https:\/\/repliquemangacine.fr\/#organization"},"potentialAction":[{"@type":"SearchAction","target":{"@type":"EntryPoint","urlTemplate":"https:\/\/repliquemangacine.fr\/?s={search_term_string}"},"query-input":{"@type":"PropertyValueSpecification","valueRequired":true,"valueName":"search_term_string"}}],"inLanguage":"es"},{"@type":"Organization","@id":"https:\/\/repliquemangacine.fr\/#organization","name":"R\u00e9plique Manga Cin\u00e9","url":"https:\/\/repliquemangacine.fr\/","logo":{"@type":"ImageObject","inLanguage":"es","@id":"https:\/\/repliquemangacine.fr\/#\/schema\/logo\/image\/","url":"https:\/\/repliquemangacine.fr\/wp-content\/uploads\/2023\/10\/RMC-500250.png","contentUrl":"https:\/\/repliquemangacine.fr\/wp-content\/uploads\/2023\/10\/RMC-500250.png","width":500,"height":250,"caption":"R\u00e9plique Manga Cin\u00e9"},"image":{"@id":"https:\/\/repliquemangacine.fr\/#\/schema\/logo\/image\/"},"sameAs":["https:\/\/www.facebook.com\/RepliqueMangaCine","https:\/\/www.instagram.com\/repliquemangacine.fr\/"]}]}},"_links":{"self":[{"href":"https:\/\/repliquemangacine.fr\/es\/wp-json\/wp\/v2\/product\/52645","targetHints":{"allow":["GET"]}}],"collection":[{"href":"https:\/\/repliquemangacine.fr\/es\/wp-json\/wp\/v2\/product"}],"about":[{"href":"https:\/\/repliquemangacine.fr\/es\/wp-json\/wp\/v2\/types\/product"}],"wp:featuredmedia":[{"embeddable":true,"href":"https:\/\/repliquemangacine.fr\/es\/wp-json\/wp\/v2\/media\/52646"}],"wp:attachment":[{"href":"https:\/\/repliquemangacine.fr\/es\/wp-json\/wp\/v2\/media?parent=52645"}],"wp:term":[{"taxonomy":"product_brand","embeddable":true,"href":"https:\/\/repliquemangacine.fr\/es\/wp-json\/wp\/v2\/product_brand?post=52645"},{"taxonomy":"product_cat","embeddable":true,"href":"https:\/\/repliquemangacine.fr\/es\/wp-json\/wp\/v2\/product_cat?post=52645"},{"taxonomy":"product_tag","embeddable":true,"href":"https:\/\/repliquemangacine.fr\/es\/wp-json\/wp\/v2\/product_tag?post=52645"}],"curies":[{"name":"wp","href":"https:\/\/api.w.org\/{rel}","templated":true}]}}