





{"id":52461,"date":"2022-08-15T18:27:18","date_gmt":"2022-08-15T16:27:18","guid":{"rendered":"https:\/\/repliquemangacine.fr\/?post_type=product&#038;p=52461"},"modified":"2026-01-24T23:06:32","modified_gmt":"2026-01-24T22:06:32","slug":"kunai-despace-time-minato","status":"publish","type":"product","link":"https:\/\/repliquemangacine.fr\/es\/kunai-et-shuriken-naruto\/kunai-despace-temps-minato\/","title":{"rendered":"Kunai Minato"},"content":{"rendered":"<h2>Kunai Minato, Naruto espacio-temporal.<\/h2>\n<p>Para empezar, el <strong>Kunai Minato<\/strong> el espacio-tiempo est\u00e1 hecho de una sola pieza con tres puntos, como en el manga animado Naruto.<\/p>\n<p><a href=\"https:\/\/naruto.fandom.com\/fr\/wiki\/Minato_Namikaze\" target=\"_blank\" rel=\"noopener noreferrer\">Minato Namikaze<\/a> Apodado \u2019el Rayo Amarillo de Konoha\u00ab, legendario ninja que se convierte en el Cuarto Hokage de la aldea de Konoha. Los ninjas de las aldeas enemigas ten\u00edan \u00f3rdenes de huir si se cruzaban con \u00e9l. Es el padre de Naruto Uzumaki. Hoy en d\u00eda, se le considera una leyenda.<\/p>\n<p>Seg\u00fan Jiraya, Minato es uno de los ninjas m\u00e1s talentosos que ha conocido el mundo, considerado como el Ni\u00f1o de la profec\u00eda, el \u00absalvador del mundo\u00bb.<\/p>\n<p>Famoso por su t\u00e9cnica del espacio-tiempo, el Dios del Trueno Volador, que le permit\u00eda teletransportarse a cualquier lugar con poco o ning\u00fan movimiento. Minato pod\u00eda hacerlo gracias al uso de sus kunais especiales.<\/p>\n<h2>Tu Kuna\u00ef Minato d'espace temps al mejor precio.<\/h2>\n<p>Te ofrecemos todas las r\u00e9plicas de tus personajes favoritos de este manga animado Naruto.<\/p>\n<p>Lo primero y m\u00e1s importante,<\/p>\n<ul>\n<li>Le <a href=\"https:\/\/repliquemangacine.fr\/es\/naruto\/katana-sasuke-espada-kusanagi\/\">Katana Sasuke Uchiwa<\/a> que \u00e9l llama la espada Kusanagi.<\/li>\n<li>As\u00ed como el<a href=\"https:\/\/repliquemangacine.fr\/es\/naruto\/katana-kakashi-hatake-anbu-naruto\/\"> shirasaya<\/a> por Kakashi Hatake.<\/li>\n<li>Y muchos m\u00e1s por descubrir en nuestra tienda en l\u00ednea.<\/li>\n<\/ul>\n<p>Por eso, aqu\u00ed tienes unas ideas estupendas para regalar a los fans de Naruto.<\/p>\n<p>En conclusi\u00f3n, tambi\u00e9n puede utilizar este <strong>Kunai Minato<\/strong> para transportarte a tus desfiles de cosplay o fiestas tem\u00e1ticas. Pero sobre todo, el Spacetime Kunai es tambi\u00e9n una pieza de coleccionista y un objeto decorativo.<\/p>\n<h2>Descubre nuestras \u00faltimas novedades Naruto baratas.<\/h2>\n<p>Siempre en busca de novedades y con el objetivo de satisfacer sus demandas, \u00a1tenemos algunas peque\u00f1as joyas que pronto le presentaremos!<\/p>\n<p>En primer lugar, tendremos el placer de presentaros las figuras de Naruto, as\u00ed como otros art\u00edculos promocionales. Mientras tanto, tenemos este gran kunai de Naruto con su mango blanco.<\/p>\n<p>R\u00e9plique Manga Cin\u00e9 es una empresa familiar francesa.<\/p>\n<p><strong>Tenga en cuenta que todas nuestras r\u00e9plicas son objetos de colecci\u00f3n y decoraci\u00f3n. Puede utilizarlas para recreaciones hist\u00f3ricas, desfiles de cosplay o decoraci\u00f3n de interiores. En consecuencia, no es posible acudir a lugares p\u00fablicos con estas r\u00e9plicas.<\/strong><\/p>","protected":false},"excerpt":{"rendered":"<p>Una r\u00e9plica id\u00e9ntica del Kunai espacio-temporal utilizado por Minato.<\/p>\n<ul>\n<li>Fabricado \u00edntegramente en acero macizo.<\/li>\n<li>Fabricado en una sola pieza.<\/li>\n<li>Grabado del sello de Minato en el mango.<\/li>\n<li>Longitud total: 22 cm<\/li>\n<\/ul>\n<p>No hay ning\u00fan logotipo ni nombre de Naruto en la hoja: es exactamente igual a la del manga animado.<\/p>","protected":false},"featured_media":52462,"template":"","meta":[],"product_brand":[896],"product_cat":[108,23,42],"product_tag":[],"class_list":{"0":"post-52461","1":"product","2":"type-product","3":"status-publish","4":"has-post-thumbnail","6":"product_brand-replique-manga-cine","7":"product_cat-kunai-et-shuriken-naruto","8":"product_cat-repliques-manga-jeux-video","9":"product_cat-katana-goodies-naruto-kunai","11":"first","12":"instock","13":"taxable","14":"shipping-taxable","15":"purchasable","16":"product-type-simple"},"yoast_head":"<!-- This site is optimized with the Yoast SEO plugin v27.4 - https:\/\/yoast.com\/product\/yoast-seo-wordpress\/ -->\n<title>Kuna\u00ef Minato d&#039;espace temps - Naruto - Boutique en ligne - RMC<\/title>\n<meta name=\"description\" content=\"Commandez vite ! Ce Kuna\u00ef Minato espace temps dans Naruto au meilleur prix. Tout en acier d&#039;une seule pi\u00e8ce. Longueur totale : 22cm - Envoi 24\/48h\" \/>\n<meta name=\"robots\" content=\"index, follow, max-snippet:-1, max-image-preview:large, max-video-preview:-1\" \/>\n<link rel=\"canonical\" href=\"https:\/\/repliquemangacine.fr\/es\/naruto-kunai-y-shuriken\/kunai-despace-time-minato\/\" \/>\n<meta property=\"og:locale\" content=\"es_ES\" \/>\n<meta property=\"og:type\" content=\"article\" \/>\n<meta property=\"og:title\" content=\"Kuna\u00ef Minato d&#039;espace temps - Naruto - Boutique en ligne - RMC\" \/>\n<meta property=\"og:description\" content=\"Commandez vite ! Ce Kuna\u00ef Minato espace temps dans Naruto au meilleur prix. Tout en acier d&#039;une seule pi\u00e8ce. Longueur totale : 22cm - Envoi 24\/48h\" \/>\n<meta property=\"og:url\" content=\"https:\/\/repliquemangacine.fr\/es\/naruto-kunai-y-shuriken\/kunai-despace-time-minato\/\" \/>\n<meta property=\"og:site_name\" content=\"R\u00e9plique Manga Cin\u00e9\" \/>\n<meta property=\"article:publisher\" content=\"https:\/\/www.facebook.com\/RepliqueMangaCine\" \/>\n<meta property=\"article:modified_time\" content=\"2026-01-24T22:06:32+00:00\" \/>\n<meta property=\"og:image\" content=\"https:\/\/repliquemangacine.fr\/wp-content\/uploads\/2023\/10\/kunai-yondaime.png\" \/>\n\t<meta property=\"og:image:width\" content=\"500\" \/>\n\t<meta property=\"og:image:height\" content=\"500\" \/>\n\t<meta property=\"og:image:type\" content=\"image\/png\" \/>\n<meta name=\"twitter:card\" content=\"summary_large_image\" \/>\n<meta name=\"twitter:label1\" content=\"Tiempo de lectura\" \/>\n\t<meta name=\"twitter:data1\" content=\"2 minutos\" \/>\n<script type=\"application\/ld+json\" class=\"yoast-schema-graph\">{\"@context\":\"https:\\\/\\\/schema.org\",\"@graph\":[{\"@type\":\"WebPage\",\"@id\":\"https:\\\/\\\/repliquemangacine.fr\\\/kunai-et-shuriken-naruto\\\/kunai-despace-temps-minato\\\/\",\"url\":\"https:\\\/\\\/repliquemangacine.fr\\\/kunai-et-shuriken-naruto\\\/kunai-despace-temps-minato\\\/\",\"name\":\"Kuna\u00ef Minato d'espace temps - Naruto - Boutique en ligne - RMC\",\"isPartOf\":{\"@id\":\"https:\\\/\\\/repliquemangacine.fr\\\/#website\"},\"primaryImageOfPage\":{\"@id\":\"https:\\\/\\\/repliquemangacine.fr\\\/kunai-et-shuriken-naruto\\\/kunai-despace-temps-minato\\\/#primaryimage\"},\"image\":{\"@id\":\"https:\\\/\\\/repliquemangacine.fr\\\/kunai-et-shuriken-naruto\\\/kunai-despace-temps-minato\\\/#primaryimage\"},\"thumbnailUrl\":\"https:\\\/\\\/repliquemangacine.fr\\\/wp-content\\\/uploads\\\/2023\\\/10\\\/kunai-yondaime.png\",\"datePublished\":\"2022-08-15T16:27:18+00:00\",\"dateModified\":\"2026-01-24T22:06:32+00:00\",\"description\":\"Commandez vite ! Ce Kuna\u00ef Minato espace temps dans Naruto au meilleur prix. Tout en acier d'une seule pi\u00e8ce. Longueur totale : 22cm - Envoi 24\\\/48h\",\"breadcrumb\":{\"@id\":\"https:\\\/\\\/repliquemangacine.fr\\\/kunai-et-shuriken-naruto\\\/kunai-despace-temps-minato\\\/#breadcrumb\"},\"inLanguage\":\"es\",\"potentialAction\":[{\"@type\":\"ReadAction\",\"target\":[\"https:\\\/\\\/repliquemangacine.fr\\\/kunai-et-shuriken-naruto\\\/kunai-despace-temps-minato\\\/\"]}]},{\"@type\":\"ImageObject\",\"inLanguage\":\"es\",\"@id\":\"https:\\\/\\\/repliquemangacine.fr\\\/kunai-et-shuriken-naruto\\\/kunai-despace-temps-minato\\\/#primaryimage\",\"url\":\"https:\\\/\\\/repliquemangacine.fr\\\/wp-content\\\/uploads\\\/2023\\\/10\\\/kunai-yondaime.png\",\"contentUrl\":\"https:\\\/\\\/repliquemangacine.fr\\\/wp-content\\\/uploads\\\/2023\\\/10\\\/kunai-yondaime.png\",\"width\":500,\"height\":500,\"caption\":\"Kuna\u00ef d'espace-temps Minato dans naruto\"},{\"@type\":\"BreadcrumbList\",\"@id\":\"https:\\\/\\\/repliquemangacine.fr\\\/kunai-et-shuriken-naruto\\\/kunai-despace-temps-minato\\\/#breadcrumb\",\"itemListElement\":[{\"@type\":\"ListItem\",\"position\":1,\"name\":\"Accueil\",\"item\":\"https:\\\/\\\/repliquemangacine.fr\\\/\"},{\"@type\":\"ListItem\",\"position\":2,\"name\":\"Produits\",\"item\":\"https:\\\/\\\/repliquemangacine.fr\\\/boutique\\\/\"},{\"@type\":\"ListItem\",\"position\":3,\"name\":\"Kuna\u00ef Minato\"}]},{\"@type\":\"WebSite\",\"@id\":\"https:\\\/\\\/repliquemangacine.fr\\\/#website\",\"url\":\"https:\\\/\\\/repliquemangacine.fr\\\/\",\"name\":\"R\u00e9plique Manga Cin\u00e9\",\"description\":\"\",\"publisher\":{\"@id\":\"https:\\\/\\\/repliquemangacine.fr\\\/#organization\"},\"potentialAction\":[{\"@type\":\"SearchAction\",\"target\":{\"@type\":\"EntryPoint\",\"urlTemplate\":\"https:\\\/\\\/repliquemangacine.fr\\\/?s={search_term_string}\"},\"query-input\":{\"@type\":\"PropertyValueSpecification\",\"valueRequired\":true,\"valueName\":\"search_term_string\"}}],\"inLanguage\":\"es\"},{\"@type\":\"Organization\",\"@id\":\"https:\\\/\\\/repliquemangacine.fr\\\/#organization\",\"name\":\"R\u00e9plique Manga Cin\u00e9\",\"url\":\"https:\\\/\\\/repliquemangacine.fr\\\/\",\"logo\":{\"@type\":\"ImageObject\",\"inLanguage\":\"es\",\"@id\":\"https:\\\/\\\/repliquemangacine.fr\\\/#\\\/schema\\\/logo\\\/image\\\/\",\"url\":\"https:\\\/\\\/repliquemangacine.fr\\\/wp-content\\\/uploads\\\/2023\\\/10\\\/RMC-500250.png\",\"contentUrl\":\"https:\\\/\\\/repliquemangacine.fr\\\/wp-content\\\/uploads\\\/2023\\\/10\\\/RMC-500250.png\",\"width\":500,\"height\":250,\"caption\":\"R\u00e9plique Manga Cin\u00e9\"},\"image\":{\"@id\":\"https:\\\/\\\/repliquemangacine.fr\\\/#\\\/schema\\\/logo\\\/image\\\/\"},\"sameAs\":[\"https:\\\/\\\/www.facebook.com\\\/RepliqueMangaCine\",\"https:\\\/\\\/www.instagram.com\\\/repliquemangacine.fr\\\/\"]}]}<\/script>\n<!-- \/ Yoast SEO plugin. -->","yoast_head_json":{"title":"Kunai Minato del espacio tiempo - Naruto - Tienda Online - RMC","description":"Haz tu pedido Este tiempo espacial Kuna\u00ef Minato en Naruto al mejor precio. Todo el acero en una sola pieza. Longitud total: 22cm - Env\u00edo 24\/48h","robots":{"index":"index","follow":"follow","max-snippet":"max-snippet:-1","max-image-preview":"max-image-preview:large","max-video-preview":"max-video-preview:-1"},"canonical":"https:\/\/repliquemangacine.fr\/es\/naruto-kunai-y-shuriken\/kunai-despace-time-minato\/","og_locale":"es_ES","og_type":"article","og_title":"Kuna\u00ef Minato d'espace temps - Naruto - Boutique en ligne - RMC","og_description":"Commandez vite ! Ce Kuna\u00ef Minato espace temps dans Naruto au meilleur prix. Tout en acier d'une seule pi\u00e8ce. Longueur totale : 22cm - Envoi 24\/48h","og_url":"https:\/\/repliquemangacine.fr\/es\/naruto-kunai-y-shuriken\/kunai-despace-time-minato\/","og_site_name":"R\u00e9plique Manga Cin\u00e9","article_publisher":"https:\/\/www.facebook.com\/RepliqueMangaCine","article_modified_time":"2026-01-24T22:06:32+00:00","og_image":[{"width":500,"height":500,"url":"https:\/\/repliquemangacine.fr\/wp-content\/uploads\/2023\/10\/kunai-yondaime.png","type":"image\/png"}],"twitter_card":"summary_large_image","twitter_misc":{"Tiempo de lectura":"2 minutos"},"schema":{"@context":"https:\/\/schema.org","@graph":[{"@type":"WebPage","@id":"https:\/\/repliquemangacine.fr\/kunai-et-shuriken-naruto\/kunai-despace-temps-minato\/","url":"https:\/\/repliquemangacine.fr\/kunai-et-shuriken-naruto\/kunai-despace-temps-minato\/","name":"Kunai Minato del espacio tiempo - Naruto - Tienda Online - RMC","isPartOf":{"@id":"https:\/\/repliquemangacine.fr\/#website"},"primaryImageOfPage":{"@id":"https:\/\/repliquemangacine.fr\/kunai-et-shuriken-naruto\/kunai-despace-temps-minato\/#primaryimage"},"image":{"@id":"https:\/\/repliquemangacine.fr\/kunai-et-shuriken-naruto\/kunai-despace-temps-minato\/#primaryimage"},"thumbnailUrl":"https:\/\/repliquemangacine.fr\/wp-content\/uploads\/2023\/10\/kunai-yondaime.png","datePublished":"2022-08-15T16:27:18+00:00","dateModified":"2026-01-24T22:06:32+00:00","description":"Haz tu pedido Este tiempo espacial Kuna\u00ef Minato en Naruto al mejor precio. Todo el acero en una sola pieza. Longitud total: 22cm - Env\u00edo 24\/48h","breadcrumb":{"@id":"https:\/\/repliquemangacine.fr\/kunai-et-shuriken-naruto\/kunai-despace-temps-minato\/#breadcrumb"},"inLanguage":"es","potentialAction":[{"@type":"ReadAction","target":["https:\/\/repliquemangacine.fr\/kunai-et-shuriken-naruto\/kunai-despace-temps-minato\/"]}]},{"@type":"ImageObject","inLanguage":"es","@id":"https:\/\/repliquemangacine.fr\/kunai-et-shuriken-naruto\/kunai-despace-temps-minato\/#primaryimage","url":"https:\/\/repliquemangacine.fr\/wp-content\/uploads\/2023\/10\/kunai-yondaime.png","contentUrl":"https:\/\/repliquemangacine.fr\/wp-content\/uploads\/2023\/10\/kunai-yondaime.png","width":500,"height":500,"caption":"Kuna\u00ef d'espace-temps Minato dans naruto"},{"@type":"BreadcrumbList","@id":"https:\/\/repliquemangacine.fr\/kunai-et-shuriken-naruto\/kunai-despace-temps-minato\/#breadcrumb","itemListElement":[{"@type":"ListItem","position":1,"name":"Accueil","item":"https:\/\/repliquemangacine.fr\/"},{"@type":"ListItem","position":2,"name":"Produits","item":"https:\/\/repliquemangacine.fr\/boutique\/"},{"@type":"ListItem","position":3,"name":"Kuna\u00ef Minato"}]},{"@type":"WebSite","@id":"https:\/\/repliquemangacine.fr\/#website","url":"https:\/\/repliquemangacine.fr\/","name":"R\u00e9plique Manga Cin\u00e9","description":"","publisher":{"@id":"https:\/\/repliquemangacine.fr\/#organization"},"potentialAction":[{"@type":"SearchAction","target":{"@type":"EntryPoint","urlTemplate":"https:\/\/repliquemangacine.fr\/?s={search_term_string}"},"query-input":{"@type":"PropertyValueSpecification","valueRequired":true,"valueName":"search_term_string"}}],"inLanguage":"es"},{"@type":"Organization","@id":"https:\/\/repliquemangacine.fr\/#organization","name":"R\u00e9plique Manga Cin\u00e9","url":"https:\/\/repliquemangacine.fr\/","logo":{"@type":"ImageObject","inLanguage":"es","@id":"https:\/\/repliquemangacine.fr\/#\/schema\/logo\/image\/","url":"https:\/\/repliquemangacine.fr\/wp-content\/uploads\/2023\/10\/RMC-500250.png","contentUrl":"https:\/\/repliquemangacine.fr\/wp-content\/uploads\/2023\/10\/RMC-500250.png","width":500,"height":250,"caption":"R\u00e9plique Manga Cin\u00e9"},"image":{"@id":"https:\/\/repliquemangacine.fr\/#\/schema\/logo\/image\/"},"sameAs":["https:\/\/www.facebook.com\/RepliqueMangaCine","https:\/\/www.instagram.com\/repliquemangacine.fr\/"]}]}},"_links":{"self":[{"href":"https:\/\/repliquemangacine.fr\/es\/wp-json\/wp\/v2\/product\/52461","targetHints":{"allow":["GET"]}}],"collection":[{"href":"https:\/\/repliquemangacine.fr\/es\/wp-json\/wp\/v2\/product"}],"about":[{"href":"https:\/\/repliquemangacine.fr\/es\/wp-json\/wp\/v2\/types\/product"}],"wp:featuredmedia":[{"embeddable":true,"href":"https:\/\/repliquemangacine.fr\/es\/wp-json\/wp\/v2\/media\/52462"}],"wp:attachment":[{"href":"https:\/\/repliquemangacine.fr\/es\/wp-json\/wp\/v2\/media?parent=52461"}],"wp:term":[{"taxonomy":"product_brand","embeddable":true,"href":"https:\/\/repliquemangacine.fr\/es\/wp-json\/wp\/v2\/product_brand?post=52461"},{"taxonomy":"product_cat","embeddable":true,"href":"https:\/\/repliquemangacine.fr\/es\/wp-json\/wp\/v2\/product_cat?post=52461"},{"taxonomy":"product_tag","embeddable":true,"href":"https:\/\/repliquemangacine.fr\/es\/wp-json\/wp\/v2\/product_tag?post=52461"}],"curies":[{"name":"wp","href":"https:\/\/api.w.org\/{rel}","templated":true}]}}