





{"id":52356,"date":"2022-08-11T14:55:47","date_gmt":"2022-08-11T12:55:47","guid":{"rendered":"https:\/\/repliquemangacine.fr\/?post_type=product&#038;p=52356"},"modified":"2026-03-25T15:53:31","modified_gmt":"2026-03-25T14:53:31","slug":"espada-thranduil-sable-elfo","status":"publish","type":"product","link":"https:\/\/repliquemangacine.fr\/es\/epees-the-hobbit\/epee-thranduil-sabre-elfique\/","title":{"rendered":"Thranduil Espada \u00e9lfica"},"content":{"rendered":"<h2>La espada \u00e9lfica de Thranduil en El Hobbit<\/h2>\n<p>Para empezar, el<strong>Thranduil Espada \u00e9lfica<\/strong>, era una de las dos espadas gemelas fabricadas para Thranduil por los mejores herreros del reino de los bosques.<\/p>\n<p>Thranduil Hoja Verde es un elfo Sindar, rey del Bosque Negro y padre de Legolas.<\/p>\n<p>Thranduil particip\u00f3 en la Batalla de los Cinco Ej\u00e9rcitos. Marcha hacia Erebor con su ej\u00e9rcito para tomar por la fuerza su parte del tesoro de la Monta\u00f1a Solitaria. Cuando se dispon\u00eda a entablar combate contra los enanos de las Monta\u00f1as de Hierro que hab\u00edan acudido en ayuda de la Compa\u00f1\u00eda de Thorin, atrapada en Erebor, aparecieron los orcos y se ali\u00f3 con los enanos para derrotarlos. Luch\u00f3 con furia y valent\u00eda, habiendo jurado matar a todos los orcos que se interpusieran en su camino.<\/p>\n<h2>Tu Espada \u00e9lfica Thranduil al mejor precio.<\/h2>\n<p>Te ofrecemos todas las r\u00e9plicas de tus personajes favoritos de El Hobbit.<\/p>\n<p>Lo primero y m\u00e1s importante,<\/p>\n<ul>\n<li>El famoso <a href=\"https:\/\/repliquemangacine.fr\/es\/las-espadas-del-hobbit\/espada-orcrist-espada-thorin\/\">Espada Orcrist<\/a>apodada Mordeuse, es la espada de Thorin hecha de roble.<\/li>\n<li>As\u00ed como su espada enana. A continuaci\u00f3n, el <a href=\"https:\/\/repliquemangacine.fr\/es\/las-espadas-del-hobbit\/dague-tauriel-the-hobbit\/\">Dagas de Tauriel<\/a>el Duende Luchador.<\/li>\n<li>Tambi\u00e9n encontrar\u00e1 algunas joyas <a href=\"https:\/\/noblecollection.fr\/bilbon-hobbit-produits-sous-licences-officielles-c-129_41.html\" target=\"_blank\" rel=\"noopener noreferrer\">La Colecci\u00f3n Noble.<\/a><\/li>\n<\/ul>\n<p>Aqu\u00ed tienes algunas ideas para regalar a los fans de la trilog\u00eda de El Hobbit.<\/p>\n<p>Para concluir, tambi\u00e9n puede utilizar esta <strong>Thranduil Espada \u00e9lfica<\/strong> para tus desfiles de cosplay o veladas tem\u00e1ticas. Pero, sobre todo, esta espada es tambi\u00e9n una pieza de coleccionista y una pieza decorativa.<\/p>\n<h2>\u00bfC\u00f3mo mantengo la hoja de mi espada de El Hobbit?<\/h2>\n<p>Las espadas de colecci\u00f3n y decorativas se fabrican y ensamblan de forma simplificada. Como su uso es decorativo, no cuentan con los elementos de seguridad necesarios para una espada japonesa destinada al entrenamiento.<\/p>\n<p>Sin embargo, su <strong>Thranduil Espada \u00e9lfica<\/strong> a una hoja de acero que hay que cuidar para evitar que se estropee con el tiempo. Cuando exponga su katana, sus amigos sentir\u00e1n curiosidad por ver la hoja y tocarla. Aqu\u00ed es donde hay que tener cuidado, ya que la acidez de los dedos es muy perjudicial para el acero, sea cual sea su calidad.<\/p>\n<p>Sin embargo, si esto ocurre, no te asustes, todo lo que necesitas es un pa\u00f1o humedecido con un poco de aceite y limpiar las huellas dactilares. Si haces esto, tu espada durar\u00e1 mucho tiempo.<\/p>","protected":false},"excerpt":{"rendered":"<p>R\u00e9plica de la espada de Thranduil en la trilog\u00eda de El Hobbit.<\/p>\n<ul>\n<li>Hoja de acero 440 calada y decorada.<\/li>\n<li>Mango de acero grabado.<\/li>\n<li>Soporte de madera decorado.<\/li>\n<li>Longitud de la hoja: 74 cm - Longitud total: 97 cm<\/li>\n<\/ul>","protected":false},"featured_media":52357,"template":"","meta":[],"product_brand":[896],"product_cat":[69,24,35],"product_tag":[],"class_list":{"0":"post-52356","1":"product","2":"type-product","3":"status-publish","4":"has-post-thumbnail","6":"product_brand-replique-manga-cine","7":"product_cat-epees-the-hobbit","8":"product_cat-films-series-tv-vente-de-katana-epee-et-produits-derives","9":"product_cat-epee-et-bijoux-the-hobbit","11":"first","12":"instock","13":"taxable","14":"shipping-taxable","15":"purchasable","16":"product-type-simple"},"yoast_head":"<!-- This site is optimized with the Yoast SEO plugin v27.4 - https:\/\/yoast.com\/product\/yoast-seo-wordpress\/ -->\n<title>Ep\u00e9e Thranduil sabre Elfique - The Hobbit - R\u00e9plique Manga Cin\u00e9<\/title>\n<meta name=\"description\" content=\"Offrez-vous l&#039;Ep\u00e9e Thranduil sabre Elfique dans The Hobbit au meilleur prix. Lame en acier 440 - Support bois - Longueur totale : 97 cm - Envoi 24\/48h\" \/>\n<meta name=\"robots\" content=\"index, follow, max-snippet:-1, max-image-preview:large, max-video-preview:-1\" \/>\n<link rel=\"canonical\" href=\"https:\/\/repliquemangacine.fr\/es\/las-espadas-del-hobbit\/espada-thranduil-sable-elfo\/\" \/>\n<meta property=\"og:locale\" content=\"es_ES\" \/>\n<meta property=\"og:type\" content=\"article\" \/>\n<meta property=\"og:title\" content=\"Ep\u00e9e Thranduil sabre Elfique - The Hobbit - R\u00e9plique Manga Cin\u00e9\" \/>\n<meta property=\"og:description\" content=\"Offrez-vous l&#039;Ep\u00e9e Thranduil sabre Elfique dans The Hobbit au meilleur prix. Lame en acier 440 - Support bois - Longueur totale : 97 cm - Envoi 24\/48h\" \/>\n<meta property=\"og:url\" content=\"https:\/\/repliquemangacine.fr\/es\/las-espadas-del-hobbit\/espada-thranduil-sable-elfo\/\" \/>\n<meta property=\"og:site_name\" content=\"R\u00e9plique Manga Cin\u00e9\" \/>\n<meta property=\"article:publisher\" content=\"https:\/\/www.facebook.com\/RepliqueMangaCine\" \/>\n<meta property=\"article:modified_time\" content=\"2026-03-25T14:53:31+00:00\" \/>\n<meta property=\"og:image\" content=\"https:\/\/repliquemangacine.fr\/wp-content\/uploads\/2023\/10\/148.jpg\" \/>\n\t<meta property=\"og:image:width\" content=\"500\" \/>\n\t<meta property=\"og:image:height\" content=\"500\" \/>\n\t<meta property=\"og:image:type\" content=\"image\/jpeg\" \/>\n<meta name=\"twitter:card\" content=\"summary_large_image\" \/>\n<meta name=\"twitter:label1\" content=\"Tiempo de lectura\" \/>\n\t<meta name=\"twitter:data1\" content=\"2 minutos\" \/>\n<script type=\"application\/ld+json\" class=\"yoast-schema-graph\">{\"@context\":\"https:\\\/\\\/schema.org\",\"@graph\":[{\"@type\":\"WebPage\",\"@id\":\"https:\\\/\\\/repliquemangacine.fr\\\/epees-the-hobbit\\\/epee-thranduil-sabre-elfique\\\/\",\"url\":\"https:\\\/\\\/repliquemangacine.fr\\\/epees-the-hobbit\\\/epee-thranduil-sabre-elfique\\\/\",\"name\":\"Ep\u00e9e Thranduil sabre Elfique - The Hobbit - R\u00e9plique Manga Cin\u00e9\",\"isPartOf\":{\"@id\":\"https:\\\/\\\/repliquemangacine.fr\\\/#website\"},\"primaryImageOfPage\":{\"@id\":\"https:\\\/\\\/repliquemangacine.fr\\\/epees-the-hobbit\\\/epee-thranduil-sabre-elfique\\\/#primaryimage\"},\"image\":{\"@id\":\"https:\\\/\\\/repliquemangacine.fr\\\/epees-the-hobbit\\\/epee-thranduil-sabre-elfique\\\/#primaryimage\"},\"thumbnailUrl\":\"https:\\\/\\\/repliquemangacine.fr\\\/wp-content\\\/uploads\\\/2023\\\/10\\\/148.jpg\",\"datePublished\":\"2022-08-11T12:55:47+00:00\",\"dateModified\":\"2026-03-25T14:53:31+00:00\",\"description\":\"Offrez-vous l'Ep\u00e9e Thranduil sabre Elfique dans The Hobbit au meilleur prix. Lame en acier 440 - Support bois - Longueur totale : 97 cm - Envoi 24\\\/48h\",\"breadcrumb\":{\"@id\":\"https:\\\/\\\/repliquemangacine.fr\\\/epees-the-hobbit\\\/epee-thranduil-sabre-elfique\\\/#breadcrumb\"},\"inLanguage\":\"es\",\"potentialAction\":[{\"@type\":\"ReadAction\",\"target\":[\"https:\\\/\\\/repliquemangacine.fr\\\/epees-the-hobbit\\\/epee-thranduil-sabre-elfique\\\/\"]}]},{\"@type\":\"ImageObject\",\"inLanguage\":\"es\",\"@id\":\"https:\\\/\\\/repliquemangacine.fr\\\/epees-the-hobbit\\\/epee-thranduil-sabre-elfique\\\/#primaryimage\",\"url\":\"https:\\\/\\\/repliquemangacine.fr\\\/wp-content\\\/uploads\\\/2023\\\/10\\\/148.jpg\",\"contentUrl\":\"https:\\\/\\\/repliquemangacine.fr\\\/wp-content\\\/uploads\\\/2023\\\/10\\\/148.jpg\",\"width\":500,\"height\":500,\"caption\":\"Ep\u00e9e Thranduil sabre Elfique The Hobbit\"},{\"@type\":\"BreadcrumbList\",\"@id\":\"https:\\\/\\\/repliquemangacine.fr\\\/epees-the-hobbit\\\/epee-thranduil-sabre-elfique\\\/#breadcrumb\",\"itemListElement\":[{\"@type\":\"ListItem\",\"position\":1,\"name\":\"Accueil\",\"item\":\"https:\\\/\\\/repliquemangacine.fr\\\/\"},{\"@type\":\"ListItem\",\"position\":2,\"name\":\"Produits\",\"item\":\"https:\\\/\\\/repliquemangacine.fr\\\/boutique\\\/\"},{\"@type\":\"ListItem\",\"position\":3,\"name\":\"Ep\u00e9e Thranduil sabre Elfique\"}]},{\"@type\":\"WebSite\",\"@id\":\"https:\\\/\\\/repliquemangacine.fr\\\/#website\",\"url\":\"https:\\\/\\\/repliquemangacine.fr\\\/\",\"name\":\"R\u00e9plique Manga Cin\u00e9\",\"description\":\"\",\"publisher\":{\"@id\":\"https:\\\/\\\/repliquemangacine.fr\\\/#organization\"},\"potentialAction\":[{\"@type\":\"SearchAction\",\"target\":{\"@type\":\"EntryPoint\",\"urlTemplate\":\"https:\\\/\\\/repliquemangacine.fr\\\/?s={search_term_string}\"},\"query-input\":{\"@type\":\"PropertyValueSpecification\",\"valueRequired\":true,\"valueName\":\"search_term_string\"}}],\"inLanguage\":\"es\"},{\"@type\":\"Organization\",\"@id\":\"https:\\\/\\\/repliquemangacine.fr\\\/#organization\",\"name\":\"R\u00e9plique Manga Cin\u00e9\",\"url\":\"https:\\\/\\\/repliquemangacine.fr\\\/\",\"logo\":{\"@type\":\"ImageObject\",\"inLanguage\":\"es\",\"@id\":\"https:\\\/\\\/repliquemangacine.fr\\\/#\\\/schema\\\/logo\\\/image\\\/\",\"url\":\"https:\\\/\\\/repliquemangacine.fr\\\/wp-content\\\/uploads\\\/2023\\\/10\\\/RMC-500250.png\",\"contentUrl\":\"https:\\\/\\\/repliquemangacine.fr\\\/wp-content\\\/uploads\\\/2023\\\/10\\\/RMC-500250.png\",\"width\":500,\"height\":250,\"caption\":\"R\u00e9plique Manga Cin\u00e9\"},\"image\":{\"@id\":\"https:\\\/\\\/repliquemangacine.fr\\\/#\\\/schema\\\/logo\\\/image\\\/\"},\"sameAs\":[\"https:\\\/\\\/www.facebook.com\\\/RepliqueMangaCine\",\"https:\\\/\\\/www.instagram.com\\\/repliquemangacine.fr\\\/\"]}]}<\/script>\n<!-- \/ Yoast SEO plugin. -->","yoast_head_json":{"title":"Espada \u00e9lfica Thranduil - El Hobbit - R\u00e9plique Manga Cin\u00e9","description":"Reg\u00e1late la espada \u00e9lfica Thranduil de El Hobbit al mejor precio. Hoja de acero 440 - Soporte de madera - Longitud total: 97 cm - Env\u00edo 24\/48h","robots":{"index":"index","follow":"follow","max-snippet":"max-snippet:-1","max-image-preview":"max-image-preview:large","max-video-preview":"max-video-preview:-1"},"canonical":"https:\/\/repliquemangacine.fr\/es\/las-espadas-del-hobbit\/espada-thranduil-sable-elfo\/","og_locale":"es_ES","og_type":"article","og_title":"Ep\u00e9e Thranduil sabre Elfique - The Hobbit - R\u00e9plique Manga Cin\u00e9","og_description":"Offrez-vous l'Ep\u00e9e Thranduil sabre Elfique dans The Hobbit au meilleur prix. Lame en acier 440 - Support bois - Longueur totale : 97 cm - Envoi 24\/48h","og_url":"https:\/\/repliquemangacine.fr\/es\/las-espadas-del-hobbit\/espada-thranduil-sable-elfo\/","og_site_name":"R\u00e9plique Manga Cin\u00e9","article_publisher":"https:\/\/www.facebook.com\/RepliqueMangaCine","article_modified_time":"2026-03-25T14:53:31+00:00","og_image":[{"width":500,"height":500,"url":"https:\/\/repliquemangacine.fr\/wp-content\/uploads\/2023\/10\/148.jpg","type":"image\/jpeg"}],"twitter_card":"summary_large_image","twitter_misc":{"Tiempo de lectura":"2 minutos"},"schema":{"@context":"https:\/\/schema.org","@graph":[{"@type":"WebPage","@id":"https:\/\/repliquemangacine.fr\/epees-the-hobbit\/epee-thranduil-sabre-elfique\/","url":"https:\/\/repliquemangacine.fr\/epees-the-hobbit\/epee-thranduil-sabre-elfique\/","name":"Espada \u00e9lfica Thranduil - El Hobbit - R\u00e9plique Manga Cin\u00e9","isPartOf":{"@id":"https:\/\/repliquemangacine.fr\/#website"},"primaryImageOfPage":{"@id":"https:\/\/repliquemangacine.fr\/epees-the-hobbit\/epee-thranduil-sabre-elfique\/#primaryimage"},"image":{"@id":"https:\/\/repliquemangacine.fr\/epees-the-hobbit\/epee-thranduil-sabre-elfique\/#primaryimage"},"thumbnailUrl":"https:\/\/repliquemangacine.fr\/wp-content\/uploads\/2023\/10\/148.jpg","datePublished":"2022-08-11T12:55:47+00:00","dateModified":"2026-03-25T14:53:31+00:00","description":"Reg\u00e1late la espada \u00e9lfica Thranduil de El Hobbit al mejor precio. Hoja de acero 440 - Soporte de madera - Longitud total: 97 cm - Env\u00edo 24\/48h","breadcrumb":{"@id":"https:\/\/repliquemangacine.fr\/epees-the-hobbit\/epee-thranduil-sabre-elfique\/#breadcrumb"},"inLanguage":"es","potentialAction":[{"@type":"ReadAction","target":["https:\/\/repliquemangacine.fr\/epees-the-hobbit\/epee-thranduil-sabre-elfique\/"]}]},{"@type":"ImageObject","inLanguage":"es","@id":"https:\/\/repliquemangacine.fr\/epees-the-hobbit\/epee-thranduil-sabre-elfique\/#primaryimage","url":"https:\/\/repliquemangacine.fr\/wp-content\/uploads\/2023\/10\/148.jpg","contentUrl":"https:\/\/repliquemangacine.fr\/wp-content\/uploads\/2023\/10\/148.jpg","width":500,"height":500,"caption":"Ep\u00e9e Thranduil sabre Elfique The Hobbit"},{"@type":"BreadcrumbList","@id":"https:\/\/repliquemangacine.fr\/epees-the-hobbit\/epee-thranduil-sabre-elfique\/#breadcrumb","itemListElement":[{"@type":"ListItem","position":1,"name":"Accueil","item":"https:\/\/repliquemangacine.fr\/"},{"@type":"ListItem","position":2,"name":"Produits","item":"https:\/\/repliquemangacine.fr\/boutique\/"},{"@type":"ListItem","position":3,"name":"Ep\u00e9e Thranduil sabre Elfique"}]},{"@type":"WebSite","@id":"https:\/\/repliquemangacine.fr\/#website","url":"https:\/\/repliquemangacine.fr\/","name":"R\u00e9plique Manga Cin\u00e9","description":"","publisher":{"@id":"https:\/\/repliquemangacine.fr\/#organization"},"potentialAction":[{"@type":"SearchAction","target":{"@type":"EntryPoint","urlTemplate":"https:\/\/repliquemangacine.fr\/?s={search_term_string}"},"query-input":{"@type":"PropertyValueSpecification","valueRequired":true,"valueName":"search_term_string"}}],"inLanguage":"es"},{"@type":"Organization","@id":"https:\/\/repliquemangacine.fr\/#organization","name":"R\u00e9plique Manga Cin\u00e9","url":"https:\/\/repliquemangacine.fr\/","logo":{"@type":"ImageObject","inLanguage":"es","@id":"https:\/\/repliquemangacine.fr\/#\/schema\/logo\/image\/","url":"https:\/\/repliquemangacine.fr\/wp-content\/uploads\/2023\/10\/RMC-500250.png","contentUrl":"https:\/\/repliquemangacine.fr\/wp-content\/uploads\/2023\/10\/RMC-500250.png","width":500,"height":250,"caption":"R\u00e9plique Manga Cin\u00e9"},"image":{"@id":"https:\/\/repliquemangacine.fr\/#\/schema\/logo\/image\/"},"sameAs":["https:\/\/www.facebook.com\/RepliqueMangaCine","https:\/\/www.instagram.com\/repliquemangacine.fr\/"]}]}},"_links":{"self":[{"href":"https:\/\/repliquemangacine.fr\/es\/wp-json\/wp\/v2\/product\/52356","targetHints":{"allow":["GET"]}}],"collection":[{"href":"https:\/\/repliquemangacine.fr\/es\/wp-json\/wp\/v2\/product"}],"about":[{"href":"https:\/\/repliquemangacine.fr\/es\/wp-json\/wp\/v2\/types\/product"}],"wp:featuredmedia":[{"embeddable":true,"href":"https:\/\/repliquemangacine.fr\/es\/wp-json\/wp\/v2\/media\/52357"}],"wp:attachment":[{"href":"https:\/\/repliquemangacine.fr\/es\/wp-json\/wp\/v2\/media?parent=52356"}],"wp:term":[{"taxonomy":"product_brand","embeddable":true,"href":"https:\/\/repliquemangacine.fr\/es\/wp-json\/wp\/v2\/product_brand?post=52356"},{"taxonomy":"product_cat","embeddable":true,"href":"https:\/\/repliquemangacine.fr\/es\/wp-json\/wp\/v2\/product_cat?post=52356"},{"taxonomy":"product_tag","embeddable":true,"href":"https:\/\/repliquemangacine.fr\/es\/wp-json\/wp\/v2\/product_tag?post=52356"}],"curies":[{"name":"wp","href":"https:\/\/api.w.org\/{rel}","templated":true}]}}