





{"id":52243,"date":"2022-08-06T15:48:02","date_gmt":"2022-08-06T13:48:02","guid":{"rendered":"https:\/\/repliquemangacine.fr\/?post_type=product&#038;p=52243"},"modified":"2026-04-19T02:08:58","modified_gmt":"2026-04-19T00:08:58","slug":"cana-brook-epee","status":"publish","type":"product","link":"https:\/\/repliquemangacine.fr\/es\/repliques-manga-jeux-video\/canne-epee-brook\/","title":{"rendered":"Bast\u00f3n espada Brook"},"content":{"rendered":"<h2>La espada de Brook en One Piece.<\/h2>\n<p>Para empezar, el <strong>Bast\u00f3n espada de Brook<\/strong> se utiliza en la mayor\u00eda de sus t\u00e9cnicas de combate.<\/p>\n<p>Brook, apodado Brook el Hummer, es el m\u00fasico y segundo espadach\u00edn (despu\u00e9s de Zoro) de la Tripulaci\u00f3n del Sombrero de Paja. Es un esqueleto viviente que conocieron a bordo de un barco fantasma tras encontrar un misterioso barril a la deriva en el oc\u00e9ano.<\/p>\n<p>Primera aparici\u00f3n, <a href=\"https:\/\/onepiece.fandom.com\/fr\/wiki\/Brook\" target=\"_blank\" rel=\"noopener noreferrer\">Arroyo<\/a> tiene el aspecto de un esqueleto con corte de pelo a lo afro -las ra\u00edces est\u00e1n profundamente implantadas en el cr\u00e1neo- y al principio viste ropas elegantes, destrozadas por el tiempo y los duros combates.<\/p>\n<p>Utiliza su bast\u00f3n espada para la mayor\u00eda de sus t\u00e9cnicas de lucha, como :<\/p>\n<p>-Lullaby Parade: Brook coge su viol\u00edn y utiliza su espada como arco. As\u00ed produce una m\u00fasica que duerme a sus enemigos (y tambi\u00e9n a algunos de sus amigos).<\/p>\n<h2>Tu bast\u00f3n espada Brook al mejor precio.<\/h2>\n<p>Tenemos una gran selecci\u00f3n de frases de tus personajes favoritos de One Piece.<\/p>\n<p>Lo primero y m\u00e1s importante,<\/p>\n<ul>\n<li>La Katana <a href=\"https:\/\/repliquemangacine.fr\/es\/una-pieza\/nidai-kitetsu-la-espada-de-luffy-one-piece\/\">Nidai Kitetsu<\/a> de Luffy en One Piece, con su aspecto at\u00edpico.<\/li>\n<li>Entonces, el nuevo <a href=\"https:\/\/repliquemangacine.fr\/es\/una-pieza\/nidai-kitetsu-la-espada-de-luffy-one-piece\/\">Katana de Zoro Enma<\/a> en su versi\u00f3n de lujo.<\/li>\n<li>Y muchos m\u00e1s por descubrir en nuestra tienda en l\u00ednea.<\/li>\n<\/ul>\n<p>Por eso es una gran idea de regalo para todos los fans de One Piece.<\/p>\n<p>En conclusi\u00f3n, puede utilizar La <strong>Bast\u00f3n espada de Brook<\/strong> para sus espect\u00e1culos de cosplay o veladas tem\u00e1ticas. El bast\u00f3n de Brook es ante todo una pieza de coleccionista y un objeto decorativo.<\/p>\n<h2>Nuestros lanzamientos baratos de One Piece<\/h2>\n<p>Siempre estamos a la caza de novedades, \u00a1as\u00ed que tenemos algunas peque\u00f1as pepitas para que descubras en un futuro pr\u00f3ximo! Podr\u00e1s pasearte por tus convenciones manga con el <a href=\"https:\/\/repliquemangacine.fr\/es\/katana-de-una-pieza\/katana-raiu-shiliew-una-pieza\/\">raiu Shiliew katana<\/a>. Tambi\u00e9n habr\u00e1 figuras de One Piece y Wallscrolls de tus personajes favoritos.<\/p>\n<p>R\u00e9plique Manga Cin\u00e9 es una empresa francesa.<\/p>\n<p><strong>Tenga en cuenta que todas nuestras r\u00e9plicas son objetos de colecci\u00f3n y decoraci\u00f3n. Puede utilizarlas para recreaciones hist\u00f3ricas, desfiles de cosplay o decoraci\u00f3n de interiores. En consecuencia, no es posible acudir a lugares p\u00fablicos con estas r\u00e9plicas.<\/strong><\/p>\n<p>&nbsp;<\/p>","protected":false},"excerpt":{"rendered":"<p>Magn\u00edfica r\u00e9plica del bast\u00f3n espada utilizado por Brook en One Piece.<\/p>\n<ul>\n<li>Bast\u00f3n totalmente met\u00e1lico recubierto de laca p\u00farpura.<\/li>\n<li>Hoja de acero inoxidable 440.<\/li>\n<li>La rosca del tornillo es relativamente larga para una buena seguridad.<\/li>\n<li>En el extremo del bast\u00f3n hay una tira de goma antideslizante para un agarre seguro al caminar.<\/li>\n<li>Longitud de la hoja: 62 cm - Longitud total de la ca\u00f1a de la espada cerrada: 98 cm<\/li>\n<\/ul>","protected":false},"featured_media":52244,"template":"","meta":[],"product_brand":[896],"product_cat":[123,23],"product_tag":[],"class_list":{"0":"post-52243","1":"product","2":"type-product","3":"status-publish","4":"has-post-thumbnail","6":"product_brand-replique-manga-cine","7":"product_cat-katana-en-metal-one-piece","8":"product_cat-repliques-manga-jeux-video","10":"first","11":"outofstock","12":"taxable","13":"shipping-taxable","14":"purchasable","15":"product-type-simple"},"yoast_head":"<!-- This site is optimized with the Yoast SEO plugin v27.4 - https:\/\/yoast.com\/product\/yoast-seo-wordpress\/ -->\n<title>Canne Ep\u00e9e de Brook - One Piece - Boutique en ligne - RMC<\/title>\n<meta name=\"description\" content=\"Commandez votre Canne Ep\u00e9e de Brook dans One Piece au meilleur prix. Tout en m\u00e9tal violet et laqu\u00e9. Lame acier - Longueur totale : 98 cm - Envoi 24\/48h\" \/>\n<meta name=\"robots\" content=\"index, follow, max-snippet:-1, max-image-preview:large, max-video-preview:-1\" \/>\n<link rel=\"canonical\" href=\"https:\/\/repliquemangacine.fr\/es\/replica-de-videojuegos-manga\/cana-brook-epee\/\" \/>\n<meta property=\"og:locale\" content=\"es_ES\" \/>\n<meta property=\"og:type\" content=\"article\" \/>\n<meta property=\"og:title\" content=\"Canne Ep\u00e9e de Brook - One Piece - Boutique en ligne - RMC\" \/>\n<meta property=\"og:description\" content=\"Commandez votre Canne Ep\u00e9e de Brook dans One Piece au meilleur prix. Tout en m\u00e9tal violet et laqu\u00e9. Lame acier - Longueur totale : 98 cm - Envoi 24\/48h\" \/>\n<meta property=\"og:url\" content=\"https:\/\/repliquemangacine.fr\/es\/replica-de-videojuegos-manga\/cana-brook-epee\/\" \/>\n<meta property=\"og:site_name\" content=\"R\u00e9plique Manga Cin\u00e9\" \/>\n<meta property=\"article:publisher\" content=\"https:\/\/www.facebook.com\/RepliqueMangaCine\" \/>\n<meta property=\"article:modified_time\" content=\"2026-04-19T00:08:58+00:00\" \/>\n<meta property=\"og:image\" content=\"https:\/\/repliquemangacine.fr\/wp-content\/uploads\/2023\/10\/canne-epee-one-piece.png\" \/>\n\t<meta property=\"og:image:width\" content=\"500\" \/>\n\t<meta property=\"og:image:height\" content=\"500\" \/>\n\t<meta property=\"og:image:type\" content=\"image\/png\" \/>\n<meta name=\"twitter:card\" content=\"summary_large_image\" \/>\n<meta name=\"twitter:label1\" content=\"Tiempo de lectura\" \/>\n\t<meta name=\"twitter:data1\" content=\"3 minutos\" \/>\n<script type=\"application\/ld+json\" class=\"yoast-schema-graph\">{\"@context\":\"https:\\\/\\\/schema.org\",\"@graph\":[{\"@type\":\"WebPage\",\"@id\":\"https:\\\/\\\/repliquemangacine.fr\\\/repliques-manga-jeux-video\\\/canne-epee-brook\\\/\",\"url\":\"https:\\\/\\\/repliquemangacine.fr\\\/repliques-manga-jeux-video\\\/canne-epee-brook\\\/\",\"name\":\"Canne Ep\u00e9e de Brook - One Piece - Boutique en ligne - RMC\",\"isPartOf\":{\"@id\":\"https:\\\/\\\/repliquemangacine.fr\\\/#website\"},\"primaryImageOfPage\":{\"@id\":\"https:\\\/\\\/repliquemangacine.fr\\\/repliques-manga-jeux-video\\\/canne-epee-brook\\\/#primaryimage\"},\"image\":{\"@id\":\"https:\\\/\\\/repliquemangacine.fr\\\/repliques-manga-jeux-video\\\/canne-epee-brook\\\/#primaryimage\"},\"thumbnailUrl\":\"https:\\\/\\\/repliquemangacine.fr\\\/wp-content\\\/uploads\\\/2023\\\/10\\\/canne-epee-one-piece.png\",\"datePublished\":\"2022-08-06T13:48:02+00:00\",\"dateModified\":\"2026-04-19T00:08:58+00:00\",\"description\":\"Commandez votre Canne Ep\u00e9e de Brook dans One Piece au meilleur prix. Tout en m\u00e9tal violet et laqu\u00e9. Lame acier - Longueur totale : 98 cm - Envoi 24\\\/48h\",\"breadcrumb\":{\"@id\":\"https:\\\/\\\/repliquemangacine.fr\\\/repliques-manga-jeux-video\\\/canne-epee-brook\\\/#breadcrumb\"},\"inLanguage\":\"es\",\"potentialAction\":[{\"@type\":\"ReadAction\",\"target\":[\"https:\\\/\\\/repliquemangacine.fr\\\/repliques-manga-jeux-video\\\/canne-epee-brook\\\/\"]}]},{\"@type\":\"ImageObject\",\"inLanguage\":\"es\",\"@id\":\"https:\\\/\\\/repliquemangacine.fr\\\/repliques-manga-jeux-video\\\/canne-epee-brook\\\/#primaryimage\",\"url\":\"https:\\\/\\\/repliquemangacine.fr\\\/wp-content\\\/uploads\\\/2023\\\/10\\\/canne-epee-one-piece.png\",\"contentUrl\":\"https:\\\/\\\/repliquemangacine.fr\\\/wp-content\\\/uploads\\\/2023\\\/10\\\/canne-epee-one-piece.png\",\"width\":500,\"height\":500,\"caption\":\"Canne Ep\u00e9e de Brook dans One Piece\"},{\"@type\":\"BreadcrumbList\",\"@id\":\"https:\\\/\\\/repliquemangacine.fr\\\/repliques-manga-jeux-video\\\/canne-epee-brook\\\/#breadcrumb\",\"itemListElement\":[{\"@type\":\"ListItem\",\"position\":1,\"name\":\"Accueil\",\"item\":\"https:\\\/\\\/repliquemangacine.fr\\\/\"},{\"@type\":\"ListItem\",\"position\":2,\"name\":\"Produits\",\"item\":\"https:\\\/\\\/repliquemangacine.fr\\\/boutique\\\/\"},{\"@type\":\"ListItem\",\"position\":3,\"name\":\"Canne \u00e9p\u00e9e Brook\"}]},{\"@type\":\"WebSite\",\"@id\":\"https:\\\/\\\/repliquemangacine.fr\\\/#website\",\"url\":\"https:\\\/\\\/repliquemangacine.fr\\\/\",\"name\":\"R\u00e9plique Manga Cin\u00e9\",\"description\":\"\",\"publisher\":{\"@id\":\"https:\\\/\\\/repliquemangacine.fr\\\/#organization\"},\"potentialAction\":[{\"@type\":\"SearchAction\",\"target\":{\"@type\":\"EntryPoint\",\"urlTemplate\":\"https:\\\/\\\/repliquemangacine.fr\\\/?s={search_term_string}\"},\"query-input\":{\"@type\":\"PropertyValueSpecification\",\"valueRequired\":true,\"valueName\":\"search_term_string\"}}],\"inLanguage\":\"es\"},{\"@type\":\"Organization\",\"@id\":\"https:\\\/\\\/repliquemangacine.fr\\\/#organization\",\"name\":\"R\u00e9plique Manga Cin\u00e9\",\"url\":\"https:\\\/\\\/repliquemangacine.fr\\\/\",\"logo\":{\"@type\":\"ImageObject\",\"inLanguage\":\"es\",\"@id\":\"https:\\\/\\\/repliquemangacine.fr\\\/#\\\/schema\\\/logo\\\/image\\\/\",\"url\":\"https:\\\/\\\/repliquemangacine.fr\\\/wp-content\\\/uploads\\\/2023\\\/10\\\/RMC-500250.png\",\"contentUrl\":\"https:\\\/\\\/repliquemangacine.fr\\\/wp-content\\\/uploads\\\/2023\\\/10\\\/RMC-500250.png\",\"width\":500,\"height\":250,\"caption\":\"R\u00e9plique Manga Cin\u00e9\"},\"image\":{\"@id\":\"https:\\\/\\\/repliquemangacine.fr\\\/#\\\/schema\\\/logo\\\/image\\\/\"},\"sameAs\":[\"https:\\\/\\\/www.facebook.com\\\/RepliqueMangaCine\",\"https:\\\/\\\/www.instagram.com\\\/repliquemangacine.fr\\\/\"]}]}<\/script>\n<!-- \/ Yoast SEO plugin. -->","yoast_head_json":{"title":"Bast\u00f3n Espada Brook - One Piece - Tienda Online - RMC","description":"Encargue su bast\u00f3n espada Brook de una pieza al mejor precio. Todo en metal lacado p\u00farpura. Hoja de acero - Longitud total: 98 cm - Env\u00edo 24\/48h","robots":{"index":"index","follow":"follow","max-snippet":"max-snippet:-1","max-image-preview":"max-image-preview:large","max-video-preview":"max-video-preview:-1"},"canonical":"https:\/\/repliquemangacine.fr\/es\/replica-de-videojuegos-manga\/cana-brook-epee\/","og_locale":"es_ES","og_type":"article","og_title":"Canne Ep\u00e9e de Brook - One Piece - Boutique en ligne - RMC","og_description":"Commandez votre Canne Ep\u00e9e de Brook dans One Piece au meilleur prix. Tout en m\u00e9tal violet et laqu\u00e9. Lame acier - Longueur totale : 98 cm - Envoi 24\/48h","og_url":"https:\/\/repliquemangacine.fr\/es\/replica-de-videojuegos-manga\/cana-brook-epee\/","og_site_name":"R\u00e9plique Manga Cin\u00e9","article_publisher":"https:\/\/www.facebook.com\/RepliqueMangaCine","article_modified_time":"2026-04-19T00:08:58+00:00","og_image":[{"width":500,"height":500,"url":"https:\/\/repliquemangacine.fr\/wp-content\/uploads\/2023\/10\/canne-epee-one-piece.png","type":"image\/png"}],"twitter_card":"summary_large_image","twitter_misc":{"Tiempo de lectura":"3 minutos"},"schema":{"@context":"https:\/\/schema.org","@graph":[{"@type":"WebPage","@id":"https:\/\/repliquemangacine.fr\/repliques-manga-jeux-video\/canne-epee-brook\/","url":"https:\/\/repliquemangacine.fr\/repliques-manga-jeux-video\/canne-epee-brook\/","name":"Bast\u00f3n Espada Brook - One Piece - Tienda Online - RMC","isPartOf":{"@id":"https:\/\/repliquemangacine.fr\/#website"},"primaryImageOfPage":{"@id":"https:\/\/repliquemangacine.fr\/repliques-manga-jeux-video\/canne-epee-brook\/#primaryimage"},"image":{"@id":"https:\/\/repliquemangacine.fr\/repliques-manga-jeux-video\/canne-epee-brook\/#primaryimage"},"thumbnailUrl":"https:\/\/repliquemangacine.fr\/wp-content\/uploads\/2023\/10\/canne-epee-one-piece.png","datePublished":"2022-08-06T13:48:02+00:00","dateModified":"2026-04-19T00:08:58+00:00","description":"Encargue su bast\u00f3n espada Brook de una pieza al mejor precio. Todo en metal lacado p\u00farpura. Hoja de acero - Longitud total: 98 cm - Env\u00edo 24\/48h","breadcrumb":{"@id":"https:\/\/repliquemangacine.fr\/repliques-manga-jeux-video\/canne-epee-brook\/#breadcrumb"},"inLanguage":"es","potentialAction":[{"@type":"ReadAction","target":["https:\/\/repliquemangacine.fr\/repliques-manga-jeux-video\/canne-epee-brook\/"]}]},{"@type":"ImageObject","inLanguage":"es","@id":"https:\/\/repliquemangacine.fr\/repliques-manga-jeux-video\/canne-epee-brook\/#primaryimage","url":"https:\/\/repliquemangacine.fr\/wp-content\/uploads\/2023\/10\/canne-epee-one-piece.png","contentUrl":"https:\/\/repliquemangacine.fr\/wp-content\/uploads\/2023\/10\/canne-epee-one-piece.png","width":500,"height":500,"caption":"Canne Ep\u00e9e de Brook dans One Piece"},{"@type":"BreadcrumbList","@id":"https:\/\/repliquemangacine.fr\/repliques-manga-jeux-video\/canne-epee-brook\/#breadcrumb","itemListElement":[{"@type":"ListItem","position":1,"name":"Accueil","item":"https:\/\/repliquemangacine.fr\/"},{"@type":"ListItem","position":2,"name":"Produits","item":"https:\/\/repliquemangacine.fr\/boutique\/"},{"@type":"ListItem","position":3,"name":"Canne \u00e9p\u00e9e Brook"}]},{"@type":"WebSite","@id":"https:\/\/repliquemangacine.fr\/#website","url":"https:\/\/repliquemangacine.fr\/","name":"R\u00e9plique Manga Cin\u00e9","description":"","publisher":{"@id":"https:\/\/repliquemangacine.fr\/#organization"},"potentialAction":[{"@type":"SearchAction","target":{"@type":"EntryPoint","urlTemplate":"https:\/\/repliquemangacine.fr\/?s={search_term_string}"},"query-input":{"@type":"PropertyValueSpecification","valueRequired":true,"valueName":"search_term_string"}}],"inLanguage":"es"},{"@type":"Organization","@id":"https:\/\/repliquemangacine.fr\/#organization","name":"R\u00e9plique Manga Cin\u00e9","url":"https:\/\/repliquemangacine.fr\/","logo":{"@type":"ImageObject","inLanguage":"es","@id":"https:\/\/repliquemangacine.fr\/#\/schema\/logo\/image\/","url":"https:\/\/repliquemangacine.fr\/wp-content\/uploads\/2023\/10\/RMC-500250.png","contentUrl":"https:\/\/repliquemangacine.fr\/wp-content\/uploads\/2023\/10\/RMC-500250.png","width":500,"height":250,"caption":"R\u00e9plique Manga Cin\u00e9"},"image":{"@id":"https:\/\/repliquemangacine.fr\/#\/schema\/logo\/image\/"},"sameAs":["https:\/\/www.facebook.com\/RepliqueMangaCine","https:\/\/www.instagram.com\/repliquemangacine.fr\/"]}]}},"_links":{"self":[{"href":"https:\/\/repliquemangacine.fr\/es\/wp-json\/wp\/v2\/product\/52243","targetHints":{"allow":["GET"]}}],"collection":[{"href":"https:\/\/repliquemangacine.fr\/es\/wp-json\/wp\/v2\/product"}],"about":[{"href":"https:\/\/repliquemangacine.fr\/es\/wp-json\/wp\/v2\/types\/product"}],"wp:featuredmedia":[{"embeddable":true,"href":"https:\/\/repliquemangacine.fr\/es\/wp-json\/wp\/v2\/media\/52244"}],"wp:attachment":[{"href":"https:\/\/repliquemangacine.fr\/es\/wp-json\/wp\/v2\/media?parent=52243"}],"wp:term":[{"taxonomy":"product_brand","embeddable":true,"href":"https:\/\/repliquemangacine.fr\/es\/wp-json\/wp\/v2\/product_brand?post=52243"},{"taxonomy":"product_cat","embeddable":true,"href":"https:\/\/repliquemangacine.fr\/es\/wp-json\/wp\/v2\/product_cat?post=52243"},{"taxonomy":"product_tag","embeddable":true,"href":"https:\/\/repliquemangacine.fr\/es\/wp-json\/wp\/v2\/product_tag?post=52243"}],"curies":[{"name":"wp","href":"https:\/\/api.w.org\/{rel}","templated":true}]}}