





{"id":52128,"date":"2022-08-03T14:37:37","date_gmt":"2022-08-03T12:37:37","guid":{"rendered":"https:\/\/repliquemangacine.fr\/?post_type=product&#038;p=52128"},"modified":"2026-04-27T15:43:14","modified_gmt":"2026-04-27T13:43:14","slug":"agarre-de-serpiente","status":"publish","type":"product","link":"https:\/\/repliquemangacine.fr\/es\/accessoires-western\/crosse-snake\/","title":{"rendered":"Existencias de serpientes"},"content":{"rendered":"<h2>Empu\u00f1adura de serpiente Kolser<\/h2>\n<p>Para empezar, el objetivo de Crosse Snake Kolser es personalizar las pistolas de la marca, para que cada coleccionista pueda reencontrar su alma de vaquero en su r\u00e9plica favorita.<\/p>\n<p>Fabricado en resina imitaci\u00f3n hueso con grabados finamente detallados. El montaje es muy sencillo, solo hay que quitar un tornillo. Apto \u00fanicamente para todas las pistolas Colt de la marca Kolser.<\/p>\n<p>La empresa <a href=\"https:\/\/kolser.com\/sobre-nosotros\/\" target=\"_blank\" rel=\"noopener noreferrer\">Kolser<\/a> se fund\u00f3 en 1965, inicialmente como fabricante de dagas y escudos decorativos. No fue hasta m\u00e1s tarde cuando en sus f\u00e1bricas se fabricaron reproducciones de armas y accesorios occidentales. Como resultado, Kolser se convirti\u00f3 en el \u00fanico fabricante de r\u00e9plicas de colecci\u00f3n con un mecanismo de disparo simulado, como la expulsi\u00f3n de balas tras la detonaci\u00f3n en sus Winchester.<\/p>\n<h2>Tus accesorios western a los mejores precios.<\/h2>\n<p>Le ofrecemos todas las r\u00e9plicas de pistolas western de la marca Kolser.<\/p>\n<p>Lo primero y m\u00e1s importante,<\/p>\n<ul>\n<li>Le <a href=\"https:\/\/repliquemangacine.fr\/es\/pistola-kolser\/replique-colt-45-laiton-4-75-pouces-1873-kolser\/\">colt 45 Peacemaker<\/a> 1873 nombr\u00f3 el Peacemaker en 4,75 pulgadas y m\u00e1s.<\/li>\n<li>As\u00ed como el <a href=\"https:\/\/repliquemangacine.fr\/es\/pistola-kolser\/juego-colt-45-saa-31cm-negro-1873-kolser\/\">colt 45 SAA black edition<\/a> de 31 cm.<\/li>\n<li>Tambi\u00e9n hay fundas simples y dobles, estrellas de sheriff...<\/li>\n<li>Y muchos m\u00e1s por descubrir en nuestra tienda en l\u00ednea.<\/li>\n<\/ul>\n<p>Por eso, aqu\u00ed tienes unas ideas fant\u00e1sticas para regalar a todos los amantes del oeste americano.<\/p>\n<p>En conclusi\u00f3n, puede utilizar esta escopeta en sus espect\u00e1culos o eventos western, pero tambi\u00e9n en sus recreaciones hist\u00f3ricas.<\/p>\n<p>Cabe destacar que esta reproducci\u00f3n de Crosse Snake tambi\u00e9n es una pieza de colecci\u00f3n y decoraci\u00f3n.<\/p>\n<p>R\u00e9plique Manga Cin\u00e9 es una empresa familiar francesa, distribuidora oficial de las marcas Denix y Kolser.<\/p>","protected":false},"excerpt":{"rendered":"<p>Personaliza tus r\u00e9plicas Kolser con esta culata de serpiente.<\/p>\n<ul>\n<li>Se adapta a todos los potros de la marca Kolser.<\/li>\n<li>Tornillos incluidos.<\/li>\n<li>De resina imitaci\u00f3n OS<\/li>\n<li>Talla 8 cm<\/li>\n<\/ul>\n<p><strong>No se requiere autorizaci\u00f3n. Venta y posesi\u00f3n libres.<\/strong><\/p>","protected":false},"featured_media":52129,"template":"","meta":[],"product_brand":[896],"product_cat":[51,100,27],"product_tag":[],"class_list":{"0":"post-52128","1":"product","2":"type-product","3":"status-publish","4":"has-post-thumbnail","6":"product_brand-replique-manga-cine","7":"product_cat-accessoires-western","8":"product_cat-arme-kolser","9":"product_cat-armes-et-accessoires-western","11":"first","12":"instock","13":"taxable","14":"shipping-taxable","15":"purchasable","16":"product-type-simple"},"yoast_head":"<!-- This site is optimized with the Yoast SEO plugin v27.5 - https:\/\/yoast.com\/product\/yoast-seo-wordpress\/ -->\n<title>Crosse Snake Kolser - R\u00e9plique Manga Cin\u00e9<\/title>\n<meta name=\"description\" content=\"Avec la Crosse Snake Kolser interchangeable, vous pourrez personnaliser vos colts de la marque Kolser au meilleur prix - En r\u00e9sine imitation ivoire.\" \/>\n<meta name=\"robots\" content=\"index, follow, max-snippet:-1, max-image-preview:large, max-video-preview:-1\" \/>\n<link rel=\"canonical\" href=\"https:\/\/repliquemangacine.fr\/es\/accesorios-del-oeste\/agarre-de-serpiente\/\" \/>\n<meta property=\"og:locale\" content=\"es_ES\" \/>\n<meta property=\"og:type\" content=\"article\" \/>\n<meta property=\"og:title\" content=\"Crosse Snake Kolser - R\u00e9plique Manga Cin\u00e9\" \/>\n<meta property=\"og:description\" content=\"Avec la Crosse Snake Kolser interchangeable, vous pourrez personnaliser vos colts de la marque Kolser au meilleur prix - En r\u00e9sine imitation ivoire.\" \/>\n<meta property=\"og:url\" content=\"https:\/\/repliquemangacine.fr\/es\/accesorios-del-oeste\/agarre-de-serpiente\/\" \/>\n<meta property=\"og:site_name\" content=\"R\u00e9plique Manga Cin\u00e9\" \/>\n<meta property=\"article:publisher\" content=\"https:\/\/www.facebook.com\/RepliqueMangaCine\" \/>\n<meta property=\"article:modified_time\" content=\"2026-04-27T13:43:14+00:00\" \/>\n<meta property=\"og:image\" content=\"https:\/\/repliquemangacine.fr\/wp-content\/uploads\/2023\/10\/CROSSE.jpg\" \/>\n\t<meta property=\"og:image:width\" content=\"800\" \/>\n\t<meta property=\"og:image:height\" content=\"800\" \/>\n\t<meta property=\"og:image:type\" content=\"image\/jpeg\" \/>\n<meta name=\"twitter:card\" content=\"summary_large_image\" \/>\n<meta name=\"twitter:label1\" content=\"Tiempo de lectura\" \/>\n\t<meta name=\"twitter:data1\" content=\"1 minuto\" \/>\n<script type=\"application\/ld+json\" class=\"yoast-schema-graph\">{\"@context\":\"https:\\\/\\\/schema.org\",\"@graph\":[{\"@type\":\"WebPage\",\"@id\":\"https:\\\/\\\/repliquemangacine.fr\\\/accessoires-western\\\/crosse-snake\\\/\",\"url\":\"https:\\\/\\\/repliquemangacine.fr\\\/accessoires-western\\\/crosse-snake\\\/\",\"name\":\"Crosse Snake Kolser - R\u00e9plique Manga Cin\u00e9\",\"isPartOf\":{\"@id\":\"https:\\\/\\\/repliquemangacine.fr\\\/#website\"},\"primaryImageOfPage\":{\"@id\":\"https:\\\/\\\/repliquemangacine.fr\\\/accessoires-western\\\/crosse-snake\\\/#primaryimage\"},\"image\":{\"@id\":\"https:\\\/\\\/repliquemangacine.fr\\\/accessoires-western\\\/crosse-snake\\\/#primaryimage\"},\"thumbnailUrl\":\"https:\\\/\\\/repliquemangacine.fr\\\/wp-content\\\/uploads\\\/2023\\\/10\\\/CROSSE.jpg\",\"datePublished\":\"2022-08-03T12:37:37+00:00\",\"dateModified\":\"2026-04-27T13:43:14+00:00\",\"description\":\"Avec la Crosse Snake Kolser interchangeable, vous pourrez personnaliser vos colts de la marque Kolser au meilleur prix - En r\u00e9sine imitation ivoire.\",\"breadcrumb\":{\"@id\":\"https:\\\/\\\/repliquemangacine.fr\\\/accessoires-western\\\/crosse-snake\\\/#breadcrumb\"},\"inLanguage\":\"es\",\"potentialAction\":[{\"@type\":\"ReadAction\",\"target\":[\"https:\\\/\\\/repliquemangacine.fr\\\/accessoires-western\\\/crosse-snake\\\/\"]}]},{\"@type\":\"ImageObject\",\"inLanguage\":\"es\",\"@id\":\"https:\\\/\\\/repliquemangacine.fr\\\/accessoires-western\\\/crosse-snake\\\/#primaryimage\",\"url\":\"https:\\\/\\\/repliquemangacine.fr\\\/wp-content\\\/uploads\\\/2023\\\/10\\\/CROSSE.jpg\",\"contentUrl\":\"https:\\\/\\\/repliquemangacine.fr\\\/wp-content\\\/uploads\\\/2023\\\/10\\\/CROSSE.jpg\",\"width\":800,\"height\":800,\"caption\":\"Crosse interchangeable kolser\"},{\"@type\":\"BreadcrumbList\",\"@id\":\"https:\\\/\\\/repliquemangacine.fr\\\/accessoires-western\\\/crosse-snake\\\/#breadcrumb\",\"itemListElement\":[{\"@type\":\"ListItem\",\"position\":1,\"name\":\"Accueil\",\"item\":\"https:\\\/\\\/repliquemangacine.fr\\\/\"},{\"@type\":\"ListItem\",\"position\":2,\"name\":\"Produits\",\"item\":\"https:\\\/\\\/repliquemangacine.fr\\\/boutique\\\/\"},{\"@type\":\"ListItem\",\"position\":3,\"name\":\"Crosse Snake\"}]},{\"@type\":\"WebSite\",\"@id\":\"https:\\\/\\\/repliquemangacine.fr\\\/#website\",\"url\":\"https:\\\/\\\/repliquemangacine.fr\\\/\",\"name\":\"R\u00e9plique Manga Cin\u00e9\",\"description\":\"\",\"publisher\":{\"@id\":\"https:\\\/\\\/repliquemangacine.fr\\\/#organization\"},\"potentialAction\":[{\"@type\":\"SearchAction\",\"target\":{\"@type\":\"EntryPoint\",\"urlTemplate\":\"https:\\\/\\\/repliquemangacine.fr\\\/?s={search_term_string}\"},\"query-input\":{\"@type\":\"PropertyValueSpecification\",\"valueRequired\":true,\"valueName\":\"search_term_string\"}}],\"inLanguage\":\"es\"},{\"@type\":\"Organization\",\"@id\":\"https:\\\/\\\/repliquemangacine.fr\\\/#organization\",\"name\":\"R\u00e9plique Manga Cin\u00e9\",\"url\":\"https:\\\/\\\/repliquemangacine.fr\\\/\",\"logo\":{\"@type\":\"ImageObject\",\"inLanguage\":\"es\",\"@id\":\"https:\\\/\\\/repliquemangacine.fr\\\/#\\\/schema\\\/logo\\\/image\\\/\",\"url\":\"https:\\\/\\\/repliquemangacine.fr\\\/wp-content\\\/uploads\\\/2023\\\/10\\\/RMC-500250.png\",\"contentUrl\":\"https:\\\/\\\/repliquemangacine.fr\\\/wp-content\\\/uploads\\\/2023\\\/10\\\/RMC-500250.png\",\"width\":500,\"height\":250,\"caption\":\"R\u00e9plique Manga Cin\u00e9\"},\"image\":{\"@id\":\"https:\\\/\\\/repliquemangacine.fr\\\/#\\\/schema\\\/logo\\\/image\\\/\"},\"sameAs\":[\"https:\\\/\\\/www.facebook.com\\\/RepliqueMangaCine\",\"https:\\\/\\\/www.instagram.com\\\/repliquemangacine.fr\\\/\"]}]}<\/script>\n<!-- \/ Yoast SEO plugin. -->","yoast_head_json":{"title":"Culata Snake Kolser - R\u00e9plique Manga Cin\u00e9","description":"Con la culata intercambiable Kolser Snake, podr\u00e1 personalizar sus potros de la marca Kolser al mejor precio - En resina imitaci\u00f3n marfil.","robots":{"index":"index","follow":"follow","max-snippet":"max-snippet:-1","max-image-preview":"max-image-preview:large","max-video-preview":"max-video-preview:-1"},"canonical":"https:\/\/repliquemangacine.fr\/es\/accesorios-del-oeste\/agarre-de-serpiente\/","og_locale":"es_ES","og_type":"article","og_title":"Crosse Snake Kolser - R\u00e9plique Manga Cin\u00e9","og_description":"Avec la Crosse Snake Kolser interchangeable, vous pourrez personnaliser vos colts de la marque Kolser au meilleur prix - En r\u00e9sine imitation ivoire.","og_url":"https:\/\/repliquemangacine.fr\/es\/accesorios-del-oeste\/agarre-de-serpiente\/","og_site_name":"R\u00e9plique Manga Cin\u00e9","article_publisher":"https:\/\/www.facebook.com\/RepliqueMangaCine","article_modified_time":"2026-04-27T13:43:14+00:00","og_image":[{"width":800,"height":800,"url":"https:\/\/repliquemangacine.fr\/wp-content\/uploads\/2023\/10\/CROSSE.jpg","type":"image\/jpeg"}],"twitter_card":"summary_large_image","twitter_misc":{"Tiempo de lectura":"1 minuto"},"schema":{"@context":"https:\/\/schema.org","@graph":[{"@type":"WebPage","@id":"https:\/\/repliquemangacine.fr\/accessoires-western\/crosse-snake\/","url":"https:\/\/repliquemangacine.fr\/accessoires-western\/crosse-snake\/","name":"Culata Snake Kolser - R\u00e9plique Manga Cin\u00e9","isPartOf":{"@id":"https:\/\/repliquemangacine.fr\/#website"},"primaryImageOfPage":{"@id":"https:\/\/repliquemangacine.fr\/accessoires-western\/crosse-snake\/#primaryimage"},"image":{"@id":"https:\/\/repliquemangacine.fr\/accessoires-western\/crosse-snake\/#primaryimage"},"thumbnailUrl":"https:\/\/repliquemangacine.fr\/wp-content\/uploads\/2023\/10\/CROSSE.jpg","datePublished":"2022-08-03T12:37:37+00:00","dateModified":"2026-04-27T13:43:14+00:00","description":"Con la culata intercambiable Kolser Snake, podr\u00e1 personalizar sus potros de la marca Kolser al mejor precio - En resina imitaci\u00f3n marfil.","breadcrumb":{"@id":"https:\/\/repliquemangacine.fr\/accessoires-western\/crosse-snake\/#breadcrumb"},"inLanguage":"es","potentialAction":[{"@type":"ReadAction","target":["https:\/\/repliquemangacine.fr\/accessoires-western\/crosse-snake\/"]}]},{"@type":"ImageObject","inLanguage":"es","@id":"https:\/\/repliquemangacine.fr\/accessoires-western\/crosse-snake\/#primaryimage","url":"https:\/\/repliquemangacine.fr\/wp-content\/uploads\/2023\/10\/CROSSE.jpg","contentUrl":"https:\/\/repliquemangacine.fr\/wp-content\/uploads\/2023\/10\/CROSSE.jpg","width":800,"height":800,"caption":"Crosse interchangeable kolser"},{"@type":"BreadcrumbList","@id":"https:\/\/repliquemangacine.fr\/accessoires-western\/crosse-snake\/#breadcrumb","itemListElement":[{"@type":"ListItem","position":1,"name":"Accueil","item":"https:\/\/repliquemangacine.fr\/"},{"@type":"ListItem","position":2,"name":"Produits","item":"https:\/\/repliquemangacine.fr\/boutique\/"},{"@type":"ListItem","position":3,"name":"Crosse Snake"}]},{"@type":"WebSite","@id":"https:\/\/repliquemangacine.fr\/#website","url":"https:\/\/repliquemangacine.fr\/","name":"R\u00e9plique Manga Cin\u00e9","description":"","publisher":{"@id":"https:\/\/repliquemangacine.fr\/#organization"},"potentialAction":[{"@type":"SearchAction","target":{"@type":"EntryPoint","urlTemplate":"https:\/\/repliquemangacine.fr\/?s={search_term_string}"},"query-input":{"@type":"PropertyValueSpecification","valueRequired":true,"valueName":"search_term_string"}}],"inLanguage":"es"},{"@type":"Organization","@id":"https:\/\/repliquemangacine.fr\/#organization","name":"R\u00e9plique Manga Cin\u00e9","url":"https:\/\/repliquemangacine.fr\/","logo":{"@type":"ImageObject","inLanguage":"es","@id":"https:\/\/repliquemangacine.fr\/#\/schema\/logo\/image\/","url":"https:\/\/repliquemangacine.fr\/wp-content\/uploads\/2023\/10\/RMC-500250.png","contentUrl":"https:\/\/repliquemangacine.fr\/wp-content\/uploads\/2023\/10\/RMC-500250.png","width":500,"height":250,"caption":"R\u00e9plique Manga Cin\u00e9"},"image":{"@id":"https:\/\/repliquemangacine.fr\/#\/schema\/logo\/image\/"},"sameAs":["https:\/\/www.facebook.com\/RepliqueMangaCine","https:\/\/www.instagram.com\/repliquemangacine.fr\/"]}]}},"_links":{"self":[{"href":"https:\/\/repliquemangacine.fr\/es\/wp-json\/wp\/v2\/product\/52128","targetHints":{"allow":["GET"]}}],"collection":[{"href":"https:\/\/repliquemangacine.fr\/es\/wp-json\/wp\/v2\/product"}],"about":[{"href":"https:\/\/repliquemangacine.fr\/es\/wp-json\/wp\/v2\/types\/product"}],"wp:featuredmedia":[{"embeddable":true,"href":"https:\/\/repliquemangacine.fr\/es\/wp-json\/wp\/v2\/media\/52129"}],"wp:attachment":[{"href":"https:\/\/repliquemangacine.fr\/es\/wp-json\/wp\/v2\/media?parent=52128"}],"wp:term":[{"taxonomy":"product_brand","embeddable":true,"href":"https:\/\/repliquemangacine.fr\/es\/wp-json\/wp\/v2\/product_brand?post=52128"},{"taxonomy":"product_cat","embeddable":true,"href":"https:\/\/repliquemangacine.fr\/es\/wp-json\/wp\/v2\/product_cat?post=52128"},{"taxonomy":"product_tag","embeddable":true,"href":"https:\/\/repliquemangacine.fr\/es\/wp-json\/wp\/v2\/product_tag?post=52128"}],"curies":[{"name":"wp","href":"https:\/\/api.w.org\/{rel}","templated":true}]}}