





{"id":51971,"date":"2022-07-28T19:17:27","date_gmt":"2022-07-28T17:17:27","guid":{"rendered":"https:\/\/repliquemangacine.fr\/?post_type=product&#038;p=51971"},"modified":"2026-03-25T09:35:12","modified_gmt":"2026-03-25T08:35:12","slug":"volcanica-1854","status":"publish","type":"product","link":"https:\/\/repliquemangacine.fr\/es\/colt-revolver-western\/volcanic-1854\/","title":{"rendered":"Pistola Volcanic 1854"},"content":{"rendered":"<h2>Pistola Volcanic 1854 - Kolser<\/h2>\n<p>Para empezar, el <strong>Pistola Volcanic 1854<\/strong>\u00a0 fascina a los coleccionistas, ya que es el origen de la creaci\u00f3n de dos de las empresas de armas de fuego m\u00e1s famosas de Estados Unidos: Smith &amp; Wesson y Winchester.<\/p>\n<p>En 1854, los socios Horace Smith y Daniel B. Wesson se asociaron con Courtlandt Palmer. Mejoraron a\u00fan m\u00e1s el mecanismo de funcionamiento, desarrollando la pistola de palanca Smith &amp; Wesson, as\u00ed como un nuevo cartucho Volcanic.<\/p>\n<p>Dise\u00f1ados y patentados en 1854 para intentar resolver los problemas con las pistolas de agujas.<\/p>\n<p>El arma m\u00e1s innovadora de su \u00e9poca. Cadencia de tiro muy elevada, capacidad superior a la de sus contempor\u00e1neas y munici\u00f3n estanca. Sin embargo, el arma presentaba algunos defectos. Las pistolas eran voluminosas y dif\u00edciles de manejar sin las dos manos.<\/p>\n<h2>Tu pistola Volcanic 1854 al mejor precio.<\/h2>\n<p>Le ofrecemos todas las r\u00e9plicas de pistolas y carabinas western de la marca Kolser.<\/p>\n<p>Lo primero y m\u00e1s importante,<\/p>\n<ul>\n<li>Le <a href=\"https:\/\/repliquemangacine.fr\/es\/pistola-kolser\/replique-colt-45-laiton-4-75-pouces-1873-kolser\/\">colt 45 Peacemaker<\/a> 1873 nombr\u00f3 el Peacemaker en 4,75 pulgadas y m\u00e1s.<\/li>\n<li>El Winchester<a href=\"https:\/\/repliquemangacine.fr\/es\/pistola-kolser\/mares-leg-55cm-grey-edition-kolser\/\"> Pierna de yegua<\/a> La carabina recortada de Josh Randall.<\/li>\n<li>Y muchos m\u00e1s por descubrir en nuestra tienda en l\u00ednea.<\/li>\n<\/ul>\n<p>Cabe destacar que el Volcanic 1854 es una de las armas que se utilizan en los videojuegos.<\/p>\n<p>En conclusi\u00f3n, puede utilizar esta reproducci\u00f3n del <strong>Pistola Volcanic 1854<\/strong> en sus espect\u00e1culos western, pero tambi\u00e9n en sus recreaciones hist\u00f3ricas. Pero, ante todo, tambi\u00e9n es una pieza de colecci\u00f3n y decoraci\u00f3n.<\/p>\n<p>R\u00e9plique Manga Cin\u00e9 es una empresa familiar francesa, distribuidora de la marca <a href=\"https:\/\/kolser.com\" target=\"_blank\" rel=\"noopener noreferrer\">Kolser<\/a><\/p>\n<h2>\u00bfC\u00f3mo se fabrican las armas Kolser?<\/h2>\n<p>Las armas Kolser, fabricadas en metal con acabados especiales en lat\u00f3n galvanizado y n\u00edquel, con efectos de metal envejecido o acero, obtenidos gracias a minuciosos procesos manuales que confieren un aspecto \u00fanico a las piezas de la marca.<\/p>\n<p>Situados al m\u00e1s alto nivel de calidad del mercado, preservando el esp\u00edritu de los armeros de siglos pasados para un trabajo bien hecho.<\/p>\n<p>Por otra parte, la modernizaci\u00f3n de los protocolos de dise\u00f1o de los nuevos modelos, realizados con los m\u00e1s altos est\u00e1ndares, logra este aspecto tan real. Del mismo modo, Kolser innova en los sistemas de fabricaci\u00f3n y los procesos de montaje a mano para garantizar la mejor calidad de las piezas y los materiales con los que fabrican su <strong>Pistola Volcanic 1854<\/strong>.<\/p>","protected":false},"excerpt":{"rendered":"<p>La reproducci\u00f3n de la pistola volc\u00e1nica es id\u00e9ntica a la original.<\/p>\n<ul>\n<li>Calibre 41.<\/li>\n<li>Stock de madera.<\/li>\n<li>Ca\u00f1\u00f3n octogonal de 6 pulgadas.<\/li>\n<li>Mecanismo del guardamonte de palanca.<\/li>\n<li>Caja de culata de metal y lat\u00f3n.<\/li>\n<li>Arma arriba y dispara, pero no apto para disparar.<\/li>\n<li>Longitud del ca\u00f1\u00f3n: 13 cm - Longitud total: 32 cm - Peso: 1325 g<\/li>\n<li><strong>No se requiere autorizaci\u00f3n. Venta y posesi\u00f3n libres.<\/strong><\/li>\n<\/ul>\n<p><iframe title=\"Reproductor de v\u00eddeo YouTube\" src=\"https:\/\/www.youtube.com\/embed\/qH9Fnpmnndg\" width=\"560\" height=\"315\" frameborder=\"0\" allowfullscreen=\"allowfullscreen\"><\/iframe><\/p>","protected":false},"featured_media":51972,"template":"","meta":[],"product_brand":[896],"product_cat":[100,34,77,28],"product_tag":[],"class_list":{"0":"post-51971","1":"product","2":"type-product","3":"status-publish","4":"has-post-thumbnail","6":"product_brand-replique-manga-cine","7":"product_cat-arme-kolser","8":"product_cat-armes-westerns","9":"product_cat-colt-revolver-western","10":"product_cat-repliques-darmes","12":"first","13":"instock","14":"taxable","15":"shipping-taxable","16":"purchasable","17":"product-type-simple"},"yoast_head":"<!-- This site is optimized with the Yoast SEO plugin v27.4 - https:\/\/yoast.com\/product\/yoast-seo-wordpress\/ -->\n<title>Pistolet Volcanic 1854 - Vente armes Kolser - R\u00e9plique Manga Cin\u00e9<\/title>\n<meta name=\"description\" content=\"Offrez-lui ! Ce Pistolet Volcanic 1854 de la marque Kolser au meilleur prix - En m\u00e9tal et laiton - M\u00e9canisme de levier de sous-garde - Longueur : 32 cm\" \/>\n<meta name=\"robots\" content=\"index, follow, max-snippet:-1, max-image-preview:large, max-video-preview:-1\" \/>\n<link rel=\"canonical\" href=\"https:\/\/repliquemangacine.fr\/es\/pistola-kolser\/volcanica-1854\/\" \/>\n<meta property=\"og:locale\" content=\"es_ES\" \/>\n<meta property=\"og:type\" content=\"article\" \/>\n<meta property=\"og:title\" content=\"Pistolet Volcanic 1854 - Vente armes Kolser - R\u00e9plique Manga Cin\u00e9\" \/>\n<meta property=\"og:description\" content=\"Offrez-lui ! Ce Pistolet Volcanic 1854 de la marque Kolser au meilleur prix - En m\u00e9tal et laiton - M\u00e9canisme de levier de sous-garde - Longueur : 32 cm\" \/>\n<meta property=\"og:url\" content=\"https:\/\/repliquemangacine.fr\/es\/pistola-kolser\/volcanica-1854\/\" \/>\n<meta property=\"og:site_name\" content=\"R\u00e9plique Manga Cin\u00e9\" \/>\n<meta property=\"article:publisher\" content=\"https:\/\/www.facebook.com\/RepliqueMangaCine\" \/>\n<meta property=\"article:modified_time\" content=\"2026-03-25T08:35:12+00:00\" \/>\n<meta property=\"og:image\" content=\"https:\/\/repliquemangacine.fr\/wp-content\/uploads\/2023\/10\/Volcanic-1854.png\" \/>\n\t<meta property=\"og:image:width\" content=\"500\" \/>\n\t<meta property=\"og:image:height\" content=\"500\" \/>\n\t<meta property=\"og:image:type\" content=\"image\/png\" \/>\n<meta name=\"twitter:card\" content=\"summary_large_image\" \/>\n<meta name=\"twitter:label1\" content=\"Tiempo de lectura\" \/>\n\t<meta name=\"twitter:data1\" content=\"2 minutos\" \/>\n<script type=\"application\/ld+json\" class=\"yoast-schema-graph\">{\"@context\":\"https:\\\/\\\/schema.org\",\"@graph\":[{\"@type\":\"WebPage\",\"@id\":\"https:\\\/\\\/repliquemangacine.fr\\\/arme-kolser\\\/volcanic-1854\\\/\",\"url\":\"https:\\\/\\\/repliquemangacine.fr\\\/arme-kolser\\\/volcanic-1854\\\/\",\"name\":\"Pistolet Volcanic 1854 - Vente armes Kolser - R\u00e9plique Manga Cin\u00e9\",\"isPartOf\":{\"@id\":\"https:\\\/\\\/repliquemangacine.fr\\\/#website\"},\"primaryImageOfPage\":{\"@id\":\"https:\\\/\\\/repliquemangacine.fr\\\/arme-kolser\\\/volcanic-1854\\\/#primaryimage\"},\"image\":{\"@id\":\"https:\\\/\\\/repliquemangacine.fr\\\/arme-kolser\\\/volcanic-1854\\\/#primaryimage\"},\"thumbnailUrl\":\"https:\\\/\\\/repliquemangacine.fr\\\/wp-content\\\/uploads\\\/2023\\\/10\\\/Volcanic-1854.png\",\"datePublished\":\"2022-07-28T17:17:27+00:00\",\"dateModified\":\"2026-03-25T08:35:12+00:00\",\"description\":\"Offrez-lui ! Ce Pistolet Volcanic 1854 de la marque Kolser au meilleur prix - En m\u00e9tal et laiton - M\u00e9canisme de levier de sous-garde - Longueur : 32 cm\",\"breadcrumb\":{\"@id\":\"https:\\\/\\\/repliquemangacine.fr\\\/arme-kolser\\\/volcanic-1854\\\/#breadcrumb\"},\"inLanguage\":\"es\",\"potentialAction\":[{\"@type\":\"ReadAction\",\"target\":[\"https:\\\/\\\/repliquemangacine.fr\\\/arme-kolser\\\/volcanic-1854\\\/\"]}]},{\"@type\":\"ImageObject\",\"inLanguage\":\"es\",\"@id\":\"https:\\\/\\\/repliquemangacine.fr\\\/arme-kolser\\\/volcanic-1854\\\/#primaryimage\",\"url\":\"https:\\\/\\\/repliquemangacine.fr\\\/wp-content\\\/uploads\\\/2023\\\/10\\\/Volcanic-1854.png\",\"contentUrl\":\"https:\\\/\\\/repliquemangacine.fr\\\/wp-content\\\/uploads\\\/2023\\\/10\\\/Volcanic-1854.png\",\"width\":500,\"height\":500,\"caption\":\"Volcanic 1854 kolser\"},{\"@type\":\"BreadcrumbList\",\"@id\":\"https:\\\/\\\/repliquemangacine.fr\\\/arme-kolser\\\/volcanic-1854\\\/#breadcrumb\",\"itemListElement\":[{\"@type\":\"ListItem\",\"position\":1,\"name\":\"Accueil\",\"item\":\"https:\\\/\\\/repliquemangacine.fr\\\/\"},{\"@type\":\"ListItem\",\"position\":2,\"name\":\"Produits\",\"item\":\"https:\\\/\\\/repliquemangacine.fr\\\/boutique\\\/\"},{\"@type\":\"ListItem\",\"position\":3,\"name\":\"Pistolet Volcanic 1854\"}]},{\"@type\":\"WebSite\",\"@id\":\"https:\\\/\\\/repliquemangacine.fr\\\/#website\",\"url\":\"https:\\\/\\\/repliquemangacine.fr\\\/\",\"name\":\"R\u00e9plique Manga Cin\u00e9\",\"description\":\"\",\"publisher\":{\"@id\":\"https:\\\/\\\/repliquemangacine.fr\\\/#organization\"},\"potentialAction\":[{\"@type\":\"SearchAction\",\"target\":{\"@type\":\"EntryPoint\",\"urlTemplate\":\"https:\\\/\\\/repliquemangacine.fr\\\/?s={search_term_string}\"},\"query-input\":{\"@type\":\"PropertyValueSpecification\",\"valueRequired\":true,\"valueName\":\"search_term_string\"}}],\"inLanguage\":\"es\"},{\"@type\":\"Organization\",\"@id\":\"https:\\\/\\\/repliquemangacine.fr\\\/#organization\",\"name\":\"R\u00e9plique Manga Cin\u00e9\",\"url\":\"https:\\\/\\\/repliquemangacine.fr\\\/\",\"logo\":{\"@type\":\"ImageObject\",\"inLanguage\":\"es\",\"@id\":\"https:\\\/\\\/repliquemangacine.fr\\\/#\\\/schema\\\/logo\\\/image\\\/\",\"url\":\"https:\\\/\\\/repliquemangacine.fr\\\/wp-content\\\/uploads\\\/2023\\\/10\\\/RMC-500250.png\",\"contentUrl\":\"https:\\\/\\\/repliquemangacine.fr\\\/wp-content\\\/uploads\\\/2023\\\/10\\\/RMC-500250.png\",\"width\":500,\"height\":250,\"caption\":\"R\u00e9plique Manga Cin\u00e9\"},\"image\":{\"@id\":\"https:\\\/\\\/repliquemangacine.fr\\\/#\\\/schema\\\/logo\\\/image\\\/\"},\"sameAs\":[\"https:\\\/\\\/www.facebook.com\\\/RepliqueMangaCine\",\"https:\\\/\\\/www.instagram.com\\\/repliquemangacine.fr\\\/\"]}]}<\/script>\n<!-- \/ Yoast SEO plugin. -->","yoast_head_json":{"title":"Pistola Volcanic 1854 - Armas Kolser en venta - R\u00e9plique Manga Cin\u00e9","description":"\u00a1Reg\u00e1laselo! Este Pistolet Volcanic 1854 de Kolser al mejor precio - En metal y lat\u00f3n - Mecanismo de palanca de seguridad - Longitud: 32 cm","robots":{"index":"index","follow":"follow","max-snippet":"max-snippet:-1","max-image-preview":"max-image-preview:large","max-video-preview":"max-video-preview:-1"},"canonical":"https:\/\/repliquemangacine.fr\/es\/pistola-kolser\/volcanica-1854\/","og_locale":"es_ES","og_type":"article","og_title":"Pistolet Volcanic 1854 - Vente armes Kolser - R\u00e9plique Manga Cin\u00e9","og_description":"Offrez-lui ! Ce Pistolet Volcanic 1854 de la marque Kolser au meilleur prix - En m\u00e9tal et laiton - M\u00e9canisme de levier de sous-garde - Longueur : 32 cm","og_url":"https:\/\/repliquemangacine.fr\/es\/pistola-kolser\/volcanica-1854\/","og_site_name":"R\u00e9plique Manga Cin\u00e9","article_publisher":"https:\/\/www.facebook.com\/RepliqueMangaCine","article_modified_time":"2026-03-25T08:35:12+00:00","og_image":[{"width":500,"height":500,"url":"https:\/\/repliquemangacine.fr\/wp-content\/uploads\/2023\/10\/Volcanic-1854.png","type":"image\/png"}],"twitter_card":"summary_large_image","twitter_misc":{"Tiempo de lectura":"2 minutos"},"schema":{"@context":"https:\/\/schema.org","@graph":[{"@type":"WebPage","@id":"https:\/\/repliquemangacine.fr\/arme-kolser\/volcanic-1854\/","url":"https:\/\/repliquemangacine.fr\/arme-kolser\/volcanic-1854\/","name":"Pistola Volcanic 1854 - Armas Kolser en venta - R\u00e9plique Manga Cin\u00e9","isPartOf":{"@id":"https:\/\/repliquemangacine.fr\/#website"},"primaryImageOfPage":{"@id":"https:\/\/repliquemangacine.fr\/arme-kolser\/volcanic-1854\/#primaryimage"},"image":{"@id":"https:\/\/repliquemangacine.fr\/arme-kolser\/volcanic-1854\/#primaryimage"},"thumbnailUrl":"https:\/\/repliquemangacine.fr\/wp-content\/uploads\/2023\/10\/Volcanic-1854.png","datePublished":"2022-07-28T17:17:27+00:00","dateModified":"2026-03-25T08:35:12+00:00","description":"\u00a1Reg\u00e1laselo! Este Pistolet Volcanic 1854 de Kolser al mejor precio - En metal y lat\u00f3n - Mecanismo de palanca de seguridad - Longitud: 32 cm","breadcrumb":{"@id":"https:\/\/repliquemangacine.fr\/arme-kolser\/volcanic-1854\/#breadcrumb"},"inLanguage":"es","potentialAction":[{"@type":"ReadAction","target":["https:\/\/repliquemangacine.fr\/arme-kolser\/volcanic-1854\/"]}]},{"@type":"ImageObject","inLanguage":"es","@id":"https:\/\/repliquemangacine.fr\/arme-kolser\/volcanic-1854\/#primaryimage","url":"https:\/\/repliquemangacine.fr\/wp-content\/uploads\/2023\/10\/Volcanic-1854.png","contentUrl":"https:\/\/repliquemangacine.fr\/wp-content\/uploads\/2023\/10\/Volcanic-1854.png","width":500,"height":500,"caption":"Volcanic 1854 kolser"},{"@type":"BreadcrumbList","@id":"https:\/\/repliquemangacine.fr\/arme-kolser\/volcanic-1854\/#breadcrumb","itemListElement":[{"@type":"ListItem","position":1,"name":"Accueil","item":"https:\/\/repliquemangacine.fr\/"},{"@type":"ListItem","position":2,"name":"Produits","item":"https:\/\/repliquemangacine.fr\/boutique\/"},{"@type":"ListItem","position":3,"name":"Pistolet Volcanic 1854"}]},{"@type":"WebSite","@id":"https:\/\/repliquemangacine.fr\/#website","url":"https:\/\/repliquemangacine.fr\/","name":"R\u00e9plique Manga Cin\u00e9","description":"","publisher":{"@id":"https:\/\/repliquemangacine.fr\/#organization"},"potentialAction":[{"@type":"SearchAction","target":{"@type":"EntryPoint","urlTemplate":"https:\/\/repliquemangacine.fr\/?s={search_term_string}"},"query-input":{"@type":"PropertyValueSpecification","valueRequired":true,"valueName":"search_term_string"}}],"inLanguage":"es"},{"@type":"Organization","@id":"https:\/\/repliquemangacine.fr\/#organization","name":"R\u00e9plique Manga Cin\u00e9","url":"https:\/\/repliquemangacine.fr\/","logo":{"@type":"ImageObject","inLanguage":"es","@id":"https:\/\/repliquemangacine.fr\/#\/schema\/logo\/image\/","url":"https:\/\/repliquemangacine.fr\/wp-content\/uploads\/2023\/10\/RMC-500250.png","contentUrl":"https:\/\/repliquemangacine.fr\/wp-content\/uploads\/2023\/10\/RMC-500250.png","width":500,"height":250,"caption":"R\u00e9plique Manga Cin\u00e9"},"image":{"@id":"https:\/\/repliquemangacine.fr\/#\/schema\/logo\/image\/"},"sameAs":["https:\/\/www.facebook.com\/RepliqueMangaCine","https:\/\/www.instagram.com\/repliquemangacine.fr\/"]}]}},"_links":{"self":[{"href":"https:\/\/repliquemangacine.fr\/es\/wp-json\/wp\/v2\/product\/51971","targetHints":{"allow":["GET"]}}],"collection":[{"href":"https:\/\/repliquemangacine.fr\/es\/wp-json\/wp\/v2\/product"}],"about":[{"href":"https:\/\/repliquemangacine.fr\/es\/wp-json\/wp\/v2\/types\/product"}],"wp:featuredmedia":[{"embeddable":true,"href":"https:\/\/repliquemangacine.fr\/es\/wp-json\/wp\/v2\/media\/51972"}],"wp:attachment":[{"href":"https:\/\/repliquemangacine.fr\/es\/wp-json\/wp\/v2\/media?parent=51971"}],"wp:term":[{"taxonomy":"product_brand","embeddable":true,"href":"https:\/\/repliquemangacine.fr\/es\/wp-json\/wp\/v2\/product_brand?post=51971"},{"taxonomy":"product_cat","embeddable":true,"href":"https:\/\/repliquemangacine.fr\/es\/wp-json\/wp\/v2\/product_cat?post=51971"},{"taxonomy":"product_tag","embeddable":true,"href":"https:\/\/repliquemangacine.fr\/es\/wp-json\/wp\/v2\/product_tag?post=51971"}],"curies":[{"name":"wp","href":"https:\/\/api.w.org\/{rel}","templated":true}]}}