





{"id":51628,"date":"2022-07-11T15:26:31","date_gmt":"2022-07-11T13:26:31","guid":{"rendered":"https:\/\/repliquemangacine.fr\/?post_type=product&#038;p=51628"},"modified":"2026-04-14T20:05:22","modified_gmt":"2026-04-14T18:05:22","slug":"escudo-vikingo-redondo-decorativo","status":"publish","type":"product","link":"https:\/\/repliquemangacine.fr\/es\/boucliers-serie-vikings\/bouclier-viking-rond-decoratif\/","title":{"rendered":"Escudo vikingo redondo"},"content":{"rendered":"<h2>Escudo vikingo decorativo redondo de madera.<\/h2>\n<p>Para empezar, el <strong>Escudo vikingo redondo<\/strong> Decorativo, de madera con herrajes.<\/p>\n<p>En primer lugar, los vikingos son los guerreros m\u00e1s poderosos que ha conocido Europa. Combatientes famosos por su valent\u00eda, su bravura y su ferocidad, pero sobre todo por su violencia. Tambi\u00e9n conocidos por ser comerciantes, pescadores y carpinteros excepcionales. Su civilizaci\u00f3n, marcada por una religi\u00f3n, dominada por los dioses. <a href=\"https:\/\/vikings.fandom.com\/fr\/wiki\/Odin\" target=\"_blank\" rel=\"noopener noreferrer\">Odin<\/a> los dioses de la guerra y Thor, dios del trueno.<\/p>\n<p>Los vikingos fabricaban ellos mismos sus escudos. Eran muy ingeniosos en cuanto a su fabricaci\u00f3n, tanto desde el punto de vista pr\u00e1ctico como t\u00e1ctico. De hecho, formaban un muro de escudos para que este fuera tanto defensivo como ofensivo. Por \u00faltimo, los escudos tambi\u00e9n se fijaban a sus barcos para proteger a la tripulaci\u00f3n en caso de combate.<\/p>\n<h2>Tu Escudo Vikingo Redondo al mejor precio.<\/h2>\n<p>Le ofrecemos una amplia selecci\u00f3n de r\u00e9plicas de la serie Viking, \u00a1pero eso no es todo!<\/p>\n<p>Lo primero y m\u00e1s importante,<\/p>\n<ul>\n<li>L'<a href=\"https:\/\/repliquemangacine.fr\/es\/vikingo\/vikingos-lagertha-espada\/\">La espada de Lagertha<\/a> esposa de Ragnar Lodbrok en la serie Vikingos.<\/li>\n<li>Pero tambi\u00e9n <a href=\"https:\/\/repliquemangacine.fr\/es\/vikingo\/espada-vikinga-hedeby-siglo-ix\/\">Espada vikinga Hedeby<\/a> Siglo IX, expuesta en el Museo Vikingo de Hedeby.<\/li>\n<li>Y muchos m\u00e1s por descubrir en nuestra tienda en l\u00ednea.<\/li>\n<\/ul>\n<p>Por eso, aqu\u00ed tienes unas ideas fant\u00e1sticas para regalar a los fans de los vikingos.<\/p>\n<p>En conclusi\u00f3n, tambi\u00e9n puede utilizar este <strong>Escudo vikingo redondo<\/strong> para tus desfiles de cosplay y recreaciones hist\u00f3ricas. Pero, sobre todo, es tambi\u00e9n una pieza de coleccionista y un objeto decorativo.<\/p>\n<h2>\u00bfC\u00f3mo se utiliza el escudo del Guerrero?<\/h2>\n<p>Conocidos en todo el mundo como grandes y valientes guerreros, los vikingos eran muy eficaces en sus ataques y defensas.<\/p>\n<p>Los vikingos utilizaban una formaci\u00f3n de guerra muy eficaz que les permit\u00eda debilitar a sus enemigos sin sufrir p\u00e9rdidas importantes. Una vez debilitados sus enemigos, romp\u00edan sus l\u00edneas y los aplastaban con facilidad.<\/p>\n<p>Esta formaci\u00f3n se conoce hoy en d\u00eda como \u201cmuro de escudos\u201d.<\/p>\n<p>Adem\u00e1s, decoraban sus escudos con runas o figuras de animales, s\u00edmbolos que hac\u00edan referencia a los dioses n\u00f3rdicos. Pero su objetivo tambi\u00e9n era estrat\u00e9gico. De hecho, el <strong>escudo vikingo redondo<\/strong> que se pinta, impide que la madera absorba el agua, haci\u00e9ndola mucho m\u00e1s pesada.<\/p>","protected":false},"excerpt":{"rendered":"<p>Escudo vikingo redondo decorativo<\/p>\n<ul>\n<li>Fabricado con varias tiras de madera.<\/li>\n<li>Herrajes de acero remachados.<\/li>\n<li>Espalda forrada de cuero con dos correas de cuero.<\/li>\n<li>Di\u00e1metro: aprox. 61 cm - Grosor: aprox. 1,4 cm - Peso: aprox. 3,6 kg<\/li>\n<\/ul>","protected":false},"featured_media":51629,"template":"","meta":[],"product_brand":[896],"product_cat":[25,113,24,103,57],"product_tag":[],"class_list":{"0":"post-51628","1":"product","2":"type-product","3":"status-publish","4":"has-post-thumbnail","6":"product_brand-replique-manga-cine","7":"product_cat-armes-historiques","8":"product_cat-boucliers-serie-vikings","9":"product_cat-films-series-tv-vente-de-katana-epee-et-produits-derives","10":"product_cat-armes-et-accessoires-vikings","11":"product_cat-armes-vikings","13":"first","14":"outofstock","15":"taxable","16":"shipping-taxable","17":"purchasable","18":"product-type-simple"},"yoast_head":"<!-- This site is optimized with the Yoast SEO plugin v27.4 - https:\/\/yoast.com\/product\/yoast-seo-wordpress\/ -->\n<title>Bouclier Viking Rond - Boutique en ligne - R\u00e9plique Manga Cin\u00e9<\/title>\n<meta name=\"description\" content=\"Offrez-vous ce Bouclier Viking Rond au meilleur prix - En bois -Ferrures et raccords en acier. Dos recouvert de cuir - Diam\u00e8tre : 61 cm - Envoi 24\/48h\" \/>\n<meta name=\"robots\" content=\"index, follow, max-snippet:-1, max-image-preview:large, max-video-preview:-1\" \/>\n<link rel=\"canonical\" href=\"https:\/\/repliquemangacine.fr\/es\/serie-shields-vikingos\/escudo-vikingo-redondo-decorativo\/\" \/>\n<meta property=\"og:locale\" content=\"es_ES\" \/>\n<meta property=\"og:type\" content=\"article\" \/>\n<meta property=\"og:title\" content=\"Bouclier Viking Rond - Boutique en ligne - R\u00e9plique Manga Cin\u00e9\" \/>\n<meta property=\"og:description\" content=\"Offrez-vous ce Bouclier Viking Rond au meilleur prix - En bois -Ferrures et raccords en acier. Dos recouvert de cuir - Diam\u00e8tre : 61 cm - Envoi 24\/48h\" \/>\n<meta property=\"og:url\" content=\"https:\/\/repliquemangacine.fr\/es\/serie-shields-vikingos\/escudo-vikingo-redondo-decorativo\/\" \/>\n<meta property=\"og:site_name\" content=\"R\u00e9plique Manga Cin\u00e9\" \/>\n<meta property=\"article:publisher\" content=\"https:\/\/www.facebook.com\/RepliqueMangaCine\" \/>\n<meta property=\"article:modified_time\" content=\"2026-04-14T18:05:22+00:00\" \/>\n<meta property=\"og:image\" content=\"https:\/\/repliquemangacine.fr\/wp-content\/uploads\/2023\/10\/Bouclier-viking-lame-bois.jpg\" \/>\n\t<meta property=\"og:image:width\" content=\"500\" \/>\n\t<meta property=\"og:image:height\" content=\"500\" \/>\n\t<meta property=\"og:image:type\" content=\"image\/jpeg\" \/>\n<meta name=\"twitter:card\" content=\"summary_large_image\" \/>\n<meta name=\"twitter:label1\" content=\"Tiempo de lectura\" \/>\n\t<meta name=\"twitter:data1\" content=\"2 minutos\" \/>\n<script type=\"application\/ld+json\" class=\"yoast-schema-graph\">{\"@context\":\"https:\\\/\\\/schema.org\",\"@graph\":[{\"@type\":\"WebPage\",\"@id\":\"https:\\\/\\\/repliquemangacine.fr\\\/boucliers-serie-vikings\\\/bouclier-viking-rond-decoratif\\\/\",\"url\":\"https:\\\/\\\/repliquemangacine.fr\\\/boucliers-serie-vikings\\\/bouclier-viking-rond-decoratif\\\/\",\"name\":\"Bouclier Viking Rond - Boutique en ligne - R\u00e9plique Manga Cin\u00e9\",\"isPartOf\":{\"@id\":\"https:\\\/\\\/repliquemangacine.fr\\\/#website\"},\"primaryImageOfPage\":{\"@id\":\"https:\\\/\\\/repliquemangacine.fr\\\/boucliers-serie-vikings\\\/bouclier-viking-rond-decoratif\\\/#primaryimage\"},\"image\":{\"@id\":\"https:\\\/\\\/repliquemangacine.fr\\\/boucliers-serie-vikings\\\/bouclier-viking-rond-decoratif\\\/#primaryimage\"},\"thumbnailUrl\":\"https:\\\/\\\/repliquemangacine.fr\\\/wp-content\\\/uploads\\\/2023\\\/10\\\/Bouclier-viking-lame-bois.jpg\",\"datePublished\":\"2022-07-11T13:26:31+00:00\",\"dateModified\":\"2026-04-14T18:05:22+00:00\",\"description\":\"Offrez-vous ce Bouclier Viking Rond au meilleur prix - En bois -Ferrures et raccords en acier. Dos recouvert de cuir - Diam\u00e8tre : 61 cm - Envoi 24\\\/48h\",\"breadcrumb\":{\"@id\":\"https:\\\/\\\/repliquemangacine.fr\\\/boucliers-serie-vikings\\\/bouclier-viking-rond-decoratif\\\/#breadcrumb\"},\"inLanguage\":\"es\",\"potentialAction\":[{\"@type\":\"ReadAction\",\"target\":[\"https:\\\/\\\/repliquemangacine.fr\\\/boucliers-serie-vikings\\\/bouclier-viking-rond-decoratif\\\/\"]}]},{\"@type\":\"ImageObject\",\"inLanguage\":\"es\",\"@id\":\"https:\\\/\\\/repliquemangacine.fr\\\/boucliers-serie-vikings\\\/bouclier-viking-rond-decoratif\\\/#primaryimage\",\"url\":\"https:\\\/\\\/repliquemangacine.fr\\\/wp-content\\\/uploads\\\/2023\\\/10\\\/Bouclier-viking-lame-bois.jpg\",\"contentUrl\":\"https:\\\/\\\/repliquemangacine.fr\\\/wp-content\\\/uploads\\\/2023\\\/10\\\/Bouclier-viking-lame-bois.jpg\",\"width\":500,\"height\":500,\"caption\":\"Bouclier Viking Rond D\u00e9coratif en bois\"},{\"@type\":\"BreadcrumbList\",\"@id\":\"https:\\\/\\\/repliquemangacine.fr\\\/boucliers-serie-vikings\\\/bouclier-viking-rond-decoratif\\\/#breadcrumb\",\"itemListElement\":[{\"@type\":\"ListItem\",\"position\":1,\"name\":\"Accueil\",\"item\":\"https:\\\/\\\/repliquemangacine.fr\\\/\"},{\"@type\":\"ListItem\",\"position\":2,\"name\":\"Produits\",\"item\":\"https:\\\/\\\/repliquemangacine.fr\\\/boutique\\\/\"},{\"@type\":\"ListItem\",\"position\":3,\"name\":\"Bouclier Viking Rond\"}]},{\"@type\":\"WebSite\",\"@id\":\"https:\\\/\\\/repliquemangacine.fr\\\/#website\",\"url\":\"https:\\\/\\\/repliquemangacine.fr\\\/\",\"name\":\"R\u00e9plique Manga Cin\u00e9\",\"description\":\"\",\"publisher\":{\"@id\":\"https:\\\/\\\/repliquemangacine.fr\\\/#organization\"},\"potentialAction\":[{\"@type\":\"SearchAction\",\"target\":{\"@type\":\"EntryPoint\",\"urlTemplate\":\"https:\\\/\\\/repliquemangacine.fr\\\/?s={search_term_string}\"},\"query-input\":{\"@type\":\"PropertyValueSpecification\",\"valueRequired\":true,\"valueName\":\"search_term_string\"}}],\"inLanguage\":\"es\"},{\"@type\":\"Organization\",\"@id\":\"https:\\\/\\\/repliquemangacine.fr\\\/#organization\",\"name\":\"R\u00e9plique Manga Cin\u00e9\",\"url\":\"https:\\\/\\\/repliquemangacine.fr\\\/\",\"logo\":{\"@type\":\"ImageObject\",\"inLanguage\":\"es\",\"@id\":\"https:\\\/\\\/repliquemangacine.fr\\\/#\\\/schema\\\/logo\\\/image\\\/\",\"url\":\"https:\\\/\\\/repliquemangacine.fr\\\/wp-content\\\/uploads\\\/2023\\\/10\\\/RMC-500250.png\",\"contentUrl\":\"https:\\\/\\\/repliquemangacine.fr\\\/wp-content\\\/uploads\\\/2023\\\/10\\\/RMC-500250.png\",\"width\":500,\"height\":250,\"caption\":\"R\u00e9plique Manga Cin\u00e9\"},\"image\":{\"@id\":\"https:\\\/\\\/repliquemangacine.fr\\\/#\\\/schema\\\/logo\\\/image\\\/\"},\"sameAs\":[\"https:\\\/\\\/www.facebook.com\\\/RepliqueMangaCine\",\"https:\\\/\\\/www.instagram.com\\\/repliquemangacine.fr\\\/\"]}]}<\/script>\n<!-- \/ Yoast SEO plugin. -->","yoast_head_json":{"title":"Escudo Vikingo Redondo - Tienda Online - R\u00e9plique Manga Cin\u00e9","description":"Reg\u00e1lese este Escudo Vikingo Redondo al mejor precio - Fabricado en madera - Herrajes de acero. Reverso forrado de cuero - Di\u00e1metro : 61 cm - Env\u00edo 24\/48h","robots":{"index":"index","follow":"follow","max-snippet":"max-snippet:-1","max-image-preview":"max-image-preview:large","max-video-preview":"max-video-preview:-1"},"canonical":"https:\/\/repliquemangacine.fr\/es\/serie-shields-vikingos\/escudo-vikingo-redondo-decorativo\/","og_locale":"es_ES","og_type":"article","og_title":"Bouclier Viking Rond - Boutique en ligne - R\u00e9plique Manga Cin\u00e9","og_description":"Offrez-vous ce Bouclier Viking Rond au meilleur prix - En bois -Ferrures et raccords en acier. Dos recouvert de cuir - Diam\u00e8tre : 61 cm - Envoi 24\/48h","og_url":"https:\/\/repliquemangacine.fr\/es\/serie-shields-vikingos\/escudo-vikingo-redondo-decorativo\/","og_site_name":"R\u00e9plique Manga Cin\u00e9","article_publisher":"https:\/\/www.facebook.com\/RepliqueMangaCine","article_modified_time":"2026-04-14T18:05:22+00:00","og_image":[{"width":500,"height":500,"url":"https:\/\/repliquemangacine.fr\/wp-content\/uploads\/2023\/10\/Bouclier-viking-lame-bois.jpg","type":"image\/jpeg"}],"twitter_card":"summary_large_image","twitter_misc":{"Tiempo de lectura":"2 minutos"},"schema":{"@context":"https:\/\/schema.org","@graph":[{"@type":"WebPage","@id":"https:\/\/repliquemangacine.fr\/boucliers-serie-vikings\/bouclier-viking-rond-decoratif\/","url":"https:\/\/repliquemangacine.fr\/boucliers-serie-vikings\/bouclier-viking-rond-decoratif\/","name":"Escudo Vikingo Redondo - Tienda Online - R\u00e9plique Manga Cin\u00e9","isPartOf":{"@id":"https:\/\/repliquemangacine.fr\/#website"},"primaryImageOfPage":{"@id":"https:\/\/repliquemangacine.fr\/boucliers-serie-vikings\/bouclier-viking-rond-decoratif\/#primaryimage"},"image":{"@id":"https:\/\/repliquemangacine.fr\/boucliers-serie-vikings\/bouclier-viking-rond-decoratif\/#primaryimage"},"thumbnailUrl":"https:\/\/repliquemangacine.fr\/wp-content\/uploads\/2023\/10\/Bouclier-viking-lame-bois.jpg","datePublished":"2022-07-11T13:26:31+00:00","dateModified":"2026-04-14T18:05:22+00:00","description":"Reg\u00e1lese este Escudo Vikingo Redondo al mejor precio - Fabricado en madera - Herrajes de acero. Reverso forrado de cuero - Di\u00e1metro : 61 cm - Env\u00edo 24\/48h","breadcrumb":{"@id":"https:\/\/repliquemangacine.fr\/boucliers-serie-vikings\/bouclier-viking-rond-decoratif\/#breadcrumb"},"inLanguage":"es","potentialAction":[{"@type":"ReadAction","target":["https:\/\/repliquemangacine.fr\/boucliers-serie-vikings\/bouclier-viking-rond-decoratif\/"]}]},{"@type":"ImageObject","inLanguage":"es","@id":"https:\/\/repliquemangacine.fr\/boucliers-serie-vikings\/bouclier-viking-rond-decoratif\/#primaryimage","url":"https:\/\/repliquemangacine.fr\/wp-content\/uploads\/2023\/10\/Bouclier-viking-lame-bois.jpg","contentUrl":"https:\/\/repliquemangacine.fr\/wp-content\/uploads\/2023\/10\/Bouclier-viking-lame-bois.jpg","width":500,"height":500,"caption":"Bouclier Viking Rond D\u00e9coratif en bois"},{"@type":"BreadcrumbList","@id":"https:\/\/repliquemangacine.fr\/boucliers-serie-vikings\/bouclier-viking-rond-decoratif\/#breadcrumb","itemListElement":[{"@type":"ListItem","position":1,"name":"Accueil","item":"https:\/\/repliquemangacine.fr\/"},{"@type":"ListItem","position":2,"name":"Produits","item":"https:\/\/repliquemangacine.fr\/boutique\/"},{"@type":"ListItem","position":3,"name":"Bouclier Viking Rond"}]},{"@type":"WebSite","@id":"https:\/\/repliquemangacine.fr\/#website","url":"https:\/\/repliquemangacine.fr\/","name":"R\u00e9plique Manga Cin\u00e9","description":"","publisher":{"@id":"https:\/\/repliquemangacine.fr\/#organization"},"potentialAction":[{"@type":"SearchAction","target":{"@type":"EntryPoint","urlTemplate":"https:\/\/repliquemangacine.fr\/?s={search_term_string}"},"query-input":{"@type":"PropertyValueSpecification","valueRequired":true,"valueName":"search_term_string"}}],"inLanguage":"es"},{"@type":"Organization","@id":"https:\/\/repliquemangacine.fr\/#organization","name":"R\u00e9plique Manga Cin\u00e9","url":"https:\/\/repliquemangacine.fr\/","logo":{"@type":"ImageObject","inLanguage":"es","@id":"https:\/\/repliquemangacine.fr\/#\/schema\/logo\/image\/","url":"https:\/\/repliquemangacine.fr\/wp-content\/uploads\/2023\/10\/RMC-500250.png","contentUrl":"https:\/\/repliquemangacine.fr\/wp-content\/uploads\/2023\/10\/RMC-500250.png","width":500,"height":250,"caption":"R\u00e9plique Manga Cin\u00e9"},"image":{"@id":"https:\/\/repliquemangacine.fr\/#\/schema\/logo\/image\/"},"sameAs":["https:\/\/www.facebook.com\/RepliqueMangaCine","https:\/\/www.instagram.com\/repliquemangacine.fr\/"]}]}},"_links":{"self":[{"href":"https:\/\/repliquemangacine.fr\/es\/wp-json\/wp\/v2\/product\/51628","targetHints":{"allow":["GET"]}}],"collection":[{"href":"https:\/\/repliquemangacine.fr\/es\/wp-json\/wp\/v2\/product"}],"about":[{"href":"https:\/\/repliquemangacine.fr\/es\/wp-json\/wp\/v2\/types\/product"}],"wp:featuredmedia":[{"embeddable":true,"href":"https:\/\/repliquemangacine.fr\/es\/wp-json\/wp\/v2\/media\/51629"}],"wp:attachment":[{"href":"https:\/\/repliquemangacine.fr\/es\/wp-json\/wp\/v2\/media?parent=51628"}],"wp:term":[{"taxonomy":"product_brand","embeddable":true,"href":"https:\/\/repliquemangacine.fr\/es\/wp-json\/wp\/v2\/product_brand?post=51628"},{"taxonomy":"product_cat","embeddable":true,"href":"https:\/\/repliquemangacine.fr\/es\/wp-json\/wp\/v2\/product_cat?post=51628"},{"taxonomy":"product_tag","embeddable":true,"href":"https:\/\/repliquemangacine.fr\/es\/wp-json\/wp\/v2\/product_tag?post=51628"}],"curies":[{"name":"wp","href":"https:\/\/api.w.org\/{rel}","templated":true}]}}