





{"id":51618,"date":"2022-07-11T14:50:45","date_gmt":"2022-07-11T12:50:45","guid":{"rendered":"https:\/\/repliquemangacine.fr\/?post_type=product&#038;p=51618"},"modified":"2025-10-10T14:11:16","modified_gmt":"2025-10-10T12:11:16","slug":"escudo-vikingo-de-madera","status":"publish","type":"product","link":"https:\/\/repliquemangacine.fr\/es\/armes-et-accessoires-vikings\/bouclier-viking-en-bois\/","title":{"rendered":"Escudo vikingo de madera"},"content":{"rendered":"<h2>Escudo vikingo de madera con umbo de acero<\/h2>\n<p>Para empezar, el escudo vikingo de madera inspirado en los originales de la \u00e9poca.<\/p>\n<p>En <a href=\"https:\/\/www.futura-sciences.com\/sciences\/questions-reponses\/histoire-histoire-vikings-leur-epopee-13777\/\" target=\"_blank\" rel=\"noopener noreferrer\">Vikingos<\/a> Son los guerreros m\u00e1s poderosos que ha conocido Europa. Combatientes famosos por su valent\u00eda, su bravura y su ferocidad, pero sobre todo por su violencia. Civilizaci\u00f3n marcada por una religi\u00f3n original, dominada por los dioses Od\u00edn y Thor.<\/p>\n<p>Muy ingeniosos en cuanto a la fabricaci\u00f3n de escudos. De hecho, consegu\u00edan unir el mango a la parte posterior del escudo con un saliente de acero para proteger la mano. Tambi\u00e9n formaban un muro de escudos para que estos fueran tanto defensivos como ofensivos. Por \u00faltimo, los escudos tambi\u00e9n se fijaban a sus barcos para proteger a la tripulaci\u00f3n en caso de combate.<\/p>\n<h2>Tu Escudo Vikingo de madera al mejor precio.<\/h2>\n<p>Le ofrecemos una amplia selecci\u00f3n de r\u00e9plicas de la serie Viking, \u00a1pero eso no es todo!<\/p>\n<p>Lo primero y m\u00e1s importante,<\/p>\n<ul>\n<li>L'<a href=\"https:\/\/repliquemangacine.fr\/es\/vikingo\/espada-vikinga-ironside\/\">Espada vikinga Ironside<\/a> de Condor debe su nombre a Bj\u00f6rn Ironside, el legendario rey vikingo de Upsal.<\/li>\n<li>Pero tambi\u00e9n la<a href=\"https:\/\/repliquemangacine.fr\/es\/armas-vikingas\/replica-de-la-espada-del-rey-ragnar-lothbrok-de-la-serie-de-tv-vikingos\/\">La espada del rey Ragnar Lothbrok<\/a> con su hoja de acero inoxidable espejada y sus runas vikingas grabadas.<\/li>\n<li>Y mucho m\u00e1s por descubrir en nuestra tienda en l\u00ednea.<\/li>\n<\/ul>\n<p>Por eso, aqu\u00ed tienes una magn\u00edfica idea de regalo para todos los apasionados de los vikingos.<\/p>\n<p>En conclusi\u00f3n, puede utilizar el <strong>Escudo vikingo de madera<\/strong> para sus recreaciones hist\u00f3ricas. Tambi\u00e9n es una gran pieza de coleccionista o de exposici\u00f3n para cualquier entusiasta de la Era Vikinga.<\/p>\n<h2>\u00bfC\u00f3mo se utiliza el escudo del Guerrero?<\/h2>\n<p>Conocidos en todo el mundo como grandes y valientes guerreros, los vikingos eran muy eficaces en sus ataques y defensas.<\/p>\n<p>Los vikingos utilizaban una formaci\u00f3n de guerra muy eficaz que les permit\u00eda debilitar a sus enemigos sin sufrir p\u00e9rdidas importantes. Una vez debilitados sus enemigos, romp\u00edan sus l\u00edneas y los aplastaban con facilidad.<\/p>\n<p>Esta formaci\u00f3n, conocida hoy en d\u00eda como \u201cmuro de escudos\u201d.<\/p>\n<p>Adem\u00e1s, decoraban sus escudos con runas o figuras de animales, s\u00edmbolos que hac\u00edan referencia a los dioses n\u00f3rdicos. Pero su objetivo tambi\u00e9n era estrat\u00e9gico. De hecho, el <strong>Escudo vikingo de madera<\/strong> que se pinta, impide que la madera absorba el agua, haci\u00e9ndola mucho m\u00e1s pesada.<\/p>","protected":false},"excerpt":{"rendered":"<p>Escudo vikingo redondo de madera.<\/p>\n<ul>\n<li>Rondache de madera.<\/li>\n<li>Umbo y refuerzos de acero remachados.<\/li>\n<li>El borde del escudo est\u00e1 protegido por un anillo de acero.<\/li>\n<li>Asa de metal remachada y correa de cuero ajustable.<\/li>\n<\/ul>\n<p>Di\u00e1metro: 54,5 cm - Grosor: 1,3 cm - Peso: 2,5 kg aprox.<\/p>","protected":false},"featured_media":51619,"template":"","meta":[],"product_brand":[896],"product_cat":[25,24,103,57],"product_tag":[],"class_list":{"0":"post-51618","1":"product","2":"type-product","3":"status-publish","4":"has-post-thumbnail","6":"product_brand-replique-manga-cine","7":"product_cat-armes-historiques","8":"product_cat-films-series-tv-vente-de-katana-epee-et-produits-derives","9":"product_cat-armes-et-accessoires-vikings","10":"product_cat-armes-vikings","12":"first","13":"instock","14":"taxable","15":"shipping-taxable","16":"purchasable","17":"product-type-simple"},"yoast_head":"<!-- This site is optimized with the Yoast SEO plugin v27.4 - https:\/\/yoast.com\/product\/yoast-seo-wordpress\/ -->\n<title>Bouclier Viking en bois - Boutique en ligne - R\u00e9plique Manga Cin\u00e9<\/title>\n<meta name=\"description\" content=\"Offrez-vous ce Bouclier Viking en Bois au meilleur prix - Rondache en bois - Umbo et renforts rivet\u00e9s en acier - Diam\u00e8tre : 54.5 cm - Poids : 2.5 kg\" \/>\n<meta name=\"robots\" content=\"index, follow, max-snippet:-1, max-image-preview:large, max-video-preview:-1\" \/>\n<link rel=\"canonical\" href=\"https:\/\/repliquemangacine.fr\/es\/armas-y-accesorios-vikingos\/escudo-vikingo-de-madera\/\" \/>\n<meta property=\"og:locale\" content=\"es_ES\" \/>\n<meta property=\"og:type\" content=\"article\" \/>\n<meta property=\"og:title\" content=\"Bouclier Viking en bois - Boutique en ligne - R\u00e9plique Manga Cin\u00e9\" \/>\n<meta property=\"og:description\" content=\"Offrez-vous ce Bouclier Viking en Bois au meilleur prix - Rondache en bois - Umbo et renforts rivet\u00e9s en acier - Diam\u00e8tre : 54.5 cm - Poids : 2.5 kg\" \/>\n<meta property=\"og:url\" content=\"https:\/\/repliquemangacine.fr\/es\/armas-y-accesorios-vikingos\/escudo-vikingo-de-madera\/\" \/>\n<meta property=\"og:site_name\" content=\"R\u00e9plique Manga Cin\u00e9\" \/>\n<meta property=\"article:publisher\" content=\"https:\/\/www.facebook.com\/RepliqueMangaCine\" \/>\n<meta property=\"article:modified_time\" content=\"2025-10-10T12:11:16+00:00\" \/>\n<meta property=\"og:image\" content=\"https:\/\/repliquemangacine.fr\/wp-content\/uploads\/2023\/10\/Bouclier-Viking-bois.jpg\" \/>\n\t<meta property=\"og:image:width\" content=\"500\" \/>\n\t<meta property=\"og:image:height\" content=\"500\" \/>\n\t<meta property=\"og:image:type\" content=\"image\/jpeg\" \/>\n<meta name=\"twitter:card\" content=\"summary_large_image\" \/>\n<meta name=\"twitter:label1\" content=\"Tiempo de lectura\" \/>\n\t<meta name=\"twitter:data1\" content=\"2 minutos\" \/>\n<script type=\"application\/ld+json\" class=\"yoast-schema-graph\">{\"@context\":\"https:\\\/\\\/schema.org\",\"@graph\":[{\"@type\":\"WebPage\",\"@id\":\"https:\\\/\\\/repliquemangacine.fr\\\/armes-et-accessoires-vikings\\\/bouclier-viking-en-bois\\\/\",\"url\":\"https:\\\/\\\/repliquemangacine.fr\\\/armes-et-accessoires-vikings\\\/bouclier-viking-en-bois\\\/\",\"name\":\"Bouclier Viking en bois - Boutique en ligne - R\u00e9plique Manga Cin\u00e9\",\"isPartOf\":{\"@id\":\"https:\\\/\\\/repliquemangacine.fr\\\/#website\"},\"primaryImageOfPage\":{\"@id\":\"https:\\\/\\\/repliquemangacine.fr\\\/armes-et-accessoires-vikings\\\/bouclier-viking-en-bois\\\/#primaryimage\"},\"image\":{\"@id\":\"https:\\\/\\\/repliquemangacine.fr\\\/armes-et-accessoires-vikings\\\/bouclier-viking-en-bois\\\/#primaryimage\"},\"thumbnailUrl\":\"https:\\\/\\\/repliquemangacine.fr\\\/wp-content\\\/uploads\\\/2023\\\/10\\\/Bouclier-Viking-bois.jpg\",\"datePublished\":\"2022-07-11T12:50:45+00:00\",\"dateModified\":\"2025-10-10T12:11:16+00:00\",\"description\":\"Offrez-vous ce Bouclier Viking en Bois au meilleur prix - Rondache en bois - Umbo et renforts rivet\u00e9s en acier - Diam\u00e8tre : 54.5 cm - Poids : 2.5 kg\",\"breadcrumb\":{\"@id\":\"https:\\\/\\\/repliquemangacine.fr\\\/armes-et-accessoires-vikings\\\/bouclier-viking-en-bois\\\/#breadcrumb\"},\"inLanguage\":\"es\",\"potentialAction\":[{\"@type\":\"ReadAction\",\"target\":[\"https:\\\/\\\/repliquemangacine.fr\\\/armes-et-accessoires-vikings\\\/bouclier-viking-en-bois\\\/\"]}]},{\"@type\":\"ImageObject\",\"inLanguage\":\"es\",\"@id\":\"https:\\\/\\\/repliquemangacine.fr\\\/armes-et-accessoires-vikings\\\/bouclier-viking-en-bois\\\/#primaryimage\",\"url\":\"https:\\\/\\\/repliquemangacine.fr\\\/wp-content\\\/uploads\\\/2023\\\/10\\\/Bouclier-Viking-bois.jpg\",\"contentUrl\":\"https:\\\/\\\/repliquemangacine.fr\\\/wp-content\\\/uploads\\\/2023\\\/10\\\/Bouclier-Viking-bois.jpg\",\"width\":500,\"height\":500,\"caption\":\"Bouclier-Viking-bois rivete\"},{\"@type\":\"BreadcrumbList\",\"@id\":\"https:\\\/\\\/repliquemangacine.fr\\\/armes-et-accessoires-vikings\\\/bouclier-viking-en-bois\\\/#breadcrumb\",\"itemListElement\":[{\"@type\":\"ListItem\",\"position\":1,\"name\":\"Accueil\",\"item\":\"https:\\\/\\\/repliquemangacine.fr\\\/\"},{\"@type\":\"ListItem\",\"position\":2,\"name\":\"Produits\",\"item\":\"https:\\\/\\\/repliquemangacine.fr\\\/boutique\\\/\"},{\"@type\":\"ListItem\",\"position\":3,\"name\":\"Bouclier Viking Bois\"}]},{\"@type\":\"WebSite\",\"@id\":\"https:\\\/\\\/repliquemangacine.fr\\\/#website\",\"url\":\"https:\\\/\\\/repliquemangacine.fr\\\/\",\"name\":\"R\u00e9plique Manga Cin\u00e9\",\"description\":\"\",\"publisher\":{\"@id\":\"https:\\\/\\\/repliquemangacine.fr\\\/#organization\"},\"potentialAction\":[{\"@type\":\"SearchAction\",\"target\":{\"@type\":\"EntryPoint\",\"urlTemplate\":\"https:\\\/\\\/repliquemangacine.fr\\\/?s={search_term_string}\"},\"query-input\":{\"@type\":\"PropertyValueSpecification\",\"valueRequired\":true,\"valueName\":\"search_term_string\"}}],\"inLanguage\":\"es\"},{\"@type\":\"Organization\",\"@id\":\"https:\\\/\\\/repliquemangacine.fr\\\/#organization\",\"name\":\"R\u00e9plique Manga Cin\u00e9\",\"url\":\"https:\\\/\\\/repliquemangacine.fr\\\/\",\"logo\":{\"@type\":\"ImageObject\",\"inLanguage\":\"es\",\"@id\":\"https:\\\/\\\/repliquemangacine.fr\\\/#\\\/schema\\\/logo\\\/image\\\/\",\"url\":\"https:\\\/\\\/repliquemangacine.fr\\\/wp-content\\\/uploads\\\/2023\\\/10\\\/RMC-500250.png\",\"contentUrl\":\"https:\\\/\\\/repliquemangacine.fr\\\/wp-content\\\/uploads\\\/2023\\\/10\\\/RMC-500250.png\",\"width\":500,\"height\":250,\"caption\":\"R\u00e9plique Manga Cin\u00e9\"},\"image\":{\"@id\":\"https:\\\/\\\/repliquemangacine.fr\\\/#\\\/schema\\\/logo\\\/image\\\/\"},\"sameAs\":[\"https:\\\/\\\/www.facebook.com\\\/RepliqueMangaCine\",\"https:\\\/\\\/www.instagram.com\\\/repliquemangacine.fr\\\/\"]}]}<\/script>\n<!-- \/ Yoast SEO plugin. -->","yoast_head_json":{"title":"Escudo vikingo de madera - Tienda Online - R\u00e9plique Manga Cin\u00e9","description":"Reg\u00e1late este Escudo Vikingo de Madera al mejor precio - Redondo de madera - Umbo y refuerzos remachados de acero - Di\u00e1metro : 54,5 cm - Peso : 2,5 kg","robots":{"index":"index","follow":"follow","max-snippet":"max-snippet:-1","max-image-preview":"max-image-preview:large","max-video-preview":"max-video-preview:-1"},"canonical":"https:\/\/repliquemangacine.fr\/es\/armas-y-accesorios-vikingos\/escudo-vikingo-de-madera\/","og_locale":"es_ES","og_type":"article","og_title":"Bouclier Viking en bois - Boutique en ligne - R\u00e9plique Manga Cin\u00e9","og_description":"Offrez-vous ce Bouclier Viking en Bois au meilleur prix - Rondache en bois - Umbo et renforts rivet\u00e9s en acier - Diam\u00e8tre : 54.5 cm - Poids : 2.5 kg","og_url":"https:\/\/repliquemangacine.fr\/es\/armas-y-accesorios-vikingos\/escudo-vikingo-de-madera\/","og_site_name":"R\u00e9plique Manga Cin\u00e9","article_publisher":"https:\/\/www.facebook.com\/RepliqueMangaCine","article_modified_time":"2025-10-10T12:11:16+00:00","og_image":[{"width":500,"height":500,"url":"https:\/\/repliquemangacine.fr\/wp-content\/uploads\/2023\/10\/Bouclier-Viking-bois.jpg","type":"image\/jpeg"}],"twitter_card":"summary_large_image","twitter_misc":{"Tiempo de lectura":"2 minutos"},"schema":{"@context":"https:\/\/schema.org","@graph":[{"@type":"WebPage","@id":"https:\/\/repliquemangacine.fr\/armes-et-accessoires-vikings\/bouclier-viking-en-bois\/","url":"https:\/\/repliquemangacine.fr\/armes-et-accessoires-vikings\/bouclier-viking-en-bois\/","name":"Escudo vikingo de madera - Tienda Online - R\u00e9plique Manga Cin\u00e9","isPartOf":{"@id":"https:\/\/repliquemangacine.fr\/#website"},"primaryImageOfPage":{"@id":"https:\/\/repliquemangacine.fr\/armes-et-accessoires-vikings\/bouclier-viking-en-bois\/#primaryimage"},"image":{"@id":"https:\/\/repliquemangacine.fr\/armes-et-accessoires-vikings\/bouclier-viking-en-bois\/#primaryimage"},"thumbnailUrl":"https:\/\/repliquemangacine.fr\/wp-content\/uploads\/2023\/10\/Bouclier-Viking-bois.jpg","datePublished":"2022-07-11T12:50:45+00:00","dateModified":"2025-10-10T12:11:16+00:00","description":"Reg\u00e1late este Escudo Vikingo de Madera al mejor precio - Redondo de madera - Umbo y refuerzos remachados de acero - Di\u00e1metro : 54,5 cm - Peso : 2,5 kg","breadcrumb":{"@id":"https:\/\/repliquemangacine.fr\/armes-et-accessoires-vikings\/bouclier-viking-en-bois\/#breadcrumb"},"inLanguage":"es","potentialAction":[{"@type":"ReadAction","target":["https:\/\/repliquemangacine.fr\/armes-et-accessoires-vikings\/bouclier-viking-en-bois\/"]}]},{"@type":"ImageObject","inLanguage":"es","@id":"https:\/\/repliquemangacine.fr\/armes-et-accessoires-vikings\/bouclier-viking-en-bois\/#primaryimage","url":"https:\/\/repliquemangacine.fr\/wp-content\/uploads\/2023\/10\/Bouclier-Viking-bois.jpg","contentUrl":"https:\/\/repliquemangacine.fr\/wp-content\/uploads\/2023\/10\/Bouclier-Viking-bois.jpg","width":500,"height":500,"caption":"Bouclier-Viking-bois rivete"},{"@type":"BreadcrumbList","@id":"https:\/\/repliquemangacine.fr\/armes-et-accessoires-vikings\/bouclier-viking-en-bois\/#breadcrumb","itemListElement":[{"@type":"ListItem","position":1,"name":"Accueil","item":"https:\/\/repliquemangacine.fr\/"},{"@type":"ListItem","position":2,"name":"Produits","item":"https:\/\/repliquemangacine.fr\/boutique\/"},{"@type":"ListItem","position":3,"name":"Bouclier Viking Bois"}]},{"@type":"WebSite","@id":"https:\/\/repliquemangacine.fr\/#website","url":"https:\/\/repliquemangacine.fr\/","name":"R\u00e9plique Manga Cin\u00e9","description":"","publisher":{"@id":"https:\/\/repliquemangacine.fr\/#organization"},"potentialAction":[{"@type":"SearchAction","target":{"@type":"EntryPoint","urlTemplate":"https:\/\/repliquemangacine.fr\/?s={search_term_string}"},"query-input":{"@type":"PropertyValueSpecification","valueRequired":true,"valueName":"search_term_string"}}],"inLanguage":"es"},{"@type":"Organization","@id":"https:\/\/repliquemangacine.fr\/#organization","name":"R\u00e9plique Manga Cin\u00e9","url":"https:\/\/repliquemangacine.fr\/","logo":{"@type":"ImageObject","inLanguage":"es","@id":"https:\/\/repliquemangacine.fr\/#\/schema\/logo\/image\/","url":"https:\/\/repliquemangacine.fr\/wp-content\/uploads\/2023\/10\/RMC-500250.png","contentUrl":"https:\/\/repliquemangacine.fr\/wp-content\/uploads\/2023\/10\/RMC-500250.png","width":500,"height":250,"caption":"R\u00e9plique Manga Cin\u00e9"},"image":{"@id":"https:\/\/repliquemangacine.fr\/#\/schema\/logo\/image\/"},"sameAs":["https:\/\/www.facebook.com\/RepliqueMangaCine","https:\/\/www.instagram.com\/repliquemangacine.fr\/"]}]}},"_links":{"self":[{"href":"https:\/\/repliquemangacine.fr\/es\/wp-json\/wp\/v2\/product\/51618","targetHints":{"allow":["GET"]}}],"collection":[{"href":"https:\/\/repliquemangacine.fr\/es\/wp-json\/wp\/v2\/product"}],"about":[{"href":"https:\/\/repliquemangacine.fr\/es\/wp-json\/wp\/v2\/types\/product"}],"wp:featuredmedia":[{"embeddable":true,"href":"https:\/\/repliquemangacine.fr\/es\/wp-json\/wp\/v2\/media\/51619"}],"wp:attachment":[{"href":"https:\/\/repliquemangacine.fr\/es\/wp-json\/wp\/v2\/media?parent=51618"}],"wp:term":[{"taxonomy":"product_brand","embeddable":true,"href":"https:\/\/repliquemangacine.fr\/es\/wp-json\/wp\/v2\/product_brand?post=51618"},{"taxonomy":"product_cat","embeddable":true,"href":"https:\/\/repliquemangacine.fr\/es\/wp-json\/wp\/v2\/product_cat?post=51618"},{"taxonomy":"product_tag","embeddable":true,"href":"https:\/\/repliquemangacine.fr\/es\/wp-json\/wp\/v2\/product_tag?post=51618"}],"curies":[{"name":"wp","href":"https:\/\/api.w.org\/{rel}","templated":true}]}}