





{"id":51477,"date":"2022-07-05T15:37:53","date_gmt":"2022-07-05T13:37:53","guid":{"rendered":"https:\/\/repliquemangacine.fr\/?post_type=product&#038;p=51477"},"modified":"2026-04-14T12:27:38","modified_gmt":"2026-04-14T10:27:38","slug":"hoja-de-chakra-asuma","status":"publish","type":"product","link":"https:\/\/repliquemangacine.fr\/es\/kunai-et-shuriken-naruto\/lame-de-chakra-asuma\/","title":{"rendered":"Asuma Chakra Blade"},"content":{"rendered":"<h2>Asuma Sarutobi Chakra Blade en Naruto<\/h2>\n<p>Para empezar, el <strong>Asuma Chakra Blade<\/strong> -Es totalmente de acero de una sola pieza (construcci\u00f3n Full Tang).<\/p>\n<p>Asuma Sarutobi es un j\u00f4nin de Konoha del clan Sarutobi, as\u00ed como un antiguo miembro de los Doce Ninjas Guardianes. Es una persona tranquila y gran fumador.<br \/>\n<a href=\"https:\/\/naruto.fandom.com\/fr\/wiki\/Asuma_Sarutobi\" target=\"_blank\" rel=\"noopener noreferrer\">Asuma<\/a> a un gran talento, utilizando en el anime la t\u00e9cnica definitiva del templo del fuego.<\/p>\n<p>Su estilo de lucha se basa principalmente en el taijutsu, combinado con sus nudillos de acero dotados de cuchillas de chakra. Estos nudillos est\u00e1n fabricados con un metal especial capaz de transmitir el chakra de su usuario. Con su t\u00e9cnica \u00abLa golondrina voladora\u00bb, puede prolongar las cuchillas con su chakra para herir a un enemigo situado a varios metros de distancia.<\/p>\n<h2>Tu Asuma Chakra Blade al mejor precio.<\/h2>\n<p>Te ofrecemos todas las r\u00e9plicas de tus personajes favoritos de este manga animado Naruto.<\/p>\n<p>Lo primero y m\u00e1s importante,<\/p>\n<ul>\n<li>La katana chidori <a href=\"https:\/\/repliquemangacine.fr\/es\/naruto\/epee-kusanagi-katana-chidori-sasuke-uchiwa\/\">Espada Kusanagi<\/a>,<\/li>\n<li>Tambi\u00e9n existe la<a href=\"https:\/\/repliquemangacine.fr\/es\/naruto\/naruto-kunai-grande\/\"> Kunai grande<\/a> Naruto, todo metal.<\/li>\n<li>Al igual que la katana de Boruto, fue con esta espada con la que Sasuk\u00e9 le ense\u00f1\u00f3 a manejarla.<\/li>\n<li>Y mucho m\u00e1s por descubrir en nuestra tienda en l\u00ednea.<\/li>\n<\/ul>\n<p>Por eso, aqu\u00ed tienes unas ideas estupendas para regalar a los fans de Naruto.<\/p>\n<p>En conclusi\u00f3n, tambi\u00e9n puede utilizar esta L<strong>Asuma Chakra Alma<\/strong> para tus desfiles de cosplay o veladas tem\u00e1ticas. Pero, sobre todo, la Asuma Chakra Blade es tambi\u00e9n un objeto de coleccionista y una pieza decorativa.<\/p>\n<h2>Descubre nuestras \u00faltimas novedades Naruto baratas.<\/h2>\n<p>Siempre en busca de novedades y con el objetivo de satisfacer sus demandas, \u00a1tenemos algunas peque\u00f1as joyas que pronto le presentaremos!<\/p>\n<p>Tendremos el placer de presentarles una gama de figuras de Naurto, as\u00ed como diversos art\u00edculos promocionales al mejor precio. \u00a1Solo tienen que tener un poco de paciencia!<\/p>\n<p>R\u00e9plique Manga Cin\u00e9 es una empresa familiar francesa.<\/p>\n<p><strong>Tenga en cuenta que todas nuestras r\u00e9plicas son objetos de colecci\u00f3n y decoraci\u00f3n. Puede utilizarlas para recreaciones hist\u00f3ricas, desfiles de cosplay o decoraci\u00f3n de interiores. En consecuencia, no es posible acudir a lugares p\u00fablicos con estas r\u00e9plicas.<\/strong><\/p>\n<p>&nbsp;<\/p>","protected":false},"excerpt":{"rendered":"<p>Pu\u00f1o Asuma Naruto<\/p>\n<p>Una r\u00e9plica id\u00e9ntica del pu\u00f1o americano, el arma de chakra de Asuma.<\/p>\n<ul>\n<li>Todo de acero inoxidable 440, (no afilado) hecho en una sola pieza con el logo de Naruto.<\/li>\n<li>El mango tiene 4 orificios en el acero para pasar los dedos.<\/li>\n<li>Funda de imitaci\u00f3n de cuero, se puede llevar en el cintur\u00f3n.<\/li>\n<li>Longitud de la hoja: 12 cm - Longitud total: 26 cm<\/li>\n<\/ul>\n<p>&nbsp;<\/p>","protected":false},"featured_media":51478,"template":"","meta":[],"product_brand":[896],"product_cat":[108,23,42],"product_tag":[],"class_list":{"0":"post-51477","1":"product","2":"type-product","3":"status-publish","4":"has-post-thumbnail","6":"product_brand-replique-manga-cine","7":"product_cat-kunai-et-shuriken-naruto","8":"product_cat-repliques-manga-jeux-video","9":"product_cat-katana-goodies-naruto-kunai","11":"first","12":"instock","13":"taxable","14":"shipping-taxable","15":"purchasable","16":"product-type-simple"},"yoast_head":"<!-- This site is optimized with the Yoast SEO plugin v27.4 - https:\/\/yoast.com\/product\/yoast-seo-wordpress\/ -->\n<title>Lame de Chakra Asuma Naruto - Boutique en ligne - RMC<\/title>\n<meta name=\"description\" content=\"Commandez vite ! Votre Lame de Chakra Asuma dans Naruto au meilleur prix. Lame en acier avec le sigle Naruto - Longueur totale : 26cm - Envoi 24\/48h\" \/>\n<meta name=\"robots\" content=\"index, follow, max-snippet:-1, max-image-preview:large, max-video-preview:-1\" \/>\n<link rel=\"canonical\" href=\"https:\/\/repliquemangacine.fr\/es\/naruto-kunai-y-shuriken\/hoja-de-chakra-asuma\/\" \/>\n<meta property=\"og:locale\" content=\"es_ES\" \/>\n<meta property=\"og:type\" content=\"article\" \/>\n<meta property=\"og:title\" content=\"Lame de Chakra Asuma Naruto - Boutique en ligne - RMC\" \/>\n<meta property=\"og:description\" content=\"Commandez vite ! Votre Lame de Chakra Asuma dans Naruto au meilleur prix. Lame en acier avec le sigle Naruto - Longueur totale : 26cm - Envoi 24\/48h\" \/>\n<meta property=\"og:url\" content=\"https:\/\/repliquemangacine.fr\/es\/naruto-kunai-y-shuriken\/hoja-de-chakra-asuma\/\" \/>\n<meta property=\"og:site_name\" content=\"R\u00e9plique Manga Cin\u00e9\" \/>\n<meta property=\"article:publisher\" content=\"https:\/\/www.facebook.com\/RepliqueMangaCine\" \/>\n<meta property=\"article:modified_time\" content=\"2026-04-14T10:27:38+00:00\" \/>\n<meta property=\"og:image\" content=\"https:\/\/repliquemangacine.fr\/wp-content\/uploads\/2023\/10\/poing-dasuma-naruto.png\" \/>\n\t<meta property=\"og:image:width\" content=\"500\" \/>\n\t<meta property=\"og:image:height\" content=\"500\" \/>\n\t<meta property=\"og:image:type\" content=\"image\/png\" \/>\n<meta name=\"twitter:card\" content=\"summary_large_image\" \/>\n<meta name=\"twitter:label1\" content=\"Tiempo de lectura\" \/>\n\t<meta name=\"twitter:data1\" content=\"2 minutos\" \/>\n<script type=\"application\/ld+json\" class=\"yoast-schema-graph\">{\"@context\":\"https:\\\/\\\/schema.org\",\"@graph\":[{\"@type\":\"WebPage\",\"@id\":\"https:\\\/\\\/repliquemangacine.fr\\\/kunai-et-shuriken-naruto\\\/lame-de-chakra-asuma\\\/\",\"url\":\"https:\\\/\\\/repliquemangacine.fr\\\/kunai-et-shuriken-naruto\\\/lame-de-chakra-asuma\\\/\",\"name\":\"Lame de Chakra Asuma Naruto - Boutique en ligne - RMC\",\"isPartOf\":{\"@id\":\"https:\\\/\\\/repliquemangacine.fr\\\/#website\"},\"primaryImageOfPage\":{\"@id\":\"https:\\\/\\\/repliquemangacine.fr\\\/kunai-et-shuriken-naruto\\\/lame-de-chakra-asuma\\\/#primaryimage\"},\"image\":{\"@id\":\"https:\\\/\\\/repliquemangacine.fr\\\/kunai-et-shuriken-naruto\\\/lame-de-chakra-asuma\\\/#primaryimage\"},\"thumbnailUrl\":\"https:\\\/\\\/repliquemangacine.fr\\\/wp-content\\\/uploads\\\/2023\\\/10\\\/poing-dasuma-naruto.png\",\"datePublished\":\"2022-07-05T13:37:53+00:00\",\"dateModified\":\"2026-04-14T10:27:38+00:00\",\"description\":\"Commandez vite ! Votre Lame de Chakra Asuma dans Naruto au meilleur prix. Lame en acier avec le sigle Naruto - Longueur totale : 26cm - Envoi 24\\\/48h\",\"breadcrumb\":{\"@id\":\"https:\\\/\\\/repliquemangacine.fr\\\/kunai-et-shuriken-naruto\\\/lame-de-chakra-asuma\\\/#breadcrumb\"},\"inLanguage\":\"es\",\"potentialAction\":[{\"@type\":\"ReadAction\",\"target\":[\"https:\\\/\\\/repliquemangacine.fr\\\/kunai-et-shuriken-naruto\\\/lame-de-chakra-asuma\\\/\"]}]},{\"@type\":\"ImageObject\",\"inLanguage\":\"es\",\"@id\":\"https:\\\/\\\/repliquemangacine.fr\\\/kunai-et-shuriken-naruto\\\/lame-de-chakra-asuma\\\/#primaryimage\",\"url\":\"https:\\\/\\\/repliquemangacine.fr\\\/wp-content\\\/uploads\\\/2023\\\/10\\\/poing-dasuma-naruto.png\",\"contentUrl\":\"https:\\\/\\\/repliquemangacine.fr\\\/wp-content\\\/uploads\\\/2023\\\/10\\\/poing-dasuma-naruto.png\",\"width\":500,\"height\":500,\"caption\":\"Lame de Chakra Asuma\"},{\"@type\":\"BreadcrumbList\",\"@id\":\"https:\\\/\\\/repliquemangacine.fr\\\/kunai-et-shuriken-naruto\\\/lame-de-chakra-asuma\\\/#breadcrumb\",\"itemListElement\":[{\"@type\":\"ListItem\",\"position\":1,\"name\":\"Accueil\",\"item\":\"https:\\\/\\\/repliquemangacine.fr\\\/\"},{\"@type\":\"ListItem\",\"position\":2,\"name\":\"Produits\",\"item\":\"https:\\\/\\\/repliquemangacine.fr\\\/boutique\\\/\"},{\"@type\":\"ListItem\",\"position\":3,\"name\":\"Lame de Chakra Asuma\"}]},{\"@type\":\"WebSite\",\"@id\":\"https:\\\/\\\/repliquemangacine.fr\\\/#website\",\"url\":\"https:\\\/\\\/repliquemangacine.fr\\\/\",\"name\":\"R\u00e9plique Manga Cin\u00e9\",\"description\":\"\",\"publisher\":{\"@id\":\"https:\\\/\\\/repliquemangacine.fr\\\/#organization\"},\"potentialAction\":[{\"@type\":\"SearchAction\",\"target\":{\"@type\":\"EntryPoint\",\"urlTemplate\":\"https:\\\/\\\/repliquemangacine.fr\\\/?s={search_term_string}\"},\"query-input\":{\"@type\":\"PropertyValueSpecification\",\"valueRequired\":true,\"valueName\":\"search_term_string\"}}],\"inLanguage\":\"es\"},{\"@type\":\"Organization\",\"@id\":\"https:\\\/\\\/repliquemangacine.fr\\\/#organization\",\"name\":\"R\u00e9plique Manga Cin\u00e9\",\"url\":\"https:\\\/\\\/repliquemangacine.fr\\\/\",\"logo\":{\"@type\":\"ImageObject\",\"inLanguage\":\"es\",\"@id\":\"https:\\\/\\\/repliquemangacine.fr\\\/#\\\/schema\\\/logo\\\/image\\\/\",\"url\":\"https:\\\/\\\/repliquemangacine.fr\\\/wp-content\\\/uploads\\\/2023\\\/10\\\/RMC-500250.png\",\"contentUrl\":\"https:\\\/\\\/repliquemangacine.fr\\\/wp-content\\\/uploads\\\/2023\\\/10\\\/RMC-500250.png\",\"width\":500,\"height\":250,\"caption\":\"R\u00e9plique Manga Cin\u00e9\"},\"image\":{\"@id\":\"https:\\\/\\\/repliquemangacine.fr\\\/#\\\/schema\\\/logo\\\/image\\\/\"},\"sameAs\":[\"https:\\\/\\\/www.facebook.com\\\/RepliqueMangaCine\",\"https:\\\/\\\/www.instagram.com\\\/repliquemangacine.fr\\\/\"]}]}<\/script>\n<!-- \/ Yoast SEO plugin. -->","yoast_head_json":{"title":"Asuma Naruto Chakra Blade - Tienda Online - RMC","description":"Haz tu pedido Tu Asuma Chakra Blade de Naruto al mejor precio. Hoja de acero con el logo de Naruto - Longitud total: 26cm - Env\u00edo 24\/48h","robots":{"index":"index","follow":"follow","max-snippet":"max-snippet:-1","max-image-preview":"max-image-preview:large","max-video-preview":"max-video-preview:-1"},"canonical":"https:\/\/repliquemangacine.fr\/es\/naruto-kunai-y-shuriken\/hoja-de-chakra-asuma\/","og_locale":"es_ES","og_type":"article","og_title":"Lame de Chakra Asuma Naruto - Boutique en ligne - RMC","og_description":"Commandez vite ! Votre Lame de Chakra Asuma dans Naruto au meilleur prix. Lame en acier avec le sigle Naruto - Longueur totale : 26cm - Envoi 24\/48h","og_url":"https:\/\/repliquemangacine.fr\/es\/naruto-kunai-y-shuriken\/hoja-de-chakra-asuma\/","og_site_name":"R\u00e9plique Manga Cin\u00e9","article_publisher":"https:\/\/www.facebook.com\/RepliqueMangaCine","article_modified_time":"2026-04-14T10:27:38+00:00","og_image":[{"width":500,"height":500,"url":"https:\/\/repliquemangacine.fr\/wp-content\/uploads\/2023\/10\/poing-dasuma-naruto.png","type":"image\/png"}],"twitter_card":"summary_large_image","twitter_misc":{"Tiempo de lectura":"2 minutos"},"schema":{"@context":"https:\/\/schema.org","@graph":[{"@type":"WebPage","@id":"https:\/\/repliquemangacine.fr\/kunai-et-shuriken-naruto\/lame-de-chakra-asuma\/","url":"https:\/\/repliquemangacine.fr\/kunai-et-shuriken-naruto\/lame-de-chakra-asuma\/","name":"Asuma Naruto Chakra Blade - Tienda Online - RMC","isPartOf":{"@id":"https:\/\/repliquemangacine.fr\/#website"},"primaryImageOfPage":{"@id":"https:\/\/repliquemangacine.fr\/kunai-et-shuriken-naruto\/lame-de-chakra-asuma\/#primaryimage"},"image":{"@id":"https:\/\/repliquemangacine.fr\/kunai-et-shuriken-naruto\/lame-de-chakra-asuma\/#primaryimage"},"thumbnailUrl":"https:\/\/repliquemangacine.fr\/wp-content\/uploads\/2023\/10\/poing-dasuma-naruto.png","datePublished":"2022-07-05T13:37:53+00:00","dateModified":"2026-04-14T10:27:38+00:00","description":"Haz tu pedido Tu Asuma Chakra Blade de Naruto al mejor precio. Hoja de acero con el logo de Naruto - Longitud total: 26cm - Env\u00edo 24\/48h","breadcrumb":{"@id":"https:\/\/repliquemangacine.fr\/kunai-et-shuriken-naruto\/lame-de-chakra-asuma\/#breadcrumb"},"inLanguage":"es","potentialAction":[{"@type":"ReadAction","target":["https:\/\/repliquemangacine.fr\/kunai-et-shuriken-naruto\/lame-de-chakra-asuma\/"]}]},{"@type":"ImageObject","inLanguage":"es","@id":"https:\/\/repliquemangacine.fr\/kunai-et-shuriken-naruto\/lame-de-chakra-asuma\/#primaryimage","url":"https:\/\/repliquemangacine.fr\/wp-content\/uploads\/2023\/10\/poing-dasuma-naruto.png","contentUrl":"https:\/\/repliquemangacine.fr\/wp-content\/uploads\/2023\/10\/poing-dasuma-naruto.png","width":500,"height":500,"caption":"Lame de Chakra Asuma"},{"@type":"BreadcrumbList","@id":"https:\/\/repliquemangacine.fr\/kunai-et-shuriken-naruto\/lame-de-chakra-asuma\/#breadcrumb","itemListElement":[{"@type":"ListItem","position":1,"name":"Accueil","item":"https:\/\/repliquemangacine.fr\/"},{"@type":"ListItem","position":2,"name":"Produits","item":"https:\/\/repliquemangacine.fr\/boutique\/"},{"@type":"ListItem","position":3,"name":"Lame de Chakra Asuma"}]},{"@type":"WebSite","@id":"https:\/\/repliquemangacine.fr\/#website","url":"https:\/\/repliquemangacine.fr\/","name":"R\u00e9plique Manga Cin\u00e9","description":"","publisher":{"@id":"https:\/\/repliquemangacine.fr\/#organization"},"potentialAction":[{"@type":"SearchAction","target":{"@type":"EntryPoint","urlTemplate":"https:\/\/repliquemangacine.fr\/?s={search_term_string}"},"query-input":{"@type":"PropertyValueSpecification","valueRequired":true,"valueName":"search_term_string"}}],"inLanguage":"es"},{"@type":"Organization","@id":"https:\/\/repliquemangacine.fr\/#organization","name":"R\u00e9plique Manga Cin\u00e9","url":"https:\/\/repliquemangacine.fr\/","logo":{"@type":"ImageObject","inLanguage":"es","@id":"https:\/\/repliquemangacine.fr\/#\/schema\/logo\/image\/","url":"https:\/\/repliquemangacine.fr\/wp-content\/uploads\/2023\/10\/RMC-500250.png","contentUrl":"https:\/\/repliquemangacine.fr\/wp-content\/uploads\/2023\/10\/RMC-500250.png","width":500,"height":250,"caption":"R\u00e9plique Manga Cin\u00e9"},"image":{"@id":"https:\/\/repliquemangacine.fr\/#\/schema\/logo\/image\/"},"sameAs":["https:\/\/www.facebook.com\/RepliqueMangaCine","https:\/\/www.instagram.com\/repliquemangacine.fr\/"]}]}},"_links":{"self":[{"href":"https:\/\/repliquemangacine.fr\/es\/wp-json\/wp\/v2\/product\/51477","targetHints":{"allow":["GET"]}}],"collection":[{"href":"https:\/\/repliquemangacine.fr\/es\/wp-json\/wp\/v2\/product"}],"about":[{"href":"https:\/\/repliquemangacine.fr\/es\/wp-json\/wp\/v2\/types\/product"}],"wp:featuredmedia":[{"embeddable":true,"href":"https:\/\/repliquemangacine.fr\/es\/wp-json\/wp\/v2\/media\/51478"}],"wp:attachment":[{"href":"https:\/\/repliquemangacine.fr\/es\/wp-json\/wp\/v2\/media?parent=51477"}],"wp:term":[{"taxonomy":"product_brand","embeddable":true,"href":"https:\/\/repliquemangacine.fr\/es\/wp-json\/wp\/v2\/product_brand?post=51477"},{"taxonomy":"product_cat","embeddable":true,"href":"https:\/\/repliquemangacine.fr\/es\/wp-json\/wp\/v2\/product_cat?post=51477"},{"taxonomy":"product_tag","embeddable":true,"href":"https:\/\/repliquemangacine.fr\/es\/wp-json\/wp\/v2\/product_tag?post=51477"}],"curies":[{"name":"wp","href":"https:\/\/api.w.org\/{rel}","templated":true}]}}