





{"id":50654,"date":"2022-05-18T17:20:33","date_gmt":"2022-05-18T15:20:33","guid":{"rendered":"https:\/\/repliquemangacine.fr\/?post_type=product&#038;p=50654"},"modified":"2025-12-01T23:54:33","modified_gmt":"2025-12-01T22:54:33","slug":"replica-puno-rastreador-salvaje-dasuma-naruto","status":"publish","type":"product","link":"https:\/\/repliquemangacine.fr\/es\/kunai-et-shuriken-naruto\/replique-wild-tracker-poing-dasuma-naruto\/","title":{"rendered":"Pu\u00f1o Asuma Naruto"},"content":{"rendered":"<h2>Rastreador salvaje El pu\u00f1o de Asuma en Naruto<\/h2>\n<p>Para empezar, el <strong>Pu\u00f1o Asuma Naruto<\/strong>es su hoja de Chakra.<\/p>\n<p><a href=\"https:\/\/naruto.fandom.com\/fr\/wiki\/Asuma_Sarutobi\" target=\"_blank\" rel=\"noopener noreferrer\"> Asuma Sarutobi<\/a> Es un j\u00f4nin de Konoha del clan Sarutobi, as\u00ed como un antiguo miembro de los Doce Ninjas Guardianes. Es una persona tranquila y gran fumador. Asuma tiene un gran talento, utilizando en el anime la t\u00e9cnica definitiva del templo del fuego.<\/p>\n<p>Su estilo de lucha se basa principalmente en el taijutsu, combinado con sus nudillos de acero dotados de cuchillas de chakra. Estos nudillos est\u00e1n fabricados con un metal especial capaz de transmitir el chakra de su usuario. Con su t\u00e9cnica \u00abLa golondrina voladora\u00bb, puede prolongar las cuchillas con su chakra para herir a un enemigo situado a varios metros de distancia.<\/p>\n<p>Tambi\u00e9n utiliza la t\u00e9cnica Katon (Las nubes ardientes). Asuma escupe una nube de cenizas y luego chasquea los dientes para crear una chispa, provocando una potente explosi\u00f3n.<\/p>\n<h2>Tu Pu\u00f1o Asuma Naruto al mejor precio.<\/h2>\n<p>Te ofrecemos todas las r\u00e9plicas de tus personajes favoritos de este manga animado Naruto.<\/p>\n<p>Lo primero y m\u00e1s importante,<\/p>\n<ul>\n<li>La katana de Sasuke Uchiwa tiene un chokut\u014d que \u00e9l llama <a href=\"https:\/\/repliquemangacine.fr\/es\/naruto\/epee-sasuke-naruto\/\">Espada Kusanagi<\/a>.<\/li>\n<li>Tambi\u00e9n hay <a href=\"https:\/\/repliquemangacine.fr\/es\/naruto\/set-de-3-naruto-kunai\/\">tres Kunai<\/a> usado por Naruto.<\/li>\n<li>Y muchos m\u00e1s por descubrir en nuestra tienda.<\/li>\n<\/ul>\n<p>Por eso, aqu\u00ed tienes unas ideas estupendas para regalar a los fans de Naruto.<\/p>\n<p>En conclusi\u00f3n, tambi\u00e9n puede utilizar este <strong>El pu\u00f1o de Asuma Naruto<\/strong> para tus desfiles de cosplay o veladas tem\u00e1ticas. Pero sobre todo, el Pu\u00f1o Asuma Naruto es tambi\u00e9n una pieza de coleccionista y una pieza decorativa.<\/p>\n<h2>Descubre nuestras \u00faltimas novedades Naruto baratas.<\/h2>\n<p>Siempre en busca de novedades y con el objetivo de satisfacer sus demandas, \u00a1tenemos algunas peque\u00f1as joyas que pronto le presentaremos!<\/p>\n<p>\u00a1Nos los hab\u00e9is estado pidiendo desde hace tiempo y ya est\u00e1n aqu\u00ed ! Las figuras de Naruto y muchos otros art\u00edculos al mejor precio.<\/p>\n<p>R\u00e9plique Manga Cin\u00e9 es una empresa familiar francesa.<\/p>\n<p><strong>Tenga en cuenta que todas nuestras r\u00e9plicas son objetos de colecci\u00f3n y decoraci\u00f3n. Puede utilizarlas para recreaciones hist\u00f3ricas, desfiles de cosplay o decoraci\u00f3n de interiores. En consecuencia, no es posible acudir a lugares p\u00fablicos con estas r\u00e9plicas.<\/strong><\/p>\n<p>&nbsp;<\/p>\n<p>&nbsp;<\/p>","protected":false},"excerpt":{"rendered":"<p>Una magn\u00edfica r\u00e9plica del Rastreador Salvaje utilizado por Asuma en Naruto.<\/p>\n<ul>\n<li>Hoja preafilada de acero inoxidable 440 negro.<\/li>\n<li>El mango est\u00e1 recubierto de hilo de algod\u00f3n negro.<\/li>\n<li>Rompehielos.<\/li>\n<li>Dos kunais<\/li>\n<li>Funda de cordura negra para cintur\u00f3n.<\/li>\n<li>Longitud total de la daga: 29 cm - Longitud total de cada kunai: 18 cm<\/li>\n<\/ul>\n<p><strong>\u00a0<\/strong><\/p>\n<p>&nbsp;<\/p>","protected":false},"featured_media":50655,"template":"","meta":[],"product_brand":[896],"product_cat":[108,23,42],"product_tag":[],"class_list":{"0":"post-50654","1":"product","2":"type-product","3":"status-publish","4":"has-post-thumbnail","6":"product_brand-replique-manga-cine","7":"product_cat-kunai-et-shuriken-naruto","8":"product_cat-repliques-manga-jeux-video","9":"product_cat-katana-goodies-naruto-kunai","11":"first","12":"instock","13":"taxable","14":"shipping-taxable","15":"purchasable","16":"product-type-simple"},"yoast_head":"<!-- This site is optimized with the Yoast SEO plugin v27.4 - https:\/\/yoast.com\/product\/yoast-seo-wordpress\/ -->\n<title>Poing Asuma Naruto - Wild Tracker - Boutique en ligne - RMC<\/title>\n<meta name=\"description\" content=\"Achetez vite ! Cette r\u00e9plique du Poing Asuma Naruto. Tout en acier. Livr\u00e9 avec deux petits kuna\u00efs - Longueur totale : 29cm - Envoi 24\/48h\" \/>\n<meta name=\"robots\" content=\"index, follow, max-snippet:-1, max-image-preview:large, max-video-preview:-1\" \/>\n<link rel=\"canonical\" href=\"https:\/\/repliquemangacine.fr\/es\/naruto-kunai-y-shuriken\/replica-puno-rastreador-salvaje-dasuma-naruto\/\" \/>\n<meta property=\"og:locale\" content=\"es_ES\" \/>\n<meta property=\"og:type\" content=\"article\" \/>\n<meta property=\"og:title\" content=\"Poing Asuma Naruto - Wild Tracker - Boutique en ligne - RMC\" \/>\n<meta property=\"og:description\" content=\"Achetez vite ! Cette r\u00e9plique du Poing Asuma Naruto. Tout en acier. Livr\u00e9 avec deux petits kuna\u00efs - Longueur totale : 29cm - Envoi 24\/48h\" \/>\n<meta property=\"og:url\" content=\"https:\/\/repliquemangacine.fr\/es\/naruto-kunai-y-shuriken\/replica-puno-rastreador-salvaje-dasuma-naruto\/\" \/>\n<meta property=\"og:site_name\" content=\"R\u00e9plique Manga Cin\u00e9\" \/>\n<meta property=\"article:publisher\" content=\"https:\/\/www.facebook.com\/RepliqueMangaCine\" \/>\n<meta property=\"article:modified_time\" content=\"2025-12-01T22:54:33+00:00\" \/>\n<meta property=\"og:image\" content=\"https:\/\/repliquemangacine.fr\/wp-content\/uploads\/2023\/10\/poing-asuma.jpg\" \/>\n\t<meta property=\"og:image:width\" content=\"800\" \/>\n\t<meta property=\"og:image:height\" content=\"800\" \/>\n\t<meta property=\"og:image:type\" content=\"image\/jpeg\" \/>\n<meta name=\"twitter:card\" content=\"summary_large_image\" \/>\n<meta name=\"twitter:label1\" content=\"Tiempo de lectura\" \/>\n\t<meta name=\"twitter:data1\" content=\"1 minuto\" \/>\n<script type=\"application\/ld+json\" class=\"yoast-schema-graph\">{\"@context\":\"https:\\\/\\\/schema.org\",\"@graph\":[{\"@type\":\"WebPage\",\"@id\":\"https:\\\/\\\/repliquemangacine.fr\\\/kunai-et-shuriken-naruto\\\/replique-wild-tracker-poing-dasuma-naruto\\\/\",\"url\":\"https:\\\/\\\/repliquemangacine.fr\\\/kunai-et-shuriken-naruto\\\/replique-wild-tracker-poing-dasuma-naruto\\\/\",\"name\":\"Poing Asuma Naruto - Wild Tracker - Boutique en ligne - RMC\",\"isPartOf\":{\"@id\":\"https:\\\/\\\/repliquemangacine.fr\\\/#website\"},\"primaryImageOfPage\":{\"@id\":\"https:\\\/\\\/repliquemangacine.fr\\\/kunai-et-shuriken-naruto\\\/replique-wild-tracker-poing-dasuma-naruto\\\/#primaryimage\"},\"image\":{\"@id\":\"https:\\\/\\\/repliquemangacine.fr\\\/kunai-et-shuriken-naruto\\\/replique-wild-tracker-poing-dasuma-naruto\\\/#primaryimage\"},\"thumbnailUrl\":\"https:\\\/\\\/repliquemangacine.fr\\\/wp-content\\\/uploads\\\/2023\\\/10\\\/poing-asuma.jpg\",\"datePublished\":\"2022-05-18T15:20:33+00:00\",\"dateModified\":\"2025-12-01T22:54:33+00:00\",\"description\":\"Achetez vite ! Cette r\u00e9plique du Poing Asuma Naruto. Tout en acier. Livr\u00e9 avec deux petits kuna\u00efs - Longueur totale : 29cm - Envoi 24\\\/48h\",\"breadcrumb\":{\"@id\":\"https:\\\/\\\/repliquemangacine.fr\\\/kunai-et-shuriken-naruto\\\/replique-wild-tracker-poing-dasuma-naruto\\\/#breadcrumb\"},\"inLanguage\":\"es\",\"potentialAction\":[{\"@type\":\"ReadAction\",\"target\":[\"https:\\\/\\\/repliquemangacine.fr\\\/kunai-et-shuriken-naruto\\\/replique-wild-tracker-poing-dasuma-naruto\\\/\"]}]},{\"@type\":\"ImageObject\",\"inLanguage\":\"es\",\"@id\":\"https:\\\/\\\/repliquemangacine.fr\\\/kunai-et-shuriken-naruto\\\/replique-wild-tracker-poing-dasuma-naruto\\\/#primaryimage\",\"url\":\"https:\\\/\\\/repliquemangacine.fr\\\/wp-content\\\/uploads\\\/2023\\\/10\\\/poing-asuma.jpg\",\"contentUrl\":\"https:\\\/\\\/repliquemangacine.fr\\\/wp-content\\\/uploads\\\/2023\\\/10\\\/poing-asuma.jpg\",\"width\":800,\"height\":800,\"caption\":\"couteau wild tracker Asuma Naruto avec ses deux kuna\u00ef\"},{\"@type\":\"BreadcrumbList\",\"@id\":\"https:\\\/\\\/repliquemangacine.fr\\\/kunai-et-shuriken-naruto\\\/replique-wild-tracker-poing-dasuma-naruto\\\/#breadcrumb\",\"itemListElement\":[{\"@type\":\"ListItem\",\"position\":1,\"name\":\"Accueil\",\"item\":\"https:\\\/\\\/repliquemangacine.fr\\\/\"},{\"@type\":\"ListItem\",\"position\":2,\"name\":\"Produits\",\"item\":\"https:\\\/\\\/repliquemangacine.fr\\\/boutique\\\/\"},{\"@type\":\"ListItem\",\"position\":3,\"name\":\"Poing Asuma Naruto\"}]},{\"@type\":\"WebSite\",\"@id\":\"https:\\\/\\\/repliquemangacine.fr\\\/#website\",\"url\":\"https:\\\/\\\/repliquemangacine.fr\\\/\",\"name\":\"R\u00e9plique Manga Cin\u00e9\",\"description\":\"\",\"publisher\":{\"@id\":\"https:\\\/\\\/repliquemangacine.fr\\\/#organization\"},\"potentialAction\":[{\"@type\":\"SearchAction\",\"target\":{\"@type\":\"EntryPoint\",\"urlTemplate\":\"https:\\\/\\\/repliquemangacine.fr\\\/?s={search_term_string}\"},\"query-input\":{\"@type\":\"PropertyValueSpecification\",\"valueRequired\":true,\"valueName\":\"search_term_string\"}}],\"inLanguage\":\"es\"},{\"@type\":\"Organization\",\"@id\":\"https:\\\/\\\/repliquemangacine.fr\\\/#organization\",\"name\":\"R\u00e9plique Manga Cin\u00e9\",\"url\":\"https:\\\/\\\/repliquemangacine.fr\\\/\",\"logo\":{\"@type\":\"ImageObject\",\"inLanguage\":\"es\",\"@id\":\"https:\\\/\\\/repliquemangacine.fr\\\/#\\\/schema\\\/logo\\\/image\\\/\",\"url\":\"https:\\\/\\\/repliquemangacine.fr\\\/wp-content\\\/uploads\\\/2023\\\/10\\\/RMC-500250.png\",\"contentUrl\":\"https:\\\/\\\/repliquemangacine.fr\\\/wp-content\\\/uploads\\\/2023\\\/10\\\/RMC-500250.png\",\"width\":500,\"height\":250,\"caption\":\"R\u00e9plique Manga Cin\u00e9\"},\"image\":{\"@id\":\"https:\\\/\\\/repliquemangacine.fr\\\/#\\\/schema\\\/logo\\\/image\\\/\"},\"sameAs\":[\"https:\\\/\\\/www.facebook.com\\\/RepliqueMangaCine\",\"https:\\\/\\\/www.instagram.com\\\/repliquemangacine.fr\\\/\"]}]}<\/script>\n<!-- \/ Yoast SEO plugin. -->","yoast_head_json":{"title":"Pu\u00f1o Asuma Naruto - Wild Tracker - Tienda Online - RMC","description":"\u00a1C\u00f3mpralo ya! Esta r\u00e9plica del Pu\u00f1o Asuma de Naruto. Todo de acero. Entregado con dos peque\u00f1os kunais - Longitud total: 29cm - Env\u00edo 24\/48h","robots":{"index":"index","follow":"follow","max-snippet":"max-snippet:-1","max-image-preview":"max-image-preview:large","max-video-preview":"max-video-preview:-1"},"canonical":"https:\/\/repliquemangacine.fr\/es\/naruto-kunai-y-shuriken\/replica-puno-rastreador-salvaje-dasuma-naruto\/","og_locale":"es_ES","og_type":"article","og_title":"Poing Asuma Naruto - Wild Tracker - Boutique en ligne - RMC","og_description":"Achetez vite ! Cette r\u00e9plique du Poing Asuma Naruto. Tout en acier. Livr\u00e9 avec deux petits kuna\u00efs - Longueur totale : 29cm - Envoi 24\/48h","og_url":"https:\/\/repliquemangacine.fr\/es\/naruto-kunai-y-shuriken\/replica-puno-rastreador-salvaje-dasuma-naruto\/","og_site_name":"R\u00e9plique Manga Cin\u00e9","article_publisher":"https:\/\/www.facebook.com\/RepliqueMangaCine","article_modified_time":"2025-12-01T22:54:33+00:00","og_image":[{"width":800,"height":800,"url":"https:\/\/repliquemangacine.fr\/wp-content\/uploads\/2023\/10\/poing-asuma.jpg","type":"image\/jpeg"}],"twitter_card":"summary_large_image","twitter_misc":{"Tiempo de lectura":"1 minuto"},"schema":{"@context":"https:\/\/schema.org","@graph":[{"@type":"WebPage","@id":"https:\/\/repliquemangacine.fr\/kunai-et-shuriken-naruto\/replique-wild-tracker-poing-dasuma-naruto\/","url":"https:\/\/repliquemangacine.fr\/kunai-et-shuriken-naruto\/replique-wild-tracker-poing-dasuma-naruto\/","name":"Pu\u00f1o Asuma Naruto - Wild Tracker - Tienda Online - RMC","isPartOf":{"@id":"https:\/\/repliquemangacine.fr\/#website"},"primaryImageOfPage":{"@id":"https:\/\/repliquemangacine.fr\/kunai-et-shuriken-naruto\/replique-wild-tracker-poing-dasuma-naruto\/#primaryimage"},"image":{"@id":"https:\/\/repliquemangacine.fr\/kunai-et-shuriken-naruto\/replique-wild-tracker-poing-dasuma-naruto\/#primaryimage"},"thumbnailUrl":"https:\/\/repliquemangacine.fr\/wp-content\/uploads\/2023\/10\/poing-asuma.jpg","datePublished":"2022-05-18T15:20:33+00:00","dateModified":"2025-12-01T22:54:33+00:00","description":"\u00a1C\u00f3mpralo ya! Esta r\u00e9plica del Pu\u00f1o Asuma de Naruto. Todo de acero. Entregado con dos peque\u00f1os kunais - Longitud total: 29cm - Env\u00edo 24\/48h","breadcrumb":{"@id":"https:\/\/repliquemangacine.fr\/kunai-et-shuriken-naruto\/replique-wild-tracker-poing-dasuma-naruto\/#breadcrumb"},"inLanguage":"es","potentialAction":[{"@type":"ReadAction","target":["https:\/\/repliquemangacine.fr\/kunai-et-shuriken-naruto\/replique-wild-tracker-poing-dasuma-naruto\/"]}]},{"@type":"ImageObject","inLanguage":"es","@id":"https:\/\/repliquemangacine.fr\/kunai-et-shuriken-naruto\/replique-wild-tracker-poing-dasuma-naruto\/#primaryimage","url":"https:\/\/repliquemangacine.fr\/wp-content\/uploads\/2023\/10\/poing-asuma.jpg","contentUrl":"https:\/\/repliquemangacine.fr\/wp-content\/uploads\/2023\/10\/poing-asuma.jpg","width":800,"height":800,"caption":"couteau wild tracker Asuma Naruto avec ses deux kuna\u00ef"},{"@type":"BreadcrumbList","@id":"https:\/\/repliquemangacine.fr\/kunai-et-shuriken-naruto\/replique-wild-tracker-poing-dasuma-naruto\/#breadcrumb","itemListElement":[{"@type":"ListItem","position":1,"name":"Accueil","item":"https:\/\/repliquemangacine.fr\/"},{"@type":"ListItem","position":2,"name":"Produits","item":"https:\/\/repliquemangacine.fr\/boutique\/"},{"@type":"ListItem","position":3,"name":"Poing Asuma Naruto"}]},{"@type":"WebSite","@id":"https:\/\/repliquemangacine.fr\/#website","url":"https:\/\/repliquemangacine.fr\/","name":"R\u00e9plique Manga Cin\u00e9","description":"","publisher":{"@id":"https:\/\/repliquemangacine.fr\/#organization"},"potentialAction":[{"@type":"SearchAction","target":{"@type":"EntryPoint","urlTemplate":"https:\/\/repliquemangacine.fr\/?s={search_term_string}"},"query-input":{"@type":"PropertyValueSpecification","valueRequired":true,"valueName":"search_term_string"}}],"inLanguage":"es"},{"@type":"Organization","@id":"https:\/\/repliquemangacine.fr\/#organization","name":"R\u00e9plique Manga Cin\u00e9","url":"https:\/\/repliquemangacine.fr\/","logo":{"@type":"ImageObject","inLanguage":"es","@id":"https:\/\/repliquemangacine.fr\/#\/schema\/logo\/image\/","url":"https:\/\/repliquemangacine.fr\/wp-content\/uploads\/2023\/10\/RMC-500250.png","contentUrl":"https:\/\/repliquemangacine.fr\/wp-content\/uploads\/2023\/10\/RMC-500250.png","width":500,"height":250,"caption":"R\u00e9plique Manga Cin\u00e9"},"image":{"@id":"https:\/\/repliquemangacine.fr\/#\/schema\/logo\/image\/"},"sameAs":["https:\/\/www.facebook.com\/RepliqueMangaCine","https:\/\/www.instagram.com\/repliquemangacine.fr\/"]}]}},"_links":{"self":[{"href":"https:\/\/repliquemangacine.fr\/es\/wp-json\/wp\/v2\/product\/50654","targetHints":{"allow":["GET"]}}],"collection":[{"href":"https:\/\/repliquemangacine.fr\/es\/wp-json\/wp\/v2\/product"}],"about":[{"href":"https:\/\/repliquemangacine.fr\/es\/wp-json\/wp\/v2\/types\/product"}],"wp:featuredmedia":[{"embeddable":true,"href":"https:\/\/repliquemangacine.fr\/es\/wp-json\/wp\/v2\/media\/50655"}],"wp:attachment":[{"href":"https:\/\/repliquemangacine.fr\/es\/wp-json\/wp\/v2\/media?parent=50654"}],"wp:term":[{"taxonomy":"product_brand","embeddable":true,"href":"https:\/\/repliquemangacine.fr\/es\/wp-json\/wp\/v2\/product_brand?post=50654"},{"taxonomy":"product_cat","embeddable":true,"href":"https:\/\/repliquemangacine.fr\/es\/wp-json\/wp\/v2\/product_cat?post=50654"},{"taxonomy":"product_tag","embeddable":true,"href":"https:\/\/repliquemangacine.fr\/es\/wp-json\/wp\/v2\/product_tag?post=50654"}],"curies":[{"name":"wp","href":"https:\/\/api.w.org\/{rel}","templated":true}]}}