





{"id":50648,"date":"2022-05-18T11:56:44","date_gmt":"2022-05-18T09:56:44","guid":{"rendered":"https:\/\/repliquemangacine.fr\/?post_type=product&#038;p=50648"},"modified":"2025-09-23T18:02:47","modified_gmt":"2025-09-23T16:02:47","slug":"alfombrilla-de-raton-60-x-40-los-siete-mortales","status":"publish","type":"product","link":"https:\/\/repliquemangacine.fr\/es\/divers-goodies\/tapis-souris-60-x-40-the-seven-deadly\/","title":{"rendered":"Alfombrilla de rat\u00f3n Seven Deadly Sins"},"content":{"rendered":"<h2>Alfombrilla de rat\u00f3n Seven Deadly Sins 60 X 40 cm<\/h2>\n<p>Para empezar, el <strong>Alfombrilla de rat\u00f3n Seven Deadly Sins<\/strong> mide 60 x 40 cm.<\/p>\n<p>El acabado superior es suave y c\u00f3modo para las mu\u00f1ecas y las manos. Tratado t\u00e9rmicamente para un control preciso del puntero. Su textura suave y su superficie lisa como la seda permiten movimientos m\u00e1s precisos del rat\u00f3n para mantener una velocidad y un control excelentes durante el trabajo o el juego.<\/p>\n<p>Borde de bloqueo cosido a mano para proteger contra el desgaste, la deformaci\u00f3n y el desprendimiento. Adem\u00e1s, la superficie inferior es de goma antideslizante, adapt\u00e1ndose a todas las superficies planas.<\/p>\n<p>La funda es impermeable y lavable, as\u00ed que no te preocupes si accidentalmente derramas una bebida u otro alimento sobre la alfombrilla del rat\u00f3n.<\/p>\n<p>Perfecto para tu oficina, te ofrece suficiente espacio m\u00f3vil para juegos y trabajo.<\/p>\n<h2>Tu alfombrilla de rat\u00f3n al mejor precio.<\/h2>\n<p>Te ofrecemos una amplia selecci\u00f3n de objetos de colecci\u00f3n y art\u00edculos promocionales de tus mangas favoritos.<\/p>\n<p>Lo primero y m\u00e1s importante,<\/p>\n<ul>\n<li>Le <a href=\"https:\/\/repliquemangacine.fr\/es\/siete-pecados-capitales-espadas\/juego-de-espadas-meliodas-de-10-piezas\/\">Juego de llaveros de los Siete Pecados Capitales<\/a> en forma de espadas.<\/li>\n<li>Tambi\u00e9n existe la <a href=\"https:\/\/repliquemangacine.fr\/es\/katana-goodies-naruto-kunai\/diadema-konoha-naruto\/\">Diadema Konoha<\/a> en Naruto.<\/li>\n<li>As\u00ed como la figura Wow de la espada con su base Frostmourne.<\/li>\n<li>Y muchos m\u00e1s por descubrir en nuestra tienda en l\u00ednea.<\/li>\n<\/ul>\n<p>Por eso, aqu\u00ed tienes unas ideas fant\u00e1sticas para regalar a todos los aficionados. Cabe destacar que todos nuestros art\u00edculos promocionales son de alta calidad.<\/p>\n<p>En conclusi\u00f3n, puede utilizar su alfombrilla de rat\u00f3n <a href=\"https:\/\/seven-deadly-sins.fandom.com\/fr\/wiki\/Wiki_Seven_Deadly_Sins\" target=\"_blank\" rel=\"noopener noreferrer\">Los siete pecados capitales<\/a> en la vida cotidiana.<\/p>\n<p>R\u00e9plique Manga Cin\u00e9 es una empresa familiar francesa.<\/p>","protected":false},"excerpt":{"rendered":"<p>Alfombrilla de rat\u00f3n grande que representa a Meliodas en Los siete mortales<\/p>\n<ul>\n<li>Acabado de capota blanda.<\/li>\n<li>C\u00f3modo para mu\u00f1ecas y manos.<\/li>\n<li>Tratamiento t\u00e9rmico para un control preciso de la punter\u00eda.<\/li>\n<li>Ribete de cierre cosido a mano.<\/li>\n<li>Superficie inferior de goma antideslizante.<\/li>\n<li>Superficie impermeable y lavable.<\/li>\n<li>Dimensiones : 60 X 40 cm<\/li>\n<\/ul>","protected":false},"featured_media":50649,"template":"","meta":[],"product_brand":[896],"product_cat":[98,94,23,110],"product_tag":[],"class_list":{"0":"post-50648","1":"product","2":"type-product","3":"status-publish","4":"has-post-thumbnail","6":"product_brand-replique-manga-cine","7":"product_cat-divers-goodies","8":"product_cat-goodies","9":"product_cat-repliques-manga-jeux-video","10":"product_cat-epees-seven-deadly-sins","12":"first","13":"instock","14":"taxable","15":"shipping-taxable","16":"purchasable","17":"product-type-simple"},"yoast_head":"<!-- This site is optimized with the Yoast SEO plugin v27.4 - https:\/\/yoast.com\/product\/yoast-seo-wordpress\/ -->\n<title>Tapis souris Seven Deadly Sins - R\u00e9plique Manga Cin\u00e9<\/title>\n<meta name=\"description\" content=\"D\u00e9couvrez ce Tapis souris 60 X 40 Seven Deadly sins au meilleur prix - Le rev\u00eatement est doux, imperm\u00e9able - Lavable - Antid\u00e9rapant\" \/>\n<meta name=\"robots\" content=\"index, follow, max-snippet:-1, max-image-preview:large, max-video-preview:-1\" \/>\n<link rel=\"canonical\" href=\"https:\/\/repliquemangacine.fr\/es\/siete-pecados-capitales-espadas\/alfombrilla-de-raton-60-x-40-los-siete-mortales\/\" \/>\n<meta property=\"og:locale\" content=\"es_ES\" \/>\n<meta property=\"og:type\" content=\"article\" \/>\n<meta property=\"og:title\" content=\"Tapis souris Seven Deadly Sins - R\u00e9plique Manga Cin\u00e9\" \/>\n<meta property=\"og:description\" content=\"D\u00e9couvrez ce Tapis souris 60 X 40 Seven Deadly sins au meilleur prix - Le rev\u00eatement est doux, imperm\u00e9able - Lavable - Antid\u00e9rapant\" \/>\n<meta property=\"og:url\" content=\"https:\/\/repliquemangacine.fr\/es\/siete-pecados-capitales-espadas\/alfombrilla-de-raton-60-x-40-los-siete-mortales\/\" \/>\n<meta property=\"og:site_name\" content=\"R\u00e9plique Manga Cin\u00e9\" \/>\n<meta property=\"article:publisher\" content=\"https:\/\/www.facebook.com\/RepliqueMangaCine\" \/>\n<meta property=\"article:modified_time\" content=\"2025-09-23T16:02:47+00:00\" \/>\n<meta property=\"og:image\" content=\"https:\/\/repliquemangacine.fr\/wp-content\/uploads\/2023\/10\/Tapis-souris-Meliodas.jpg\" \/>\n\t<meta property=\"og:image:width\" content=\"600\" \/>\n\t<meta property=\"og:image:height\" content=\"600\" \/>\n\t<meta property=\"og:image:type\" content=\"image\/jpeg\" \/>\n<meta name=\"twitter:card\" content=\"summary_large_image\" \/>\n<meta name=\"twitter:label1\" content=\"Tiempo de lectura\" \/>\n\t<meta name=\"twitter:data1\" content=\"1 minuto\" \/>\n<script type=\"application\/ld+json\" class=\"yoast-schema-graph\">{\"@context\":\"https:\\\/\\\/schema.org\",\"@graph\":[{\"@type\":\"WebPage\",\"@id\":\"https:\\\/\\\/repliquemangacine.fr\\\/epees-seven-deadly-sins\\\/tapis-souris-60-x-40-the-seven-deadly\\\/\",\"url\":\"https:\\\/\\\/repliquemangacine.fr\\\/epees-seven-deadly-sins\\\/tapis-souris-60-x-40-the-seven-deadly\\\/\",\"name\":\"Tapis souris Seven Deadly Sins - R\u00e9plique Manga Cin\u00e9\",\"isPartOf\":{\"@id\":\"https:\\\/\\\/repliquemangacine.fr\\\/#website\"},\"primaryImageOfPage\":{\"@id\":\"https:\\\/\\\/repliquemangacine.fr\\\/epees-seven-deadly-sins\\\/tapis-souris-60-x-40-the-seven-deadly\\\/#primaryimage\"},\"image\":{\"@id\":\"https:\\\/\\\/repliquemangacine.fr\\\/epees-seven-deadly-sins\\\/tapis-souris-60-x-40-the-seven-deadly\\\/#primaryimage\"},\"thumbnailUrl\":\"https:\\\/\\\/repliquemangacine.fr\\\/wp-content\\\/uploads\\\/2023\\\/10\\\/Tapis-souris-Meliodas.jpg\",\"datePublished\":\"2022-05-18T09:56:44+00:00\",\"dateModified\":\"2025-09-23T16:02:47+00:00\",\"description\":\"D\u00e9couvrez ce Tapis souris 60 X 40 Seven Deadly sins au meilleur prix - Le rev\u00eatement est doux, imperm\u00e9able - Lavable - Antid\u00e9rapant\",\"breadcrumb\":{\"@id\":\"https:\\\/\\\/repliquemangacine.fr\\\/epees-seven-deadly-sins\\\/tapis-souris-60-x-40-the-seven-deadly\\\/#breadcrumb\"},\"inLanguage\":\"es\",\"potentialAction\":[{\"@type\":\"ReadAction\",\"target\":[\"https:\\\/\\\/repliquemangacine.fr\\\/epees-seven-deadly-sins\\\/tapis-souris-60-x-40-the-seven-deadly\\\/\"]}]},{\"@type\":\"ImageObject\",\"inLanguage\":\"es\",\"@id\":\"https:\\\/\\\/repliquemangacine.fr\\\/epees-seven-deadly-sins\\\/tapis-souris-60-x-40-the-seven-deadly\\\/#primaryimage\",\"url\":\"https:\\\/\\\/repliquemangacine.fr\\\/wp-content\\\/uploads\\\/2023\\\/10\\\/Tapis-souris-Meliodas.jpg\",\"contentUrl\":\"https:\\\/\\\/repliquemangacine.fr\\\/wp-content\\\/uploads\\\/2023\\\/10\\\/Tapis-souris-Meliodas.jpg\",\"width\":600,\"height\":600,\"caption\":\"tapis-souris-m\u00e9liodas The Seven Deadly lavable\"},{\"@type\":\"BreadcrumbList\",\"@id\":\"https:\\\/\\\/repliquemangacine.fr\\\/epees-seven-deadly-sins\\\/tapis-souris-60-x-40-the-seven-deadly\\\/#breadcrumb\",\"itemListElement\":[{\"@type\":\"ListItem\",\"position\":1,\"name\":\"Accueil\",\"item\":\"https:\\\/\\\/repliquemangacine.fr\\\/\"},{\"@type\":\"ListItem\",\"position\":2,\"name\":\"Produits\",\"item\":\"https:\\\/\\\/repliquemangacine.fr\\\/boutique\\\/\"},{\"@type\":\"ListItem\",\"position\":3,\"name\":\"Tapis souris Seven Deadly Sins\"}]},{\"@type\":\"WebSite\",\"@id\":\"https:\\\/\\\/repliquemangacine.fr\\\/#website\",\"url\":\"https:\\\/\\\/repliquemangacine.fr\\\/\",\"name\":\"R\u00e9plique Manga Cin\u00e9\",\"description\":\"\",\"publisher\":{\"@id\":\"https:\\\/\\\/repliquemangacine.fr\\\/#organization\"},\"potentialAction\":[{\"@type\":\"SearchAction\",\"target\":{\"@type\":\"EntryPoint\",\"urlTemplate\":\"https:\\\/\\\/repliquemangacine.fr\\\/?s={search_term_string}\"},\"query-input\":{\"@type\":\"PropertyValueSpecification\",\"valueRequired\":true,\"valueName\":\"search_term_string\"}}],\"inLanguage\":\"es\"},{\"@type\":\"Organization\",\"@id\":\"https:\\\/\\\/repliquemangacine.fr\\\/#organization\",\"name\":\"R\u00e9plique Manga Cin\u00e9\",\"url\":\"https:\\\/\\\/repliquemangacine.fr\\\/\",\"logo\":{\"@type\":\"ImageObject\",\"inLanguage\":\"es\",\"@id\":\"https:\\\/\\\/repliquemangacine.fr\\\/#\\\/schema\\\/logo\\\/image\\\/\",\"url\":\"https:\\\/\\\/repliquemangacine.fr\\\/wp-content\\\/uploads\\\/2023\\\/10\\\/RMC-500250.png\",\"contentUrl\":\"https:\\\/\\\/repliquemangacine.fr\\\/wp-content\\\/uploads\\\/2023\\\/10\\\/RMC-500250.png\",\"width\":500,\"height\":250,\"caption\":\"R\u00e9plique Manga Cin\u00e9\"},\"image\":{\"@id\":\"https:\\\/\\\/repliquemangacine.fr\\\/#\\\/schema\\\/logo\\\/image\\\/\"},\"sameAs\":[\"https:\\\/\\\/www.facebook.com\\\/RepliqueMangaCine\",\"https:\\\/\\\/www.instagram.com\\\/repliquemangacine.fr\\\/\"]}]}<\/script>\n<!-- \/ Yoast SEO plugin. -->","yoast_head_json":{"title":"Alfombrilla de rat\u00f3n Seven Deadly Sins - R\u00e9plique Manga Cin\u00e9","description":"Descubra esta alfombrilla de rat\u00f3n 60 X 40 Siete pecados capitales al mejor precio - La funda es suave e impermeable - Lavable - Antideslizante","robots":{"index":"index","follow":"follow","max-snippet":"max-snippet:-1","max-image-preview":"max-image-preview:large","max-video-preview":"max-video-preview:-1"},"canonical":"https:\/\/repliquemangacine.fr\/es\/siete-pecados-capitales-espadas\/alfombrilla-de-raton-60-x-40-los-siete-mortales\/","og_locale":"es_ES","og_type":"article","og_title":"Tapis souris Seven Deadly Sins - R\u00e9plique Manga Cin\u00e9","og_description":"D\u00e9couvrez ce Tapis souris 60 X 40 Seven Deadly sins au meilleur prix - Le rev\u00eatement est doux, imperm\u00e9able - Lavable - Antid\u00e9rapant","og_url":"https:\/\/repliquemangacine.fr\/es\/siete-pecados-capitales-espadas\/alfombrilla-de-raton-60-x-40-los-siete-mortales\/","og_site_name":"R\u00e9plique Manga Cin\u00e9","article_publisher":"https:\/\/www.facebook.com\/RepliqueMangaCine","article_modified_time":"2025-09-23T16:02:47+00:00","og_image":[{"width":600,"height":600,"url":"https:\/\/repliquemangacine.fr\/wp-content\/uploads\/2023\/10\/Tapis-souris-Meliodas.jpg","type":"image\/jpeg"}],"twitter_card":"summary_large_image","twitter_misc":{"Tiempo de lectura":"1 minuto"},"schema":{"@context":"https:\/\/schema.org","@graph":[{"@type":"WebPage","@id":"https:\/\/repliquemangacine.fr\/epees-seven-deadly-sins\/tapis-souris-60-x-40-the-seven-deadly\/","url":"https:\/\/repliquemangacine.fr\/epees-seven-deadly-sins\/tapis-souris-60-x-40-the-seven-deadly\/","name":"Alfombrilla de rat\u00f3n Seven Deadly Sins - R\u00e9plique Manga Cin\u00e9","isPartOf":{"@id":"https:\/\/repliquemangacine.fr\/#website"},"primaryImageOfPage":{"@id":"https:\/\/repliquemangacine.fr\/epees-seven-deadly-sins\/tapis-souris-60-x-40-the-seven-deadly\/#primaryimage"},"image":{"@id":"https:\/\/repliquemangacine.fr\/epees-seven-deadly-sins\/tapis-souris-60-x-40-the-seven-deadly\/#primaryimage"},"thumbnailUrl":"https:\/\/repliquemangacine.fr\/wp-content\/uploads\/2023\/10\/Tapis-souris-Meliodas.jpg","datePublished":"2022-05-18T09:56:44+00:00","dateModified":"2025-09-23T16:02:47+00:00","description":"Descubra esta alfombrilla de rat\u00f3n 60 X 40 Siete pecados capitales al mejor precio - La funda es suave e impermeable - Lavable - Antideslizante","breadcrumb":{"@id":"https:\/\/repliquemangacine.fr\/epees-seven-deadly-sins\/tapis-souris-60-x-40-the-seven-deadly\/#breadcrumb"},"inLanguage":"es","potentialAction":[{"@type":"ReadAction","target":["https:\/\/repliquemangacine.fr\/epees-seven-deadly-sins\/tapis-souris-60-x-40-the-seven-deadly\/"]}]},{"@type":"ImageObject","inLanguage":"es","@id":"https:\/\/repliquemangacine.fr\/epees-seven-deadly-sins\/tapis-souris-60-x-40-the-seven-deadly\/#primaryimage","url":"https:\/\/repliquemangacine.fr\/wp-content\/uploads\/2023\/10\/Tapis-souris-Meliodas.jpg","contentUrl":"https:\/\/repliquemangacine.fr\/wp-content\/uploads\/2023\/10\/Tapis-souris-Meliodas.jpg","width":600,"height":600,"caption":"tapis-souris-m\u00e9liodas The Seven Deadly lavable"},{"@type":"BreadcrumbList","@id":"https:\/\/repliquemangacine.fr\/epees-seven-deadly-sins\/tapis-souris-60-x-40-the-seven-deadly\/#breadcrumb","itemListElement":[{"@type":"ListItem","position":1,"name":"Accueil","item":"https:\/\/repliquemangacine.fr\/"},{"@type":"ListItem","position":2,"name":"Produits","item":"https:\/\/repliquemangacine.fr\/boutique\/"},{"@type":"ListItem","position":3,"name":"Tapis souris Seven Deadly Sins"}]},{"@type":"WebSite","@id":"https:\/\/repliquemangacine.fr\/#website","url":"https:\/\/repliquemangacine.fr\/","name":"R\u00e9plique Manga Cin\u00e9","description":"","publisher":{"@id":"https:\/\/repliquemangacine.fr\/#organization"},"potentialAction":[{"@type":"SearchAction","target":{"@type":"EntryPoint","urlTemplate":"https:\/\/repliquemangacine.fr\/?s={search_term_string}"},"query-input":{"@type":"PropertyValueSpecification","valueRequired":true,"valueName":"search_term_string"}}],"inLanguage":"es"},{"@type":"Organization","@id":"https:\/\/repliquemangacine.fr\/#organization","name":"R\u00e9plique Manga Cin\u00e9","url":"https:\/\/repliquemangacine.fr\/","logo":{"@type":"ImageObject","inLanguage":"es","@id":"https:\/\/repliquemangacine.fr\/#\/schema\/logo\/image\/","url":"https:\/\/repliquemangacine.fr\/wp-content\/uploads\/2023\/10\/RMC-500250.png","contentUrl":"https:\/\/repliquemangacine.fr\/wp-content\/uploads\/2023\/10\/RMC-500250.png","width":500,"height":250,"caption":"R\u00e9plique Manga Cin\u00e9"},"image":{"@id":"https:\/\/repliquemangacine.fr\/#\/schema\/logo\/image\/"},"sameAs":["https:\/\/www.facebook.com\/RepliqueMangaCine","https:\/\/www.instagram.com\/repliquemangacine.fr\/"]}]}},"_links":{"self":[{"href":"https:\/\/repliquemangacine.fr\/es\/wp-json\/wp\/v2\/product\/50648","targetHints":{"allow":["GET"]}}],"collection":[{"href":"https:\/\/repliquemangacine.fr\/es\/wp-json\/wp\/v2\/product"}],"about":[{"href":"https:\/\/repliquemangacine.fr\/es\/wp-json\/wp\/v2\/types\/product"}],"wp:featuredmedia":[{"embeddable":true,"href":"https:\/\/repliquemangacine.fr\/es\/wp-json\/wp\/v2\/media\/50649"}],"wp:attachment":[{"href":"https:\/\/repliquemangacine.fr\/es\/wp-json\/wp\/v2\/media?parent=50648"}],"wp:term":[{"taxonomy":"product_brand","embeddable":true,"href":"https:\/\/repliquemangacine.fr\/es\/wp-json\/wp\/v2\/product_brand?post=50648"},{"taxonomy":"product_cat","embeddable":true,"href":"https:\/\/repliquemangacine.fr\/es\/wp-json\/wp\/v2\/product_cat?post=50648"},{"taxonomy":"product_tag","embeddable":true,"href":"https:\/\/repliquemangacine.fr\/es\/wp-json\/wp\/v2\/product_tag?post=50648"}],"curies":[{"name":"wp","href":"https:\/\/api.w.org\/{rel}","templated":true}]}}