





{"id":50641,"date":"2022-05-18T11:39:18","date_gmt":"2022-05-18T09:39:18","guid":{"rendered":"https:\/\/repliquemangacine.fr\/?post_type=product&#038;p=50641"},"modified":"2025-09-23T18:02:47","modified_gmt":"2025-09-23T16:02:47","slug":"alfombrilla-de-raton-overwatch-60x40","status":"publish","type":"product","link":"https:\/\/repliquemangacine.fr\/es\/divers-goodies\/tapis-souris-overwatch-60x40\/","title":{"rendered":"Alfombrilla de rat\u00f3n Overwatch"},"content":{"rendered":"<h2>Alfombrilla de rat\u00f3n Overwatch 60\u00d740 - Widowmaker<\/h2>\n<p>Para empezar, la alfombrilla para rat\u00f3n Overwatch mide 60 x 40 cm.<\/p>\n<p>El acabado superior es suave y c\u00f3modo para las mu\u00f1ecas y las manos. Tratado t\u00e9rmicamente para un control preciso del puntero. Su textura suave y su superficie lisa como la seda permiten movimientos m\u00e1s precisos del rat\u00f3n para mantener una velocidad y un control excelentes durante el trabajo o el juego.<\/p>\n<p>Borde de bloqueo cosido a mano para proteger contra el desgaste, la deformaci\u00f3n y el desprendimiento. Adem\u00e1s, la superficie inferior es de goma antideslizante, adapt\u00e1ndose a todas las superficies planas.<\/p>\n<p>La funda es impermeable y lavable, as\u00ed que no te preocupes si accidentalmente derramas una bebida u otro alimento sobre la alfombrilla del rat\u00f3n.<\/p>\n<p><a href=\"https:\/\/overwatch.fandom.com\/wiki\/Widowmaker\" target=\"_blank\" rel=\"noopener noreferrer\">Widowmaker<\/a>es el arquet\u00edpico francotirador de Overwatch.<\/p>\n<h2>Sus golosinas al mejor precio.<\/h2>\n<p>Te ofrecemos una amplia selecci\u00f3n de r\u00e9plicas de katanas y espadas de tu videojuego favorito, Overwatch.<\/p>\n<p>Lo primero y m\u00e1s importante,<\/p>\n<ul>\n<li>La katana de <a href=\"https:\/\/repliquemangacine.fr\/es\/otros-videojuegos\/overwatch-sabre-de-genji-blackwatch-epee-lame-de-dragon\/\">Genji Blackwatch<\/a> hoja de drag\u00f3n en el videojuego Overwatch.<\/li>\n<li>Tambi\u00e9n existe la<a href=\"https:\/\/repliquemangacine.fr\/es\/otros-videojuegos\/epee-genji-baihu-nouvel-an-lunaire-overwatch\/\">Espada Baihu<\/a> piel de Genji Oni.<\/li>\n<li>As\u00ed como el<a href=\"https:\/\/repliquemangacine.fr\/es\/saldos\/overwatch-genji-oni-dragon-blade-katana\/\">Espada cyborg Genji Oni<\/a> con su guardia muy espec\u00edfica.<\/li>\n<li>Y muchos m\u00e1s por descubrir en nuestra tienda en l\u00ednea.<\/li>\n<\/ul>\n<p>Por eso, esta es una idea estupenda para regalar a todos los fans de Overwatch.<\/p>\n<p>En conclusi\u00f3n, puedes utilizar la alfombrilla para rat\u00f3n Overwatch 60\u00d740 tanto en tu d\u00eda a d\u00eda como en tus tardes de gaming.<\/p>\n<p>Por \u00faltimo, esta cinta est\u00e1 tratada t\u00e9rmicamente para un control preciso de la puntuaci\u00f3n.<\/p>\n<p>R\u00e9plique Manga Cin\u00e9 es una empresa familiar francesa<\/p>\n<p>&nbsp;<\/p>","protected":false},"excerpt":{"rendered":"<p>Alfombrilla de rat\u00f3n Widowmaker en Overwatch<\/p>\n<ul>\n<li>Acabado de capota blanda.<\/li>\n<li>C\u00f3modo para mu\u00f1ecas y manos.<\/li>\n<li>Tratamiento t\u00e9rmico para un control preciso de la punter\u00eda.<\/li>\n<li>Ribete de cierre cosido a mano.<\/li>\n<li>Superficie inferior de goma antideslizante.<\/li>\n<li>Revestimiento impermeable y lavable.<\/li>\n<li>Dimensiones : 60 X 40 cm<\/li>\n<\/ul>","protected":false},"featured_media":50642,"template":"","meta":[],"product_brand":[896],"product_cat":[98,94,23,67],"product_tag":[],"class_list":{"0":"post-50641","1":"product","2":"type-product","3":"status-publish","4":"has-post-thumbnail","6":"product_brand-replique-manga-cine","7":"product_cat-divers-goodies","8":"product_cat-goodies","9":"product_cat-repliques-manga-jeux-video","10":"product_cat-katana-et-epee-de-jeux-video-autre-jeux-video","12":"first","13":"instock","14":"taxable","15":"shipping-taxable","16":"purchasable","17":"product-type-simple"},"yoast_head":"<!-- This site is optimized with the Yoast SEO plugin v27.4 - https:\/\/yoast.com\/product\/yoast-seo-wordpress\/ -->\n<title>Tapis Souris Overwatch - Boutique en ligne - R\u00e9plique Manga Cin\u00e9<\/title>\n<meta name=\"description\" content=\"Sp\u00e9cial Gamer superbe Tapis Souris Overwatch 60x40 du personnage Widowmaker au meilleur prix - Rev\u00eatement doux - imperm\u00e9able et lavable - Antid\u00e9rapant.\" \/>\n<meta name=\"robots\" content=\"index, follow, max-snippet:-1, max-image-preview:large, max-video-preview:-1\" \/>\n<link rel=\"canonical\" href=\"https:\/\/repliquemangacine.fr\/es\/varias-golosinas\/alfombrilla-de-raton-overwatch-60x40\/\" \/>\n<meta property=\"og:locale\" content=\"es_ES\" \/>\n<meta property=\"og:type\" content=\"article\" \/>\n<meta property=\"og:title\" content=\"Tapis Souris Overwatch - Boutique en ligne - R\u00e9plique Manga Cin\u00e9\" \/>\n<meta property=\"og:description\" content=\"Sp\u00e9cial Gamer superbe Tapis Souris Overwatch 60x40 du personnage Widowmaker au meilleur prix - Rev\u00eatement doux - imperm\u00e9able et lavable - Antid\u00e9rapant.\" \/>\n<meta property=\"og:url\" content=\"https:\/\/repliquemangacine.fr\/es\/varias-golosinas\/alfombrilla-de-raton-overwatch-60x40\/\" \/>\n<meta property=\"og:site_name\" content=\"R\u00e9plique Manga Cin\u00e9\" \/>\n<meta property=\"article:publisher\" content=\"https:\/\/www.facebook.com\/RepliqueMangaCine\" \/>\n<meta property=\"article:modified_time\" content=\"2025-09-23T16:02:47+00:00\" \/>\n<meta property=\"og:image\" content=\"https:\/\/repliquemangacine.fr\/wp-content\/uploads\/2023\/10\/tapis-souris-Overwatch-60X40-cm.jpg\" \/>\n\t<meta property=\"og:image:width\" content=\"600\" \/>\n\t<meta property=\"og:image:height\" content=\"600\" \/>\n\t<meta property=\"og:image:type\" content=\"image\/jpeg\" \/>\n<meta name=\"twitter:card\" content=\"summary_large_image\" \/>\n<meta name=\"twitter:label1\" content=\"Tiempo de lectura\" \/>\n\t<meta name=\"twitter:data1\" content=\"1 minuto\" \/>\n<script type=\"application\/ld+json\" class=\"yoast-schema-graph\">{\"@context\":\"https:\\\/\\\/schema.org\",\"@graph\":[{\"@type\":\"WebPage\",\"@id\":\"https:\\\/\\\/repliquemangacine.fr\\\/divers-goodies\\\/tapis-souris-overwatch-60x40\\\/\",\"url\":\"https:\\\/\\\/repliquemangacine.fr\\\/divers-goodies\\\/tapis-souris-overwatch-60x40\\\/\",\"name\":\"Tapis Souris Overwatch - Boutique en ligne - R\u00e9plique Manga Cin\u00e9\",\"isPartOf\":{\"@id\":\"https:\\\/\\\/repliquemangacine.fr\\\/#website\"},\"primaryImageOfPage\":{\"@id\":\"https:\\\/\\\/repliquemangacine.fr\\\/divers-goodies\\\/tapis-souris-overwatch-60x40\\\/#primaryimage\"},\"image\":{\"@id\":\"https:\\\/\\\/repliquemangacine.fr\\\/divers-goodies\\\/tapis-souris-overwatch-60x40\\\/#primaryimage\"},\"thumbnailUrl\":\"https:\\\/\\\/repliquemangacine.fr\\\/wp-content\\\/uploads\\\/2023\\\/10\\\/tapis-souris-Overwatch-60X40-cm.jpg\",\"datePublished\":\"2022-05-18T09:39:18+00:00\",\"dateModified\":\"2025-09-23T16:02:47+00:00\",\"description\":\"Sp\u00e9cial Gamer superbe Tapis Souris Overwatch 60x40 du personnage Widowmaker au meilleur prix - Rev\u00eatement doux - imperm\u00e9able et lavable - Antid\u00e9rapant.\",\"breadcrumb\":{\"@id\":\"https:\\\/\\\/repliquemangacine.fr\\\/divers-goodies\\\/tapis-souris-overwatch-60x40\\\/#breadcrumb\"},\"inLanguage\":\"es\",\"potentialAction\":[{\"@type\":\"ReadAction\",\"target\":[\"https:\\\/\\\/repliquemangacine.fr\\\/divers-goodies\\\/tapis-souris-overwatch-60x40\\\/\"]}]},{\"@type\":\"ImageObject\",\"inLanguage\":\"es\",\"@id\":\"https:\\\/\\\/repliquemangacine.fr\\\/divers-goodies\\\/tapis-souris-overwatch-60x40\\\/#primaryimage\",\"url\":\"https:\\\/\\\/repliquemangacine.fr\\\/wp-content\\\/uploads\\\/2023\\\/10\\\/tapis-souris-Overwatch-60X40-cm.jpg\",\"contentUrl\":\"https:\\\/\\\/repliquemangacine.fr\\\/wp-content\\\/uploads\\\/2023\\\/10\\\/tapis-souris-Overwatch-60X40-cm.jpg\",\"width\":600,\"height\":600,\"caption\":\"Tapis-souris-Overwatch-60cm antid\u00e9rapant\"},{\"@type\":\"BreadcrumbList\",\"@id\":\"https:\\\/\\\/repliquemangacine.fr\\\/divers-goodies\\\/tapis-souris-overwatch-60x40\\\/#breadcrumb\",\"itemListElement\":[{\"@type\":\"ListItem\",\"position\":1,\"name\":\"Accueil\",\"item\":\"https:\\\/\\\/repliquemangacine.fr\\\/\"},{\"@type\":\"ListItem\",\"position\":2,\"name\":\"Produits\",\"item\":\"https:\\\/\\\/repliquemangacine.fr\\\/boutique\\\/\"},{\"@type\":\"ListItem\",\"position\":3,\"name\":\"Tapis Souris Overwatch\"}]},{\"@type\":\"WebSite\",\"@id\":\"https:\\\/\\\/repliquemangacine.fr\\\/#website\",\"url\":\"https:\\\/\\\/repliquemangacine.fr\\\/\",\"name\":\"R\u00e9plique Manga Cin\u00e9\",\"description\":\"\",\"publisher\":{\"@id\":\"https:\\\/\\\/repliquemangacine.fr\\\/#organization\"},\"potentialAction\":[{\"@type\":\"SearchAction\",\"target\":{\"@type\":\"EntryPoint\",\"urlTemplate\":\"https:\\\/\\\/repliquemangacine.fr\\\/?s={search_term_string}\"},\"query-input\":{\"@type\":\"PropertyValueSpecification\",\"valueRequired\":true,\"valueName\":\"search_term_string\"}}],\"inLanguage\":\"es\"},{\"@type\":\"Organization\",\"@id\":\"https:\\\/\\\/repliquemangacine.fr\\\/#organization\",\"name\":\"R\u00e9plique Manga Cin\u00e9\",\"url\":\"https:\\\/\\\/repliquemangacine.fr\\\/\",\"logo\":{\"@type\":\"ImageObject\",\"inLanguage\":\"es\",\"@id\":\"https:\\\/\\\/repliquemangacine.fr\\\/#\\\/schema\\\/logo\\\/image\\\/\",\"url\":\"https:\\\/\\\/repliquemangacine.fr\\\/wp-content\\\/uploads\\\/2023\\\/10\\\/RMC-500250.png\",\"contentUrl\":\"https:\\\/\\\/repliquemangacine.fr\\\/wp-content\\\/uploads\\\/2023\\\/10\\\/RMC-500250.png\",\"width\":500,\"height\":250,\"caption\":\"R\u00e9plique Manga Cin\u00e9\"},\"image\":{\"@id\":\"https:\\\/\\\/repliquemangacine.fr\\\/#\\\/schema\\\/logo\\\/image\\\/\"},\"sameAs\":[\"https:\\\/\\\/www.facebook.com\\\/RepliqueMangaCine\",\"https:\\\/\\\/www.instagram.com\\\/repliquemangacine.fr\\\/\"]}]}<\/script>\n<!-- \/ Yoast SEO plugin. -->","yoast_head_json":{"title":"Alfombrilla de rat\u00f3n Overwatch - Tienda Online - R\u00e9plique Manga Cin\u00e9","description":"Gamer Special magn\u00edfica alfombrilla de rat\u00f3n Overwatch 60x40 con el personaje Widowmaker al mejor precio - Cubierta suave - impermeable y lavable - Antideslizante.","robots":{"index":"index","follow":"follow","max-snippet":"max-snippet:-1","max-image-preview":"max-image-preview:large","max-video-preview":"max-video-preview:-1"},"canonical":"https:\/\/repliquemangacine.fr\/es\/varias-golosinas\/alfombrilla-de-raton-overwatch-60x40\/","og_locale":"es_ES","og_type":"article","og_title":"Tapis Souris Overwatch - Boutique en ligne - R\u00e9plique Manga Cin\u00e9","og_description":"Sp\u00e9cial Gamer superbe Tapis Souris Overwatch 60x40 du personnage Widowmaker au meilleur prix - Rev\u00eatement doux - imperm\u00e9able et lavable - Antid\u00e9rapant.","og_url":"https:\/\/repliquemangacine.fr\/es\/varias-golosinas\/alfombrilla-de-raton-overwatch-60x40\/","og_site_name":"R\u00e9plique Manga Cin\u00e9","article_publisher":"https:\/\/www.facebook.com\/RepliqueMangaCine","article_modified_time":"2025-09-23T16:02:47+00:00","og_image":[{"width":600,"height":600,"url":"https:\/\/repliquemangacine.fr\/wp-content\/uploads\/2023\/10\/tapis-souris-Overwatch-60X40-cm.jpg","type":"image\/jpeg"}],"twitter_card":"summary_large_image","twitter_misc":{"Tiempo de lectura":"1 minuto"},"schema":{"@context":"https:\/\/schema.org","@graph":[{"@type":"WebPage","@id":"https:\/\/repliquemangacine.fr\/divers-goodies\/tapis-souris-overwatch-60x40\/","url":"https:\/\/repliquemangacine.fr\/divers-goodies\/tapis-souris-overwatch-60x40\/","name":"Alfombrilla de rat\u00f3n Overwatch - Tienda Online - R\u00e9plique Manga Cin\u00e9","isPartOf":{"@id":"https:\/\/repliquemangacine.fr\/#website"},"primaryImageOfPage":{"@id":"https:\/\/repliquemangacine.fr\/divers-goodies\/tapis-souris-overwatch-60x40\/#primaryimage"},"image":{"@id":"https:\/\/repliquemangacine.fr\/divers-goodies\/tapis-souris-overwatch-60x40\/#primaryimage"},"thumbnailUrl":"https:\/\/repliquemangacine.fr\/wp-content\/uploads\/2023\/10\/tapis-souris-Overwatch-60X40-cm.jpg","datePublished":"2022-05-18T09:39:18+00:00","dateModified":"2025-09-23T16:02:47+00:00","description":"Gamer Special magn\u00edfica alfombrilla de rat\u00f3n Overwatch 60x40 con el personaje Widowmaker al mejor precio - Cubierta suave - impermeable y lavable - Antideslizante.","breadcrumb":{"@id":"https:\/\/repliquemangacine.fr\/divers-goodies\/tapis-souris-overwatch-60x40\/#breadcrumb"},"inLanguage":"es","potentialAction":[{"@type":"ReadAction","target":["https:\/\/repliquemangacine.fr\/divers-goodies\/tapis-souris-overwatch-60x40\/"]}]},{"@type":"ImageObject","inLanguage":"es","@id":"https:\/\/repliquemangacine.fr\/divers-goodies\/tapis-souris-overwatch-60x40\/#primaryimage","url":"https:\/\/repliquemangacine.fr\/wp-content\/uploads\/2023\/10\/tapis-souris-Overwatch-60X40-cm.jpg","contentUrl":"https:\/\/repliquemangacine.fr\/wp-content\/uploads\/2023\/10\/tapis-souris-Overwatch-60X40-cm.jpg","width":600,"height":600,"caption":"Tapis-souris-Overwatch-60cm antid\u00e9rapant"},{"@type":"BreadcrumbList","@id":"https:\/\/repliquemangacine.fr\/divers-goodies\/tapis-souris-overwatch-60x40\/#breadcrumb","itemListElement":[{"@type":"ListItem","position":1,"name":"Accueil","item":"https:\/\/repliquemangacine.fr\/"},{"@type":"ListItem","position":2,"name":"Produits","item":"https:\/\/repliquemangacine.fr\/boutique\/"},{"@type":"ListItem","position":3,"name":"Tapis Souris Overwatch"}]},{"@type":"WebSite","@id":"https:\/\/repliquemangacine.fr\/#website","url":"https:\/\/repliquemangacine.fr\/","name":"R\u00e9plique Manga Cin\u00e9","description":"","publisher":{"@id":"https:\/\/repliquemangacine.fr\/#organization"},"potentialAction":[{"@type":"SearchAction","target":{"@type":"EntryPoint","urlTemplate":"https:\/\/repliquemangacine.fr\/?s={search_term_string}"},"query-input":{"@type":"PropertyValueSpecification","valueRequired":true,"valueName":"search_term_string"}}],"inLanguage":"es"},{"@type":"Organization","@id":"https:\/\/repliquemangacine.fr\/#organization","name":"R\u00e9plique Manga Cin\u00e9","url":"https:\/\/repliquemangacine.fr\/","logo":{"@type":"ImageObject","inLanguage":"es","@id":"https:\/\/repliquemangacine.fr\/#\/schema\/logo\/image\/","url":"https:\/\/repliquemangacine.fr\/wp-content\/uploads\/2023\/10\/RMC-500250.png","contentUrl":"https:\/\/repliquemangacine.fr\/wp-content\/uploads\/2023\/10\/RMC-500250.png","width":500,"height":250,"caption":"R\u00e9plique Manga Cin\u00e9"},"image":{"@id":"https:\/\/repliquemangacine.fr\/#\/schema\/logo\/image\/"},"sameAs":["https:\/\/www.facebook.com\/RepliqueMangaCine","https:\/\/www.instagram.com\/repliquemangacine.fr\/"]}]}},"_links":{"self":[{"href":"https:\/\/repliquemangacine.fr\/es\/wp-json\/wp\/v2\/product\/50641","targetHints":{"allow":["GET"]}}],"collection":[{"href":"https:\/\/repliquemangacine.fr\/es\/wp-json\/wp\/v2\/product"}],"about":[{"href":"https:\/\/repliquemangacine.fr\/es\/wp-json\/wp\/v2\/types\/product"}],"wp:featuredmedia":[{"embeddable":true,"href":"https:\/\/repliquemangacine.fr\/es\/wp-json\/wp\/v2\/media\/50642"}],"wp:attachment":[{"href":"https:\/\/repliquemangacine.fr\/es\/wp-json\/wp\/v2\/media?parent=50641"}],"wp:term":[{"taxonomy":"product_brand","embeddable":true,"href":"https:\/\/repliquemangacine.fr\/es\/wp-json\/wp\/v2\/product_brand?post=50641"},{"taxonomy":"product_cat","embeddable":true,"href":"https:\/\/repliquemangacine.fr\/es\/wp-json\/wp\/v2\/product_cat?post=50641"},{"taxonomy":"product_tag","embeddable":true,"href":"https:\/\/repliquemangacine.fr\/es\/wp-json\/wp\/v2\/product_tag?post=50641"}],"curies":[{"name":"wp","href":"https:\/\/api.w.org\/{rel}","templated":true}]}}