





{"id":50625,"date":"2022-05-17T13:34:34","date_gmt":"2022-05-17T11:34:34","guid":{"rendered":"https:\/\/repliquemangacine.fr\/?post_type=product&#038;p=50625"},"modified":"2025-09-23T18:02:46","modified_gmt":"2025-09-23T16:02:46","slug":"ataque-a-los-titanes-alfombrilla-de-raton-90-x-40-cm","status":"publish","type":"product","link":"https:\/\/repliquemangacine.fr\/es\/divers-goodies\/tapis-souris-90-x-40-cm-attaque-des-titans\/","title":{"rendered":"Alfombrilla de rat\u00f3n de Ataque a los Titanes"},"content":{"rendered":"<h2>Alfombrilla de rat\u00f3n de Ataque a los Titanes.<\/h2>\n<p>Para empezar, el <strong>Alfombrilla de rat\u00f3n de Ataque a los Titanes<\/strong> mide 90 x 40 cm.<\/p>\n<p>El acabado superior es suave y c\u00f3modo para las mu\u00f1ecas y las manos. Tratado t\u00e9rmicamente para un control preciso del puntero. Su textura suave y su superficie lisa como la seda permiten movimientos m\u00e1s precisos del rat\u00f3n para mantener una velocidad y un control excelentes durante el trabajo o el juego.<\/p>\n<p>Borde de bloqueo cosido a mano para proteger contra el desgaste, la deformaci\u00f3n y el desprendimiento. Adem\u00e1s, la superficie inferior es de goma antideslizante, adapt\u00e1ndose a todas las superficies planas.<\/p>\n<p>La funda es impermeable y lavable, as\u00ed que no te preocupes si accidentalmente derramas una bebida u otro alimento sobre la alfombrilla del rat\u00f3n.<\/p>\n<p>Perfecto para tu oficina, te ofrece suficiente espacio m\u00f3vil para juegos y trabajo.<\/p>\n<h2>Tu alfombrilla de rat\u00f3n al mejor precio.<\/h2>\n<p>Te ofrecemos una amplia selecci\u00f3n de objetos de colecci\u00f3n y art\u00edculos promocionales de tus mangas favoritos.<\/p>\n<p>Lo primero y m\u00e1s importante,<\/p>\n<ul>\n<li>El conjunto <a href=\"https:\/\/repliquemangacine.fr\/es\/espada-de-zelda\/caja-de-13-piezas-de-zelda\/\">Llavero The Legend of Zelda<\/a> en forma de espadas.<\/li>\n<li>Tambi\u00e9n est\u00e1 la diadema de Konoha en Naruto.<\/li>\n<li>As\u00ed como el <a href=\"https:\/\/repliquemangacine.fr\/es\/espadas-de-world-of-warcraft\/frostmourne-figurine-and-arthas-base-box-set\/\">Estatuilla Wow<\/a> de la espada con su base de Frostmourne.<\/li>\n<li>Y muchos m\u00e1s por descubrir en nuestra tienda en l\u00ednea.<\/li>\n<\/ul>\n<p>Por eso, aqu\u00ed tienes unas ideas fant\u00e1sticas para regalar a todos los aficionados. Cabe destacar que todos nuestros art\u00edculos promocionales son de alta calidad.<\/p>\n<p>En conclusi\u00f3n, puede utilizar su <strong>Alfombrilla de rat\u00f3n <a href=\"https:\/\/attaque-des-titans.fandom.com\/fr\/wiki\/Wiki_L'Attaque_des_Titans\" target=\"_blank\" rel=\"noopener noreferrer\">Ataque a los titanes<\/a><\/strong> en tu vida cotidiana y en tus tardes de videojuegos.<\/p>\n<p>R\u00e9plique Manga Cin\u00e9 es una empresa familiar francesa.<\/p>","protected":false},"excerpt":{"rendered":"<p>Alfombrilla de rat\u00f3n extra larga Titans Attack.<\/p>\n<ul>\n<li>Acabado de capota blanda.<\/li>\n<li>C\u00f3modo para mu\u00f1ecas y manos.<\/li>\n<li>Tratamiento t\u00e9rmico para un control preciso de la punter\u00eda.<\/li>\n<li>Ribete de cierre cosido a mano.<\/li>\n<li>Superficie inferior de goma antideslizante.<\/li>\n<li>Revestimiento impermeable y lavable.<\/li>\n<li>Dimensiones: 90 X 40 cm - Grosor: 3 mm<\/li>\n<\/ul>","protected":false},"featured_media":50626,"template":"","meta":[],"product_brand":[896],"product_cat":[65,98,94,23],"product_tag":[],"class_list":{"0":"post-50625","1":"product","2":"type-product","3":"status-publish","4":"has-post-thumbnail","6":"product_brand-replique-manga-cine","7":"product_cat-katana-et-epee-de-manga-anime-autre-manga","8":"product_cat-divers-goodies","9":"product_cat-goodies","10":"product_cat-repliques-manga-jeux-video","12":"first","13":"instock","14":"taxable","15":"shipping-taxable","16":"purchasable","17":"product-type-simple"},"yoast_head":"<!-- This site is optimized with the Yoast SEO plugin v27.4 - https:\/\/yoast.com\/product\/yoast-seo-wordpress\/ -->\n<title>Tapis souris Attaque des Titans - R\u00e9plique Manga Cin\u00e9<\/title>\n<meta name=\"description\" content=\"Superbe Tapis souris Attaque des Titans au meilleur prix - Rev\u00eatement est doux - Imperm\u00e9able et lavable - Antid\u00e9rapant - Dimensions : 90 X 40 cm\" \/>\n<meta name=\"robots\" content=\"index, follow, max-snippet:-1, max-image-preview:large, max-video-preview:-1\" \/>\n<link rel=\"canonical\" href=\"https:\/\/repliquemangacine.fr\/es\/varias-golosinas\/ataque-a-los-titanes-alfombrilla-de-raton-90-x-40-cm\/\" \/>\n<meta property=\"og:locale\" content=\"es_ES\" \/>\n<meta property=\"og:type\" content=\"article\" \/>\n<meta property=\"og:title\" content=\"Tapis souris Attaque des Titans - R\u00e9plique Manga Cin\u00e9\" \/>\n<meta property=\"og:description\" content=\"Superbe Tapis souris Attaque des Titans au meilleur prix - Rev\u00eatement est doux - Imperm\u00e9able et lavable - Antid\u00e9rapant - Dimensions : 90 X 40 cm\" \/>\n<meta property=\"og:url\" content=\"https:\/\/repliquemangacine.fr\/es\/varias-golosinas\/ataque-a-los-titanes-alfombrilla-de-raton-90-x-40-cm\/\" \/>\n<meta property=\"og:site_name\" content=\"R\u00e9plique Manga Cin\u00e9\" \/>\n<meta property=\"article:publisher\" content=\"https:\/\/www.facebook.com\/RepliqueMangaCine\" \/>\n<meta property=\"article:modified_time\" content=\"2025-09-23T16:02:46+00:00\" \/>\n<meta property=\"og:image\" content=\"https:\/\/repliquemangacine.fr\/wp-content\/uploads\/2023\/10\/tapis-souris-attaque-des-titans-90-cm.jpg\" \/>\n\t<meta property=\"og:image:width\" content=\"600\" \/>\n\t<meta property=\"og:image:height\" content=\"600\" \/>\n\t<meta property=\"og:image:type\" content=\"image\/jpeg\" \/>\n<meta name=\"twitter:card\" content=\"summary_large_image\" \/>\n<meta name=\"twitter:label1\" content=\"Tiempo de lectura\" \/>\n\t<meta name=\"twitter:data1\" content=\"1 minuto\" \/>\n<script type=\"application\/ld+json\" class=\"yoast-schema-graph\">{\"@context\":\"https:\\\/\\\/schema.org\",\"@graph\":[{\"@type\":\"WebPage\",\"@id\":\"https:\\\/\\\/repliquemangacine.fr\\\/de\\\/verschiedene-goodies\\\/mauspad-90-x-40-cm-angriff-der-titanen\\\/\",\"url\":\"https:\\\/\\\/repliquemangacine.fr\\\/de\\\/verschiedene-goodies\\\/mauspad-90-x-40-cm-angriff-der-titanen\\\/\",\"name\":\"Tapis souris Attaque des Titans - R\u00e9plique Manga Cin\u00e9\",\"isPartOf\":{\"@id\":\"https:\\\/\\\/repliquemangacine.fr\\\/#website\"},\"primaryImageOfPage\":{\"@id\":\"https:\\\/\\\/repliquemangacine.fr\\\/de\\\/verschiedene-goodies\\\/mauspad-90-x-40-cm-angriff-der-titanen\\\/#primaryimage\"},\"image\":{\"@id\":\"https:\\\/\\\/repliquemangacine.fr\\\/de\\\/verschiedene-goodies\\\/mauspad-90-x-40-cm-angriff-der-titanen\\\/#primaryimage\"},\"thumbnailUrl\":\"https:\\\/\\\/repliquemangacine.fr\\\/wp-content\\\/uploads\\\/2023\\\/10\\\/tapis-souris-attaque-des-titans-90-cm.jpg\",\"datePublished\":\"2022-05-17T11:34:34+00:00\",\"dateModified\":\"2025-09-23T16:02:46+00:00\",\"description\":\"Superbe Tapis souris Attaque des Titans au meilleur prix - Rev\u00eatement est doux - Imperm\u00e9able et lavable - Antid\u00e9rapant - Dimensions : 90 X 40 cm\",\"breadcrumb\":{\"@id\":\"https:\\\/\\\/repliquemangacine.fr\\\/de\\\/verschiedene-goodies\\\/mauspad-90-x-40-cm-angriff-der-titanen\\\/#breadcrumb\"},\"inLanguage\":\"es\",\"potentialAction\":[{\"@type\":\"ReadAction\",\"target\":[\"https:\\\/\\\/repliquemangacine.fr\\\/de\\\/verschiedene-goodies\\\/mauspad-90-x-40-cm-angriff-der-titanen\\\/\"]}]},{\"@type\":\"ImageObject\",\"inLanguage\":\"es\",\"@id\":\"https:\\\/\\\/repliquemangacine.fr\\\/de\\\/verschiedene-goodies\\\/mauspad-90-x-40-cm-angriff-der-titanen\\\/#primaryimage\",\"url\":\"https:\\\/\\\/repliquemangacine.fr\\\/wp-content\\\/uploads\\\/2023\\\/10\\\/tapis-souris-attaque-des-titans-90-cm.jpg\",\"contentUrl\":\"https:\\\/\\\/repliquemangacine.fr\\\/wp-content\\\/uploads\\\/2023\\\/10\\\/tapis-souris-attaque-des-titans-90-cm.jpg\",\"width\":600,\"height\":600,\"caption\":\"tapis-souris-attaque-des-titans-90x40 antiderapant\"},{\"@type\":\"BreadcrumbList\",\"@id\":\"https:\\\/\\\/repliquemangacine.fr\\\/de\\\/verschiedene-goodies\\\/mauspad-90-x-40-cm-angriff-der-titanen\\\/#breadcrumb\",\"itemListElement\":[{\"@type\":\"ListItem\",\"position\":1,\"name\":\"Accueil\",\"item\":\"https:\\\/\\\/repliquemangacine.fr\\\/\"},{\"@type\":\"ListItem\",\"position\":2,\"name\":\"Produits\",\"item\":\"https:\\\/\\\/repliquemangacine.fr\\\/boutique\\\/\"},{\"@type\":\"ListItem\",\"position\":3,\"name\":\"Tapis souris Attaque des Titans\"}]},{\"@type\":\"WebSite\",\"@id\":\"https:\\\/\\\/repliquemangacine.fr\\\/#website\",\"url\":\"https:\\\/\\\/repliquemangacine.fr\\\/\",\"name\":\"R\u00e9plique Manga Cin\u00e9\",\"description\":\"\",\"publisher\":{\"@id\":\"https:\\\/\\\/repliquemangacine.fr\\\/#organization\"},\"potentialAction\":[{\"@type\":\"SearchAction\",\"target\":{\"@type\":\"EntryPoint\",\"urlTemplate\":\"https:\\\/\\\/repliquemangacine.fr\\\/?s={search_term_string}\"},\"query-input\":{\"@type\":\"PropertyValueSpecification\",\"valueRequired\":true,\"valueName\":\"search_term_string\"}}],\"inLanguage\":\"es\"},{\"@type\":\"Organization\",\"@id\":\"https:\\\/\\\/repliquemangacine.fr\\\/#organization\",\"name\":\"R\u00e9plique Manga Cin\u00e9\",\"url\":\"https:\\\/\\\/repliquemangacine.fr\\\/\",\"logo\":{\"@type\":\"ImageObject\",\"inLanguage\":\"es\",\"@id\":\"https:\\\/\\\/repliquemangacine.fr\\\/#\\\/schema\\\/logo\\\/image\\\/\",\"url\":\"https:\\\/\\\/repliquemangacine.fr\\\/wp-content\\\/uploads\\\/2023\\\/10\\\/RMC-500250.png\",\"contentUrl\":\"https:\\\/\\\/repliquemangacine.fr\\\/wp-content\\\/uploads\\\/2023\\\/10\\\/RMC-500250.png\",\"width\":500,\"height\":250,\"caption\":\"R\u00e9plique Manga Cin\u00e9\"},\"image\":{\"@id\":\"https:\\\/\\\/repliquemangacine.fr\\\/#\\\/schema\\\/logo\\\/image\\\/\"},\"sameAs\":[\"https:\\\/\\\/www.facebook.com\\\/RepliqueMangaCine\",\"https:\\\/\\\/www.instagram.com\\\/repliquemangacine.fr\\\/\"]}]}<\/script>\n<!-- \/ Yoast SEO plugin. -->","yoast_head_json":{"title":"Alfombrilla de rat\u00f3n de Ataque a los Titanes - R\u00e9plique Manga Cin\u00e9","description":"Magn\u00edfica alfombrilla de rat\u00f3n de Ataque a los Titanes al mejor precio - Cubierta suave - Impermeable y lavable - Antideslizante - Dimensiones : 90 X 40 cm","robots":{"index":"index","follow":"follow","max-snippet":"max-snippet:-1","max-image-preview":"max-image-preview:large","max-video-preview":"max-video-preview:-1"},"canonical":"https:\/\/repliquemangacine.fr\/es\/varias-golosinas\/ataque-a-los-titanes-alfombrilla-de-raton-90-x-40-cm\/","og_locale":"es_ES","og_type":"article","og_title":"Tapis souris Attaque des Titans - R\u00e9plique Manga Cin\u00e9","og_description":"Superbe Tapis souris Attaque des Titans au meilleur prix - Rev\u00eatement est doux - Imperm\u00e9able et lavable - Antid\u00e9rapant - Dimensions : 90 X 40 cm","og_url":"https:\/\/repliquemangacine.fr\/es\/varias-golosinas\/ataque-a-los-titanes-alfombrilla-de-raton-90-x-40-cm\/","og_site_name":"R\u00e9plique Manga Cin\u00e9","article_publisher":"https:\/\/www.facebook.com\/RepliqueMangaCine","article_modified_time":"2025-09-23T16:02:46+00:00","og_image":[{"width":600,"height":600,"url":"https:\/\/repliquemangacine.fr\/wp-content\/uploads\/2023\/10\/tapis-souris-attaque-des-titans-90-cm.jpg","type":"image\/jpeg"}],"twitter_card":"summary_large_image","twitter_misc":{"Tiempo de lectura":"1 minuto"},"schema":{"@context":"https:\/\/schema.org","@graph":[{"@type":"WebPage","@id":"https:\/\/repliquemangacine.fr\/de\/verschiedene-goodies\/mauspad-90-x-40-cm-angriff-der-titanen\/","url":"https:\/\/repliquemangacine.fr\/de\/verschiedene-goodies\/mauspad-90-x-40-cm-angriff-der-titanen\/","name":"Alfombrilla de rat\u00f3n de Ataque a los Titanes - R\u00e9plique Manga Cin\u00e9","isPartOf":{"@id":"https:\/\/repliquemangacine.fr\/#website"},"primaryImageOfPage":{"@id":"https:\/\/repliquemangacine.fr\/de\/verschiedene-goodies\/mauspad-90-x-40-cm-angriff-der-titanen\/#primaryimage"},"image":{"@id":"https:\/\/repliquemangacine.fr\/de\/verschiedene-goodies\/mauspad-90-x-40-cm-angriff-der-titanen\/#primaryimage"},"thumbnailUrl":"https:\/\/repliquemangacine.fr\/wp-content\/uploads\/2023\/10\/tapis-souris-attaque-des-titans-90-cm.jpg","datePublished":"2022-05-17T11:34:34+00:00","dateModified":"2025-09-23T16:02:46+00:00","description":"Magn\u00edfica alfombrilla de rat\u00f3n de Ataque a los Titanes al mejor precio - Cubierta suave - Impermeable y lavable - Antideslizante - Dimensiones : 90 X 40 cm","breadcrumb":{"@id":"https:\/\/repliquemangacine.fr\/de\/verschiedene-goodies\/mauspad-90-x-40-cm-angriff-der-titanen\/#breadcrumb"},"inLanguage":"es","potentialAction":[{"@type":"ReadAction","target":["https:\/\/repliquemangacine.fr\/de\/verschiedene-goodies\/mauspad-90-x-40-cm-angriff-der-titanen\/"]}]},{"@type":"ImageObject","inLanguage":"es","@id":"https:\/\/repliquemangacine.fr\/de\/verschiedene-goodies\/mauspad-90-x-40-cm-angriff-der-titanen\/#primaryimage","url":"https:\/\/repliquemangacine.fr\/wp-content\/uploads\/2023\/10\/tapis-souris-attaque-des-titans-90-cm.jpg","contentUrl":"https:\/\/repliquemangacine.fr\/wp-content\/uploads\/2023\/10\/tapis-souris-attaque-des-titans-90-cm.jpg","width":600,"height":600,"caption":"tapis-souris-attaque-des-titans-90x40 antiderapant"},{"@type":"BreadcrumbList","@id":"https:\/\/repliquemangacine.fr\/de\/verschiedene-goodies\/mauspad-90-x-40-cm-angriff-der-titanen\/#breadcrumb","itemListElement":[{"@type":"ListItem","position":1,"name":"Accueil","item":"https:\/\/repliquemangacine.fr\/"},{"@type":"ListItem","position":2,"name":"Produits","item":"https:\/\/repliquemangacine.fr\/boutique\/"},{"@type":"ListItem","position":3,"name":"Tapis souris Attaque des Titans"}]},{"@type":"WebSite","@id":"https:\/\/repliquemangacine.fr\/#website","url":"https:\/\/repliquemangacine.fr\/","name":"R\u00e9plique Manga Cin\u00e9","description":"","publisher":{"@id":"https:\/\/repliquemangacine.fr\/#organization"},"potentialAction":[{"@type":"SearchAction","target":{"@type":"EntryPoint","urlTemplate":"https:\/\/repliquemangacine.fr\/?s={search_term_string}"},"query-input":{"@type":"PropertyValueSpecification","valueRequired":true,"valueName":"search_term_string"}}],"inLanguage":"es"},{"@type":"Organization","@id":"https:\/\/repliquemangacine.fr\/#organization","name":"R\u00e9plique Manga Cin\u00e9","url":"https:\/\/repliquemangacine.fr\/","logo":{"@type":"ImageObject","inLanguage":"es","@id":"https:\/\/repliquemangacine.fr\/#\/schema\/logo\/image\/","url":"https:\/\/repliquemangacine.fr\/wp-content\/uploads\/2023\/10\/RMC-500250.png","contentUrl":"https:\/\/repliquemangacine.fr\/wp-content\/uploads\/2023\/10\/RMC-500250.png","width":500,"height":250,"caption":"R\u00e9plique Manga Cin\u00e9"},"image":{"@id":"https:\/\/repliquemangacine.fr\/#\/schema\/logo\/image\/"},"sameAs":["https:\/\/www.facebook.com\/RepliqueMangaCine","https:\/\/www.instagram.com\/repliquemangacine.fr\/"]}]}},"_links":{"self":[{"href":"https:\/\/repliquemangacine.fr\/es\/wp-json\/wp\/v2\/product\/50625","targetHints":{"allow":["GET"]}}],"collection":[{"href":"https:\/\/repliquemangacine.fr\/es\/wp-json\/wp\/v2\/product"}],"about":[{"href":"https:\/\/repliquemangacine.fr\/es\/wp-json\/wp\/v2\/types\/product"}],"wp:featuredmedia":[{"embeddable":true,"href":"https:\/\/repliquemangacine.fr\/es\/wp-json\/wp\/v2\/media\/50626"}],"wp:attachment":[{"href":"https:\/\/repliquemangacine.fr\/es\/wp-json\/wp\/v2\/media?parent=50625"}],"wp:term":[{"taxonomy":"product_brand","embeddable":true,"href":"https:\/\/repliquemangacine.fr\/es\/wp-json\/wp\/v2\/product_brand?post=50625"},{"taxonomy":"product_cat","embeddable":true,"href":"https:\/\/repliquemangacine.fr\/es\/wp-json\/wp\/v2\/product_cat?post=50625"},{"taxonomy":"product_tag","embeddable":true,"href":"https:\/\/repliquemangacine.fr\/es\/wp-json\/wp\/v2\/product_tag?post=50625"}],"curies":[{"name":"wp","href":"https:\/\/api.w.org\/{rel}","templated":true}]}}