





{"id":50546,"date":"2022-05-16T11:35:48","date_gmt":"2022-05-16T09:35:48","guid":{"rendered":"https:\/\/repliquemangacine.fr\/?post_type=product&#038;p=50546"},"modified":"2026-02-26T09:28:42","modified_gmt":"2026-02-26T08:28:42","slug":"pistola-de-duelo-boutet-1810-denix","status":"publish","type":"product","link":"https:\/\/repliquemangacine.fr\/es\/pistolet-ancien\/pistolet-duel-boutet-1810-denix\/","title":{"rendered":"Pistola de duelo Boutet 1810"},"content":{"rendered":"<h2>Pistola de duelo Boutet 1810 Denix.<\/h2>\n<p>Para empezar, el <strong>Pistola de duelo Boutet 1810<\/strong>, realizada por el maestro artesano de Versalles, Boutet. El original de esta pistola forma ahora parte de la colecci\u00f3n real del castillo de Windsor.<\/p>\n<p>La Manufacture d\u2019armes de Versailles es una f\u00e1brica francesa de armamento, en particular de armas de fuego. En sus or\u00edgenes produc\u00eda armas de guerra, pero luego se especializ\u00f3 en la producci\u00f3n de armas de lujo. Estas estaban destinadas principalmente a recompensar a oficiales distinguidos y, en particular, eran armas de honor y sables de gala.<\/p>\n<p>Flintlock, t\u00e9rmino general para cualquier arma de fuego basada en el mecanismo de pedernal. Por cierto, la platina de pedernal es un tipo de mecanismo que se utilizaba antiguamente en las armas de fuego, desarrollado por el arcabucero Marin Bourgeois combinando el sistema de dos platinas existentes (chenapan y miquelet).<\/p>\n<h2>Tu Pistolet duelo Boutet 1810 al mejor precio.<\/h2>\n<p>Ofrecemos una amplia gama de r\u00e9plicas de armas Denix.<\/p>\n<p>Lo primero y m\u00e1s importante,<\/p>\n<ul>\n<li>Le <a href=\"https:\/\/repliquemangacine.fr\/es\/replica-de-armas-1er-imperio\/pistola-derringer-denix-philadelphia\/\">Pistola Philadelphia Derringer<\/a>. Fue con este tipo de arma que Abraham Lincoln fue asesinado.<\/li>\n<li>Le <a href=\"https:\/\/repliquemangacine.fr\/es\/replica-de-armas-1er-imperio\/pistola-napoleon-zurda\/\">Pistola Napole\u00f3n de chispa<\/a> especialmente para zurdos.<\/li>\n<li>Y muchos m\u00e1s por descubrir en nuestra tienda en l\u00ednea.<\/li>\n<\/ul>\n<p>Por eso hemos ideado algunas magn\u00edficas ideas de regalo para todos los entusiastas de las armas de \u00e9poca.<\/p>\n<p>En conclusi\u00f3n, puede utilizar el <strong>Pistola de duelo Boutet 1810<\/strong> para sus recreaciones hist\u00f3ricas. Pero, sobre todo, es una pieza de coleccionista y una pieza decorativa.<\/p>\n<p>R\u00e9plique Manga Cin\u00e9 es una empresa familiar francesa y distribuidor oficial de <a href=\"https:\/\/www.denix.fr\/fr\/accueil-fr\/\" target=\"_blank\" rel=\"noopener noreferrer\">Denix<\/a>.<\/p>\n<h2>\u00bfQu\u00e9 materiales se utilizan para fabricar las r\u00e9plicas de armas Denix?<\/h2>\n<p>Utilizadas en recreaciones hist\u00f3ricas, pel\u00edculas, series y por coleccionistas. Las reproducciones Denix est\u00e1n fabricadas con materiales de alta calidad. Cuidadosamente elaboradas y ensambladas para crear armas de colecci\u00f3n realistas.<\/p>\n<ul>\n<li>Los metales se encuentran en una aleaci\u00f3n met\u00e1lica conocida como Zamac, cuya composici\u00f3n b\u00e1sica es zinc en 95%.<\/li>\n<li>Las piezas de pl\u00e1stico de las r\u00e9plicas son de ABS moldeado, que ofrece una gran resistencia.<\/li>\n<li>Las maderas elegidas por su belleza y durabilidad, como la caoba, el olivo o el nogal, dar\u00e1n a sus culatas y barricas un aspecto elegante y aut\u00e9ntico.<\/li>\n<\/ul>\n<p>Cabe se\u00f1alar que todas las reproducciones Denix son id\u00e9nticas a los originales, como su <strong>Pistola de duelo Boutet 1810<\/strong>.<\/p>","protected":false},"excerpt":{"rendered":"<p>Esta pistola de duelo Boutet de 1810 es de una calidad notable.<\/p>\n<ul>\n<li>Culata y ca\u00f1\u00f3n de madera maciza.<\/li>\n<li>Mecanismo y ca\u00f1\u00f3n de Zamac con grabados.<\/li>\n<li>Armas arriba y golpes<\/li>\n<li>No apto para disparar.<\/li>\n<li>Longitud del ca\u00f1\u00f3n: 25,5 cm - Longitud total: 39,5 cm<\/li>\n<li>No se requiere autorizaci\u00f3n. Venta y posesi\u00f3n libres<\/li>\n<\/ul>","protected":false},"featured_media":50547,"template":"","meta":[],"product_brand":[896],"product_cat":[102,52,28],"product_tag":[],"class_list":{"0":"post-50546","1":"product","2":"type-product","3":"status-publish","4":"has-post-thumbnail","6":"product_brand-replique-manga-cine","7":"product_cat-denix","8":"product_cat-pistolet-ancien","9":"product_cat-repliques-darmes","11":"first","12":"outofstock","13":"sale","14":"taxable","15":"shipping-taxable","16":"purchasable","17":"product-type-simple"},"yoast_head":"<!-- This site is optimized with the Yoast SEO plugin v27.4 - https:\/\/yoast.com\/product\/yoast-seo-wordpress\/ -->\n<title>Pistolet duel Boutet 1810 - R\u00e9pliques Denix - R\u00e9plique Manga Cin\u00e9<\/title>\n<meta name=\"description\" content=\"Offrez-lui ce Pistolet duel Boutet 1810 Denix au meilleur prix - En bois et zamac - S&#039;arme et percute comme un vrai - Inapte au tir - Longueur : 39.5 cm\" \/>\n<meta name=\"robots\" content=\"index, follow, max-snippet:-1, max-image-preview:large, max-video-preview:-1\" \/>\n<link rel=\"canonical\" href=\"https:\/\/repliquemangacine.fr\/es\/denix\/pistola-de-duelo-boutet-1810-denix\/\" \/>\n<meta property=\"og:locale\" content=\"es_ES\" \/>\n<meta property=\"og:type\" content=\"article\" \/>\n<meta property=\"og:title\" content=\"Pistolet duel Boutet 1810 - R\u00e9pliques Denix - R\u00e9plique Manga Cin\u00e9\" \/>\n<meta property=\"og:description\" content=\"Offrez-lui ce Pistolet duel Boutet 1810 Denix au meilleur prix - En bois et zamac - S&#039;arme et percute comme un vrai - Inapte au tir - Longueur : 39.5 cm\" \/>\n<meta property=\"og:url\" content=\"https:\/\/repliquemangacine.fr\/es\/denix\/pistola-de-duelo-boutet-1810-denix\/\" \/>\n<meta property=\"og:site_name\" content=\"R\u00e9plique Manga Cin\u00e9\" \/>\n<meta property=\"article:publisher\" content=\"https:\/\/www.facebook.com\/RepliqueMangaCine\" \/>\n<meta property=\"article:modified_time\" content=\"2026-02-26T08:28:42+00:00\" \/>\n<meta property=\"og:image\" content=\"https:\/\/repliquemangacine.fr\/wp-content\/uploads\/2023\/10\/pistolet-denix-duel-boutet-1810.jpg\" \/>\n\t<meta property=\"og:image:width\" content=\"800\" \/>\n\t<meta property=\"og:image:height\" content=\"800\" \/>\n\t<meta property=\"og:image:type\" content=\"image\/jpeg\" \/>\n<meta name=\"twitter:card\" content=\"summary_large_image\" \/>\n<meta name=\"twitter:label1\" content=\"Tiempo de lectura\" \/>\n\t<meta name=\"twitter:data1\" content=\"2 minutos\" \/>\n<script type=\"application\/ld+json\" class=\"yoast-schema-graph\">{\"@context\":\"https:\\\/\\\/schema.org\",\"@graph\":[{\"@type\":\"WebPage\",\"@id\":\"https:\\\/\\\/repliquemangacine.fr\\\/denix\\\/pistolet-duel-boutet-1810-denix\\\/\",\"url\":\"https:\\\/\\\/repliquemangacine.fr\\\/denix\\\/pistolet-duel-boutet-1810-denix\\\/\",\"name\":\"Pistolet duel Boutet 1810 - R\u00e9pliques Denix - R\u00e9plique Manga Cin\u00e9\",\"isPartOf\":{\"@id\":\"https:\\\/\\\/repliquemangacine.fr\\\/#website\"},\"primaryImageOfPage\":{\"@id\":\"https:\\\/\\\/repliquemangacine.fr\\\/denix\\\/pistolet-duel-boutet-1810-denix\\\/#primaryimage\"},\"image\":{\"@id\":\"https:\\\/\\\/repliquemangacine.fr\\\/denix\\\/pistolet-duel-boutet-1810-denix\\\/#primaryimage\"},\"thumbnailUrl\":\"https:\\\/\\\/repliquemangacine.fr\\\/wp-content\\\/uploads\\\/2023\\\/10\\\/pistolet-denix-duel-boutet-1810.jpg\",\"datePublished\":\"2022-05-16T09:35:48+00:00\",\"dateModified\":\"2026-02-26T08:28:42+00:00\",\"description\":\"Offrez-lui ce Pistolet duel Boutet 1810 Denix au meilleur prix - En bois et zamac - S'arme et percute comme un vrai - Inapte au tir - Longueur : 39.5 cm\",\"breadcrumb\":{\"@id\":\"https:\\\/\\\/repliquemangacine.fr\\\/denix\\\/pistolet-duel-boutet-1810-denix\\\/#breadcrumb\"},\"inLanguage\":\"es\",\"potentialAction\":[{\"@type\":\"ReadAction\",\"target\":[\"https:\\\/\\\/repliquemangacine.fr\\\/denix\\\/pistolet-duel-boutet-1810-denix\\\/\"]}]},{\"@type\":\"ImageObject\",\"inLanguage\":\"es\",\"@id\":\"https:\\\/\\\/repliquemangacine.fr\\\/denix\\\/pistolet-duel-boutet-1810-denix\\\/#primaryimage\",\"url\":\"https:\\\/\\\/repliquemangacine.fr\\\/wp-content\\\/uploads\\\/2023\\\/10\\\/pistolet-denix-duel-boutet-1810.jpg\",\"contentUrl\":\"https:\\\/\\\/repliquemangacine.fr\\\/wp-content\\\/uploads\\\/2023\\\/10\\\/pistolet-denix-duel-boutet-1810.jpg\",\"width\":800,\"height\":800,\"caption\":\"r\u00e9plique pistolet-denix-duel-boutet-1810\"},{\"@type\":\"BreadcrumbList\",\"@id\":\"https:\\\/\\\/repliquemangacine.fr\\\/denix\\\/pistolet-duel-boutet-1810-denix\\\/#breadcrumb\",\"itemListElement\":[{\"@type\":\"ListItem\",\"position\":1,\"name\":\"Accueil\",\"item\":\"https:\\\/\\\/repliquemangacine.fr\\\/\"},{\"@type\":\"ListItem\",\"position\":2,\"name\":\"Produits\",\"item\":\"https:\\\/\\\/repliquemangacine.fr\\\/boutique\\\/\"},{\"@type\":\"ListItem\",\"position\":3,\"name\":\"Pistolet duel Boutet 1810\"}]},{\"@type\":\"WebSite\",\"@id\":\"https:\\\/\\\/repliquemangacine.fr\\\/#website\",\"url\":\"https:\\\/\\\/repliquemangacine.fr\\\/\",\"name\":\"R\u00e9plique Manga Cin\u00e9\",\"description\":\"\",\"publisher\":{\"@id\":\"https:\\\/\\\/repliquemangacine.fr\\\/#organization\"},\"potentialAction\":[{\"@type\":\"SearchAction\",\"target\":{\"@type\":\"EntryPoint\",\"urlTemplate\":\"https:\\\/\\\/repliquemangacine.fr\\\/?s={search_term_string}\"},\"query-input\":{\"@type\":\"PropertyValueSpecification\",\"valueRequired\":true,\"valueName\":\"search_term_string\"}}],\"inLanguage\":\"es\"},{\"@type\":\"Organization\",\"@id\":\"https:\\\/\\\/repliquemangacine.fr\\\/#organization\",\"name\":\"R\u00e9plique Manga Cin\u00e9\",\"url\":\"https:\\\/\\\/repliquemangacine.fr\\\/\",\"logo\":{\"@type\":\"ImageObject\",\"inLanguage\":\"es\",\"@id\":\"https:\\\/\\\/repliquemangacine.fr\\\/#\\\/schema\\\/logo\\\/image\\\/\",\"url\":\"https:\\\/\\\/repliquemangacine.fr\\\/wp-content\\\/uploads\\\/2023\\\/10\\\/RMC-500250.png\",\"contentUrl\":\"https:\\\/\\\/repliquemangacine.fr\\\/wp-content\\\/uploads\\\/2023\\\/10\\\/RMC-500250.png\",\"width\":500,\"height\":250,\"caption\":\"R\u00e9plique Manga Cin\u00e9\"},\"image\":{\"@id\":\"https:\\\/\\\/repliquemangacine.fr\\\/#\\\/schema\\\/logo\\\/image\\\/\"},\"sameAs\":[\"https:\\\/\\\/www.facebook.com\\\/RepliqueMangaCine\",\"https:\\\/\\\/www.instagram.com\\\/repliquemangacine.fr\\\/\"]}]}<\/script>\n<!-- \/ Yoast SEO plugin. -->","yoast_head_json":{"title":"Pistola de duelo Boutet 1810 - R\u00e9plicas Denix - R\u00e9plique Manga Cin\u00e9","description":"Ofr\u00e9zcale este Pistolet duelo Boutet 1810 Denix al mejor precio - Fabricado en madera y zamac - Dispara y pega como los de verdad - No apto para tiro - Longitud: 39,5 cm","robots":{"index":"index","follow":"follow","max-snippet":"max-snippet:-1","max-image-preview":"max-image-preview:large","max-video-preview":"max-video-preview:-1"},"canonical":"https:\/\/repliquemangacine.fr\/es\/denix\/pistola-de-duelo-boutet-1810-denix\/","og_locale":"es_ES","og_type":"article","og_title":"Pistolet duel Boutet 1810 - R\u00e9pliques Denix - R\u00e9plique Manga Cin\u00e9","og_description":"Offrez-lui ce Pistolet duel Boutet 1810 Denix au meilleur prix - En bois et zamac - S'arme et percute comme un vrai - Inapte au tir - Longueur : 39.5 cm","og_url":"https:\/\/repliquemangacine.fr\/es\/denix\/pistola-de-duelo-boutet-1810-denix\/","og_site_name":"R\u00e9plique Manga Cin\u00e9","article_publisher":"https:\/\/www.facebook.com\/RepliqueMangaCine","article_modified_time":"2026-02-26T08:28:42+00:00","og_image":[{"width":800,"height":800,"url":"https:\/\/repliquemangacine.fr\/wp-content\/uploads\/2023\/10\/pistolet-denix-duel-boutet-1810.jpg","type":"image\/jpeg"}],"twitter_card":"summary_large_image","twitter_misc":{"Tiempo de lectura":"2 minutos"},"schema":{"@context":"https:\/\/schema.org","@graph":[{"@type":"WebPage","@id":"https:\/\/repliquemangacine.fr\/denix\/pistolet-duel-boutet-1810-denix\/","url":"https:\/\/repliquemangacine.fr\/denix\/pistolet-duel-boutet-1810-denix\/","name":"Pistola de duelo Boutet 1810 - R\u00e9plicas Denix - R\u00e9plique Manga Cin\u00e9","isPartOf":{"@id":"https:\/\/repliquemangacine.fr\/#website"},"primaryImageOfPage":{"@id":"https:\/\/repliquemangacine.fr\/denix\/pistolet-duel-boutet-1810-denix\/#primaryimage"},"image":{"@id":"https:\/\/repliquemangacine.fr\/denix\/pistolet-duel-boutet-1810-denix\/#primaryimage"},"thumbnailUrl":"https:\/\/repliquemangacine.fr\/wp-content\/uploads\/2023\/10\/pistolet-denix-duel-boutet-1810.jpg","datePublished":"2022-05-16T09:35:48+00:00","dateModified":"2026-02-26T08:28:42+00:00","description":"Ofr\u00e9zcale este Pistolet duelo Boutet 1810 Denix al mejor precio - Fabricado en madera y zamac - Dispara y pega como los de verdad - No apto para tiro - Longitud: 39,5 cm","breadcrumb":{"@id":"https:\/\/repliquemangacine.fr\/denix\/pistolet-duel-boutet-1810-denix\/#breadcrumb"},"inLanguage":"es","potentialAction":[{"@type":"ReadAction","target":["https:\/\/repliquemangacine.fr\/denix\/pistolet-duel-boutet-1810-denix\/"]}]},{"@type":"ImageObject","inLanguage":"es","@id":"https:\/\/repliquemangacine.fr\/denix\/pistolet-duel-boutet-1810-denix\/#primaryimage","url":"https:\/\/repliquemangacine.fr\/wp-content\/uploads\/2023\/10\/pistolet-denix-duel-boutet-1810.jpg","contentUrl":"https:\/\/repliquemangacine.fr\/wp-content\/uploads\/2023\/10\/pistolet-denix-duel-boutet-1810.jpg","width":800,"height":800,"caption":"r\u00e9plique pistolet-denix-duel-boutet-1810"},{"@type":"BreadcrumbList","@id":"https:\/\/repliquemangacine.fr\/denix\/pistolet-duel-boutet-1810-denix\/#breadcrumb","itemListElement":[{"@type":"ListItem","position":1,"name":"Accueil","item":"https:\/\/repliquemangacine.fr\/"},{"@type":"ListItem","position":2,"name":"Produits","item":"https:\/\/repliquemangacine.fr\/boutique\/"},{"@type":"ListItem","position":3,"name":"Pistolet duel Boutet 1810"}]},{"@type":"WebSite","@id":"https:\/\/repliquemangacine.fr\/#website","url":"https:\/\/repliquemangacine.fr\/","name":"R\u00e9plique Manga Cin\u00e9","description":"","publisher":{"@id":"https:\/\/repliquemangacine.fr\/#organization"},"potentialAction":[{"@type":"SearchAction","target":{"@type":"EntryPoint","urlTemplate":"https:\/\/repliquemangacine.fr\/?s={search_term_string}"},"query-input":{"@type":"PropertyValueSpecification","valueRequired":true,"valueName":"search_term_string"}}],"inLanguage":"es"},{"@type":"Organization","@id":"https:\/\/repliquemangacine.fr\/#organization","name":"R\u00e9plique Manga Cin\u00e9","url":"https:\/\/repliquemangacine.fr\/","logo":{"@type":"ImageObject","inLanguage":"es","@id":"https:\/\/repliquemangacine.fr\/#\/schema\/logo\/image\/","url":"https:\/\/repliquemangacine.fr\/wp-content\/uploads\/2023\/10\/RMC-500250.png","contentUrl":"https:\/\/repliquemangacine.fr\/wp-content\/uploads\/2023\/10\/RMC-500250.png","width":500,"height":250,"caption":"R\u00e9plique Manga Cin\u00e9"},"image":{"@id":"https:\/\/repliquemangacine.fr\/#\/schema\/logo\/image\/"},"sameAs":["https:\/\/www.facebook.com\/RepliqueMangaCine","https:\/\/www.instagram.com\/repliquemangacine.fr\/"]}]}},"_links":{"self":[{"href":"https:\/\/repliquemangacine.fr\/es\/wp-json\/wp\/v2\/product\/50546","targetHints":{"allow":["GET"]}}],"collection":[{"href":"https:\/\/repliquemangacine.fr\/es\/wp-json\/wp\/v2\/product"}],"about":[{"href":"https:\/\/repliquemangacine.fr\/es\/wp-json\/wp\/v2\/types\/product"}],"wp:featuredmedia":[{"embeddable":true,"href":"https:\/\/repliquemangacine.fr\/es\/wp-json\/wp\/v2\/media\/50547"}],"wp:attachment":[{"href":"https:\/\/repliquemangacine.fr\/es\/wp-json\/wp\/v2\/media?parent=50546"}],"wp:term":[{"taxonomy":"product_brand","embeddable":true,"href":"https:\/\/repliquemangacine.fr\/es\/wp-json\/wp\/v2\/product_brand?post=50546"},{"taxonomy":"product_cat","embeddable":true,"href":"https:\/\/repliquemangacine.fr\/es\/wp-json\/wp\/v2\/product_cat?post=50546"},{"taxonomy":"product_tag","embeddable":true,"href":"https:\/\/repliquemangacine.fr\/es\/wp-json\/wp\/v2\/product_tag?post=50546"}],"curies":[{"name":"wp","href":"https:\/\/api.w.org\/{rel}","templated":true}]}}