





{"id":50402,"date":"2022-05-09T14:55:24","date_gmt":"2022-05-09T12:55:24","guid":{"rendered":"https:\/\/repliquemangacine.fr\/?post_type=product&#038;p=50402"},"modified":"2026-02-12T14:17:58","modified_gmt":"2026-02-12T13:17:58","slug":"thranduil-hobbit-espada-corta-espada-elfa","status":"publish","type":"product","link":"https:\/\/repliquemangacine.fr\/es\/epees-the-hobbit\/epee-courte-de-thranduil-hobbit-sabre-elfique\/","title":{"rendered":"Espada corta de Thranduil"},"content":{"rendered":"<h2>La espada corta de Thranduil en El Hobbit.<\/h2>\n<p>Para empezar, el<strong>Espada corta de Thranduil<\/strong> Es el modelo corto con mangas doradas. Thranduil Verdehoja es un elfo Sindar, rey del Bosque Negro y padre de Legolas.<\/p>\n<p>Thranduil particip\u00f3 en la Batalla de los Cinco Ej\u00e9rcitos. March\u00f3 a Erebor con su ej\u00e9rcito para tomar por la fuerza su parte del tesoro de la Monta\u00f1a Solitaria. Cuando se dispone a luchar contra los enanos de las Monta\u00f1as de Hierro que han venido a rescatar a la Compa\u00f1\u00eda de Thorin atrapada en Erebor, aparecen los orcos y \u00e9l une sus fuerzas a las de los enanos para derrotarlos.<\/p>\n<p>Lucha con rabia y valent\u00eda, habiendo jurado matar a todo orco que se interponga en su camino.<\/p>\n<h2>Tu Thranduil espada corta al mejor precio.<\/h2>\n<p>Aqu\u00ed tienes todas las frases de tus personajes favoritos de la trilog\u00eda de El Hobbit.<\/p>\n<p>Lo primero y m\u00e1s importante,<\/p>\n<ul>\n<li>El famoso <a href=\"https:\/\/repliquemangacine.fr\/es\/las-espadas-del-hobbit\/espada-orcrist-espada-thorin\/\">Espada Orcrist<\/a>apodada Mordeuse, es la espada de Thorin hecha de roble.<\/li>\n<li>A continuaci\u00f3n, el <a href=\"https:\/\/repliquemangacine.fr\/es\/las-espadas-del-hobbit\/dagues-de-tauriel-the-hobbit\/\">Dagas de Tauriel<\/a>el Duende Luchador.<\/li>\n<li>Tambi\u00e9n encontrar\u00e1 algunas joyas <a href=\"https:\/\/noblecollection.fr\/\" target=\"_blank\" rel=\"noopener noreferrer\">La Colecci\u00f3n Noble.<\/a><\/li>\n<li>Y muchos m\u00e1s por descubrir en nuestra tienda en l\u00ednea.<\/li>\n<li>Por eso es una gran idea de regalo para todos los fans de El Hobbit.<\/li>\n<\/ul>\n<p>En conclusi\u00f3n, tambi\u00e9n puede utilizar este <strong>Espada corta de Thranduil<\/strong> para tus desfiles de cosplay o veladas tem\u00e1ticas. Pero sobre todo, esta espada \u00e9lfica es tambi\u00e9n una pieza de coleccionista y una pieza decorativa.<\/p>\n<h2>\u00bfC\u00f3mo mantengo la hoja de mi espada de El Hobbit?<\/h2>\n<p>Las espadas de colecci\u00f3n y decorativas se fabrican y ensamblan de forma simplificada. Como su uso es decorativo, no cuentan con los elementos de seguridad necesarios para una espada japonesa destinada al entrenamiento.<\/p>\n<p>Sin embargo, su <strong>Espada corta de Thranduil<\/strong> a una hoja de acero que hay que cuidar para evitar que se estropee con el tiempo. Cuando exponga su katana, sus amigos sentir\u00e1n curiosidad por ver la hoja y tocarla. Aqu\u00ed es donde hay que tener cuidado, ya que la acidez de los dedos es muy perjudicial para el acero, sea cual sea su calidad.<\/p>\n<p>Sin embargo, si esto ocurre, no te asustes, todo lo que necesitas es un pa\u00f1o humedecido con un poco de aceite y limpiar las huellas dactilares. Si haces esto, tu espada durar\u00e1 mucho tiempo.<\/p>","protected":false},"excerpt":{"rendered":"<p>La espada dorada de los elfos utilizada por Thranduil en El Hobbit.<\/p>\n<ul>\n<li>Hoja de acero 440 con adornos.<\/li>\n<li>Asa de metal dorado.<\/li>\n<li>Vaina marr\u00f3n recubierta de fieltro.<\/li>\n<li>Soporte de madera decorado.<\/li>\n<li>Longitud total: 70 cm - Peso: 1,4 Kg<\/li>\n<\/ul>","protected":false},"featured_media":50403,"template":"","meta":[],"product_brand":[896],"product_cat":[69,24,35],"product_tag":[],"class_list":{"0":"post-50402","1":"product","2":"type-product","3":"status-publish","4":"has-post-thumbnail","6":"product_brand-replique-manga-cine","7":"product_cat-epees-the-hobbit","8":"product_cat-films-series-tv-vente-de-katana-epee-et-produits-derives","9":"product_cat-epee-et-bijoux-the-hobbit","11":"first","12":"instock","13":"sale","14":"taxable","15":"shipping-taxable","16":"purchasable","17":"product-type-simple"},"yoast_head":"<!-- This site is optimized with the Yoast SEO plugin v27.4 - https:\/\/yoast.com\/product\/yoast-seo-wordpress\/ -->\n<title>Ep\u00e9e courte Thranduil - The Hobbit - Boutique en ligne - RMC<\/title>\n<meta name=\"description\" content=\"Achetez vite ! L&#039;Ep\u00e9e courte Thranduil dor\u00e9e dans The Hobbit au meilleur prix. Lame en acier - Fourreau - Support bois. Longueur : 70 cm - Envoi 24\/48h\" \/>\n<meta name=\"robots\" content=\"index, follow, max-snippet:-1, max-image-preview:large, max-video-preview:-1\" \/>\n<link rel=\"canonical\" href=\"https:\/\/repliquemangacine.fr\/es\/las-espadas-del-hobbit\/thranduil-hobbit-espada-corta-espada-elfa\/\" \/>\n<meta property=\"og:locale\" content=\"es_ES\" \/>\n<meta property=\"og:type\" content=\"article\" \/>\n<meta property=\"og:title\" content=\"Ep\u00e9e courte Thranduil - The Hobbit - Boutique en ligne - RMC\" \/>\n<meta property=\"og:description\" content=\"Achetez vite ! L&#039;Ep\u00e9e courte Thranduil dor\u00e9e dans The Hobbit au meilleur prix. Lame en acier - Fourreau - Support bois. Longueur : 70 cm - Envoi 24\/48h\" \/>\n<meta property=\"og:url\" content=\"https:\/\/repliquemangacine.fr\/es\/las-espadas-del-hobbit\/thranduil-hobbit-espada-corta-espada-elfa\/\" \/>\n<meta property=\"og:site_name\" content=\"R\u00e9plique Manga Cin\u00e9\" \/>\n<meta property=\"article:publisher\" content=\"https:\/\/www.facebook.com\/RepliqueMangaCine\" \/>\n<meta property=\"article:modified_time\" content=\"2026-02-12T13:17:58+00:00\" \/>\n<meta property=\"og:image\" content=\"https:\/\/repliquemangacine.fr\/wp-content\/uploads\/2023\/10\/epee-thranduil.jpg\" \/>\n\t<meta property=\"og:image:width\" content=\"800\" \/>\n\t<meta property=\"og:image:height\" content=\"800\" \/>\n\t<meta property=\"og:image:type\" content=\"image\/jpeg\" \/>\n<meta name=\"twitter:card\" content=\"summary_large_image\" \/>\n<meta name=\"twitter:label1\" content=\"Tiempo de lectura\" \/>\n\t<meta name=\"twitter:data1\" content=\"1 minuto\" \/>\n<script type=\"application\/ld+json\" class=\"yoast-schema-graph\">{\"@context\":\"https:\\\/\\\/schema.org\",\"@graph\":[{\"@type\":\"WebPage\",\"@id\":\"https:\\\/\\\/repliquemangacine.fr\\\/de\\\/schwerter-the-hobbit\\\/thranduil-hobbit-kurzschwert-elbisches-schwert\\\/\",\"url\":\"https:\\\/\\\/repliquemangacine.fr\\\/de\\\/schwerter-the-hobbit\\\/thranduil-hobbit-kurzschwert-elbisches-schwert\\\/\",\"name\":\"Ep\u00e9e courte Thranduil - The Hobbit - Boutique en ligne - RMC\",\"isPartOf\":{\"@id\":\"https:\\\/\\\/repliquemangacine.fr\\\/#website\"},\"primaryImageOfPage\":{\"@id\":\"https:\\\/\\\/repliquemangacine.fr\\\/de\\\/schwerter-the-hobbit\\\/thranduil-hobbit-kurzschwert-elbisches-schwert\\\/#primaryimage\"},\"image\":{\"@id\":\"https:\\\/\\\/repliquemangacine.fr\\\/de\\\/schwerter-the-hobbit\\\/thranduil-hobbit-kurzschwert-elbisches-schwert\\\/#primaryimage\"},\"thumbnailUrl\":\"https:\\\/\\\/repliquemangacine.fr\\\/wp-content\\\/uploads\\\/2023\\\/10\\\/epee-thranduil.jpg\",\"datePublished\":\"2022-05-09T12:55:24+00:00\",\"dateModified\":\"2026-02-12T13:17:58+00:00\",\"description\":\"Achetez vite ! L'Ep\u00e9e courte Thranduil dor\u00e9e dans The Hobbit au meilleur prix. Lame en acier - Fourreau - Support bois. Longueur : 70 cm - Envoi 24\\\/48h\",\"breadcrumb\":{\"@id\":\"https:\\\/\\\/repliquemangacine.fr\\\/de\\\/schwerter-the-hobbit\\\/thranduil-hobbit-kurzschwert-elbisches-schwert\\\/#breadcrumb\"},\"inLanguage\":\"es\",\"potentialAction\":[{\"@type\":\"ReadAction\",\"target\":[\"https:\\\/\\\/repliquemangacine.fr\\\/de\\\/schwerter-the-hobbit\\\/thranduil-hobbit-kurzschwert-elbisches-schwert\\\/\"]}]},{\"@type\":\"ImageObject\",\"inLanguage\":\"es\",\"@id\":\"https:\\\/\\\/repliquemangacine.fr\\\/de\\\/schwerter-the-hobbit\\\/thranduil-hobbit-kurzschwert-elbisches-schwert\\\/#primaryimage\",\"url\":\"https:\\\/\\\/repliquemangacine.fr\\\/wp-content\\\/uploads\\\/2023\\\/10\\\/epee-thranduil.jpg\",\"contentUrl\":\"https:\\\/\\\/repliquemangacine.fr\\\/wp-content\\\/uploads\\\/2023\\\/10\\\/epee-thranduil.jpg\",\"width\":800,\"height\":800,\"caption\":\"\u00e9p\u00e9e courte thranduil the hobbit\"},{\"@type\":\"BreadcrumbList\",\"@id\":\"https:\\\/\\\/repliquemangacine.fr\\\/de\\\/schwerter-the-hobbit\\\/thranduil-hobbit-kurzschwert-elbisches-schwert\\\/#breadcrumb\",\"itemListElement\":[{\"@type\":\"ListItem\",\"position\":1,\"name\":\"Accueil\",\"item\":\"https:\\\/\\\/repliquemangacine.fr\\\/\"},{\"@type\":\"ListItem\",\"position\":2,\"name\":\"Produits\",\"item\":\"https:\\\/\\\/repliquemangacine.fr\\\/boutique\\\/\"},{\"@type\":\"ListItem\",\"position\":3,\"name\":\"Ep\u00e9e courte Thranduil\"}]},{\"@type\":\"WebSite\",\"@id\":\"https:\\\/\\\/repliquemangacine.fr\\\/#website\",\"url\":\"https:\\\/\\\/repliquemangacine.fr\\\/\",\"name\":\"R\u00e9plique Manga Cin\u00e9\",\"description\":\"\",\"publisher\":{\"@id\":\"https:\\\/\\\/repliquemangacine.fr\\\/#organization\"},\"potentialAction\":[{\"@type\":\"SearchAction\",\"target\":{\"@type\":\"EntryPoint\",\"urlTemplate\":\"https:\\\/\\\/repliquemangacine.fr\\\/?s={search_term_string}\"},\"query-input\":{\"@type\":\"PropertyValueSpecification\",\"valueRequired\":true,\"valueName\":\"search_term_string\"}}],\"inLanguage\":\"es\"},{\"@type\":\"Organization\",\"@id\":\"https:\\\/\\\/repliquemangacine.fr\\\/#organization\",\"name\":\"R\u00e9plique Manga Cin\u00e9\",\"url\":\"https:\\\/\\\/repliquemangacine.fr\\\/\",\"logo\":{\"@type\":\"ImageObject\",\"inLanguage\":\"es\",\"@id\":\"https:\\\/\\\/repliquemangacine.fr\\\/#\\\/schema\\\/logo\\\/image\\\/\",\"url\":\"https:\\\/\\\/repliquemangacine.fr\\\/wp-content\\\/uploads\\\/2023\\\/10\\\/RMC-500250.png\",\"contentUrl\":\"https:\\\/\\\/repliquemangacine.fr\\\/wp-content\\\/uploads\\\/2023\\\/10\\\/RMC-500250.png\",\"width\":500,\"height\":250,\"caption\":\"R\u00e9plique Manga Cin\u00e9\"},\"image\":{\"@id\":\"https:\\\/\\\/repliquemangacine.fr\\\/#\\\/schema\\\/logo\\\/image\\\/\"},\"sameAs\":[\"https:\\\/\\\/www.facebook.com\\\/RepliqueMangaCine\",\"https:\\\/\\\/www.instagram.com\\\/repliquemangacine.fr\\\/\"]}]}<\/script>\n<!-- \/ Yoast SEO plugin. -->","yoast_head_json":{"title":"Espada corta Thranduil - El Hobbit - Tienda Online - RMC","description":"\u00a1C\u00f3mprala ya! La espada corta dorada de Thranduil en El Hobbit al mejor precio. Hoja de acero - Vaina - Soporte de madera. Longitud: 70 cm - Env\u00edo 24\/48h","robots":{"index":"index","follow":"follow","max-snippet":"max-snippet:-1","max-image-preview":"max-image-preview:large","max-video-preview":"max-video-preview:-1"},"canonical":"https:\/\/repliquemangacine.fr\/es\/las-espadas-del-hobbit\/thranduil-hobbit-espada-corta-espada-elfa\/","og_locale":"es_ES","og_type":"article","og_title":"Ep\u00e9e courte Thranduil - The Hobbit - Boutique en ligne - RMC","og_description":"Achetez vite ! L'Ep\u00e9e courte Thranduil dor\u00e9e dans The Hobbit au meilleur prix. Lame en acier - Fourreau - Support bois. Longueur : 70 cm - Envoi 24\/48h","og_url":"https:\/\/repliquemangacine.fr\/es\/las-espadas-del-hobbit\/thranduil-hobbit-espada-corta-espada-elfa\/","og_site_name":"R\u00e9plique Manga Cin\u00e9","article_publisher":"https:\/\/www.facebook.com\/RepliqueMangaCine","article_modified_time":"2026-02-12T13:17:58+00:00","og_image":[{"width":800,"height":800,"url":"https:\/\/repliquemangacine.fr\/wp-content\/uploads\/2023\/10\/epee-thranduil.jpg","type":"image\/jpeg"}],"twitter_card":"summary_large_image","twitter_misc":{"Tiempo de lectura":"1 minuto"},"schema":{"@context":"https:\/\/schema.org","@graph":[{"@type":"WebPage","@id":"https:\/\/repliquemangacine.fr\/de\/schwerter-the-hobbit\/thranduil-hobbit-kurzschwert-elbisches-schwert\/","url":"https:\/\/repliquemangacine.fr\/de\/schwerter-the-hobbit\/thranduil-hobbit-kurzschwert-elbisches-schwert\/","name":"Espada corta Thranduil - El Hobbit - Tienda Online - RMC","isPartOf":{"@id":"https:\/\/repliquemangacine.fr\/#website"},"primaryImageOfPage":{"@id":"https:\/\/repliquemangacine.fr\/de\/schwerter-the-hobbit\/thranduil-hobbit-kurzschwert-elbisches-schwert\/#primaryimage"},"image":{"@id":"https:\/\/repliquemangacine.fr\/de\/schwerter-the-hobbit\/thranduil-hobbit-kurzschwert-elbisches-schwert\/#primaryimage"},"thumbnailUrl":"https:\/\/repliquemangacine.fr\/wp-content\/uploads\/2023\/10\/epee-thranduil.jpg","datePublished":"2022-05-09T12:55:24+00:00","dateModified":"2026-02-12T13:17:58+00:00","description":"\u00a1C\u00f3mprala ya! La espada corta dorada de Thranduil en El Hobbit al mejor precio. Hoja de acero - Vaina - Soporte de madera. Longitud: 70 cm - Env\u00edo 24\/48h","breadcrumb":{"@id":"https:\/\/repliquemangacine.fr\/de\/schwerter-the-hobbit\/thranduil-hobbit-kurzschwert-elbisches-schwert\/#breadcrumb"},"inLanguage":"es","potentialAction":[{"@type":"ReadAction","target":["https:\/\/repliquemangacine.fr\/de\/schwerter-the-hobbit\/thranduil-hobbit-kurzschwert-elbisches-schwert\/"]}]},{"@type":"ImageObject","inLanguage":"es","@id":"https:\/\/repliquemangacine.fr\/de\/schwerter-the-hobbit\/thranduil-hobbit-kurzschwert-elbisches-schwert\/#primaryimage","url":"https:\/\/repliquemangacine.fr\/wp-content\/uploads\/2023\/10\/epee-thranduil.jpg","contentUrl":"https:\/\/repliquemangacine.fr\/wp-content\/uploads\/2023\/10\/epee-thranduil.jpg","width":800,"height":800,"caption":"\u00e9p\u00e9e courte thranduil the hobbit"},{"@type":"BreadcrumbList","@id":"https:\/\/repliquemangacine.fr\/de\/schwerter-the-hobbit\/thranduil-hobbit-kurzschwert-elbisches-schwert\/#breadcrumb","itemListElement":[{"@type":"ListItem","position":1,"name":"Accueil","item":"https:\/\/repliquemangacine.fr\/"},{"@type":"ListItem","position":2,"name":"Produits","item":"https:\/\/repliquemangacine.fr\/boutique\/"},{"@type":"ListItem","position":3,"name":"Ep\u00e9e courte Thranduil"}]},{"@type":"WebSite","@id":"https:\/\/repliquemangacine.fr\/#website","url":"https:\/\/repliquemangacine.fr\/","name":"R\u00e9plique Manga Cin\u00e9","description":"","publisher":{"@id":"https:\/\/repliquemangacine.fr\/#organization"},"potentialAction":[{"@type":"SearchAction","target":{"@type":"EntryPoint","urlTemplate":"https:\/\/repliquemangacine.fr\/?s={search_term_string}"},"query-input":{"@type":"PropertyValueSpecification","valueRequired":true,"valueName":"search_term_string"}}],"inLanguage":"es"},{"@type":"Organization","@id":"https:\/\/repliquemangacine.fr\/#organization","name":"R\u00e9plique Manga Cin\u00e9","url":"https:\/\/repliquemangacine.fr\/","logo":{"@type":"ImageObject","inLanguage":"es","@id":"https:\/\/repliquemangacine.fr\/#\/schema\/logo\/image\/","url":"https:\/\/repliquemangacine.fr\/wp-content\/uploads\/2023\/10\/RMC-500250.png","contentUrl":"https:\/\/repliquemangacine.fr\/wp-content\/uploads\/2023\/10\/RMC-500250.png","width":500,"height":250,"caption":"R\u00e9plique Manga Cin\u00e9"},"image":{"@id":"https:\/\/repliquemangacine.fr\/#\/schema\/logo\/image\/"},"sameAs":["https:\/\/www.facebook.com\/RepliqueMangaCine","https:\/\/www.instagram.com\/repliquemangacine.fr\/"]}]}},"_links":{"self":[{"href":"https:\/\/repliquemangacine.fr\/es\/wp-json\/wp\/v2\/product\/50402","targetHints":{"allow":["GET"]}}],"collection":[{"href":"https:\/\/repliquemangacine.fr\/es\/wp-json\/wp\/v2\/product"}],"about":[{"href":"https:\/\/repliquemangacine.fr\/es\/wp-json\/wp\/v2\/types\/product"}],"wp:featuredmedia":[{"embeddable":true,"href":"https:\/\/repliquemangacine.fr\/es\/wp-json\/wp\/v2\/media\/50403"}],"wp:attachment":[{"href":"https:\/\/repliquemangacine.fr\/es\/wp-json\/wp\/v2\/media?parent=50402"}],"wp:term":[{"taxonomy":"product_brand","embeddable":true,"href":"https:\/\/repliquemangacine.fr\/es\/wp-json\/wp\/v2\/product_brand?post=50402"},{"taxonomy":"product_cat","embeddable":true,"href":"https:\/\/repliquemangacine.fr\/es\/wp-json\/wp\/v2\/product_cat?post=50402"},{"taxonomy":"product_tag","embeddable":true,"href":"https:\/\/repliquemangacine.fr\/es\/wp-json\/wp\/v2\/product_tag?post=50402"}],"curies":[{"name":"wp","href":"https:\/\/api.w.org\/{rel}","templated":true}]}}