





{"id":50096,"date":"2022-04-28T14:38:01","date_gmt":"2022-04-28T12:38:01","guid":{"rendered":"https:\/\/repliquemangacine.fr\/?post_type=product&#038;p=50096"},"modified":"2026-02-20T17:13:12","modified_gmt":"2026-02-20T16:13:12","slug":"baguette-thesee-dragonneau-bestias-fantasticas","status":"publish","type":"product","link":"https:\/\/repliquemangacine.fr\/es\/les-animaux-fantastiques\/baguette-thesee-dragonneau-fantastic-beasts\/","title":{"rendered":"Varita Dragonneau Th\u00e9s\u00e9e"},"content":{"rendered":"<h2>Varita de Teseo Dragonneau - Fantastic Beasts<\/h2>\n<p>Para empezar, el <strong>Varita Dragonneau Th\u00e9s\u00e9e<\/strong>, est\u00e1 fabricado \u00edntegramente en resina con un n\u00facleo met\u00e1lico para garantizar una alta calidad.<\/p>\n<p>Theseus Dragonneau (Theseus Scamander) es un poderoso auror del Ministerio de Magia brit\u00e1nico. De hecho, cuando lleg\u00f3 a Hogwarts, el Sombrero Seleccionador lo envi\u00f3 a Hufflepuff. Es el hermano mayor de Norbert Dragonneau. Fue elegido por el Ministerio de Magia para capturar a Gellert Grindelwald.<\/p>\n<p>Cabe destacar que Theseus es el prometido de Leta Lestrange, que era la antigua novia de Norbert cuando ambos estudiaban en Hogwarts.<\/p>\n<p>Teseo se dirige a Par\u00eds, en el <a href=\"https:\/\/harrypotter.fandom.com\/fr\/wiki\/Mausol\u00e9e_des_Lestrange\" target=\"_blank\" rel=\"noopener noreferrer\">Mausoleo de Lestrange<\/a>en el cementerio de P\u00e8re-Lachaise, donde escucha el final del discurso de Grindelwald. Participa en la Batalla del Cementerio de P\u00e8re-Lachaise, donde pierde a Leta Lestrange.<\/p>\n<h2>Tu Varita de Teseo Dragonneau barata.<\/h2>\n<p>Te ofrecemos una amplia selecci\u00f3n de varitas m\u00e1gicas de Animales Fant\u00e1sticos con n\u00facleos met\u00e1licos a precios econ\u00f3micos.<\/p>\n<p>Lo primero es lo primero,<\/p>\n<ul>\n<li>La <a href=\"https:\/\/repliquemangacine.fr\/es\/animales-fantasticos\/varita-nicolas-flamel-animales-fantasticos\/\">La varita m\u00e1gica de Nicolas Flamel<\/a> en Fantastic Beasts.<\/li>\n<li>Pero tambi\u00e9n la de <a href=\"https:\/\/repliquemangacine.fr\/es\/animales-fantasticos\/varita-de-queenie-goldstein-animales-fantasticos\/\">Queenie Goldstein<\/a> tambi\u00e9n de la saga Animales fant\u00e1sticos.<\/li>\n<li>Tambi\u00e9n est\u00e1 la varita de Gellert Grindelwald, que Dumbledore utiliza m\u00e1s tarde en Harry Potter.<\/li>\n<li>Y muchos m\u00e1s por descubrir en nuestra tienda en l\u00ednea.<\/li>\n<\/ul>\n<p>Por eso, aqu\u00ed tienes una idea estupenda para regalar a todos los fans de Harry Potter.<\/p>\n<p>En conclusi\u00f3n, tambi\u00e9n puede utilizar este <strong>Varita de Th\u00e9s\u00e9e Dragonneau<\/strong> para tus cosplays o fiestas tem\u00e1ticas. Pero, ante todo, es una pieza de colecci\u00f3n y decoraci\u00f3n.<\/p>\n<p>R\u00e9plique Manga Cin\u00e9 es una empresa familiar francesa.<\/p>\n<h2>\u00bfC\u00f3mo se fabrican las varitas de los brujos?<\/h2>\n<p>Una varita m\u00e1gica es un objeto compuesto por dos elementos variables: una madera, que suele proceder de un \u00e1rbol, y lo que se conoce como el n\u00facleo de la varita, que puede proceder de diversas criaturas o plantas m\u00e1gicas. Es una herramienta utilizada por brujos y brujas para afinar sus hechizos y obtener mejores resultados cuando emplean la magia.<\/p>\n<p>Nuestros baguettes est\u00e1n fabricados en resina moldeada, con un n\u00facleo de metal en el centro que aporta a su <strong>Varita de Th\u00e9s\u00e9e Dragonneau<\/strong> una resistencia extraordinaria.<\/p>\n<p>Cabe destacar que la mayor\u00eda de los magos compran su varita a los once a\u00f1os, antes de comenzar su educaci\u00f3n m\u00e1gica. Los j\u00f3venes magos pueden ir a comprar su varita ellos mismos a una tienda especializada; los estudiantes brit\u00e1nicos suelen acudir a Ollivander.<\/p>\n<p>&nbsp;<\/p>","protected":false},"excerpt":{"rendered":"<p>Varita de Theseus Dragonneau inspirada en la saga Fantastic Beasts.<\/p>\n<ul>\n<li>Varilla de resina que imita la madera de color marr\u00f3n claro.<\/li>\n<li>N\u00facleo met\u00e1lico.<\/li>\n<li>Este palillo de estilo art d\u00e9co mide 35 cm.<\/li>\n<li>Caja de coleccionista con interior de terciopelo azul.<\/li>\n<li>Ficha de personaje.<\/li>\n<\/ul>","protected":false},"featured_media":50097,"template":"","meta":[],"product_brand":[896],"product_cat":[24,104,101],"product_tag":[],"class_list":{"0":"post-50096","1":"product","2":"type-product","3":"status-publish","4":"has-post-thumbnail","6":"product_brand-replique-manga-cine","7":"product_cat-films-series-tv-vente-de-katana-epee-et-produits-derives","8":"product_cat-les-animaux-fantastiques","9":"product_cat-soldes","11":"first","12":"instock","13":"sale","14":"taxable","15":"shipping-taxable","16":"purchasable","17":"product-type-simple"},"yoast_head":"<!-- This site is optimized with the Yoast SEO plugin v27.4 - https:\/\/yoast.com\/product\/yoast-seo-wordpress\/ -->\n<title>Baguette Th\u00e9s\u00e9e Dragonneau - Les Animaux Fantastiques - RMC<\/title>\n<meta name=\"description\" content=\"Offrez-lui cette Baguette Th\u00e9s\u00e9e Dragonneau dans les Animaux Fantastiques au meilleur prix. Tout en r\u00e9sine - Noyau m\u00e9tal. Boite Collector - Longueur : 35 cm\" \/>\n<meta name=\"robots\" content=\"index, follow, max-snippet:-1, max-image-preview:large, max-video-preview:-1\" \/>\n<link rel=\"canonical\" href=\"https:\/\/repliquemangacine.fr\/es\/animales-fantasticos\/baguette-thesee-dragonneau-bestias-fantasticas\/\" \/>\n<meta property=\"og:locale\" content=\"es_ES\" \/>\n<meta property=\"og:type\" content=\"article\" \/>\n<meta property=\"og:title\" content=\"Baguette Th\u00e9s\u00e9e Dragonneau - Les Animaux Fantastiques - RMC\" \/>\n<meta property=\"og:description\" content=\"Offrez-lui cette Baguette Th\u00e9s\u00e9e Dragonneau dans les Animaux Fantastiques au meilleur prix. Tout en r\u00e9sine - Noyau m\u00e9tal. Boite Collector - Longueur : 35 cm\" \/>\n<meta property=\"og:url\" content=\"https:\/\/repliquemangacine.fr\/es\/animales-fantasticos\/baguette-thesee-dragonneau-bestias-fantasticas\/\" \/>\n<meta property=\"og:site_name\" content=\"R\u00e9plique Manga Cin\u00e9\" \/>\n<meta property=\"article:publisher\" content=\"https:\/\/www.facebook.com\/RepliqueMangaCine\" \/>\n<meta property=\"article:modified_time\" content=\"2026-02-20T16:13:12+00:00\" \/>\n<meta property=\"og:image\" content=\"https:\/\/repliquemangacine.fr\/wp-content\/uploads\/2023\/10\/Baguette-theseus-scamander-replique.jpg\" \/>\n\t<meta property=\"og:image:width\" content=\"600\" \/>\n\t<meta property=\"og:image:height\" content=\"600\" \/>\n\t<meta property=\"og:image:type\" content=\"image\/jpeg\" \/>\n<meta name=\"twitter:card\" content=\"summary_large_image\" \/>\n<meta name=\"twitter:label1\" content=\"Tiempo de lectura\" \/>\n\t<meta name=\"twitter:data1\" content=\"2 minutos\" \/>\n<script type=\"application\/ld+json\" class=\"yoast-schema-graph\">{\"@context\":\"https:\\\/\\\/schema.org\",\"@graph\":[{\"@type\":\"WebPage\",\"@id\":\"https:\\\/\\\/repliquemangacine.fr\\\/les-animaux-fantastiques\\\/baguette-thesee-dragonneau-fantastic-beasts\\\/\",\"url\":\"https:\\\/\\\/repliquemangacine.fr\\\/les-animaux-fantastiques\\\/baguette-thesee-dragonneau-fantastic-beasts\\\/\",\"name\":\"Baguette Th\u00e9s\u00e9e Dragonneau - Les Animaux Fantastiques - RMC\",\"isPartOf\":{\"@id\":\"https:\\\/\\\/repliquemangacine.fr\\\/#website\"},\"primaryImageOfPage\":{\"@id\":\"https:\\\/\\\/repliquemangacine.fr\\\/les-animaux-fantastiques\\\/baguette-thesee-dragonneau-fantastic-beasts\\\/#primaryimage\"},\"image\":{\"@id\":\"https:\\\/\\\/repliquemangacine.fr\\\/les-animaux-fantastiques\\\/baguette-thesee-dragonneau-fantastic-beasts\\\/#primaryimage\"},\"thumbnailUrl\":\"https:\\\/\\\/repliquemangacine.fr\\\/wp-content\\\/uploads\\\/2023\\\/10\\\/Baguette-theseus-scamander-replique.jpg\",\"datePublished\":\"2022-04-28T12:38:01+00:00\",\"dateModified\":\"2026-02-20T16:13:12+00:00\",\"description\":\"Offrez-lui cette Baguette Th\u00e9s\u00e9e Dragonneau dans les Animaux Fantastiques au meilleur prix. Tout en r\u00e9sine - Noyau m\u00e9tal. Boite Collector - Longueur : 35 cm\",\"breadcrumb\":{\"@id\":\"https:\\\/\\\/repliquemangacine.fr\\\/les-animaux-fantastiques\\\/baguette-thesee-dragonneau-fantastic-beasts\\\/#breadcrumb\"},\"inLanguage\":\"es\",\"potentialAction\":[{\"@type\":\"ReadAction\",\"target\":[\"https:\\\/\\\/repliquemangacine.fr\\\/les-animaux-fantastiques\\\/baguette-thesee-dragonneau-fantastic-beasts\\\/\"]}]},{\"@type\":\"ImageObject\",\"inLanguage\":\"es\",\"@id\":\"https:\\\/\\\/repliquemangacine.fr\\\/les-animaux-fantastiques\\\/baguette-thesee-dragonneau-fantastic-beasts\\\/#primaryimage\",\"url\":\"https:\\\/\\\/repliquemangacine.fr\\\/wp-content\\\/uploads\\\/2023\\\/10\\\/Baguette-theseus-scamander-replique.jpg\",\"contentUrl\":\"https:\\\/\\\/repliquemangacine.fr\\\/wp-content\\\/uploads\\\/2023\\\/10\\\/Baguette-theseus-scamander-replique.jpg\",\"width\":600,\"height\":600,\"caption\":\"Baguette magique Th\u00e9s\u00e9e Dragonneau\"},{\"@type\":\"BreadcrumbList\",\"@id\":\"https:\\\/\\\/repliquemangacine.fr\\\/les-animaux-fantastiques\\\/baguette-thesee-dragonneau-fantastic-beasts\\\/#breadcrumb\",\"itemListElement\":[{\"@type\":\"ListItem\",\"position\":1,\"name\":\"Accueil\",\"item\":\"https:\\\/\\\/repliquemangacine.fr\\\/\"},{\"@type\":\"ListItem\",\"position\":2,\"name\":\"Produits\",\"item\":\"https:\\\/\\\/repliquemangacine.fr\\\/boutique\\\/\"},{\"@type\":\"ListItem\",\"position\":3,\"name\":\"Baguette Th\u00e9s\u00e9e Dragonneau\"}]},{\"@type\":\"WebSite\",\"@id\":\"https:\\\/\\\/repliquemangacine.fr\\\/#website\",\"url\":\"https:\\\/\\\/repliquemangacine.fr\\\/\",\"name\":\"R\u00e9plique Manga Cin\u00e9\",\"description\":\"\",\"publisher\":{\"@id\":\"https:\\\/\\\/repliquemangacine.fr\\\/#organization\"},\"potentialAction\":[{\"@type\":\"SearchAction\",\"target\":{\"@type\":\"EntryPoint\",\"urlTemplate\":\"https:\\\/\\\/repliquemangacine.fr\\\/?s={search_term_string}\"},\"query-input\":{\"@type\":\"PropertyValueSpecification\",\"valueRequired\":true,\"valueName\":\"search_term_string\"}}],\"inLanguage\":\"es\"},{\"@type\":\"Organization\",\"@id\":\"https:\\\/\\\/repliquemangacine.fr\\\/#organization\",\"name\":\"R\u00e9plique Manga Cin\u00e9\",\"url\":\"https:\\\/\\\/repliquemangacine.fr\\\/\",\"logo\":{\"@type\":\"ImageObject\",\"inLanguage\":\"es\",\"@id\":\"https:\\\/\\\/repliquemangacine.fr\\\/#\\\/schema\\\/logo\\\/image\\\/\",\"url\":\"https:\\\/\\\/repliquemangacine.fr\\\/wp-content\\\/uploads\\\/2023\\\/10\\\/RMC-500250.png\",\"contentUrl\":\"https:\\\/\\\/repliquemangacine.fr\\\/wp-content\\\/uploads\\\/2023\\\/10\\\/RMC-500250.png\",\"width\":500,\"height\":250,\"caption\":\"R\u00e9plique Manga Cin\u00e9\"},\"image\":{\"@id\":\"https:\\\/\\\/repliquemangacine.fr\\\/#\\\/schema\\\/logo\\\/image\\\/\"},\"sameAs\":[\"https:\\\/\\\/www.facebook.com\\\/RepliqueMangaCine\",\"https:\\\/\\\/www.instagram.com\\\/repliquemangacine.fr\\\/\"]}]}<\/script>\n<!-- \/ Yoast SEO plugin. -->","yoast_head_json":{"title":"Varita de Teseo Dragonneau - Fantastic Beasts - RMC","description":"Reg\u00e1lale esta Varita de Teseo Dragonneau de Fantastic Beasts al mejor precio. Toda de resina - N\u00facleo de metal. Caja de coleccionista - Longitud: 35 cm","robots":{"index":"index","follow":"follow","max-snippet":"max-snippet:-1","max-image-preview":"max-image-preview:large","max-video-preview":"max-video-preview:-1"},"canonical":"https:\/\/repliquemangacine.fr\/es\/animales-fantasticos\/baguette-thesee-dragonneau-bestias-fantasticas\/","og_locale":"es_ES","og_type":"article","og_title":"Baguette Th\u00e9s\u00e9e Dragonneau - Les Animaux Fantastiques - RMC","og_description":"Offrez-lui cette Baguette Th\u00e9s\u00e9e Dragonneau dans les Animaux Fantastiques au meilleur prix. Tout en r\u00e9sine - Noyau m\u00e9tal. Boite Collector - Longueur : 35 cm","og_url":"https:\/\/repliquemangacine.fr\/es\/animales-fantasticos\/baguette-thesee-dragonneau-bestias-fantasticas\/","og_site_name":"R\u00e9plique Manga Cin\u00e9","article_publisher":"https:\/\/www.facebook.com\/RepliqueMangaCine","article_modified_time":"2026-02-20T16:13:12+00:00","og_image":[{"width":600,"height":600,"url":"https:\/\/repliquemangacine.fr\/wp-content\/uploads\/2023\/10\/Baguette-theseus-scamander-replique.jpg","type":"image\/jpeg"}],"twitter_card":"summary_large_image","twitter_misc":{"Tiempo de lectura":"2 minutos"},"schema":{"@context":"https:\/\/schema.org","@graph":[{"@type":"WebPage","@id":"https:\/\/repliquemangacine.fr\/les-animaux-fantastiques\/baguette-thesee-dragonneau-fantastic-beasts\/","url":"https:\/\/repliquemangacine.fr\/les-animaux-fantastiques\/baguette-thesee-dragonneau-fantastic-beasts\/","name":"Varita de Teseo Dragonneau - Fantastic Beasts - RMC","isPartOf":{"@id":"https:\/\/repliquemangacine.fr\/#website"},"primaryImageOfPage":{"@id":"https:\/\/repliquemangacine.fr\/les-animaux-fantastiques\/baguette-thesee-dragonneau-fantastic-beasts\/#primaryimage"},"image":{"@id":"https:\/\/repliquemangacine.fr\/les-animaux-fantastiques\/baguette-thesee-dragonneau-fantastic-beasts\/#primaryimage"},"thumbnailUrl":"https:\/\/repliquemangacine.fr\/wp-content\/uploads\/2023\/10\/Baguette-theseus-scamander-replique.jpg","datePublished":"2022-04-28T12:38:01+00:00","dateModified":"2026-02-20T16:13:12+00:00","description":"Reg\u00e1lale esta Varita de Teseo Dragonneau de Fantastic Beasts al mejor precio. Toda de resina - N\u00facleo de metal. Caja de coleccionista - Longitud: 35 cm","breadcrumb":{"@id":"https:\/\/repliquemangacine.fr\/les-animaux-fantastiques\/baguette-thesee-dragonneau-fantastic-beasts\/#breadcrumb"},"inLanguage":"es","potentialAction":[{"@type":"ReadAction","target":["https:\/\/repliquemangacine.fr\/les-animaux-fantastiques\/baguette-thesee-dragonneau-fantastic-beasts\/"]}]},{"@type":"ImageObject","inLanguage":"es","@id":"https:\/\/repliquemangacine.fr\/les-animaux-fantastiques\/baguette-thesee-dragonneau-fantastic-beasts\/#primaryimage","url":"https:\/\/repliquemangacine.fr\/wp-content\/uploads\/2023\/10\/Baguette-theseus-scamander-replique.jpg","contentUrl":"https:\/\/repliquemangacine.fr\/wp-content\/uploads\/2023\/10\/Baguette-theseus-scamander-replique.jpg","width":600,"height":600,"caption":"Baguette magique Th\u00e9s\u00e9e Dragonneau"},{"@type":"BreadcrumbList","@id":"https:\/\/repliquemangacine.fr\/les-animaux-fantastiques\/baguette-thesee-dragonneau-fantastic-beasts\/#breadcrumb","itemListElement":[{"@type":"ListItem","position":1,"name":"Accueil","item":"https:\/\/repliquemangacine.fr\/"},{"@type":"ListItem","position":2,"name":"Produits","item":"https:\/\/repliquemangacine.fr\/boutique\/"},{"@type":"ListItem","position":3,"name":"Baguette Th\u00e9s\u00e9e Dragonneau"}]},{"@type":"WebSite","@id":"https:\/\/repliquemangacine.fr\/#website","url":"https:\/\/repliquemangacine.fr\/","name":"R\u00e9plique Manga Cin\u00e9","description":"","publisher":{"@id":"https:\/\/repliquemangacine.fr\/#organization"},"potentialAction":[{"@type":"SearchAction","target":{"@type":"EntryPoint","urlTemplate":"https:\/\/repliquemangacine.fr\/?s={search_term_string}"},"query-input":{"@type":"PropertyValueSpecification","valueRequired":true,"valueName":"search_term_string"}}],"inLanguage":"es"},{"@type":"Organization","@id":"https:\/\/repliquemangacine.fr\/#organization","name":"R\u00e9plique Manga Cin\u00e9","url":"https:\/\/repliquemangacine.fr\/","logo":{"@type":"ImageObject","inLanguage":"es","@id":"https:\/\/repliquemangacine.fr\/#\/schema\/logo\/image\/","url":"https:\/\/repliquemangacine.fr\/wp-content\/uploads\/2023\/10\/RMC-500250.png","contentUrl":"https:\/\/repliquemangacine.fr\/wp-content\/uploads\/2023\/10\/RMC-500250.png","width":500,"height":250,"caption":"R\u00e9plique Manga Cin\u00e9"},"image":{"@id":"https:\/\/repliquemangacine.fr\/#\/schema\/logo\/image\/"},"sameAs":["https:\/\/www.facebook.com\/RepliqueMangaCine","https:\/\/www.instagram.com\/repliquemangacine.fr\/"]}]}},"_links":{"self":[{"href":"https:\/\/repliquemangacine.fr\/es\/wp-json\/wp\/v2\/product\/50096","targetHints":{"allow":["GET"]}}],"collection":[{"href":"https:\/\/repliquemangacine.fr\/es\/wp-json\/wp\/v2\/product"}],"about":[{"href":"https:\/\/repliquemangacine.fr\/es\/wp-json\/wp\/v2\/types\/product"}],"wp:featuredmedia":[{"embeddable":true,"href":"https:\/\/repliquemangacine.fr\/es\/wp-json\/wp\/v2\/media\/50097"}],"wp:attachment":[{"href":"https:\/\/repliquemangacine.fr\/es\/wp-json\/wp\/v2\/media?parent=50096"}],"wp:term":[{"taxonomy":"product_brand","embeddable":true,"href":"https:\/\/repliquemangacine.fr\/es\/wp-json\/wp\/v2\/product_brand?post=50096"},{"taxonomy":"product_cat","embeddable":true,"href":"https:\/\/repliquemangacine.fr\/es\/wp-json\/wp\/v2\/product_cat?post=50096"},{"taxonomy":"product_tag","embeddable":true,"href":"https:\/\/repliquemangacine.fr\/es\/wp-json\/wp\/v2\/product_tag?post=50096"}],"curies":[{"name":"wp","href":"https:\/\/api.w.org\/{rel}","templated":true}]}}