





{"id":50034,"date":"2022-04-27T13:34:11","date_gmt":"2022-04-27T11:34:11","guid":{"rendered":"https:\/\/repliquemangacine.fr\/?post_type=product&#038;p=50034"},"modified":"2025-09-23T18:02:45","modified_gmt":"2025-09-23T16:02:45","slug":"animales-fantasticos-varita-grindelwald","status":"publish","type":"product","link":"https:\/\/repliquemangacine.fr\/es\/les-animaux-fantastiques\/baguette-grindelwald-les-animaux-fantastiques\/","title":{"rendered":"Varita de Grindelwald"},"content":{"rendered":"<h2>Varita de Gellert Grindelwald - Fantastic Beasts<\/h2>\n<p>Para empezar, el <strong>Varita de Gellert Grindelwald<\/strong>, es de resina, con un n\u00facleo de metal en el centro de la varita que le confiere una calidad excepcional.<\/p>\n<p>Principal antagonista de la historia. Es uno de los magos m\u00e1s conocidos de su \u00e9poca, pero tambi\u00e9n uno de los m\u00e1s peligrosos y poderosos.<\/p>\n<p>En la pel\u00edcula Animales fant\u00e1sticos, en 1926, Grindelwald siembra el terror en el mundo m\u00e1gico. El mago oscuro comete graves delitos y atentados en Europa que ponen en peligro el secreto m\u00e1gico. La Confederaci\u00f3n Internacional de Magos intenta detener a Grindelwald movilizando a <a href=\"https:\/\/harrypotter.fandom.com\/fr\/wiki\/Auror?so=search\" target=\"_blank\" rel=\"noopener noreferrer\">Aurores<\/a> a nivel internacional.<\/p>\n<p>En Los secretos de Dumbledore, Grindelwald est\u00e1 en su apogeo. Albus Dumbledore lo reencuentra para detener su ascenso...<\/p>\n<h2>Tu varita m\u00e1gica de Gellert Grindelwald barata.<\/h2>\n<p>Ofrecemos una amplia gama de varitas m\u00e1gicas de Fantastic Beasts.<\/p>\n<p>Lo primero es lo primero,<\/p>\n<ul>\n<li>La varita de Porpentina Goldstein, la hermana de Queenie en Fantastic Beasts.<\/li>\n<li>Pero tambi\u00e9n Queenie Goldstein en Animales fant\u00e1sticos.<\/li>\n<li>Y hay mucho m\u00e1s por descubrir.<\/li>\n<li>Descubra tambi\u00e9n todos nuestros <a href=\"https:\/\/repliquemangacine.fr\/es\/palillos-de-caracteres\/\">Varitas de personajes de Harry Potter<\/a><\/li>\n<\/ul>\n<p>Por eso, aqu\u00ed tienes una idea estupenda para regalar a todos los fans de Harry Potter.<\/p>\n<p>En conclusi\u00f3n, tambi\u00e9n puede utilizar este <strong>Varita de Gellert Grindelwald<\/strong> para tus cosplays o fiestas tem\u00e1ticas. Pero, ante todo, es una pieza de colecci\u00f3n y decoraci\u00f3n.<\/p>\n<p>R\u00e9plique Manga Cin\u00e9 es una empresa familiar francesa.<\/p>\n<h2>\u00bfC\u00f3mo se fabrican las varitas de los brujos?<\/h2>\n<p>Una varita m\u00e1gica es un objeto compuesto por dos elementos variables: una madera, que suele proceder de un \u00e1rbol, y lo que se conoce como el n\u00facleo de la varita, que puede proceder de diversas criaturas o plantas m\u00e1gicas. Es una herramienta utilizada por brujos y brujas para afinar sus hechizos y obtener mejores resultados cuando emplean la magia.<\/p>\n<p>Nuestros baguettes est\u00e1n fabricados en resina moldeada, con un n\u00facleo de metal en el centro que aporta a su <strong>Varita de Gellert Grindelwald<\/strong> una resistencia extraordinaria.<\/p>\n<p>Cabe destacar que la mayor\u00eda de los magos compran su varita a los once a\u00f1os, antes de comenzar su educaci\u00f3n m\u00e1gica. Los j\u00f3venes magos pueden ir a comprar su varita ellos mismos a una tienda especializada; los estudiantes brit\u00e1nicos suelen acudir a Ollivander.<\/p>\n<p>&nbsp;<\/p>\n<p>&nbsp;<\/p>","protected":false},"excerpt":{"rendered":"<p>La varita de Gellert Grindelwald inspirada en la saga Fantastic Beasts.<\/p>\n<ul>\n<li>Varilla de resina, imitaci\u00f3n de madera de sa\u00faco oscuro.<\/li>\n<li>Asa adornada con esferas.<\/li>\n<li>N\u00facleo met\u00e1lico.<\/li>\n<li>Caja de coleccionista con interior de terciopelo azul.<\/li>\n<li>Ficha de personaje.<\/li>\n<li>Longitud: 41,5 cm<\/li>\n<\/ul>\n<p>&nbsp;<\/p>","protected":false},"featured_media":50035,"template":"","meta":[],"product_brand":[896],"product_cat":[24,104,101],"product_tag":[],"class_list":{"0":"post-50034","1":"product","2":"type-product","3":"status-publish","4":"has-post-thumbnail","6":"product_brand-replique-manga-cine","7":"product_cat-films-series-tv-vente-de-katana-epee-et-produits-derives","8":"product_cat-les-animaux-fantastiques","9":"product_cat-soldes","11":"first","12":"instock","13":"sale","14":"taxable","15":"shipping-taxable","16":"purchasable","17":"product-type-simple"},"yoast_head":"<!-- This site is optimized with the Yoast SEO plugin v27.4 - https:\/\/yoast.com\/product\/yoast-seo-wordpress\/ -->\n<title>Baguette Grindelwald - Fantastic Beasts - R\u00e9plique Manga Cin\u00e9<\/title>\n<meta name=\"description\" content=\"D\u00e9couvrez cette baguette Gellert Grindelwald dans Les Animaux Fantastiques au meilleur prix - En r\u00e9sine - Noyau en m\u00e9tal - Longueur : 41.5 cm\" \/>\n<meta name=\"robots\" content=\"index, follow, max-snippet:-1, max-image-preview:large, max-video-preview:-1\" \/>\n<link rel=\"canonical\" href=\"https:\/\/repliquemangacine.fr\/es\/animales-fantasticos\/animales-fantasticos-varita-grindelwald\/\" \/>\n<meta property=\"og:locale\" content=\"es_ES\" \/>\n<meta property=\"og:type\" content=\"article\" \/>\n<meta property=\"og:title\" content=\"Baguette Grindelwald - Fantastic Beasts - R\u00e9plique Manga Cin\u00e9\" \/>\n<meta property=\"og:description\" content=\"D\u00e9couvrez cette baguette Gellert Grindelwald dans Les Animaux Fantastiques au meilleur prix - En r\u00e9sine - Noyau en m\u00e9tal - Longueur : 41.5 cm\" \/>\n<meta property=\"og:url\" content=\"https:\/\/repliquemangacine.fr\/es\/animales-fantasticos\/animales-fantasticos-varita-grindelwald\/\" \/>\n<meta property=\"og:site_name\" content=\"R\u00e9plique Manga Cin\u00e9\" \/>\n<meta property=\"article:publisher\" content=\"https:\/\/www.facebook.com\/RepliqueMangaCine\" \/>\n<meta property=\"article:modified_time\" content=\"2025-09-23T16:02:45+00:00\" \/>\n<meta property=\"og:image\" content=\"https:\/\/repliquemangacine.fr\/wp-content\/uploads\/2023\/10\/Baguette-Grindewald-Les-Animaux-Fantastiques.jpg\" \/>\n\t<meta property=\"og:image:width\" content=\"600\" \/>\n\t<meta property=\"og:image:height\" content=\"600\" \/>\n\t<meta property=\"og:image:type\" content=\"image\/jpeg\" \/>\n<meta name=\"twitter:card\" content=\"summary_large_image\" \/>\n<meta name=\"twitter:label1\" content=\"Tiempo de lectura\" \/>\n\t<meta name=\"twitter:data1\" content=\"2 minutos\" \/>\n<script type=\"application\/ld+json\" class=\"yoast-schema-graph\">{\"@context\":\"https:\\\/\\\/schema.org\",\"@graph\":[{\"@type\":\"WebPage\",\"@id\":\"https:\\\/\\\/repliquemangacine.fr\\\/les-animaux-fantastiques\\\/baguette-grindelwald-les-animaux-fantastiques\\\/\",\"url\":\"https:\\\/\\\/repliquemangacine.fr\\\/les-animaux-fantastiques\\\/baguette-grindelwald-les-animaux-fantastiques\\\/\",\"name\":\"Baguette Grindelwald - Fantastic Beasts - R\u00e9plique Manga Cin\u00e9\",\"isPartOf\":{\"@id\":\"https:\\\/\\\/repliquemangacine.fr\\\/#website\"},\"primaryImageOfPage\":{\"@id\":\"https:\\\/\\\/repliquemangacine.fr\\\/les-animaux-fantastiques\\\/baguette-grindelwald-les-animaux-fantastiques\\\/#primaryimage\"},\"image\":{\"@id\":\"https:\\\/\\\/repliquemangacine.fr\\\/les-animaux-fantastiques\\\/baguette-grindelwald-les-animaux-fantastiques\\\/#primaryimage\"},\"thumbnailUrl\":\"https:\\\/\\\/repliquemangacine.fr\\\/wp-content\\\/uploads\\\/2023\\\/10\\\/Baguette-Grindewald-Les-Animaux-Fantastiques.jpg\",\"datePublished\":\"2022-04-27T11:34:11+00:00\",\"dateModified\":\"2025-09-23T16:02:45+00:00\",\"description\":\"D\u00e9couvrez cette baguette Gellert Grindelwald dans Les Animaux Fantastiques au meilleur prix - En r\u00e9sine - Noyau en m\u00e9tal - Longueur : 41.5 cm\",\"breadcrumb\":{\"@id\":\"https:\\\/\\\/repliquemangacine.fr\\\/les-animaux-fantastiques\\\/baguette-grindelwald-les-animaux-fantastiques\\\/#breadcrumb\"},\"inLanguage\":\"es\",\"potentialAction\":[{\"@type\":\"ReadAction\",\"target\":[\"https:\\\/\\\/repliquemangacine.fr\\\/les-animaux-fantastiques\\\/baguette-grindelwald-les-animaux-fantastiques\\\/\"]}]},{\"@type\":\"ImageObject\",\"inLanguage\":\"es\",\"@id\":\"https:\\\/\\\/repliquemangacine.fr\\\/les-animaux-fantastiques\\\/baguette-grindelwald-les-animaux-fantastiques\\\/#primaryimage\",\"url\":\"https:\\\/\\\/repliquemangacine.fr\\\/wp-content\\\/uploads\\\/2023\\\/10\\\/Baguette-Grindewald-Les-Animaux-Fantastiques.jpg\",\"contentUrl\":\"https:\\\/\\\/repliquemangacine.fr\\\/wp-content\\\/uploads\\\/2023\\\/10\\\/Baguette-Grindewald-Les-Animaux-Fantastiques.jpg\",\"width\":600,\"height\":600,\"caption\":\"fantastic beasts r\u00e9plique baguette de Gellert Grindelwald\"},{\"@type\":\"BreadcrumbList\",\"@id\":\"https:\\\/\\\/repliquemangacine.fr\\\/les-animaux-fantastiques\\\/baguette-grindelwald-les-animaux-fantastiques\\\/#breadcrumb\",\"itemListElement\":[{\"@type\":\"ListItem\",\"position\":1,\"name\":\"Accueil\",\"item\":\"https:\\\/\\\/repliquemangacine.fr\\\/\"},{\"@type\":\"ListItem\",\"position\":2,\"name\":\"Produits\",\"item\":\"https:\\\/\\\/repliquemangacine.fr\\\/boutique\\\/\"},{\"@type\":\"ListItem\",\"position\":3,\"name\":\"Baguette Grindelwald\"}]},{\"@type\":\"WebSite\",\"@id\":\"https:\\\/\\\/repliquemangacine.fr\\\/#website\",\"url\":\"https:\\\/\\\/repliquemangacine.fr\\\/\",\"name\":\"R\u00e9plique Manga Cin\u00e9\",\"description\":\"\",\"publisher\":{\"@id\":\"https:\\\/\\\/repliquemangacine.fr\\\/#organization\"},\"potentialAction\":[{\"@type\":\"SearchAction\",\"target\":{\"@type\":\"EntryPoint\",\"urlTemplate\":\"https:\\\/\\\/repliquemangacine.fr\\\/?s={search_term_string}\"},\"query-input\":{\"@type\":\"PropertyValueSpecification\",\"valueRequired\":true,\"valueName\":\"search_term_string\"}}],\"inLanguage\":\"es\"},{\"@type\":\"Organization\",\"@id\":\"https:\\\/\\\/repliquemangacine.fr\\\/#organization\",\"name\":\"R\u00e9plique Manga Cin\u00e9\",\"url\":\"https:\\\/\\\/repliquemangacine.fr\\\/\",\"logo\":{\"@type\":\"ImageObject\",\"inLanguage\":\"es\",\"@id\":\"https:\\\/\\\/repliquemangacine.fr\\\/#\\\/schema\\\/logo\\\/image\\\/\",\"url\":\"https:\\\/\\\/repliquemangacine.fr\\\/wp-content\\\/uploads\\\/2023\\\/10\\\/RMC-500250.png\",\"contentUrl\":\"https:\\\/\\\/repliquemangacine.fr\\\/wp-content\\\/uploads\\\/2023\\\/10\\\/RMC-500250.png\",\"width\":500,\"height\":250,\"caption\":\"R\u00e9plique Manga Cin\u00e9\"},\"image\":{\"@id\":\"https:\\\/\\\/repliquemangacine.fr\\\/#\\\/schema\\\/logo\\\/image\\\/\"},\"sameAs\":[\"https:\\\/\\\/www.facebook.com\\\/RepliqueMangaCine\",\"https:\\\/\\\/www.instagram.com\\\/repliquemangacine.fr\\\/\"]}]}<\/script>\n<!-- \/ Yoast SEO plugin. -->","yoast_head_json":{"title":"Varita de Grindelwald - Fantastic Beasts - R\u00e9plique Manga Cin\u00e9","description":"Descubra esta varita de Gellert Grindelwald en Fantastic Beasts al mejor precio - Resina - N\u00facleo de metal - Longitud: 41,5 cm","robots":{"index":"index","follow":"follow","max-snippet":"max-snippet:-1","max-image-preview":"max-image-preview:large","max-video-preview":"max-video-preview:-1"},"canonical":"https:\/\/repliquemangacine.fr\/es\/animales-fantasticos\/animales-fantasticos-varita-grindelwald\/","og_locale":"es_ES","og_type":"article","og_title":"Baguette Grindelwald - Fantastic Beasts - R\u00e9plique Manga Cin\u00e9","og_description":"D\u00e9couvrez cette baguette Gellert Grindelwald dans Les Animaux Fantastiques au meilleur prix - En r\u00e9sine - Noyau en m\u00e9tal - Longueur : 41.5 cm","og_url":"https:\/\/repliquemangacine.fr\/es\/animales-fantasticos\/animales-fantasticos-varita-grindelwald\/","og_site_name":"R\u00e9plique Manga Cin\u00e9","article_publisher":"https:\/\/www.facebook.com\/RepliqueMangaCine","article_modified_time":"2025-09-23T16:02:45+00:00","og_image":[{"width":600,"height":600,"url":"https:\/\/repliquemangacine.fr\/wp-content\/uploads\/2023\/10\/Baguette-Grindewald-Les-Animaux-Fantastiques.jpg","type":"image\/jpeg"}],"twitter_card":"summary_large_image","twitter_misc":{"Tiempo de lectura":"2 minutos"},"schema":{"@context":"https:\/\/schema.org","@graph":[{"@type":"WebPage","@id":"https:\/\/repliquemangacine.fr\/les-animaux-fantastiques\/baguette-grindelwald-les-animaux-fantastiques\/","url":"https:\/\/repliquemangacine.fr\/les-animaux-fantastiques\/baguette-grindelwald-les-animaux-fantastiques\/","name":"Varita de Grindelwald - Fantastic Beasts - R\u00e9plique Manga Cin\u00e9","isPartOf":{"@id":"https:\/\/repliquemangacine.fr\/#website"},"primaryImageOfPage":{"@id":"https:\/\/repliquemangacine.fr\/les-animaux-fantastiques\/baguette-grindelwald-les-animaux-fantastiques\/#primaryimage"},"image":{"@id":"https:\/\/repliquemangacine.fr\/les-animaux-fantastiques\/baguette-grindelwald-les-animaux-fantastiques\/#primaryimage"},"thumbnailUrl":"https:\/\/repliquemangacine.fr\/wp-content\/uploads\/2023\/10\/Baguette-Grindewald-Les-Animaux-Fantastiques.jpg","datePublished":"2022-04-27T11:34:11+00:00","dateModified":"2025-09-23T16:02:45+00:00","description":"Descubra esta varita de Gellert Grindelwald en Fantastic Beasts al mejor precio - Resina - N\u00facleo de metal - Longitud: 41,5 cm","breadcrumb":{"@id":"https:\/\/repliquemangacine.fr\/les-animaux-fantastiques\/baguette-grindelwald-les-animaux-fantastiques\/#breadcrumb"},"inLanguage":"es","potentialAction":[{"@type":"ReadAction","target":["https:\/\/repliquemangacine.fr\/les-animaux-fantastiques\/baguette-grindelwald-les-animaux-fantastiques\/"]}]},{"@type":"ImageObject","inLanguage":"es","@id":"https:\/\/repliquemangacine.fr\/les-animaux-fantastiques\/baguette-grindelwald-les-animaux-fantastiques\/#primaryimage","url":"https:\/\/repliquemangacine.fr\/wp-content\/uploads\/2023\/10\/Baguette-Grindewald-Les-Animaux-Fantastiques.jpg","contentUrl":"https:\/\/repliquemangacine.fr\/wp-content\/uploads\/2023\/10\/Baguette-Grindewald-Les-Animaux-Fantastiques.jpg","width":600,"height":600,"caption":"fantastic beasts r\u00e9plique baguette de Gellert Grindelwald"},{"@type":"BreadcrumbList","@id":"https:\/\/repliquemangacine.fr\/les-animaux-fantastiques\/baguette-grindelwald-les-animaux-fantastiques\/#breadcrumb","itemListElement":[{"@type":"ListItem","position":1,"name":"Accueil","item":"https:\/\/repliquemangacine.fr\/"},{"@type":"ListItem","position":2,"name":"Produits","item":"https:\/\/repliquemangacine.fr\/boutique\/"},{"@type":"ListItem","position":3,"name":"Baguette Grindelwald"}]},{"@type":"WebSite","@id":"https:\/\/repliquemangacine.fr\/#website","url":"https:\/\/repliquemangacine.fr\/","name":"R\u00e9plique Manga Cin\u00e9","description":"","publisher":{"@id":"https:\/\/repliquemangacine.fr\/#organization"},"potentialAction":[{"@type":"SearchAction","target":{"@type":"EntryPoint","urlTemplate":"https:\/\/repliquemangacine.fr\/?s={search_term_string}"},"query-input":{"@type":"PropertyValueSpecification","valueRequired":true,"valueName":"search_term_string"}}],"inLanguage":"es"},{"@type":"Organization","@id":"https:\/\/repliquemangacine.fr\/#organization","name":"R\u00e9plique Manga Cin\u00e9","url":"https:\/\/repliquemangacine.fr\/","logo":{"@type":"ImageObject","inLanguage":"es","@id":"https:\/\/repliquemangacine.fr\/#\/schema\/logo\/image\/","url":"https:\/\/repliquemangacine.fr\/wp-content\/uploads\/2023\/10\/RMC-500250.png","contentUrl":"https:\/\/repliquemangacine.fr\/wp-content\/uploads\/2023\/10\/RMC-500250.png","width":500,"height":250,"caption":"R\u00e9plique Manga Cin\u00e9"},"image":{"@id":"https:\/\/repliquemangacine.fr\/#\/schema\/logo\/image\/"},"sameAs":["https:\/\/www.facebook.com\/RepliqueMangaCine","https:\/\/www.instagram.com\/repliquemangacine.fr\/"]}]}},"_links":{"self":[{"href":"https:\/\/repliquemangacine.fr\/es\/wp-json\/wp\/v2\/product\/50034","targetHints":{"allow":["GET"]}}],"collection":[{"href":"https:\/\/repliquemangacine.fr\/es\/wp-json\/wp\/v2\/product"}],"about":[{"href":"https:\/\/repliquemangacine.fr\/es\/wp-json\/wp\/v2\/types\/product"}],"wp:featuredmedia":[{"embeddable":true,"href":"https:\/\/repliquemangacine.fr\/es\/wp-json\/wp\/v2\/media\/50035"}],"wp:attachment":[{"href":"https:\/\/repliquemangacine.fr\/es\/wp-json\/wp\/v2\/media?parent=50034"}],"wp:term":[{"taxonomy":"product_brand","embeddable":true,"href":"https:\/\/repliquemangacine.fr\/es\/wp-json\/wp\/v2\/product_brand?post=50034"},{"taxonomy":"product_cat","embeddable":true,"href":"https:\/\/repliquemangacine.fr\/es\/wp-json\/wp\/v2\/product_cat?post=50034"},{"taxonomy":"product_tag","embeddable":true,"href":"https:\/\/repliquemangacine.fr\/es\/wp-json\/wp\/v2\/product_tag?post=50034"}],"curies":[{"name":"wp","href":"https:\/\/api.w.org\/{rel}","templated":true}]}}