





{"id":49992,"date":"2022-04-26T14:19:57","date_gmt":"2022-04-26T12:19:57","guid":{"rendered":"https:\/\/repliquemangacine.fr\/?post_type=product&#038;p=49992"},"modified":"2025-11-10T14:48:06","modified_gmt":"2025-11-10T13:48:06","slug":"varita-de-gellert-grindelwald-nucleo-metalico","status":"publish","type":"product","link":"https:\/\/repliquemangacine.fr\/es\/baguettes-personnages-harry-potter\/baguette-de-gellert-grindelwald-noyau-metal\/","title":{"rendered":"Varita de Grindelwald"},"content":{"rendered":"<h2>Varita de Grindelwald N\u00facleo met\u00e1lico de Gellert<\/h2>\n<p>Para empezar, el <strong>La varita de Grindelwald Gellert<\/strong> Es de resina, con un n\u00facleo met\u00e1lico en el centro de la varita, lo que le confiere una gran calidad.<\/p>\n<p>Como todos los magos de la saga Harry Potter, \u00a1Grindelwald tiene su propia varita! Esta tiene la capacidad de lanzar hechizos, como el hechizo Doloris, que provoca un dolor extremo a quien lo sufre.<\/p>\n<p>Gellert Grindelwald es uno de los magos m\u00e1s famosos de su \u00e9poca. Tambi\u00e9n es uno de los m\u00e1s peligrosos y poderosos.<\/p>\n<p>\u00c9l utiliza la <a href=\"https:\/\/harrypotter.fandom.com\/fr\/wiki\/Baguette_de_Sureau\" target=\"_blank\" rel=\"noopener noreferrer\">Varita de sa\u00faco<\/a> para ganar poder. La popularidad de Grindelwald eclips\u00f3 el significado original del s\u00edmbolo de las Reliquias de la Muerte, que muchos magos llegaron a considerar m\u00e1s tarde como la marca de Grindelwald.<\/p>\n<h2>Tu Varita Gellert de Grindelwald al mejor precio.<\/h2>\n<p>Ofrecemos una amplia gama de varitas Ollivander de Harry Potter.<\/p>\n<p>Lo primero y m\u00e1s importante,<\/p>\n<ul>\n<li style=\"list-style-type: none;\">\n<ul>\n<li>La varita de Albus<a href=\"https:\/\/repliquemangacine.fr\/es\/palillos-de-caracteres\/varita-de-albus-dumbledore-nucleo-de-metal-de-alta-calidad\/\"> Dumbledore<\/a> en imitaci\u00f3n de madera de sa\u00faco oscuro<\/li>\n<li>Y la varita de Harry<a href=\"https:\/\/repliquemangacine.fr\/es\/palillos-de-caracteres\/varita-de-harry-potter-nucleo-de-metal-de-alta-calidad\/\"> Potter<\/a> \u00a1en persona!<\/li>\n<li>Y muchos m\u00e1s por descubrir en nuestra tienda en l\u00ednea.<\/li>\n<\/ul>\n<\/li>\n<\/ul>\n<p>Por eso, aqu\u00ed tienes una idea estupenda para regalar a todos los fans de Harry Potter.<\/p>\n<p>En conclusi\u00f3n, tambi\u00e9n puede utilizar este <strong>La varita de Grindelwald Gellert<\/strong> para tus cosplays o fiestas tem\u00e1ticas. Pero, ante todo, es una pieza de colecci\u00f3n y decoraci\u00f3n.<\/p>\n<p>R\u00e9plique Manga Cin\u00e9 es una empresa familiar francesa.<\/p>\n<h2>\u00bfC\u00f3mo se fabrican las varitas de los brujos?<\/h2>\n<p>Una varita m\u00e1gica es un objeto compuesto por dos elementos variables: una madera, que suele proceder de un \u00e1rbol, y lo que se conoce como el n\u00facleo de la varita, que puede provenir de diversas criaturas o plantas m\u00e1gicas. Es una herramienta utilizada por brujos y brujas para afinar sus hechizos y obtener mejores resultados cuando emplean la magia.<\/p>\n<p>Nuestros baguettes est\u00e1n fabricados en resina moldeada, con un n\u00facleo de metal en el centro que aporta a su <strong>Varita de Grindelwald Gellert<\/strong> una resistencia extraordinaria.<\/p>\n<p>La mayor\u00eda de los magos compran su varita a los once a\u00f1os, antes de comenzar su educaci\u00f3n m\u00e1gica. Los j\u00f3venes magos pueden ir a comprar su varita ellos mismos a una tienda especializada; los estudiantes brit\u00e1nicos suelen acudir a Ollivander.<\/p>","protected":false},"excerpt":{"rendered":"<p>R\u00e9plica no oficial de la varita de Gellert Grindelwald, inspirada en la saga Harry Potter.<\/p>\n<ul>\n<li>Varilla de resina que imita una madera, con aspecto de rama retorcida y espinosa.<\/li>\n<li>N\u00facleo met\u00e1lico.<\/li>\n<li>Se entrega en una caja de coleccionista con forro de terciopelo.<\/li>\n<li>Ficha de personaje.<\/li>\n<li>Longitud total: 38 cm - Peso: 76 Grs<\/li>\n<\/ul>\n<p>&nbsp;<\/p>","protected":false},"featured_media":49993,"template":"","meta":[],"product_brand":[896],"product_cat":[80,24,41,101],"product_tag":[],"class_list":{"0":"post-49992","1":"product","2":"type-product","3":"status-publish","4":"has-post-thumbnail","6":"product_brand-replique-manga-cine","7":"product_cat-baguettes-personnages-harry-potter","8":"product_cat-films-series-tv-vente-de-katana-epee-et-produits-derives","9":"product_cat-baguettes-et-goodies-harry-potter","10":"product_cat-soldes","12":"first","13":"instock","14":"sale","15":"taxable","16":"shipping-taxable","17":"purchasable","18":"product-type-simple"},"yoast_head":"<!-- This site is optimized with the Yoast SEO plugin v27.4 - https:\/\/yoast.com\/product\/yoast-seo-wordpress\/ -->\n<title>Baguette Grindelwald Gellert - Harry Potter | R\u00e9plique Manga Cin\u00e9<\/title>\n<meta name=\"description\" content=\"Offrez-lui la Baguette de Grindelwald Gellert dans Harry Potter au meilleur prix. Noyau central en m\u00e9tal - Recouverte de r\u00e9sine - Longueur : 38 cm\" \/>\n<meta name=\"robots\" content=\"index, follow, max-snippet:-1, max-image-preview:large, max-video-preview:-1\" \/>\n<link rel=\"canonical\" href=\"https:\/\/repliquemangacine.fr\/es\/saldos\/varita-de-gellert-grindelwald-nucleo-metalico\/\" \/>\n<meta property=\"og:locale\" content=\"es_ES\" \/>\n<meta property=\"og:type\" content=\"article\" \/>\n<meta property=\"og:title\" content=\"Baguette Grindelwald Gellert - Harry Potter | R\u00e9plique Manga Cin\u00e9\" \/>\n<meta property=\"og:description\" content=\"Offrez-lui la Baguette de Grindelwald Gellert dans Harry Potter au meilleur prix. Noyau central en m\u00e9tal - Recouverte de r\u00e9sine - Longueur : 38 cm\" \/>\n<meta property=\"og:url\" content=\"https:\/\/repliquemangacine.fr\/es\/saldos\/varita-de-gellert-grindelwald-nucleo-metalico\/\" \/>\n<meta property=\"og:site_name\" content=\"R\u00e9plique Manga Cin\u00e9\" \/>\n<meta property=\"article:publisher\" content=\"https:\/\/www.facebook.com\/RepliqueMangaCine\" \/>\n<meta property=\"article:modified_time\" content=\"2025-11-10T13:48:06+00:00\" \/>\n<meta property=\"og:image\" content=\"https:\/\/repliquemangacine.fr\/wp-content\/uploads\/2023\/10\/baguette-grindelward-4.jpg\" \/>\n\t<meta property=\"og:image:width\" content=\"600\" \/>\n\t<meta property=\"og:image:height\" content=\"600\" \/>\n\t<meta property=\"og:image:type\" content=\"image\/jpeg\" \/>\n<meta name=\"twitter:card\" content=\"summary_large_image\" \/>\n<meta name=\"twitter:label1\" content=\"Tiempo de lectura\" \/>\n\t<meta name=\"twitter:data1\" content=\"2 minutos\" \/>\n<script type=\"application\/ld+json\" class=\"yoast-schema-graph\">{\"@context\":\"https:\\\/\\\/schema.org\",\"@graph\":[{\"@type\":\"WebPage\",\"@id\":\"https:\\\/\\\/repliquemangacine.fr\\\/soldes\\\/baguette-de-gellert-grindelwald-noyau-metal\\\/\",\"url\":\"https:\\\/\\\/repliquemangacine.fr\\\/soldes\\\/baguette-de-gellert-grindelwald-noyau-metal\\\/\",\"name\":\"Baguette Grindelwald Gellert - Harry Potter | R\u00e9plique Manga Cin\u00e9\",\"isPartOf\":{\"@id\":\"https:\\\/\\\/repliquemangacine.fr\\\/#website\"},\"primaryImageOfPage\":{\"@id\":\"https:\\\/\\\/repliquemangacine.fr\\\/soldes\\\/baguette-de-gellert-grindelwald-noyau-metal\\\/#primaryimage\"},\"image\":{\"@id\":\"https:\\\/\\\/repliquemangacine.fr\\\/soldes\\\/baguette-de-gellert-grindelwald-noyau-metal\\\/#primaryimage\"},\"thumbnailUrl\":\"https:\\\/\\\/repliquemangacine.fr\\\/wp-content\\\/uploads\\\/2023\\\/10\\\/baguette-grindelward-4.jpg\",\"datePublished\":\"2022-04-26T12:19:57+00:00\",\"dateModified\":\"2025-11-10T13:48:06+00:00\",\"description\":\"Offrez-lui la Baguette de Grindelwald Gellert dans Harry Potter au meilleur prix. Noyau central en m\u00e9tal - Recouverte de r\u00e9sine - Longueur : 38 cm\",\"breadcrumb\":{\"@id\":\"https:\\\/\\\/repliquemangacine.fr\\\/soldes\\\/baguette-de-gellert-grindelwald-noyau-metal\\\/#breadcrumb\"},\"inLanguage\":\"es\",\"potentialAction\":[{\"@type\":\"ReadAction\",\"target\":[\"https:\\\/\\\/repliquemangacine.fr\\\/soldes\\\/baguette-de-gellert-grindelwald-noyau-metal\\\/\"]}]},{\"@type\":\"ImageObject\",\"inLanguage\":\"es\",\"@id\":\"https:\\\/\\\/repliquemangacine.fr\\\/soldes\\\/baguette-de-gellert-grindelwald-noyau-metal\\\/#primaryimage\",\"url\":\"https:\\\/\\\/repliquemangacine.fr\\\/wp-content\\\/uploads\\\/2023\\\/10\\\/baguette-grindelward-4.jpg\",\"contentUrl\":\"https:\\\/\\\/repliquemangacine.fr\\\/wp-content\\\/uploads\\\/2023\\\/10\\\/baguette-grindelward-4.jpg\",\"width\":600,\"height\":600,\"caption\":\"Baguette de Grindelwald Gellert Harry Potter\"},{\"@type\":\"BreadcrumbList\",\"@id\":\"https:\\\/\\\/repliquemangacine.fr\\\/soldes\\\/baguette-de-gellert-grindelwald-noyau-metal\\\/#breadcrumb\",\"itemListElement\":[{\"@type\":\"ListItem\",\"position\":1,\"name\":\"Accueil\",\"item\":\"https:\\\/\\\/repliquemangacine.fr\\\/\"},{\"@type\":\"ListItem\",\"position\":2,\"name\":\"Produits\",\"item\":\"https:\\\/\\\/repliquemangacine.fr\\\/boutique\\\/\"},{\"@type\":\"ListItem\",\"position\":3,\"name\":\"Baguette Grindelwald\"}]},{\"@type\":\"WebSite\",\"@id\":\"https:\\\/\\\/repliquemangacine.fr\\\/#website\",\"url\":\"https:\\\/\\\/repliquemangacine.fr\\\/\",\"name\":\"R\u00e9plique Manga Cin\u00e9\",\"description\":\"\",\"publisher\":{\"@id\":\"https:\\\/\\\/repliquemangacine.fr\\\/#organization\"},\"potentialAction\":[{\"@type\":\"SearchAction\",\"target\":{\"@type\":\"EntryPoint\",\"urlTemplate\":\"https:\\\/\\\/repliquemangacine.fr\\\/?s={search_term_string}\"},\"query-input\":{\"@type\":\"PropertyValueSpecification\",\"valueRequired\":true,\"valueName\":\"search_term_string\"}}],\"inLanguage\":\"es\"},{\"@type\":\"Organization\",\"@id\":\"https:\\\/\\\/repliquemangacine.fr\\\/#organization\",\"name\":\"R\u00e9plique Manga Cin\u00e9\",\"url\":\"https:\\\/\\\/repliquemangacine.fr\\\/\",\"logo\":{\"@type\":\"ImageObject\",\"inLanguage\":\"es\",\"@id\":\"https:\\\/\\\/repliquemangacine.fr\\\/#\\\/schema\\\/logo\\\/image\\\/\",\"url\":\"https:\\\/\\\/repliquemangacine.fr\\\/wp-content\\\/uploads\\\/2023\\\/10\\\/RMC-500250.png\",\"contentUrl\":\"https:\\\/\\\/repliquemangacine.fr\\\/wp-content\\\/uploads\\\/2023\\\/10\\\/RMC-500250.png\",\"width\":500,\"height\":250,\"caption\":\"R\u00e9plique Manga Cin\u00e9\"},\"image\":{\"@id\":\"https:\\\/\\\/repliquemangacine.fr\\\/#\\\/schema\\\/logo\\\/image\\\/\"},\"sameAs\":[\"https:\\\/\\\/www.facebook.com\\\/RepliqueMangaCine\",\"https:\\\/\\\/www.instagram.com\\\/repliquemangacine.fr\\\/\"]}]}<\/script>\n<!-- \/ Yoast SEO plugin. -->","yoast_head_json":{"title":"Varita de Grindelwald Gellert - Harry Potter | R\u00e9plique Manga Cin\u00e9","description":"Reg\u00e1lale la Varita de Gellert de Grindelwald de Harry Potter al mejor precio. N\u00facleo central de metal - Recubierta de resina - Longitud: 38 cm","robots":{"index":"index","follow":"follow","max-snippet":"max-snippet:-1","max-image-preview":"max-image-preview:large","max-video-preview":"max-video-preview:-1"},"canonical":"https:\/\/repliquemangacine.fr\/es\/saldos\/varita-de-gellert-grindelwald-nucleo-metalico\/","og_locale":"es_ES","og_type":"article","og_title":"Baguette Grindelwald Gellert - Harry Potter | R\u00e9plique Manga Cin\u00e9","og_description":"Offrez-lui la Baguette de Grindelwald Gellert dans Harry Potter au meilleur prix. Noyau central en m\u00e9tal - Recouverte de r\u00e9sine - Longueur : 38 cm","og_url":"https:\/\/repliquemangacine.fr\/es\/saldos\/varita-de-gellert-grindelwald-nucleo-metalico\/","og_site_name":"R\u00e9plique Manga Cin\u00e9","article_publisher":"https:\/\/www.facebook.com\/RepliqueMangaCine","article_modified_time":"2025-11-10T13:48:06+00:00","og_image":[{"width":600,"height":600,"url":"https:\/\/repliquemangacine.fr\/wp-content\/uploads\/2023\/10\/baguette-grindelward-4.jpg","type":"image\/jpeg"}],"twitter_card":"summary_large_image","twitter_misc":{"Tiempo de lectura":"2 minutos"},"schema":{"@context":"https:\/\/schema.org","@graph":[{"@type":"WebPage","@id":"https:\/\/repliquemangacine.fr\/soldes\/baguette-de-gellert-grindelwald-noyau-metal\/","url":"https:\/\/repliquemangacine.fr\/soldes\/baguette-de-gellert-grindelwald-noyau-metal\/","name":"Varita de Grindelwald Gellert - Harry Potter | R\u00e9plique Manga Cin\u00e9","isPartOf":{"@id":"https:\/\/repliquemangacine.fr\/#website"},"primaryImageOfPage":{"@id":"https:\/\/repliquemangacine.fr\/soldes\/baguette-de-gellert-grindelwald-noyau-metal\/#primaryimage"},"image":{"@id":"https:\/\/repliquemangacine.fr\/soldes\/baguette-de-gellert-grindelwald-noyau-metal\/#primaryimage"},"thumbnailUrl":"https:\/\/repliquemangacine.fr\/wp-content\/uploads\/2023\/10\/baguette-grindelward-4.jpg","datePublished":"2022-04-26T12:19:57+00:00","dateModified":"2025-11-10T13:48:06+00:00","description":"Reg\u00e1lale la Varita de Gellert de Grindelwald de Harry Potter al mejor precio. N\u00facleo central de metal - Recubierta de resina - Longitud: 38 cm","breadcrumb":{"@id":"https:\/\/repliquemangacine.fr\/soldes\/baguette-de-gellert-grindelwald-noyau-metal\/#breadcrumb"},"inLanguage":"es","potentialAction":[{"@type":"ReadAction","target":["https:\/\/repliquemangacine.fr\/soldes\/baguette-de-gellert-grindelwald-noyau-metal\/"]}]},{"@type":"ImageObject","inLanguage":"es","@id":"https:\/\/repliquemangacine.fr\/soldes\/baguette-de-gellert-grindelwald-noyau-metal\/#primaryimage","url":"https:\/\/repliquemangacine.fr\/wp-content\/uploads\/2023\/10\/baguette-grindelward-4.jpg","contentUrl":"https:\/\/repliquemangacine.fr\/wp-content\/uploads\/2023\/10\/baguette-grindelward-4.jpg","width":600,"height":600,"caption":"Baguette de Grindelwald Gellert Harry Potter"},{"@type":"BreadcrumbList","@id":"https:\/\/repliquemangacine.fr\/soldes\/baguette-de-gellert-grindelwald-noyau-metal\/#breadcrumb","itemListElement":[{"@type":"ListItem","position":1,"name":"Accueil","item":"https:\/\/repliquemangacine.fr\/"},{"@type":"ListItem","position":2,"name":"Produits","item":"https:\/\/repliquemangacine.fr\/boutique\/"},{"@type":"ListItem","position":3,"name":"Baguette Grindelwald"}]},{"@type":"WebSite","@id":"https:\/\/repliquemangacine.fr\/#website","url":"https:\/\/repliquemangacine.fr\/","name":"R\u00e9plique Manga Cin\u00e9","description":"","publisher":{"@id":"https:\/\/repliquemangacine.fr\/#organization"},"potentialAction":[{"@type":"SearchAction","target":{"@type":"EntryPoint","urlTemplate":"https:\/\/repliquemangacine.fr\/?s={search_term_string}"},"query-input":{"@type":"PropertyValueSpecification","valueRequired":true,"valueName":"search_term_string"}}],"inLanguage":"es"},{"@type":"Organization","@id":"https:\/\/repliquemangacine.fr\/#organization","name":"R\u00e9plique Manga Cin\u00e9","url":"https:\/\/repliquemangacine.fr\/","logo":{"@type":"ImageObject","inLanguage":"es","@id":"https:\/\/repliquemangacine.fr\/#\/schema\/logo\/image\/","url":"https:\/\/repliquemangacine.fr\/wp-content\/uploads\/2023\/10\/RMC-500250.png","contentUrl":"https:\/\/repliquemangacine.fr\/wp-content\/uploads\/2023\/10\/RMC-500250.png","width":500,"height":250,"caption":"R\u00e9plique Manga Cin\u00e9"},"image":{"@id":"https:\/\/repliquemangacine.fr\/#\/schema\/logo\/image\/"},"sameAs":["https:\/\/www.facebook.com\/RepliqueMangaCine","https:\/\/www.instagram.com\/repliquemangacine.fr\/"]}]}},"_links":{"self":[{"href":"https:\/\/repliquemangacine.fr\/es\/wp-json\/wp\/v2\/product\/49992","targetHints":{"allow":["GET"]}}],"collection":[{"href":"https:\/\/repliquemangacine.fr\/es\/wp-json\/wp\/v2\/product"}],"about":[{"href":"https:\/\/repliquemangacine.fr\/es\/wp-json\/wp\/v2\/types\/product"}],"wp:featuredmedia":[{"embeddable":true,"href":"https:\/\/repliquemangacine.fr\/es\/wp-json\/wp\/v2\/media\/49993"}],"wp:attachment":[{"href":"https:\/\/repliquemangacine.fr\/es\/wp-json\/wp\/v2\/media?parent=49992"}],"wp:term":[{"taxonomy":"product_brand","embeddable":true,"href":"https:\/\/repliquemangacine.fr\/es\/wp-json\/wp\/v2\/product_brand?post=49992"},{"taxonomy":"product_cat","embeddable":true,"href":"https:\/\/repliquemangacine.fr\/es\/wp-json\/wp\/v2\/product_cat?post=49992"},{"taxonomy":"product_tag","embeddable":true,"href":"https:\/\/repliquemangacine.fr\/es\/wp-json\/wp\/v2\/product_tag?post=49992"}],"curies":[{"name":"wp","href":"https:\/\/api.w.org\/{rel}","templated":true}]}}