





{"id":49905,"date":"2022-04-22T17:12:10","date_gmt":"2022-04-22T15:12:10","guid":{"rendered":"https:\/\/repliquemangacine.fr\/?post_type=product&#038;p=49905"},"modified":"2026-02-20T16:48:23","modified_gmt":"2026-02-20T15:48:23","slug":"arc-reactor-mk1-iron-man-core-reactor","status":"publish","type":"product","link":"https:\/\/repliquemangacine.fr\/es\/super-heros-marvel\/arc-reactor-mk1-iron-man-coeur-reacteur\/","title":{"rendered":"Coraz\u00f3n de Iron Man"},"content":{"rendered":"<h2>N\u00facleo de Iron Man MK1 - Reactor de Arco.<\/h2>\n<p>Para empezar, el <strong>Coraz\u00f3n de Iron Man <\/strong>En ingl\u00e9s, Arc Reactor es la r\u00e9plica exacta de la versi\u00f3n MK1.<\/p>\n<p>Hay dos versiones principales del reactor Arc. La versi\u00f3n industrial, original a gran escala. La versi\u00f3n miniaturizada \u201cplastr\u00f3n\u201d  perfeccionada por Tony Stark.<\/p>\n<p>Los a\u00f1os posteriores a la muerte de Howard, el proyecto <a href=\"https:\/\/universcinematographiquemarvel.fandom.com\/fr\/wiki\/R\u00e9acteur_arc\" target=\"_blank\" rel=\"noopener noreferrer\">Reactor de arco<\/a> se ha convertido en una prioridad para la sociedad.<\/p>\n<p>Durante el ataque de los Diez Anillos y la captura de Tony Stark, una bomba explota cerca de Stark, provocando metralla cerca de su coraz\u00f3n y poniendo en peligro su vida.<br \/>\nEl doctor Ho Yinsen extrajo la mayor\u00eda de los fragmentos de metralla, pero algunos estaban demasiado cerca de su coraz\u00f3n. Por lo tanto, cre\u00f3 una forma de detener los fragmentos de metralla.<\/p>\n<h2>Tu coraz\u00f3n de Iron Man al mejor precio.<\/h2>\n<p>Te ofrecemos una amplia selecci\u00f3n de r\u00e9plicas de los personajes de Los Vengadores del universo Marvel.<\/p>\n<p>Lo primero y m\u00e1s importante,<\/p>\n<ul>\n<li>Le<a href=\"https:\/\/repliquemangacine.fr\/es\/superheroes\/capitan-america-escudo-version-de-lujo\/\"> El escudo del Capit\u00e1n Am\u00e9rica<\/a> todo en acero, una pieza rara para su colecci\u00f3n.<\/li>\n<li>Tambi\u00e9n existe la <a href=\"https:\/\/repliquemangacine.fr\/es\/superheroes\/marteau-de-thor-mjoellnir-en-metal-avec-base\/\">El martillo de Thor<\/a>en versiones de lujo o est\u00e1ndar.<\/li>\n<li>Adem\u00e1s del gigante <a href=\"https:\/\/repliquemangacine.fr\/es\/superheroes\/double-epee-de-thanos-avengers-endgame\/\">La doble espada de Thanos<\/a>.<\/li>\n<li>Y muchos m\u00e1s por descubrir en nuestra tienda en l\u00ednea.<\/li>\n<\/ul>\n<p>Por eso, \u00a1aqu\u00ed tienes unas ideas fant\u00e1sticas para regalar a los fans de Los Vengadores!<\/p>\n<p>En conclusi\u00f3n, tambi\u00e9n puede utilizar el <strong>Coraz\u00f3n de Iron Man<\/strong> para tus desfiles de cosplay o veladas tem\u00e1ticas. Pero sobre todo, el coraz\u00f3n del reactor es tambi\u00e9n una pieza de coleccionista y una pieza decorativa.<\/p>\n<h2>\u00bfC\u00f3mo se fabrican nuestros productos Avengers Marvel?<\/h2>\n<p>Para empezar, todos nuestros productos derivados son de alta calidad y est\u00e1n fabricados con especial minuciosidad. De hecho, su fabricaci\u00f3n se realiza en parte de forma manual para reproducir hasta el m\u00e1s m\u00ednimo detalle. En cuanto a las partes m\u00e1s importantes, se mecanizan con m\u00e1quinas de gran precisi\u00f3n. Los grabados se realizan generalmente con una punta de diamante o con l\u00e1ser.<\/p>\n<p>Su <strong>Coraz\u00f3n de Iron Man<\/strong> Se ha fabricado para reproducir con exactitud todos los detalles. Desde piezas met\u00e1licas mecanizadas hasta hilos de cobre, pasando por leds de alta intensidad.<\/p>\n<p>En conclusi\u00f3n, nuestras r\u00e9plicas, importadas de China o Espa\u00f1a, \u00a1le sorprender\u00e1n!<\/p>\n<p>R\u00e9plique Manga Cin\u00e9 es una empresa familiar francesa.<\/p>","protected":false},"excerpt":{"rendered":"<p>R\u00e9plica del reactor de arco MK1.<\/p>\n<ul>\n<li>En aluminio, acero inoxidable y pl\u00e1stico moldeado.<\/li>\n<li>LED de alta intensidad.<\/li>\n<li>Se retira de su base.<\/li>\n<li>Soporte circular de metal de 12 cm de di\u00e1metro con grabado.<\/li>\n<li>Vitrina de plexigl\u00e1s.<\/li>\n<li>Cable USB de 1,20 m.<\/li>\n<li>Altura total: 19 cm - Anchura total: 16,5 cm<\/li>\n<\/ul>","protected":false},"featured_media":49906,"template":"","meta":[],"product_brand":[896],"product_cat":[24,59],"product_tag":[],"class_list":{"0":"post-49905","1":"product","2":"type-product","3":"status-publish","4":"has-post-thumbnail","6":"product_brand-replique-manga-cine","7":"product_cat-films-series-tv-vente-de-katana-epee-et-produits-derives","8":"product_cat-super-heros-marvel","10":"first","11":"outofstock","12":"sale","13":"taxable","14":"shipping-taxable","15":"purchasable","16":"product-type-simple"},"yoast_head":"<!-- This site is optimized with the Yoast SEO plugin v27.4 - https:\/\/yoast.com\/product\/yoast-seo-wordpress\/ -->\n<title>C\u0153ur Iron Man - R\u00e9pliques Avengers - R\u00e9plique Manga Cin\u00e9<\/title>\n<meta name=\"description\" content=\"Offrez-lui le C\u0153ur Iron Man MK1 au meilleur prix. Haute qualit\u00e9 - Sous vitrine en plexiglas - Eclairage par Led - Hauteur : 19 cm - Largeur : 16.5 cm\" \/>\n<meta name=\"robots\" content=\"index, follow, max-snippet:-1, max-image-preview:large, max-video-preview:-1\" \/>\n<link rel=\"canonical\" href=\"https:\/\/repliquemangacine.fr\/es\/superheroes-marvel\/arc-reactor-mk1-iron-man-core-reactor\/\" \/>\n<meta property=\"og:locale\" content=\"es_ES\" \/>\n<meta property=\"og:type\" content=\"article\" \/>\n<meta property=\"og:title\" content=\"C\u0153ur Iron Man - R\u00e9pliques Avengers - R\u00e9plique Manga Cin\u00e9\" \/>\n<meta property=\"og:description\" content=\"Offrez-lui le C\u0153ur Iron Man MK1 au meilleur prix. Haute qualit\u00e9 - Sous vitrine en plexiglas - Eclairage par Led - Hauteur : 19 cm - Largeur : 16.5 cm\" \/>\n<meta property=\"og:url\" content=\"https:\/\/repliquemangacine.fr\/es\/superheroes-marvel\/arc-reactor-mk1-iron-man-core-reactor\/\" \/>\n<meta property=\"og:site_name\" content=\"R\u00e9plique Manga Cin\u00e9\" \/>\n<meta property=\"article:publisher\" content=\"https:\/\/www.facebook.com\/RepliqueMangaCine\" \/>\n<meta property=\"article:modified_time\" content=\"2026-02-20T15:48:23+00:00\" \/>\n<meta property=\"og:image\" content=\"https:\/\/repliquemangacine.fr\/wp-content\/uploads\/2023\/10\/coeur-tony-stark-7.jpg\" \/>\n\t<meta property=\"og:image:width\" content=\"600\" \/>\n\t<meta property=\"og:image:height\" content=\"600\" \/>\n\t<meta property=\"og:image:type\" content=\"image\/jpeg\" \/>\n<meta name=\"twitter:card\" content=\"summary_large_image\" \/>\n<meta name=\"twitter:label1\" content=\"Tiempo de lectura\" \/>\n\t<meta name=\"twitter:data1\" content=\"3 minutos\" \/>\n<script type=\"application\/ld+json\" class=\"yoast-schema-graph\">{\"@context\":\"https:\\\/\\\/schema.org\",\"@graph\":[{\"@type\":\"WebPage\",\"@id\":\"https:\\\/\\\/repliquemangacine.fr\\\/super-heros-marvel\\\/arc-reactor-mk1-iron-man-coeur-reacteur\\\/\",\"url\":\"https:\\\/\\\/repliquemangacine.fr\\\/super-heros-marvel\\\/arc-reactor-mk1-iron-man-coeur-reacteur\\\/\",\"name\":\"C\u0153ur Iron Man - R\u00e9pliques Avengers - R\u00e9plique Manga Cin\u00e9\",\"isPartOf\":{\"@id\":\"https:\\\/\\\/repliquemangacine.fr\\\/#website\"},\"primaryImageOfPage\":{\"@id\":\"https:\\\/\\\/repliquemangacine.fr\\\/super-heros-marvel\\\/arc-reactor-mk1-iron-man-coeur-reacteur\\\/#primaryimage\"},\"image\":{\"@id\":\"https:\\\/\\\/repliquemangacine.fr\\\/super-heros-marvel\\\/arc-reactor-mk1-iron-man-coeur-reacteur\\\/#primaryimage\"},\"thumbnailUrl\":\"https:\\\/\\\/repliquemangacine.fr\\\/wp-content\\\/uploads\\\/2023\\\/10\\\/coeur-tony-stark-7.jpg\",\"datePublished\":\"2022-04-22T15:12:10+00:00\",\"dateModified\":\"2026-02-20T15:48:23+00:00\",\"description\":\"Offrez-lui le C\u0153ur Iron Man MK1 au meilleur prix. Haute qualit\u00e9 - Sous vitrine en plexiglas - Eclairage par Led - Hauteur : 19 cm - Largeur : 16.5 cm\",\"breadcrumb\":{\"@id\":\"https:\\\/\\\/repliquemangacine.fr\\\/super-heros-marvel\\\/arc-reactor-mk1-iron-man-coeur-reacteur\\\/#breadcrumb\"},\"inLanguage\":\"es\",\"potentialAction\":[{\"@type\":\"ReadAction\",\"target\":[\"https:\\\/\\\/repliquemangacine.fr\\\/super-heros-marvel\\\/arc-reactor-mk1-iron-man-coeur-reacteur\\\/\"]}]},{\"@type\":\"ImageObject\",\"inLanguage\":\"es\",\"@id\":\"https:\\\/\\\/repliquemangacine.fr\\\/super-heros-marvel\\\/arc-reactor-mk1-iron-man-coeur-reacteur\\\/#primaryimage\",\"url\":\"https:\\\/\\\/repliquemangacine.fr\\\/wp-content\\\/uploads\\\/2023\\\/10\\\/coeur-tony-stark-7.jpg\",\"contentUrl\":\"https:\\\/\\\/repliquemangacine.fr\\\/wp-content\\\/uploads\\\/2023\\\/10\\\/coeur-tony-stark-7.jpg\",\"width\":600,\"height\":600,\"caption\":\"R\u00e9plique Coeur r\u00e9acteur \u00e0 led Iron Man\"},{\"@type\":\"BreadcrumbList\",\"@id\":\"https:\\\/\\\/repliquemangacine.fr\\\/super-heros-marvel\\\/arc-reactor-mk1-iron-man-coeur-reacteur\\\/#breadcrumb\",\"itemListElement\":[{\"@type\":\"ListItem\",\"position\":1,\"name\":\"Accueil\",\"item\":\"https:\\\/\\\/repliquemangacine.fr\\\/\"},{\"@type\":\"ListItem\",\"position\":2,\"name\":\"Produits\",\"item\":\"https:\\\/\\\/repliquemangacine.fr\\\/boutique\\\/\"},{\"@type\":\"ListItem\",\"position\":3,\"name\":\"C\u0153ur Iron Man\"}]},{\"@type\":\"WebSite\",\"@id\":\"https:\\\/\\\/repliquemangacine.fr\\\/#website\",\"url\":\"https:\\\/\\\/repliquemangacine.fr\\\/\",\"name\":\"R\u00e9plique Manga Cin\u00e9\",\"description\":\"\",\"publisher\":{\"@id\":\"https:\\\/\\\/repliquemangacine.fr\\\/#organization\"},\"potentialAction\":[{\"@type\":\"SearchAction\",\"target\":{\"@type\":\"EntryPoint\",\"urlTemplate\":\"https:\\\/\\\/repliquemangacine.fr\\\/?s={search_term_string}\"},\"query-input\":{\"@type\":\"PropertyValueSpecification\",\"valueRequired\":true,\"valueName\":\"search_term_string\"}}],\"inLanguage\":\"es\"},{\"@type\":\"Organization\",\"@id\":\"https:\\\/\\\/repliquemangacine.fr\\\/#organization\",\"name\":\"R\u00e9plique Manga Cin\u00e9\",\"url\":\"https:\\\/\\\/repliquemangacine.fr\\\/\",\"logo\":{\"@type\":\"ImageObject\",\"inLanguage\":\"es\",\"@id\":\"https:\\\/\\\/repliquemangacine.fr\\\/#\\\/schema\\\/logo\\\/image\\\/\",\"url\":\"https:\\\/\\\/repliquemangacine.fr\\\/wp-content\\\/uploads\\\/2023\\\/10\\\/RMC-500250.png\",\"contentUrl\":\"https:\\\/\\\/repliquemangacine.fr\\\/wp-content\\\/uploads\\\/2023\\\/10\\\/RMC-500250.png\",\"width\":500,\"height\":250,\"caption\":\"R\u00e9plique Manga Cin\u00e9\"},\"image\":{\"@id\":\"https:\\\/\\\/repliquemangacine.fr\\\/#\\\/schema\\\/logo\\\/image\\\/\"},\"sameAs\":[\"https:\\\/\\\/www.facebook.com\\\/RepliqueMangaCine\",\"https:\\\/\\\/www.instagram.com\\\/repliquemangacine.fr\\\/\"]}]}<\/script>\n<!-- \/ Yoast SEO plugin. -->","yoast_head_json":{"title":"Coraz\u00f3n de Iron Man - R\u00e9plicas de los Vengadores - R\u00e9plique Manga Cin\u00e9","description":"Ofr\u00e9zcale el Coraz\u00f3n de Iron Man MK1 al mejor precio. Alta calidad - Vitrina de plexigl\u00e1s - Iluminaci\u00f3n led - Altura: 19 cm - Anchura: 16,5 cm.","robots":{"index":"index","follow":"follow","max-snippet":"max-snippet:-1","max-image-preview":"max-image-preview:large","max-video-preview":"max-video-preview:-1"},"canonical":"https:\/\/repliquemangacine.fr\/es\/superheroes-marvel\/arc-reactor-mk1-iron-man-core-reactor\/","og_locale":"es_ES","og_type":"article","og_title":"C\u0153ur Iron Man - R\u00e9pliques Avengers - R\u00e9plique Manga Cin\u00e9","og_description":"Offrez-lui le C\u0153ur Iron Man MK1 au meilleur prix. Haute qualit\u00e9 - Sous vitrine en plexiglas - Eclairage par Led - Hauteur : 19 cm - Largeur : 16.5 cm","og_url":"https:\/\/repliquemangacine.fr\/es\/superheroes-marvel\/arc-reactor-mk1-iron-man-core-reactor\/","og_site_name":"R\u00e9plique Manga Cin\u00e9","article_publisher":"https:\/\/www.facebook.com\/RepliqueMangaCine","article_modified_time":"2026-02-20T15:48:23+00:00","og_image":[{"width":600,"height":600,"url":"https:\/\/repliquemangacine.fr\/wp-content\/uploads\/2023\/10\/coeur-tony-stark-7.jpg","type":"image\/jpeg"}],"twitter_card":"summary_large_image","twitter_misc":{"Tiempo de lectura":"3 minutos"},"schema":{"@context":"https:\/\/schema.org","@graph":[{"@type":"WebPage","@id":"https:\/\/repliquemangacine.fr\/super-heros-marvel\/arc-reactor-mk1-iron-man-coeur-reacteur\/","url":"https:\/\/repliquemangacine.fr\/super-heros-marvel\/arc-reactor-mk1-iron-man-coeur-reacteur\/","name":"Coraz\u00f3n de Iron Man - R\u00e9plicas de los Vengadores - R\u00e9plique Manga Cin\u00e9","isPartOf":{"@id":"https:\/\/repliquemangacine.fr\/#website"},"primaryImageOfPage":{"@id":"https:\/\/repliquemangacine.fr\/super-heros-marvel\/arc-reactor-mk1-iron-man-coeur-reacteur\/#primaryimage"},"image":{"@id":"https:\/\/repliquemangacine.fr\/super-heros-marvel\/arc-reactor-mk1-iron-man-coeur-reacteur\/#primaryimage"},"thumbnailUrl":"https:\/\/repliquemangacine.fr\/wp-content\/uploads\/2023\/10\/coeur-tony-stark-7.jpg","datePublished":"2022-04-22T15:12:10+00:00","dateModified":"2026-02-20T15:48:23+00:00","description":"Ofr\u00e9zcale el Coraz\u00f3n de Iron Man MK1 al mejor precio. Alta calidad - Vitrina de plexigl\u00e1s - Iluminaci\u00f3n led - Altura: 19 cm - Anchura: 16,5 cm.","breadcrumb":{"@id":"https:\/\/repliquemangacine.fr\/super-heros-marvel\/arc-reactor-mk1-iron-man-coeur-reacteur\/#breadcrumb"},"inLanguage":"es","potentialAction":[{"@type":"ReadAction","target":["https:\/\/repliquemangacine.fr\/super-heros-marvel\/arc-reactor-mk1-iron-man-coeur-reacteur\/"]}]},{"@type":"ImageObject","inLanguage":"es","@id":"https:\/\/repliquemangacine.fr\/super-heros-marvel\/arc-reactor-mk1-iron-man-coeur-reacteur\/#primaryimage","url":"https:\/\/repliquemangacine.fr\/wp-content\/uploads\/2023\/10\/coeur-tony-stark-7.jpg","contentUrl":"https:\/\/repliquemangacine.fr\/wp-content\/uploads\/2023\/10\/coeur-tony-stark-7.jpg","width":600,"height":600,"caption":"R\u00e9plique Coeur r\u00e9acteur \u00e0 led Iron Man"},{"@type":"BreadcrumbList","@id":"https:\/\/repliquemangacine.fr\/super-heros-marvel\/arc-reactor-mk1-iron-man-coeur-reacteur\/#breadcrumb","itemListElement":[{"@type":"ListItem","position":1,"name":"Accueil","item":"https:\/\/repliquemangacine.fr\/"},{"@type":"ListItem","position":2,"name":"Produits","item":"https:\/\/repliquemangacine.fr\/boutique\/"},{"@type":"ListItem","position":3,"name":"C\u0153ur Iron Man"}]},{"@type":"WebSite","@id":"https:\/\/repliquemangacine.fr\/#website","url":"https:\/\/repliquemangacine.fr\/","name":"R\u00e9plique Manga Cin\u00e9","description":"","publisher":{"@id":"https:\/\/repliquemangacine.fr\/#organization"},"potentialAction":[{"@type":"SearchAction","target":{"@type":"EntryPoint","urlTemplate":"https:\/\/repliquemangacine.fr\/?s={search_term_string}"},"query-input":{"@type":"PropertyValueSpecification","valueRequired":true,"valueName":"search_term_string"}}],"inLanguage":"es"},{"@type":"Organization","@id":"https:\/\/repliquemangacine.fr\/#organization","name":"R\u00e9plique Manga Cin\u00e9","url":"https:\/\/repliquemangacine.fr\/","logo":{"@type":"ImageObject","inLanguage":"es","@id":"https:\/\/repliquemangacine.fr\/#\/schema\/logo\/image\/","url":"https:\/\/repliquemangacine.fr\/wp-content\/uploads\/2023\/10\/RMC-500250.png","contentUrl":"https:\/\/repliquemangacine.fr\/wp-content\/uploads\/2023\/10\/RMC-500250.png","width":500,"height":250,"caption":"R\u00e9plique Manga Cin\u00e9"},"image":{"@id":"https:\/\/repliquemangacine.fr\/#\/schema\/logo\/image\/"},"sameAs":["https:\/\/www.facebook.com\/RepliqueMangaCine","https:\/\/www.instagram.com\/repliquemangacine.fr\/"]}]}},"_links":{"self":[{"href":"https:\/\/repliquemangacine.fr\/es\/wp-json\/wp\/v2\/product\/49905","targetHints":{"allow":["GET"]}}],"collection":[{"href":"https:\/\/repliquemangacine.fr\/es\/wp-json\/wp\/v2\/product"}],"about":[{"href":"https:\/\/repliquemangacine.fr\/es\/wp-json\/wp\/v2\/types\/product"}],"wp:featuredmedia":[{"embeddable":true,"href":"https:\/\/repliquemangacine.fr\/es\/wp-json\/wp\/v2\/media\/49906"}],"wp:attachment":[{"href":"https:\/\/repliquemangacine.fr\/es\/wp-json\/wp\/v2\/media?parent=49905"}],"wp:term":[{"taxonomy":"product_brand","embeddable":true,"href":"https:\/\/repliquemangacine.fr\/es\/wp-json\/wp\/v2\/product_brand?post=49905"},{"taxonomy":"product_cat","embeddable":true,"href":"https:\/\/repliquemangacine.fr\/es\/wp-json\/wp\/v2\/product_cat?post=49905"},{"taxonomy":"product_tag","embeddable":true,"href":"https:\/\/repliquemangacine.fr\/es\/wp-json\/wp\/v2\/product_tag?post=49905"}],"curies":[{"name":"wp","href":"https:\/\/api.w.org\/{rel}","templated":true}]}}