





{"id":49880,"date":"2022-04-22T12:35:41","date_gmt":"2022-04-22T10:35:41","guid":{"rendered":"https:\/\/repliquemangacine.fr\/?post_type=product&#038;p=49880"},"modified":"2026-04-02T00:24:54","modified_gmt":"2026-04-01T22:24:54","slug":"thundercats-espada-omens-cosmocats-starlion-espada","status":"publish","type":"product","link":"https:\/\/repliquemangacine.fr\/es\/katana-et-epee-de-manga-anime-autre-manga\/thundercats-epee-omens-cosmocats-sabre-de-starlion\/","title":{"rendered":"Espada Presagios Cosmocats"},"content":{"rendered":"<h2>Espada Cosmocats Omens, sable Starlion.<\/h2>\n<p>Para empezar, el<strong>Espada Presagios Cosmocats<\/strong> Se llamaba The Sword of Omens cuando se emiti\u00f3 por primera vez.<\/p>\n<p>Cosmocats (ThunderCats), serie de televisi\u00f3n animada estadounidense. En 2011 se realiz\u00f3 un remake de la serie, en el que la versi\u00f3n francesa conserv\u00f3 el t\u00edtulo original ThunderCats.<\/p>\n<p>Esta serie narra las luchas entre los Cosmocats, una raza de felinos humanoides liderados por el joven y valiente Starlion, y los Mutants, una raza de monstruos diab\u00f3licos. Los Mutants expulsaron a los Cosmocats de su planeta Thundera y los persiguieron hasta su nuevo mundo, la Tercera Tierra, donde vive un enemigo temible: Mumm-Ra.<\/p>\n<p><a href=\"https:\/\/thundercats-ho.fandom.com\/wiki\/Cosmocats_Lion-O\" target=\"_blank\" rel=\"noopener noreferrer\">Starlion,<\/a> El joven se\u00f1or de los Cosmocats siempre lleva consigo la espada de Omens (espada de los presagios), engastada con el Ojo de Thundera, as\u00ed como su guante protector, que tambi\u00e9n contiene un gancho.<br \/>\nEn caso de peligro, la espada lanza una se\u00f1al luminosa que avisa a los dem\u00e1s Cosmocats.<\/p>\n<h2>Tu Espada Presagios Cosmocats al mejor precio<\/h2>\n<p>Te ofrecemos todas las r\u00e9plicas de tus personajes favoritos de mangas y videojuegos.<\/p>\n<p>Lo primero y m\u00e1s importante,<\/p>\n<ul>\n<li>L'<a href=\"https:\/\/repliquemangacine.fr\/es\/otros-manga\/epee-de-liz-dans-seven-deadly-sins-epee-meliodas\/\">espada de liz<\/a> dado a Meliodas en Los Siete Pecados Capitales.<\/li>\n<li>Tambi\u00e9n existe la<a href=\"https:\/\/repliquemangacine.fr\/es\/otros-manga\/rin-espada-azul-exorcista-katana-kurikara\/\">La espada de Rin<\/a> en Blue Exorcist<\/li>\n<li>Y muchos m\u00e1s por descubrir en nuestra tienda en l\u00ednea.<\/li>\n<\/ul>\n<p>Por eso, aqu\u00ed tienes unas ideas estupendas para regalar a los fans de Thundercats.<\/p>\n<p>En conclusi\u00f3n, tambi\u00e9n puede utilizar este <strong>Espada Presagios Cosmocats<\/strong> para tus desfiles de cosplay o tus fiestas tem\u00e1ticas. Pero, ante todo, la espada de Starlion es tambi\u00e9n una pieza de colecci\u00f3n y decoraci\u00f3n.<\/p>\n<p>R\u00e9plique Manga Cin\u00e9 es una empresa francesa.<\/p>\n<h2>\u00bfC\u00f3mo se mantiene la hoja de la espada Manga?<\/h2>\n<p>Las espadas de colecci\u00f3n y decorativas se fabrican y ensamblan de forma simplificada. Como su uso es decorativo, no cuentan con los elementos de seguridad necesarios para una espada japonesa destinada al entrenamiento.<\/p>\n<p>Sin embargo, su <strong>Espada Presagios Cosmocats<\/strong> a una hoja de acero que hay que cuidar para evitar que se estropee con el tiempo. Cuando exponga su katana, sus amigos sentir\u00e1n curiosidad por ver la hoja y tocarla. Aqu\u00ed es donde hay que tener cuidado, ya que la acidez de los dedos es muy perjudicial para el acero, sea cual sea su calidad.<\/p>\n<p>Sin embargo, si esto ocurre, no te asustes, todo lo que necesitas es un pa\u00f1o humedecido con un poco de aceite y limpiar las huellas dactilares. Si haces esto, tu espada durar\u00e1 mucho tiempo.<\/p>\n<p><strong>\u00a0<\/strong><\/p>","protected":false},"excerpt":{"rendered":"<p>Espada de presagio utilizada por Starlion en el anime Thundercats Cosmocats.<\/p>\n<ul>\n<li>Hoja de acero inoxidable con ranura.<\/li>\n<li>Asa de metal decorada con piedras rojas y azules.<\/li>\n<li>Guardia de acero con el ojo de Thund\u00e9ra.<\/li>\n<li>Longitud hoja: 82 cm - Longitud total: 120 cm - Peso: 1910 grs<\/li>\n<\/ul>","protected":false},"featured_media":91848,"template":"","meta":[],"product_brand":[896],"product_cat":[65,23],"product_tag":[],"class_list":{"0":"post-49880","1":"product","2":"type-product","3":"status-publish","4":"has-post-thumbnail","6":"product_brand-replique-manga-cine","7":"product_cat-katana-et-epee-de-manga-anime-autre-manga","8":"product_cat-repliques-manga-jeux-video","10":"first","11":"instock","12":"taxable","13":"shipping-taxable","14":"purchasable","15":"product-type-simple"},"yoast_head":"<!-- This site is optimized with the Yoast SEO plugin v27.5 - https:\/\/yoast.com\/product\/yoast-seo-wordpress\/ -->\n<title>Ep\u00e9e Omens Cosmocats - Sabre Starlion - R\u00e9plique Manga Cin\u00e9<\/title>\n<meta name=\"description\" content=\"Offrez-vous l&#039;Ep\u00e9e Omens Cosmocats au meilleur prix. Lame en acier 440 - Garde avec symbole de Thundera. Echelle 1\/1 - Longueur : 120 cm - Envoi 24\/48h\" \/>\n<meta name=\"robots\" content=\"index, follow, max-snippet:-1, max-image-preview:large, max-video-preview:-1\" \/>\n<link rel=\"canonical\" href=\"https:\/\/repliquemangacine.fr\/es\/katana-y-manga-espada-anime-otros-manga\/thundercats-espada-omens-cosmocats-starlion-espada\/\" \/>\n<meta property=\"og:locale\" content=\"es_ES\" \/>\n<meta property=\"og:type\" content=\"article\" \/>\n<meta property=\"og:title\" content=\"Ep\u00e9e Omens Cosmocats - Sabre Starlion - R\u00e9plique Manga Cin\u00e9\" \/>\n<meta property=\"og:description\" content=\"Offrez-vous l&#039;Ep\u00e9e Omens Cosmocats au meilleur prix. Lame en acier 440 - Garde avec symbole de Thundera. Echelle 1\/1 - Longueur : 120 cm - Envoi 24\/48h\" \/>\n<meta property=\"og:url\" content=\"https:\/\/repliquemangacine.fr\/es\/katana-y-manga-espada-anime-otros-manga\/thundercats-espada-omens-cosmocats-starlion-espada\/\" \/>\n<meta property=\"og:site_name\" content=\"R\u00e9plique Manga Cin\u00e9\" \/>\n<meta property=\"article:publisher\" content=\"https:\/\/www.facebook.com\/RepliqueMangaCine\" \/>\n<meta property=\"article:modified_time\" content=\"2026-04-01T22:24:54+00:00\" \/>\n<meta property=\"og:image\" content=\"https:\/\/repliquemangacine.fr\/wp-content\/uploads\/2022\/04\/Epee-Omens-Cosmocats.jpg\" \/>\n\t<meta property=\"og:image:width\" content=\"700\" \/>\n\t<meta property=\"og:image:height\" content=\"700\" \/>\n\t<meta property=\"og:image:type\" content=\"image\/jpeg\" \/>\n<meta name=\"twitter:card\" content=\"summary_large_image\" \/>\n<meta name=\"twitter:label1\" content=\"Tiempo de lectura\" \/>\n\t<meta name=\"twitter:data1\" content=\"3 minutos\" \/>\n<script type=\"application\/ld+json\" class=\"yoast-schema-graph\">{\"@context\":\"https:\\\/\\\/schema.org\",\"@graph\":[{\"@type\":\"WebPage\",\"@id\":\"https:\\\/\\\/repliquemangacine.fr\\\/katana-et-epee-de-manga-anime-autre-manga\\\/thundercats-epee-omens-cosmocats-sabre-de-starlion\\\/\",\"url\":\"https:\\\/\\\/repliquemangacine.fr\\\/katana-et-epee-de-manga-anime-autre-manga\\\/thundercats-epee-omens-cosmocats-sabre-de-starlion\\\/\",\"name\":\"Ep\u00e9e Omens Cosmocats - Sabre Starlion - R\u00e9plique Manga Cin\u00e9\",\"isPartOf\":{\"@id\":\"https:\\\/\\\/repliquemangacine.fr\\\/#website\"},\"primaryImageOfPage\":{\"@id\":\"https:\\\/\\\/repliquemangacine.fr\\\/katana-et-epee-de-manga-anime-autre-manga\\\/thundercats-epee-omens-cosmocats-sabre-de-starlion\\\/#primaryimage\"},\"image\":{\"@id\":\"https:\\\/\\\/repliquemangacine.fr\\\/katana-et-epee-de-manga-anime-autre-manga\\\/thundercats-epee-omens-cosmocats-sabre-de-starlion\\\/#primaryimage\"},\"thumbnailUrl\":\"https:\\\/\\\/repliquemangacine.fr\\\/wp-content\\\/uploads\\\/2022\\\/04\\\/Epee-Omens-Cosmocats.jpg\",\"datePublished\":\"2022-04-22T10:35:41+00:00\",\"dateModified\":\"2026-04-01T22:24:54+00:00\",\"description\":\"Offrez-vous l'Ep\u00e9e Omens Cosmocats au meilleur prix. Lame en acier 440 - Garde avec symbole de Thundera. Echelle 1\\\/1 - Longueur : 120 cm - Envoi 24\\\/48h\",\"breadcrumb\":{\"@id\":\"https:\\\/\\\/repliquemangacine.fr\\\/katana-et-epee-de-manga-anime-autre-manga\\\/thundercats-epee-omens-cosmocats-sabre-de-starlion\\\/#breadcrumb\"},\"inLanguage\":\"es\",\"potentialAction\":[{\"@type\":\"ReadAction\",\"target\":[\"https:\\\/\\\/repliquemangacine.fr\\\/katana-et-epee-de-manga-anime-autre-manga\\\/thundercats-epee-omens-cosmocats-sabre-de-starlion\\\/\"]}]},{\"@type\":\"ImageObject\",\"inLanguage\":\"es\",\"@id\":\"https:\\\/\\\/repliquemangacine.fr\\\/katana-et-epee-de-manga-anime-autre-manga\\\/thundercats-epee-omens-cosmocats-sabre-de-starlion\\\/#primaryimage\",\"url\":\"https:\\\/\\\/repliquemangacine.fr\\\/wp-content\\\/uploads\\\/2022\\\/04\\\/Epee-Omens-Cosmocats.jpg\",\"contentUrl\":\"https:\\\/\\\/repliquemangacine.fr\\\/wp-content\\\/uploads\\\/2022\\\/04\\\/Epee-Omens-Cosmocats.jpg\",\"width\":700,\"height\":700,\"caption\":\"Ep\u00e9e Omens Cosmocats\"},{\"@type\":\"BreadcrumbList\",\"@id\":\"https:\\\/\\\/repliquemangacine.fr\\\/katana-et-epee-de-manga-anime-autre-manga\\\/thundercats-epee-omens-cosmocats-sabre-de-starlion\\\/#breadcrumb\",\"itemListElement\":[{\"@type\":\"ListItem\",\"position\":1,\"name\":\"Accueil\",\"item\":\"https:\\\/\\\/repliquemangacine.fr\\\/\"},{\"@type\":\"ListItem\",\"position\":2,\"name\":\"Produits\",\"item\":\"https:\\\/\\\/repliquemangacine.fr\\\/boutique\\\/\"},{\"@type\":\"ListItem\",\"position\":3,\"name\":\"Ep\u00e9e Omens Cosmocats\"}]},{\"@type\":\"WebSite\",\"@id\":\"https:\\\/\\\/repliquemangacine.fr\\\/#website\",\"url\":\"https:\\\/\\\/repliquemangacine.fr\\\/\",\"name\":\"R\u00e9plique Manga Cin\u00e9\",\"description\":\"\",\"publisher\":{\"@id\":\"https:\\\/\\\/repliquemangacine.fr\\\/#organization\"},\"potentialAction\":[{\"@type\":\"SearchAction\",\"target\":{\"@type\":\"EntryPoint\",\"urlTemplate\":\"https:\\\/\\\/repliquemangacine.fr\\\/?s={search_term_string}\"},\"query-input\":{\"@type\":\"PropertyValueSpecification\",\"valueRequired\":true,\"valueName\":\"search_term_string\"}}],\"inLanguage\":\"es\"},{\"@type\":\"Organization\",\"@id\":\"https:\\\/\\\/repliquemangacine.fr\\\/#organization\",\"name\":\"R\u00e9plique Manga Cin\u00e9\",\"url\":\"https:\\\/\\\/repliquemangacine.fr\\\/\",\"logo\":{\"@type\":\"ImageObject\",\"inLanguage\":\"es\",\"@id\":\"https:\\\/\\\/repliquemangacine.fr\\\/#\\\/schema\\\/logo\\\/image\\\/\",\"url\":\"https:\\\/\\\/repliquemangacine.fr\\\/wp-content\\\/uploads\\\/2023\\\/10\\\/RMC-500250.png\",\"contentUrl\":\"https:\\\/\\\/repliquemangacine.fr\\\/wp-content\\\/uploads\\\/2023\\\/10\\\/RMC-500250.png\",\"width\":500,\"height\":250,\"caption\":\"R\u00e9plique Manga Cin\u00e9\"},\"image\":{\"@id\":\"https:\\\/\\\/repliquemangacine.fr\\\/#\\\/schema\\\/logo\\\/image\\\/\"},\"sameAs\":[\"https:\\\/\\\/www.facebook.com\\\/RepliqueMangaCine\",\"https:\\\/\\\/www.instagram.com\\\/repliquemangacine.fr\\\/\"]}]}<\/script>\n<!-- \/ Yoast SEO plugin. -->","yoast_head_json":{"title":"Espada Omens Cosmocats - Sable Starlion - R\u00e9plique Manga Cin\u00e9","description":"Reg\u00e1late la Espada Cosmocats Omens al mejor precio. Hoja de acero 440 - Guarda con el s\u00edmbolo de Thundera. Escala 1\/1 - Longitud : 120 cm - Env\u00edo 24\/48h","robots":{"index":"index","follow":"follow","max-snippet":"max-snippet:-1","max-image-preview":"max-image-preview:large","max-video-preview":"max-video-preview:-1"},"canonical":"https:\/\/repliquemangacine.fr\/es\/katana-y-manga-espada-anime-otros-manga\/thundercats-espada-omens-cosmocats-starlion-espada\/","og_locale":"es_ES","og_type":"article","og_title":"Ep\u00e9e Omens Cosmocats - Sabre Starlion - R\u00e9plique Manga Cin\u00e9","og_description":"Offrez-vous l'Ep\u00e9e Omens Cosmocats au meilleur prix. Lame en acier 440 - Garde avec symbole de Thundera. Echelle 1\/1 - Longueur : 120 cm - Envoi 24\/48h","og_url":"https:\/\/repliquemangacine.fr\/es\/katana-y-manga-espada-anime-otros-manga\/thundercats-espada-omens-cosmocats-starlion-espada\/","og_site_name":"R\u00e9plique Manga Cin\u00e9","article_publisher":"https:\/\/www.facebook.com\/RepliqueMangaCine","article_modified_time":"2026-04-01T22:24:54+00:00","og_image":[{"width":700,"height":700,"url":"https:\/\/repliquemangacine.fr\/wp-content\/uploads\/2022\/04\/Epee-Omens-Cosmocats.jpg","type":"image\/jpeg"}],"twitter_card":"summary_large_image","twitter_misc":{"Tiempo de lectura":"3 minutos"},"schema":{"@context":"https:\/\/schema.org","@graph":[{"@type":"WebPage","@id":"https:\/\/repliquemangacine.fr\/katana-et-epee-de-manga-anime-autre-manga\/thundercats-epee-omens-cosmocats-sabre-de-starlion\/","url":"https:\/\/repliquemangacine.fr\/katana-et-epee-de-manga-anime-autre-manga\/thundercats-epee-omens-cosmocats-sabre-de-starlion\/","name":"Espada Omens Cosmocats - Sable Starlion - R\u00e9plique Manga Cin\u00e9","isPartOf":{"@id":"https:\/\/repliquemangacine.fr\/#website"},"primaryImageOfPage":{"@id":"https:\/\/repliquemangacine.fr\/katana-et-epee-de-manga-anime-autre-manga\/thundercats-epee-omens-cosmocats-sabre-de-starlion\/#primaryimage"},"image":{"@id":"https:\/\/repliquemangacine.fr\/katana-et-epee-de-manga-anime-autre-manga\/thundercats-epee-omens-cosmocats-sabre-de-starlion\/#primaryimage"},"thumbnailUrl":"https:\/\/repliquemangacine.fr\/wp-content\/uploads\/2022\/04\/Epee-Omens-Cosmocats.jpg","datePublished":"2022-04-22T10:35:41+00:00","dateModified":"2026-04-01T22:24:54+00:00","description":"Reg\u00e1late la Espada Cosmocats Omens al mejor precio. Hoja de acero 440 - Guarda con el s\u00edmbolo de Thundera. Escala 1\/1 - Longitud : 120 cm - Env\u00edo 24\/48h","breadcrumb":{"@id":"https:\/\/repliquemangacine.fr\/katana-et-epee-de-manga-anime-autre-manga\/thundercats-epee-omens-cosmocats-sabre-de-starlion\/#breadcrumb"},"inLanguage":"es","potentialAction":[{"@type":"ReadAction","target":["https:\/\/repliquemangacine.fr\/katana-et-epee-de-manga-anime-autre-manga\/thundercats-epee-omens-cosmocats-sabre-de-starlion\/"]}]},{"@type":"ImageObject","inLanguage":"es","@id":"https:\/\/repliquemangacine.fr\/katana-et-epee-de-manga-anime-autre-manga\/thundercats-epee-omens-cosmocats-sabre-de-starlion\/#primaryimage","url":"https:\/\/repliquemangacine.fr\/wp-content\/uploads\/2022\/04\/Epee-Omens-Cosmocats.jpg","contentUrl":"https:\/\/repliquemangacine.fr\/wp-content\/uploads\/2022\/04\/Epee-Omens-Cosmocats.jpg","width":700,"height":700,"caption":"Ep\u00e9e Omens Cosmocats"},{"@type":"BreadcrumbList","@id":"https:\/\/repliquemangacine.fr\/katana-et-epee-de-manga-anime-autre-manga\/thundercats-epee-omens-cosmocats-sabre-de-starlion\/#breadcrumb","itemListElement":[{"@type":"ListItem","position":1,"name":"Accueil","item":"https:\/\/repliquemangacine.fr\/"},{"@type":"ListItem","position":2,"name":"Produits","item":"https:\/\/repliquemangacine.fr\/boutique\/"},{"@type":"ListItem","position":3,"name":"Ep\u00e9e Omens Cosmocats"}]},{"@type":"WebSite","@id":"https:\/\/repliquemangacine.fr\/#website","url":"https:\/\/repliquemangacine.fr\/","name":"R\u00e9plique Manga Cin\u00e9","description":"","publisher":{"@id":"https:\/\/repliquemangacine.fr\/#organization"},"potentialAction":[{"@type":"SearchAction","target":{"@type":"EntryPoint","urlTemplate":"https:\/\/repliquemangacine.fr\/?s={search_term_string}"},"query-input":{"@type":"PropertyValueSpecification","valueRequired":true,"valueName":"search_term_string"}}],"inLanguage":"es"},{"@type":"Organization","@id":"https:\/\/repliquemangacine.fr\/#organization","name":"R\u00e9plique Manga Cin\u00e9","url":"https:\/\/repliquemangacine.fr\/","logo":{"@type":"ImageObject","inLanguage":"es","@id":"https:\/\/repliquemangacine.fr\/#\/schema\/logo\/image\/","url":"https:\/\/repliquemangacine.fr\/wp-content\/uploads\/2023\/10\/RMC-500250.png","contentUrl":"https:\/\/repliquemangacine.fr\/wp-content\/uploads\/2023\/10\/RMC-500250.png","width":500,"height":250,"caption":"R\u00e9plique Manga Cin\u00e9"},"image":{"@id":"https:\/\/repliquemangacine.fr\/#\/schema\/logo\/image\/"},"sameAs":["https:\/\/www.facebook.com\/RepliqueMangaCine","https:\/\/www.instagram.com\/repliquemangacine.fr\/"]}]}},"_links":{"self":[{"href":"https:\/\/repliquemangacine.fr\/es\/wp-json\/wp\/v2\/product\/49880","targetHints":{"allow":["GET"]}}],"collection":[{"href":"https:\/\/repliquemangacine.fr\/es\/wp-json\/wp\/v2\/product"}],"about":[{"href":"https:\/\/repliquemangacine.fr\/es\/wp-json\/wp\/v2\/types\/product"}],"wp:featuredmedia":[{"embeddable":true,"href":"https:\/\/repliquemangacine.fr\/es\/wp-json\/wp\/v2\/media\/91848"}],"wp:attachment":[{"href":"https:\/\/repliquemangacine.fr\/es\/wp-json\/wp\/v2\/media?parent=49880"}],"wp:term":[{"taxonomy":"product_brand","embeddable":true,"href":"https:\/\/repliquemangacine.fr\/es\/wp-json\/wp\/v2\/product_brand?post=49880"},{"taxonomy":"product_cat","embeddable":true,"href":"https:\/\/repliquemangacine.fr\/es\/wp-json\/wp\/v2\/product_cat?post=49880"},{"taxonomy":"product_tag","embeddable":true,"href":"https:\/\/repliquemangacine.fr\/es\/wp-json\/wp\/v2\/product_tag?post=49880"}],"curies":[{"name":"wp","href":"https:\/\/api.w.org\/{rel}","templated":true}]}}