





{"id":49822,"date":"2022-04-19T13:44:08","date_gmt":"2022-04-19T11:44:08","guid":{"rendered":"https:\/\/repliquemangacine.fr\/?post_type=product&#038;p=49822"},"modified":"2025-09-23T18:02:44","modified_gmt":"2025-09-23T16:02:44","slug":"padre-espada-conan-marto","status":"publish","type":"product","link":"https:\/\/repliquemangacine.fr\/es\/katana-les-epees-de-films-et-series\/father-sword-conan-marto\/","title":{"rendered":"Padre Espada Conan Marto"},"content":{"rendered":"<h2>Padre Espada Conan Marto bajo licencia oficial<\/h2>\n<p>Lo primero es lo primero, <strong>Padre Espada Conan Marto<\/strong>Esta reproducci\u00f3n tiene licencia oficial y viene con un certificado de autenticidad que muestra el n\u00famero de serie de la hoja. Colecci\u00f3n exclusiva de espadas Conan <a href=\"https:\/\/www.marto.es\/index.php\/es\/productos-marto\/espadas-de-cine\/conan\/espada-conan-padre-bronce-detail\" target=\"_blank\" rel=\"noopener noreferrer\">Marto<\/a>.<\/p>\n<p>Las aventuras de Conan tienen lugar en un pasado m\u00edtico, creado por Howard, llamado \u2019la era hiboria\u00ab. Es un b\u00e1rbaro originario de Cimmeria, una regi\u00f3n l\u00fagubre que Howard relacionaba con la Cimmeria hist\u00f3rica. Corin es el padre de Conan y Siobahn y el famoso herrero de su pueblo de Cimmeria.<\/p>\n<p>En 1982 se estrena la pel\u00edcula Conan el B\u00e1rbaro, de John Milius, protagonizada por Arnold Schwarzenegger. Esta pel\u00edcula no es una adaptaci\u00f3n de ning\u00fan relato de Howard, solo algunas escenas est\u00e1n inspiradas en los textos originales e integradas en el guion de John Milius, escrito en colaboraci\u00f3n con Oliver Stone.<\/p>\n<h2>Tu Espada del Padre de Conan al mejor precio.<\/h2>\n<p>Le ofrecemos una amplia selecci\u00f3n de r\u00e9plicas de espadas y objetos de colecci\u00f3n de sus h\u00e9roes cinematogr\u00e1ficos favoritos.<\/p>\n<p>Lo primero y m\u00e1s importante,<\/p>\n<p>L'<a href=\"https:\/\/repliquemangacine.fr\/es\/superheroes\/espada-katana-daywalker-blade\/\">Espada Daywalker Blade<\/a> con su hoja recta y su vaina de plato para llevarla a la espalda.<br \/>\nEntonces la espada<a href=\"https:\/\/repliquemangacine.fr\/es\/otras-peliculas\/connor-macleod-espada-highlander\/\"> oficial de connor Macleod<\/a> firmado Marto.<br \/>\nTambi\u00e9n existe la<a href=\"https:\/\/repliquemangacine.fr\/es\/otras-peliculas\/conan-marto-espada-atlante\/\">Espada Atlante Conan<\/a> bajo licencia oficial distribuida por Marto.<br \/>\nY muchos m\u00e1s por descubrir en nuestra tienda en l\u00ednea.<\/p>\n<p>Por eso, aqu\u00ed tienes unas ideas fant\u00e1sticas para regalar a todos los amantes del mundo del cine.<\/p>\n<p>En conclusi\u00f3n, puede utilizar <strong>Padre Espada Conan Marto<\/strong> para tus desfiles de cosplay. Pero sobre todo, esta espada es una pieza de coleccionista bajo Licencia Oficial con Certificado de Autenticidad - MARTO.<\/p>\n<h2>\u00bfC\u00f3mo mantengo la hoja de mi espada Marto?<\/h2>\n<p>Las espadas de colecci\u00f3n y decorativas se fabrican y ensamblan de forma simplificada. Como su uso es decorativo, no cuentan con los elementos de seguridad necesarios para una espada japonesa destinada al entrenamiento.<\/p>\n<p>Sin embargo, su <strong>Padre Espada Conan Marto<\/strong> a una hoja de acero que hay que cuidar para evitar que se estropee con el tiempo. Cuando exponga su katana, sus amigos sentir\u00e1n curiosidad por ver la hoja y tocarla. Aqu\u00ed es donde hay que tener cuidado, ya que la acidez de los dedos es muy perjudicial para el acero, sea cual sea su calidad.<\/p>\n<p>Sin embargo, si esto ocurre, no te asustes, todo lo que necesitas es un pa\u00f1o humedecido con un poco de aceite y limpiar las huellas dactilares. Si haces esto, tu espada durar\u00e1 mucho tiempo.<\/p>","protected":false},"excerpt":{"rendered":"<p>Reproducci\u00f3n id\u00e9ntica de la espada del padre de Conan el B\u00e1rbaro con su Certificado de Autenticidad Marto.<\/p>\n<ul>\n<li>Hoja forjada en acero templado, con n\u00famero de serie.<\/li>\n<li>Profundos grabados en la hoja con las runas originales dedicadas a Crom.<\/li>\n<li>Guarda de acero con acabado de bronce, cabeza de alce irland\u00e9s.<\/li>\n<li>Pomo de acero acabado en bronce que representa una pezu\u00f1a de alce.<\/li>\n<li>Mango de acero recubierto de cuero trenzado.<\/li>\n<li>Con licencia oficial.<\/li>\n<li>Certificado de autenticidad<\/li>\n<li>Longitud total de la espada: 96 cm - Longitud de la hoja: 74 cm - Peso: 2,670 kg<\/li>\n<\/ul>","protected":false},"featured_media":49823,"template":"","meta":[],"product_brand":[896],"product_cat":[91,66,24],"product_tag":[],"class_list":{"0":"post-49822","1":"product","2":"type-product","3":"status-publish","4":"has-post-thumbnail","6":"product_brand-replique-manga-cine","7":"product_cat-katana-les-epees-de-films-et-series","8":"product_cat-repliques-d-armes-films-et-series","9":"product_cat-films-series-tv-vente-de-katana-epee-et-produits-derives","11":"first","12":"outofstock","13":"taxable","14":"shipping-taxable","15":"purchasable","16":"product-type-simple"},"yoast_head":"<!-- This site is optimized with the Yoast SEO plugin v27.4 - https:\/\/yoast.com\/product\/yoast-seo-wordpress\/ -->\n<title>Father Sword Conan Marto - Vente en ligne - R\u00e9plique Manga Cin\u00e9<\/title>\n<meta name=\"description\" content=\"Retrouvez la r\u00e9plique exacte de l&#039;\u00e9p\u00e9e du p\u00e8re du Conan le Barbare. Father Sword Conan Marto. Certificat d&#039;authenticit\u00e9. Sous licence officielle.\" \/>\n<meta name=\"robots\" content=\"index, follow, max-snippet:-1, max-image-preview:large, max-video-preview:-1\" \/>\n<link rel=\"canonical\" href=\"https:\/\/repliquemangacine.fr\/es\/espadas-katana-de-peliculas-y-series\/padre-espada-conan-marto\/\" \/>\n<meta property=\"og:locale\" content=\"es_ES\" \/>\n<meta property=\"og:type\" content=\"article\" \/>\n<meta property=\"og:title\" content=\"Father Sword Conan Marto - Vente en ligne - R\u00e9plique Manga Cin\u00e9\" \/>\n<meta property=\"og:description\" content=\"Retrouvez la r\u00e9plique exacte de l&#039;\u00e9p\u00e9e du p\u00e8re du Conan le Barbare. Father Sword Conan Marto. Certificat d&#039;authenticit\u00e9. Sous licence officielle.\" \/>\n<meta property=\"og:url\" content=\"https:\/\/repliquemangacine.fr\/es\/espadas-katana-de-peliculas-y-series\/padre-espada-conan-marto\/\" \/>\n<meta property=\"og:site_name\" content=\"R\u00e9plique Manga Cin\u00e9\" \/>\n<meta property=\"article:publisher\" content=\"https:\/\/www.facebook.com\/RepliqueMangaCine\" \/>\n<meta property=\"article:modified_time\" content=\"2025-09-23T16:02:44+00:00\" \/>\n<meta property=\"og:image\" content=\"https:\/\/repliquemangacine.fr\/wp-content\/uploads\/2023\/10\/epee-conan-marto.jpg\" \/>\n\t<meta property=\"og:image:width\" content=\"600\" \/>\n\t<meta property=\"og:image:height\" content=\"600\" \/>\n\t<meta property=\"og:image:type\" content=\"image\/jpeg\" \/>\n<meta name=\"twitter:card\" content=\"summary_large_image\" \/>\n<meta name=\"twitter:label1\" content=\"Tiempo de lectura\" \/>\n\t<meta name=\"twitter:data1\" content=\"1 minuto\" \/>\n<script type=\"application\/ld+json\" class=\"yoast-schema-graph\">{\"@context\":\"https:\\\/\\\/schema.org\",\"@graph\":[{\"@type\":\"WebPage\",\"@id\":\"https:\\\/\\\/repliquemangacine.fr\\\/katana-les-epees-de-films-et-series\\\/father-sword-conan-marto\\\/\",\"url\":\"https:\\\/\\\/repliquemangacine.fr\\\/katana-les-epees-de-films-et-series\\\/father-sword-conan-marto\\\/\",\"name\":\"Father Sword Conan Marto - Vente en ligne - R\u00e9plique Manga Cin\u00e9\",\"isPartOf\":{\"@id\":\"https:\\\/\\\/repliquemangacine.fr\\\/#website\"},\"primaryImageOfPage\":{\"@id\":\"https:\\\/\\\/repliquemangacine.fr\\\/katana-les-epees-de-films-et-series\\\/father-sword-conan-marto\\\/#primaryimage\"},\"image\":{\"@id\":\"https:\\\/\\\/repliquemangacine.fr\\\/katana-les-epees-de-films-et-series\\\/father-sword-conan-marto\\\/#primaryimage\"},\"thumbnailUrl\":\"https:\\\/\\\/repliquemangacine.fr\\\/wp-content\\\/uploads\\\/2023\\\/10\\\/epee-conan-marto.jpg\",\"datePublished\":\"2022-04-19T11:44:08+00:00\",\"dateModified\":\"2025-09-23T16:02:44+00:00\",\"description\":\"Retrouvez la r\u00e9plique exacte de l'\u00e9p\u00e9e du p\u00e8re du Conan le Barbare. Father Sword Conan Marto. Certificat d'authenticit\u00e9. Sous licence officielle.\",\"breadcrumb\":{\"@id\":\"https:\\\/\\\/repliquemangacine.fr\\\/katana-les-epees-de-films-et-series\\\/father-sword-conan-marto\\\/#breadcrumb\"},\"inLanguage\":\"es\",\"potentialAction\":[{\"@type\":\"ReadAction\",\"target\":[\"https:\\\/\\\/repliquemangacine.fr\\\/katana-les-epees-de-films-et-series\\\/father-sword-conan-marto\\\/\"]}]},{\"@type\":\"ImageObject\",\"inLanguage\":\"es\",\"@id\":\"https:\\\/\\\/repliquemangacine.fr\\\/katana-les-epees-de-films-et-series\\\/father-sword-conan-marto\\\/#primaryimage\",\"url\":\"https:\\\/\\\/repliquemangacine.fr\\\/wp-content\\\/uploads\\\/2023\\\/10\\\/epee-conan-marto.jpg\",\"contentUrl\":\"https:\\\/\\\/repliquemangacine.fr\\\/wp-content\\\/uploads\\\/2023\\\/10\\\/epee-conan-marto.jpg\",\"width\":600,\"height\":600,\"caption\":\"\u00e9p\u00e9e-conan-marto garde acier\"},{\"@type\":\"BreadcrumbList\",\"@id\":\"https:\\\/\\\/repliquemangacine.fr\\\/katana-les-epees-de-films-et-series\\\/father-sword-conan-marto\\\/#breadcrumb\",\"itemListElement\":[{\"@type\":\"ListItem\",\"position\":1,\"name\":\"Accueil\",\"item\":\"https:\\\/\\\/repliquemangacine.fr\\\/\"},{\"@type\":\"ListItem\",\"position\":2,\"name\":\"Produits\",\"item\":\"https:\\\/\\\/repliquemangacine.fr\\\/boutique\\\/\"},{\"@type\":\"ListItem\",\"position\":3,\"name\":\"Father Sword Conan Marto\"}]},{\"@type\":\"WebSite\",\"@id\":\"https:\\\/\\\/repliquemangacine.fr\\\/#website\",\"url\":\"https:\\\/\\\/repliquemangacine.fr\\\/\",\"name\":\"R\u00e9plique Manga Cin\u00e9\",\"description\":\"\",\"publisher\":{\"@id\":\"https:\\\/\\\/repliquemangacine.fr\\\/#organization\"},\"potentialAction\":[{\"@type\":\"SearchAction\",\"target\":{\"@type\":\"EntryPoint\",\"urlTemplate\":\"https:\\\/\\\/repliquemangacine.fr\\\/?s={search_term_string}\"},\"query-input\":{\"@type\":\"PropertyValueSpecification\",\"valueRequired\":true,\"valueName\":\"search_term_string\"}}],\"inLanguage\":\"es\"},{\"@type\":\"Organization\",\"@id\":\"https:\\\/\\\/repliquemangacine.fr\\\/#organization\",\"name\":\"R\u00e9plique Manga Cin\u00e9\",\"url\":\"https:\\\/\\\/repliquemangacine.fr\\\/\",\"logo\":{\"@type\":\"ImageObject\",\"inLanguage\":\"es\",\"@id\":\"https:\\\/\\\/repliquemangacine.fr\\\/#\\\/schema\\\/logo\\\/image\\\/\",\"url\":\"https:\\\/\\\/repliquemangacine.fr\\\/wp-content\\\/uploads\\\/2023\\\/10\\\/RMC-500250.png\",\"contentUrl\":\"https:\\\/\\\/repliquemangacine.fr\\\/wp-content\\\/uploads\\\/2023\\\/10\\\/RMC-500250.png\",\"width\":500,\"height\":250,\"caption\":\"R\u00e9plique Manga Cin\u00e9\"},\"image\":{\"@id\":\"https:\\\/\\\/repliquemangacine.fr\\\/#\\\/schema\\\/logo\\\/image\\\/\"},\"sameAs\":[\"https:\\\/\\\/www.facebook.com\\\/RepliqueMangaCine\",\"https:\\\/\\\/www.instagram.com\\\/repliquemangacine.fr\\\/\"]}]}<\/script>\n<!-- \/ Yoast SEO plugin. -->","yoast_head_json":{"title":"Espada Padre Conan Marto - Venta en l\u00ednea - R\u00e9plique Manga Cin\u00e9","description":"Encuentra la r\u00e9plica exacta de la espada utilizada por el padre de Conan el B\u00e1rbaro. Espada del Padre Conan Marto. Certificado de autenticidad. Bajo licencia oficial.","robots":{"index":"index","follow":"follow","max-snippet":"max-snippet:-1","max-image-preview":"max-image-preview:large","max-video-preview":"max-video-preview:-1"},"canonical":"https:\/\/repliquemangacine.fr\/es\/espadas-katana-de-peliculas-y-series\/padre-espada-conan-marto\/","og_locale":"es_ES","og_type":"article","og_title":"Father Sword Conan Marto - Vente en ligne - R\u00e9plique Manga Cin\u00e9","og_description":"Retrouvez la r\u00e9plique exacte de l'\u00e9p\u00e9e du p\u00e8re du Conan le Barbare. Father Sword Conan Marto. Certificat d'authenticit\u00e9. Sous licence officielle.","og_url":"https:\/\/repliquemangacine.fr\/es\/espadas-katana-de-peliculas-y-series\/padre-espada-conan-marto\/","og_site_name":"R\u00e9plique Manga Cin\u00e9","article_publisher":"https:\/\/www.facebook.com\/RepliqueMangaCine","article_modified_time":"2025-09-23T16:02:44+00:00","og_image":[{"width":600,"height":600,"url":"https:\/\/repliquemangacine.fr\/wp-content\/uploads\/2023\/10\/epee-conan-marto.jpg","type":"image\/jpeg"}],"twitter_card":"summary_large_image","twitter_misc":{"Tiempo de lectura":"1 minuto"},"schema":{"@context":"https:\/\/schema.org","@graph":[{"@type":"WebPage","@id":"https:\/\/repliquemangacine.fr\/katana-les-epees-de-films-et-series\/father-sword-conan-marto\/","url":"https:\/\/repliquemangacine.fr\/katana-les-epees-de-films-et-series\/father-sword-conan-marto\/","name":"Espada Padre Conan Marto - Venta en l\u00ednea - R\u00e9plique Manga Cin\u00e9","isPartOf":{"@id":"https:\/\/repliquemangacine.fr\/#website"},"primaryImageOfPage":{"@id":"https:\/\/repliquemangacine.fr\/katana-les-epees-de-films-et-series\/father-sword-conan-marto\/#primaryimage"},"image":{"@id":"https:\/\/repliquemangacine.fr\/katana-les-epees-de-films-et-series\/father-sword-conan-marto\/#primaryimage"},"thumbnailUrl":"https:\/\/repliquemangacine.fr\/wp-content\/uploads\/2023\/10\/epee-conan-marto.jpg","datePublished":"2022-04-19T11:44:08+00:00","dateModified":"2025-09-23T16:02:44+00:00","description":"Encuentra la r\u00e9plica exacta de la espada utilizada por el padre de Conan el B\u00e1rbaro. Espada del Padre Conan Marto. Certificado de autenticidad. Bajo licencia oficial.","breadcrumb":{"@id":"https:\/\/repliquemangacine.fr\/katana-les-epees-de-films-et-series\/father-sword-conan-marto\/#breadcrumb"},"inLanguage":"es","potentialAction":[{"@type":"ReadAction","target":["https:\/\/repliquemangacine.fr\/katana-les-epees-de-films-et-series\/father-sword-conan-marto\/"]}]},{"@type":"ImageObject","inLanguage":"es","@id":"https:\/\/repliquemangacine.fr\/katana-les-epees-de-films-et-series\/father-sword-conan-marto\/#primaryimage","url":"https:\/\/repliquemangacine.fr\/wp-content\/uploads\/2023\/10\/epee-conan-marto.jpg","contentUrl":"https:\/\/repliquemangacine.fr\/wp-content\/uploads\/2023\/10\/epee-conan-marto.jpg","width":600,"height":600,"caption":"\u00e9p\u00e9e-conan-marto garde acier"},{"@type":"BreadcrumbList","@id":"https:\/\/repliquemangacine.fr\/katana-les-epees-de-films-et-series\/father-sword-conan-marto\/#breadcrumb","itemListElement":[{"@type":"ListItem","position":1,"name":"Accueil","item":"https:\/\/repliquemangacine.fr\/"},{"@type":"ListItem","position":2,"name":"Produits","item":"https:\/\/repliquemangacine.fr\/boutique\/"},{"@type":"ListItem","position":3,"name":"Father Sword Conan Marto"}]},{"@type":"WebSite","@id":"https:\/\/repliquemangacine.fr\/#website","url":"https:\/\/repliquemangacine.fr\/","name":"R\u00e9plique Manga Cin\u00e9","description":"","publisher":{"@id":"https:\/\/repliquemangacine.fr\/#organization"},"potentialAction":[{"@type":"SearchAction","target":{"@type":"EntryPoint","urlTemplate":"https:\/\/repliquemangacine.fr\/?s={search_term_string}"},"query-input":{"@type":"PropertyValueSpecification","valueRequired":true,"valueName":"search_term_string"}}],"inLanguage":"es"},{"@type":"Organization","@id":"https:\/\/repliquemangacine.fr\/#organization","name":"R\u00e9plique Manga Cin\u00e9","url":"https:\/\/repliquemangacine.fr\/","logo":{"@type":"ImageObject","inLanguage":"es","@id":"https:\/\/repliquemangacine.fr\/#\/schema\/logo\/image\/","url":"https:\/\/repliquemangacine.fr\/wp-content\/uploads\/2023\/10\/RMC-500250.png","contentUrl":"https:\/\/repliquemangacine.fr\/wp-content\/uploads\/2023\/10\/RMC-500250.png","width":500,"height":250,"caption":"R\u00e9plique Manga Cin\u00e9"},"image":{"@id":"https:\/\/repliquemangacine.fr\/#\/schema\/logo\/image\/"},"sameAs":["https:\/\/www.facebook.com\/RepliqueMangaCine","https:\/\/www.instagram.com\/repliquemangacine.fr\/"]}]}},"_links":{"self":[{"href":"https:\/\/repliquemangacine.fr\/es\/wp-json\/wp\/v2\/product\/49822","targetHints":{"allow":["GET"]}}],"collection":[{"href":"https:\/\/repliquemangacine.fr\/es\/wp-json\/wp\/v2\/product"}],"about":[{"href":"https:\/\/repliquemangacine.fr\/es\/wp-json\/wp\/v2\/types\/product"}],"wp:featuredmedia":[{"embeddable":true,"href":"https:\/\/repliquemangacine.fr\/es\/wp-json\/wp\/v2\/media\/49823"}],"wp:attachment":[{"href":"https:\/\/repliquemangacine.fr\/es\/wp-json\/wp\/v2\/media?parent=49822"}],"wp:term":[{"taxonomy":"product_brand","embeddable":true,"href":"https:\/\/repliquemangacine.fr\/es\/wp-json\/wp\/v2\/product_brand?post=49822"},{"taxonomy":"product_cat","embeddable":true,"href":"https:\/\/repliquemangacine.fr\/es\/wp-json\/wp\/v2\/product_cat?post=49822"},{"taxonomy":"product_tag","embeddable":true,"href":"https:\/\/repliquemangacine.fr\/es\/wp-json\/wp\/v2\/product_tag?post=49822"}],"curies":[{"name":"wp","href":"https:\/\/api.w.org\/{rel}","templated":true}]}}