





{"id":49697,"date":"2022-04-13T16:28:27","date_gmt":"2022-04-13T14:28:27","guid":{"rendered":"https:\/\/repliquemangacine.fr\/?post_type=product&#038;p=49697"},"modified":"2025-09-23T18:02:44","modified_gmt":"2025-09-23T16:02:44","slug":"espada-vikinga-hedeby-siglo-ix","status":"publish","type":"product","link":"https:\/\/repliquemangacine.fr\/es\/epees-serie-tv-vikings\/epee-viking-hedeby-9eme-siecle\/","title":{"rendered":"Espada vikinga Hedeby siglo 9\u1d49."},"content":{"rendered":"<h2>Espada vikinga Hedeby siglo 9\u1d49.<\/h2>\n<p>Para empezar, este <strong>Espada vikinga Hedeby<\/strong> Es una reconstrucci\u00f3n de un hallazgo funerario finamente elaborado.  Notablemente bien conservado, excavado en Hedeby, habr\u00eda pertenecido a un noble dan\u00e9s del siglo IX o a un rico guerrero vikingo.  El original de la pieza arqueol\u00f3gica se exhibe en el Museo Vikingo de Hedeby.<\/p>\n<p>El yacimiento vikingo de Hedeby, inscrito en la lista del Patrimonio Mundial de la UNESCO en 2018.<\/p>\n<p>Durante m\u00e1s de 100 a\u00f1os, los vikingos llevaron a cabo numerosas incursiones sangrientas en Francia. Estos guerreros procedentes de Noruega obtuvieron numerosas victorias. Incluso se establecieron de forma permanente en Normand\u00eda, regi\u00f3n que debe su nombre a estos invasores.<\/p>\n<p>Reconocidos como temibles guerreros, los vikingos nunca lograron formar un verdadero ej\u00e9rcito.<\/p>\n<h2>Tu Espada Vikinga Hedeby al mejor precio.<\/h2>\n<p>Le ofrecemos una amplia selecci\u00f3n de espadas, as\u00ed como cascos y escudos de la \u00e9poca vikinga.<\/p>\n<p>Lo primero y m\u00e1s importante,<\/p>\n<ul>\n<li>Este <a href=\"https:\/\/repliquemangacine.fr\/es\/vikingo\/vikingos-lagertha-espada\/\">La espada de Lagertha<\/a> esposa de Ragnar Lothbrok en la serie Vikingos.<\/li>\n<li>Tambi\u00e9n hay un escudo redondo de madera con un Umbo de acero.<\/li>\n<li>As\u00ed como el <a href=\"https:\/\/repliquemangacine.fr\/es\/vikingo\/casco-vikingo-de-beowulf\/\">Beowulf Casco vikingo<\/a> con apliques de lat\u00f3n.<\/li>\n<li>Y muchos m\u00e1s.<\/li>\n<li>Si busca una pulsera, un anillo o incluso un tatuaje, visite nuestra tienda asociada. <a href=\"https:\/\/www.viking-clan.com\/\" target=\"_blank\" rel=\"noopener noreferrer\">Clan vikingo<\/a>.<\/li>\n<\/ul>\n<p>Por eso, es una idea estupenda para regalar a los aficionados a la \u00e9poca vikinga, pero tambi\u00e9n a los fans de la famosa serie.<\/p>\n<p>En conclusi\u00f3n, tambi\u00e9n puedes utilizar esta espada para tus desfiles de cosplay o tus recreaciones hist\u00f3ricas. Pero, ante todo, la\u2019<strong>Espada vikinga Hedeby<\/strong>Es una pieza de coleccionista, adem\u00e1s de decorativa.<\/p>\n<h2>\u00bfC\u00f3mo mantengo la hoja de mi espada?<\/h2>\n<p>Las espadas de colecci\u00f3n y decorativas se fabrican y ensamblan de forma simplificada. Como su uso es decorativo, no cuentan con los elementos de seguridad necesarios para una espada japonesa destinada al entrenamiento.<\/p>\n<p>Sin embargo, su <strong>Espada vikinga Hedeby<\/strong> a una hoja de acero que hay que cuidar para evitar que se estropee con el tiempo. Cuando exponga su katana, sus amigos sentir\u00e1n curiosidad por ver la hoja y tocarla. Aqu\u00ed es donde hay que tener cuidado, ya que la acidez de los dedos es muy perjudicial para el acero, sea cual sea su calidad.<\/p>\n<p>Sin embargo, si esto ocurre, no te asustes, todo lo que necesitas es un pa\u00f1o humedecido con un poco de aceite y limpiar las huellas dactilares. Si haces esto, tu espada durar\u00e1 mucho tiempo.<\/p>","protected":false},"excerpt":{"rendered":"<p>Esta espada vikinga de Hedeby es una reconstrucci\u00f3n de un hallazgo funerario.<\/p>\n<ul>\n<li>Hoja de acero al carbono sin afilar.<\/li>\n<li>Mango de madera recubierto de cuero rojo.<\/li>\n<li>Empu\u00f1adura y pomo de lat\u00f3n grabado.<\/li>\n<li>Vaina de madera recubierta de cuero aut\u00e9ntico.<\/li>\n<li>Longitud de la hoja: 74 cm - Longitud total: 90 cm - Peso: 1,45 kg<\/li>\n<\/ul>\n<p><strong>\u00a0<\/strong><\/p>","protected":false},"featured_media":49698,"template":"","meta":[],"product_brand":[896],"product_cat":[25,112,24,103,57],"product_tag":[],"class_list":{"0":"post-49697","1":"product","2":"type-product","3":"status-publish","4":"has-post-thumbnail","6":"product_brand-replique-manga-cine","7":"product_cat-armes-historiques","8":"product_cat-epees-serie-tv-vikings","9":"product_cat-films-series-tv-vente-de-katana-epee-et-produits-derives","10":"product_cat-armes-et-accessoires-vikings","11":"product_cat-armes-vikings","13":"first","14":"instock","15":"taxable","16":"shipping-taxable","17":"purchasable","18":"product-type-simple"},"yoast_head":"<!-- This site is optimized with the Yoast SEO plugin v27.4 - https:\/\/yoast.com\/product\/yoast-seo-wordpress\/ -->\n<title>Ep\u00e9e Viking Hedeby 9\u1d49 si\u00e8cle - Vente en ligne \u00e9p\u00e9e viking - RMC<\/title>\n<meta name=\"description\" content=\"Offrez-lui l&#039;Ep\u00e9e Viking Hedeby du 9\u1d49 si\u00e8cle au meilleur prix. Lame en acier carbone - Fourreau cuir - Longueur totale : 90 cm - Envoi 24\/48h\" \/>\n<meta name=\"robots\" content=\"index, follow, max-snippet:-1, max-image-preview:large, max-video-preview:-1\" \/>\n<link rel=\"canonical\" href=\"https:\/\/repliquemangacine.fr\/es\/espadas-serie-vikingos\/espada-vikinga-hedeby-siglo-ix\/\" \/>\n<meta property=\"og:locale\" content=\"es_ES\" \/>\n<meta property=\"og:type\" content=\"article\" \/>\n<meta property=\"og:title\" content=\"Ep\u00e9e Viking Hedeby 9\u1d49 si\u00e8cle - Vente en ligne \u00e9p\u00e9e viking - RMC\" \/>\n<meta property=\"og:description\" content=\"Offrez-lui l&#039;Ep\u00e9e Viking Hedeby du 9\u1d49 si\u00e8cle au meilleur prix. Lame en acier carbone - Fourreau cuir - Longueur totale : 90 cm - Envoi 24\/48h\" \/>\n<meta property=\"og:url\" content=\"https:\/\/repliquemangacine.fr\/es\/espadas-serie-vikingos\/espada-vikinga-hedeby-siglo-ix\/\" \/>\n<meta property=\"og:site_name\" content=\"R\u00e9plique Manga Cin\u00e9\" \/>\n<meta property=\"article:publisher\" content=\"https:\/\/www.facebook.com\/RepliqueMangaCine\" \/>\n<meta property=\"article:modified_time\" content=\"2025-09-23T16:02:44+00:00\" \/>\n<meta property=\"og:image\" content=\"https:\/\/repliquemangacine.fr\/wp-content\/uploads\/2023\/10\/viking-1.jpg\" \/>\n\t<meta property=\"og:image:width\" content=\"800\" \/>\n\t<meta property=\"og:image:height\" content=\"800\" \/>\n\t<meta property=\"og:image:type\" content=\"image\/jpeg\" \/>\n<meta name=\"twitter:card\" content=\"summary_large_image\" \/>\n<meta name=\"twitter:label1\" content=\"Tiempo de lectura\" \/>\n\t<meta name=\"twitter:data1\" content=\"2 minutos\" \/>\n<script type=\"application\/ld+json\" class=\"yoast-schema-graph\">{\"@context\":\"https:\\\/\\\/schema.org\",\"@graph\":[{\"@type\":\"WebPage\",\"@id\":\"https:\\\/\\\/repliquemangacine.fr\\\/en\\\/swords-tv-series-vikings\\\/hedeby-viking-sword-9th-century\\\/\",\"url\":\"https:\\\/\\\/repliquemangacine.fr\\\/en\\\/swords-tv-series-vikings\\\/hedeby-viking-sword-9th-century\\\/\",\"name\":\"Ep\u00e9e Viking Hedeby 9\u1d49 si\u00e8cle - Vente en ligne \u00e9p\u00e9e viking - RMC\",\"isPartOf\":{\"@id\":\"https:\\\/\\\/repliquemangacine.fr\\\/#website\"},\"primaryImageOfPage\":{\"@id\":\"https:\\\/\\\/repliquemangacine.fr\\\/en\\\/swords-tv-series-vikings\\\/hedeby-viking-sword-9th-century\\\/#primaryimage\"},\"image\":{\"@id\":\"https:\\\/\\\/repliquemangacine.fr\\\/en\\\/swords-tv-series-vikings\\\/hedeby-viking-sword-9th-century\\\/#primaryimage\"},\"thumbnailUrl\":\"https:\\\/\\\/repliquemangacine.fr\\\/wp-content\\\/uploads\\\/2023\\\/10\\\/viking-1.jpg\",\"datePublished\":\"2022-04-13T14:28:27+00:00\",\"dateModified\":\"2025-09-23T16:02:44+00:00\",\"description\":\"Offrez-lui l'Ep\u00e9e Viking Hedeby du 9\u1d49 si\u00e8cle au meilleur prix. Lame en acier carbone - Fourreau cuir - Longueur totale : 90 cm - Envoi 24\\\/48h\",\"breadcrumb\":{\"@id\":\"https:\\\/\\\/repliquemangacine.fr\\\/en\\\/swords-tv-series-vikings\\\/hedeby-viking-sword-9th-century\\\/#breadcrumb\"},\"inLanguage\":\"es\",\"potentialAction\":[{\"@type\":\"ReadAction\",\"target\":[\"https:\\\/\\\/repliquemangacine.fr\\\/en\\\/swords-tv-series-vikings\\\/hedeby-viking-sword-9th-century\\\/\"]}]},{\"@type\":\"ImageObject\",\"inLanguage\":\"es\",\"@id\":\"https:\\\/\\\/repliquemangacine.fr\\\/en\\\/swords-tv-series-vikings\\\/hedeby-viking-sword-9th-century\\\/#primaryimage\",\"url\":\"https:\\\/\\\/repliquemangacine.fr\\\/wp-content\\\/uploads\\\/2023\\\/10\\\/viking-1.jpg\",\"contentUrl\":\"https:\\\/\\\/repliquemangacine.fr\\\/wp-content\\\/uploads\\\/2023\\\/10\\\/viking-1.jpg\",\"width\":800,\"height\":800,\"caption\":\"Ep\u00e9e viking Hedeby 9\u00e8me si\u00e8cle\"},{\"@type\":\"BreadcrumbList\",\"@id\":\"https:\\\/\\\/repliquemangacine.fr\\\/en\\\/swords-tv-series-vikings\\\/hedeby-viking-sword-9th-century\\\/#breadcrumb\",\"itemListElement\":[{\"@type\":\"ListItem\",\"position\":1,\"name\":\"Accueil\",\"item\":\"https:\\\/\\\/repliquemangacine.fr\\\/\"},{\"@type\":\"ListItem\",\"position\":2,\"name\":\"Produits\",\"item\":\"https:\\\/\\\/repliquemangacine.fr\\\/boutique\\\/\"},{\"@type\":\"ListItem\",\"position\":3,\"name\":\"Ep\u00e9e Viking Hedeby 9\u1d49 si\u00e8cle\"}]},{\"@type\":\"WebSite\",\"@id\":\"https:\\\/\\\/repliquemangacine.fr\\\/#website\",\"url\":\"https:\\\/\\\/repliquemangacine.fr\\\/\",\"name\":\"R\u00e9plique Manga Cin\u00e9\",\"description\":\"\",\"publisher\":{\"@id\":\"https:\\\/\\\/repliquemangacine.fr\\\/#organization\"},\"potentialAction\":[{\"@type\":\"SearchAction\",\"target\":{\"@type\":\"EntryPoint\",\"urlTemplate\":\"https:\\\/\\\/repliquemangacine.fr\\\/?s={search_term_string}\"},\"query-input\":{\"@type\":\"PropertyValueSpecification\",\"valueRequired\":true,\"valueName\":\"search_term_string\"}}],\"inLanguage\":\"es\"},{\"@type\":\"Organization\",\"@id\":\"https:\\\/\\\/repliquemangacine.fr\\\/#organization\",\"name\":\"R\u00e9plique Manga Cin\u00e9\",\"url\":\"https:\\\/\\\/repliquemangacine.fr\\\/\",\"logo\":{\"@type\":\"ImageObject\",\"inLanguage\":\"es\",\"@id\":\"https:\\\/\\\/repliquemangacine.fr\\\/#\\\/schema\\\/logo\\\/image\\\/\",\"url\":\"https:\\\/\\\/repliquemangacine.fr\\\/wp-content\\\/uploads\\\/2023\\\/10\\\/RMC-500250.png\",\"contentUrl\":\"https:\\\/\\\/repliquemangacine.fr\\\/wp-content\\\/uploads\\\/2023\\\/10\\\/RMC-500250.png\",\"width\":500,\"height\":250,\"caption\":\"R\u00e9plique Manga Cin\u00e9\"},\"image\":{\"@id\":\"https:\\\/\\\/repliquemangacine.fr\\\/#\\\/schema\\\/logo\\\/image\\\/\"},\"sameAs\":[\"https:\\\/\\\/www.facebook.com\\\/RepliqueMangaCine\",\"https:\\\/\\\/www.instagram.com\\\/repliquemangacine.fr\\\/\"]}]}<\/script>\n<!-- \/ Yoast SEO plugin. -->","yoast_head_json":{"title":"Espada vikinga Hedeby siglo 9\u1d49 - Venta de espadas vikingas on-line - RMC","description":"Ofr\u00e9cele la espada vikinga Hedeby del siglo 9\u1d49 al mejor precio. Hoja de acero al carbono - Vaina de cuero - Longitud total: 90 cm - Env\u00edo 24\/48h.","robots":{"index":"index","follow":"follow","max-snippet":"max-snippet:-1","max-image-preview":"max-image-preview:large","max-video-preview":"max-video-preview:-1"},"canonical":"https:\/\/repliquemangacine.fr\/es\/espadas-serie-vikingos\/espada-vikinga-hedeby-siglo-ix\/","og_locale":"es_ES","og_type":"article","og_title":"Ep\u00e9e Viking Hedeby 9\u1d49 si\u00e8cle - Vente en ligne \u00e9p\u00e9e viking - RMC","og_description":"Offrez-lui l'Ep\u00e9e Viking Hedeby du 9\u1d49 si\u00e8cle au meilleur prix. Lame en acier carbone - Fourreau cuir - Longueur totale : 90 cm - Envoi 24\/48h","og_url":"https:\/\/repliquemangacine.fr\/es\/espadas-serie-vikingos\/espada-vikinga-hedeby-siglo-ix\/","og_site_name":"R\u00e9plique Manga Cin\u00e9","article_publisher":"https:\/\/www.facebook.com\/RepliqueMangaCine","article_modified_time":"2025-09-23T16:02:44+00:00","og_image":[{"width":800,"height":800,"url":"https:\/\/repliquemangacine.fr\/wp-content\/uploads\/2023\/10\/viking-1.jpg","type":"image\/jpeg"}],"twitter_card":"summary_large_image","twitter_misc":{"Tiempo de lectura":"2 minutos"},"schema":{"@context":"https:\/\/schema.org","@graph":[{"@type":"WebPage","@id":"https:\/\/repliquemangacine.fr\/en\/swords-tv-series-vikings\/hedeby-viking-sword-9th-century\/","url":"https:\/\/repliquemangacine.fr\/en\/swords-tv-series-vikings\/hedeby-viking-sword-9th-century\/","name":"Espada vikinga Hedeby siglo 9\u1d49 - Venta de espadas vikingas on-line - RMC","isPartOf":{"@id":"https:\/\/repliquemangacine.fr\/#website"},"primaryImageOfPage":{"@id":"https:\/\/repliquemangacine.fr\/en\/swords-tv-series-vikings\/hedeby-viking-sword-9th-century\/#primaryimage"},"image":{"@id":"https:\/\/repliquemangacine.fr\/en\/swords-tv-series-vikings\/hedeby-viking-sword-9th-century\/#primaryimage"},"thumbnailUrl":"https:\/\/repliquemangacine.fr\/wp-content\/uploads\/2023\/10\/viking-1.jpg","datePublished":"2022-04-13T14:28:27+00:00","dateModified":"2025-09-23T16:02:44+00:00","description":"Ofr\u00e9cele la espada vikinga Hedeby del siglo 9\u1d49 al mejor precio. Hoja de acero al carbono - Vaina de cuero - Longitud total: 90 cm - Env\u00edo 24\/48h.","breadcrumb":{"@id":"https:\/\/repliquemangacine.fr\/en\/swords-tv-series-vikings\/hedeby-viking-sword-9th-century\/#breadcrumb"},"inLanguage":"es","potentialAction":[{"@type":"ReadAction","target":["https:\/\/repliquemangacine.fr\/en\/swords-tv-series-vikings\/hedeby-viking-sword-9th-century\/"]}]},{"@type":"ImageObject","inLanguage":"es","@id":"https:\/\/repliquemangacine.fr\/en\/swords-tv-series-vikings\/hedeby-viking-sword-9th-century\/#primaryimage","url":"https:\/\/repliquemangacine.fr\/wp-content\/uploads\/2023\/10\/viking-1.jpg","contentUrl":"https:\/\/repliquemangacine.fr\/wp-content\/uploads\/2023\/10\/viking-1.jpg","width":800,"height":800,"caption":"Ep\u00e9e viking Hedeby 9\u00e8me si\u00e8cle"},{"@type":"BreadcrumbList","@id":"https:\/\/repliquemangacine.fr\/en\/swords-tv-series-vikings\/hedeby-viking-sword-9th-century\/#breadcrumb","itemListElement":[{"@type":"ListItem","position":1,"name":"Accueil","item":"https:\/\/repliquemangacine.fr\/"},{"@type":"ListItem","position":2,"name":"Produits","item":"https:\/\/repliquemangacine.fr\/boutique\/"},{"@type":"ListItem","position":3,"name":"Ep\u00e9e Viking Hedeby 9\u1d49 si\u00e8cle"}]},{"@type":"WebSite","@id":"https:\/\/repliquemangacine.fr\/#website","url":"https:\/\/repliquemangacine.fr\/","name":"R\u00e9plique Manga Cin\u00e9","description":"","publisher":{"@id":"https:\/\/repliquemangacine.fr\/#organization"},"potentialAction":[{"@type":"SearchAction","target":{"@type":"EntryPoint","urlTemplate":"https:\/\/repliquemangacine.fr\/?s={search_term_string}"},"query-input":{"@type":"PropertyValueSpecification","valueRequired":true,"valueName":"search_term_string"}}],"inLanguage":"es"},{"@type":"Organization","@id":"https:\/\/repliquemangacine.fr\/#organization","name":"R\u00e9plique Manga Cin\u00e9","url":"https:\/\/repliquemangacine.fr\/","logo":{"@type":"ImageObject","inLanguage":"es","@id":"https:\/\/repliquemangacine.fr\/#\/schema\/logo\/image\/","url":"https:\/\/repliquemangacine.fr\/wp-content\/uploads\/2023\/10\/RMC-500250.png","contentUrl":"https:\/\/repliquemangacine.fr\/wp-content\/uploads\/2023\/10\/RMC-500250.png","width":500,"height":250,"caption":"R\u00e9plique Manga Cin\u00e9"},"image":{"@id":"https:\/\/repliquemangacine.fr\/#\/schema\/logo\/image\/"},"sameAs":["https:\/\/www.facebook.com\/RepliqueMangaCine","https:\/\/www.instagram.com\/repliquemangacine.fr\/"]}]}},"_links":{"self":[{"href":"https:\/\/repliquemangacine.fr\/es\/wp-json\/wp\/v2\/product\/49697","targetHints":{"allow":["GET"]}}],"collection":[{"href":"https:\/\/repliquemangacine.fr\/es\/wp-json\/wp\/v2\/product"}],"about":[{"href":"https:\/\/repliquemangacine.fr\/es\/wp-json\/wp\/v2\/types\/product"}],"wp:featuredmedia":[{"embeddable":true,"href":"https:\/\/repliquemangacine.fr\/es\/wp-json\/wp\/v2\/media\/49698"}],"wp:attachment":[{"href":"https:\/\/repliquemangacine.fr\/es\/wp-json\/wp\/v2\/media?parent=49697"}],"wp:term":[{"taxonomy":"product_brand","embeddable":true,"href":"https:\/\/repliquemangacine.fr\/es\/wp-json\/wp\/v2\/product_brand?post=49697"},{"taxonomy":"product_cat","embeddable":true,"href":"https:\/\/repliquemangacine.fr\/es\/wp-json\/wp\/v2\/product_cat?post=49697"},{"taxonomy":"product_tag","embeddable":true,"href":"https:\/\/repliquemangacine.fr\/es\/wp-json\/wp\/v2\/product_tag?post=49697"}],"curies":[{"name":"wp","href":"https:\/\/api.w.org\/{rel}","templated":true}]}}