





{"id":49565,"date":"2022-04-08T15:33:14","date_gmt":"2022-04-08T13:33:14","guid":{"rendered":"https:\/\/repliquemangacine.fr\/?post_type=product&#038;p=49565"},"modified":"2026-03-26T18:23:34","modified_gmt":"2026-03-26T17:23:34","slug":"yoriichi-demon-slayer-katana","status":"publish","type":"product","link":"https:\/\/repliquemangacine.fr\/es\/katana-demon-slayer-metal\/katana-de-yoriichi-demon-slayer\/","title":{"rendered":"Katana de Yoriichi Demon Slayer"},"content":{"rendered":"<h2>Katana de acero Yoriichi Tsugikuni Demon Slayer<\/h2>\n<p>Para empezar, el <strong>Katana de Yoriichi Demon Slayer<\/strong> destaca por su acabado y dise\u00f1o.<\/p>\n<p>Yoriichi Tsugikuni, personaje secundario importante de Demon Slayer: Kimetsu no Yaiba. Legendario cazador de demonios del ej\u00e9rcito de cazadores de demonios durante la era Sengoku.<\/p>\n<p>Su estilo de lucha es <a href=\"https:\/\/kimetsu-no-yaiba.fandom.com\/fr\/wiki\/Souffle_du_Soleil\" target=\"_blank\" rel=\"noopener noreferrer\">El sufl\u00e9 del sol<\/a>, tambi\u00e9n conocido como el Soplo Original. Es un estilo de manejo de la espada utilizado por el primer Cazador de demonios, Yoriichi Tsugikuni.<br \/>\nSirve de base para otros estilos de Souffle derivados de este, que fueron desarrollados originalmente por los alumnos de Yoriichi.<\/p>\n<p>Se supone que El aliento del sol tiene doce movimientos, pero en realidad hay trece. El decimotercer movimiento se obtiene repitiendo los doce movimientos iniciales uno tras otro, ya que se supone que las t\u00e9cnicas est\u00e1n conectadas como un c\u00edrculo.<\/p>\n<h2>Tu Katana de Yoriichi Demon Slayer al mejor precio<\/h2>\n<p>Tenemos todas las frases de tus personajes favoritos en este manga anime de Demon Slayer.<\/p>\n<p>Lo primero y m\u00e1s importante,<\/p>\n<ul>\n<li>el<a href=\"https:\/\/repliquemangacine.fr\/es\/cazador-de-demonios\/zenitsu-agatsuma-katana-mata-demonios\/\"> Katana de Zenitsu Agatsuma<\/a> y su hoja serigrafiada en oro imitando un arn\u00e9s el\u00e9ctrico.<\/li>\n<li>As\u00ed como el <a href=\"https:\/\/repliquemangacine.fr\/es\/cazador-de-demonios\/shinobu-matademonios-katana\/\">Katana de Shinobu Koch\u014d<\/a> con su hoja modificada que desaparece hasta la punta.<\/li>\n<li>Y hay mucho m\u00e1s por descubrir.<\/li>\n<\/ul>\n<p>Aqu\u00ed tienes algunas ideas para regalar a los fans de Kimetsu no Yaiba o Demon Slayer.<\/p>\n<p>En conclusi\u00f3n, tambi\u00e9n puede utilizar este <strong>Katana Yoriichi Demon Slayer<\/strong> para tus desfiles de cosplay o veladas tem\u00e1ticas. Pero, sobre todo, la espada Yoriichi Tsugikuni es tambi\u00e9n una pieza de coleccionista y una pieza decorativa.<\/p>\n<h2>\u00bfC\u00f3mo se mantiene la hoja de la katana Yoriichi?<\/h2>\n<p>Las katanas de colecci\u00f3n y decorativas se fabrican y ensamblan de forma simplificada. Como su uso es decorativo, no cuentan con los elementos de seguridad exigidos a una espada japonesa destinada al entrenamiento.<\/p>\n<p>Sin embargo, su <strong>katana Yoriichi Demon Slayer<\/strong> a una hoja de acero que hay que cuidar para evitar que se estropee con el tiempo. Cuando exponga su katana, sus amigos sentir\u00e1n curiosidad por ver la hoja y tocarla. Aqu\u00ed es donde hay que tener cuidado, ya que la acidez de los dedos es muy perjudicial para el acero, sea cual sea su calidad.<\/p>\n<p>Si esto ocurre, no te asustes, simplemente utiliza un pa\u00f1o humedecido con un poco de aceite y limpia las huellas dactilares. Si haces esto, tu espada durar\u00e1 mucho tiempo.<\/p>\n<p><strong>Prohibida la venta a menores.<\/strong><\/p>","protected":false},"excerpt":{"rendered":"<p>Magn\u00edfica r\u00e9plica de la katana de Yoriichi en Demon Slayer: Kimetsu no Yaiba.<\/p>\n<ul>\n<li>Hoja bicolor de acero inoxidable 440 con ideograma.<\/li>\n<li>Asa de madera recubierta de cinta de purpurina amarilla con escritura en negro envejecido.<\/li>\n<li>Vaina de madera negra.<\/li>\n<li>Protector de forma espec\u00edfica de acero macizo<\/li>\n<li>Longitud de la hoja: 68 cm - Longitud total: 103 cm<\/li>\n<\/ul>","protected":false},"featured_media":49566,"template":"","meta":[],"product_brand":[896],"product_cat":[63,117,23],"product_tag":[],"class_list":{"0":"post-49565","1":"product","2":"type-product","3":"status-publish","4":"has-post-thumbnail","6":"product_brand-replique-manga-cine","7":"product_cat-katana-demon-slayer","8":"product_cat-katana-demon-slayer-metal","9":"product_cat-repliques-manga-jeux-video","11":"first","12":"instock","13":"taxable","14":"shipping-taxable","15":"purchasable","16":"product-type-simple"},"yoast_head":"<!-- This site is optimized with the Yoast SEO plugin v27.4 - https:\/\/yoast.com\/product\/yoast-seo-wordpress\/ -->\n<title>Katana de Yoriichi Demon Slayer - Boutique en ligne - RMC<\/title>\n<meta name=\"description\" content=\"Commandez votre Katana de Yoriichi Demon Slayer au meilleur prix. Lame acier noir et rouge de 68 cm - Longueur totale 103 cm - Envoi 24\/48h\" \/>\n<meta name=\"robots\" content=\"index, follow, max-snippet:-1, max-image-preview:large, max-video-preview:-1\" \/>\n<link rel=\"canonical\" href=\"https:\/\/repliquemangacine.fr\/es\/katana-demon-slayer-metal\/yoriichi-demon-slayer-katana\/\" \/>\n<meta property=\"og:locale\" content=\"es_ES\" \/>\n<meta property=\"og:type\" content=\"article\" \/>\n<meta property=\"og:title\" content=\"Katana de Yoriichi Demon Slayer - Boutique en ligne - RMC\" \/>\n<meta property=\"og:description\" content=\"Commandez votre Katana de Yoriichi Demon Slayer au meilleur prix. Lame acier noir et rouge de 68 cm - Longueur totale 103 cm - Envoi 24\/48h\" \/>\n<meta property=\"og:url\" content=\"https:\/\/repliquemangacine.fr\/es\/katana-demon-slayer-metal\/yoriichi-demon-slayer-katana\/\" \/>\n<meta property=\"og:site_name\" content=\"R\u00e9plique Manga Cin\u00e9\" \/>\n<meta property=\"article:publisher\" content=\"https:\/\/www.facebook.com\/RepliqueMangaCine\" \/>\n<meta property=\"article:modified_time\" content=\"2026-03-26T17:23:34+00:00\" \/>\n<meta property=\"og:image\" content=\"https:\/\/repliquemangacine.fr\/wp-content\/uploads\/2023\/10\/Katana-Yoriichi-Tsugikuni.jpg\" \/>\n\t<meta property=\"og:image:width\" content=\"800\" \/>\n\t<meta property=\"og:image:height\" content=\"800\" \/>\n\t<meta property=\"og:image:type\" content=\"image\/jpeg\" \/>\n<meta name=\"twitter:card\" content=\"summary_large_image\" \/>\n<meta name=\"twitter:label1\" content=\"Tiempo de lectura\" \/>\n\t<meta name=\"twitter:data1\" content=\"2 minutos\" \/>\n<script type=\"application\/ld+json\" class=\"yoast-schema-graph\">{\"@context\":\"https:\\\/\\\/schema.org\",\"@graph\":[{\"@type\":\"WebPage\",\"@id\":\"https:\\\/\\\/repliquemangacine.fr\\\/katana-demon-slayer-metal\\\/katana-de-yoriichi-demon-slayer\\\/\",\"url\":\"https:\\\/\\\/repliquemangacine.fr\\\/katana-demon-slayer-metal\\\/katana-de-yoriichi-demon-slayer\\\/\",\"name\":\"Katana de Yoriichi Demon Slayer - Boutique en ligne - RMC\",\"isPartOf\":{\"@id\":\"https:\\\/\\\/repliquemangacine.fr\\\/#website\"},\"primaryImageOfPage\":{\"@id\":\"https:\\\/\\\/repliquemangacine.fr\\\/katana-demon-slayer-metal\\\/katana-de-yoriichi-demon-slayer\\\/#primaryimage\"},\"image\":{\"@id\":\"https:\\\/\\\/repliquemangacine.fr\\\/katana-demon-slayer-metal\\\/katana-de-yoriichi-demon-slayer\\\/#primaryimage\"},\"thumbnailUrl\":\"https:\\\/\\\/repliquemangacine.fr\\\/wp-content\\\/uploads\\\/2023\\\/10\\\/Katana-Yoriichi-Tsugikuni.jpg\",\"datePublished\":\"2022-04-08T13:33:14+00:00\",\"dateModified\":\"2026-03-26T17:23:34+00:00\",\"description\":\"Commandez votre Katana de Yoriichi Demon Slayer au meilleur prix. Lame acier noir et rouge de 68 cm - Longueur totale 103 cm - Envoi 24\\\/48h\",\"breadcrumb\":{\"@id\":\"https:\\\/\\\/repliquemangacine.fr\\\/katana-demon-slayer-metal\\\/katana-de-yoriichi-demon-slayer\\\/#breadcrumb\"},\"inLanguage\":\"es\",\"potentialAction\":[{\"@type\":\"ReadAction\",\"target\":[\"https:\\\/\\\/repliquemangacine.fr\\\/katana-demon-slayer-metal\\\/katana-de-yoriichi-demon-slayer\\\/\"]}]},{\"@type\":\"ImageObject\",\"inLanguage\":\"es\",\"@id\":\"https:\\\/\\\/repliquemangacine.fr\\\/katana-demon-slayer-metal\\\/katana-de-yoriichi-demon-slayer\\\/#primaryimage\",\"url\":\"https:\\\/\\\/repliquemangacine.fr\\\/wp-content\\\/uploads\\\/2023\\\/10\\\/Katana-Yoriichi-Tsugikuni.jpg\",\"contentUrl\":\"https:\\\/\\\/repliquemangacine.fr\\\/wp-content\\\/uploads\\\/2023\\\/10\\\/Katana-Yoriichi-Tsugikuni.jpg\",\"width\":800,\"height\":800,\"caption\":\"Katana-Yoriichi-Tsugikuni demon slayer\"},{\"@type\":\"BreadcrumbList\",\"@id\":\"https:\\\/\\\/repliquemangacine.fr\\\/katana-demon-slayer-metal\\\/katana-de-yoriichi-demon-slayer\\\/#breadcrumb\",\"itemListElement\":[{\"@type\":\"ListItem\",\"position\":1,\"name\":\"Accueil\",\"item\":\"https:\\\/\\\/repliquemangacine.fr\\\/\"},{\"@type\":\"ListItem\",\"position\":2,\"name\":\"Produits\",\"item\":\"https:\\\/\\\/repliquemangacine.fr\\\/boutique\\\/\"},{\"@type\":\"ListItem\",\"position\":3,\"name\":\"Katana de Yoriichi Demon Slayer\"}]},{\"@type\":\"WebSite\",\"@id\":\"https:\\\/\\\/repliquemangacine.fr\\\/#website\",\"url\":\"https:\\\/\\\/repliquemangacine.fr\\\/\",\"name\":\"R\u00e9plique Manga Cin\u00e9\",\"description\":\"\",\"publisher\":{\"@id\":\"https:\\\/\\\/repliquemangacine.fr\\\/#organization\"},\"potentialAction\":[{\"@type\":\"SearchAction\",\"target\":{\"@type\":\"EntryPoint\",\"urlTemplate\":\"https:\\\/\\\/repliquemangacine.fr\\\/?s={search_term_string}\"},\"query-input\":{\"@type\":\"PropertyValueSpecification\",\"valueRequired\":true,\"valueName\":\"search_term_string\"}}],\"inLanguage\":\"es\"},{\"@type\":\"Organization\",\"@id\":\"https:\\\/\\\/repliquemangacine.fr\\\/#organization\",\"name\":\"R\u00e9plique Manga Cin\u00e9\",\"url\":\"https:\\\/\\\/repliquemangacine.fr\\\/\",\"logo\":{\"@type\":\"ImageObject\",\"inLanguage\":\"es\",\"@id\":\"https:\\\/\\\/repliquemangacine.fr\\\/#\\\/schema\\\/logo\\\/image\\\/\",\"url\":\"https:\\\/\\\/repliquemangacine.fr\\\/wp-content\\\/uploads\\\/2023\\\/10\\\/RMC-500250.png\",\"contentUrl\":\"https:\\\/\\\/repliquemangacine.fr\\\/wp-content\\\/uploads\\\/2023\\\/10\\\/RMC-500250.png\",\"width\":500,\"height\":250,\"caption\":\"R\u00e9plique Manga Cin\u00e9\"},\"image\":{\"@id\":\"https:\\\/\\\/repliquemangacine.fr\\\/#\\\/schema\\\/logo\\\/image\\\/\"},\"sameAs\":[\"https:\\\/\\\/www.facebook.com\\\/RepliqueMangaCine\",\"https:\\\/\\\/www.instagram.com\\\/repliquemangacine.fr\\\/\"]}]}<\/script>\n<!-- \/ Yoast SEO plugin. -->","yoast_head_json":{"title":"Katana Yoriichi Demon Slayer - Tienda Online - RMC","description":"Pide tu Yoriichi Demon Slayer Katana al mejor precio. Hoja de acero negro y rojo de 68 cm - Longitud total 103 cm - Env\u00edo 24\/48h","robots":{"index":"index","follow":"follow","max-snippet":"max-snippet:-1","max-image-preview":"max-image-preview:large","max-video-preview":"max-video-preview:-1"},"canonical":"https:\/\/repliquemangacine.fr\/es\/katana-demon-slayer-metal\/yoriichi-demon-slayer-katana\/","og_locale":"es_ES","og_type":"article","og_title":"Katana de Yoriichi Demon Slayer - Boutique en ligne - RMC","og_description":"Commandez votre Katana de Yoriichi Demon Slayer au meilleur prix. Lame acier noir et rouge de 68 cm - Longueur totale 103 cm - Envoi 24\/48h","og_url":"https:\/\/repliquemangacine.fr\/es\/katana-demon-slayer-metal\/yoriichi-demon-slayer-katana\/","og_site_name":"R\u00e9plique Manga Cin\u00e9","article_publisher":"https:\/\/www.facebook.com\/RepliqueMangaCine","article_modified_time":"2026-03-26T17:23:34+00:00","og_image":[{"width":800,"height":800,"url":"https:\/\/repliquemangacine.fr\/wp-content\/uploads\/2023\/10\/Katana-Yoriichi-Tsugikuni.jpg","type":"image\/jpeg"}],"twitter_card":"summary_large_image","twitter_misc":{"Tiempo de lectura":"2 minutos"},"schema":{"@context":"https:\/\/schema.org","@graph":[{"@type":"WebPage","@id":"https:\/\/repliquemangacine.fr\/katana-demon-slayer-metal\/katana-de-yoriichi-demon-slayer\/","url":"https:\/\/repliquemangacine.fr\/katana-demon-slayer-metal\/katana-de-yoriichi-demon-slayer\/","name":"Katana Yoriichi Demon Slayer - Tienda Online - RMC","isPartOf":{"@id":"https:\/\/repliquemangacine.fr\/#website"},"primaryImageOfPage":{"@id":"https:\/\/repliquemangacine.fr\/katana-demon-slayer-metal\/katana-de-yoriichi-demon-slayer\/#primaryimage"},"image":{"@id":"https:\/\/repliquemangacine.fr\/katana-demon-slayer-metal\/katana-de-yoriichi-demon-slayer\/#primaryimage"},"thumbnailUrl":"https:\/\/repliquemangacine.fr\/wp-content\/uploads\/2023\/10\/Katana-Yoriichi-Tsugikuni.jpg","datePublished":"2022-04-08T13:33:14+00:00","dateModified":"2026-03-26T17:23:34+00:00","description":"Pide tu Yoriichi Demon Slayer Katana al mejor precio. Hoja de acero negro y rojo de 68 cm - Longitud total 103 cm - Env\u00edo 24\/48h","breadcrumb":{"@id":"https:\/\/repliquemangacine.fr\/katana-demon-slayer-metal\/katana-de-yoriichi-demon-slayer\/#breadcrumb"},"inLanguage":"es","potentialAction":[{"@type":"ReadAction","target":["https:\/\/repliquemangacine.fr\/katana-demon-slayer-metal\/katana-de-yoriichi-demon-slayer\/"]}]},{"@type":"ImageObject","inLanguage":"es","@id":"https:\/\/repliquemangacine.fr\/katana-demon-slayer-metal\/katana-de-yoriichi-demon-slayer\/#primaryimage","url":"https:\/\/repliquemangacine.fr\/wp-content\/uploads\/2023\/10\/Katana-Yoriichi-Tsugikuni.jpg","contentUrl":"https:\/\/repliquemangacine.fr\/wp-content\/uploads\/2023\/10\/Katana-Yoriichi-Tsugikuni.jpg","width":800,"height":800,"caption":"Katana-Yoriichi-Tsugikuni demon slayer"},{"@type":"BreadcrumbList","@id":"https:\/\/repliquemangacine.fr\/katana-demon-slayer-metal\/katana-de-yoriichi-demon-slayer\/#breadcrumb","itemListElement":[{"@type":"ListItem","position":1,"name":"Accueil","item":"https:\/\/repliquemangacine.fr\/"},{"@type":"ListItem","position":2,"name":"Produits","item":"https:\/\/repliquemangacine.fr\/boutique\/"},{"@type":"ListItem","position":3,"name":"Katana de Yoriichi Demon Slayer"}]},{"@type":"WebSite","@id":"https:\/\/repliquemangacine.fr\/#website","url":"https:\/\/repliquemangacine.fr\/","name":"R\u00e9plique Manga Cin\u00e9","description":"","publisher":{"@id":"https:\/\/repliquemangacine.fr\/#organization"},"potentialAction":[{"@type":"SearchAction","target":{"@type":"EntryPoint","urlTemplate":"https:\/\/repliquemangacine.fr\/?s={search_term_string}"},"query-input":{"@type":"PropertyValueSpecification","valueRequired":true,"valueName":"search_term_string"}}],"inLanguage":"es"},{"@type":"Organization","@id":"https:\/\/repliquemangacine.fr\/#organization","name":"R\u00e9plique Manga Cin\u00e9","url":"https:\/\/repliquemangacine.fr\/","logo":{"@type":"ImageObject","inLanguage":"es","@id":"https:\/\/repliquemangacine.fr\/#\/schema\/logo\/image\/","url":"https:\/\/repliquemangacine.fr\/wp-content\/uploads\/2023\/10\/RMC-500250.png","contentUrl":"https:\/\/repliquemangacine.fr\/wp-content\/uploads\/2023\/10\/RMC-500250.png","width":500,"height":250,"caption":"R\u00e9plique Manga Cin\u00e9"},"image":{"@id":"https:\/\/repliquemangacine.fr\/#\/schema\/logo\/image\/"},"sameAs":["https:\/\/www.facebook.com\/RepliqueMangaCine","https:\/\/www.instagram.com\/repliquemangacine.fr\/"]}]}},"_links":{"self":[{"href":"https:\/\/repliquemangacine.fr\/es\/wp-json\/wp\/v2\/product\/49565","targetHints":{"allow":["GET"]}}],"collection":[{"href":"https:\/\/repliquemangacine.fr\/es\/wp-json\/wp\/v2\/product"}],"about":[{"href":"https:\/\/repliquemangacine.fr\/es\/wp-json\/wp\/v2\/types\/product"}],"wp:featuredmedia":[{"embeddable":true,"href":"https:\/\/repliquemangacine.fr\/es\/wp-json\/wp\/v2\/media\/49566"}],"wp:attachment":[{"href":"https:\/\/repliquemangacine.fr\/es\/wp-json\/wp\/v2\/media?parent=49565"}],"wp:term":[{"taxonomy":"product_brand","embeddable":true,"href":"https:\/\/repliquemangacine.fr\/es\/wp-json\/wp\/v2\/product_brand?post=49565"},{"taxonomy":"product_cat","embeddable":true,"href":"https:\/\/repliquemangacine.fr\/es\/wp-json\/wp\/v2\/product_cat?post=49565"},{"taxonomy":"product_tag","embeddable":true,"href":"https:\/\/repliquemangacine.fr\/es\/wp-json\/wp\/v2\/product_tag?post=49565"}],"curies":[{"name":"wp","href":"https:\/\/api.w.org\/{rel}","templated":true}]}}