





{"id":49519,"date":"2022-04-06T17:44:34","date_gmt":"2022-04-06T15:44:34","guid":{"rendered":"https:\/\/repliquemangacine.fr\/?post_type=product&#038;p=49519"},"modified":"2026-03-20T12:42:41","modified_gmt":"2026-03-20T11:42:41","slug":"katana-ninja-soplete-forja-espada-cortante","status":"publish","type":"product","link":"https:\/\/repliquemangacine.fr\/es\/katana-les-epees-de-films-et-series\/katana-ninja-sarbacane-forge-sabre-coupant\/","title":{"rendered":"Ninjato cerbatana Espada ninja"},"content":{"rendered":"<h2>Katana ninja forjada con cerbatana.<\/h2>\n<p>Para empezar, el <strong>Katana ninja forjada con cerbatana<\/strong>, Este ninjato es absolutamente incre\u00edble, con su cerbatana funcional y su afilada hoja.<\/p>\n<p>Le <a href=\"https:\/\/fr.wikipedia.org\/wiki\/Shinobi_kenjutsu\" target=\"_blank\" rel=\"noopener noreferrer\">Shinobi Kenjutsu<\/a> Es un arte marcial japon\u00e9s que consiste en el dominio de la espada ninjat\u014d. A diferencia de la pr\u00e1ctica convencional del kenjutsu, establecida por los samur\u00e1is. El Shinobi Kenjutsu se libera del formalismo del bushido para considerar \u00fanicamente la eficacia. Patadas, pu\u00f1etazos, ataques a la cara con el tsuka (mango) o el tsuba (guardamanos), saltos (cho yaku jutsu), fundas falsas (saya) y cerbatanas.<\/p>\n<p>Sin embargo, a pesar de su aspecto fantasioso, se necesita un excelente dominio del sable para poder realizar tales acrobacias. La cerbatana es un tubo o ca\u00f1a con la que se lanzan peque\u00f1os proyectiles mediante la fuerza del soplo.<\/p>\n<h2>Tu Katana Ninja Sarbacane forjada al mejor precio.<\/h2>\n<p>Le ofrecemos una amplia selecci\u00f3n de r\u00e9plicas de artes marciales.<\/p>\n<p>Lo primero y m\u00e1s importante,<\/p>\n<ul>\n<li>El juego de dos piezas <a href=\"https:\/\/repliquemangacine.fr\/es\/espadas-y-dagas-de-fantasia\/machete-y-tanto-ninja\/\">machete y tanto ninja<\/a>Todo de metal con funda de transporte.<\/li>\n<li>Tambi\u00e9n hay <a href=\"https:\/\/repliquemangacine.fr\/es\/peliculas-series-tv-venta-de-espadas-katana-y-productos-relacionados\/expendables-cuchillos-arrojadizos-kunai-gigante-jason-statham\/\">dos cuchillos arrojadizos<\/a> utilizado por Lee Christmas en la pel\u00edcula \"The Expendables\".<\/li>\n<li>Adem\u00e1s del s<a href=\"https:\/\/repliquemangacine.fr\/es\/decoracion-katana\/katana-ninja-cerbatana-ninjato\/\">abre cerbatana ninja<\/a> en una versi\u00f3n no recortada.<\/li>\n<li>Y muchos m\u00e1s por descubrir en nuestra tienda en l\u00ednea.<\/li>\n<\/ul>\n<p>Por eso, aqu\u00ed tienes unas ideas fant\u00e1sticas para regalar a todos los aficionados a las artes marciales.<\/p>\n<p>En conclusi\u00f3n, puede utilizar el <strong>Katana ninja forjada con cerbatana<\/strong> para su entrenamiento de corte. Pero sobre todo, esta espada es una pieza de coleccionista y una pieza decorativa.<\/p>\n<h2>\u00bfC\u00f3mo mantengo la hoja de mi espada?<\/h2>\n<p>Las katanas de colecci\u00f3n y decorativas se fabrican y ensamblan de forma simplificada. Como su uso es decorativo, no cuentan con los elementos de seguridad exigidos a una espada japonesa destinada al entrenamiento.<\/p>\n<p>Sin embargo, su <strong>Katana ninja forjada con cerbatana<\/strong> a una hoja de acero que hay que cuidar para evitar que se estropee con el tiempo. Cuando exponga su katana, sus amigos sentir\u00e1n curiosidad por ver la hoja y tocarla. Aqu\u00ed es donde hay que tener cuidado, ya que la acidez de los dedos es muy perjudicial para el acero, sea cual sea su calidad.<\/p>\n<p>Sin embargo, si esto ocurre, no te asustes, todo lo que necesitas es un pa\u00f1o humedecido con un poco de aceite y limpiar las huellas dactilares. Si haces esto, tu espada durar\u00e1 mucho tiempo.<\/p>","protected":false},"excerpt":{"rendered":"<p>Katana ninja forjada con cerbatana<\/p>\n<ul>\n<li>Hoja de acero al carbono Maru 1045 forjada a mano.<\/li>\n<li>Hoja negra no reflectante y muy afilada.<\/li>\n<li>Guarda de acero.<\/li>\n<li>Mango recubierto de trenza de algod\u00f3n negro.<\/li>\n<li>La funda de madera contiene una cerbatana y 12 agujas de metal.<\/li>\n<li>Sarbacane funcional.<\/li>\n<li>Dureza: 60 HRC en el filo y 40 HRC en el dorso de la hoja.<\/li>\n<li>Funda protectora de seda negra.<\/li>\n<li>Viene con cerbatana + 12 dardos + snorkel<\/li>\n<\/ul>","protected":false},"featured_media":49520,"template":"","meta":[],"product_brand":[896],"product_cat":[91,66,24,26,38],"product_tag":[],"class_list":{"0":"post-49519","1":"product","2":"type-product","3":"status-publish","4":"has-post-thumbnail","6":"product_brand-replique-manga-cine","7":"product_cat-katana-les-epees-de-films-et-series","8":"product_cat-repliques-d-armes-films-et-series","9":"product_cat-films-series-tv-vente-de-katana-epee-et-produits-derives","10":"product_cat-katana-epee","11":"product_cat-katana-forge","13":"first","14":"instock","15":"taxable","16":"shipping-taxable","17":"purchasable","18":"product-type-simple"},"yoast_head":"<!-- This site is optimized with the Yoast SEO plugin v27.4 - https:\/\/yoast.com\/product\/yoast-seo-wordpress\/ -->\n<title>Katana Ninja forg\u00e9 sarbacane - R\u00e9plique Manga Cin\u00e9<\/title>\n<meta name=\"description\" content=\"D\u00e9couvrez le Katana Ninja forg\u00e9 avec sarbacane au meilleur prix. Lame droite en acier carbone - Sarbacane fonctionnelle sur le fourreau - Longueur : 105 cm\" \/>\n<meta name=\"robots\" content=\"index, follow, max-snippet:-1, max-image-preview:large, max-video-preview:-1\" \/>\n<link rel=\"canonical\" href=\"https:\/\/repliquemangacine.fr\/es\/espadas-katana-de-peliculas-y-series\/katana-ninja-soplete-forja-espada-cortante\/\" \/>\n<meta property=\"og:locale\" content=\"es_ES\" \/>\n<meta property=\"og:type\" content=\"article\" \/>\n<meta property=\"og:title\" content=\"Katana Ninja forg\u00e9 sarbacane - R\u00e9plique Manga Cin\u00e9\" \/>\n<meta property=\"og:description\" content=\"D\u00e9couvrez le Katana Ninja forg\u00e9 avec sarbacane au meilleur prix. Lame droite en acier carbone - Sarbacane fonctionnelle sur le fourreau - Longueur : 105 cm\" \/>\n<meta property=\"og:url\" content=\"https:\/\/repliquemangacine.fr\/es\/espadas-katana-de-peliculas-y-series\/katana-ninja-soplete-forja-espada-cortante\/\" \/>\n<meta property=\"og:site_name\" content=\"R\u00e9plique Manga Cin\u00e9\" \/>\n<meta property=\"article:publisher\" content=\"https:\/\/www.facebook.com\/RepliqueMangaCine\" \/>\n<meta property=\"article:modified_time\" content=\"2026-03-20T11:42:41+00:00\" \/>\n<meta property=\"og:image\" content=\"https:\/\/repliquemangacine.fr\/wp-content\/uploads\/2023\/10\/0000048_ninja-sword-with-attached-blowgun.jpeg\" \/>\n\t<meta property=\"og:image:width\" content=\"600\" \/>\n\t<meta property=\"og:image:height\" content=\"600\" \/>\n\t<meta property=\"og:image:type\" content=\"image\/jpeg\" \/>\n<meta name=\"twitter:card\" content=\"summary_large_image\" \/>\n<meta name=\"twitter:label1\" content=\"Tiempo de lectura\" \/>\n\t<meta name=\"twitter:data1\" content=\"2 minutos\" \/>\n<script type=\"application\/ld+json\" class=\"yoast-schema-graph\">{\"@context\":\"https:\\\/\\\/schema.org\",\"@graph\":[{\"@type\":\"WebPage\",\"@id\":\"https:\\\/\\\/repliquemangacine.fr\\\/katana-les-epees-de-films-et-series\\\/katana-ninja-sarbacane-forge-sabre-coupant\\\/\",\"url\":\"https:\\\/\\\/repliquemangacine.fr\\\/katana-les-epees-de-films-et-series\\\/katana-ninja-sarbacane-forge-sabre-coupant\\\/\",\"name\":\"Katana Ninja forg\u00e9 sarbacane - R\u00e9plique Manga Cin\u00e9\",\"isPartOf\":{\"@id\":\"https:\\\/\\\/repliquemangacine.fr\\\/#website\"},\"primaryImageOfPage\":{\"@id\":\"https:\\\/\\\/repliquemangacine.fr\\\/katana-les-epees-de-films-et-series\\\/katana-ninja-sarbacane-forge-sabre-coupant\\\/#primaryimage\"},\"image\":{\"@id\":\"https:\\\/\\\/repliquemangacine.fr\\\/katana-les-epees-de-films-et-series\\\/katana-ninja-sarbacane-forge-sabre-coupant\\\/#primaryimage\"},\"thumbnailUrl\":\"https:\\\/\\\/repliquemangacine.fr\\\/wp-content\\\/uploads\\\/2023\\\/10\\\/0000048_ninja-sword-with-attached-blowgun.jpeg\",\"datePublished\":\"2022-04-06T15:44:34+00:00\",\"dateModified\":\"2026-03-20T11:42:41+00:00\",\"description\":\"D\u00e9couvrez le Katana Ninja forg\u00e9 avec sarbacane au meilleur prix. Lame droite en acier carbone - Sarbacane fonctionnelle sur le fourreau - Longueur : 105 cm\",\"breadcrumb\":{\"@id\":\"https:\\\/\\\/repliquemangacine.fr\\\/katana-les-epees-de-films-et-series\\\/katana-ninja-sarbacane-forge-sabre-coupant\\\/#breadcrumb\"},\"inLanguage\":\"es\",\"potentialAction\":[{\"@type\":\"ReadAction\",\"target\":[\"https:\\\/\\\/repliquemangacine.fr\\\/katana-les-epees-de-films-et-series\\\/katana-ninja-sarbacane-forge-sabre-coupant\\\/\"]}]},{\"@type\":\"ImageObject\",\"inLanguage\":\"es\",\"@id\":\"https:\\\/\\\/repliquemangacine.fr\\\/katana-les-epees-de-films-et-series\\\/katana-ninja-sarbacane-forge-sabre-coupant\\\/#primaryimage\",\"url\":\"https:\\\/\\\/repliquemangacine.fr\\\/wp-content\\\/uploads\\\/2023\\\/10\\\/0000048_ninja-sword-with-attached-blowgun.jpeg\",\"contentUrl\":\"https:\\\/\\\/repliquemangacine.fr\\\/wp-content\\\/uploads\\\/2023\\\/10\\\/0000048_ninja-sword-with-attached-blowgun.jpeg\",\"width\":600,\"height\":600,\"caption\":\"Ninjato sarbacane \u00e9p\u00e9e de ninja\"},{\"@type\":\"BreadcrumbList\",\"@id\":\"https:\\\/\\\/repliquemangacine.fr\\\/katana-les-epees-de-films-et-series\\\/katana-ninja-sarbacane-forge-sabre-coupant\\\/#breadcrumb\",\"itemListElement\":[{\"@type\":\"ListItem\",\"position\":1,\"name\":\"Accueil\",\"item\":\"https:\\\/\\\/repliquemangacine.fr\\\/\"},{\"@type\":\"ListItem\",\"position\":2,\"name\":\"Produits\",\"item\":\"https:\\\/\\\/repliquemangacine.fr\\\/boutique\\\/\"},{\"@type\":\"ListItem\",\"position\":3,\"name\":\"Ninjato sarbacane Sabre Ninja\"}]},{\"@type\":\"WebSite\",\"@id\":\"https:\\\/\\\/repliquemangacine.fr\\\/#website\",\"url\":\"https:\\\/\\\/repliquemangacine.fr\\\/\",\"name\":\"R\u00e9plique Manga Cin\u00e9\",\"description\":\"\",\"publisher\":{\"@id\":\"https:\\\/\\\/repliquemangacine.fr\\\/#organization\"},\"potentialAction\":[{\"@type\":\"SearchAction\",\"target\":{\"@type\":\"EntryPoint\",\"urlTemplate\":\"https:\\\/\\\/repliquemangacine.fr\\\/?s={search_term_string}\"},\"query-input\":{\"@type\":\"PropertyValueSpecification\",\"valueRequired\":true,\"valueName\":\"search_term_string\"}}],\"inLanguage\":\"es\"},{\"@type\":\"Organization\",\"@id\":\"https:\\\/\\\/repliquemangacine.fr\\\/#organization\",\"name\":\"R\u00e9plique Manga Cin\u00e9\",\"url\":\"https:\\\/\\\/repliquemangacine.fr\\\/\",\"logo\":{\"@type\":\"ImageObject\",\"inLanguage\":\"es\",\"@id\":\"https:\\\/\\\/repliquemangacine.fr\\\/#\\\/schema\\\/logo\\\/image\\\/\",\"url\":\"https:\\\/\\\/repliquemangacine.fr\\\/wp-content\\\/uploads\\\/2023\\\/10\\\/RMC-500250.png\",\"contentUrl\":\"https:\\\/\\\/repliquemangacine.fr\\\/wp-content\\\/uploads\\\/2023\\\/10\\\/RMC-500250.png\",\"width\":500,\"height\":250,\"caption\":\"R\u00e9plique Manga Cin\u00e9\"},\"image\":{\"@id\":\"https:\\\/\\\/repliquemangacine.fr\\\/#\\\/schema\\\/logo\\\/image\\\/\"},\"sameAs\":[\"https:\\\/\\\/www.facebook.com\\\/RepliqueMangaCine\",\"https:\\\/\\\/www.instagram.com\\\/repliquemangacine.fr\\\/\"]}]}<\/script>\n<!-- \/ Yoast SEO plugin. -->","yoast_head_json":{"title":"Soplete forjado Katana Ninja - R\u00e9plique Manga Cin\u00e9","description":"Descubre la Katana Ninja forjada con cerbatana al mejor precio. Hoja recta de acero al carbono - Cerbatana funcional en la vaina - Longitud: 105 cm.","robots":{"index":"index","follow":"follow","max-snippet":"max-snippet:-1","max-image-preview":"max-image-preview:large","max-video-preview":"max-video-preview:-1"},"canonical":"https:\/\/repliquemangacine.fr\/es\/espadas-katana-de-peliculas-y-series\/katana-ninja-soplete-forja-espada-cortante\/","og_locale":"es_ES","og_type":"article","og_title":"Katana Ninja forg\u00e9 sarbacane - R\u00e9plique Manga Cin\u00e9","og_description":"D\u00e9couvrez le Katana Ninja forg\u00e9 avec sarbacane au meilleur prix. Lame droite en acier carbone - Sarbacane fonctionnelle sur le fourreau - Longueur : 105 cm","og_url":"https:\/\/repliquemangacine.fr\/es\/espadas-katana-de-peliculas-y-series\/katana-ninja-soplete-forja-espada-cortante\/","og_site_name":"R\u00e9plique Manga Cin\u00e9","article_publisher":"https:\/\/www.facebook.com\/RepliqueMangaCine","article_modified_time":"2026-03-20T11:42:41+00:00","og_image":[{"width":600,"height":600,"url":"https:\/\/repliquemangacine.fr\/wp-content\/uploads\/2023\/10\/0000048_ninja-sword-with-attached-blowgun.jpeg","type":"image\/jpeg"}],"twitter_card":"summary_large_image","twitter_misc":{"Tiempo de lectura":"2 minutos"},"schema":{"@context":"https:\/\/schema.org","@graph":[{"@type":"WebPage","@id":"https:\/\/repliquemangacine.fr\/katana-les-epees-de-films-et-series\/katana-ninja-sarbacane-forge-sabre-coupant\/","url":"https:\/\/repliquemangacine.fr\/katana-les-epees-de-films-et-series\/katana-ninja-sarbacane-forge-sabre-coupant\/","name":"Soplete forjado Katana Ninja - R\u00e9plique Manga Cin\u00e9","isPartOf":{"@id":"https:\/\/repliquemangacine.fr\/#website"},"primaryImageOfPage":{"@id":"https:\/\/repliquemangacine.fr\/katana-les-epees-de-films-et-series\/katana-ninja-sarbacane-forge-sabre-coupant\/#primaryimage"},"image":{"@id":"https:\/\/repliquemangacine.fr\/katana-les-epees-de-films-et-series\/katana-ninja-sarbacane-forge-sabre-coupant\/#primaryimage"},"thumbnailUrl":"https:\/\/repliquemangacine.fr\/wp-content\/uploads\/2023\/10\/0000048_ninja-sword-with-attached-blowgun.jpeg","datePublished":"2022-04-06T15:44:34+00:00","dateModified":"2026-03-20T11:42:41+00:00","description":"Descubre la Katana Ninja forjada con cerbatana al mejor precio. Hoja recta de acero al carbono - Cerbatana funcional en la vaina - Longitud: 105 cm.","breadcrumb":{"@id":"https:\/\/repliquemangacine.fr\/katana-les-epees-de-films-et-series\/katana-ninja-sarbacane-forge-sabre-coupant\/#breadcrumb"},"inLanguage":"es","potentialAction":[{"@type":"ReadAction","target":["https:\/\/repliquemangacine.fr\/katana-les-epees-de-films-et-series\/katana-ninja-sarbacane-forge-sabre-coupant\/"]}]},{"@type":"ImageObject","inLanguage":"es","@id":"https:\/\/repliquemangacine.fr\/katana-les-epees-de-films-et-series\/katana-ninja-sarbacane-forge-sabre-coupant\/#primaryimage","url":"https:\/\/repliquemangacine.fr\/wp-content\/uploads\/2023\/10\/0000048_ninja-sword-with-attached-blowgun.jpeg","contentUrl":"https:\/\/repliquemangacine.fr\/wp-content\/uploads\/2023\/10\/0000048_ninja-sword-with-attached-blowgun.jpeg","width":600,"height":600,"caption":"Ninjato sarbacane \u00e9p\u00e9e de ninja"},{"@type":"BreadcrumbList","@id":"https:\/\/repliquemangacine.fr\/katana-les-epees-de-films-et-series\/katana-ninja-sarbacane-forge-sabre-coupant\/#breadcrumb","itemListElement":[{"@type":"ListItem","position":1,"name":"Accueil","item":"https:\/\/repliquemangacine.fr\/"},{"@type":"ListItem","position":2,"name":"Produits","item":"https:\/\/repliquemangacine.fr\/boutique\/"},{"@type":"ListItem","position":3,"name":"Ninjato sarbacane Sabre Ninja"}]},{"@type":"WebSite","@id":"https:\/\/repliquemangacine.fr\/#website","url":"https:\/\/repliquemangacine.fr\/","name":"R\u00e9plique Manga Cin\u00e9","description":"","publisher":{"@id":"https:\/\/repliquemangacine.fr\/#organization"},"potentialAction":[{"@type":"SearchAction","target":{"@type":"EntryPoint","urlTemplate":"https:\/\/repliquemangacine.fr\/?s={search_term_string}"},"query-input":{"@type":"PropertyValueSpecification","valueRequired":true,"valueName":"search_term_string"}}],"inLanguage":"es"},{"@type":"Organization","@id":"https:\/\/repliquemangacine.fr\/#organization","name":"R\u00e9plique Manga Cin\u00e9","url":"https:\/\/repliquemangacine.fr\/","logo":{"@type":"ImageObject","inLanguage":"es","@id":"https:\/\/repliquemangacine.fr\/#\/schema\/logo\/image\/","url":"https:\/\/repliquemangacine.fr\/wp-content\/uploads\/2023\/10\/RMC-500250.png","contentUrl":"https:\/\/repliquemangacine.fr\/wp-content\/uploads\/2023\/10\/RMC-500250.png","width":500,"height":250,"caption":"R\u00e9plique Manga Cin\u00e9"},"image":{"@id":"https:\/\/repliquemangacine.fr\/#\/schema\/logo\/image\/"},"sameAs":["https:\/\/www.facebook.com\/RepliqueMangaCine","https:\/\/www.instagram.com\/repliquemangacine.fr\/"]}]}},"_links":{"self":[{"href":"https:\/\/repliquemangacine.fr\/es\/wp-json\/wp\/v2\/product\/49519","targetHints":{"allow":["GET"]}}],"collection":[{"href":"https:\/\/repliquemangacine.fr\/es\/wp-json\/wp\/v2\/product"}],"about":[{"href":"https:\/\/repliquemangacine.fr\/es\/wp-json\/wp\/v2\/types\/product"}],"wp:featuredmedia":[{"embeddable":true,"href":"https:\/\/repliquemangacine.fr\/es\/wp-json\/wp\/v2\/media\/49520"}],"wp:attachment":[{"href":"https:\/\/repliquemangacine.fr\/es\/wp-json\/wp\/v2\/media?parent=49519"}],"wp:term":[{"taxonomy":"product_brand","embeddable":true,"href":"https:\/\/repliquemangacine.fr\/es\/wp-json\/wp\/v2\/product_brand?post=49519"},{"taxonomy":"product_cat","embeddable":true,"href":"https:\/\/repliquemangacine.fr\/es\/wp-json\/wp\/v2\/product_cat?post=49519"},{"taxonomy":"product_tag","embeddable":true,"href":"https:\/\/repliquemangacine.fr\/es\/wp-json\/wp\/v2\/product_tag?post=49519"}],"curies":[{"name":"wp","href":"https:\/\/api.w.org\/{rel}","templated":true}]}}