





{"id":49206,"date":"2022-03-25T15:04:53","date_gmt":"2022-03-25T14:04:53","guid":{"rendered":"https:\/\/repliquemangacine.fr\/?post_type=product&#038;p=49206"},"modified":"2026-02-06T15:27:40","modified_gmt":"2026-02-06T14:27:40","slug":"canon-napoleon-1857-usa-guerra-civil-denix","status":"publish","type":"product","link":"https:\/\/repliquemangacine.fr\/es\/holster-accessoires-western\/canon-napoleon-1857-guerre-civile-usa-denix\/","title":{"rendered":"Ca\u00f1\u00f3n Napole\u00f3n 1857 Denix miniatura"},"content":{"rendered":"<h2>Miniatura del Ca\u00f1\u00f3n Napole\u00f3n 1857- Guerra Civil USA<\/h2>\n<p>Para empezar, el <strong>Ca\u00f1\u00f3n Napole\u00f3n 1857<\/strong>, 12 libras, el m\u00e1s popular utilizado durante la guerra civil estadounidense. Representaba cerca del 40% de la munici\u00f3n de artiller\u00eda y era una de las piezas m\u00e1s importantes del conflicto. El \u00abNapole\u00f3n\u00bb era muy admirado por su seguridad, fiabilidad y eficacia, especialmente a corta distancia.<\/p>\n<p>Un ca\u00f1\u00f3n de 12 libras es un ca\u00f1\u00f3n que dispara balas de 12 libras, utilizado desde el siglo XVII hasta mediados del siglo XIX. Se utiliz\u00f3 ampliamente durante la batalla de Gettysburg, punto de inflexi\u00f3n principal de la guerra.<\/p>\n<p>La Guerra Civil, un acontecimiento muy importante en la historia de los Estados Unidos de Am\u00e9rica, tuvo lugar entre 1861 y 1865.<\/p>\n<p>Para concluir, esta miniatura <a href=\"https:\/\/www.denix.fr\/fr\/catalogue\/guerre-civile-occidentale-et-americaine-1861-1899\/canons-et-catapultes\/422\/\" target=\"_blank\" rel=\"noopener noreferrer\">Denix<\/a> est\u00e1 extraordinariamente bien hecho, y ser\u00e1 ideal para a\u00f1adirlo a su colecci\u00f3n.<\/p>\n<h2>Tu Miniatura Napoleon 1857 Canon al mejor precio.<\/h2>\n<p>Ofrecemos una amplia gama de r\u00e9plicas de armas antiguas<\/p>\n<p>Ante todo<\/p>\n<ul>\n<li>Le <a href=\"https:\/\/repliquemangacine.fr\/es\/replica-de-armas-1er-imperio\/fusil-napoleonico-1807-carabina-de-pedernal\/\">Fusil Napole\u00f3n 1807<\/a> con su culata de madera decorada con la \"N\" de Napole\u00f3n, fabricada por Denix<\/li>\n<li>Tambi\u00e9n est\u00e1 el mosquete Land Pattern el <a href=\"https:\/\/repliquemangacine.fr\/es\/replica-de-armas-1er-imperio\/brown-bess-1722-land-pattern-denix-rifle\/\">Brown Bess 1722<\/a><\/li>\n<li>As\u00ed como el <a href=\"https:\/\/repliquemangacine.fr\/es\/replica-de-armas-1er-imperio\/fusil-charleville-1806-con-bayoneta\/\">Rifle Charleville<\/a> y su bayoneta<\/li>\n<li>Y mucho m\u00e1s por descubrir en nuestra tienda en l\u00ednea.<\/li>\n<\/ul>\n<p>Por eso es una gran idea de regalo para todos los amantes de las armas de \u00e9poca.<\/p>\n<p>En conclusi\u00f3n, puede comprar esta miniatura del <strong>Ca\u00f1\u00f3n Napole\u00f3n 1857<\/strong> para ampliar su colecci\u00f3n.<\/p>\n<p>R\u00e9plique Manga Cin\u00e9 es una empresa familiar francesa y distribuidor oficial de Denix.<\/p>\n<h2>\u00bfC\u00f3mo se fabrican sus objetos de colecci\u00f3n?<\/h2>\n<p>Para empezar, todos nuestros productos derivados son de la m\u00e1xima calidad, fabricados con meticulosa atenci\u00f3n al detalle. Una parte se hace a mano, para reproducir hasta el m\u00e1s m\u00ednimo detalle. Las partes m\u00e1s importantes se mecanizan con m\u00e1quinas muy precisas. Los grabados se hacen generalmente con punta de diamante o l\u00e1ser.<\/p>\n<p>Su <strong>Ca\u00f1\u00f3n Napole\u00f3n 1857<\/strong> fabricados para reproducir cada detalle con exactitud. Para igualar el legado de las obras maestras originales. Se hace hincapi\u00e9 en crear r\u00e9plicas de alta calidad que sean lo m\u00e1s hist\u00f3ricamente exactas posible.<\/p>\n<p>En conclusi\u00f3n, importadas de China, Espa\u00f1a o la India, \u00a1nuestras r\u00e9plicas le sorprender\u00e1n!<\/p>","protected":false},"excerpt":{"rendered":"<p>Magn\u00edfica reproducci\u00f3n en miniatura del ca\u00f1\u00f3n apodado \"Napole\u00f3n\" 1857 Guerra Civil estadounidense.<\/p>\n<ul>\n<li>Recuerde la batalla de Gettysburg con la reproducci\u00f3n DENIX del ca\u00f1\u00f3n m\u00e1s importante de la Guerra Civil estadounidense.<\/li>\n<li>Totalmente de metal.<\/li>\n<li>Dimensiones: 19 cm - Peso: 590 g<\/li>\n<\/ul>\n<p><iframe title=\"Reproductor de v\u00eddeo YouTube\" src=\"https:\/\/www.youtube.com\/embed\/2iy7fSxFpAA\" width=\"560\" height=\"315\" frameborder=\"0\" allowfullscreen=\"allowfullscreen\"><\/iframe><\/p>","protected":false},"featured_media":49207,"template":"","meta":[],"product_brand":[896],"product_cat":[34,102,90,28,833],"product_tag":[],"class_list":{"0":"post-49206","1":"product","2":"type-product","3":"status-publish","4":"has-post-thumbnail","6":"product_brand-replique-manga-cine","7":"product_cat-armes-westerns","8":"product_cat-denix","9":"product_cat-holster-accessoires-western","10":"product_cat-repliques-darmes","11":"product_cat-repliques-darmes-napoleon","13":"first","14":"instock","15":"taxable","16":"shipping-taxable","17":"purchasable","18":"product-type-simple"},"yoast_head":"<!-- This site is optimized with the Yoast SEO plugin v27.4 - https:\/\/yoast.com\/product\/yoast-seo-wordpress\/ -->\n<title>Canon Napol\u00e9on 1857 miniature Denix - R\u00e9plique Manga Cin\u00e9<\/title>\n<meta name=\"description\" content=\"D\u00e9couvrez la miniature du Canon Napol\u00e9on 1857 au meilleur prix - Enti\u00e8rement en m\u00e9tal - Finitions remarquables - Longueur : 19 cm - Poids : 590g\" \/>\n<meta name=\"robots\" content=\"index, follow, max-snippet:-1, max-image-preview:large, max-video-preview:-1\" \/>\n<link rel=\"canonical\" href=\"https:\/\/repliquemangacine.fr\/es\/replicas-de-armas-napoleon\/canon-napoleon-1857-usa-guerra-civil-denix\/\" \/>\n<meta property=\"og:locale\" content=\"es_ES\" \/>\n<meta property=\"og:type\" content=\"article\" \/>\n<meta property=\"og:title\" content=\"Canon Napol\u00e9on 1857 miniature Denix - R\u00e9plique Manga Cin\u00e9\" \/>\n<meta property=\"og:description\" content=\"D\u00e9couvrez la miniature du Canon Napol\u00e9on 1857 au meilleur prix - Enti\u00e8rement en m\u00e9tal - Finitions remarquables - Longueur : 19 cm - Poids : 590g\" \/>\n<meta property=\"og:url\" content=\"https:\/\/repliquemangacine.fr\/es\/replicas-de-armas-napoleon\/canon-napoleon-1857-usa-guerra-civil-denix\/\" \/>\n<meta property=\"og:site_name\" content=\"R\u00e9plique Manga Cin\u00e9\" \/>\n<meta property=\"article:publisher\" content=\"https:\/\/www.facebook.com\/RepliqueMangaCine\" \/>\n<meta property=\"article:modified_time\" content=\"2026-02-06T14:27:40+00:00\" \/>\n<meta property=\"og:image\" content=\"https:\/\/repliquemangacine.fr\/wp-content\/uploads\/2023\/10\/Canon-Guerre-civile-usa.jpg\" \/>\n\t<meta property=\"og:image:width\" content=\"800\" \/>\n\t<meta property=\"og:image:height\" content=\"800\" \/>\n\t<meta property=\"og:image:type\" content=\"image\/jpeg\" \/>\n<meta name=\"twitter:card\" content=\"summary_large_image\" \/>\n<meta name=\"twitter:label1\" content=\"Tiempo de lectura\" \/>\n\t<meta name=\"twitter:data1\" content=\"2 minutos\" \/>\n<script type=\"application\/ld+json\" class=\"yoast-schema-graph\">{\"@context\":\"https:\\\/\\\/schema.org\",\"@graph\":[{\"@type\":\"WebPage\",\"@id\":\"https:\\\/\\\/repliquemangacine.fr\\\/repliques-darmes-napoleon\\\/canon-napoleon-1857-guerre-civile-usa-denix\\\/\",\"url\":\"https:\\\/\\\/repliquemangacine.fr\\\/repliques-darmes-napoleon\\\/canon-napoleon-1857-guerre-civile-usa-denix\\\/\",\"name\":\"Canon Napol\u00e9on 1857 miniature Denix - R\u00e9plique Manga Cin\u00e9\",\"isPartOf\":{\"@id\":\"https:\\\/\\\/repliquemangacine.fr\\\/#website\"},\"primaryImageOfPage\":{\"@id\":\"https:\\\/\\\/repliquemangacine.fr\\\/repliques-darmes-napoleon\\\/canon-napoleon-1857-guerre-civile-usa-denix\\\/#primaryimage\"},\"image\":{\"@id\":\"https:\\\/\\\/repliquemangacine.fr\\\/repliques-darmes-napoleon\\\/canon-napoleon-1857-guerre-civile-usa-denix\\\/#primaryimage\"},\"thumbnailUrl\":\"https:\\\/\\\/repliquemangacine.fr\\\/wp-content\\\/uploads\\\/2023\\\/10\\\/Canon-Guerre-civile-usa.jpg\",\"datePublished\":\"2022-03-25T14:04:53+00:00\",\"dateModified\":\"2026-02-06T14:27:40+00:00\",\"description\":\"D\u00e9couvrez la miniature du Canon Napol\u00e9on 1857 au meilleur prix - Enti\u00e8rement en m\u00e9tal - Finitions remarquables - Longueur : 19 cm - Poids : 590g\",\"breadcrumb\":{\"@id\":\"https:\\\/\\\/repliquemangacine.fr\\\/repliques-darmes-napoleon\\\/canon-napoleon-1857-guerre-civile-usa-denix\\\/#breadcrumb\"},\"inLanguage\":\"es\",\"potentialAction\":[{\"@type\":\"ReadAction\",\"target\":[\"https:\\\/\\\/repliquemangacine.fr\\\/repliques-darmes-napoleon\\\/canon-napoleon-1857-guerre-civile-usa-denix\\\/\"]}]},{\"@type\":\"ImageObject\",\"inLanguage\":\"es\",\"@id\":\"https:\\\/\\\/repliquemangacine.fr\\\/repliques-darmes-napoleon\\\/canon-napoleon-1857-guerre-civile-usa-denix\\\/#primaryimage\",\"url\":\"https:\\\/\\\/repliquemangacine.fr\\\/wp-content\\\/uploads\\\/2023\\\/10\\\/Canon-Guerre-civile-usa.jpg\",\"contentUrl\":\"https:\\\/\\\/repliquemangacine.fr\\\/wp-content\\\/uploads\\\/2023\\\/10\\\/Canon-Guerre-civile-usa.jpg\",\"width\":800,\"height\":800,\"caption\":\"Canon-Guerre-civile-usa 1857 DIT NAPOLEON\"},{\"@type\":\"BreadcrumbList\",\"@id\":\"https:\\\/\\\/repliquemangacine.fr\\\/repliques-darmes-napoleon\\\/canon-napoleon-1857-guerre-civile-usa-denix\\\/#breadcrumb\",\"itemListElement\":[{\"@type\":\"ListItem\",\"position\":1,\"name\":\"Accueil\",\"item\":\"https:\\\/\\\/repliquemangacine.fr\\\/\"},{\"@type\":\"ListItem\",\"position\":2,\"name\":\"Produits\",\"item\":\"https:\\\/\\\/repliquemangacine.fr\\\/boutique\\\/\"},{\"@type\":\"ListItem\",\"position\":3,\"name\":\"Canon Napol\u00e9on 1857 miniature Denix\"}]},{\"@type\":\"WebSite\",\"@id\":\"https:\\\/\\\/repliquemangacine.fr\\\/#website\",\"url\":\"https:\\\/\\\/repliquemangacine.fr\\\/\",\"name\":\"R\u00e9plique Manga Cin\u00e9\",\"description\":\"\",\"publisher\":{\"@id\":\"https:\\\/\\\/repliquemangacine.fr\\\/#organization\"},\"potentialAction\":[{\"@type\":\"SearchAction\",\"target\":{\"@type\":\"EntryPoint\",\"urlTemplate\":\"https:\\\/\\\/repliquemangacine.fr\\\/?s={search_term_string}\"},\"query-input\":{\"@type\":\"PropertyValueSpecification\",\"valueRequired\":true,\"valueName\":\"search_term_string\"}}],\"inLanguage\":\"es\"},{\"@type\":\"Organization\",\"@id\":\"https:\\\/\\\/repliquemangacine.fr\\\/#organization\",\"name\":\"R\u00e9plique Manga Cin\u00e9\",\"url\":\"https:\\\/\\\/repliquemangacine.fr\\\/\",\"logo\":{\"@type\":\"ImageObject\",\"inLanguage\":\"es\",\"@id\":\"https:\\\/\\\/repliquemangacine.fr\\\/#\\\/schema\\\/logo\\\/image\\\/\",\"url\":\"https:\\\/\\\/repliquemangacine.fr\\\/wp-content\\\/uploads\\\/2023\\\/10\\\/RMC-500250.png\",\"contentUrl\":\"https:\\\/\\\/repliquemangacine.fr\\\/wp-content\\\/uploads\\\/2023\\\/10\\\/RMC-500250.png\",\"width\":500,\"height\":250,\"caption\":\"R\u00e9plique Manga Cin\u00e9\"},\"image\":{\"@id\":\"https:\\\/\\\/repliquemangacine.fr\\\/#\\\/schema\\\/logo\\\/image\\\/\"},\"sameAs\":[\"https:\\\/\\\/www.facebook.com\\\/RepliqueMangaCine\",\"https:\\\/\\\/www.instagram.com\\\/repliquemangacine.fr\\\/\"]}]}<\/script>\n<!-- \/ Yoast SEO plugin. -->","yoast_head_json":{"title":"Ca\u00f1\u00f3n en miniatura Napole\u00f3n 1857 Denix - R\u00e9plique Manga Cin\u00e9","description":"Descubra la miniatura Canon Napole\u00f3n 1857 al mejor precio - Enteramente en metal - Acabado notable - Longitud: 19 cm - Peso: 590g","robots":{"index":"index","follow":"follow","max-snippet":"max-snippet:-1","max-image-preview":"max-image-preview:large","max-video-preview":"max-video-preview:-1"},"canonical":"https:\/\/repliquemangacine.fr\/es\/replicas-de-armas-napoleon\/canon-napoleon-1857-usa-guerra-civil-denix\/","og_locale":"es_ES","og_type":"article","og_title":"Canon Napol\u00e9on 1857 miniature Denix - R\u00e9plique Manga Cin\u00e9","og_description":"D\u00e9couvrez la miniature du Canon Napol\u00e9on 1857 au meilleur prix - Enti\u00e8rement en m\u00e9tal - Finitions remarquables - Longueur : 19 cm - Poids : 590g","og_url":"https:\/\/repliquemangacine.fr\/es\/replicas-de-armas-napoleon\/canon-napoleon-1857-usa-guerra-civil-denix\/","og_site_name":"R\u00e9plique Manga Cin\u00e9","article_publisher":"https:\/\/www.facebook.com\/RepliqueMangaCine","article_modified_time":"2026-02-06T14:27:40+00:00","og_image":[{"width":800,"height":800,"url":"https:\/\/repliquemangacine.fr\/wp-content\/uploads\/2023\/10\/Canon-Guerre-civile-usa.jpg","type":"image\/jpeg"}],"twitter_card":"summary_large_image","twitter_misc":{"Tiempo de lectura":"2 minutos"},"schema":{"@context":"https:\/\/schema.org","@graph":[{"@type":"WebPage","@id":"https:\/\/repliquemangacine.fr\/repliques-darmes-napoleon\/canon-napoleon-1857-guerre-civile-usa-denix\/","url":"https:\/\/repliquemangacine.fr\/repliques-darmes-napoleon\/canon-napoleon-1857-guerre-civile-usa-denix\/","name":"Ca\u00f1\u00f3n en miniatura Napole\u00f3n 1857 Denix - R\u00e9plique Manga Cin\u00e9","isPartOf":{"@id":"https:\/\/repliquemangacine.fr\/#website"},"primaryImageOfPage":{"@id":"https:\/\/repliquemangacine.fr\/repliques-darmes-napoleon\/canon-napoleon-1857-guerre-civile-usa-denix\/#primaryimage"},"image":{"@id":"https:\/\/repliquemangacine.fr\/repliques-darmes-napoleon\/canon-napoleon-1857-guerre-civile-usa-denix\/#primaryimage"},"thumbnailUrl":"https:\/\/repliquemangacine.fr\/wp-content\/uploads\/2023\/10\/Canon-Guerre-civile-usa.jpg","datePublished":"2022-03-25T14:04:53+00:00","dateModified":"2026-02-06T14:27:40+00:00","description":"Descubra la miniatura Canon Napole\u00f3n 1857 al mejor precio - Enteramente en metal - Acabado notable - Longitud: 19 cm - Peso: 590g","breadcrumb":{"@id":"https:\/\/repliquemangacine.fr\/repliques-darmes-napoleon\/canon-napoleon-1857-guerre-civile-usa-denix\/#breadcrumb"},"inLanguage":"es","potentialAction":[{"@type":"ReadAction","target":["https:\/\/repliquemangacine.fr\/repliques-darmes-napoleon\/canon-napoleon-1857-guerre-civile-usa-denix\/"]}]},{"@type":"ImageObject","inLanguage":"es","@id":"https:\/\/repliquemangacine.fr\/repliques-darmes-napoleon\/canon-napoleon-1857-guerre-civile-usa-denix\/#primaryimage","url":"https:\/\/repliquemangacine.fr\/wp-content\/uploads\/2023\/10\/Canon-Guerre-civile-usa.jpg","contentUrl":"https:\/\/repliquemangacine.fr\/wp-content\/uploads\/2023\/10\/Canon-Guerre-civile-usa.jpg","width":800,"height":800,"caption":"Canon-Guerre-civile-usa 1857 DIT NAPOLEON"},{"@type":"BreadcrumbList","@id":"https:\/\/repliquemangacine.fr\/repliques-darmes-napoleon\/canon-napoleon-1857-guerre-civile-usa-denix\/#breadcrumb","itemListElement":[{"@type":"ListItem","position":1,"name":"Accueil","item":"https:\/\/repliquemangacine.fr\/"},{"@type":"ListItem","position":2,"name":"Produits","item":"https:\/\/repliquemangacine.fr\/boutique\/"},{"@type":"ListItem","position":3,"name":"Canon Napol\u00e9on 1857 miniature Denix"}]},{"@type":"WebSite","@id":"https:\/\/repliquemangacine.fr\/#website","url":"https:\/\/repliquemangacine.fr\/","name":"R\u00e9plique Manga Cin\u00e9","description":"","publisher":{"@id":"https:\/\/repliquemangacine.fr\/#organization"},"potentialAction":[{"@type":"SearchAction","target":{"@type":"EntryPoint","urlTemplate":"https:\/\/repliquemangacine.fr\/?s={search_term_string}"},"query-input":{"@type":"PropertyValueSpecification","valueRequired":true,"valueName":"search_term_string"}}],"inLanguage":"es"},{"@type":"Organization","@id":"https:\/\/repliquemangacine.fr\/#organization","name":"R\u00e9plique Manga Cin\u00e9","url":"https:\/\/repliquemangacine.fr\/","logo":{"@type":"ImageObject","inLanguage":"es","@id":"https:\/\/repliquemangacine.fr\/#\/schema\/logo\/image\/","url":"https:\/\/repliquemangacine.fr\/wp-content\/uploads\/2023\/10\/RMC-500250.png","contentUrl":"https:\/\/repliquemangacine.fr\/wp-content\/uploads\/2023\/10\/RMC-500250.png","width":500,"height":250,"caption":"R\u00e9plique Manga Cin\u00e9"},"image":{"@id":"https:\/\/repliquemangacine.fr\/#\/schema\/logo\/image\/"},"sameAs":["https:\/\/www.facebook.com\/RepliqueMangaCine","https:\/\/www.instagram.com\/repliquemangacine.fr\/"]}]}},"_links":{"self":[{"href":"https:\/\/repliquemangacine.fr\/es\/wp-json\/wp\/v2\/product\/49206","targetHints":{"allow":["GET"]}}],"collection":[{"href":"https:\/\/repliquemangacine.fr\/es\/wp-json\/wp\/v2\/product"}],"about":[{"href":"https:\/\/repliquemangacine.fr\/es\/wp-json\/wp\/v2\/types\/product"}],"wp:featuredmedia":[{"embeddable":true,"href":"https:\/\/repliquemangacine.fr\/es\/wp-json\/wp\/v2\/media\/49207"}],"wp:attachment":[{"href":"https:\/\/repliquemangacine.fr\/es\/wp-json\/wp\/v2\/media?parent=49206"}],"wp:term":[{"taxonomy":"product_brand","embeddable":true,"href":"https:\/\/repliquemangacine.fr\/es\/wp-json\/wp\/v2\/product_brand?post=49206"},{"taxonomy":"product_cat","embeddable":true,"href":"https:\/\/repliquemangacine.fr\/es\/wp-json\/wp\/v2\/product_cat?post=49206"},{"taxonomy":"product_tag","embeddable":true,"href":"https:\/\/repliquemangacine.fr\/es\/wp-json\/wp\/v2\/product_tag?post=49206"}],"curies":[{"name":"wp","href":"https:\/\/api.w.org\/{rel}","templated":true}]}}