





{"id":49115,"date":"2022-03-22T14:21:09","date_gmt":"2022-03-22T13:21:09","guid":{"rendered":"https:\/\/repliquemangacine.fr\/?post_type=product&#038;p=49115"},"modified":"2025-09-23T18:02:44","modified_gmt":"2025-09-23T16:02:44","slug":"epee-ruler-fate-apocrypha-epee-de-jeanne-la-pucelle","status":"publish","type":"product","link":"https:\/\/repliquemangacine.fr\/es\/katana-et-epee-de-manga-anime-autre-manga\/epee-ruler-fate-apocrypha-epee-de-jeanne-la-pucelle\/","title":{"rendered":"Regla Espada Destino Ap\u00f3crifa"},"content":{"rendered":"<h2>Espada gobernante Fate Apocrypha en la serie de anime.<\/h2>\n<p>Para empezar, el<strong>Regla Espada Destino Ap\u00f3crifa<\/strong> es id\u00e9ntico al manga animado.<\/p>\n<p>Ruler es el <a href=\"https:\/\/typemoon.fandom.com\/fr\/wiki\/Servant\" target=\"_blank\" rel=\"noopener noreferrer\">Siervo<\/a> de clase Ruler invocado durante la Guerra del Grial Superior en Fate\/Apocrypha. Su verdadera identidad es la de Santa Juana de Arco (la Doncella de Orleans), hero\u00edna de la Edad Media francesa que liber\u00f3 Orleans del dominio ingl\u00e9s durante la Guerra de los Cien A\u00f1os.<\/p>\n<p>Ruler posee el cuerpo de una joven francesa llamada L\u00e6ticia, cuyas caracter\u00edsticas f\u00edsicas y m\u00e1gicas son compatibles con ella. Cuando se quita el guante, se pueden ver hechizos de mando grabados en su mano.<\/p>\n<p>Fate\/Apocrypha es originalmente una novela ligera escrita por Yuuichirou Higashide. Tambi\u00e9n es un manga animado y una serie de televisi\u00f3n. Fate\/Apocrypha se desarrolla en un mundo paralelo al de Fate\/stay night.<\/p>\n<h2>Tu Espada Regla Ap\u00f3crifa Destino al mejor precio.<\/h2>\n<p>Te ofrecemos una amplia selecci\u00f3n de r\u00e9plicas de manga, anime y videojuegos.<\/p>\n<p>Lo primero y m\u00e1s importante,<\/p>\n<ul>\n<li>L'<a href=\"https:\/\/repliquemangacine.fr\/es\/otros-manga\/erza-espada-armadura-fairy-tail\/\">armadura espada<\/a> la naturaleza de Erza en Fairy Tail.<\/li>\n<li>A continuaci\u00f3n, la reproducci\u00f3n del Demon's Chopper <a href=\"https:\/\/repliquemangacine.fr\/es\/otros-manga\/meliodas-espada-tesoro-sagrado-lostvayne\/\">Lostvayne<\/a> en el manga y el anime de los Siete Pecados Capitales.<\/li>\n<li>As\u00ed como el<a href=\"https:\/\/repliquemangacine.fr\/es\/otros-manga\/epee-de-trunks-dragon-ball-z\/\">La espada de Trunks<\/a> en Dragon Ball Z.<\/li>\n<li>Y muchos m\u00e1s por descubrir en nuestra tienda en l\u00ednea.<\/li>\n<\/ul>\n<p>Por eso, aqu\u00ed tienes una idea estupenda para regalar a los fans de Fate Apocrypha y Fate\/stay night.<\/p>\n<p>En conclusi\u00f3n, puede utilizar el\u2019<strong>Regla Espada Destino Ap\u00f3crifa<\/strong> para tus desfiles de Cosplay en convenciones. Pero sobre todo, es una pieza de coleccionista y decoraci\u00f3n.<\/p>\n<h2>\u00bfC\u00f3mo se mantiene la hoja de la espada Manga?<\/h2>\n<p>Las espadas de colecci\u00f3n y decorativas se fabrican y ensamblan de forma simplificada. Como su uso es decorativo, no cuentan con los elementos de seguridad necesarios para una espada japonesa destinada al entrenamiento.<\/p>\n<p>Sin embargo, su <strong>Regla Espada Destino Ap\u00f3crifa<\/strong> a una hoja de acero que hay que cuidar para evitar que se estropee con el tiempo. Cuando exponga su katana, sus amigos sentir\u00e1n curiosidad por ver la hoja y tocarla. Aqu\u00ed es donde hay que tener cuidado, ya que la acidez de los dedos es muy perjudicial para el acero, sea cual sea su calidad.<\/p>\n<p>Sin embargo, si esto ocurre, no te asustes, todo lo que necesitas es un pa\u00f1o humedecido con un poco de aceite y limpiar las huellas dactilares. Si haces esto, tu espada durar\u00e1 mucho tiempo.<\/p>","protected":false},"excerpt":{"rendered":"<p>Espada de Juana de Arco conocida como \"la Pucelle\" en Fate Apocrypha.<\/p>\n<ul>\n<li>Hoja de acero 440 con ranura, no afilada.<\/li>\n<li>Empu\u00f1adura de acero y correa de metal envuelta alrededor de la empu\u00f1adura.<\/li>\n<li>Vaina de madera negra.<\/li>\n<li>Pomo y asa de acero macizo.<\/li>\n<li>Longitud de la hoja: 76 cm - Longitud total: 115 cm<\/li>\n<li>Peso : 2050 grs<\/li>\n<\/ul>\n<p><strong>\u00a0<\/strong><\/p>","protected":false},"featured_media":49116,"template":"","meta":[],"product_brand":[896],"product_cat":[65,23,101],"product_tag":[],"class_list":{"0":"post-49115","1":"product","2":"type-product","3":"status-publish","4":"has-post-thumbnail","6":"product_brand-replique-manga-cine","7":"product_cat-katana-et-epee-de-manga-anime-autre-manga","8":"product_cat-repliques-manga-jeux-video","9":"product_cat-soldes","11":"first","12":"instock","13":"sale","14":"taxable","15":"shipping-taxable","16":"purchasable","17":"product-type-simple"},"yoast_head":"<!-- This site is optimized with the Yoast SEO plugin v27.4 - https:\/\/yoast.com\/product\/yoast-seo-wordpress\/ -->\n<title>Ep\u00e9e Ruler Fate Apocrypha - Boutique en ligne - RMC<\/title>\n<meta name=\"description\" content=\"Offrez-vous l&#039;Ep\u00e9e Ruler Fate Apocrypha au meilleur prix. Lame acier avec gorge - Garde m\u00e9tal - Echelle 1\/1 - Longueur totale : 115 cm - Envoi 24\/48h\" \/>\n<meta name=\"robots\" content=\"index, follow, max-snippet:-1, max-image-preview:large, max-video-preview:-1\" \/>\n<link rel=\"canonical\" href=\"https:\/\/repliquemangacine.fr\/es\/saldos\/epee-ruler-fate-apocrypha-epee-de-jeanne-la-pucelle\/\" \/>\n<meta property=\"og:locale\" content=\"es_ES\" \/>\n<meta property=\"og:type\" content=\"article\" \/>\n<meta property=\"og:title\" content=\"Ep\u00e9e Ruler Fate Apocrypha - Boutique en ligne - RMC\" \/>\n<meta property=\"og:description\" content=\"Offrez-vous l&#039;Ep\u00e9e Ruler Fate Apocrypha au meilleur prix. Lame acier avec gorge - Garde m\u00e9tal - Echelle 1\/1 - Longueur totale : 115 cm - Envoi 24\/48h\" \/>\n<meta property=\"og:url\" content=\"https:\/\/repliquemangacine.fr\/es\/saldos\/epee-ruler-fate-apocrypha-epee-de-jeanne-la-pucelle\/\" \/>\n<meta property=\"og:site_name\" content=\"R\u00e9plique Manga Cin\u00e9\" \/>\n<meta property=\"article:publisher\" content=\"https:\/\/www.facebook.com\/RepliqueMangaCine\" \/>\n<meta property=\"article:modified_time\" content=\"2025-09-23T16:02:44+00:00\" \/>\n<meta property=\"og:image\" content=\"https:\/\/repliquemangacine.fr\/wp-content\/uploads\/2023\/10\/zs628.jpg\" \/>\n\t<meta property=\"og:image:width\" content=\"800\" \/>\n\t<meta property=\"og:image:height\" content=\"800\" \/>\n\t<meta property=\"og:image:type\" content=\"image\/jpeg\" \/>\n<meta name=\"twitter:card\" content=\"summary_large_image\" \/>\n<meta name=\"twitter:label1\" content=\"Tiempo de lectura\" \/>\n\t<meta name=\"twitter:data1\" content=\"2 minutos\" \/>\n<script type=\"application\/ld+json\" class=\"yoast-schema-graph\">{\"@context\":\"https:\\\/\\\/schema.org\",\"@graph\":[{\"@type\":\"WebPage\",\"@id\":\"https:\\\/\\\/repliquemangacine.fr\\\/soldes\\\/epee-ruler-fate-apocrypha-epee-de-jeanne-la-pucelle\\\/\",\"url\":\"https:\\\/\\\/repliquemangacine.fr\\\/soldes\\\/epee-ruler-fate-apocrypha-epee-de-jeanne-la-pucelle\\\/\",\"name\":\"Ep\u00e9e Ruler Fate Apocrypha - Boutique en ligne - RMC\",\"isPartOf\":{\"@id\":\"https:\\\/\\\/repliquemangacine.fr\\\/#website\"},\"primaryImageOfPage\":{\"@id\":\"https:\\\/\\\/repliquemangacine.fr\\\/soldes\\\/epee-ruler-fate-apocrypha-epee-de-jeanne-la-pucelle\\\/#primaryimage\"},\"image\":{\"@id\":\"https:\\\/\\\/repliquemangacine.fr\\\/soldes\\\/epee-ruler-fate-apocrypha-epee-de-jeanne-la-pucelle\\\/#primaryimage\"},\"thumbnailUrl\":\"https:\\\/\\\/repliquemangacine.fr\\\/wp-content\\\/uploads\\\/2023\\\/10\\\/zs628.jpg\",\"datePublished\":\"2022-03-22T13:21:09+00:00\",\"dateModified\":\"2025-09-23T16:02:44+00:00\",\"description\":\"Offrez-vous l'Ep\u00e9e Ruler Fate Apocrypha au meilleur prix. Lame acier avec gorge - Garde m\u00e9tal - Echelle 1\\\/1 - Longueur totale : 115 cm - Envoi 24\\\/48h\",\"breadcrumb\":{\"@id\":\"https:\\\/\\\/repliquemangacine.fr\\\/soldes\\\/epee-ruler-fate-apocrypha-epee-de-jeanne-la-pucelle\\\/#breadcrumb\"},\"inLanguage\":\"es\",\"potentialAction\":[{\"@type\":\"ReadAction\",\"target\":[\"https:\\\/\\\/repliquemangacine.fr\\\/soldes\\\/epee-ruler-fate-apocrypha-epee-de-jeanne-la-pucelle\\\/\"]}]},{\"@type\":\"ImageObject\",\"inLanguage\":\"es\",\"@id\":\"https:\\\/\\\/repliquemangacine.fr\\\/soldes\\\/epee-ruler-fate-apocrypha-epee-de-jeanne-la-pucelle\\\/#primaryimage\",\"url\":\"https:\\\/\\\/repliquemangacine.fr\\\/wp-content\\\/uploads\\\/2023\\\/10\\\/zs628.jpg\",\"contentUrl\":\"https:\\\/\\\/repliquemangacine.fr\\\/wp-content\\\/uploads\\\/2023\\\/10\\\/zs628.jpg\",\"width\":800,\"height\":800,\"caption\":\"Ep\u00e9e de jeanne la pucelle fate Apocrypha\"},{\"@type\":\"BreadcrumbList\",\"@id\":\"https:\\\/\\\/repliquemangacine.fr\\\/soldes\\\/epee-ruler-fate-apocrypha-epee-de-jeanne-la-pucelle\\\/#breadcrumb\",\"itemListElement\":[{\"@type\":\"ListItem\",\"position\":1,\"name\":\"Accueil\",\"item\":\"https:\\\/\\\/repliquemangacine.fr\\\/\"},{\"@type\":\"ListItem\",\"position\":2,\"name\":\"Produits\",\"item\":\"https:\\\/\\\/repliquemangacine.fr\\\/boutique\\\/\"},{\"@type\":\"ListItem\",\"position\":3,\"name\":\"Ep\u00e9e Ruler Fate Apocrypha\"}]},{\"@type\":\"WebSite\",\"@id\":\"https:\\\/\\\/repliquemangacine.fr\\\/#website\",\"url\":\"https:\\\/\\\/repliquemangacine.fr\\\/\",\"name\":\"R\u00e9plique Manga Cin\u00e9\",\"description\":\"\",\"publisher\":{\"@id\":\"https:\\\/\\\/repliquemangacine.fr\\\/#organization\"},\"potentialAction\":[{\"@type\":\"SearchAction\",\"target\":{\"@type\":\"EntryPoint\",\"urlTemplate\":\"https:\\\/\\\/repliquemangacine.fr\\\/?s={search_term_string}\"},\"query-input\":{\"@type\":\"PropertyValueSpecification\",\"valueRequired\":true,\"valueName\":\"search_term_string\"}}],\"inLanguage\":\"es\"},{\"@type\":\"Organization\",\"@id\":\"https:\\\/\\\/repliquemangacine.fr\\\/#organization\",\"name\":\"R\u00e9plique Manga Cin\u00e9\",\"url\":\"https:\\\/\\\/repliquemangacine.fr\\\/\",\"logo\":{\"@type\":\"ImageObject\",\"inLanguage\":\"es\",\"@id\":\"https:\\\/\\\/repliquemangacine.fr\\\/#\\\/schema\\\/logo\\\/image\\\/\",\"url\":\"https:\\\/\\\/repliquemangacine.fr\\\/wp-content\\\/uploads\\\/2023\\\/10\\\/RMC-500250.png\",\"contentUrl\":\"https:\\\/\\\/repliquemangacine.fr\\\/wp-content\\\/uploads\\\/2023\\\/10\\\/RMC-500250.png\",\"width\":500,\"height\":250,\"caption\":\"R\u00e9plique Manga Cin\u00e9\"},\"image\":{\"@id\":\"https:\\\/\\\/repliquemangacine.fr\\\/#\\\/schema\\\/logo\\\/image\\\/\"},\"sameAs\":[\"https:\\\/\\\/www.facebook.com\\\/RepliqueMangaCine\",\"https:\\\/\\\/www.instagram.com\\\/repliquemangacine.fr\\\/\"]}]}<\/script>\n<!-- \/ Yoast SEO plugin. -->","yoast_head_json":{"title":"Ruler Sword Fate Apocrypha - Tienda Online - RMC","description":"Reg\u00e1late la Espada Regla Fate Apocrypha al mejor precio. Hoja de acero con garganta - Guarda de metal - Escala 1\/1 - Longitud total : 115 cm - Env\u00edo 24\/48h","robots":{"index":"index","follow":"follow","max-snippet":"max-snippet:-1","max-image-preview":"max-image-preview:large","max-video-preview":"max-video-preview:-1"},"canonical":"https:\/\/repliquemangacine.fr\/es\/saldos\/epee-ruler-fate-apocrypha-epee-de-jeanne-la-pucelle\/","og_locale":"es_ES","og_type":"article","og_title":"Ep\u00e9e Ruler Fate Apocrypha - Boutique en ligne - RMC","og_description":"Offrez-vous l'Ep\u00e9e Ruler Fate Apocrypha au meilleur prix. Lame acier avec gorge - Garde m\u00e9tal - Echelle 1\/1 - Longueur totale : 115 cm - Envoi 24\/48h","og_url":"https:\/\/repliquemangacine.fr\/es\/saldos\/epee-ruler-fate-apocrypha-epee-de-jeanne-la-pucelle\/","og_site_name":"R\u00e9plique Manga Cin\u00e9","article_publisher":"https:\/\/www.facebook.com\/RepliqueMangaCine","article_modified_time":"2025-09-23T16:02:44+00:00","og_image":[{"width":800,"height":800,"url":"https:\/\/repliquemangacine.fr\/wp-content\/uploads\/2023\/10\/zs628.jpg","type":"image\/jpeg"}],"twitter_card":"summary_large_image","twitter_misc":{"Tiempo de lectura":"2 minutos"},"schema":{"@context":"https:\/\/schema.org","@graph":[{"@type":"WebPage","@id":"https:\/\/repliquemangacine.fr\/soldes\/epee-ruler-fate-apocrypha-epee-de-jeanne-la-pucelle\/","url":"https:\/\/repliquemangacine.fr\/soldes\/epee-ruler-fate-apocrypha-epee-de-jeanne-la-pucelle\/","name":"Ruler Sword Fate Apocrypha - Tienda Online - RMC","isPartOf":{"@id":"https:\/\/repliquemangacine.fr\/#website"},"primaryImageOfPage":{"@id":"https:\/\/repliquemangacine.fr\/soldes\/epee-ruler-fate-apocrypha-epee-de-jeanne-la-pucelle\/#primaryimage"},"image":{"@id":"https:\/\/repliquemangacine.fr\/soldes\/epee-ruler-fate-apocrypha-epee-de-jeanne-la-pucelle\/#primaryimage"},"thumbnailUrl":"https:\/\/repliquemangacine.fr\/wp-content\/uploads\/2023\/10\/zs628.jpg","datePublished":"2022-03-22T13:21:09+00:00","dateModified":"2025-09-23T16:02:44+00:00","description":"Reg\u00e1late la Espada Regla Fate Apocrypha al mejor precio. Hoja de acero con garganta - Guarda de metal - Escala 1\/1 - Longitud total : 115 cm - Env\u00edo 24\/48h","breadcrumb":{"@id":"https:\/\/repliquemangacine.fr\/soldes\/epee-ruler-fate-apocrypha-epee-de-jeanne-la-pucelle\/#breadcrumb"},"inLanguage":"es","potentialAction":[{"@type":"ReadAction","target":["https:\/\/repliquemangacine.fr\/soldes\/epee-ruler-fate-apocrypha-epee-de-jeanne-la-pucelle\/"]}]},{"@type":"ImageObject","inLanguage":"es","@id":"https:\/\/repliquemangacine.fr\/soldes\/epee-ruler-fate-apocrypha-epee-de-jeanne-la-pucelle\/#primaryimage","url":"https:\/\/repliquemangacine.fr\/wp-content\/uploads\/2023\/10\/zs628.jpg","contentUrl":"https:\/\/repliquemangacine.fr\/wp-content\/uploads\/2023\/10\/zs628.jpg","width":800,"height":800,"caption":"Ep\u00e9e de jeanne la pucelle fate Apocrypha"},{"@type":"BreadcrumbList","@id":"https:\/\/repliquemangacine.fr\/soldes\/epee-ruler-fate-apocrypha-epee-de-jeanne-la-pucelle\/#breadcrumb","itemListElement":[{"@type":"ListItem","position":1,"name":"Accueil","item":"https:\/\/repliquemangacine.fr\/"},{"@type":"ListItem","position":2,"name":"Produits","item":"https:\/\/repliquemangacine.fr\/boutique\/"},{"@type":"ListItem","position":3,"name":"Ep\u00e9e Ruler Fate Apocrypha"}]},{"@type":"WebSite","@id":"https:\/\/repliquemangacine.fr\/#website","url":"https:\/\/repliquemangacine.fr\/","name":"R\u00e9plique Manga Cin\u00e9","description":"","publisher":{"@id":"https:\/\/repliquemangacine.fr\/#organization"},"potentialAction":[{"@type":"SearchAction","target":{"@type":"EntryPoint","urlTemplate":"https:\/\/repliquemangacine.fr\/?s={search_term_string}"},"query-input":{"@type":"PropertyValueSpecification","valueRequired":true,"valueName":"search_term_string"}}],"inLanguage":"es"},{"@type":"Organization","@id":"https:\/\/repliquemangacine.fr\/#organization","name":"R\u00e9plique Manga Cin\u00e9","url":"https:\/\/repliquemangacine.fr\/","logo":{"@type":"ImageObject","inLanguage":"es","@id":"https:\/\/repliquemangacine.fr\/#\/schema\/logo\/image\/","url":"https:\/\/repliquemangacine.fr\/wp-content\/uploads\/2023\/10\/RMC-500250.png","contentUrl":"https:\/\/repliquemangacine.fr\/wp-content\/uploads\/2023\/10\/RMC-500250.png","width":500,"height":250,"caption":"R\u00e9plique Manga Cin\u00e9"},"image":{"@id":"https:\/\/repliquemangacine.fr\/#\/schema\/logo\/image\/"},"sameAs":["https:\/\/www.facebook.com\/RepliqueMangaCine","https:\/\/www.instagram.com\/repliquemangacine.fr\/"]}]}},"_links":{"self":[{"href":"https:\/\/repliquemangacine.fr\/es\/wp-json\/wp\/v2\/product\/49115","targetHints":{"allow":["GET"]}}],"collection":[{"href":"https:\/\/repliquemangacine.fr\/es\/wp-json\/wp\/v2\/product"}],"about":[{"href":"https:\/\/repliquemangacine.fr\/es\/wp-json\/wp\/v2\/types\/product"}],"wp:featuredmedia":[{"embeddable":true,"href":"https:\/\/repliquemangacine.fr\/es\/wp-json\/wp\/v2\/media\/49116"}],"wp:attachment":[{"href":"https:\/\/repliquemangacine.fr\/es\/wp-json\/wp\/v2\/media?parent=49115"}],"wp:term":[{"taxonomy":"product_brand","embeddable":true,"href":"https:\/\/repliquemangacine.fr\/es\/wp-json\/wp\/v2\/product_brand?post=49115"},{"taxonomy":"product_cat","embeddable":true,"href":"https:\/\/repliquemangacine.fr\/es\/wp-json\/wp\/v2\/product_cat?post=49115"},{"taxonomy":"product_tag","embeddable":true,"href":"https:\/\/repliquemangacine.fr\/es\/wp-json\/wp\/v2\/product_tag?post=49115"}],"curies":[{"name":"wp","href":"https:\/\/api.w.org\/{rel}","templated":true}]}}