





{"id":49103,"date":"2022-03-22T10:19:36","date_gmt":"2022-03-22T09:19:36","guid":{"rendered":"https:\/\/repliquemangacine.fr\/?post_type=product&#038;p=49103"},"modified":"2026-03-20T21:28:23","modified_gmt":"2026-03-20T20:28:23","slug":"soporte-mural-de-acero-para-espada","status":"publish","type":"product","link":"https:\/\/repliquemangacine.fr\/es\/epee-templier-medievale\/support-mural-en-acier-pour-epee\/","title":{"rendered":"Soporte mural de acero para espada"},"content":{"rendered":"<h2>Soporte de pared de acero para espadas.<\/h2>\n<p>Para empezar, el <strong>Soporte mural de acero<\/strong> es pr\u00e1cticamente invisible una vez que la espada est\u00e1 suspendida.<\/p>\n<p>Los soportes de presentaci\u00f3n desempe\u00f1an un papel esencial en la exposici\u00f3n de sus espadas, sables, katanas, pistolas y rifles de colecci\u00f3n. De hecho, este conjunto de dos piezas totalmente de acero, ajustable en profundidad, le garantiza poder mostrar a sus amigos la calidad de sus reproducciones de armas hist\u00f3ricas.<\/p>\n<p>Cabe destacar que Denix ofrece un acabado de fabricaci\u00f3n que sorprender\u00e1 a m\u00e1s de uno. Importador de renombre mundial, <a href=\"https:\/\/www.denix.fr\/\">Denix<\/a> es la marca de referencia en reproducciones de armas hist\u00f3ricas. Todas las grandes historias de batallas y guerras est\u00e1n representadas, incluyendo :<\/p>\n<ul>\n<li>El primer Imperio con sus espadas y pistolas.<\/li>\n<li>Espadas y armas de la Edad Media<\/li>\n<li>Potros vaqueros<\/li>\n<li>Por \u00faltimo, las armas de la Segunda Guerra Mundial.<\/li>\n<\/ul>\n<h2>Tus r\u00e9plicas de armas hist\u00f3ricas al mejor precio.<\/h2>\n<p>Le ofrecemos una amplia selecci\u00f3n de r\u00e9plicas de espadas, rifles y pistolas de la marca Denix.<\/p>\n<p>Lo primero y m\u00e1s importante,<\/p>\n<ul>\n<li>En <a href=\"https:\/\/repliquemangacine.fr\/es\/armas-y-accesorios-occidentales\/\">colts westerns<\/a> con fundas para ser un aut\u00e9ntico vaquero.<\/li>\n<li>Tambi\u00e9n hay<a href=\"https:\/\/repliquemangacine.fr\/es\/pistola-antigua\/\"> pistolas antiguas<\/a>Pero tambi\u00e9n los viejos fusiles con sus bayonetas.<\/li>\n<li>As\u00ed como todas las reproducciones de armas de la Segunda Guerra Mundial\u1d49 y sus desembarcos del D\u00eda D.<\/li>\n<li>Y mucho m\u00e1s por descubrir en nuestra tienda en l\u00ednea.<\/li>\n<\/ul>\n<p>Por eso, aqu\u00ed tienes unas ideas fant\u00e1sticas para regalar a todos los amantes de las historias.<\/p>\n<p>En conclusi\u00f3n, puede utilizar su <strong>Soporte mural de acero<\/strong> para exponer todas tus armas de colecci\u00f3n.<\/p>\n<p>R\u00e9plique Manga Cin\u00e9 es una empresa familiar francesa, distribuidora oficial de la marca Denix.<\/p>","protected":false},"excerpt":{"rendered":"<p>Soporte mural en forma de tijera, puede fijarse a una pared o a un poste de madera...<\/p>\n<ul>\n<li>Todo de acero.<\/li>\n<li>Brazos articulados, muy juntos o muy extendidos.<\/li>\n<li>Adecuado para una gran variedad de espadas.<\/li>\n<li>El soporte de pared desaparece detr\u00e1s de la manilla, y s\u00f3lo se ven los pasadores de sujeci\u00f3n en la parte delantera.<\/li>\n<\/ul>\n<p>Altura: de 5,5 cm a 7,5 cm - Anchura: de 3 cm a 8 cm<\/p>\n<p><strong>\u00a0<\/strong><\/p>","protected":false},"featured_media":49104,"template":"","meta":[],"product_brand":[896],"product_cat":[50,25,84,92,26,43],"product_tag":[],"class_list":{"0":"post-49103","1":"product","2":"type-product","3":"status-publish","4":"has-post-thumbnail","6":"product_brand-replique-manga-cine","7":"product_cat-accessoires-katana","8":"product_cat-armes-historiques","9":"product_cat-epee-templier-medievale","10":"product_cat-haches-de-guerre-medievale-et-accessoire-medievaux","11":"product_cat-katana-epee","12":"product_cat-reproductions-d-armes-et-accessoires-medievales","14":"first","15":"instock","16":"taxable","17":"shipping-taxable","18":"purchasable","19":"product-type-simple"},"yoast_head":"<!-- This site is optimized with the Yoast SEO plugin v27.4 - https:\/\/yoast.com\/product\/yoast-seo-wordpress\/ -->\n<title>Support mural acier pour \u00e9p\u00e9e - R\u00e9plique Manga Cin\u00e9<\/title>\n<meta name=\"description\" content=\"Petit, discret et facile \u00e0 poser, ce support mural acier va vous enchanter ! une fois fixer au mur avec son \u00e9p\u00e9e, il devient invisible...\" \/>\n<meta name=\"robots\" content=\"index, follow, max-snippet:-1, max-image-preview:large, max-video-preview:-1\" \/>\n<link rel=\"canonical\" href=\"https:\/\/repliquemangacine.fr\/es\/hachas-de-batalla-medievales-y-accesorios\/soporte-mural-de-acero-para-espada\/\" \/>\n<meta property=\"og:locale\" content=\"es_ES\" \/>\n<meta property=\"og:type\" content=\"article\" \/>\n<meta property=\"og:title\" content=\"Support mural acier pour \u00e9p\u00e9e - R\u00e9plique Manga Cin\u00e9\" \/>\n<meta property=\"og:description\" content=\"Petit, discret et facile \u00e0 poser, ce support mural acier va vous enchanter ! une fois fixer au mur avec son \u00e9p\u00e9e, il devient invisible...\" \/>\n<meta property=\"og:url\" content=\"https:\/\/repliquemangacine.fr\/es\/hachas-de-batalla-medievales-y-accesorios\/soporte-mural-de-acero-para-espada\/\" \/>\n<meta property=\"og:site_name\" content=\"R\u00e9plique Manga Cin\u00e9\" \/>\n<meta property=\"article:publisher\" content=\"https:\/\/www.facebook.com\/RepliqueMangaCine\" \/>\n<meta property=\"article:modified_time\" content=\"2026-03-20T20:28:23+00:00\" \/>\n<meta property=\"og:image\" content=\"https:\/\/repliquemangacine.fr\/wp-content\/uploads\/2023\/10\/PORTE-EPEE.jpg\" \/>\n\t<meta property=\"og:image:width\" content=\"800\" \/>\n\t<meta property=\"og:image:height\" content=\"800\" \/>\n\t<meta property=\"og:image:type\" content=\"image\/jpeg\" \/>\n<meta name=\"twitter:card\" content=\"summary_large_image\" \/>\n<meta name=\"twitter:label1\" content=\"Tiempo de lectura\" \/>\n\t<meta name=\"twitter:data1\" content=\"1 minuto\" \/>\n<script type=\"application\/ld+json\" class=\"yoast-schema-graph\">{\"@context\":\"https:\\\/\\\/schema.org\",\"@graph\":[{\"@type\":\"WebPage\",\"@id\":\"https:\\\/\\\/repliquemangacine.fr\\\/haches-de-guerre-medievale-et-accessoire-medievaux\\\/support-mural-en-acier-pour-epee\\\/\",\"url\":\"https:\\\/\\\/repliquemangacine.fr\\\/haches-de-guerre-medievale-et-accessoire-medievaux\\\/support-mural-en-acier-pour-epee\\\/\",\"name\":\"Support mural acier pour \u00e9p\u00e9e - R\u00e9plique Manga Cin\u00e9\",\"isPartOf\":{\"@id\":\"https:\\\/\\\/repliquemangacine.fr\\\/#website\"},\"primaryImageOfPage\":{\"@id\":\"https:\\\/\\\/repliquemangacine.fr\\\/haches-de-guerre-medievale-et-accessoire-medievaux\\\/support-mural-en-acier-pour-epee\\\/#primaryimage\"},\"image\":{\"@id\":\"https:\\\/\\\/repliquemangacine.fr\\\/haches-de-guerre-medievale-et-accessoire-medievaux\\\/support-mural-en-acier-pour-epee\\\/#primaryimage\"},\"thumbnailUrl\":\"https:\\\/\\\/repliquemangacine.fr\\\/wp-content\\\/uploads\\\/2023\\\/10\\\/PORTE-EPEE.jpg\",\"datePublished\":\"2022-03-22T09:19:36+00:00\",\"dateModified\":\"2026-03-20T20:28:23+00:00\",\"description\":\"Petit, discret et facile \u00e0 poser, ce support mural acier va vous enchanter ! une fois fixer au mur avec son \u00e9p\u00e9e, il devient invisible...\",\"breadcrumb\":{\"@id\":\"https:\\\/\\\/repliquemangacine.fr\\\/haches-de-guerre-medievale-et-accessoire-medievaux\\\/support-mural-en-acier-pour-epee\\\/#breadcrumb\"},\"inLanguage\":\"es\",\"potentialAction\":[{\"@type\":\"ReadAction\",\"target\":[\"https:\\\/\\\/repliquemangacine.fr\\\/haches-de-guerre-medievale-et-accessoire-medievaux\\\/support-mural-en-acier-pour-epee\\\/\"]}]},{\"@type\":\"ImageObject\",\"inLanguage\":\"es\",\"@id\":\"https:\\\/\\\/repliquemangacine.fr\\\/haches-de-guerre-medievale-et-accessoire-medievaux\\\/support-mural-en-acier-pour-epee\\\/#primaryimage\",\"url\":\"https:\\\/\\\/repliquemangacine.fr\\\/wp-content\\\/uploads\\\/2023\\\/10\\\/PORTE-EPEE.jpg\",\"contentUrl\":\"https:\\\/\\\/repliquemangacine.fr\\\/wp-content\\\/uploads\\\/2023\\\/10\\\/PORTE-EPEE.jpg\",\"width\":800,\"height\":800,\"caption\":\"Porte Ep\u00e9e mural en acier\"},{\"@type\":\"BreadcrumbList\",\"@id\":\"https:\\\/\\\/repliquemangacine.fr\\\/haches-de-guerre-medievale-et-accessoire-medievaux\\\/support-mural-en-acier-pour-epee\\\/#breadcrumb\",\"itemListElement\":[{\"@type\":\"ListItem\",\"position\":1,\"name\":\"Accueil\",\"item\":\"https:\\\/\\\/repliquemangacine.fr\\\/\"},{\"@type\":\"ListItem\",\"position\":2,\"name\":\"Produits\",\"item\":\"https:\\\/\\\/repliquemangacine.fr\\\/boutique\\\/\"},{\"@type\":\"ListItem\",\"position\":3,\"name\":\"Support mural acier pour \u00e9p\u00e9e\"}]},{\"@type\":\"WebSite\",\"@id\":\"https:\\\/\\\/repliquemangacine.fr\\\/#website\",\"url\":\"https:\\\/\\\/repliquemangacine.fr\\\/\",\"name\":\"R\u00e9plique Manga Cin\u00e9\",\"description\":\"\",\"publisher\":{\"@id\":\"https:\\\/\\\/repliquemangacine.fr\\\/#organization\"},\"potentialAction\":[{\"@type\":\"SearchAction\",\"target\":{\"@type\":\"EntryPoint\",\"urlTemplate\":\"https:\\\/\\\/repliquemangacine.fr\\\/?s={search_term_string}\"},\"query-input\":{\"@type\":\"PropertyValueSpecification\",\"valueRequired\":true,\"valueName\":\"search_term_string\"}}],\"inLanguage\":\"es\"},{\"@type\":\"Organization\",\"@id\":\"https:\\\/\\\/repliquemangacine.fr\\\/#organization\",\"name\":\"R\u00e9plique Manga Cin\u00e9\",\"url\":\"https:\\\/\\\/repliquemangacine.fr\\\/\",\"logo\":{\"@type\":\"ImageObject\",\"inLanguage\":\"es\",\"@id\":\"https:\\\/\\\/repliquemangacine.fr\\\/#\\\/schema\\\/logo\\\/image\\\/\",\"url\":\"https:\\\/\\\/repliquemangacine.fr\\\/wp-content\\\/uploads\\\/2023\\\/10\\\/RMC-500250.png\",\"contentUrl\":\"https:\\\/\\\/repliquemangacine.fr\\\/wp-content\\\/uploads\\\/2023\\\/10\\\/RMC-500250.png\",\"width\":500,\"height\":250,\"caption\":\"R\u00e9plique Manga Cin\u00e9\"},\"image\":{\"@id\":\"https:\\\/\\\/repliquemangacine.fr\\\/#\\\/schema\\\/logo\\\/image\\\/\"},\"sameAs\":[\"https:\\\/\\\/www.facebook.com\\\/RepliqueMangaCine\",\"https:\\\/\\\/www.instagram.com\\\/repliquemangacine.fr\\\/\"]}]}<\/script>\n<!-- \/ Yoast SEO plugin. -->","yoast_head_json":{"title":"Soporte mural de acero para espada - R\u00e9plique Manga Cin\u00e9","description":"Peque\u00f1o, discreto y f\u00e1cil de instalar, este soporte mural de acero le encantar\u00e1! Una vez fijado a la pared con su espada, se vuelve invisible...","robots":{"index":"index","follow":"follow","max-snippet":"max-snippet:-1","max-image-preview":"max-image-preview:large","max-video-preview":"max-video-preview:-1"},"canonical":"https:\/\/repliquemangacine.fr\/es\/hachas-de-batalla-medievales-y-accesorios\/soporte-mural-de-acero-para-espada\/","og_locale":"es_ES","og_type":"article","og_title":"Support mural acier pour \u00e9p\u00e9e - R\u00e9plique Manga Cin\u00e9","og_description":"Petit, discret et facile \u00e0 poser, ce support mural acier va vous enchanter ! une fois fixer au mur avec son \u00e9p\u00e9e, il devient invisible...","og_url":"https:\/\/repliquemangacine.fr\/es\/hachas-de-batalla-medievales-y-accesorios\/soporte-mural-de-acero-para-espada\/","og_site_name":"R\u00e9plique Manga Cin\u00e9","article_publisher":"https:\/\/www.facebook.com\/RepliqueMangaCine","article_modified_time":"2026-03-20T20:28:23+00:00","og_image":[{"width":800,"height":800,"url":"https:\/\/repliquemangacine.fr\/wp-content\/uploads\/2023\/10\/PORTE-EPEE.jpg","type":"image\/jpeg"}],"twitter_card":"summary_large_image","twitter_misc":{"Tiempo de lectura":"1 minuto"},"schema":{"@context":"https:\/\/schema.org","@graph":[{"@type":"WebPage","@id":"https:\/\/repliquemangacine.fr\/haches-de-guerre-medievale-et-accessoire-medievaux\/support-mural-en-acier-pour-epee\/","url":"https:\/\/repliquemangacine.fr\/haches-de-guerre-medievale-et-accessoire-medievaux\/support-mural-en-acier-pour-epee\/","name":"Soporte mural de acero para espada - R\u00e9plique Manga Cin\u00e9","isPartOf":{"@id":"https:\/\/repliquemangacine.fr\/#website"},"primaryImageOfPage":{"@id":"https:\/\/repliquemangacine.fr\/haches-de-guerre-medievale-et-accessoire-medievaux\/support-mural-en-acier-pour-epee\/#primaryimage"},"image":{"@id":"https:\/\/repliquemangacine.fr\/haches-de-guerre-medievale-et-accessoire-medievaux\/support-mural-en-acier-pour-epee\/#primaryimage"},"thumbnailUrl":"https:\/\/repliquemangacine.fr\/wp-content\/uploads\/2023\/10\/PORTE-EPEE.jpg","datePublished":"2022-03-22T09:19:36+00:00","dateModified":"2026-03-20T20:28:23+00:00","description":"Peque\u00f1o, discreto y f\u00e1cil de instalar, este soporte mural de acero le encantar\u00e1! Una vez fijado a la pared con su espada, se vuelve invisible...","breadcrumb":{"@id":"https:\/\/repliquemangacine.fr\/haches-de-guerre-medievale-et-accessoire-medievaux\/support-mural-en-acier-pour-epee\/#breadcrumb"},"inLanguage":"es","potentialAction":[{"@type":"ReadAction","target":["https:\/\/repliquemangacine.fr\/haches-de-guerre-medievale-et-accessoire-medievaux\/support-mural-en-acier-pour-epee\/"]}]},{"@type":"ImageObject","inLanguage":"es","@id":"https:\/\/repliquemangacine.fr\/haches-de-guerre-medievale-et-accessoire-medievaux\/support-mural-en-acier-pour-epee\/#primaryimage","url":"https:\/\/repliquemangacine.fr\/wp-content\/uploads\/2023\/10\/PORTE-EPEE.jpg","contentUrl":"https:\/\/repliquemangacine.fr\/wp-content\/uploads\/2023\/10\/PORTE-EPEE.jpg","width":800,"height":800,"caption":"Porte Ep\u00e9e mural en acier"},{"@type":"BreadcrumbList","@id":"https:\/\/repliquemangacine.fr\/haches-de-guerre-medievale-et-accessoire-medievaux\/support-mural-en-acier-pour-epee\/#breadcrumb","itemListElement":[{"@type":"ListItem","position":1,"name":"Accueil","item":"https:\/\/repliquemangacine.fr\/"},{"@type":"ListItem","position":2,"name":"Produits","item":"https:\/\/repliquemangacine.fr\/boutique\/"},{"@type":"ListItem","position":3,"name":"Support mural acier pour \u00e9p\u00e9e"}]},{"@type":"WebSite","@id":"https:\/\/repliquemangacine.fr\/#website","url":"https:\/\/repliquemangacine.fr\/","name":"R\u00e9plique Manga Cin\u00e9","description":"","publisher":{"@id":"https:\/\/repliquemangacine.fr\/#organization"},"potentialAction":[{"@type":"SearchAction","target":{"@type":"EntryPoint","urlTemplate":"https:\/\/repliquemangacine.fr\/?s={search_term_string}"},"query-input":{"@type":"PropertyValueSpecification","valueRequired":true,"valueName":"search_term_string"}}],"inLanguage":"es"},{"@type":"Organization","@id":"https:\/\/repliquemangacine.fr\/#organization","name":"R\u00e9plique Manga Cin\u00e9","url":"https:\/\/repliquemangacine.fr\/","logo":{"@type":"ImageObject","inLanguage":"es","@id":"https:\/\/repliquemangacine.fr\/#\/schema\/logo\/image\/","url":"https:\/\/repliquemangacine.fr\/wp-content\/uploads\/2023\/10\/RMC-500250.png","contentUrl":"https:\/\/repliquemangacine.fr\/wp-content\/uploads\/2023\/10\/RMC-500250.png","width":500,"height":250,"caption":"R\u00e9plique Manga Cin\u00e9"},"image":{"@id":"https:\/\/repliquemangacine.fr\/#\/schema\/logo\/image\/"},"sameAs":["https:\/\/www.facebook.com\/RepliqueMangaCine","https:\/\/www.instagram.com\/repliquemangacine.fr\/"]}]}},"_links":{"self":[{"href":"https:\/\/repliquemangacine.fr\/es\/wp-json\/wp\/v2\/product\/49103","targetHints":{"allow":["GET"]}}],"collection":[{"href":"https:\/\/repliquemangacine.fr\/es\/wp-json\/wp\/v2\/product"}],"about":[{"href":"https:\/\/repliquemangacine.fr\/es\/wp-json\/wp\/v2\/types\/product"}],"wp:featuredmedia":[{"embeddable":true,"href":"https:\/\/repliquemangacine.fr\/es\/wp-json\/wp\/v2\/media\/49104"}],"wp:attachment":[{"href":"https:\/\/repliquemangacine.fr\/es\/wp-json\/wp\/v2\/media?parent=49103"}],"wp:term":[{"taxonomy":"product_brand","embeddable":true,"href":"https:\/\/repliquemangacine.fr\/es\/wp-json\/wp\/v2\/product_brand?post=49103"},{"taxonomy":"product_cat","embeddable":true,"href":"https:\/\/repliquemangacine.fr\/es\/wp-json\/wp\/v2\/product_cat?post=49103"},{"taxonomy":"product_tag","embeddable":true,"href":"https:\/\/repliquemangacine.fr\/es\/wp-json\/wp\/v2\/product_tag?post=49103"}],"curies":[{"name":"wp","href":"https:\/\/api.w.org\/{rel}","templated":true}]}}