





{"id":49004,"date":"2022-03-18T11:58:20","date_gmt":"2022-03-18T10:58:20","guid":{"rendered":"https:\/\/repliquemangacine.fr\/?post_type=product&#038;p=49004"},"modified":"2026-04-21T19:29:10","modified_gmt":"2026-04-21T17:29:10","slug":"katana-du-dernier-samourai-el-ultimo-samourai","status":"publish","type":"product","link":"https:\/\/repliquemangacine.fr\/es\/katanas-le-dernier-samourai\/katana-du-dernier-samourai-the-last-samourai\/","title":{"rendered":"\u00daltima Katana Samurai"},"content":{"rendered":"<h2>Katana Last Samurai de Nathan Algren.<\/h2>\n<p>Para empezar, el <strong>\u00daltima Katana Samurai<\/strong> Es una magn\u00edfica r\u00e9plica que Tom Cruise pronuncia en la pel\u00edcula El \u00faltimo samur\u00e1i.<\/p>\n<p>Esta pel\u00edcula es una adaptaci\u00f3n libre inspirada en los acontecimientos de la rebeli\u00f3n de Satsuma en 1877, as\u00ed como en la historia de Jules Brunet, un oficial franc\u00e9s que dimiti\u00f3 del ej\u00e9rcito por lealtad al \u00faltimo shogun Tokugawa Yoshinobu, quien anteriormente hab\u00eda firmado un tratado de amistad con Napole\u00f3n III.<\/p>\n<p>La espada japonesa (Nihonto) describe un conjunto de armas blancas, fabricadas seg\u00fan las t\u00e9cnicas japonesas. Esta denominaci\u00f3n incluye la Tachi, la Wakizashi, la Tanto y, por supuesto, la famosa Katana. Hay que saber que la espada japonesa fue creada para usos b\u00e9licos. Actualmente se considera una obra de arte en s\u00ed misma. Existe una <a href=\"https:\/\/www.touken.or.jp\/english\/\" target=\"_blank\" rel=\"noopener noreferrer\">museo de la espada<\/a> en Jap\u00f3n.<\/p>\n<h2>Tu \u00daltima Katana Samurai al mejor precio.<\/h2>\n<p>Le ofrecemos una amplia selecci\u00f3n de espadas japonesas para sus entrenamientos, pero tambi\u00e9n para decoraci\u00f3n.<\/p>\n<p>Lo primero y m\u00e1s importante,<\/p>\n<ul>\n<li>Le <a href=\"https:\/\/repliquemangacine.fr\/es\/forja-de-katanas\/katana-forge-dragon-bleu\/\">Katana de drag\u00f3n forjada<\/a> entrenamiento de corte para principiantes.<\/li>\n<li>Pero tambi\u00e9n la<a href=\"https:\/\/repliquemangacine.fr\/es\/el-ultimo-samurai\/katana-forja-al-ultimo-samurai\/\"> espada forjada<\/a> de Nathan Algren en la pel\u00edcula El \u00faltimo samur\u00e1i.<\/li>\n<li>Y muchos m\u00e1s por descubrir en nuestra tienda en l\u00ednea.<\/li>\n<\/ul>\n<p>Por eso, aqu\u00ed tienes una idea genial para regalar a los fans de Tom Cruise en El \u00faltimo samur\u00e1i.<\/p>\n<p>En conclusi\u00f3n, tambi\u00e9n puede utilizar este <strong>\u00daltima Katana Samurai<\/strong> para tus desfiles de cosplay, o para tu colecci\u00f3n. Pero, sobre todo, es tambi\u00e9n una pieza de coleccionista y un objeto decorativo.<\/p>\n<h2>\u00bfC\u00f3mo se mantiene la hoja de la espada japonesa?<\/h2>\n<p>Las katanas de colecci\u00f3n y decorativas se fabrican y ensamblan de forma simplificada. Como su uso es decorativo, no cuentan con los elementos de seguridad exigidos a una espada japonesa destinada al entrenamiento.<\/p>\n<p>Sin embargo, su <strong>\u00daltima katana samur\u00e1i<\/strong> a una hoja de acero que hay que cuidar para evitar que se estropee con el tiempo. Cuando exponga su katana, sus amigos sentir\u00e1n curiosidad por ver la hoja y tocarla. Aqu\u00ed es donde hay que tener cuidado, ya que la acidez de los dedos es muy perjudicial para el acero, sea cual sea su calidad.<\/p>\n<p>Sin embargo, si esto ocurre, no te asustes, todo lo que necesitas es un pa\u00f1o humedecido con un poco de aceite y limpiar las huellas dactilares. Si haces esto, tu espada durar\u00e1 mucho tiempo.<\/p>","protected":false},"excerpt":{"rendered":"<p>La Katana de Nathan Algren en El \u00faltimo samur\u00e1i.<\/p>\n<ul>\n<li>Hoja de acero 440 grabada con las palabras \"Pertenezco al guerrero en el que las antiguas tradiciones se han encontrado con la modernidad\".<\/li>\n<li>Se suministra con soporte de madera.<\/li>\n<li>Empu\u00f1adura de acero decorada con un drag\u00f3n.<\/li>\n<li>Vaina grabada.<\/li>\n<li>Mango recubierto de trenza de algod\u00f3n negro.<\/li>\n<li>Longitud de la hoja: 68 cm - Longitud total: 103 cm<\/li>\n<\/ul>","protected":false},"featured_media":49005,"template":"","meta":[],"product_brand":[896],"product_cat":[66,24,26,32,88],"product_tag":[],"class_list":{"0":"post-49004","1":"product","2":"type-product","3":"status-publish","4":"has-post-thumbnail","6":"product_brand-replique-manga-cine","7":"product_cat-repliques-d-armes-films-et-series","8":"product_cat-films-series-tv-vente-de-katana-epee-et-produits-derives","9":"product_cat-katana-epee","10":"product_cat-katana-decoration","11":"product_cat-katanas-le-dernier-samourai","13":"first","14":"instock","15":"sale","16":"taxable","17":"shipping-taxable","18":"purchasable","19":"product-type-simple"},"yoast_head":"<!-- This site is optimized with the Yoast SEO plugin v27.4 - https:\/\/yoast.com\/product\/yoast-seo-wordpress\/ -->\n<title>Katana Dernier Samoura\u00ef - Vente en ligne - R\u00e9plique Manga Cin\u00e9<\/title>\n<meta name=\"description\" content=\"Offrez-vous le Katana Dernier Samoura\u00ef au meilleur prix. Lame en acier avec gravure - Fourreau bois grav\u00e9 - Longueur totale\u00a0: 103 cm - Envoi 24\/48h\" \/>\n<meta name=\"robots\" content=\"index, follow, max-snippet:-1, max-image-preview:large, max-video-preview:-1\" \/>\n<link rel=\"canonical\" href=\"https:\/\/repliquemangacine.fr\/es\/katanas-el-ultimo-samurai\/katana-du-dernier-samourai-el-ultimo-samourai\/\" \/>\n<meta property=\"og:locale\" content=\"es_ES\" \/>\n<meta property=\"og:type\" content=\"article\" \/>\n<meta property=\"og:title\" content=\"Katana Dernier Samoura\u00ef - Vente en ligne - R\u00e9plique Manga Cin\u00e9\" \/>\n<meta property=\"og:description\" content=\"Offrez-vous le Katana Dernier Samoura\u00ef au meilleur prix. Lame en acier avec gravure - Fourreau bois grav\u00e9 - Longueur totale\u00a0: 103 cm - Envoi 24\/48h\" \/>\n<meta property=\"og:url\" content=\"https:\/\/repliquemangacine.fr\/es\/katanas-el-ultimo-samurai\/katana-du-dernier-samourai-el-ultimo-samourai\/\" \/>\n<meta property=\"og:site_name\" content=\"R\u00e9plique Manga Cin\u00e9\" \/>\n<meta property=\"article:publisher\" content=\"https:\/\/www.facebook.com\/RepliqueMangaCine\" \/>\n<meta property=\"article:modified_time\" content=\"2026-04-21T17:29:10+00:00\" \/>\n<meta property=\"og:image\" content=\"https:\/\/repliquemangacine.fr\/wp-content\/uploads\/2023\/10\/dernier-samourai.jpg\" \/>\n\t<meta property=\"og:image:width\" content=\"800\" \/>\n\t<meta property=\"og:image:height\" content=\"800\" \/>\n\t<meta property=\"og:image:type\" content=\"image\/jpeg\" \/>\n<meta name=\"twitter:card\" content=\"summary_large_image\" \/>\n<meta name=\"twitter:label1\" content=\"Tiempo de lectura\" \/>\n\t<meta name=\"twitter:data1\" content=\"2 minutos\" \/>\n<script type=\"application\/ld+json\" class=\"yoast-schema-graph\">{\"@context\":\"https:\\\/\\\/schema.org\",\"@graph\":[{\"@type\":\"WebPage\",\"@id\":\"https:\\\/\\\/repliquemangacine.fr\\\/katanas-le-dernier-samourai\\\/katana-du-dernier-samourai-the-last-samourai\\\/\",\"url\":\"https:\\\/\\\/repliquemangacine.fr\\\/katanas-le-dernier-samourai\\\/katana-du-dernier-samourai-the-last-samourai\\\/\",\"name\":\"Katana Dernier Samoura\u00ef - Vente en ligne - R\u00e9plique Manga Cin\u00e9\",\"isPartOf\":{\"@id\":\"https:\\\/\\\/repliquemangacine.fr\\\/#website\"},\"primaryImageOfPage\":{\"@id\":\"https:\\\/\\\/repliquemangacine.fr\\\/katanas-le-dernier-samourai\\\/katana-du-dernier-samourai-the-last-samourai\\\/#primaryimage\"},\"image\":{\"@id\":\"https:\\\/\\\/repliquemangacine.fr\\\/katanas-le-dernier-samourai\\\/katana-du-dernier-samourai-the-last-samourai\\\/#primaryimage\"},\"thumbnailUrl\":\"https:\\\/\\\/repliquemangacine.fr\\\/wp-content\\\/uploads\\\/2023\\\/10\\\/dernier-samourai.jpg\",\"datePublished\":\"2022-03-18T10:58:20+00:00\",\"dateModified\":\"2026-04-21T17:29:10+00:00\",\"description\":\"Offrez-vous le Katana Dernier Samoura\u00ef au meilleur prix. Lame en acier avec gravure - Fourreau bois grav\u00e9 - Longueur totale\u00a0: 103 cm - Envoi 24\\\/48h\",\"breadcrumb\":{\"@id\":\"https:\\\/\\\/repliquemangacine.fr\\\/katanas-le-dernier-samourai\\\/katana-du-dernier-samourai-the-last-samourai\\\/#breadcrumb\"},\"inLanguage\":\"es\",\"potentialAction\":[{\"@type\":\"ReadAction\",\"target\":[\"https:\\\/\\\/repliquemangacine.fr\\\/katanas-le-dernier-samourai\\\/katana-du-dernier-samourai-the-last-samourai\\\/\"]}]},{\"@type\":\"ImageObject\",\"inLanguage\":\"es\",\"@id\":\"https:\\\/\\\/repliquemangacine.fr\\\/katanas-le-dernier-samourai\\\/katana-du-dernier-samourai-the-last-samourai\\\/#primaryimage\",\"url\":\"https:\\\/\\\/repliquemangacine.fr\\\/wp-content\\\/uploads\\\/2023\\\/10\\\/dernier-samourai.jpg\",\"contentUrl\":\"https:\\\/\\\/repliquemangacine.fr\\\/wp-content\\\/uploads\\\/2023\\\/10\\\/dernier-samourai.jpg\",\"width\":800,\"height\":800,\"caption\":\"r\u00e9plique Katana du dernier-samourai\"},{\"@type\":\"BreadcrumbList\",\"@id\":\"https:\\\/\\\/repliquemangacine.fr\\\/katanas-le-dernier-samourai\\\/katana-du-dernier-samourai-the-last-samourai\\\/#breadcrumb\",\"itemListElement\":[{\"@type\":\"ListItem\",\"position\":1,\"name\":\"Accueil\",\"item\":\"https:\\\/\\\/repliquemangacine.fr\\\/\"},{\"@type\":\"ListItem\",\"position\":2,\"name\":\"Produits\",\"item\":\"https:\\\/\\\/repliquemangacine.fr\\\/boutique\\\/\"},{\"@type\":\"ListItem\",\"position\":3,\"name\":\"Katana Dernier Samoura\u00ef\"}]},{\"@type\":\"WebSite\",\"@id\":\"https:\\\/\\\/repliquemangacine.fr\\\/#website\",\"url\":\"https:\\\/\\\/repliquemangacine.fr\\\/\",\"name\":\"R\u00e9plique Manga Cin\u00e9\",\"description\":\"\",\"publisher\":{\"@id\":\"https:\\\/\\\/repliquemangacine.fr\\\/#organization\"},\"potentialAction\":[{\"@type\":\"SearchAction\",\"target\":{\"@type\":\"EntryPoint\",\"urlTemplate\":\"https:\\\/\\\/repliquemangacine.fr\\\/?s={search_term_string}\"},\"query-input\":{\"@type\":\"PropertyValueSpecification\",\"valueRequired\":true,\"valueName\":\"search_term_string\"}}],\"inLanguage\":\"es\"},{\"@type\":\"Organization\",\"@id\":\"https:\\\/\\\/repliquemangacine.fr\\\/#organization\",\"name\":\"R\u00e9plique Manga Cin\u00e9\",\"url\":\"https:\\\/\\\/repliquemangacine.fr\\\/\",\"logo\":{\"@type\":\"ImageObject\",\"inLanguage\":\"es\",\"@id\":\"https:\\\/\\\/repliquemangacine.fr\\\/#\\\/schema\\\/logo\\\/image\\\/\",\"url\":\"https:\\\/\\\/repliquemangacine.fr\\\/wp-content\\\/uploads\\\/2023\\\/10\\\/RMC-500250.png\",\"contentUrl\":\"https:\\\/\\\/repliquemangacine.fr\\\/wp-content\\\/uploads\\\/2023\\\/10\\\/RMC-500250.png\",\"width\":500,\"height\":250,\"caption\":\"R\u00e9plique Manga Cin\u00e9\"},\"image\":{\"@id\":\"https:\\\/\\\/repliquemangacine.fr\\\/#\\\/schema\\\/logo\\\/image\\\/\"},\"sameAs\":[\"https:\\\/\\\/www.facebook.com\\\/RepliqueMangaCine\",\"https:\\\/\\\/www.instagram.com\\\/repliquemangacine.fr\\\/\"]}]}<\/script>\n<!-- \/ Yoast SEO plugin. -->","yoast_head_json":{"title":"Katana Dernier Samoura\u00ef - Venta en l\u00ednea - R\u00e9plique Manga Cin\u00e9","description":"Reg\u00e1late la \u00daltima Katana Samurai al mejor precio. Hoja de acero con grabado - Vaina de madera grabada - Longitud total: 103 cm - Env\u00edo 24\/48h","robots":{"index":"index","follow":"follow","max-snippet":"max-snippet:-1","max-image-preview":"max-image-preview:large","max-video-preview":"max-video-preview:-1"},"canonical":"https:\/\/repliquemangacine.fr\/es\/katanas-el-ultimo-samurai\/katana-du-dernier-samourai-el-ultimo-samourai\/","og_locale":"es_ES","og_type":"article","og_title":"Katana Dernier Samoura\u00ef - Vente en ligne - R\u00e9plique Manga Cin\u00e9","og_description":"Offrez-vous le Katana Dernier Samoura\u00ef au meilleur prix. Lame en acier avec gravure - Fourreau bois grav\u00e9 - Longueur totale\u00a0: 103 cm - Envoi 24\/48h","og_url":"https:\/\/repliquemangacine.fr\/es\/katanas-el-ultimo-samurai\/katana-du-dernier-samourai-el-ultimo-samourai\/","og_site_name":"R\u00e9plique Manga Cin\u00e9","article_publisher":"https:\/\/www.facebook.com\/RepliqueMangaCine","article_modified_time":"2026-04-21T17:29:10+00:00","og_image":[{"width":800,"height":800,"url":"https:\/\/repliquemangacine.fr\/wp-content\/uploads\/2023\/10\/dernier-samourai.jpg","type":"image\/jpeg"}],"twitter_card":"summary_large_image","twitter_misc":{"Tiempo de lectura":"2 minutos"},"schema":{"@context":"https:\/\/schema.org","@graph":[{"@type":"WebPage","@id":"https:\/\/repliquemangacine.fr\/katanas-le-dernier-samourai\/katana-du-dernier-samourai-the-last-samourai\/","url":"https:\/\/repliquemangacine.fr\/katanas-le-dernier-samourai\/katana-du-dernier-samourai-the-last-samourai\/","name":"Katana Dernier Samoura\u00ef - Venta en l\u00ednea - R\u00e9plique Manga Cin\u00e9","isPartOf":{"@id":"https:\/\/repliquemangacine.fr\/#website"},"primaryImageOfPage":{"@id":"https:\/\/repliquemangacine.fr\/katanas-le-dernier-samourai\/katana-du-dernier-samourai-the-last-samourai\/#primaryimage"},"image":{"@id":"https:\/\/repliquemangacine.fr\/katanas-le-dernier-samourai\/katana-du-dernier-samourai-the-last-samourai\/#primaryimage"},"thumbnailUrl":"https:\/\/repliquemangacine.fr\/wp-content\/uploads\/2023\/10\/dernier-samourai.jpg","datePublished":"2022-03-18T10:58:20+00:00","dateModified":"2026-04-21T17:29:10+00:00","description":"Reg\u00e1late la \u00daltima Katana Samurai al mejor precio. Hoja de acero con grabado - Vaina de madera grabada - Longitud total: 103 cm - Env\u00edo 24\/48h","breadcrumb":{"@id":"https:\/\/repliquemangacine.fr\/katanas-le-dernier-samourai\/katana-du-dernier-samourai-the-last-samourai\/#breadcrumb"},"inLanguage":"es","potentialAction":[{"@type":"ReadAction","target":["https:\/\/repliquemangacine.fr\/katanas-le-dernier-samourai\/katana-du-dernier-samourai-the-last-samourai\/"]}]},{"@type":"ImageObject","inLanguage":"es","@id":"https:\/\/repliquemangacine.fr\/katanas-le-dernier-samourai\/katana-du-dernier-samourai-the-last-samourai\/#primaryimage","url":"https:\/\/repliquemangacine.fr\/wp-content\/uploads\/2023\/10\/dernier-samourai.jpg","contentUrl":"https:\/\/repliquemangacine.fr\/wp-content\/uploads\/2023\/10\/dernier-samourai.jpg","width":800,"height":800,"caption":"r\u00e9plique Katana du dernier-samourai"},{"@type":"BreadcrumbList","@id":"https:\/\/repliquemangacine.fr\/katanas-le-dernier-samourai\/katana-du-dernier-samourai-the-last-samourai\/#breadcrumb","itemListElement":[{"@type":"ListItem","position":1,"name":"Accueil","item":"https:\/\/repliquemangacine.fr\/"},{"@type":"ListItem","position":2,"name":"Produits","item":"https:\/\/repliquemangacine.fr\/boutique\/"},{"@type":"ListItem","position":3,"name":"Katana Dernier Samoura\u00ef"}]},{"@type":"WebSite","@id":"https:\/\/repliquemangacine.fr\/#website","url":"https:\/\/repliquemangacine.fr\/","name":"R\u00e9plique Manga Cin\u00e9","description":"","publisher":{"@id":"https:\/\/repliquemangacine.fr\/#organization"},"potentialAction":[{"@type":"SearchAction","target":{"@type":"EntryPoint","urlTemplate":"https:\/\/repliquemangacine.fr\/?s={search_term_string}"},"query-input":{"@type":"PropertyValueSpecification","valueRequired":true,"valueName":"search_term_string"}}],"inLanguage":"es"},{"@type":"Organization","@id":"https:\/\/repliquemangacine.fr\/#organization","name":"R\u00e9plique Manga Cin\u00e9","url":"https:\/\/repliquemangacine.fr\/","logo":{"@type":"ImageObject","inLanguage":"es","@id":"https:\/\/repliquemangacine.fr\/#\/schema\/logo\/image\/","url":"https:\/\/repliquemangacine.fr\/wp-content\/uploads\/2023\/10\/RMC-500250.png","contentUrl":"https:\/\/repliquemangacine.fr\/wp-content\/uploads\/2023\/10\/RMC-500250.png","width":500,"height":250,"caption":"R\u00e9plique Manga Cin\u00e9"},"image":{"@id":"https:\/\/repliquemangacine.fr\/#\/schema\/logo\/image\/"},"sameAs":["https:\/\/www.facebook.com\/RepliqueMangaCine","https:\/\/www.instagram.com\/repliquemangacine.fr\/"]}]}},"_links":{"self":[{"href":"https:\/\/repliquemangacine.fr\/es\/wp-json\/wp\/v2\/product\/49004","targetHints":{"allow":["GET"]}}],"collection":[{"href":"https:\/\/repliquemangacine.fr\/es\/wp-json\/wp\/v2\/product"}],"about":[{"href":"https:\/\/repliquemangacine.fr\/es\/wp-json\/wp\/v2\/types\/product"}],"wp:featuredmedia":[{"embeddable":true,"href":"https:\/\/repliquemangacine.fr\/es\/wp-json\/wp\/v2\/media\/49005"}],"wp:attachment":[{"href":"https:\/\/repliquemangacine.fr\/es\/wp-json\/wp\/v2\/media?parent=49004"}],"wp:term":[{"taxonomy":"product_brand","embeddable":true,"href":"https:\/\/repliquemangacine.fr\/es\/wp-json\/wp\/v2\/product_brand?post=49004"},{"taxonomy":"product_cat","embeddable":true,"href":"https:\/\/repliquemangacine.fr\/es\/wp-json\/wp\/v2\/product_cat?post=49004"},{"taxonomy":"product_tag","embeddable":true,"href":"https:\/\/repliquemangacine.fr\/es\/wp-json\/wp\/v2\/product_tag?post=49004"}],"curies":[{"name":"wp","href":"https:\/\/api.w.org\/{rel}","templated":true}]}}