





{"id":48828,"date":"2022-03-10T15:48:02","date_gmt":"2022-03-10T14:48:02","guid":{"rendered":"https:\/\/repliquemangacine.fr\/?post_type=product&#038;p=48828"},"modified":"2026-01-03T22:34:10","modified_gmt":"2026-01-03T21:34:10","slug":"katana-kakashi-hatake-anbu-naruto","status":"publish","type":"product","link":"https:\/\/repliquemangacine.fr\/es\/katana-naruto\/katana-kakashi-hatake-anbu-naruto\/","title":{"rendered":"Katana Kakashi Anbu - Naruto"},"content":{"rendered":"<h2>La katana de Kakashi Anbu en Naruto.<\/h2>\n<p>Le <strong>Katana de Kakashi Anbu<\/strong> forma parte del c\u00f3digo de vestimenta Anbu. De hecho, el<a href=\"https:\/\/naruto.fandom.com\/fr\/wiki\/Anbu\" target=\"_blank\" rel=\"noopener noreferrer\">Anbu<\/a> Tambi\u00e9n se compone de ropa negra cubierta con un peto ligero. Guantes, sandalias con suelas reforzadas y una m\u00e1scara para ocultar la identidad.<\/p>\n<p>Kakashi Hatake es un j\u00f4nin de la aldea oculta de Konoha. Primer mentor de los principales protagonistas de la historia. Conocido mundialmente por su uso del Sharingan, bajo el sobrenombre de \u00abNinja Copiador\u00bb.<\/p>\n<p>Anbu, Escuadr\u00f3n Especial de T\u00e1ctica y Asesinato. Se trata de una unidad especial creada para servir como guardia personal de los Kage. La palabra Anbu se utiliza tanto para designar a la unidad como a sus miembros. Debido al gran secreto profesional que implica la carrera de un miembro de Anbu, la personalidad de un recluta es determinante para su elegibilidad en la unidad.<\/p>\n<h2>Tu Kakashi Anbu Katana al mejor precio.<\/h2>\n<h3>Disponemos de una amplia gama de r\u00e9plicas del famoso manga anime Naruto.<\/h3>\n<p>Lo primero y m\u00e1s importante,<\/p>\n<ul>\n<li>L'<a href=\"https:\/\/repliquemangacine.fr\/es\/naruto\/espada-zabuza-espada-kubikiribocho\/\">Espada Kubikirib\u00f4ch\u00f4 de Zabuza<\/a> Momochi parece un cuchillo de carnicero gigante.<\/li>\n<li>En segundo lugar, la reproducci\u00f3n de<a href=\"https:\/\/repliquemangacine.fr\/es\/naruto\/kusanagi-espada-sasuke-naruto\/\">Espada Kusanagi<\/a> de Sasuke Uchiwa.<\/li>\n<li>Adem\u00e1s de una r\u00e9plica id\u00e9ntica del <a href=\"https:\/\/repliquemangacine.fr\/es\/naruto\/kunai-despace-time-minato\/\">Kunai espacio-tiempo<\/a> que usa Minato.<\/li>\n<li>Y muchos m\u00e1s por descubrir en nuestra tienda en l\u00ednea.<\/li>\n<\/ul>\n<p>Por eso, aqu\u00ed tienes una idea estupenda para regalar a los fans de Naruto.<\/p>\n<p>En conclusi\u00f3n, puede utilizar el <strong>Katana de Kakashi Anbu<\/strong> para tus desfiles de Cosplay en convenciones. Pero sobre todo, es una pieza de coleccionista y decoraci\u00f3n.<\/p>\n<h2>\u00bfC\u00f3mo se mantiene la hoja de la katana Kakkashi?<\/h2>\n<p>Las katanas de colecci\u00f3n y decorativas se fabrican y ensamblan de forma simplificada. Adem\u00e1s, dado que su uso es decorativo, no cuentan con los elementos de seguridad necesarios para una espada japonesa destinada al entrenamiento.<\/p>\n<p>Sin embargo, su <strong>Katana de Kakashi Anbu<\/strong> a una hoja de acero que hay que cuidar para evitar que se estropee con el tiempo. Cuando exponga su katana, sus amigos sentir\u00e1n curiosidad por ver la hoja y tocarla. Aqu\u00ed es donde hay que tener cuidado, ya que la acidez de los dedos es muy perjudicial para el acero, sea cual sea su calidad.<\/p>\n<p>Sin embargo, si esto ocurre, no te asustes, todo lo que necesitas es un pa\u00f1o humedecido con un poco de aceite y limpiar las huellas dactilares. Si haces esto, tu espada durar\u00e1 mucho tiempo.<\/p>\n<p><strong>\u00a0<\/strong><\/p>","protected":false},"excerpt":{"rendered":"<p>Magn\u00edfica r\u00e9plica de la shirasaya de Kakashi Hatake, de la famosa serie de anime manga Naruto.<\/p>\n<ul>\n<li>Hoja recta no cortante de acero inoxidable 440.<\/li>\n<li>Mango de imitaci\u00f3n de piel de raya recubierto de trenzado de algod\u00f3n gris oscuro.<\/li>\n<li>La vaina es de madera negra con trenzado de algod\u00f3n gris en la parte superior.<\/li>\n<li>Longitud de la hoja: 69 cm - Longitud total: 104 cm<\/li>\n<\/ul>\n<p><strong>\u00a0<\/strong><\/p>","protected":false},"featured_media":48829,"template":"","meta":[],"product_brand":[896],"product_cat":[109,23,42],"product_tag":[],"class_list":{"0":"post-48828","1":"product","2":"type-product","3":"status-publish","4":"has-post-thumbnail","6":"product_brand-replique-manga-cine","7":"product_cat-katana-naruto","8":"product_cat-repliques-manga-jeux-video","9":"product_cat-katana-goodies-naruto-kunai","11":"first","12":"instock","13":"taxable","14":"shipping-taxable","15":"purchasable","16":"product-type-simple"},"yoast_head":"<!-- This site is optimized with the Yoast SEO plugin v27.4 - https:\/\/yoast.com\/product\/yoast-seo-wordpress\/ -->\n<title>Katana de Kakashi Anbu - Naruto - Boutique en ligne - RMC<\/title>\n<meta name=\"description\" content=\"Commandez votre Katana de Kakashi Anbu dans Naruto au meilleur prix. Lame droite en acier - Fourreau - Longueur totale : 104 cm - Envoi 24\/48h\" \/>\n<meta name=\"robots\" content=\"index, follow, max-snippet:-1, max-image-preview:large, max-video-preview:-1\" \/>\n<link rel=\"canonical\" href=\"https:\/\/repliquemangacine.fr\/es\/katana-naruto\/katana-kakashi-hatake-anbu-naruto\/\" \/>\n<meta property=\"og:locale\" content=\"es_ES\" \/>\n<meta property=\"og:type\" content=\"article\" \/>\n<meta property=\"og:title\" content=\"Katana de Kakashi Anbu - Naruto - Boutique en ligne - RMC\" \/>\n<meta property=\"og:description\" content=\"Commandez votre Katana de Kakashi Anbu dans Naruto au meilleur prix. Lame droite en acier - Fourreau - Longueur totale : 104 cm - Envoi 24\/48h\" \/>\n<meta property=\"og:url\" content=\"https:\/\/repliquemangacine.fr\/es\/katana-naruto\/katana-kakashi-hatake-anbu-naruto\/\" \/>\n<meta property=\"og:site_name\" content=\"R\u00e9plique Manga Cin\u00e9\" \/>\n<meta property=\"article:publisher\" content=\"https:\/\/www.facebook.com\/RepliqueMangaCine\" \/>\n<meta property=\"article:modified_time\" content=\"2026-01-03T21:34:10+00:00\" \/>\n<meta property=\"og:image\" content=\"https:\/\/repliquemangacine.fr\/wp-content\/uploads\/2023\/10\/593.jpg\" \/>\n\t<meta property=\"og:image:width\" content=\"800\" \/>\n\t<meta property=\"og:image:height\" content=\"800\" \/>\n\t<meta property=\"og:image:type\" content=\"image\/jpeg\" \/>\n<meta name=\"twitter:card\" content=\"summary_large_image\" \/>\n<meta name=\"twitter:label1\" content=\"Tiempo de lectura\" \/>\n\t<meta name=\"twitter:data1\" content=\"2 minutos\" \/>\n<script type=\"application\/ld+json\" class=\"yoast-schema-graph\">{\"@context\":\"https:\\\/\\\/schema.org\",\"@graph\":[{\"@type\":\"WebPage\",\"@id\":\"https:\\\/\\\/repliquemangacine.fr\\\/katana-naruto\\\/katana-kakashi-hatake-anbu-naruto\\\/\",\"url\":\"https:\\\/\\\/repliquemangacine.fr\\\/katana-naruto\\\/katana-kakashi-hatake-anbu-naruto\\\/\",\"name\":\"Katana de Kakashi Anbu - Naruto - Boutique en ligne - RMC\",\"isPartOf\":{\"@id\":\"https:\\\/\\\/repliquemangacine.fr\\\/#website\"},\"primaryImageOfPage\":{\"@id\":\"https:\\\/\\\/repliquemangacine.fr\\\/katana-naruto\\\/katana-kakashi-hatake-anbu-naruto\\\/#primaryimage\"},\"image\":{\"@id\":\"https:\\\/\\\/repliquemangacine.fr\\\/katana-naruto\\\/katana-kakashi-hatake-anbu-naruto\\\/#primaryimage\"},\"thumbnailUrl\":\"https:\\\/\\\/repliquemangacine.fr\\\/wp-content\\\/uploads\\\/2023\\\/10\\\/593.jpg\",\"datePublished\":\"2022-03-10T14:48:02+00:00\",\"dateModified\":\"2026-01-03T21:34:10+00:00\",\"description\":\"Commandez votre Katana de Kakashi Anbu dans Naruto au meilleur prix. Lame droite en acier - Fourreau - Longueur totale : 104 cm - Envoi 24\\\/48h\",\"breadcrumb\":{\"@id\":\"https:\\\/\\\/repliquemangacine.fr\\\/katana-naruto\\\/katana-kakashi-hatake-anbu-naruto\\\/#breadcrumb\"},\"inLanguage\":\"es\",\"potentialAction\":[{\"@type\":\"ReadAction\",\"target\":[\"https:\\\/\\\/repliquemangacine.fr\\\/katana-naruto\\\/katana-kakashi-hatake-anbu-naruto\\\/\"]}]},{\"@type\":\"ImageObject\",\"inLanguage\":\"es\",\"@id\":\"https:\\\/\\\/repliquemangacine.fr\\\/katana-naruto\\\/katana-kakashi-hatake-anbu-naruto\\\/#primaryimage\",\"url\":\"https:\\\/\\\/repliquemangacine.fr\\\/wp-content\\\/uploads\\\/2023\\\/10\\\/593.jpg\",\"contentUrl\":\"https:\\\/\\\/repliquemangacine.fr\\\/wp-content\\\/uploads\\\/2023\\\/10\\\/593.jpg\",\"width\":800,\"height\":800,\"caption\":\"Katana de Kakashi Anbu naruto\"},{\"@type\":\"BreadcrumbList\",\"@id\":\"https:\\\/\\\/repliquemangacine.fr\\\/katana-naruto\\\/katana-kakashi-hatake-anbu-naruto\\\/#breadcrumb\",\"itemListElement\":[{\"@type\":\"ListItem\",\"position\":1,\"name\":\"Accueil\",\"item\":\"https:\\\/\\\/repliquemangacine.fr\\\/\"},{\"@type\":\"ListItem\",\"position\":2,\"name\":\"Produits\",\"item\":\"https:\\\/\\\/repliquemangacine.fr\\\/boutique\\\/\"},{\"@type\":\"ListItem\",\"position\":3,\"name\":\"Katana Kakashi Anbu &#8211; Naruto\"}]},{\"@type\":\"WebSite\",\"@id\":\"https:\\\/\\\/repliquemangacine.fr\\\/#website\",\"url\":\"https:\\\/\\\/repliquemangacine.fr\\\/\",\"name\":\"R\u00e9plique Manga Cin\u00e9\",\"description\":\"\",\"publisher\":{\"@id\":\"https:\\\/\\\/repliquemangacine.fr\\\/#organization\"},\"potentialAction\":[{\"@type\":\"SearchAction\",\"target\":{\"@type\":\"EntryPoint\",\"urlTemplate\":\"https:\\\/\\\/repliquemangacine.fr\\\/?s={search_term_string}\"},\"query-input\":{\"@type\":\"PropertyValueSpecification\",\"valueRequired\":true,\"valueName\":\"search_term_string\"}}],\"inLanguage\":\"es\"},{\"@type\":\"Organization\",\"@id\":\"https:\\\/\\\/repliquemangacine.fr\\\/#organization\",\"name\":\"R\u00e9plique Manga Cin\u00e9\",\"url\":\"https:\\\/\\\/repliquemangacine.fr\\\/\",\"logo\":{\"@type\":\"ImageObject\",\"inLanguage\":\"es\",\"@id\":\"https:\\\/\\\/repliquemangacine.fr\\\/#\\\/schema\\\/logo\\\/image\\\/\",\"url\":\"https:\\\/\\\/repliquemangacine.fr\\\/wp-content\\\/uploads\\\/2023\\\/10\\\/RMC-500250.png\",\"contentUrl\":\"https:\\\/\\\/repliquemangacine.fr\\\/wp-content\\\/uploads\\\/2023\\\/10\\\/RMC-500250.png\",\"width\":500,\"height\":250,\"caption\":\"R\u00e9plique Manga Cin\u00e9\"},\"image\":{\"@id\":\"https:\\\/\\\/repliquemangacine.fr\\\/#\\\/schema\\\/logo\\\/image\\\/\"},\"sameAs\":[\"https:\\\/\\\/www.facebook.com\\\/RepliqueMangaCine\",\"https:\\\/\\\/www.instagram.com\\\/repliquemangacine.fr\\\/\"]}]}<\/script>\n<!-- \/ Yoast SEO plugin. -->","yoast_head_json":{"title":"Katana de Kakashi Anbu - Naruto - Tienda Online - RMC","description":"Pide tu Kakashi Anbu Katana de Naruto al mejor precio. Hoja recta de acero - Vaina - Longitud total: 104 cm - Env\u00edo 24\/48h","robots":{"index":"index","follow":"follow","max-snippet":"max-snippet:-1","max-image-preview":"max-image-preview:large","max-video-preview":"max-video-preview:-1"},"canonical":"https:\/\/repliquemangacine.fr\/es\/katana-naruto\/katana-kakashi-hatake-anbu-naruto\/","og_locale":"es_ES","og_type":"article","og_title":"Katana de Kakashi Anbu - Naruto - Boutique en ligne - RMC","og_description":"Commandez votre Katana de Kakashi Anbu dans Naruto au meilleur prix. Lame droite en acier - Fourreau - Longueur totale : 104 cm - Envoi 24\/48h","og_url":"https:\/\/repliquemangacine.fr\/es\/katana-naruto\/katana-kakashi-hatake-anbu-naruto\/","og_site_name":"R\u00e9plique Manga Cin\u00e9","article_publisher":"https:\/\/www.facebook.com\/RepliqueMangaCine","article_modified_time":"2026-01-03T21:34:10+00:00","og_image":[{"width":800,"height":800,"url":"https:\/\/repliquemangacine.fr\/wp-content\/uploads\/2023\/10\/593.jpg","type":"image\/jpeg"}],"twitter_card":"summary_large_image","twitter_misc":{"Tiempo de lectura":"2 minutos"},"schema":{"@context":"https:\/\/schema.org","@graph":[{"@type":"WebPage","@id":"https:\/\/repliquemangacine.fr\/katana-naruto\/katana-kakashi-hatake-anbu-naruto\/","url":"https:\/\/repliquemangacine.fr\/katana-naruto\/katana-kakashi-hatake-anbu-naruto\/","name":"Katana de Kakashi Anbu - Naruto - Tienda Online - RMC","isPartOf":{"@id":"https:\/\/repliquemangacine.fr\/#website"},"primaryImageOfPage":{"@id":"https:\/\/repliquemangacine.fr\/katana-naruto\/katana-kakashi-hatake-anbu-naruto\/#primaryimage"},"image":{"@id":"https:\/\/repliquemangacine.fr\/katana-naruto\/katana-kakashi-hatake-anbu-naruto\/#primaryimage"},"thumbnailUrl":"https:\/\/repliquemangacine.fr\/wp-content\/uploads\/2023\/10\/593.jpg","datePublished":"2022-03-10T14:48:02+00:00","dateModified":"2026-01-03T21:34:10+00:00","description":"Pide tu Kakashi Anbu Katana de Naruto al mejor precio. Hoja recta de acero - Vaina - Longitud total: 104 cm - Env\u00edo 24\/48h","breadcrumb":{"@id":"https:\/\/repliquemangacine.fr\/katana-naruto\/katana-kakashi-hatake-anbu-naruto\/#breadcrumb"},"inLanguage":"es","potentialAction":[{"@type":"ReadAction","target":["https:\/\/repliquemangacine.fr\/katana-naruto\/katana-kakashi-hatake-anbu-naruto\/"]}]},{"@type":"ImageObject","inLanguage":"es","@id":"https:\/\/repliquemangacine.fr\/katana-naruto\/katana-kakashi-hatake-anbu-naruto\/#primaryimage","url":"https:\/\/repliquemangacine.fr\/wp-content\/uploads\/2023\/10\/593.jpg","contentUrl":"https:\/\/repliquemangacine.fr\/wp-content\/uploads\/2023\/10\/593.jpg","width":800,"height":800,"caption":"Katana de Kakashi Anbu naruto"},{"@type":"BreadcrumbList","@id":"https:\/\/repliquemangacine.fr\/katana-naruto\/katana-kakashi-hatake-anbu-naruto\/#breadcrumb","itemListElement":[{"@type":"ListItem","position":1,"name":"Accueil","item":"https:\/\/repliquemangacine.fr\/"},{"@type":"ListItem","position":2,"name":"Produits","item":"https:\/\/repliquemangacine.fr\/boutique\/"},{"@type":"ListItem","position":3,"name":"Katana Kakashi Anbu &#8211; Naruto"}]},{"@type":"WebSite","@id":"https:\/\/repliquemangacine.fr\/#website","url":"https:\/\/repliquemangacine.fr\/","name":"R\u00e9plique Manga Cin\u00e9","description":"","publisher":{"@id":"https:\/\/repliquemangacine.fr\/#organization"},"potentialAction":[{"@type":"SearchAction","target":{"@type":"EntryPoint","urlTemplate":"https:\/\/repliquemangacine.fr\/?s={search_term_string}"},"query-input":{"@type":"PropertyValueSpecification","valueRequired":true,"valueName":"search_term_string"}}],"inLanguage":"es"},{"@type":"Organization","@id":"https:\/\/repliquemangacine.fr\/#organization","name":"R\u00e9plique Manga Cin\u00e9","url":"https:\/\/repliquemangacine.fr\/","logo":{"@type":"ImageObject","inLanguage":"es","@id":"https:\/\/repliquemangacine.fr\/#\/schema\/logo\/image\/","url":"https:\/\/repliquemangacine.fr\/wp-content\/uploads\/2023\/10\/RMC-500250.png","contentUrl":"https:\/\/repliquemangacine.fr\/wp-content\/uploads\/2023\/10\/RMC-500250.png","width":500,"height":250,"caption":"R\u00e9plique Manga Cin\u00e9"},"image":{"@id":"https:\/\/repliquemangacine.fr\/#\/schema\/logo\/image\/"},"sameAs":["https:\/\/www.facebook.com\/RepliqueMangaCine","https:\/\/www.instagram.com\/repliquemangacine.fr\/"]}]}},"_links":{"self":[{"href":"https:\/\/repliquemangacine.fr\/es\/wp-json\/wp\/v2\/product\/48828","targetHints":{"allow":["GET"]}}],"collection":[{"href":"https:\/\/repliquemangacine.fr\/es\/wp-json\/wp\/v2\/product"}],"about":[{"href":"https:\/\/repliquemangacine.fr\/es\/wp-json\/wp\/v2\/types\/product"}],"wp:featuredmedia":[{"embeddable":true,"href":"https:\/\/repliquemangacine.fr\/es\/wp-json\/wp\/v2\/media\/48829"}],"wp:attachment":[{"href":"https:\/\/repliquemangacine.fr\/es\/wp-json\/wp\/v2\/media?parent=48828"}],"wp:term":[{"taxonomy":"product_brand","embeddable":true,"href":"https:\/\/repliquemangacine.fr\/es\/wp-json\/wp\/v2\/product_brand?post=48828"},{"taxonomy":"product_cat","embeddable":true,"href":"https:\/\/repliquemangacine.fr\/es\/wp-json\/wp\/v2\/product_cat?post=48828"},{"taxonomy":"product_tag","embeddable":true,"href":"https:\/\/repliquemangacine.fr\/es\/wp-json\/wp\/v2\/product_tag?post=48828"}],"curies":[{"name":"wp","href":"https:\/\/api.w.org\/{rel}","templated":true}]}}