





{"id":48742,"date":"2022-03-07T14:48:07","date_gmt":"2022-03-07T13:48:07","guid":{"rendered":"https:\/\/repliquemangacine.fr\/?post_type=product&#038;p=48742"},"modified":"2026-02-06T15:26:55","modified_gmt":"2026-02-06T14:26:55","slug":"pistola-desert-eagle-black-1982-denix","status":"publish","type":"product","link":"https:\/\/repliquemangacine.fr\/es\/pistolet-moderne\/pistolet-desert-eagle-black-1982-denix\/","title":{"rendered":"Desert Eagle Negro 1982 - Denix"},"content":{"rendered":"<h2>1982 Denix Desert Eagle Pistola negra<\/h2>\n<p>Para empezar, el <strong>Pistola Desert Eagle Black,<\/strong> Arma potente, semiautom\u00e1tica, de calibre .357, .44 y .50. Dise\u00f1ada a principios de los a\u00f1os 80 en Israel y posteriormente en EE. UU.<\/p>\n<p>Su peso y longitud son pr\u00e1cticamente el doble que los de las armas cortas militares. Se describe m\u00e1s como un ca\u00f1\u00f3n de mano que como una pistola. Utiliza un sistema de funcionamiento por gas similar al que se encuentra en muchos fusiles y ametralladoras.<\/p>\n<p>La industria de los videojuegos y el cine lo adoptaron r\u00e1pidamente. Se puede ver en Nikita, Matrix, especialmente en el agente Smith.<\/p>\n<p>Tambi\u00e9n aparece en varios videojuegos, como Resident Evil, Tom Raider3 y Counter-Strike. El arma favorita de Meryl en Metal Gear Solid.<\/p>\n<h2>Tu Pistola Desert Eagle Negra al mejor precio.<\/h2>\n<p>Ofrecemos una amplia selecci\u00f3n de reproducciones de armas Denix<\/p>\n<p>Lo primero y m\u00e1s importante,<\/p>\n<ul>\n<li>La r\u00e9plica del <a href=\"https:\/\/repliquemangacine.fr\/es\/los-muertos-vivientes\/replique-revolver-python-6-usa-1955\/\">rev\u00f3lver pit\u00f3n<\/a> que es el arma principal de Rick Grimes en la serie de televisi\u00f3n The Walking Dead.<\/li>\n<li>Tambi\u00e9n hay una reproducci\u00f3n del rev\u00f3lver<a href=\"https:\/\/repliquemangacine.fr\/es\/pistola-moderna\/revolver-colt-python-357-magnum-2\/\"> Colt Python 357 Magnum 2<\/a>\"Barril\", EE.UU. 1955.<\/li>\n<li>As\u00ed como el <a href=\"https:\/\/repliquemangacine.fr\/es\/pistola-moderna\/1982-denix-nickele-pistola-desert-eagle\/\">pistola Desert Eagle niquelada<\/a> semiautom\u00e1tica, calibre 357. 44 y 50.<\/li>\n<\/ul>\n<p>Por eso, es una idea estupenda para regalar a coleccionistas y aficionados a los videojuegos.<\/p>\n<p>En conclusi\u00f3n, puede utilizar el <strong>Pistola Desert Eagle Black<\/strong> para tus desfiles de cosplay o fiestas tem\u00e1ticas. Pero, sobre todo, es una pieza de coleccionista y un objeto decorativo.<\/p>\n<p>R\u00e9plique Manga Cin\u00e9 es una empresa familiar francesa, distribuidora oficial de la marca. <a href=\"https:\/\/www.denix.fr\/fr\/catalogue\/armes-modernes-1945-1982\/\" target=\"_blank\" rel=\"noopener noreferrer\">Denix<\/a>.<\/p>\n<h2>\u00bfC\u00f3mo se fabrican las r\u00e9plicas de armas Denix?<\/h2>\n<p>Utilizadas en recreaciones hist\u00f3ricas, pel\u00edculas, series y por coleccionistas. Las reproducciones Denix est\u00e1n fabricadas con materiales de alta calidad. Cuidadosamente elaboradas y ensambladas para crear armas de colecci\u00f3n realistas.<\/p>\n<ul>\n<li>Los metales se encuentran en una aleaci\u00f3n met\u00e1lica conocida como Zamac, cuya composici\u00f3n b\u00e1sica es zinc en 95%.<\/li>\n<li>Las piezas de pl\u00e1stico de las r\u00e9plicas son de ABS moldeado, que ofrece una gran resistencia.<\/li>\n<li>Las maderas elegidas por su belleza y durabilidad, como la caoba, el olivo o el nogal, dar\u00e1n a sus culatas y barricas un aspecto elegante y aut\u00e9ntico.<\/li>\n<\/ul>\n<p>Cabe se\u00f1alar que todas las reproducciones Denix son id\u00e9nticas a los originales, como su <strong>Pistola Desert Eagle Black<\/strong>.<\/p>","protected":false},"excerpt":{"rendered":"<p>Reproducci\u00f3n a tama\u00f1o real de la pistola semiautom\u00e1tica Desert Eagle.<\/p>\n<ul>\n<li>Marco de Zamac.<\/li>\n<li>Placas de ABS stock con inicial DE.<\/li>\n<li>Culata m\u00f3vil.<\/li>\n<li>Cargador extra\u00edble.<\/li>\n<li>Armas y huelgas.<\/li>\n<li>No apto para disparar.<\/li>\n<li><strong>No se requiere autorizaci\u00f3n. Venta y posesi\u00f3n libres<\/strong><\/li>\n<li>Dimensiones: 27 cm - Peso: 1530 gramos<\/li>\n<\/ul>\n<p><iframe title=\"Reproductor de v\u00eddeo YouTube\" src=\"https:\/\/www.youtube.com\/embed\/ZDIP6aQcs60\" width=\"560\" height=\"315\" frameborder=\"0\" allowfullscreen=\"allowfullscreen\"><\/iframe><\/p>","protected":false},"featured_media":48743,"template":"","meta":[],"product_brand":[896],"product_cat":[102,40,28],"product_tag":[],"class_list":{"0":"post-48742","1":"product","2":"type-product","3":"status-publish","4":"has-post-thumbnail","6":"product_brand-replique-manga-cine","7":"product_cat-denix","8":"product_cat-pistolet-moderne","9":"product_cat-repliques-darmes","11":"first","12":"instock","13":"sale","14":"taxable","15":"shipping-taxable","16":"purchasable","17":"product-type-simple"},"yoast_head":"<!-- This site is optimized with the Yoast SEO plugin v27.4 - https:\/\/yoast.com\/product\/yoast-seo-wordpress\/ -->\n<title>Pistolet Desert Eagle Black - Armes Denix - R\u00e9plique Manga Cin\u00e9<\/title>\n<meta name=\"description\" content=\"Offrez-vous ! Ce superbe Pistolet Desert Eagle Black au meilleur prix - En m\u00e9tal - M\u00e9canisme fonctionnel - Simulation de tir - Crosse ABS - Longueur : 27 cm\" \/>\n<meta name=\"robots\" content=\"index, follow, max-snippet:-1, max-image-preview:large, max-video-preview:-1\" \/>\n<link rel=\"canonical\" href=\"https:\/\/repliquemangacine.fr\/es\/denix\/pistola-desert-eagle-black-1982-denix\/\" \/>\n<meta property=\"og:locale\" content=\"es_ES\" \/>\n<meta property=\"og:type\" content=\"article\" \/>\n<meta property=\"og:title\" content=\"Pistolet Desert Eagle Black - Armes Denix - R\u00e9plique Manga Cin\u00e9\" \/>\n<meta property=\"og:description\" content=\"Offrez-vous ! Ce superbe Pistolet Desert Eagle Black au meilleur prix - En m\u00e9tal - M\u00e9canisme fonctionnel - Simulation de tir - Crosse ABS - Longueur : 27 cm\" \/>\n<meta property=\"og:url\" content=\"https:\/\/repliquemangacine.fr\/es\/denix\/pistola-desert-eagle-black-1982-denix\/\" \/>\n<meta property=\"og:site_name\" content=\"R\u00e9plique Manga Cin\u00e9\" \/>\n<meta property=\"article:publisher\" content=\"https:\/\/www.facebook.com\/RepliqueMangaCine\" \/>\n<meta property=\"article:modified_time\" content=\"2026-02-06T14:26:55+00:00\" \/>\n<meta property=\"og:image\" content=\"https:\/\/repliquemangacine.fr\/wp-content\/uploads\/2023\/10\/desert-eagle-black.jpg.jpg\" \/>\n\t<meta property=\"og:image:width\" content=\"800\" \/>\n\t<meta property=\"og:image:height\" content=\"800\" \/>\n\t<meta property=\"og:image:type\" content=\"image\/jpeg\" \/>\n<meta name=\"twitter:card\" content=\"summary_large_image\" \/>\n<meta name=\"twitter:label1\" content=\"Tiempo de lectura\" \/>\n\t<meta name=\"twitter:data1\" content=\"2 minutos\" \/>\n<script type=\"application\/ld+json\" class=\"yoast-schema-graph\">{\"@context\":\"https:\\\/\\\/schema.org\",\"@graph\":[{\"@type\":\"WebPage\",\"@id\":\"https:\\\/\\\/repliquemangacine.fr\\\/denix\\\/pistolet-desert-eagle-black-1982-denix\\\/\",\"url\":\"https:\\\/\\\/repliquemangacine.fr\\\/denix\\\/pistolet-desert-eagle-black-1982-denix\\\/\",\"name\":\"Pistolet Desert Eagle Black - Armes Denix - R\u00e9plique Manga Cin\u00e9\",\"isPartOf\":{\"@id\":\"https:\\\/\\\/repliquemangacine.fr\\\/#website\"},\"primaryImageOfPage\":{\"@id\":\"https:\\\/\\\/repliquemangacine.fr\\\/denix\\\/pistolet-desert-eagle-black-1982-denix\\\/#primaryimage\"},\"image\":{\"@id\":\"https:\\\/\\\/repliquemangacine.fr\\\/denix\\\/pistolet-desert-eagle-black-1982-denix\\\/#primaryimage\"},\"thumbnailUrl\":\"https:\\\/\\\/repliquemangacine.fr\\\/wp-content\\\/uploads\\\/2023\\\/10\\\/desert-eagle-black.jpg.jpg\",\"datePublished\":\"2022-03-07T13:48:07+00:00\",\"dateModified\":\"2026-02-06T14:26:55+00:00\",\"description\":\"Offrez-vous ! Ce superbe Pistolet Desert Eagle Black au meilleur prix - En m\u00e9tal - M\u00e9canisme fonctionnel - Simulation de tir - Crosse ABS - Longueur : 27 cm\",\"breadcrumb\":{\"@id\":\"https:\\\/\\\/repliquemangacine.fr\\\/denix\\\/pistolet-desert-eagle-black-1982-denix\\\/#breadcrumb\"},\"inLanguage\":\"es\",\"potentialAction\":[{\"@type\":\"ReadAction\",\"target\":[\"https:\\\/\\\/repliquemangacine.fr\\\/denix\\\/pistolet-desert-eagle-black-1982-denix\\\/\"]}]},{\"@type\":\"ImageObject\",\"inLanguage\":\"es\",\"@id\":\"https:\\\/\\\/repliquemangacine.fr\\\/denix\\\/pistolet-desert-eagle-black-1982-denix\\\/#primaryimage\",\"url\":\"https:\\\/\\\/repliquemangacine.fr\\\/wp-content\\\/uploads\\\/2023\\\/10\\\/desert-eagle-black.jpg.jpg\",\"contentUrl\":\"https:\\\/\\\/repliquemangacine.fr\\\/wp-content\\\/uploads\\\/2023\\\/10\\\/desert-eagle-black.jpg.jpg\",\"width\":800,\"height\":800,\"caption\":\"Replique desert-eagle-black\"},{\"@type\":\"BreadcrumbList\",\"@id\":\"https:\\\/\\\/repliquemangacine.fr\\\/denix\\\/pistolet-desert-eagle-black-1982-denix\\\/#breadcrumb\",\"itemListElement\":[{\"@type\":\"ListItem\",\"position\":1,\"name\":\"Accueil\",\"item\":\"https:\\\/\\\/repliquemangacine.fr\\\/\"},{\"@type\":\"ListItem\",\"position\":2,\"name\":\"Produits\",\"item\":\"https:\\\/\\\/repliquemangacine.fr\\\/boutique\\\/\"},{\"@type\":\"ListItem\",\"position\":3,\"name\":\"Desert Eagle Black 1982 &#8211; Denix\"}]},{\"@type\":\"WebSite\",\"@id\":\"https:\\\/\\\/repliquemangacine.fr\\\/#website\",\"url\":\"https:\\\/\\\/repliquemangacine.fr\\\/\",\"name\":\"R\u00e9plique Manga Cin\u00e9\",\"description\":\"\",\"publisher\":{\"@id\":\"https:\\\/\\\/repliquemangacine.fr\\\/#organization\"},\"potentialAction\":[{\"@type\":\"SearchAction\",\"target\":{\"@type\":\"EntryPoint\",\"urlTemplate\":\"https:\\\/\\\/repliquemangacine.fr\\\/?s={search_term_string}\"},\"query-input\":{\"@type\":\"PropertyValueSpecification\",\"valueRequired\":true,\"valueName\":\"search_term_string\"}}],\"inLanguage\":\"es\"},{\"@type\":\"Organization\",\"@id\":\"https:\\\/\\\/repliquemangacine.fr\\\/#organization\",\"name\":\"R\u00e9plique Manga Cin\u00e9\",\"url\":\"https:\\\/\\\/repliquemangacine.fr\\\/\",\"logo\":{\"@type\":\"ImageObject\",\"inLanguage\":\"es\",\"@id\":\"https:\\\/\\\/repliquemangacine.fr\\\/#\\\/schema\\\/logo\\\/image\\\/\",\"url\":\"https:\\\/\\\/repliquemangacine.fr\\\/wp-content\\\/uploads\\\/2023\\\/10\\\/RMC-500250.png\",\"contentUrl\":\"https:\\\/\\\/repliquemangacine.fr\\\/wp-content\\\/uploads\\\/2023\\\/10\\\/RMC-500250.png\",\"width\":500,\"height\":250,\"caption\":\"R\u00e9plique Manga Cin\u00e9\"},\"image\":{\"@id\":\"https:\\\/\\\/repliquemangacine.fr\\\/#\\\/schema\\\/logo\\\/image\\\/\"},\"sameAs\":[\"https:\\\/\\\/www.facebook.com\\\/RepliqueMangaCine\",\"https:\\\/\\\/www.instagram.com\\\/repliquemangacine.fr\\\/\"]}]}<\/script>\n<!-- \/ Yoast SEO plugin. -->","yoast_head_json":{"title":"Pistola Desert Eagle Negra - Armes Denix - R\u00e9plique Manga Cin\u00e9","description":"\u00a1Date un capricho! Esta magn\u00edfica pistola Desert Eagle Black al mejor precio - En metal - Mecanismo funcional - Simulaci\u00f3n de tiro - Culata ABS - Longitud: 27 cm","robots":{"index":"index","follow":"follow","max-snippet":"max-snippet:-1","max-image-preview":"max-image-preview:large","max-video-preview":"max-video-preview:-1"},"canonical":"https:\/\/repliquemangacine.fr\/es\/denix\/pistola-desert-eagle-black-1982-denix\/","og_locale":"es_ES","og_type":"article","og_title":"Pistolet Desert Eagle Black - Armes Denix - R\u00e9plique Manga Cin\u00e9","og_description":"Offrez-vous ! Ce superbe Pistolet Desert Eagle Black au meilleur prix - En m\u00e9tal - M\u00e9canisme fonctionnel - Simulation de tir - Crosse ABS - Longueur : 27 cm","og_url":"https:\/\/repliquemangacine.fr\/es\/denix\/pistola-desert-eagle-black-1982-denix\/","og_site_name":"R\u00e9plique Manga Cin\u00e9","article_publisher":"https:\/\/www.facebook.com\/RepliqueMangaCine","article_modified_time":"2026-02-06T14:26:55+00:00","og_image":[{"width":800,"height":800,"url":"https:\/\/repliquemangacine.fr\/wp-content\/uploads\/2023\/10\/desert-eagle-black.jpg.jpg","type":"image\/jpeg"}],"twitter_card":"summary_large_image","twitter_misc":{"Tiempo de lectura":"2 minutos"},"schema":{"@context":"https:\/\/schema.org","@graph":[{"@type":"WebPage","@id":"https:\/\/repliquemangacine.fr\/denix\/pistolet-desert-eagle-black-1982-denix\/","url":"https:\/\/repliquemangacine.fr\/denix\/pistolet-desert-eagle-black-1982-denix\/","name":"Pistola Desert Eagle Negra - Armes Denix - R\u00e9plique Manga Cin\u00e9","isPartOf":{"@id":"https:\/\/repliquemangacine.fr\/#website"},"primaryImageOfPage":{"@id":"https:\/\/repliquemangacine.fr\/denix\/pistolet-desert-eagle-black-1982-denix\/#primaryimage"},"image":{"@id":"https:\/\/repliquemangacine.fr\/denix\/pistolet-desert-eagle-black-1982-denix\/#primaryimage"},"thumbnailUrl":"https:\/\/repliquemangacine.fr\/wp-content\/uploads\/2023\/10\/desert-eagle-black.jpg.jpg","datePublished":"2022-03-07T13:48:07+00:00","dateModified":"2026-02-06T14:26:55+00:00","description":"\u00a1Date un capricho! Esta magn\u00edfica pistola Desert Eagle Black al mejor precio - En metal - Mecanismo funcional - Simulaci\u00f3n de tiro - Culata ABS - Longitud: 27 cm","breadcrumb":{"@id":"https:\/\/repliquemangacine.fr\/denix\/pistolet-desert-eagle-black-1982-denix\/#breadcrumb"},"inLanguage":"es","potentialAction":[{"@type":"ReadAction","target":["https:\/\/repliquemangacine.fr\/denix\/pistolet-desert-eagle-black-1982-denix\/"]}]},{"@type":"ImageObject","inLanguage":"es","@id":"https:\/\/repliquemangacine.fr\/denix\/pistolet-desert-eagle-black-1982-denix\/#primaryimage","url":"https:\/\/repliquemangacine.fr\/wp-content\/uploads\/2023\/10\/desert-eagle-black.jpg.jpg","contentUrl":"https:\/\/repliquemangacine.fr\/wp-content\/uploads\/2023\/10\/desert-eagle-black.jpg.jpg","width":800,"height":800,"caption":"Replique desert-eagle-black"},{"@type":"BreadcrumbList","@id":"https:\/\/repliquemangacine.fr\/denix\/pistolet-desert-eagle-black-1982-denix\/#breadcrumb","itemListElement":[{"@type":"ListItem","position":1,"name":"Accueil","item":"https:\/\/repliquemangacine.fr\/"},{"@type":"ListItem","position":2,"name":"Produits","item":"https:\/\/repliquemangacine.fr\/boutique\/"},{"@type":"ListItem","position":3,"name":"Desert Eagle Black 1982 &#8211; Denix"}]},{"@type":"WebSite","@id":"https:\/\/repliquemangacine.fr\/#website","url":"https:\/\/repliquemangacine.fr\/","name":"R\u00e9plique Manga Cin\u00e9","description":"","publisher":{"@id":"https:\/\/repliquemangacine.fr\/#organization"},"potentialAction":[{"@type":"SearchAction","target":{"@type":"EntryPoint","urlTemplate":"https:\/\/repliquemangacine.fr\/?s={search_term_string}"},"query-input":{"@type":"PropertyValueSpecification","valueRequired":true,"valueName":"search_term_string"}}],"inLanguage":"es"},{"@type":"Organization","@id":"https:\/\/repliquemangacine.fr\/#organization","name":"R\u00e9plique Manga Cin\u00e9","url":"https:\/\/repliquemangacine.fr\/","logo":{"@type":"ImageObject","inLanguage":"es","@id":"https:\/\/repliquemangacine.fr\/#\/schema\/logo\/image\/","url":"https:\/\/repliquemangacine.fr\/wp-content\/uploads\/2023\/10\/RMC-500250.png","contentUrl":"https:\/\/repliquemangacine.fr\/wp-content\/uploads\/2023\/10\/RMC-500250.png","width":500,"height":250,"caption":"R\u00e9plique Manga Cin\u00e9"},"image":{"@id":"https:\/\/repliquemangacine.fr\/#\/schema\/logo\/image\/"},"sameAs":["https:\/\/www.facebook.com\/RepliqueMangaCine","https:\/\/www.instagram.com\/repliquemangacine.fr\/"]}]}},"_links":{"self":[{"href":"https:\/\/repliquemangacine.fr\/es\/wp-json\/wp\/v2\/product\/48742","targetHints":{"allow":["GET"]}}],"collection":[{"href":"https:\/\/repliquemangacine.fr\/es\/wp-json\/wp\/v2\/product"}],"about":[{"href":"https:\/\/repliquemangacine.fr\/es\/wp-json\/wp\/v2\/types\/product"}],"wp:featuredmedia":[{"embeddable":true,"href":"https:\/\/repliquemangacine.fr\/es\/wp-json\/wp\/v2\/media\/48743"}],"wp:attachment":[{"href":"https:\/\/repliquemangacine.fr\/es\/wp-json\/wp\/v2\/media?parent=48742"}],"wp:term":[{"taxonomy":"product_brand","embeddable":true,"href":"https:\/\/repliquemangacine.fr\/es\/wp-json\/wp\/v2\/product_brand?post=48742"},{"taxonomy":"product_cat","embeddable":true,"href":"https:\/\/repliquemangacine.fr\/es\/wp-json\/wp\/v2\/product_cat?post=48742"},{"taxonomy":"product_tag","embeddable":true,"href":"https:\/\/repliquemangacine.fr\/es\/wp-json\/wp\/v2\/product_tag?post=48742"}],"curies":[{"name":"wp","href":"https:\/\/api.w.org\/{rel}","templated":true}]}}