





{"id":48660,"date":"2022-03-03T15:17:12","date_gmt":"2022-03-03T14:17:12","guid":{"rendered":"https:\/\/repliquemangacine.fr\/?post_type=product&#038;p=48660"},"modified":"2026-02-09T21:40:50","modified_gmt":"2026-02-09T20:40:50","slug":"6-balas-de-prueba-para-colt-45-kolser","status":"publish","type":"product","link":"https:\/\/repliquemangacine.fr\/es\/holster-accessoires-western\/6-balles-factices-pour-colt-45-kolser\/","title":{"rendered":"Balas Colt Kolser Dummy"},"content":{"rendered":"<h2>Balas Colt Kolser Dummy<\/h2>\n<p>Para empezar, el <strong>Balas Colt Kolser Dummy<\/strong> o imitaci\u00f3n de bala, objeto que a veces imita, de forma muy realista, una munici\u00f3n real. Las armas y balas falsas suelen ser juguetes o r\u00e9plicas destinadas a coleccionistas. Con esta nueva presentaci\u00f3n en caja de 6 balas, Kolser aporta adem\u00e1s elegancia.<\/p>\n<p>Los rev\u00f3lveres Kolser, fabricados a mano y de alta calidad, se entregan en un magn\u00edfico estuche. Las balas son de acero dorado, ligeramente ahuecadas en la parte trasera, con una peque\u00f1a punta saliente. Coloque el detonador en esta punta, introduzca la bala en el tambor y, \u00a1listo!, dispare. En cuanto el perro golpee el detonador, \u00a1se producir\u00e1 una fuerte explosi\u00f3n! \u00a1Ahora le toca a usted!<\/p>\n<p>En conclusi\u00f3n, las balas de fogueo son un complemento esencial para dar m\u00e1s realismo a tu Colt 45 de la marca. <a href=\"https:\/\/kolser.com\/\" target=\"_blank\" rel=\"noopener noreferrer\">Kolser<\/a>.<\/p>\n<h2>Tus accesorios western al mejor precio<\/h2>\n<p>Le ofrecemos una amplia selecci\u00f3n de reproducciones de armas falsas Kolser.<\/p>\n<p>Lo primero y m\u00e1s importante,<\/p>\n<ul>\n<li>La reproducci\u00f3n de <a href=\"https:\/\/repliquemangacine.fr\/es\/pistola-kolser\/colt-peacemaker-kolser-5-5-snake\/\">rev\u00f3lver marcapasos 5.5<\/a> de lat\u00f3n con la empu\u00f1adura grabada con una serpiente.<\/li>\n<li>As\u00ed como el Colt 45 llamado <a href=\"https:\/\/repliquemangacine.fr\/es\/pistola-kolser\/estuche-colt-peacemaker-31cm-pulido-1873-kolser\/\">Pacificador pulido de 30 cm<\/a> a mano y en su caja.<\/li>\n<li>Tambi\u00e9n existe la <a href=\"https:\/\/repliquemangacine.fr\/es\/pistola-kolser\/blister-208-imprimaciones-kolser\/\">blister de cebos para petardos<\/a> para que pueda divertirse con total seguridad.<\/li>\n<li>A continuaci\u00f3n, si necesita mantener su r\u00e9plica, le ofrecemos el Aceite Universal Ballistol en 3 capacidades. Basta con aplicar un poco de aceite en un pa\u00f1o y limpiar todas las partes de la r\u00e9plica.<\/li>\n<li>\u00a1Y muchos m\u00e1s modelos por descubrir en nuestra tienda online!<\/li>\n<\/ul>\n<p>Por eso es una magn\u00edfica idea de regalo para todos los amantes de las armas hist\u00f3ricas.<\/p>\n<p>En conclusi\u00f3n, puede utilizar estos <strong>Balas de fogueo calibre 45<\/strong> para sus reconstrucciones y decorados hist\u00f3ricos.<\/p>\n<p>Cabe destacar que todas sus r\u00e9plicas son piezas de colecci\u00f3n y decoraci\u00f3n.<\/p>\n<p>R\u00e9plique Manga Cin\u00e9 es una empresa francesa, distribuidora oficial de las marcas Denix y Kolser.<\/p>","protected":false},"excerpt":{"rendered":"<p>6 balas falsas, un complemento esencial para un mayor realismo.<\/p>\n<ul>\n<li>En metal dorado.<\/li>\n<li>Sin carga explosiva.<\/li>\n<li>Recibe petardos.<\/li>\n<li>Se adaptan a todos los modelos Kolser Colt.<\/li>\n<li>Caja de 6 bolas.<\/li>\n<li>Longitud de la bola: 3 cm - Di\u00e1metro: 10 mm - Peso: 13 g<\/li>\n<\/ul>","protected":false},"featured_media":81706,"template":"","meta":[],"product_brand":[896],"product_cat":[51,100,34,90,28,27],"product_tag":[],"class_list":{"0":"post-48660","1":"product","2":"type-product","3":"status-publish","4":"has-post-thumbnail","6":"product_brand-replique-manga-cine","7":"product_cat-accessoires-western","8":"product_cat-arme-kolser","9":"product_cat-armes-westerns","10":"product_cat-holster-accessoires-western","11":"product_cat-repliques-darmes","12":"product_cat-armes-et-accessoires-western","14":"first","15":"outofstock","16":"taxable","17":"shipping-taxable","18":"purchasable","19":"product-type-simple"},"yoast_head":"<!-- This site is optimized with the Yoast SEO plugin v27.4 - https:\/\/yoast.com\/product\/yoast-seo-wordpress\/ -->\n<title>Balles Factices Colt Kolser - R\u00e9plique Manga Cin\u00e9<\/title>\n<meta name=\"description\" content=\"Vos Balles Factices Colt Kolser au meilleur prix - Tout en m\u00e9tal - Ne contiennent pas de charge explosive - Pr\u00e9vue pour recevoir des p\u00e9tards \u00e0 amorce.\" \/>\n<meta name=\"robots\" content=\"index, follow, max-snippet:-1, max-image-preview:large, max-video-preview:-1\" \/>\n<link rel=\"canonical\" href=\"https:\/\/repliquemangacine.fr\/es\/pistola-kolser\/6-balas-de-prueba-para-colt-45-kolser\/\" \/>\n<meta property=\"og:locale\" content=\"es_ES\" \/>\n<meta property=\"og:type\" content=\"article\" \/>\n<meta property=\"og:title\" content=\"Balles Factices Colt Kolser - R\u00e9plique Manga Cin\u00e9\" \/>\n<meta property=\"og:description\" content=\"Vos Balles Factices Colt Kolser au meilleur prix - Tout en m\u00e9tal - Ne contiennent pas de charge explosive - Pr\u00e9vue pour recevoir des p\u00e9tards \u00e0 amorce.\" \/>\n<meta property=\"og:url\" content=\"https:\/\/repliquemangacine.fr\/es\/pistola-kolser\/6-balas-de-prueba-para-colt-45-kolser\/\" \/>\n<meta property=\"og:site_name\" content=\"R\u00e9plique Manga Cin\u00e9\" \/>\n<meta property=\"article:publisher\" content=\"https:\/\/www.facebook.com\/RepliqueMangaCine\" \/>\n<meta property=\"article:modified_time\" content=\"2026-02-09T20:40:50+00:00\" \/>\n<meta property=\"og:image\" content=\"https:\/\/repliquemangacine.fr\/wp-content\/uploads\/2022\/03\/Balles-Factices-Colt-Kolser.jpg\" \/>\n\t<meta property=\"og:image:width\" content=\"500\" \/>\n\t<meta property=\"og:image:height\" content=\"500\" \/>\n\t<meta property=\"og:image:type\" content=\"image\/jpeg\" \/>\n<meta name=\"twitter:card\" content=\"summary_large_image\" \/>\n<meta name=\"twitter:label1\" content=\"Tiempo de lectura\" \/>\n\t<meta name=\"twitter:data1\" content=\"2 minutos\" \/>\n<script type=\"application\/ld+json\" class=\"yoast-schema-graph\">{\"@context\":\"https:\\\/\\\/schema.org\",\"@graph\":[{\"@type\":\"WebPage\",\"@id\":\"https:\\\/\\\/repliquemangacine.fr\\\/arme-kolser\\\/6-balles-factices-pour-colt-45-kolser\\\/\",\"url\":\"https:\\\/\\\/repliquemangacine.fr\\\/arme-kolser\\\/6-balles-factices-pour-colt-45-kolser\\\/\",\"name\":\"Balles Factices Colt Kolser - R\u00e9plique Manga Cin\u00e9\",\"isPartOf\":{\"@id\":\"https:\\\/\\\/repliquemangacine.fr\\\/#website\"},\"primaryImageOfPage\":{\"@id\":\"https:\\\/\\\/repliquemangacine.fr\\\/arme-kolser\\\/6-balles-factices-pour-colt-45-kolser\\\/#primaryimage\"},\"image\":{\"@id\":\"https:\\\/\\\/repliquemangacine.fr\\\/arme-kolser\\\/6-balles-factices-pour-colt-45-kolser\\\/#primaryimage\"},\"thumbnailUrl\":\"https:\\\/\\\/repliquemangacine.fr\\\/wp-content\\\/uploads\\\/2022\\\/03\\\/Balles-Factices-Colt-Kolser.jpg\",\"datePublished\":\"2022-03-03T14:17:12+00:00\",\"dateModified\":\"2026-02-09T20:40:50+00:00\",\"description\":\"Vos Balles Factices Colt Kolser au meilleur prix - Tout en m\u00e9tal - Ne contiennent pas de charge explosive - Pr\u00e9vue pour recevoir des p\u00e9tards \u00e0 amorce.\",\"breadcrumb\":{\"@id\":\"https:\\\/\\\/repliquemangacine.fr\\\/arme-kolser\\\/6-balles-factices-pour-colt-45-kolser\\\/#breadcrumb\"},\"inLanguage\":\"es\",\"potentialAction\":[{\"@type\":\"ReadAction\",\"target\":[\"https:\\\/\\\/repliquemangacine.fr\\\/arme-kolser\\\/6-balles-factices-pour-colt-45-kolser\\\/\"]}]},{\"@type\":\"ImageObject\",\"inLanguage\":\"es\",\"@id\":\"https:\\\/\\\/repliquemangacine.fr\\\/arme-kolser\\\/6-balles-factices-pour-colt-45-kolser\\\/#primaryimage\",\"url\":\"https:\\\/\\\/repliquemangacine.fr\\\/wp-content\\\/uploads\\\/2022\\\/03\\\/Balles-Factices-Colt-Kolser.jpg\",\"contentUrl\":\"https:\\\/\\\/repliquemangacine.fr\\\/wp-content\\\/uploads\\\/2022\\\/03\\\/Balles-Factices-Colt-Kolser.jpg\",\"width\":500,\"height\":500,\"caption\":\"Balles Factices Colt Kolser\"},{\"@type\":\"BreadcrumbList\",\"@id\":\"https:\\\/\\\/repliquemangacine.fr\\\/arme-kolser\\\/6-balles-factices-pour-colt-45-kolser\\\/#breadcrumb\",\"itemListElement\":[{\"@type\":\"ListItem\",\"position\":1,\"name\":\"Accueil\",\"item\":\"https:\\\/\\\/repliquemangacine.fr\\\/\"},{\"@type\":\"ListItem\",\"position\":2,\"name\":\"Produits\",\"item\":\"https:\\\/\\\/repliquemangacine.fr\\\/boutique\\\/\"},{\"@type\":\"ListItem\",\"position\":3,\"name\":\"Balles Factices Colt Kolser\"}]},{\"@type\":\"WebSite\",\"@id\":\"https:\\\/\\\/repliquemangacine.fr\\\/#website\",\"url\":\"https:\\\/\\\/repliquemangacine.fr\\\/\",\"name\":\"R\u00e9plique Manga Cin\u00e9\",\"description\":\"\",\"publisher\":{\"@id\":\"https:\\\/\\\/repliquemangacine.fr\\\/#organization\"},\"potentialAction\":[{\"@type\":\"SearchAction\",\"target\":{\"@type\":\"EntryPoint\",\"urlTemplate\":\"https:\\\/\\\/repliquemangacine.fr\\\/?s={search_term_string}\"},\"query-input\":{\"@type\":\"PropertyValueSpecification\",\"valueRequired\":true,\"valueName\":\"search_term_string\"}}],\"inLanguage\":\"es\"},{\"@type\":\"Organization\",\"@id\":\"https:\\\/\\\/repliquemangacine.fr\\\/#organization\",\"name\":\"R\u00e9plique Manga Cin\u00e9\",\"url\":\"https:\\\/\\\/repliquemangacine.fr\\\/\",\"logo\":{\"@type\":\"ImageObject\",\"inLanguage\":\"es\",\"@id\":\"https:\\\/\\\/repliquemangacine.fr\\\/#\\\/schema\\\/logo\\\/image\\\/\",\"url\":\"https:\\\/\\\/repliquemangacine.fr\\\/wp-content\\\/uploads\\\/2023\\\/10\\\/RMC-500250.png\",\"contentUrl\":\"https:\\\/\\\/repliquemangacine.fr\\\/wp-content\\\/uploads\\\/2023\\\/10\\\/RMC-500250.png\",\"width\":500,\"height\":250,\"caption\":\"R\u00e9plique Manga Cin\u00e9\"},\"image\":{\"@id\":\"https:\\\/\\\/repliquemangacine.fr\\\/#\\\/schema\\\/logo\\\/image\\\/\"},\"sameAs\":[\"https:\\\/\\\/www.facebook.com\\\/RepliqueMangaCine\",\"https:\\\/\\\/www.instagram.com\\\/repliquemangacine.fr\\\/\"]}]}<\/script>\n<!-- \/ Yoast SEO plugin. -->","yoast_head_json":{"title":"Balas Colt Kolser Dummy - R\u00e9plique Manga Cin\u00e9","description":"Your Colt Kolser dummy bullets at the best price - Completamente met\u00e1licas - No contienen carga explosiva - Dise\u00f1adas para contener petardos con cebador.","robots":{"index":"index","follow":"follow","max-snippet":"max-snippet:-1","max-image-preview":"max-image-preview:large","max-video-preview":"max-video-preview:-1"},"canonical":"https:\/\/repliquemangacine.fr\/es\/pistola-kolser\/6-balas-de-prueba-para-colt-45-kolser\/","og_locale":"es_ES","og_type":"article","og_title":"Balles Factices Colt Kolser - R\u00e9plique Manga Cin\u00e9","og_description":"Vos Balles Factices Colt Kolser au meilleur prix - Tout en m\u00e9tal - Ne contiennent pas de charge explosive - Pr\u00e9vue pour recevoir des p\u00e9tards \u00e0 amorce.","og_url":"https:\/\/repliquemangacine.fr\/es\/pistola-kolser\/6-balas-de-prueba-para-colt-45-kolser\/","og_site_name":"R\u00e9plique Manga Cin\u00e9","article_publisher":"https:\/\/www.facebook.com\/RepliqueMangaCine","article_modified_time":"2026-02-09T20:40:50+00:00","og_image":[{"width":500,"height":500,"url":"https:\/\/repliquemangacine.fr\/wp-content\/uploads\/2022\/03\/Balles-Factices-Colt-Kolser.jpg","type":"image\/jpeg"}],"twitter_card":"summary_large_image","twitter_misc":{"Tiempo de lectura":"2 minutos"},"schema":{"@context":"https:\/\/schema.org","@graph":[{"@type":"WebPage","@id":"https:\/\/repliquemangacine.fr\/arme-kolser\/6-balles-factices-pour-colt-45-kolser\/","url":"https:\/\/repliquemangacine.fr\/arme-kolser\/6-balles-factices-pour-colt-45-kolser\/","name":"Balas Colt Kolser Dummy - R\u00e9plique Manga Cin\u00e9","isPartOf":{"@id":"https:\/\/repliquemangacine.fr\/#website"},"primaryImageOfPage":{"@id":"https:\/\/repliquemangacine.fr\/arme-kolser\/6-balles-factices-pour-colt-45-kolser\/#primaryimage"},"image":{"@id":"https:\/\/repliquemangacine.fr\/arme-kolser\/6-balles-factices-pour-colt-45-kolser\/#primaryimage"},"thumbnailUrl":"https:\/\/repliquemangacine.fr\/wp-content\/uploads\/2022\/03\/Balles-Factices-Colt-Kolser.jpg","datePublished":"2022-03-03T14:17:12+00:00","dateModified":"2026-02-09T20:40:50+00:00","description":"Your Colt Kolser dummy bullets at the best price - Completamente met\u00e1licas - No contienen carga explosiva - Dise\u00f1adas para contener petardos con cebador.","breadcrumb":{"@id":"https:\/\/repliquemangacine.fr\/arme-kolser\/6-balles-factices-pour-colt-45-kolser\/#breadcrumb"},"inLanguage":"es","potentialAction":[{"@type":"ReadAction","target":["https:\/\/repliquemangacine.fr\/arme-kolser\/6-balles-factices-pour-colt-45-kolser\/"]}]},{"@type":"ImageObject","inLanguage":"es","@id":"https:\/\/repliquemangacine.fr\/arme-kolser\/6-balles-factices-pour-colt-45-kolser\/#primaryimage","url":"https:\/\/repliquemangacine.fr\/wp-content\/uploads\/2022\/03\/Balles-Factices-Colt-Kolser.jpg","contentUrl":"https:\/\/repliquemangacine.fr\/wp-content\/uploads\/2022\/03\/Balles-Factices-Colt-Kolser.jpg","width":500,"height":500,"caption":"Balles Factices Colt Kolser"},{"@type":"BreadcrumbList","@id":"https:\/\/repliquemangacine.fr\/arme-kolser\/6-balles-factices-pour-colt-45-kolser\/#breadcrumb","itemListElement":[{"@type":"ListItem","position":1,"name":"Accueil","item":"https:\/\/repliquemangacine.fr\/"},{"@type":"ListItem","position":2,"name":"Produits","item":"https:\/\/repliquemangacine.fr\/boutique\/"},{"@type":"ListItem","position":3,"name":"Balles Factices Colt Kolser"}]},{"@type":"WebSite","@id":"https:\/\/repliquemangacine.fr\/#website","url":"https:\/\/repliquemangacine.fr\/","name":"R\u00e9plique Manga Cin\u00e9","description":"","publisher":{"@id":"https:\/\/repliquemangacine.fr\/#organization"},"potentialAction":[{"@type":"SearchAction","target":{"@type":"EntryPoint","urlTemplate":"https:\/\/repliquemangacine.fr\/?s={search_term_string}"},"query-input":{"@type":"PropertyValueSpecification","valueRequired":true,"valueName":"search_term_string"}}],"inLanguage":"es"},{"@type":"Organization","@id":"https:\/\/repliquemangacine.fr\/#organization","name":"R\u00e9plique Manga Cin\u00e9","url":"https:\/\/repliquemangacine.fr\/","logo":{"@type":"ImageObject","inLanguage":"es","@id":"https:\/\/repliquemangacine.fr\/#\/schema\/logo\/image\/","url":"https:\/\/repliquemangacine.fr\/wp-content\/uploads\/2023\/10\/RMC-500250.png","contentUrl":"https:\/\/repliquemangacine.fr\/wp-content\/uploads\/2023\/10\/RMC-500250.png","width":500,"height":250,"caption":"R\u00e9plique Manga Cin\u00e9"},"image":{"@id":"https:\/\/repliquemangacine.fr\/#\/schema\/logo\/image\/"},"sameAs":["https:\/\/www.facebook.com\/RepliqueMangaCine","https:\/\/www.instagram.com\/repliquemangacine.fr\/"]}]}},"_links":{"self":[{"href":"https:\/\/repliquemangacine.fr\/es\/wp-json\/wp\/v2\/product\/48660","targetHints":{"allow":["GET"]}}],"collection":[{"href":"https:\/\/repliquemangacine.fr\/es\/wp-json\/wp\/v2\/product"}],"about":[{"href":"https:\/\/repliquemangacine.fr\/es\/wp-json\/wp\/v2\/types\/product"}],"wp:featuredmedia":[{"embeddable":true,"href":"https:\/\/repliquemangacine.fr\/es\/wp-json\/wp\/v2\/media\/81706"}],"wp:attachment":[{"href":"https:\/\/repliquemangacine.fr\/es\/wp-json\/wp\/v2\/media?parent=48660"}],"wp:term":[{"taxonomy":"product_brand","embeddable":true,"href":"https:\/\/repliquemangacine.fr\/es\/wp-json\/wp\/v2\/product_brand?post=48660"},{"taxonomy":"product_cat","embeddable":true,"href":"https:\/\/repliquemangacine.fr\/es\/wp-json\/wp\/v2\/product_cat?post=48660"},{"taxonomy":"product_tag","embeddable":true,"href":"https:\/\/repliquemangacine.fr\/es\/wp-json\/wp\/v2\/product_tag?post=48660"}],"curies":[{"name":"wp","href":"https:\/\/api.w.org\/{rel}","templated":true}]}}