





{"id":48450,"date":"2022-02-22T13:24:12","date_gmt":"2022-02-22T12:24:12","guid":{"rendered":"https:\/\/repliquemangacine.fr\/?post_type=product&#038;p=48450"},"modified":"2026-02-02T06:43:40","modified_gmt":"2026-02-02T05:43:40","slug":"estuche-colt-peacemaker-31cm-pulido-1873-kolser","status":"publish","type":"product","link":"https:\/\/repliquemangacine.fr\/es\/colt-revolver-western\/coffret-colt-peacemaker-31cm-poli-1873-kolser\/","title":{"rendered":"Colt Peacemaker 31cm pulido"},"content":{"rendered":"<h2>Colt Peacemaker 31cm Pulido 1873n - Kolser.<\/h2>\n<p>Para empezar, la reproducci\u00f3n de <strong>Colt Peacemaker 31cm Pulido<\/strong> El modelo 1873 Kolser es una reproducci\u00f3n id\u00e9ntica al Colt 45 SAA original. Hist\u00f3ricamente, fue utilizado por estrellas como Buffalo Bill, Pat Garrett y Wild Bill Hickock.<\/p>\n<p>Esta r\u00e9plica Kolser se distingue por los materiales utilizados en el tratamiento del metal (envejecido deliberadamente) desde el tambor hasta el ca\u00f1\u00f3n. Cuidadosamente revisada en su montaje y pulida a mano.<\/p>\n<p>Se incluye un manual de montaje con la recomendaci\u00f3n expresa de no desmontarlo. En este caso, no se aceptar\u00e1n devoluciones.<\/p>\n<p>Si hay un arma cuyo prestigio nunca ha flaqueado y, por el contrario, nunca ha dejado de crecer, \u00e9sa es el Colt Single Action. Este rev\u00f3lver, con su caracter\u00edstica forma perfectamente armoniosa, se ha convertido en legendario.<\/p>\n<h2>Tu Colt Peacemaker 31cm Pulido al mejor precio.<\/h2>\n<p>Le ofrecemos una amplia selecci\u00f3n de reproducciones de armas Western Kolser al precio m\u00e1s bajo del mercado.<\/p>\n<p>Lo primero y m\u00e1s importante,<\/p>\n<ul>\n<li>Le <a href=\"https:\/\/repliquemangacine.fr\/es\/pistola-kolser\/peacemaker-case-31cm-laton-1873-kolser\/\">Colt SAA calibre 45, 31cm<\/a> en lat\u00f3n con montaje manual.<\/li>\n<li>Pero tambi\u00e9n necesitas <a href=\"https:\/\/repliquemangacine.fr\/es\/pistola-kolser\/6-balas-de-prueba-para-colt-45-kolser\/\">Balas de prueba Kolser<\/a> para un mayor realismo.<\/li>\n<li>Y muchos m\u00e1s por descubrir en nuestra tienda en l\u00ednea.<\/li>\n<\/ul>\n<p>Por eso es una gran idea de regalo para coleccionistas o aficionados a las pel\u00edculas del Oeste.<\/p>\n<p>En conclusi\u00f3n, puede utilizar el <strong>Colt Peacemaker 31cm Pulido<\/strong> 1873 para sus demostraciones de westerns o sus fiestas tem\u00e1ticas.<\/p>\n<p>Les recordamos que s\u00f3lo son armas ficticias y no suponen ning\u00fan peligro.<\/p>\n<p>R\u00e9plique Manga Cin\u00e9 es una empresa francesa, distribuidora de la marca. <a href=\"https:\/\/kolser.com\/fr\/catalogo\/\" target=\"_blank\" rel=\"noopener noreferrer\">Kolser<\/a>.<\/p>\n<h2>\u00bfC\u00f3mo se fabrican las armas Kolser?<\/h2>\n<p>Las armas Kolser, fabricadas en metal con acabados especiales en lat\u00f3n galvanizado y n\u00edquel, con efectos de metal envejecido o acero, obtenidos gracias a minuciosos procesos manuales que confieren un aspecto \u00fanico a las piezas de la marca.<\/p>\n<p>Situados al m\u00e1s alto nivel de calidad del mercado, preservando el esp\u00edritu de los armeros de siglos pasados para un trabajo bien hecho.<\/p>\n<p>Por otra parte, la modernizaci\u00f3n de los protocolos de dise\u00f1o de los nuevos modelos, realizados con los m\u00e1s altos est\u00e1ndares, logra este aspecto tan real. Del mismo modo, Kolser innova en los sistemas de fabricaci\u00f3n y los procesos de montaje a mano para garantizar la mejor calidad de las piezas y los materiales con los que fabrican su <strong>Colt Peacemaker 31cm Pulido<\/strong>.<\/p>","protected":false},"excerpt":{"rendered":"<p>Colt peacemaker 1873.<\/p>\n<ul>\n<li>Metal pulido a mano<\/li>\n<li>Stock de madera.<\/li>\n<li>Grabado en la pistola SAA 45.<\/li>\n<li>Mecanismo funcional.<\/li>\n<li>C\u00e1mara de tambor giratorio recargable.<\/li>\n<li>Caja con 6 bolas.<\/li>\n<li>Longitud total: 31 cm - Peso: 990 g<\/li>\n<\/ul>\n<p><a href=\"https:\/\/youtu.be\/rEPbkLd2edU\">Haga clic aqu\u00ed para ver la demostraci\u00f3n de Kolser<\/a><\/p>","protected":false},"featured_media":48451,"template":"","meta":[],"product_brand":[896],"product_cat":[100,34,33,77,28,27],"product_tag":[],"class_list":{"0":"post-48450","1":"product","2":"type-product","3":"status-publish","4":"has-post-thumbnail","6":"product_brand-replique-manga-cine","7":"product_cat-arme-kolser","8":"product_cat-armes-westerns","9":"product_cat-colt-pistolet","10":"product_cat-colt-revolver-western","11":"product_cat-repliques-darmes","12":"product_cat-armes-et-accessoires-western","14":"first","15":"outofstock","16":"taxable","17":"shipping-taxable","18":"purchasable","19":"product-type-simple"},"yoast_head":"<!-- This site is optimized with the Yoast SEO plugin v27.4 - https:\/\/yoast.com\/product\/yoast-seo-wordpress\/ -->\n<title>Colt Peacemaker 31cm poli - Armes Kolser - R\u00e9plique Manga Cin\u00e9<\/title>\n<meta name=\"description\" content=\"Offre-lui ! Ce Colt Peacemaker 31cm Poli au meilleur prix - En m\u00e9tal poli \u00e0 la main - M\u00e9canisme fonctionnel - Inapte aux tirs - Barillet rotatif - 31 cm\" \/>\n<meta name=\"robots\" content=\"index, follow, max-snippet:-1, max-image-preview:large, max-video-preview:-1\" \/>\n<link rel=\"canonical\" href=\"https:\/\/repliquemangacine.fr\/es\/pistola-kolser\/estuche-colt-peacemaker-31cm-pulido-1873-kolser\/\" \/>\n<meta property=\"og:locale\" content=\"es_ES\" \/>\n<meta property=\"og:type\" content=\"article\" \/>\n<meta property=\"og:title\" content=\"Colt Peacemaker 31cm poli - Armes Kolser - R\u00e9plique Manga Cin\u00e9\" \/>\n<meta property=\"og:description\" content=\"Offre-lui ! Ce Colt Peacemaker 31cm Poli au meilleur prix - En m\u00e9tal poli \u00e0 la main - M\u00e9canisme fonctionnel - Inapte aux tirs - Barillet rotatif - 31 cm\" \/>\n<meta property=\"og:url\" content=\"https:\/\/repliquemangacine.fr\/es\/pistola-kolser\/estuche-colt-peacemaker-31cm-pulido-1873-kolser\/\" \/>\n<meta property=\"og:site_name\" content=\"R\u00e9plique Manga Cin\u00e9\" \/>\n<meta property=\"article:publisher\" content=\"https:\/\/www.facebook.com\/RepliqueMangaCine\" \/>\n<meta property=\"article:modified_time\" content=\"2026-02-02T05:43:40+00:00\" \/>\n<meta property=\"og:image\" content=\"https:\/\/repliquemangacine.fr\/wp-content\/uploads\/2023\/10\/1064-1wnp.jpg\" \/>\n\t<meta property=\"og:image:width\" content=\"800\" \/>\n\t<meta property=\"og:image:height\" content=\"800\" \/>\n\t<meta property=\"og:image:type\" content=\"image\/jpeg\" \/>\n<meta name=\"twitter:card\" content=\"summary_large_image\" \/>\n<meta name=\"twitter:label1\" content=\"Tiempo de lectura\" \/>\n\t<meta name=\"twitter:data1\" content=\"2 minutos\" \/>\n<script type=\"application\/ld+json\" class=\"yoast-schema-graph\">{\"@context\":\"https:\\\/\\\/schema.org\",\"@graph\":[{\"@type\":\"WebPage\",\"@id\":\"https:\\\/\\\/repliquemangacine.fr\\\/arme-kolser\\\/coffret-colt-peacemaker-31cm-poli-1873-kolser\\\/\",\"url\":\"https:\\\/\\\/repliquemangacine.fr\\\/arme-kolser\\\/coffret-colt-peacemaker-31cm-poli-1873-kolser\\\/\",\"name\":\"Colt Peacemaker 31cm poli - Armes Kolser - R\u00e9plique Manga Cin\u00e9\",\"isPartOf\":{\"@id\":\"https:\\\/\\\/repliquemangacine.fr\\\/#website\"},\"primaryImageOfPage\":{\"@id\":\"https:\\\/\\\/repliquemangacine.fr\\\/arme-kolser\\\/coffret-colt-peacemaker-31cm-poli-1873-kolser\\\/#primaryimage\"},\"image\":{\"@id\":\"https:\\\/\\\/repliquemangacine.fr\\\/arme-kolser\\\/coffret-colt-peacemaker-31cm-poli-1873-kolser\\\/#primaryimage\"},\"thumbnailUrl\":\"https:\\\/\\\/repliquemangacine.fr\\\/wp-content\\\/uploads\\\/2023\\\/10\\\/1064-1wnp.jpg\",\"datePublished\":\"2022-02-22T12:24:12+00:00\",\"dateModified\":\"2026-02-02T05:43:40+00:00\",\"description\":\"Offre-lui ! Ce Colt Peacemaker 31cm Poli au meilleur prix - En m\u00e9tal poli \u00e0 la main - M\u00e9canisme fonctionnel - Inapte aux tirs - Barillet rotatif - 31 cm\",\"breadcrumb\":{\"@id\":\"https:\\\/\\\/repliquemangacine.fr\\\/arme-kolser\\\/coffret-colt-peacemaker-31cm-poli-1873-kolser\\\/#breadcrumb\"},\"inLanguage\":\"es\",\"potentialAction\":[{\"@type\":\"ReadAction\",\"target\":[\"https:\\\/\\\/repliquemangacine.fr\\\/arme-kolser\\\/coffret-colt-peacemaker-31cm-poli-1873-kolser\\\/\"]}]},{\"@type\":\"ImageObject\",\"inLanguage\":\"es\",\"@id\":\"https:\\\/\\\/repliquemangacine.fr\\\/arme-kolser\\\/coffret-colt-peacemaker-31cm-poli-1873-kolser\\\/#primaryimage\",\"url\":\"https:\\\/\\\/repliquemangacine.fr\\\/wp-content\\\/uploads\\\/2023\\\/10\\\/1064-1wnp.jpg\",\"contentUrl\":\"https:\\\/\\\/repliquemangacine.fr\\\/wp-content\\\/uploads\\\/2023\\\/10\\\/1064-1wnp.jpg\",\"width\":800,\"height\":800,\"caption\":\"Coffret Peacemaker 31cm Poli 1873 kolser\"},{\"@type\":\"BreadcrumbList\",\"@id\":\"https:\\\/\\\/repliquemangacine.fr\\\/arme-kolser\\\/coffret-colt-peacemaker-31cm-poli-1873-kolser\\\/#breadcrumb\",\"itemListElement\":[{\"@type\":\"ListItem\",\"position\":1,\"name\":\"Accueil\",\"item\":\"https:\\\/\\\/repliquemangacine.fr\\\/\"},{\"@type\":\"ListItem\",\"position\":2,\"name\":\"Produits\",\"item\":\"https:\\\/\\\/repliquemangacine.fr\\\/boutique\\\/\"},{\"@type\":\"ListItem\",\"position\":3,\"name\":\"Colt Peacemaker 31cm poli\"}]},{\"@type\":\"WebSite\",\"@id\":\"https:\\\/\\\/repliquemangacine.fr\\\/#website\",\"url\":\"https:\\\/\\\/repliquemangacine.fr\\\/\",\"name\":\"R\u00e9plique Manga Cin\u00e9\",\"description\":\"\",\"publisher\":{\"@id\":\"https:\\\/\\\/repliquemangacine.fr\\\/#organization\"},\"potentialAction\":[{\"@type\":\"SearchAction\",\"target\":{\"@type\":\"EntryPoint\",\"urlTemplate\":\"https:\\\/\\\/repliquemangacine.fr\\\/?s={search_term_string}\"},\"query-input\":{\"@type\":\"PropertyValueSpecification\",\"valueRequired\":true,\"valueName\":\"search_term_string\"}}],\"inLanguage\":\"es\"},{\"@type\":\"Organization\",\"@id\":\"https:\\\/\\\/repliquemangacine.fr\\\/#organization\",\"name\":\"R\u00e9plique Manga Cin\u00e9\",\"url\":\"https:\\\/\\\/repliquemangacine.fr\\\/\",\"logo\":{\"@type\":\"ImageObject\",\"inLanguage\":\"es\",\"@id\":\"https:\\\/\\\/repliquemangacine.fr\\\/#\\\/schema\\\/logo\\\/image\\\/\",\"url\":\"https:\\\/\\\/repliquemangacine.fr\\\/wp-content\\\/uploads\\\/2023\\\/10\\\/RMC-500250.png\",\"contentUrl\":\"https:\\\/\\\/repliquemangacine.fr\\\/wp-content\\\/uploads\\\/2023\\\/10\\\/RMC-500250.png\",\"width\":500,\"height\":250,\"caption\":\"R\u00e9plique Manga Cin\u00e9\"},\"image\":{\"@id\":\"https:\\\/\\\/repliquemangacine.fr\\\/#\\\/schema\\\/logo\\\/image\\\/\"},\"sameAs\":[\"https:\\\/\\\/www.facebook.com\\\/RepliqueMangaCine\",\"https:\\\/\\\/www.instagram.com\\\/repliquemangacine.fr\\\/\"]}]}<\/script>\n<!-- \/ Yoast SEO plugin. -->","yoast_head_json":{"title":"Colt Peacemaker 31cm pulido - Pistolas Kolser - R\u00e9plique Manga Cin\u00e9","description":"\u00a1Ofr\u00e9zcaselo! Este Colt Peacemaker 31cm Pulido al mejor precio - Metal pulido a mano - Mecanismo funcional - No dispara - Ca\u00f1\u00f3n giratorio - 31 cm","robots":{"index":"index","follow":"follow","max-snippet":"max-snippet:-1","max-image-preview":"max-image-preview:large","max-video-preview":"max-video-preview:-1"},"canonical":"https:\/\/repliquemangacine.fr\/es\/pistola-kolser\/estuche-colt-peacemaker-31cm-pulido-1873-kolser\/","og_locale":"es_ES","og_type":"article","og_title":"Colt Peacemaker 31cm poli - Armes Kolser - R\u00e9plique Manga Cin\u00e9","og_description":"Offre-lui ! Ce Colt Peacemaker 31cm Poli au meilleur prix - En m\u00e9tal poli \u00e0 la main - M\u00e9canisme fonctionnel - Inapte aux tirs - Barillet rotatif - 31 cm","og_url":"https:\/\/repliquemangacine.fr\/es\/pistola-kolser\/estuche-colt-peacemaker-31cm-pulido-1873-kolser\/","og_site_name":"R\u00e9plique Manga Cin\u00e9","article_publisher":"https:\/\/www.facebook.com\/RepliqueMangaCine","article_modified_time":"2026-02-02T05:43:40+00:00","og_image":[{"width":800,"height":800,"url":"https:\/\/repliquemangacine.fr\/wp-content\/uploads\/2023\/10\/1064-1wnp.jpg","type":"image\/jpeg"}],"twitter_card":"summary_large_image","twitter_misc":{"Tiempo de lectura":"2 minutos"},"schema":{"@context":"https:\/\/schema.org","@graph":[{"@type":"WebPage","@id":"https:\/\/repliquemangacine.fr\/arme-kolser\/coffret-colt-peacemaker-31cm-poli-1873-kolser\/","url":"https:\/\/repliquemangacine.fr\/arme-kolser\/coffret-colt-peacemaker-31cm-poli-1873-kolser\/","name":"Colt Peacemaker 31cm pulido - Pistolas Kolser - R\u00e9plique Manga Cin\u00e9","isPartOf":{"@id":"https:\/\/repliquemangacine.fr\/#website"},"primaryImageOfPage":{"@id":"https:\/\/repliquemangacine.fr\/arme-kolser\/coffret-colt-peacemaker-31cm-poli-1873-kolser\/#primaryimage"},"image":{"@id":"https:\/\/repliquemangacine.fr\/arme-kolser\/coffret-colt-peacemaker-31cm-poli-1873-kolser\/#primaryimage"},"thumbnailUrl":"https:\/\/repliquemangacine.fr\/wp-content\/uploads\/2023\/10\/1064-1wnp.jpg","datePublished":"2022-02-22T12:24:12+00:00","dateModified":"2026-02-02T05:43:40+00:00","description":"\u00a1Ofr\u00e9zcaselo! Este Colt Peacemaker 31cm Pulido al mejor precio - Metal pulido a mano - Mecanismo funcional - No dispara - Ca\u00f1\u00f3n giratorio - 31 cm","breadcrumb":{"@id":"https:\/\/repliquemangacine.fr\/arme-kolser\/coffret-colt-peacemaker-31cm-poli-1873-kolser\/#breadcrumb"},"inLanguage":"es","potentialAction":[{"@type":"ReadAction","target":["https:\/\/repliquemangacine.fr\/arme-kolser\/coffret-colt-peacemaker-31cm-poli-1873-kolser\/"]}]},{"@type":"ImageObject","inLanguage":"es","@id":"https:\/\/repliquemangacine.fr\/arme-kolser\/coffret-colt-peacemaker-31cm-poli-1873-kolser\/#primaryimage","url":"https:\/\/repliquemangacine.fr\/wp-content\/uploads\/2023\/10\/1064-1wnp.jpg","contentUrl":"https:\/\/repliquemangacine.fr\/wp-content\/uploads\/2023\/10\/1064-1wnp.jpg","width":800,"height":800,"caption":"Coffret Peacemaker 31cm Poli 1873 kolser"},{"@type":"BreadcrumbList","@id":"https:\/\/repliquemangacine.fr\/arme-kolser\/coffret-colt-peacemaker-31cm-poli-1873-kolser\/#breadcrumb","itemListElement":[{"@type":"ListItem","position":1,"name":"Accueil","item":"https:\/\/repliquemangacine.fr\/"},{"@type":"ListItem","position":2,"name":"Produits","item":"https:\/\/repliquemangacine.fr\/boutique\/"},{"@type":"ListItem","position":3,"name":"Colt Peacemaker 31cm poli"}]},{"@type":"WebSite","@id":"https:\/\/repliquemangacine.fr\/#website","url":"https:\/\/repliquemangacine.fr\/","name":"R\u00e9plique Manga Cin\u00e9","description":"","publisher":{"@id":"https:\/\/repliquemangacine.fr\/#organization"},"potentialAction":[{"@type":"SearchAction","target":{"@type":"EntryPoint","urlTemplate":"https:\/\/repliquemangacine.fr\/?s={search_term_string}"},"query-input":{"@type":"PropertyValueSpecification","valueRequired":true,"valueName":"search_term_string"}}],"inLanguage":"es"},{"@type":"Organization","@id":"https:\/\/repliquemangacine.fr\/#organization","name":"R\u00e9plique Manga Cin\u00e9","url":"https:\/\/repliquemangacine.fr\/","logo":{"@type":"ImageObject","inLanguage":"es","@id":"https:\/\/repliquemangacine.fr\/#\/schema\/logo\/image\/","url":"https:\/\/repliquemangacine.fr\/wp-content\/uploads\/2023\/10\/RMC-500250.png","contentUrl":"https:\/\/repliquemangacine.fr\/wp-content\/uploads\/2023\/10\/RMC-500250.png","width":500,"height":250,"caption":"R\u00e9plique Manga Cin\u00e9"},"image":{"@id":"https:\/\/repliquemangacine.fr\/#\/schema\/logo\/image\/"},"sameAs":["https:\/\/www.facebook.com\/RepliqueMangaCine","https:\/\/www.instagram.com\/repliquemangacine.fr\/"]}]}},"_links":{"self":[{"href":"https:\/\/repliquemangacine.fr\/es\/wp-json\/wp\/v2\/product\/48450","targetHints":{"allow":["GET"]}}],"collection":[{"href":"https:\/\/repliquemangacine.fr\/es\/wp-json\/wp\/v2\/product"}],"about":[{"href":"https:\/\/repliquemangacine.fr\/es\/wp-json\/wp\/v2\/types\/product"}],"wp:featuredmedia":[{"embeddable":true,"href":"https:\/\/repliquemangacine.fr\/es\/wp-json\/wp\/v2\/media\/48451"}],"wp:attachment":[{"href":"https:\/\/repliquemangacine.fr\/es\/wp-json\/wp\/v2\/media?parent=48450"}],"wp:term":[{"taxonomy":"product_brand","embeddable":true,"href":"https:\/\/repliquemangacine.fr\/es\/wp-json\/wp\/v2\/product_brand?post=48450"},{"taxonomy":"product_cat","embeddable":true,"href":"https:\/\/repliquemangacine.fr\/es\/wp-json\/wp\/v2\/product_cat?post=48450"},{"taxonomy":"product_tag","embeddable":true,"href":"https:\/\/repliquemangacine.fr\/es\/wp-json\/wp\/v2\/product_tag?post=48450"}],"curies":[{"name":"wp","href":"https:\/\/api.w.org\/{rel}","templated":true}]}}