





{"id":48405,"date":"2022-02-21T14:17:09","date_gmt":"2022-02-21T13:17:09","guid":{"rendered":"https:\/\/repliquemangacine.fr\/?post_type=product&#038;p=48405"},"modified":"2026-04-15T23:44:42","modified_gmt":"2026-04-15T21:44:42","slug":"6-balas-falsas-winchester-kolser","status":"publish","type":"product","link":"https:\/\/repliquemangacine.fr\/es\/holster-accessoires-western\/6-balles-factices-winchester-kolser\/","title":{"rendered":"Balas de prueba Winchester Kolser"},"content":{"rendered":"<h2>Balas de prueba Winchester Kolser<\/h2>\n<p>Para empezar, las balas falsas Winchester Kolser o imitaciones de balas, objetos que a veces imitan de forma muy realista munici\u00f3n real. Las armas y balas falsas suelen ser juguetes o r\u00e9plicas destinadas a coleccionistas.<\/p>\n<p>Las Winchester Kolser est\u00e1n fabricadas a mano y son de alta calidad. Sistema de expulsi\u00f3n de balas durante la recarga, lo que les confiere un realismo incre\u00edble. El n\u00famero de balas que pueden introducirse en la rec\u00e1mara var\u00eda en funci\u00f3n del tama\u00f1o del ca\u00f1\u00f3n.<\/p>\n<p>Las balas est\u00e1n hechas de acero dorado, ligeramente ahuecadas en la parte trasera, con una peque\u00f1a punta saliente. Coloque el cebador pirot\u00e9cnico en esta punta, introduzca las balas en la rec\u00e1mara y \u00a1dispare!<\/p>\n<p>En conclusi\u00f3n, las balas de fogueo son un complemento esencial para dar m\u00e1s realismo a tu rifle de la marca. <a href=\"https:\/\/kolser.com\/\" target=\"_blank\" rel=\"noopener noreferrer\">Kolser<\/a>.<\/p>\n<h2>Tus accesorios western al mejor precio.<\/h2>\n<p>Le ofrecemos una amplia selecci\u00f3n de reproducciones de armas falsas Kolser.<\/p>\n<p>Lo primero y m\u00e1s importante,<\/p>\n<ul>\n<li>El Winchester de Joss Randall en \"En nombre de la ley\", el <a href=\"https:\/\/repliquemangacine.fr\/es\/pistola-kolser\/mares-leg-55cm-grey-kolser\/\">Pierna de yegua<\/a> con su ca\u00f1\u00f3n recortado.<\/li>\n<li>As\u00ed como el <a href=\"https:\/\/repliquemangacine.fr\/es\/pistola-kolser\/winchester-108cm-grey-kolser\/\">Rifle Winchester 1892<\/a> Sistema de expulsi\u00f3n de pacas de 108 cm.<\/li>\n<li>Tambi\u00e9n existe la <a href=\"https:\/\/repliquemangacine.fr\/es\/accesorios-para-fundas\/portabalas-para-winchester-kolser\/\">portabalas de cuero<\/a> para que puedas divertirte sin preocuparte por las pelotas.<\/li>\n<li>Y muchos m\u00e1s por descubrir en nuestra tienda en l\u00ednea.<\/li>\n<\/ul>\n<p>Por eso es una magn\u00edfica idea de regalo para todos los amantes de las armas hist\u00f3ricas.<\/p>\n<p>En conclusi\u00f3n, puede utilizar estas balas falsas Winchester Kolser para sus recreaciones y decorados hist\u00f3ricos. Pero, ante todo, esta arma es una pieza de colecci\u00f3n y decoraci\u00f3n.<\/p>\n<p>R\u00e9plique Manga Cin\u00e9 es una empresa francesa, distribuidora oficial de las marcas Kolser y Denix.<\/p>","protected":false},"excerpt":{"rendered":"<p>Balas de prueba para rifles Kolser.<\/p>\n<ul>\n<li>En metal dorado con punta gris.<\/li>\n<li>Sin carga explosiva.<\/li>\n<li>Dise\u00f1ado para petardos con cebador.<\/li>\n<li>Se adapta a las cosechadoras Kolser con sistema de expulsi\u00f3n de pacas.<\/li>\n<li>Caja de 6 bolas.<\/li>\n<li>Longitud de la bola: 4 cm - Di\u00e1metro: 12 mm - Peso: 23 g<\/li>\n<\/ul>","protected":false},"featured_media":85565,"template":"","meta":[],"product_brand":[896],"product_cat":[51,100,90,27],"product_tag":[],"class_list":{"0":"post-48405","1":"product","2":"type-product","3":"status-publish","4":"has-post-thumbnail","6":"product_brand-replique-manga-cine","7":"product_cat-accessoires-western","8":"product_cat-arme-kolser","9":"product_cat-holster-accessoires-western","10":"product_cat-armes-et-accessoires-western","12":"first","13":"instock","14":"taxable","15":"shipping-taxable","16":"purchasable","17":"product-type-simple"},"yoast_head":"<!-- This site is optimized with the Yoast SEO plugin v27.4 - https:\/\/yoast.com\/product\/yoast-seo-wordpress\/ -->\n<title>Balles Factices Winchester Kolser - R\u00e9plique Manga Cin\u00e9<\/title>\n<meta name=\"description\" content=\"Pour plus de r\u00e9alisme, commandez vite ! vos Balles Factices Winchester Kolser au meilleur prix - Syst\u00e8me d&#039;amorce pour que \u00e7a p\u00e9tarade - Tout en m\u00e9tal\" \/>\n<meta name=\"robots\" content=\"index, follow, max-snippet:-1, max-image-preview:large, max-video-preview:-1\" \/>\n<link rel=\"canonical\" href=\"https:\/\/repliquemangacine.fr\/es\/pistola-kolser\/6-balas-falsas-winchester-kolser\/\" \/>\n<meta property=\"og:locale\" content=\"es_ES\" \/>\n<meta property=\"og:type\" content=\"article\" \/>\n<meta property=\"og:title\" content=\"Balles Factices Winchester Kolser - R\u00e9plique Manga Cin\u00e9\" \/>\n<meta property=\"og:description\" content=\"Pour plus de r\u00e9alisme, commandez vite ! vos Balles Factices Winchester Kolser au meilleur prix - Syst\u00e8me d&#039;amorce pour que \u00e7a p\u00e9tarade - Tout en m\u00e9tal\" \/>\n<meta property=\"og:url\" content=\"https:\/\/repliquemangacine.fr\/es\/pistola-kolser\/6-balas-falsas-winchester-kolser\/\" \/>\n<meta property=\"og:site_name\" content=\"R\u00e9plique Manga Cin\u00e9\" \/>\n<meta property=\"article:publisher\" content=\"https:\/\/www.facebook.com\/RepliqueMangaCine\" \/>\n<meta property=\"article:modified_time\" content=\"2026-04-15T21:44:42+00:00\" \/>\n<meta property=\"og:image\" content=\"https:\/\/repliquemangacine.fr\/wp-content\/uploads\/2022\/02\/balles-fusil-kolser.jpg\" \/>\n\t<meta property=\"og:image:width\" content=\"800\" \/>\n\t<meta property=\"og:image:height\" content=\"800\" \/>\n\t<meta property=\"og:image:type\" content=\"image\/jpeg\" \/>\n<meta name=\"twitter:card\" content=\"summary_large_image\" \/>\n<meta name=\"twitter:label1\" content=\"Tiempo de lectura\" \/>\n\t<meta name=\"twitter:data1\" content=\"2 minutos\" \/>\n<script type=\"application\/ld+json\" class=\"yoast-schema-graph\">{\"@context\":\"https:\\\/\\\/schema.org\",\"@graph\":[{\"@type\":\"WebPage\",\"@id\":\"https:\\\/\\\/repliquemangacine.fr\\\/de\\\/kolser-waffe\\\/6-attrappenkugeln-winchester-kolser\\\/\",\"url\":\"https:\\\/\\\/repliquemangacine.fr\\\/de\\\/kolser-waffe\\\/6-attrappenkugeln-winchester-kolser\\\/\",\"name\":\"Balles Factices Winchester Kolser - R\u00e9plique Manga Cin\u00e9\",\"isPartOf\":{\"@id\":\"https:\\\/\\\/repliquemangacine.fr\\\/#website\"},\"primaryImageOfPage\":{\"@id\":\"https:\\\/\\\/repliquemangacine.fr\\\/de\\\/kolser-waffe\\\/6-attrappenkugeln-winchester-kolser\\\/#primaryimage\"},\"image\":{\"@id\":\"https:\\\/\\\/repliquemangacine.fr\\\/de\\\/kolser-waffe\\\/6-attrappenkugeln-winchester-kolser\\\/#primaryimage\"},\"thumbnailUrl\":\"https:\\\/\\\/repliquemangacine.fr\\\/wp-content\\\/uploads\\\/2022\\\/02\\\/balles-fusil-kolser.jpg\",\"datePublished\":\"2022-02-21T13:17:09+00:00\",\"dateModified\":\"2026-04-15T21:44:42+00:00\",\"description\":\"Pour plus de r\u00e9alisme, commandez vite ! vos Balles Factices Winchester Kolser au meilleur prix - Syst\u00e8me d'amorce pour que \u00e7a p\u00e9tarade - Tout en m\u00e9tal\",\"breadcrumb\":{\"@id\":\"https:\\\/\\\/repliquemangacine.fr\\\/de\\\/kolser-waffe\\\/6-attrappenkugeln-winchester-kolser\\\/#breadcrumb\"},\"inLanguage\":\"es\",\"potentialAction\":[{\"@type\":\"ReadAction\",\"target\":[\"https:\\\/\\\/repliquemangacine.fr\\\/de\\\/kolser-waffe\\\/6-attrappenkugeln-winchester-kolser\\\/\"]}]},{\"@type\":\"ImageObject\",\"inLanguage\":\"es\",\"@id\":\"https:\\\/\\\/repliquemangacine.fr\\\/de\\\/kolser-waffe\\\/6-attrappenkugeln-winchester-kolser\\\/#primaryimage\",\"url\":\"https:\\\/\\\/repliquemangacine.fr\\\/wp-content\\\/uploads\\\/2022\\\/02\\\/balles-fusil-kolser.jpg\",\"contentUrl\":\"https:\\\/\\\/repliquemangacine.fr\\\/wp-content\\\/uploads\\\/2022\\\/02\\\/balles-fusil-kolser.jpg\",\"width\":800,\"height\":800,\"caption\":\"Balles Factices Winchester Kolser\"},{\"@type\":\"BreadcrumbList\",\"@id\":\"https:\\\/\\\/repliquemangacine.fr\\\/de\\\/kolser-waffe\\\/6-attrappenkugeln-winchester-kolser\\\/#breadcrumb\",\"itemListElement\":[{\"@type\":\"ListItem\",\"position\":1,\"name\":\"Accueil\",\"item\":\"https:\\\/\\\/repliquemangacine.fr\\\/\"},{\"@type\":\"ListItem\",\"position\":2,\"name\":\"Produits\",\"item\":\"https:\\\/\\\/repliquemangacine.fr\\\/boutique\\\/\"},{\"@type\":\"ListItem\",\"position\":3,\"name\":\"Balles Factices Winchester Kolser\"}]},{\"@type\":\"WebSite\",\"@id\":\"https:\\\/\\\/repliquemangacine.fr\\\/#website\",\"url\":\"https:\\\/\\\/repliquemangacine.fr\\\/\",\"name\":\"R\u00e9plique Manga Cin\u00e9\",\"description\":\"\",\"publisher\":{\"@id\":\"https:\\\/\\\/repliquemangacine.fr\\\/#organization\"},\"potentialAction\":[{\"@type\":\"SearchAction\",\"target\":{\"@type\":\"EntryPoint\",\"urlTemplate\":\"https:\\\/\\\/repliquemangacine.fr\\\/?s={search_term_string}\"},\"query-input\":{\"@type\":\"PropertyValueSpecification\",\"valueRequired\":true,\"valueName\":\"search_term_string\"}}],\"inLanguage\":\"es\"},{\"@type\":\"Organization\",\"@id\":\"https:\\\/\\\/repliquemangacine.fr\\\/#organization\",\"name\":\"R\u00e9plique Manga Cin\u00e9\",\"url\":\"https:\\\/\\\/repliquemangacine.fr\\\/\",\"logo\":{\"@type\":\"ImageObject\",\"inLanguage\":\"es\",\"@id\":\"https:\\\/\\\/repliquemangacine.fr\\\/#\\\/schema\\\/logo\\\/image\\\/\",\"url\":\"https:\\\/\\\/repliquemangacine.fr\\\/wp-content\\\/uploads\\\/2023\\\/10\\\/RMC-500250.png\",\"contentUrl\":\"https:\\\/\\\/repliquemangacine.fr\\\/wp-content\\\/uploads\\\/2023\\\/10\\\/RMC-500250.png\",\"width\":500,\"height\":250,\"caption\":\"R\u00e9plique Manga Cin\u00e9\"},\"image\":{\"@id\":\"https:\\\/\\\/repliquemangacine.fr\\\/#\\\/schema\\\/logo\\\/image\\\/\"},\"sameAs\":[\"https:\\\/\\\/www.facebook.com\\\/RepliqueMangaCine\",\"https:\\\/\\\/www.instagram.com\\\/repliquemangacine.fr\\\/\"]}]}<\/script>\n<!-- \/ Yoast SEO plugin. -->","yoast_head_json":{"title":"Balas de prueba Winchester Kolser - R\u00e9plique Manga Cin\u00e9","description":"Para m\u00e1s realismo, pida su Winchester Kolser dummy bullets al mejor precio - Sistema de disparo para hacerlo estallar - Completamente met\u00e1lico","robots":{"index":"index","follow":"follow","max-snippet":"max-snippet:-1","max-image-preview":"max-image-preview:large","max-video-preview":"max-video-preview:-1"},"canonical":"https:\/\/repliquemangacine.fr\/es\/pistola-kolser\/6-balas-falsas-winchester-kolser\/","og_locale":"es_ES","og_type":"article","og_title":"Balles Factices Winchester Kolser - R\u00e9plique Manga Cin\u00e9","og_description":"Pour plus de r\u00e9alisme, commandez vite ! vos Balles Factices Winchester Kolser au meilleur prix - Syst\u00e8me d'amorce pour que \u00e7a p\u00e9tarade - Tout en m\u00e9tal","og_url":"https:\/\/repliquemangacine.fr\/es\/pistola-kolser\/6-balas-falsas-winchester-kolser\/","og_site_name":"R\u00e9plique Manga Cin\u00e9","article_publisher":"https:\/\/www.facebook.com\/RepliqueMangaCine","article_modified_time":"2026-04-15T21:44:42+00:00","og_image":[{"width":800,"height":800,"url":"https:\/\/repliquemangacine.fr\/wp-content\/uploads\/2022\/02\/balles-fusil-kolser.jpg","type":"image\/jpeg"}],"twitter_card":"summary_large_image","twitter_misc":{"Tiempo de lectura":"2 minutos"},"schema":{"@context":"https:\/\/schema.org","@graph":[{"@type":"WebPage","@id":"https:\/\/repliquemangacine.fr\/de\/kolser-waffe\/6-attrappenkugeln-winchester-kolser\/","url":"https:\/\/repliquemangacine.fr\/de\/kolser-waffe\/6-attrappenkugeln-winchester-kolser\/","name":"Balas de prueba Winchester Kolser - R\u00e9plique Manga Cin\u00e9","isPartOf":{"@id":"https:\/\/repliquemangacine.fr\/#website"},"primaryImageOfPage":{"@id":"https:\/\/repliquemangacine.fr\/de\/kolser-waffe\/6-attrappenkugeln-winchester-kolser\/#primaryimage"},"image":{"@id":"https:\/\/repliquemangacine.fr\/de\/kolser-waffe\/6-attrappenkugeln-winchester-kolser\/#primaryimage"},"thumbnailUrl":"https:\/\/repliquemangacine.fr\/wp-content\/uploads\/2022\/02\/balles-fusil-kolser.jpg","datePublished":"2022-02-21T13:17:09+00:00","dateModified":"2026-04-15T21:44:42+00:00","description":"Para m\u00e1s realismo, pida su Winchester Kolser dummy bullets al mejor precio - Sistema de disparo para hacerlo estallar - Completamente met\u00e1lico","breadcrumb":{"@id":"https:\/\/repliquemangacine.fr\/de\/kolser-waffe\/6-attrappenkugeln-winchester-kolser\/#breadcrumb"},"inLanguage":"es","potentialAction":[{"@type":"ReadAction","target":["https:\/\/repliquemangacine.fr\/de\/kolser-waffe\/6-attrappenkugeln-winchester-kolser\/"]}]},{"@type":"ImageObject","inLanguage":"es","@id":"https:\/\/repliquemangacine.fr\/de\/kolser-waffe\/6-attrappenkugeln-winchester-kolser\/#primaryimage","url":"https:\/\/repliquemangacine.fr\/wp-content\/uploads\/2022\/02\/balles-fusil-kolser.jpg","contentUrl":"https:\/\/repliquemangacine.fr\/wp-content\/uploads\/2022\/02\/balles-fusil-kolser.jpg","width":800,"height":800,"caption":"Balles Factices Winchester Kolser"},{"@type":"BreadcrumbList","@id":"https:\/\/repliquemangacine.fr\/de\/kolser-waffe\/6-attrappenkugeln-winchester-kolser\/#breadcrumb","itemListElement":[{"@type":"ListItem","position":1,"name":"Accueil","item":"https:\/\/repliquemangacine.fr\/"},{"@type":"ListItem","position":2,"name":"Produits","item":"https:\/\/repliquemangacine.fr\/boutique\/"},{"@type":"ListItem","position":3,"name":"Balles Factices Winchester Kolser"}]},{"@type":"WebSite","@id":"https:\/\/repliquemangacine.fr\/#website","url":"https:\/\/repliquemangacine.fr\/","name":"R\u00e9plique Manga Cin\u00e9","description":"","publisher":{"@id":"https:\/\/repliquemangacine.fr\/#organization"},"potentialAction":[{"@type":"SearchAction","target":{"@type":"EntryPoint","urlTemplate":"https:\/\/repliquemangacine.fr\/?s={search_term_string}"},"query-input":{"@type":"PropertyValueSpecification","valueRequired":true,"valueName":"search_term_string"}}],"inLanguage":"es"},{"@type":"Organization","@id":"https:\/\/repliquemangacine.fr\/#organization","name":"R\u00e9plique Manga Cin\u00e9","url":"https:\/\/repliquemangacine.fr\/","logo":{"@type":"ImageObject","inLanguage":"es","@id":"https:\/\/repliquemangacine.fr\/#\/schema\/logo\/image\/","url":"https:\/\/repliquemangacine.fr\/wp-content\/uploads\/2023\/10\/RMC-500250.png","contentUrl":"https:\/\/repliquemangacine.fr\/wp-content\/uploads\/2023\/10\/RMC-500250.png","width":500,"height":250,"caption":"R\u00e9plique Manga Cin\u00e9"},"image":{"@id":"https:\/\/repliquemangacine.fr\/#\/schema\/logo\/image\/"},"sameAs":["https:\/\/www.facebook.com\/RepliqueMangaCine","https:\/\/www.instagram.com\/repliquemangacine.fr\/"]}]}},"_links":{"self":[{"href":"https:\/\/repliquemangacine.fr\/es\/wp-json\/wp\/v2\/product\/48405","targetHints":{"allow":["GET"]}}],"collection":[{"href":"https:\/\/repliquemangacine.fr\/es\/wp-json\/wp\/v2\/product"}],"about":[{"href":"https:\/\/repliquemangacine.fr\/es\/wp-json\/wp\/v2\/types\/product"}],"wp:featuredmedia":[{"embeddable":true,"href":"https:\/\/repliquemangacine.fr\/es\/wp-json\/wp\/v2\/media\/85565"}],"wp:attachment":[{"href":"https:\/\/repliquemangacine.fr\/es\/wp-json\/wp\/v2\/media?parent=48405"}],"wp:term":[{"taxonomy":"product_brand","embeddable":true,"href":"https:\/\/repliquemangacine.fr\/es\/wp-json\/wp\/v2\/product_brand?post=48405"},{"taxonomy":"product_cat","embeddable":true,"href":"https:\/\/repliquemangacine.fr\/es\/wp-json\/wp\/v2\/product_cat?post=48405"},{"taxonomy":"product_tag","embeddable":true,"href":"https:\/\/repliquemangacine.fr\/es\/wp-json\/wp\/v2\/product_tag?post=48405"}],"curies":[{"name":"wp","href":"https:\/\/api.w.org\/{rel}","templated":true}]}}