





{"id":48396,"date":"2022-02-21T12:45:28","date_gmt":"2022-02-21T11:45:28","guid":{"rendered":"https:\/\/repliquemangacine.fr\/?post_type=product&#038;p=48396"},"modified":"2026-02-02T15:19:09","modified_gmt":"2026-02-02T14:19:09","slug":"funda-de-cuero-para-pistola-kolser","status":"publish","type":"product","link":"https:\/\/repliquemangacine.fr\/es\/holster-accessoires-western\/holster-cuir-ceinturon-pour-pistolet-kolser\/","title":{"rendered":"Funda de cuero Kolser"},"content":{"rendered":"<h2>Funda de cuero Kolser<\/h2>\n<p>Para empezar, el<strong>Funda de cuero <a href=\"https:\/\/kolser.com\/\" target=\"_blank\" rel=\"noopener noreferrer\">Kolser<\/a><\/strong> permite a su portador tener siempre su arma a mano y sacarla con bastante rapidez. Popularizado en las pel\u00edculas del oeste y en famosas escenas de duelos. La extracci\u00f3n de la pistola en algunas pel\u00edculas es bastante espectacular y se pueden ver proezas t\u00e9cnicas para volver a guardarla.<\/p>\n<p>Este cintur\u00f3n de una plaza de la marca Kolser, fabricado en cuero aut\u00e9ntico, servir\u00e1 para sujetar su r\u00e9plica de pistola y dar a sus atuendos, recreaciones hist\u00f3ricas, colecciones, accesorios cinematogr\u00e1ficos, trajes western... el aspecto m\u00e1s aut\u00e9ntico. Se entrega con 14 balas de fogueo para Colt 45, para una mayor autenticidad.<\/p>\n<p>Gracias a este accesorio para rev\u00f3lver o pistola. Revive escenas m\u00edticas del cine, realza tus atuendos western, embellece tu colecci\u00f3n. Sobrio y elegante, este cintur\u00f3n y sus balas de juguete cumplen todas sus promesas.<\/p>\n<h2>Tus accesorios del Oeste al mejor precio.<\/h2>\n<p>Le ofrecemos una amplia selecci\u00f3n de peque\u00f1os accesorios western para completar su disfraz.<\/p>\n<p>Lo primero y m\u00e1s importante,<\/p>\n<ul>\n<li>Necesita nuestro <a href=\"https:\/\/repliquemangacine.fr\/es\/pistola-kolser\/replique-colt-45-4-75-pouces-1873-kolser\/\">juego colt 45 4.75 pulgadas 1873 kolser<\/a> para pon\u00e9rtelo en el cintur\u00f3n.<\/li>\n<li>As\u00ed como el <a href=\"https:\/\/repliquemangacine.fr\/es\/pistola-kolser\/coffret-colt-45-saa-31cm-poli-1873-kolser\/\">estuche Colt 45 SAA 31cm pulido 1873<\/a> pulido a mano.<\/li>\n<li>Tambi\u00e9n hay balas de prueba para llenar su funda y conseguir la ilusi\u00f3n perfecta.<\/li>\n<li>Y muchos m\u00e1s por descubrir en nuestra tienda en l\u00ednea.<\/li>\n<\/ul>\n<p>Por eso, esta es una magn\u00edfica idea de regalo para todos los amantes del western.<\/p>\n<p>En conclusi\u00f3n, puede utilizar esta funda de cuero Kolser para sus representaciones de western country o sus fiestas tem\u00e1ticas.<\/p>\n<p>R\u00e9plique Manga Cin\u00e9, distribuidor franc\u00e9s de la marca Kolser en Francia.<\/p>","protected":false},"excerpt":{"rendered":"<p>Funda de 1 plaza de gran calidad<\/p>\n<ul>\n<li>Todo en piel aut\u00e9ntica y flexible.<\/li>\n<li>Totalmente fabricado y remachado a mano.<\/li>\n<li>Hebilla de acero envejecido.<\/li>\n<li>Cinta de cartuchos.<\/li>\n<li>Correa de sujeci\u00f3n al muslo.<\/li>\n<li>Se suministra con balas ficticias especiales Kolser.<\/li>\n<li>Longitud total desde el \u00faltimo orificio hasta la hebilla: 113 cm<\/li>\n<\/ul>","protected":false},"featured_media":48397,"template":"","meta":[],"product_brand":[896],"product_cat":[100,45,90,27],"product_tag":[],"class_list":{"0":"post-48396","1":"product","2":"type-product","3":"status-publish","4":"has-post-thumbnail","6":"product_brand-replique-manga-cine","7":"product_cat-arme-kolser","8":"product_cat-holster-western-ceinturon","9":"product_cat-holster-accessoires-western","10":"product_cat-armes-et-accessoires-western","12":"first","13":"outofstock","14":"taxable","15":"shipping-taxable","16":"purchasable","17":"product-type-simple"},"yoast_head":"<!-- This site is optimized with the Yoast SEO plugin v27.4 - https:\/\/yoast.com\/product\/yoast-seo-wordpress\/ -->\n<title>Holster cuir Kolser - Ceinturon western - R\u00e9plique Manga Cin\u00e9<\/title>\n<meta name=\"description\" content=\"Soyez pr\u00eat pour votre duel avec ce superbe Holster cuir Kolser au meilleur prix - En cuir v\u00e9ritable souple - Livr\u00e9e avec ses 14 balles factices - 113 cm\" \/>\n<meta name=\"robots\" content=\"index, follow, max-snippet:-1, max-image-preview:large, max-video-preview:-1\" \/>\n<link rel=\"canonical\" href=\"https:\/\/repliquemangacine.fr\/es\/pistola-kolser\/funda-de-cuero-para-pistola-kolser\/\" \/>\n<meta property=\"og:locale\" content=\"es_ES\" \/>\n<meta property=\"og:type\" content=\"article\" \/>\n<meta property=\"og:title\" content=\"Holster cuir Kolser - Ceinturon western - R\u00e9plique Manga Cin\u00e9\" \/>\n<meta property=\"og:description\" content=\"Soyez pr\u00eat pour votre duel avec ce superbe Holster cuir Kolser au meilleur prix - En cuir v\u00e9ritable souple - Livr\u00e9e avec ses 14 balles factices - 113 cm\" \/>\n<meta property=\"og:url\" content=\"https:\/\/repliquemangacine.fr\/es\/pistola-kolser\/funda-de-cuero-para-pistola-kolser\/\" \/>\n<meta property=\"og:site_name\" content=\"R\u00e9plique Manga Cin\u00e9\" \/>\n<meta property=\"article:publisher\" content=\"https:\/\/www.facebook.com\/RepliqueMangaCine\" \/>\n<meta property=\"article:modified_time\" content=\"2026-02-02T14:19:09+00:00\" \/>\n<meta property=\"og:image\" content=\"https:\/\/repliquemangacine.fr\/wp-content\/uploads\/2023\/10\/65548213-A847-4479-B41D-13476B498689.png\" \/>\n\t<meta property=\"og:image:width\" content=\"500\" \/>\n\t<meta property=\"og:image:height\" content=\"500\" \/>\n\t<meta property=\"og:image:type\" content=\"image\/png\" \/>\n<meta name=\"twitter:card\" content=\"summary_large_image\" \/>\n<meta name=\"twitter:label1\" content=\"Tiempo de lectura\" \/>\n\t<meta name=\"twitter:data1\" content=\"1 minuto\" \/>\n<script type=\"application\/ld+json\" class=\"yoast-schema-graph\">{\"@context\":\"https:\\\/\\\/schema.org\",\"@graph\":[{\"@type\":\"WebPage\",\"@id\":\"https:\\\/\\\/repliquemangacine.fr\\\/arme-kolser\\\/holster-cuir-ceinturon-pour-pistolet-kolser\\\/\",\"url\":\"https:\\\/\\\/repliquemangacine.fr\\\/arme-kolser\\\/holster-cuir-ceinturon-pour-pistolet-kolser\\\/\",\"name\":\"Holster cuir Kolser - Ceinturon western - R\u00e9plique Manga Cin\u00e9\",\"isPartOf\":{\"@id\":\"https:\\\/\\\/repliquemangacine.fr\\\/#website\"},\"primaryImageOfPage\":{\"@id\":\"https:\\\/\\\/repliquemangacine.fr\\\/arme-kolser\\\/holster-cuir-ceinturon-pour-pistolet-kolser\\\/#primaryimage\"},\"image\":{\"@id\":\"https:\\\/\\\/repliquemangacine.fr\\\/arme-kolser\\\/holster-cuir-ceinturon-pour-pistolet-kolser\\\/#primaryimage\"},\"thumbnailUrl\":\"https:\\\/\\\/repliquemangacine.fr\\\/wp-content\\\/uploads\\\/2023\\\/10\\\/65548213-A847-4479-B41D-13476B498689.png\",\"datePublished\":\"2022-02-21T11:45:28+00:00\",\"dateModified\":\"2026-02-02T14:19:09+00:00\",\"description\":\"Soyez pr\u00eat pour votre duel avec ce superbe Holster cuir Kolser au meilleur prix - En cuir v\u00e9ritable souple - Livr\u00e9e avec ses 14 balles factices - 113 cm\",\"breadcrumb\":{\"@id\":\"https:\\\/\\\/repliquemangacine.fr\\\/arme-kolser\\\/holster-cuir-ceinturon-pour-pistolet-kolser\\\/#breadcrumb\"},\"inLanguage\":\"es\",\"potentialAction\":[{\"@type\":\"ReadAction\",\"target\":[\"https:\\\/\\\/repliquemangacine.fr\\\/arme-kolser\\\/holster-cuir-ceinturon-pour-pistolet-kolser\\\/\"]}]},{\"@type\":\"ImageObject\",\"inLanguage\":\"es\",\"@id\":\"https:\\\/\\\/repliquemangacine.fr\\\/arme-kolser\\\/holster-cuir-ceinturon-pour-pistolet-kolser\\\/#primaryimage\",\"url\":\"https:\\\/\\\/repliquemangacine.fr\\\/wp-content\\\/uploads\\\/2023\\\/10\\\/65548213-A847-4479-B41D-13476B498689.png\",\"contentUrl\":\"https:\\\/\\\/repliquemangacine.fr\\\/wp-content\\\/uploads\\\/2023\\\/10\\\/65548213-A847-4479-B41D-13476B498689.png\",\"width\":500,\"height\":500,\"caption\":\"Holster kolser\"},{\"@type\":\"BreadcrumbList\",\"@id\":\"https:\\\/\\\/repliquemangacine.fr\\\/arme-kolser\\\/holster-cuir-ceinturon-pour-pistolet-kolser\\\/#breadcrumb\",\"itemListElement\":[{\"@type\":\"ListItem\",\"position\":1,\"name\":\"Accueil\",\"item\":\"https:\\\/\\\/repliquemangacine.fr\\\/\"},{\"@type\":\"ListItem\",\"position\":2,\"name\":\"Produits\",\"item\":\"https:\\\/\\\/repliquemangacine.fr\\\/boutique\\\/\"},{\"@type\":\"ListItem\",\"position\":3,\"name\":\"Holster cuir Kolser\"}]},{\"@type\":\"WebSite\",\"@id\":\"https:\\\/\\\/repliquemangacine.fr\\\/#website\",\"url\":\"https:\\\/\\\/repliquemangacine.fr\\\/\",\"name\":\"R\u00e9plique Manga Cin\u00e9\",\"description\":\"\",\"publisher\":{\"@id\":\"https:\\\/\\\/repliquemangacine.fr\\\/#organization\"},\"potentialAction\":[{\"@type\":\"SearchAction\",\"target\":{\"@type\":\"EntryPoint\",\"urlTemplate\":\"https:\\\/\\\/repliquemangacine.fr\\\/?s={search_term_string}\"},\"query-input\":{\"@type\":\"PropertyValueSpecification\",\"valueRequired\":true,\"valueName\":\"search_term_string\"}}],\"inLanguage\":\"es\"},{\"@type\":\"Organization\",\"@id\":\"https:\\\/\\\/repliquemangacine.fr\\\/#organization\",\"name\":\"R\u00e9plique Manga Cin\u00e9\",\"url\":\"https:\\\/\\\/repliquemangacine.fr\\\/\",\"logo\":{\"@type\":\"ImageObject\",\"inLanguage\":\"es\",\"@id\":\"https:\\\/\\\/repliquemangacine.fr\\\/#\\\/schema\\\/logo\\\/image\\\/\",\"url\":\"https:\\\/\\\/repliquemangacine.fr\\\/wp-content\\\/uploads\\\/2023\\\/10\\\/RMC-500250.png\",\"contentUrl\":\"https:\\\/\\\/repliquemangacine.fr\\\/wp-content\\\/uploads\\\/2023\\\/10\\\/RMC-500250.png\",\"width\":500,\"height\":250,\"caption\":\"R\u00e9plique Manga Cin\u00e9\"},\"image\":{\"@id\":\"https:\\\/\\\/repliquemangacine.fr\\\/#\\\/schema\\\/logo\\\/image\\\/\"},\"sameAs\":[\"https:\\\/\\\/www.facebook.com\\\/RepliqueMangaCine\",\"https:\\\/\\\/www.instagram.com\\\/repliquemangacine.fr\\\/\"]}]}<\/script>\n<!-- \/ Yoast SEO plugin. -->","yoast_head_json":{"title":"Funda de cuero Kolser - Cintur\u00f3n Western - R\u00e9plique Manga Cin\u00e9","description":"Prep\u00e1rese para su duelo con esta magn\u00edfica funda de cuero Kolser al mejor precio - En suave cuero genuino - Viene con 14 balas de prueba - 113 cm","robots":{"index":"index","follow":"follow","max-snippet":"max-snippet:-1","max-image-preview":"max-image-preview:large","max-video-preview":"max-video-preview:-1"},"canonical":"https:\/\/repliquemangacine.fr\/es\/pistola-kolser\/funda-de-cuero-para-pistola-kolser\/","og_locale":"es_ES","og_type":"article","og_title":"Holster cuir Kolser - Ceinturon western - R\u00e9plique Manga Cin\u00e9","og_description":"Soyez pr\u00eat pour votre duel avec ce superbe Holster cuir Kolser au meilleur prix - En cuir v\u00e9ritable souple - Livr\u00e9e avec ses 14 balles factices - 113 cm","og_url":"https:\/\/repliquemangacine.fr\/es\/pistola-kolser\/funda-de-cuero-para-pistola-kolser\/","og_site_name":"R\u00e9plique Manga Cin\u00e9","article_publisher":"https:\/\/www.facebook.com\/RepliqueMangaCine","article_modified_time":"2026-02-02T14:19:09+00:00","og_image":[{"width":500,"height":500,"url":"https:\/\/repliquemangacine.fr\/wp-content\/uploads\/2023\/10\/65548213-A847-4479-B41D-13476B498689.png","type":"image\/png"}],"twitter_card":"summary_large_image","twitter_misc":{"Tiempo de lectura":"1 minuto"},"schema":{"@context":"https:\/\/schema.org","@graph":[{"@type":"WebPage","@id":"https:\/\/repliquemangacine.fr\/arme-kolser\/holster-cuir-ceinturon-pour-pistolet-kolser\/","url":"https:\/\/repliquemangacine.fr\/arme-kolser\/holster-cuir-ceinturon-pour-pistolet-kolser\/","name":"Funda de cuero Kolser - Cintur\u00f3n Western - R\u00e9plique Manga Cin\u00e9","isPartOf":{"@id":"https:\/\/repliquemangacine.fr\/#website"},"primaryImageOfPage":{"@id":"https:\/\/repliquemangacine.fr\/arme-kolser\/holster-cuir-ceinturon-pour-pistolet-kolser\/#primaryimage"},"image":{"@id":"https:\/\/repliquemangacine.fr\/arme-kolser\/holster-cuir-ceinturon-pour-pistolet-kolser\/#primaryimage"},"thumbnailUrl":"https:\/\/repliquemangacine.fr\/wp-content\/uploads\/2023\/10\/65548213-A847-4479-B41D-13476B498689.png","datePublished":"2022-02-21T11:45:28+00:00","dateModified":"2026-02-02T14:19:09+00:00","description":"Prep\u00e1rese para su duelo con esta magn\u00edfica funda de cuero Kolser al mejor precio - En suave cuero genuino - Viene con 14 balas de prueba - 113 cm","breadcrumb":{"@id":"https:\/\/repliquemangacine.fr\/arme-kolser\/holster-cuir-ceinturon-pour-pistolet-kolser\/#breadcrumb"},"inLanguage":"es","potentialAction":[{"@type":"ReadAction","target":["https:\/\/repliquemangacine.fr\/arme-kolser\/holster-cuir-ceinturon-pour-pistolet-kolser\/"]}]},{"@type":"ImageObject","inLanguage":"es","@id":"https:\/\/repliquemangacine.fr\/arme-kolser\/holster-cuir-ceinturon-pour-pistolet-kolser\/#primaryimage","url":"https:\/\/repliquemangacine.fr\/wp-content\/uploads\/2023\/10\/65548213-A847-4479-B41D-13476B498689.png","contentUrl":"https:\/\/repliquemangacine.fr\/wp-content\/uploads\/2023\/10\/65548213-A847-4479-B41D-13476B498689.png","width":500,"height":500,"caption":"Holster kolser"},{"@type":"BreadcrumbList","@id":"https:\/\/repliquemangacine.fr\/arme-kolser\/holster-cuir-ceinturon-pour-pistolet-kolser\/#breadcrumb","itemListElement":[{"@type":"ListItem","position":1,"name":"Accueil","item":"https:\/\/repliquemangacine.fr\/"},{"@type":"ListItem","position":2,"name":"Produits","item":"https:\/\/repliquemangacine.fr\/boutique\/"},{"@type":"ListItem","position":3,"name":"Holster cuir Kolser"}]},{"@type":"WebSite","@id":"https:\/\/repliquemangacine.fr\/#website","url":"https:\/\/repliquemangacine.fr\/","name":"R\u00e9plique Manga Cin\u00e9","description":"","publisher":{"@id":"https:\/\/repliquemangacine.fr\/#organization"},"potentialAction":[{"@type":"SearchAction","target":{"@type":"EntryPoint","urlTemplate":"https:\/\/repliquemangacine.fr\/?s={search_term_string}"},"query-input":{"@type":"PropertyValueSpecification","valueRequired":true,"valueName":"search_term_string"}}],"inLanguage":"es"},{"@type":"Organization","@id":"https:\/\/repliquemangacine.fr\/#organization","name":"R\u00e9plique Manga Cin\u00e9","url":"https:\/\/repliquemangacine.fr\/","logo":{"@type":"ImageObject","inLanguage":"es","@id":"https:\/\/repliquemangacine.fr\/#\/schema\/logo\/image\/","url":"https:\/\/repliquemangacine.fr\/wp-content\/uploads\/2023\/10\/RMC-500250.png","contentUrl":"https:\/\/repliquemangacine.fr\/wp-content\/uploads\/2023\/10\/RMC-500250.png","width":500,"height":250,"caption":"R\u00e9plique Manga Cin\u00e9"},"image":{"@id":"https:\/\/repliquemangacine.fr\/#\/schema\/logo\/image\/"},"sameAs":["https:\/\/www.facebook.com\/RepliqueMangaCine","https:\/\/www.instagram.com\/repliquemangacine.fr\/"]}]}},"_links":{"self":[{"href":"https:\/\/repliquemangacine.fr\/es\/wp-json\/wp\/v2\/product\/48396","targetHints":{"allow":["GET"]}}],"collection":[{"href":"https:\/\/repliquemangacine.fr\/es\/wp-json\/wp\/v2\/product"}],"about":[{"href":"https:\/\/repliquemangacine.fr\/es\/wp-json\/wp\/v2\/types\/product"}],"wp:featuredmedia":[{"embeddable":true,"href":"https:\/\/repliquemangacine.fr\/es\/wp-json\/wp\/v2\/media\/48397"}],"wp:attachment":[{"href":"https:\/\/repliquemangacine.fr\/es\/wp-json\/wp\/v2\/media?parent=48396"}],"wp:term":[{"taxonomy":"product_brand","embeddable":true,"href":"https:\/\/repliquemangacine.fr\/es\/wp-json\/wp\/v2\/product_brand?post=48396"},{"taxonomy":"product_cat","embeddable":true,"href":"https:\/\/repliquemangacine.fr\/es\/wp-json\/wp\/v2\/product_cat?post=48396"},{"taxonomy":"product_tag","embeddable":true,"href":"https:\/\/repliquemangacine.fr\/es\/wp-json\/wp\/v2\/product_tag?post=48396"}],"curies":[{"name":"wp","href":"https:\/\/api.w.org\/{rel}","templated":true}]}}