





{"id":48293,"date":"2022-02-16T15:17:28","date_gmt":"2022-02-16T14:17:28","guid":{"rendered":"https:\/\/repliquemangacine.fr\/?post_type=product&#038;p=48293"},"modified":"2026-04-15T12:17:02","modified_gmt":"2026-04-15T10:17:02","slug":"fushigiri-blade-of-death-sekiro-sombras-morir-dos-veces","status":"publish","type":"product","link":"https:\/\/repliquemangacine.fr\/es\/katana-et-epee-de-jeux-video-autre-jeux-video\/fushigiri-lame-de-la-mort-sekiro-shadows-die-twice\/","title":{"rendered":"Fushigiri Mortal Blade -Sekiro Las sombras mueren dos veces"},"content":{"rendered":"<h2>Death Blade Sekiro: Las sombras mueren dos veces<\/h2>\n<p>Para empezar, el <strong>Hoja de la Muerte Sekiro<\/strong> Se llama Fushigiri Mortal Blade, y su hoja carmes\u00ed matar\u00e1 a cualquiera que se atreva a desenvainarla. Sin el poder de la Resurrecci\u00f3n, ser\u00eda imposible manejar esta arma, que permite derrotar incluso a los seres infestados. Oculta durante mucho tiempo en el templo Senpou, la espada lleva por nombre \u201cGracious Gift of Tears\u201d.<\/p>\n<p>La espada mortal, tambi\u00e9n conocida como <a href=\"https:\/\/sekiroshadowsdietwice.wiki.fextralife.com\/Mortal+Blade\" target=\"_blank\" rel=\"noopener noreferrer\">Fushigiri<\/a> \u201cPara cortar la inmortalidad\u201d es un elemento clave de Sekiro: Shadows Die Twice. Conocida como una Odachi capaz de matar a los inmortales, es una espada gemela de la Black Mortal Blade \u201cKaimon\u201d.<\/p>\n<p>Lobo, apodado Sekiro (lobo manco) por Isshin Ashina, acepta ayudar a Kuro a encontrar los tres objetos necesarios para el ritual. As\u00ed como una espada capaz de matar a los seres inmortales, la Espada de la Muerte.<\/p>\n<h2>Tu Sekiro Death Blade al mejor precio.<\/h2>\n<p>Te ofrecemos una amplia selecci\u00f3n de katanas, espadas y sables inspirados en videojuegos a precios econ\u00f3micos.<\/p>\n<p>En primer lugar, encontrar\u00e1 :<\/p>\n<ul>\n<li>La fant\u00e1stica r\u00e9plica de la legendaria espada de Arthas la \" <a href=\"https:\/\/repliquemangacine.fr\/es\/mundo-de-warcraft\/frostmourne-deuillegivre-espada-espada-del-rey-lich\/\">Frostmourne<\/a>en World of Warcraft\".<\/li>\n<li>Luego est\u00e1n las espadas de Overwatch, la <a href=\"https:\/\/repliquemangacine.fr\/es\/otros-videojuegos\/overwatch-katana-de-genji-lame-de-dragon\/\">Katana Genji<\/a>hoja de drag\u00f3n.<\/li>\n<li>Tambi\u00e9n existe la<a href=\"https:\/\/repliquemangacine.fr\/es\/otros-videojuegos\/mariposa-dota-2-espada\/\">Espada mariposa<\/a> (Mariposa) en Dota 2.<\/li>\n<li>Y muchos m\u00e1s por descubrir en nuestra tienda en l\u00ednea.<\/li>\n<\/ul>\n<p>Por eso, \u00a1aqu\u00ed tienes unas ideas fant\u00e1sticas para regalar a los aficionados a los videojuegos!<\/p>\n<p>En conclusi\u00f3n, tambi\u00e9n puede utilizar este <strong>Hoja de la Muerte Sekiro<\/strong> para tus desfiles de cosplay. Pero, sobre todo, la espada Fushigiri es tambi\u00e9n una pieza de coleccionista y una pieza decorativa.<\/p>\n<h2>\u00bfC\u00f3mo mantengo la hoja de mi katana Mortal Blade?<\/h2>\n<p>Las katanas de colecci\u00f3n y decorativas se fabrican y ensamblan de forma simplificada. Como su uso es decorativo, no cuentan con los elementos de seguridad exigidos a una espada japonesa destinada al entrenamiento.<\/p>\n<p>Sin embargo, tu katana <strong>Hoja de la Muerte Sekiro<\/strong> a una hoja de acero que hay que cuidar para evitar que se estropee con el tiempo. Cuando exponga su katana, sus amigos sentir\u00e1n curiosidad por ver la hoja y tocarla. Aqu\u00ed es donde hay que tener cuidado, ya que la acidez de los dedos es muy perjudicial para el acero, sea cual sea su calidad.<\/p>\n<p>Sin embargo, si esto ocurre, no te asustes, todo lo que necesitas es un pa\u00f1o humedecido con un poco de aceite y limpiar las huellas dactilares. Si haces esto, tu espada durar\u00e1 mucho tiempo.<\/p>\n<p><strong>\u00a0<\/strong><\/p>","protected":false},"excerpt":{"rendered":"<p>Katana Fushigiri, Mortal Blade en el videojuego sekiro: las sombras mueren dos veces.<\/p>\n<ul>\n<li>Hoja de acero al carbono de alta calidad.<\/li>\n<li>Empu\u00f1adura y pomo de acero.<\/li>\n<li>Vaina lacada marr\u00f3n.<\/li>\n<li>Longitud hoja: 68cm - Longitud total: 103cm - Peso: 1040 grs.<\/li>\n<\/ul>\n<p>&nbsp;<\/p>","protected":false},"featured_media":48294,"template":"","meta":[],"product_brand":[896],"product_cat":[23,67,101],"product_tag":[],"class_list":{"0":"post-48293","1":"product","2":"type-product","3":"status-publish","4":"has-post-thumbnail","6":"product_brand-replique-manga-cine","7":"product_cat-repliques-manga-jeux-video","8":"product_cat-katana-et-epee-de-jeux-video-autre-jeux-video","9":"product_cat-soldes","11":"first","12":"instock","13":"sale","14":"taxable","15":"shipping-taxable","16":"purchasable","17":"product-type-simple"},"yoast_head":"<!-- This site is optimized with the Yoast SEO plugin v27.5 - https:\/\/yoast.com\/product\/yoast-seo-wordpress\/ -->\n<title>Lame de la Mort Sekiro - Katana Fushigiri Mortal Blade - RMC<\/title>\n<meta name=\"description\" content=\"Achetez vite ! Votre Lame de la Mort Sekiro au meilleur prix - Fushigiri \u00e0 une Lame en acier - Fourreau laqu\u00e9 - Longueur : 103 cm - Envoi 24\/48h\" \/>\n<meta name=\"robots\" content=\"index, follow, max-snippet:-1, max-image-preview:large, max-video-preview:-1\" \/>\n<link rel=\"canonical\" href=\"https:\/\/repliquemangacine.fr\/es\/katana-y-espada-videojuego-otros-videojuegos\/fushigiri-blade-of-death-sekiro-sombras-morir-dos-veces\/\" \/>\n<meta property=\"og:locale\" content=\"es_ES\" \/>\n<meta property=\"og:type\" content=\"article\" \/>\n<meta property=\"og:title\" content=\"Lame de la Mort Sekiro - Katana Fushigiri Mortal Blade - RMC\" \/>\n<meta property=\"og:description\" content=\"Achetez vite ! Votre Lame de la Mort Sekiro au meilleur prix - Fushigiri \u00e0 une Lame en acier - Fourreau laqu\u00e9 - Longueur : 103 cm - Envoi 24\/48h\" \/>\n<meta property=\"og:url\" content=\"https:\/\/repliquemangacine.fr\/es\/katana-y-espada-videojuego-otros-videojuegos\/fushigiri-blade-of-death-sekiro-sombras-morir-dos-veces\/\" \/>\n<meta property=\"og:site_name\" content=\"R\u00e9plique Manga Cin\u00e9\" \/>\n<meta property=\"article:publisher\" content=\"https:\/\/www.facebook.com\/RepliqueMangaCine\" \/>\n<meta property=\"article:modified_time\" content=\"2026-04-15T10:17:02+00:00\" \/>\n<meta property=\"og:image\" content=\"https:\/\/repliquemangacine.fr\/wp-content\/uploads\/2023\/10\/ornamental-katana-zs651bg.jpg\" \/>\n\t<meta property=\"og:image:width\" content=\"800\" \/>\n\t<meta property=\"og:image:height\" content=\"800\" \/>\n\t<meta property=\"og:image:type\" content=\"image\/jpeg\" \/>\n<meta name=\"twitter:card\" content=\"summary_large_image\" \/>\n<meta name=\"twitter:label1\" content=\"Tiempo de lectura\" \/>\n\t<meta name=\"twitter:data1\" content=\"2 minutos\" \/>\n<script type=\"application\/ld+json\" class=\"yoast-schema-graph\">{\"@context\":\"https:\\\/\\\/schema.org\",\"@graph\":[{\"@type\":\"WebPage\",\"@id\":\"https:\\\/\\\/repliquemangacine.fr\\\/katana-et-epee-de-jeux-video-autre-jeux-video\\\/fushigiri-lame-de-la-mort-sekiro-shadows-die-twice\\\/\",\"url\":\"https:\\\/\\\/repliquemangacine.fr\\\/katana-et-epee-de-jeux-video-autre-jeux-video\\\/fushigiri-lame-de-la-mort-sekiro-shadows-die-twice\\\/\",\"name\":\"Lame de la Mort Sekiro - Katana Fushigiri Mortal Blade - RMC\",\"isPartOf\":{\"@id\":\"https:\\\/\\\/repliquemangacine.fr\\\/#website\"},\"primaryImageOfPage\":{\"@id\":\"https:\\\/\\\/repliquemangacine.fr\\\/katana-et-epee-de-jeux-video-autre-jeux-video\\\/fushigiri-lame-de-la-mort-sekiro-shadows-die-twice\\\/#primaryimage\"},\"image\":{\"@id\":\"https:\\\/\\\/repliquemangacine.fr\\\/katana-et-epee-de-jeux-video-autre-jeux-video\\\/fushigiri-lame-de-la-mort-sekiro-shadows-die-twice\\\/#primaryimage\"},\"thumbnailUrl\":\"https:\\\/\\\/repliquemangacine.fr\\\/wp-content\\\/uploads\\\/2023\\\/10\\\/ornamental-katana-zs651bg.jpg\",\"datePublished\":\"2022-02-16T14:17:28+00:00\",\"dateModified\":\"2026-04-15T10:17:02+00:00\",\"description\":\"Achetez vite ! Votre Lame de la Mort Sekiro au meilleur prix - Fushigiri \u00e0 une Lame en acier - Fourreau laqu\u00e9 - Longueur : 103 cm - Envoi 24\\\/48h\",\"breadcrumb\":{\"@id\":\"https:\\\/\\\/repliquemangacine.fr\\\/katana-et-epee-de-jeux-video-autre-jeux-video\\\/fushigiri-lame-de-la-mort-sekiro-shadows-die-twice\\\/#breadcrumb\"},\"inLanguage\":\"es\",\"potentialAction\":[{\"@type\":\"ReadAction\",\"target\":[\"https:\\\/\\\/repliquemangacine.fr\\\/katana-et-epee-de-jeux-video-autre-jeux-video\\\/fushigiri-lame-de-la-mort-sekiro-shadows-die-twice\\\/\"]}]},{\"@type\":\"ImageObject\",\"inLanguage\":\"es\",\"@id\":\"https:\\\/\\\/repliquemangacine.fr\\\/katana-et-epee-de-jeux-video-autre-jeux-video\\\/fushigiri-lame-de-la-mort-sekiro-shadows-die-twice\\\/#primaryimage\",\"url\":\"https:\\\/\\\/repliquemangacine.fr\\\/wp-content\\\/uploads\\\/2023\\\/10\\\/ornamental-katana-zs651bg.jpg\",\"contentUrl\":\"https:\\\/\\\/repliquemangacine.fr\\\/wp-content\\\/uploads\\\/2023\\\/10\\\/ornamental-katana-zs651bg.jpg\",\"width\":800,\"height\":800,\"caption\":\"Lame de la Mort Sekiro\"},{\"@type\":\"BreadcrumbList\",\"@id\":\"https:\\\/\\\/repliquemangacine.fr\\\/katana-et-epee-de-jeux-video-autre-jeux-video\\\/fushigiri-lame-de-la-mort-sekiro-shadows-die-twice\\\/#breadcrumb\",\"itemListElement\":[{\"@type\":\"ListItem\",\"position\":1,\"name\":\"Accueil\",\"item\":\"https:\\\/\\\/repliquemangacine.fr\\\/\"},{\"@type\":\"ListItem\",\"position\":2,\"name\":\"Produits\",\"item\":\"https:\\\/\\\/repliquemangacine.fr\\\/boutique\\\/\"},{\"@type\":\"ListItem\",\"position\":3,\"name\":\"Fushigiri Mortal Blade -Sekiro Shadows Die Twice\"}]},{\"@type\":\"WebSite\",\"@id\":\"https:\\\/\\\/repliquemangacine.fr\\\/#website\",\"url\":\"https:\\\/\\\/repliquemangacine.fr\\\/\",\"name\":\"R\u00e9plique Manga Cin\u00e9\",\"description\":\"\",\"publisher\":{\"@id\":\"https:\\\/\\\/repliquemangacine.fr\\\/#organization\"},\"potentialAction\":[{\"@type\":\"SearchAction\",\"target\":{\"@type\":\"EntryPoint\",\"urlTemplate\":\"https:\\\/\\\/repliquemangacine.fr\\\/?s={search_term_string}\"},\"query-input\":{\"@type\":\"PropertyValueSpecification\",\"valueRequired\":true,\"valueName\":\"search_term_string\"}}],\"inLanguage\":\"es\"},{\"@type\":\"Organization\",\"@id\":\"https:\\\/\\\/repliquemangacine.fr\\\/#organization\",\"name\":\"R\u00e9plique Manga Cin\u00e9\",\"url\":\"https:\\\/\\\/repliquemangacine.fr\\\/\",\"logo\":{\"@type\":\"ImageObject\",\"inLanguage\":\"es\",\"@id\":\"https:\\\/\\\/repliquemangacine.fr\\\/#\\\/schema\\\/logo\\\/image\\\/\",\"url\":\"https:\\\/\\\/repliquemangacine.fr\\\/wp-content\\\/uploads\\\/2023\\\/10\\\/RMC-500250.png\",\"contentUrl\":\"https:\\\/\\\/repliquemangacine.fr\\\/wp-content\\\/uploads\\\/2023\\\/10\\\/RMC-500250.png\",\"width\":500,\"height\":250,\"caption\":\"R\u00e9plique Manga Cin\u00e9\"},\"image\":{\"@id\":\"https:\\\/\\\/repliquemangacine.fr\\\/#\\\/schema\\\/logo\\\/image\\\/\"},\"sameAs\":[\"https:\\\/\\\/www.facebook.com\\\/RepliqueMangaCine\",\"https:\\\/\\\/www.instagram.com\\\/repliquemangacine.fr\\\/\"]}]}<\/script>\n<!-- \/ Yoast SEO plugin. -->","yoast_head_json":{"title":"Sekiro Death Blade - Katana Fushigiri Mortal Blade - RMC","description":"\u00a1Compre ahora ! Tu Sekiro Death Blade al mejor precio - Fushigiri de una hoja de acero - Vaina lacada - Longitud: 103 cm - Envio 24\/48h","robots":{"index":"index","follow":"follow","max-snippet":"max-snippet:-1","max-image-preview":"max-image-preview:large","max-video-preview":"max-video-preview:-1"},"canonical":"https:\/\/repliquemangacine.fr\/es\/katana-y-espada-videojuego-otros-videojuegos\/fushigiri-blade-of-death-sekiro-sombras-morir-dos-veces\/","og_locale":"es_ES","og_type":"article","og_title":"Lame de la Mort Sekiro - Katana Fushigiri Mortal Blade - RMC","og_description":"Achetez vite ! Votre Lame de la Mort Sekiro au meilleur prix - Fushigiri \u00e0 une Lame en acier - Fourreau laqu\u00e9 - Longueur : 103 cm - Envoi 24\/48h","og_url":"https:\/\/repliquemangacine.fr\/es\/katana-y-espada-videojuego-otros-videojuegos\/fushigiri-blade-of-death-sekiro-sombras-morir-dos-veces\/","og_site_name":"R\u00e9plique Manga Cin\u00e9","article_publisher":"https:\/\/www.facebook.com\/RepliqueMangaCine","article_modified_time":"2026-04-15T10:17:02+00:00","og_image":[{"width":800,"height":800,"url":"https:\/\/repliquemangacine.fr\/wp-content\/uploads\/2023\/10\/ornamental-katana-zs651bg.jpg","type":"image\/jpeg"}],"twitter_card":"summary_large_image","twitter_misc":{"Tiempo de lectura":"2 minutos"},"schema":{"@context":"https:\/\/schema.org","@graph":[{"@type":"WebPage","@id":"https:\/\/repliquemangacine.fr\/katana-et-epee-de-jeux-video-autre-jeux-video\/fushigiri-lame-de-la-mort-sekiro-shadows-die-twice\/","url":"https:\/\/repliquemangacine.fr\/katana-et-epee-de-jeux-video-autre-jeux-video\/fushigiri-lame-de-la-mort-sekiro-shadows-die-twice\/","name":"Sekiro Death Blade - Katana Fushigiri Mortal Blade - RMC","isPartOf":{"@id":"https:\/\/repliquemangacine.fr\/#website"},"primaryImageOfPage":{"@id":"https:\/\/repliquemangacine.fr\/katana-et-epee-de-jeux-video-autre-jeux-video\/fushigiri-lame-de-la-mort-sekiro-shadows-die-twice\/#primaryimage"},"image":{"@id":"https:\/\/repliquemangacine.fr\/katana-et-epee-de-jeux-video-autre-jeux-video\/fushigiri-lame-de-la-mort-sekiro-shadows-die-twice\/#primaryimage"},"thumbnailUrl":"https:\/\/repliquemangacine.fr\/wp-content\/uploads\/2023\/10\/ornamental-katana-zs651bg.jpg","datePublished":"2022-02-16T14:17:28+00:00","dateModified":"2026-04-15T10:17:02+00:00","description":"\u00a1Compre ahora ! Tu Sekiro Death Blade al mejor precio - Fushigiri de una hoja de acero - Vaina lacada - Longitud: 103 cm - Envio 24\/48h","breadcrumb":{"@id":"https:\/\/repliquemangacine.fr\/katana-et-epee-de-jeux-video-autre-jeux-video\/fushigiri-lame-de-la-mort-sekiro-shadows-die-twice\/#breadcrumb"},"inLanguage":"es","potentialAction":[{"@type":"ReadAction","target":["https:\/\/repliquemangacine.fr\/katana-et-epee-de-jeux-video-autre-jeux-video\/fushigiri-lame-de-la-mort-sekiro-shadows-die-twice\/"]}]},{"@type":"ImageObject","inLanguage":"es","@id":"https:\/\/repliquemangacine.fr\/katana-et-epee-de-jeux-video-autre-jeux-video\/fushigiri-lame-de-la-mort-sekiro-shadows-die-twice\/#primaryimage","url":"https:\/\/repliquemangacine.fr\/wp-content\/uploads\/2023\/10\/ornamental-katana-zs651bg.jpg","contentUrl":"https:\/\/repliquemangacine.fr\/wp-content\/uploads\/2023\/10\/ornamental-katana-zs651bg.jpg","width":800,"height":800,"caption":"Lame de la Mort Sekiro"},{"@type":"BreadcrumbList","@id":"https:\/\/repliquemangacine.fr\/katana-et-epee-de-jeux-video-autre-jeux-video\/fushigiri-lame-de-la-mort-sekiro-shadows-die-twice\/#breadcrumb","itemListElement":[{"@type":"ListItem","position":1,"name":"Accueil","item":"https:\/\/repliquemangacine.fr\/"},{"@type":"ListItem","position":2,"name":"Produits","item":"https:\/\/repliquemangacine.fr\/boutique\/"},{"@type":"ListItem","position":3,"name":"Fushigiri Mortal Blade -Sekiro Shadows Die Twice"}]},{"@type":"WebSite","@id":"https:\/\/repliquemangacine.fr\/#website","url":"https:\/\/repliquemangacine.fr\/","name":"R\u00e9plique Manga Cin\u00e9","description":"","publisher":{"@id":"https:\/\/repliquemangacine.fr\/#organization"},"potentialAction":[{"@type":"SearchAction","target":{"@type":"EntryPoint","urlTemplate":"https:\/\/repliquemangacine.fr\/?s={search_term_string}"},"query-input":{"@type":"PropertyValueSpecification","valueRequired":true,"valueName":"search_term_string"}}],"inLanguage":"es"},{"@type":"Organization","@id":"https:\/\/repliquemangacine.fr\/#organization","name":"R\u00e9plique Manga Cin\u00e9","url":"https:\/\/repliquemangacine.fr\/","logo":{"@type":"ImageObject","inLanguage":"es","@id":"https:\/\/repliquemangacine.fr\/#\/schema\/logo\/image\/","url":"https:\/\/repliquemangacine.fr\/wp-content\/uploads\/2023\/10\/RMC-500250.png","contentUrl":"https:\/\/repliquemangacine.fr\/wp-content\/uploads\/2023\/10\/RMC-500250.png","width":500,"height":250,"caption":"R\u00e9plique Manga Cin\u00e9"},"image":{"@id":"https:\/\/repliquemangacine.fr\/#\/schema\/logo\/image\/"},"sameAs":["https:\/\/www.facebook.com\/RepliqueMangaCine","https:\/\/www.instagram.com\/repliquemangacine.fr\/"]}]}},"_links":{"self":[{"href":"https:\/\/repliquemangacine.fr\/es\/wp-json\/wp\/v2\/product\/48293","targetHints":{"allow":["GET"]}}],"collection":[{"href":"https:\/\/repliquemangacine.fr\/es\/wp-json\/wp\/v2\/product"}],"about":[{"href":"https:\/\/repliquemangacine.fr\/es\/wp-json\/wp\/v2\/types\/product"}],"wp:featuredmedia":[{"embeddable":true,"href":"https:\/\/repliquemangacine.fr\/es\/wp-json\/wp\/v2\/media\/48294"}],"wp:attachment":[{"href":"https:\/\/repliquemangacine.fr\/es\/wp-json\/wp\/v2\/media?parent=48293"}],"wp:term":[{"taxonomy":"product_brand","embeddable":true,"href":"https:\/\/repliquemangacine.fr\/es\/wp-json\/wp\/v2\/product_brand?post=48293"},{"taxonomy":"product_cat","embeddable":true,"href":"https:\/\/repliquemangacine.fr\/es\/wp-json\/wp\/v2\/product_cat?post=48293"},{"taxonomy":"product_tag","embeddable":true,"href":"https:\/\/repliquemangacine.fr\/es\/wp-json\/wp\/v2\/product_tag?post=48293"}],"curies":[{"name":"wp","href":"https:\/\/api.w.org\/{rel}","templated":true}]}}