





{"id":48282,"date":"2022-02-16T12:26:36","date_gmt":"2022-02-16T11:26:36","guid":{"rendered":"https:\/\/repliquemangacine.fr\/?post_type=product&#038;p=48282"},"modified":"2025-10-25T20:54:36","modified_gmt":"2025-10-25T18:54:36","slug":"daga-decorativa-masonica","status":"publish","type":"product","link":"https:\/\/repliquemangacine.fr\/es\/dagues-medievales\/dague-de-decoration-franc-maconnerie\/","title":{"rendered":"Masoner\u00eda de la daga"},"content":{"rendered":"<h2>Masoner\u00eda de la daga<\/h2>\n<p>Para empezar, la Daga de la Masoner\u00eda, con su lema Virtus Junxit Mors Non Separabit, que significa \u201dLo que la virtud une, la muerte no puede separar\u201d.\u201d<\/p>\n<p>El t\u00e9rmino masoner\u00eda designa un conjunto de espacios sociales selectivos que reclutan a sus miembros por cooptaci\u00f3n y practican ritos inici\u00e1ticos relacionados con un secreto mas\u00f3nico y el arte de construir. Formada por fen\u00f3menos hist\u00f3ricos y sociales muy diversos, parece haber surgido en 1598 en Escocia y luego en Inglaterra en el siglo XVII.<\/p>\n<p>Muchas personalidades han pertenecido a la <a href=\"https:\/\/fr.wikipedia.org\/wiki\/Franc-ma\u00e7onnerie\" target=\"_blank\" rel=\"noopener noreferrer\">masoner\u00eda<\/a>. Entre los m\u00e1s conocidos se encuentran: Voltaire, Goethe, Mozart, George Washington, Roosevelt...<\/p>\n<p>Por otra parte, Benjamin Franklin y George Washington desempe\u00f1aron un papel fundamental en la Revoluci\u00f3n Americana.<\/p>\n<h2>Su Daga Masoner\u00eda al mejor precio.<\/h2>\n<p>Le ofrecemos una amplia selecci\u00f3n de dagas hist\u00f3ricas.<\/p>\n<p>Lo primero y m\u00e1s importante,<\/p>\n<ul>\n<li>La <a href=\"https:\/\/repliquemangacine.fr\/es\/daga-medieval\/daga-decorativa-templaria\/\">Daga templaria<\/a> con su pomo en forma de casco.<\/li>\n<li>As\u00ed como la l\u00ednea de <a href=\"https:\/\/repliquemangacine.fr\/es\/reproducciones-medievales\/dague-poignard-romain\/\">Daga romana<\/a> en acero inoxidable.<\/li>\n<li>Tambi\u00e9n est\u00e1 este magn\u00edfico <a href=\"https:\/\/repliquemangacine.fr\/es\/daga-medieval\/coffret-mini-sabre-cavalerie-usa\/\">daga de sable<\/a> en su estuche de madera.<\/li>\n<li>Y muchos m\u00e1s por descubrir en nuestra tienda en l\u00ednea.<\/li>\n<\/ul>\n<p>Por eso, es una idea estupenda para regalar a todos los apasionados de la historia.<\/p>\n<p>En conclusi\u00f3n, puede utilizar el <strong>Daga mas\u00f3nica<\/strong> para sus recreaciones hist\u00f3ricas o sus fiestas tem\u00e1ticas. Pero, ante todo, es una r\u00e9plica de colecci\u00f3n y decoraci\u00f3n.<\/p>\n<p>R\u00e9plique Manga Cin\u00e9 es una empresa familiar francesa.<\/p>\n<h2>\u00bfC\u00f3mo mantengo la hoja de mi daga decorativa?<\/h2>\n<p>Las dagas de colecci\u00f3n y decorativas se fabrican y ensamblan de forma simplificada. Dado que su uso es decorativo, no cuentan con los elementos de seguridad necesarios para una espada japonesa destinada al entrenamiento.<\/p>\n<p>Sin embargo, su <strong>Daga mas\u00f3nica <\/strong>una hoja de acero que hay que cuidar para evitar que se da\u00f1e con el tiempo. De hecho, vas a exponer tu daga, tus amigos sentir\u00e1n curiosidad por ver la hoja y tocarla. Ah\u00ed es donde hay que tener cuidado, hay que saber que la acidez de los dedos es muy perjudicial para el acero, independientemente de su calidad.<\/p>\n<p>Sin embargo, si esto ocurre, no se preocupe, solo tiene que humedecer un pa\u00f1o con un poco de aceite y limpiar las huellas dactilares. De esta forma, conservar\u00e1 su daga durante mucho tiempo.<\/p>","protected":false},"excerpt":{"rendered":"<p>Magn\u00edfica daga decorativa mas\u00f3nica.<\/p>\n<ul>\n<li>Hoja de acero 440.<\/li>\n<li>Pomo de acero que representa el ojo de la providencia.<\/li>\n<li>Empu\u00f1adura de acero que representa los s\u00edmbolos: G, Escuadra y Comp\u00e1s.<\/li>\n<li>Funda de polipiel decorada.<\/li>\n<li>Longitud hoja: 22,5 cm - Longitud total: 42 cm - Peso: 400 grs<\/li>\n<\/ul>","protected":false},"featured_media":48283,"template":"","meta":[],"product_brand":[896],"product_cat":[25,93,44,26,43],"product_tag":[],"class_list":{"0":"post-48282","1":"product","2":"type-product","3":"status-publish","4":"has-post-thumbnail","6":"product_brand-replique-manga-cine","7":"product_cat-armes-historiques","8":"product_cat-dagues-medievales","9":"product_cat-epees-et-dagues-fantasy","10":"product_cat-katana-epee","11":"product_cat-reproductions-d-armes-et-accessoires-medievales","13":"first","14":"outofstock","15":"sale","16":"taxable","17":"shipping-taxable","18":"purchasable","19":"product-type-simple"},"yoast_head":"<!-- This site is optimized with the Yoast SEO plugin v27.5 - https:\/\/yoast.com\/product\/yoast-seo-wordpress\/ -->\n<title>Dague Franc-Ma\u00e7onnerie - Vente en ligne - R\u00e9plique Manga Cin\u00e9<\/title>\n<meta name=\"description\" content=\"D\u00e9couvrez la Dague Franc-Ma\u00e7onnerie au meilleur prix - Lame en acier - Garde, pommeau et fourreau avec symboles et embl\u00e8mes Franc-Ma\u00e7on - Longueur : 42 cm\" \/>\n<meta name=\"robots\" content=\"index, follow, max-snippet:-1, max-image-preview:large, max-video-preview:-1\" \/>\n<link rel=\"canonical\" href=\"https:\/\/repliquemangacine.fr\/es\/dagas-medievales\/daga-decorativa-masonica\/\" \/>\n<meta property=\"og:locale\" content=\"es_ES\" \/>\n<meta property=\"og:type\" content=\"article\" \/>\n<meta property=\"og:title\" content=\"Dague Franc-Ma\u00e7onnerie - Vente en ligne - R\u00e9plique Manga Cin\u00e9\" \/>\n<meta property=\"og:description\" content=\"D\u00e9couvrez la Dague Franc-Ma\u00e7onnerie au meilleur prix - Lame en acier - Garde, pommeau et fourreau avec symboles et embl\u00e8mes Franc-Ma\u00e7on - Longueur : 42 cm\" \/>\n<meta property=\"og:url\" content=\"https:\/\/repliquemangacine.fr\/es\/dagas-medievales\/daga-decorativa-masonica\/\" \/>\n<meta property=\"og:site_name\" content=\"R\u00e9plique Manga Cin\u00e9\" \/>\n<meta property=\"article:publisher\" content=\"https:\/\/www.facebook.com\/RepliqueMangaCine\" \/>\n<meta property=\"article:modified_time\" content=\"2025-10-25T18:54:36+00:00\" \/>\n<meta property=\"og:image\" content=\"https:\/\/repliquemangacine.fr\/wp-content\/uploads\/2023\/10\/ornamental-masonic-dagger-zs214-1.jpg\" \/>\n\t<meta property=\"og:image:width\" content=\"800\" \/>\n\t<meta property=\"og:image:height\" content=\"800\" \/>\n\t<meta property=\"og:image:type\" content=\"image\/jpeg\" \/>\n<meta name=\"twitter:card\" content=\"summary_large_image\" \/>\n<meta name=\"twitter:label1\" content=\"Tiempo de lectura\" \/>\n\t<meta name=\"twitter:data1\" content=\"2 minutos\" \/>\n<script type=\"application\/ld+json\" class=\"yoast-schema-graph\">{\"@context\":\"https:\\\/\\\/schema.org\",\"@graph\":[{\"@type\":\"WebPage\",\"@id\":\"https:\\\/\\\/repliquemangacine.fr\\\/dagues-medievales\\\/dague-de-decoration-franc-maconnerie\\\/\",\"url\":\"https:\\\/\\\/repliquemangacine.fr\\\/dagues-medievales\\\/dague-de-decoration-franc-maconnerie\\\/\",\"name\":\"Dague Franc-Ma\u00e7onnerie - Vente en ligne - R\u00e9plique Manga Cin\u00e9\",\"isPartOf\":{\"@id\":\"https:\\\/\\\/repliquemangacine.fr\\\/#website\"},\"primaryImageOfPage\":{\"@id\":\"https:\\\/\\\/repliquemangacine.fr\\\/dagues-medievales\\\/dague-de-decoration-franc-maconnerie\\\/#primaryimage\"},\"image\":{\"@id\":\"https:\\\/\\\/repliquemangacine.fr\\\/dagues-medievales\\\/dague-de-decoration-franc-maconnerie\\\/#primaryimage\"},\"thumbnailUrl\":\"https:\\\/\\\/repliquemangacine.fr\\\/wp-content\\\/uploads\\\/2023\\\/10\\\/ornamental-masonic-dagger-zs214-1.jpg\",\"datePublished\":\"2022-02-16T11:26:36+00:00\",\"dateModified\":\"2025-10-25T18:54:36+00:00\",\"description\":\"D\u00e9couvrez la Dague Franc-Ma\u00e7onnerie au meilleur prix - Lame en acier - Garde, pommeau et fourreau avec symboles et embl\u00e8mes Franc-Ma\u00e7on - Longueur : 42 cm\",\"breadcrumb\":{\"@id\":\"https:\\\/\\\/repliquemangacine.fr\\\/dagues-medievales\\\/dague-de-decoration-franc-maconnerie\\\/#breadcrumb\"},\"inLanguage\":\"es\",\"potentialAction\":[{\"@type\":\"ReadAction\",\"target\":[\"https:\\\/\\\/repliquemangacine.fr\\\/dagues-medievales\\\/dague-de-decoration-franc-maconnerie\\\/\"]}]},{\"@type\":\"ImageObject\",\"inLanguage\":\"es\",\"@id\":\"https:\\\/\\\/repliquemangacine.fr\\\/dagues-medievales\\\/dague-de-decoration-franc-maconnerie\\\/#primaryimage\",\"url\":\"https:\\\/\\\/repliquemangacine.fr\\\/wp-content\\\/uploads\\\/2023\\\/10\\\/ornamental-masonic-dagger-zs214-1.jpg\",\"contentUrl\":\"https:\\\/\\\/repliquemangacine.fr\\\/wp-content\\\/uploads\\\/2023\\\/10\\\/ornamental-masonic-dagger-zs214-1.jpg\",\"width\":800,\"height\":800,\"caption\":\"dague des francs-ma\u00e7ons\"},{\"@type\":\"BreadcrumbList\",\"@id\":\"https:\\\/\\\/repliquemangacine.fr\\\/dagues-medievales\\\/dague-de-decoration-franc-maconnerie\\\/#breadcrumb\",\"itemListElement\":[{\"@type\":\"ListItem\",\"position\":1,\"name\":\"Accueil\",\"item\":\"https:\\\/\\\/repliquemangacine.fr\\\/\"},{\"@type\":\"ListItem\",\"position\":2,\"name\":\"Produits\",\"item\":\"https:\\\/\\\/repliquemangacine.fr\\\/boutique\\\/\"},{\"@type\":\"ListItem\",\"position\":3,\"name\":\"Dague Franc-Ma\u00e7onnerie\"}]},{\"@type\":\"WebSite\",\"@id\":\"https:\\\/\\\/repliquemangacine.fr\\\/#website\",\"url\":\"https:\\\/\\\/repliquemangacine.fr\\\/\",\"name\":\"R\u00e9plique Manga Cin\u00e9\",\"description\":\"\",\"publisher\":{\"@id\":\"https:\\\/\\\/repliquemangacine.fr\\\/#organization\"},\"potentialAction\":[{\"@type\":\"SearchAction\",\"target\":{\"@type\":\"EntryPoint\",\"urlTemplate\":\"https:\\\/\\\/repliquemangacine.fr\\\/?s={search_term_string}\"},\"query-input\":{\"@type\":\"PropertyValueSpecification\",\"valueRequired\":true,\"valueName\":\"search_term_string\"}}],\"inLanguage\":\"es\"},{\"@type\":\"Organization\",\"@id\":\"https:\\\/\\\/repliquemangacine.fr\\\/#organization\",\"name\":\"R\u00e9plique Manga Cin\u00e9\",\"url\":\"https:\\\/\\\/repliquemangacine.fr\\\/\",\"logo\":{\"@type\":\"ImageObject\",\"inLanguage\":\"es\",\"@id\":\"https:\\\/\\\/repliquemangacine.fr\\\/#\\\/schema\\\/logo\\\/image\\\/\",\"url\":\"https:\\\/\\\/repliquemangacine.fr\\\/wp-content\\\/uploads\\\/2023\\\/10\\\/RMC-500250.png\",\"contentUrl\":\"https:\\\/\\\/repliquemangacine.fr\\\/wp-content\\\/uploads\\\/2023\\\/10\\\/RMC-500250.png\",\"width\":500,\"height\":250,\"caption\":\"R\u00e9plique Manga Cin\u00e9\"},\"image\":{\"@id\":\"https:\\\/\\\/repliquemangacine.fr\\\/#\\\/schema\\\/logo\\\/image\\\/\"},\"sameAs\":[\"https:\\\/\\\/www.facebook.com\\\/RepliqueMangaCine\",\"https:\\\/\\\/www.instagram.com\\\/repliquemangacine.fr\\\/\"]}]}<\/script>\n<!-- \/ Yoast SEO plugin. -->","yoast_head_json":{"title":"Daga Francmasoner\u00eda - Venta en l\u00ednea - R\u00e9plique Manga Cin\u00e9","description":"Descubra la daga francmas\u00f3nica al mejor precio - Hoja de acero - Guarda, pomo y vaina con s\u00edmbolos y emblemas francmasones - Longitud: 42 cm","robots":{"index":"index","follow":"follow","max-snippet":"max-snippet:-1","max-image-preview":"max-image-preview:large","max-video-preview":"max-video-preview:-1"},"canonical":"https:\/\/repliquemangacine.fr\/es\/dagas-medievales\/daga-decorativa-masonica\/","og_locale":"es_ES","og_type":"article","og_title":"Dague Franc-Ma\u00e7onnerie - Vente en ligne - R\u00e9plique Manga Cin\u00e9","og_description":"D\u00e9couvrez la Dague Franc-Ma\u00e7onnerie au meilleur prix - Lame en acier - Garde, pommeau et fourreau avec symboles et embl\u00e8mes Franc-Ma\u00e7on - Longueur : 42 cm","og_url":"https:\/\/repliquemangacine.fr\/es\/dagas-medievales\/daga-decorativa-masonica\/","og_site_name":"R\u00e9plique Manga Cin\u00e9","article_publisher":"https:\/\/www.facebook.com\/RepliqueMangaCine","article_modified_time":"2025-10-25T18:54:36+00:00","og_image":[{"width":800,"height":800,"url":"https:\/\/repliquemangacine.fr\/wp-content\/uploads\/2023\/10\/ornamental-masonic-dagger-zs214-1.jpg","type":"image\/jpeg"}],"twitter_card":"summary_large_image","twitter_misc":{"Tiempo de lectura":"2 minutos"},"schema":{"@context":"https:\/\/schema.org","@graph":[{"@type":"WebPage","@id":"https:\/\/repliquemangacine.fr\/dagues-medievales\/dague-de-decoration-franc-maconnerie\/","url":"https:\/\/repliquemangacine.fr\/dagues-medievales\/dague-de-decoration-franc-maconnerie\/","name":"Daga Francmasoner\u00eda - Venta en l\u00ednea - R\u00e9plique Manga Cin\u00e9","isPartOf":{"@id":"https:\/\/repliquemangacine.fr\/#website"},"primaryImageOfPage":{"@id":"https:\/\/repliquemangacine.fr\/dagues-medievales\/dague-de-decoration-franc-maconnerie\/#primaryimage"},"image":{"@id":"https:\/\/repliquemangacine.fr\/dagues-medievales\/dague-de-decoration-franc-maconnerie\/#primaryimage"},"thumbnailUrl":"https:\/\/repliquemangacine.fr\/wp-content\/uploads\/2023\/10\/ornamental-masonic-dagger-zs214-1.jpg","datePublished":"2022-02-16T11:26:36+00:00","dateModified":"2025-10-25T18:54:36+00:00","description":"Descubra la daga francmas\u00f3nica al mejor precio - Hoja de acero - Guarda, pomo y vaina con s\u00edmbolos y emblemas francmasones - Longitud: 42 cm","breadcrumb":{"@id":"https:\/\/repliquemangacine.fr\/dagues-medievales\/dague-de-decoration-franc-maconnerie\/#breadcrumb"},"inLanguage":"es","potentialAction":[{"@type":"ReadAction","target":["https:\/\/repliquemangacine.fr\/dagues-medievales\/dague-de-decoration-franc-maconnerie\/"]}]},{"@type":"ImageObject","inLanguage":"es","@id":"https:\/\/repliquemangacine.fr\/dagues-medievales\/dague-de-decoration-franc-maconnerie\/#primaryimage","url":"https:\/\/repliquemangacine.fr\/wp-content\/uploads\/2023\/10\/ornamental-masonic-dagger-zs214-1.jpg","contentUrl":"https:\/\/repliquemangacine.fr\/wp-content\/uploads\/2023\/10\/ornamental-masonic-dagger-zs214-1.jpg","width":800,"height":800,"caption":"dague des francs-ma\u00e7ons"},{"@type":"BreadcrumbList","@id":"https:\/\/repliquemangacine.fr\/dagues-medievales\/dague-de-decoration-franc-maconnerie\/#breadcrumb","itemListElement":[{"@type":"ListItem","position":1,"name":"Accueil","item":"https:\/\/repliquemangacine.fr\/"},{"@type":"ListItem","position":2,"name":"Produits","item":"https:\/\/repliquemangacine.fr\/boutique\/"},{"@type":"ListItem","position":3,"name":"Dague Franc-Ma\u00e7onnerie"}]},{"@type":"WebSite","@id":"https:\/\/repliquemangacine.fr\/#website","url":"https:\/\/repliquemangacine.fr\/","name":"R\u00e9plique Manga Cin\u00e9","description":"","publisher":{"@id":"https:\/\/repliquemangacine.fr\/#organization"},"potentialAction":[{"@type":"SearchAction","target":{"@type":"EntryPoint","urlTemplate":"https:\/\/repliquemangacine.fr\/?s={search_term_string}"},"query-input":{"@type":"PropertyValueSpecification","valueRequired":true,"valueName":"search_term_string"}}],"inLanguage":"es"},{"@type":"Organization","@id":"https:\/\/repliquemangacine.fr\/#organization","name":"R\u00e9plique Manga Cin\u00e9","url":"https:\/\/repliquemangacine.fr\/","logo":{"@type":"ImageObject","inLanguage":"es","@id":"https:\/\/repliquemangacine.fr\/#\/schema\/logo\/image\/","url":"https:\/\/repliquemangacine.fr\/wp-content\/uploads\/2023\/10\/RMC-500250.png","contentUrl":"https:\/\/repliquemangacine.fr\/wp-content\/uploads\/2023\/10\/RMC-500250.png","width":500,"height":250,"caption":"R\u00e9plique Manga Cin\u00e9"},"image":{"@id":"https:\/\/repliquemangacine.fr\/#\/schema\/logo\/image\/"},"sameAs":["https:\/\/www.facebook.com\/RepliqueMangaCine","https:\/\/www.instagram.com\/repliquemangacine.fr\/"]}]}},"_links":{"self":[{"href":"https:\/\/repliquemangacine.fr\/es\/wp-json\/wp\/v2\/product\/48282","targetHints":{"allow":["GET"]}}],"collection":[{"href":"https:\/\/repliquemangacine.fr\/es\/wp-json\/wp\/v2\/product"}],"about":[{"href":"https:\/\/repliquemangacine.fr\/es\/wp-json\/wp\/v2\/types\/product"}],"wp:featuredmedia":[{"embeddable":true,"href":"https:\/\/repliquemangacine.fr\/es\/wp-json\/wp\/v2\/media\/48283"}],"wp:attachment":[{"href":"https:\/\/repliquemangacine.fr\/es\/wp-json\/wp\/v2\/media?parent=48282"}],"wp:term":[{"taxonomy":"product_brand","embeddable":true,"href":"https:\/\/repliquemangacine.fr\/es\/wp-json\/wp\/v2\/product_brand?post=48282"},{"taxonomy":"product_cat","embeddable":true,"href":"https:\/\/repliquemangacine.fr\/es\/wp-json\/wp\/v2\/product_cat?post=48282"},{"taxonomy":"product_tag","embeddable":true,"href":"https:\/\/repliquemangacine.fr\/es\/wp-json\/wp\/v2\/product_tag?post=48282"}],"curies":[{"name":"wp","href":"https:\/\/api.w.org\/{rel}","templated":true}]}}