





{"id":47690,"date":"2022-01-27T12:26:55","date_gmt":"2022-01-27T11:26:55","guid":{"rendered":"https:\/\/repliquemangacine.fr\/?post_type=product&#038;p=47690"},"modified":"2025-11-24T20:26:44","modified_gmt":"2025-11-24T19:26:44","slug":"winchester-laton-98-cm-kolser","status":"publish","type":"product","link":"https:\/\/repliquemangacine.fr\/es\/repliques-carabine-winchester-western\/winchester-laiton-98-cm-kolser\/","title":{"rendered":"Winchester Lat\u00f3n 98 cm - Kolser"},"content":{"rendered":"<h2>Winchester Brass 98 cm - Kolser.<\/h2>\n<p>Para empezar, esta r\u00e9plica del <strong>Winchester Lat\u00f3n 98 cm<\/strong> <a href=\"https:\/\/kolser.com\/fr\/\" target=\"_blank\" rel=\"noopener noreferrer\">Kolser<\/a>, con sistema de expulsi\u00f3n de bolas.<\/p>\n<p>Se ha querido dar m\u00e1s realismo al dise\u00f1o y la fabricaci\u00f3n de este rifle, al que se le ha incorporado un mecanismo simulador de carga que aporta realismo.<\/p>\n<p>Los rifles Winchester se caracterizan por su palanca de armado situada debajo del guardamanos, un mecanismo a la altura del gatillo que permite expulsar r\u00e1pidamente el casquillo vac\u00edo. De hecho, este principio de funcionamiento, sencillo y ambidiestro, permite una cadencia de tiro m\u00e1s elevada.<\/p>\n<p>Para concluir, en 1873 sali\u00f3 al mercado otro modelo muy popular que utilizaba cartuchos de percusi\u00f3n central. Los modelos 66 y 73 de Winchester se conocer\u00edan como \u00abel rifle que gan\u00f3 el Oeste\u00bb.<\/p>\n<h2>Tu Winchester Brass 98 cm al mejor precio.<\/h2>\n<p>Le ofrecemos una amplia selecci\u00f3n de reproducciones de armas western.<\/p>\n<p>Lo primero y m\u00e1s importante,<\/p>\n<ul>\n<li>Reproducci\u00f3n de <a href=\"https:\/\/repliquemangacine.fr\/es\/pistola-kolser\/mares-leg-55cm-edition-laiton-kolser\/\">Pierna de yegua 55 cm<\/a> por Josh Randall Acabado en lat\u00f3n.<\/li>\n<li>Adem\u00e1s, para que su rifle sea a\u00fan m\u00e1s realista, el <a href=\"https:\/\/repliquemangacine.fr\/es\/accesorios-del-oeste\/6-balles-pour-winchester-kolser\/\">Balas de prueba Kolser<\/a> son esenciales.<\/li>\n<li>Tambi\u00e9n hay una r\u00e9plica del <a href=\"https:\/\/repliquemangacine.fr\/es\/pistola-kolser\/coffret-colt-45-saa-31cm-poli-1873-kolser\/\">rev\u00f3lver peacemaker 1873<\/a>Esta arma se distingue por su fino acabado y pulido.<\/li>\n<li>Y muchos m\u00e1s por descubrir en nuestra tienda en l\u00ednea.<\/li>\n<\/ul>\n<p>Por eso, esta es una magn\u00edfica idea de regalo para los amantes del Oeste americano.<\/p>\n<p>En conclusi\u00f3n, puede utilizar el <strong>Winchester Lat\u00f3n 98 cm<\/strong> Kolser para sus recreaciones hist\u00f3ricas y demostraciones. Pero, sobre todo, es una pieza de coleccionista y una pieza decorativa.<\/p>\n<h2>\u00bfC\u00f3mo se fabrican las armas Kolser?<\/h2>\n<p>Las armas Kolser, fabricadas en metal con acabados especiales en lat\u00f3n galvanizado y n\u00edquel con efectos de metal envejecido o acero, obtenidos gracias a minuciosos procesos manuales que confieren un aspecto \u00fanico a las piezas de la marca.<\/p>\n<p>Situados al m\u00e1s alto nivel de calidad del mercado, preservando el esp\u00edritu de los armeros de siglos pasados para un trabajo bien hecho.<\/p>\n<p>Por otra parte, la modernizaci\u00f3n de los protocolos de dise\u00f1o de los nuevos modelos, realizados con los m\u00e1s altos est\u00e1ndares, logra este aspecto tan real. Del mismo modo, Kolser innova en los sistemas de fabricaci\u00f3n y los procesos de montaje a mano para garantizar la mejor calidad de las piezas y los materiales con los que fabrican su <strong>Winchester Lat\u00f3n 98 cm<\/strong>.<\/p>","protected":false},"excerpt":{"rendered":"<p>Fusil Winchester mod. 92, USA 1892 acabado en lat\u00f3n.<\/p>\n<ul>\n<li>En metal y madera.<\/li>\n<li>Mecanismo funcional.<\/li>\n<li>C\u00e1mara rellenable.<\/li>\n<li>Sistema de expulsi\u00f3n de balas.<\/li>\n<li>Longitud total: 98 cm<\/li>\n<\/ul>\n<p>Carga y dispara hasta 6 veces como un aut\u00e9ntico Winchester - \u00a1Mira el v\u00eddeo de abajo, se ve mucho m\u00e1s claro!<\/p>\n<p><a href=\"https:\/\/youtu.be\/-3VM4x6B0sQ\">Haga clic aqu\u00ed para ver la demostraci\u00f3n de Kolser<\/a><\/p>","protected":false},"featured_media":47691,"template":"","meta":[],"product_brand":[896],"product_cat":[100,34,39,86,28,27],"product_tag":[],"class_list":{"0":"post-47690","1":"product","2":"type-product","3":"status-publish","4":"has-post-thumbnail","6":"product_brand-replique-manga-cine","7":"product_cat-arme-kolser","8":"product_cat-armes-westerns","9":"product_cat-carabine-winchester","10":"product_cat-repliques-carabine-winchester-western","11":"product_cat-repliques-darmes","12":"product_cat-armes-et-accessoires-western","14":"first","15":"outofstock","16":"taxable","17":"shipping-taxable","18":"purchasable","19":"product-type-simple"},"yoast_head":"<!-- This site is optimized with the Yoast SEO plugin v27.4 - https:\/\/yoast.com\/product\/yoast-seo-wordpress\/ -->\n<title>Winchester Laiton 98 cm - Kolser - Carabine Kolser - R\u00e9plique Manga Cin\u00e9<\/title>\n<meta name=\"description\" content=\"Superbe Winchester Laiton 98 cm Kolser au meilleur prix - En m\u00e9tal et bois - Syst\u00e8me d&#039;\u00e9jection des balles - M\u00e9canisme fonctionnel - Chambre rechargeable.\" \/>\n<meta name=\"robots\" content=\"index, follow, max-snippet:-1, max-image-preview:large, max-video-preview:-1\" \/>\n<link rel=\"canonical\" href=\"https:\/\/repliquemangacine.fr\/es\/pistola-kolser\/winchester-laton-98-cm-kolser\/\" \/>\n<meta property=\"og:locale\" content=\"es_ES\" \/>\n<meta property=\"og:type\" content=\"article\" \/>\n<meta property=\"og:title\" content=\"Winchester Laiton 98 cm - Kolser - Carabine Kolser - R\u00e9plique Manga Cin\u00e9\" \/>\n<meta property=\"og:description\" content=\"Superbe Winchester Laiton 98 cm Kolser au meilleur prix - En m\u00e9tal et bois - Syst\u00e8me d&#039;\u00e9jection des balles - M\u00e9canisme fonctionnel - Chambre rechargeable.\" \/>\n<meta property=\"og:url\" content=\"https:\/\/repliquemangacine.fr\/es\/pistola-kolser\/winchester-laton-98-cm-kolser\/\" \/>\n<meta property=\"og:site_name\" content=\"R\u00e9plique Manga Cin\u00e9\" \/>\n<meta property=\"article:publisher\" content=\"https:\/\/www.facebook.com\/RepliqueMangaCine\" \/>\n<meta property=\"article:modified_time\" content=\"2025-11-24T19:26:44+00:00\" \/>\n<meta property=\"og:image\" content=\"https:\/\/repliquemangacine.fr\/wp-content\/uploads\/2023\/10\/Replique-modele-92-carabine-1892-4.jpg\" \/>\n\t<meta property=\"og:image:width\" content=\"800\" \/>\n\t<meta property=\"og:image:height\" content=\"800\" \/>\n\t<meta property=\"og:image:type\" content=\"image\/jpeg\" \/>\n<meta name=\"twitter:card\" content=\"summary_large_image\" \/>\n<meta name=\"twitter:label1\" content=\"Tiempo de lectura\" \/>\n\t<meta name=\"twitter:data1\" content=\"3 minutos\" \/>\n<script type=\"application\/ld+json\" class=\"yoast-schema-graph\">{\"@context\":\"https:\\\/\\\/schema.org\",\"@graph\":[{\"@type\":\"WebPage\",\"@id\":\"https:\\\/\\\/repliquemangacine.fr\\\/arme-kolser\\\/winchester-laiton-98-cm-kolser\\\/\",\"url\":\"https:\\\/\\\/repliquemangacine.fr\\\/arme-kolser\\\/winchester-laiton-98-cm-kolser\\\/\",\"name\":\"Winchester Laiton 98 cm - Kolser - Carabine Kolser - R\u00e9plique Manga Cin\u00e9\",\"isPartOf\":{\"@id\":\"https:\\\/\\\/repliquemangacine.fr\\\/#website\"},\"primaryImageOfPage\":{\"@id\":\"https:\\\/\\\/repliquemangacine.fr\\\/arme-kolser\\\/winchester-laiton-98-cm-kolser\\\/#primaryimage\"},\"image\":{\"@id\":\"https:\\\/\\\/repliquemangacine.fr\\\/arme-kolser\\\/winchester-laiton-98-cm-kolser\\\/#primaryimage\"},\"thumbnailUrl\":\"https:\\\/\\\/repliquemangacine.fr\\\/wp-content\\\/uploads\\\/2023\\\/10\\\/Replique-modele-92-carabine-1892-4.jpg\",\"datePublished\":\"2022-01-27T11:26:55+00:00\",\"dateModified\":\"2025-11-24T19:26:44+00:00\",\"description\":\"Superbe Winchester Laiton 98 cm Kolser au meilleur prix - En m\u00e9tal et bois - Syst\u00e8me d'\u00e9jection des balles - M\u00e9canisme fonctionnel - Chambre rechargeable.\",\"breadcrumb\":{\"@id\":\"https:\\\/\\\/repliquemangacine.fr\\\/arme-kolser\\\/winchester-laiton-98-cm-kolser\\\/#breadcrumb\"},\"inLanguage\":\"es\",\"potentialAction\":[{\"@type\":\"ReadAction\",\"target\":[\"https:\\\/\\\/repliquemangacine.fr\\\/arme-kolser\\\/winchester-laiton-98-cm-kolser\\\/\"]}]},{\"@type\":\"ImageObject\",\"inLanguage\":\"es\",\"@id\":\"https:\\\/\\\/repliquemangacine.fr\\\/arme-kolser\\\/winchester-laiton-98-cm-kolser\\\/#primaryimage\",\"url\":\"https:\\\/\\\/repliquemangacine.fr\\\/wp-content\\\/uploads\\\/2023\\\/10\\\/Replique-modele-92-carabine-1892-4.jpg\",\"contentUrl\":\"https:\\\/\\\/repliquemangacine.fr\\\/wp-content\\\/uploads\\\/2023\\\/10\\\/Replique-modele-92-carabine-1892-4.jpg\",\"width\":800,\"height\":800,\"caption\":\"Winchester Laiton 98 cm Kolser\"},{\"@type\":\"BreadcrumbList\",\"@id\":\"https:\\\/\\\/repliquemangacine.fr\\\/arme-kolser\\\/winchester-laiton-98-cm-kolser\\\/#breadcrumb\",\"itemListElement\":[{\"@type\":\"ListItem\",\"position\":1,\"name\":\"Accueil\",\"item\":\"https:\\\/\\\/repliquemangacine.fr\\\/\"},{\"@type\":\"ListItem\",\"position\":2,\"name\":\"Produits\",\"item\":\"https:\\\/\\\/repliquemangacine.fr\\\/boutique\\\/\"},{\"@type\":\"ListItem\",\"position\":3,\"name\":\"Winchester Laiton 98 cm &#8211; Kolser\"}]},{\"@type\":\"WebSite\",\"@id\":\"https:\\\/\\\/repliquemangacine.fr\\\/#website\",\"url\":\"https:\\\/\\\/repliquemangacine.fr\\\/\",\"name\":\"R\u00e9plique Manga Cin\u00e9\",\"description\":\"\",\"publisher\":{\"@id\":\"https:\\\/\\\/repliquemangacine.fr\\\/#organization\"},\"potentialAction\":[{\"@type\":\"SearchAction\",\"target\":{\"@type\":\"EntryPoint\",\"urlTemplate\":\"https:\\\/\\\/repliquemangacine.fr\\\/?s={search_term_string}\"},\"query-input\":{\"@type\":\"PropertyValueSpecification\",\"valueRequired\":true,\"valueName\":\"search_term_string\"}}],\"inLanguage\":\"es\"},{\"@type\":\"Organization\",\"@id\":\"https:\\\/\\\/repliquemangacine.fr\\\/#organization\",\"name\":\"R\u00e9plique Manga Cin\u00e9\",\"url\":\"https:\\\/\\\/repliquemangacine.fr\\\/\",\"logo\":{\"@type\":\"ImageObject\",\"inLanguage\":\"es\",\"@id\":\"https:\\\/\\\/repliquemangacine.fr\\\/#\\\/schema\\\/logo\\\/image\\\/\",\"url\":\"https:\\\/\\\/repliquemangacine.fr\\\/wp-content\\\/uploads\\\/2023\\\/10\\\/RMC-500250.png\",\"contentUrl\":\"https:\\\/\\\/repliquemangacine.fr\\\/wp-content\\\/uploads\\\/2023\\\/10\\\/RMC-500250.png\",\"width\":500,\"height\":250,\"caption\":\"R\u00e9plique Manga Cin\u00e9\"},\"image\":{\"@id\":\"https:\\\/\\\/repliquemangacine.fr\\\/#\\\/schema\\\/logo\\\/image\\\/\"},\"sameAs\":[\"https:\\\/\\\/www.facebook.com\\\/RepliqueMangaCine\",\"https:\\\/\\\/www.instagram.com\\\/repliquemangacine.fr\\\/\"]}]}<\/script>\n<!-- \/ Yoast SEO plugin. -->","yoast_head_json":{"title":"Winchester Lat\u00f3n 98 cm - Kolser - Rifle Kolser - R\u00e9plique Manga Cin\u00e9","description":"Magn\u00edfica Winchester Brass 98 cm Kolser al mejor precio - En metal y madera - Sistema de expulsi\u00f3n de balas - Mecanismo funcional - Rec\u00e1mara recargable.","robots":{"index":"index","follow":"follow","max-snippet":"max-snippet:-1","max-image-preview":"max-image-preview:large","max-video-preview":"max-video-preview:-1"},"canonical":"https:\/\/repliquemangacine.fr\/es\/pistola-kolser\/winchester-laton-98-cm-kolser\/","og_locale":"es_ES","og_type":"article","og_title":"Winchester Laiton 98 cm - Kolser - Carabine Kolser - R\u00e9plique Manga Cin\u00e9","og_description":"Superbe Winchester Laiton 98 cm Kolser au meilleur prix - En m\u00e9tal et bois - Syst\u00e8me d'\u00e9jection des balles - M\u00e9canisme fonctionnel - Chambre rechargeable.","og_url":"https:\/\/repliquemangacine.fr\/es\/pistola-kolser\/winchester-laton-98-cm-kolser\/","og_site_name":"R\u00e9plique Manga Cin\u00e9","article_publisher":"https:\/\/www.facebook.com\/RepliqueMangaCine","article_modified_time":"2025-11-24T19:26:44+00:00","og_image":[{"width":800,"height":800,"url":"https:\/\/repliquemangacine.fr\/wp-content\/uploads\/2023\/10\/Replique-modele-92-carabine-1892-4.jpg","type":"image\/jpeg"}],"twitter_card":"summary_large_image","twitter_misc":{"Tiempo de lectura":"3 minutos"},"schema":{"@context":"https:\/\/schema.org","@graph":[{"@type":"WebPage","@id":"https:\/\/repliquemangacine.fr\/arme-kolser\/winchester-laiton-98-cm-kolser\/","url":"https:\/\/repliquemangacine.fr\/arme-kolser\/winchester-laiton-98-cm-kolser\/","name":"Winchester Lat\u00f3n 98 cm - Kolser - Rifle Kolser - R\u00e9plique Manga Cin\u00e9","isPartOf":{"@id":"https:\/\/repliquemangacine.fr\/#website"},"primaryImageOfPage":{"@id":"https:\/\/repliquemangacine.fr\/arme-kolser\/winchester-laiton-98-cm-kolser\/#primaryimage"},"image":{"@id":"https:\/\/repliquemangacine.fr\/arme-kolser\/winchester-laiton-98-cm-kolser\/#primaryimage"},"thumbnailUrl":"https:\/\/repliquemangacine.fr\/wp-content\/uploads\/2023\/10\/Replique-modele-92-carabine-1892-4.jpg","datePublished":"2022-01-27T11:26:55+00:00","dateModified":"2025-11-24T19:26:44+00:00","description":"Magn\u00edfica Winchester Brass 98 cm Kolser al mejor precio - En metal y madera - Sistema de expulsi\u00f3n de balas - Mecanismo funcional - Rec\u00e1mara recargable.","breadcrumb":{"@id":"https:\/\/repliquemangacine.fr\/arme-kolser\/winchester-laiton-98-cm-kolser\/#breadcrumb"},"inLanguage":"es","potentialAction":[{"@type":"ReadAction","target":["https:\/\/repliquemangacine.fr\/arme-kolser\/winchester-laiton-98-cm-kolser\/"]}]},{"@type":"ImageObject","inLanguage":"es","@id":"https:\/\/repliquemangacine.fr\/arme-kolser\/winchester-laiton-98-cm-kolser\/#primaryimage","url":"https:\/\/repliquemangacine.fr\/wp-content\/uploads\/2023\/10\/Replique-modele-92-carabine-1892-4.jpg","contentUrl":"https:\/\/repliquemangacine.fr\/wp-content\/uploads\/2023\/10\/Replique-modele-92-carabine-1892-4.jpg","width":800,"height":800,"caption":"Winchester Laiton 98 cm Kolser"},{"@type":"BreadcrumbList","@id":"https:\/\/repliquemangacine.fr\/arme-kolser\/winchester-laiton-98-cm-kolser\/#breadcrumb","itemListElement":[{"@type":"ListItem","position":1,"name":"Accueil","item":"https:\/\/repliquemangacine.fr\/"},{"@type":"ListItem","position":2,"name":"Produits","item":"https:\/\/repliquemangacine.fr\/boutique\/"},{"@type":"ListItem","position":3,"name":"Winchester Laiton 98 cm &#8211; Kolser"}]},{"@type":"WebSite","@id":"https:\/\/repliquemangacine.fr\/#website","url":"https:\/\/repliquemangacine.fr\/","name":"R\u00e9plique Manga Cin\u00e9","description":"","publisher":{"@id":"https:\/\/repliquemangacine.fr\/#organization"},"potentialAction":[{"@type":"SearchAction","target":{"@type":"EntryPoint","urlTemplate":"https:\/\/repliquemangacine.fr\/?s={search_term_string}"},"query-input":{"@type":"PropertyValueSpecification","valueRequired":true,"valueName":"search_term_string"}}],"inLanguage":"es"},{"@type":"Organization","@id":"https:\/\/repliquemangacine.fr\/#organization","name":"R\u00e9plique Manga Cin\u00e9","url":"https:\/\/repliquemangacine.fr\/","logo":{"@type":"ImageObject","inLanguage":"es","@id":"https:\/\/repliquemangacine.fr\/#\/schema\/logo\/image\/","url":"https:\/\/repliquemangacine.fr\/wp-content\/uploads\/2023\/10\/RMC-500250.png","contentUrl":"https:\/\/repliquemangacine.fr\/wp-content\/uploads\/2023\/10\/RMC-500250.png","width":500,"height":250,"caption":"R\u00e9plique Manga Cin\u00e9"},"image":{"@id":"https:\/\/repliquemangacine.fr\/#\/schema\/logo\/image\/"},"sameAs":["https:\/\/www.facebook.com\/RepliqueMangaCine","https:\/\/www.instagram.com\/repliquemangacine.fr\/"]}]}},"_links":{"self":[{"href":"https:\/\/repliquemangacine.fr\/es\/wp-json\/wp\/v2\/product\/47690","targetHints":{"allow":["GET"]}}],"collection":[{"href":"https:\/\/repliquemangacine.fr\/es\/wp-json\/wp\/v2\/product"}],"about":[{"href":"https:\/\/repliquemangacine.fr\/es\/wp-json\/wp\/v2\/types\/product"}],"wp:featuredmedia":[{"embeddable":true,"href":"https:\/\/repliquemangacine.fr\/es\/wp-json\/wp\/v2\/media\/47691"}],"wp:attachment":[{"href":"https:\/\/repliquemangacine.fr\/es\/wp-json\/wp\/v2\/media?parent=47690"}],"wp:term":[{"taxonomy":"product_brand","embeddable":true,"href":"https:\/\/repliquemangacine.fr\/es\/wp-json\/wp\/v2\/product_brand?post=47690"},{"taxonomy":"product_cat","embeddable":true,"href":"https:\/\/repliquemangacine.fr\/es\/wp-json\/wp\/v2\/product_cat?post=47690"},{"taxonomy":"product_tag","embeddable":true,"href":"https:\/\/repliquemangacine.fr\/es\/wp-json\/wp\/v2\/product_tag?post=47690"}],"curies":[{"name":"wp","href":"https:\/\/api.w.org\/{rel}","templated":true}]}}