





{"id":46238,"date":"2021-12-14T18:09:13","date_gmt":"2021-12-14T17:09:13","guid":{"rendered":"https:\/\/repliquemangacine.fr\/?post_type=product&#038;p=46238"},"modified":"2025-12-04T11:59:48","modified_gmt":"2025-12-04T10:59:48","slug":"canon-naval-ingles-del-siglo-xviii","status":"publish","type":"product","link":"https:\/\/repliquemangacine.fr\/es\/armes-de-pirates\/canon-naval-anglais-18eme-siecle\/","title":{"rendered":"Ca\u00f1\u00f3n naval ingl\u00e9s del siglo XVIII"},"content":{"rendered":"<h2>R\u00e9plica en miniatura del ca\u00f1\u00f3n naval ingl\u00e9s del siglo XVIII<\/h2>\n<p>Este ca\u00f1\u00f3n naval ingl\u00e9s del siglo XVIII es una reproducci\u00f3n <a href=\"https:\/\/www.denix.fr\/fr\/catalogue\/colonial-et-pirate-1492-s-xviii\/canons-et-catapultes\/407\/\">Denix<\/a>.<\/p>\n<p>El desarrollo de la artiller\u00eda en el siglo XV y su eficacia en los campos de batalla europeos provocaron una revoluci\u00f3n tecnol\u00f3gica y una carrera armament\u00edstica entre las potencias continentales.<\/p>\n<p>A partir de finales del siglo XVI, y mientras la lucha terrestre se estancaba, las principales potencias intentaron buscar la victoria mediante la fuerza naval y el perfeccionamiento de sus t\u00e9cnicas militares. Fue durante este periodo cuando aparecieron las primeras flotas de guerra nacionales, capaces de prolongar el conflicto a gran distancia de la metr\u00f3poli.<\/p>\n<p>Durante los siglos siguientes, qued\u00f3 claro que las naciones que no pod\u00edan abastecerse de miles de ca\u00f1ones ve\u00edan c\u00f3mo sus barcos quedaban relegados de las principales rutas comerciales mar\u00edtimas, dejando el dominio de los oc\u00e9anos, nueva etapa principal de la confrontaci\u00f3n, a otros pa\u00edses.<\/p>\n<h3>Ofrecemos una amplia gama de r\u00e9plicas de armas antiguas<\/h3>\n<p>Ante todo<\/p>\n<ul>\n<li>Le <a href=\"https:\/\/repliquemangacine.fr\/es\/reproducciones-darmes\/canon-napoleon-1857-usa-guerra-civil-denix\/?highlight=c422\">Ca\u00f1\u00f3n Napole\u00f3n 1857<\/a> fabricado por Denix<\/li>\n<li>Tambi\u00e9n est\u00e1 el mosquete Land Pattern el <a href=\"https:\/\/repliquemangacine.fr\/es\/replica-de-armas-1er-imperio\/brown-bess-1722-land-pattern-denix-rifle\/\">Brown Bess 1722<\/a><\/li>\n<li>As\u00ed como el <a href=\"https:\/\/repliquemangacine.fr\/es\/replica-de-armas-1er-imperio\/fusil-charleville-1806-con-bayoneta\/\">Rifle Charleville<\/a> y su bayoneta<\/li>\n<li>Y hay mucho m\u00e1s por descubrir.<\/li>\n<\/ul>\n<p>Por eso es una gran idea de regalo para todos los amantes de las armas de \u00e9poca.<\/p>\n<h3>Puede comprar esta miniatura del ca\u00f1\u00f3n naval ingl\u00e9s para a\u00f1adirla a su colecci\u00f3n.<\/h3>\n<p>Sobre todo, es una pieza de coleccionista y decorativa.<\/p>\n<p>R\u00e9plique Manga Cin\u00e9 es una empresa familiar francesa.<\/p>\n<p><strong>Queremos llamar su atenci\u00f3n sobre la autenticidad de todas estas r\u00e9plicas. Las fuerzas del orden las identificar\u00e1n como armas reales y reaccionar\u00e1n en consecuencia. Por lo tanto, es muy importante no acudir a lugares p\u00fablicos con estas r\u00e9plicas. Tenga en cuenta que las armas mostradas son reproducciones no funcionales, no aptas para el tiro. Estas r\u00e9plicas son para recreaci\u00f3n hist\u00f3rica y decoraci\u00f3n.<\/strong><\/p>","protected":false},"excerpt":{"rendered":"<p>Magn\u00edfica r\u00e9plica del famoso ca\u00f1\u00f3n naval ingl\u00e9s del siglo XVIII, obra de Denix.<\/p>\n<ul>\n<li>El ca\u00f1\u00f3n a escala 1\/12<\/li>\n<li>Tiene un ca\u00f1\u00f3n de elevaci\u00f3n de 25,4 cm,<\/li>\n<li>Un carrito de madera<\/li>\n<li>Ruedas giratorias con rotura de cuerda real.<\/li>\n<li>Acabado perfecto.<\/li>\n<li>Longitud total: 28 cm - Peso: 1050 g<\/li>\n<\/ul>","protected":false},"featured_media":46239,"template":"","meta":[],"product_brand":[896],"product_cat":[49,25,28],"product_tag":[],"class_list":{"0":"post-46238","1":"product","2":"type-product","3":"status-publish","4":"has-post-thumbnail","6":"product_brand-replique-manga-cine","7":"product_cat-armes-de-pirates","8":"product_cat-armes-historiques","9":"product_cat-repliques-darmes","11":"first","12":"instock","13":"sale","14":"taxable","15":"shipping-taxable","16":"purchasable","17":"product-type-simple"},"yoast_head":"<!-- This site is optimized with the Yoast SEO plugin v27.4 - https:\/\/yoast.com\/product\/yoast-seo-wordpress\/ -->\n<title>Canon Naval Anglais 18\u00e8me si\u00e8cle - R\u00e9plique Manga Cin\u00e9<\/title>\n<meta name=\"description\" content=\"Superbe r\u00e9plique du Canon Naval Anglais 18\u00e8me si\u00e8cles sign\u00e9 Denix. Fabriqu\u00e9 en bois et zamac. Finition parfaite. Longueur 28cm-Poids 1050grs\" \/>\n<meta name=\"robots\" content=\"index, follow, max-snippet:-1, max-image-preview:large, max-video-preview:-1\" \/>\n<link rel=\"canonical\" href=\"https:\/\/repliquemangacine.fr\/es\/armas-piratas\/canon-naval-ingles-del-siglo-xviii\/\" \/>\n<meta property=\"og:locale\" content=\"es_ES\" \/>\n<meta property=\"og:type\" content=\"article\" \/>\n<meta property=\"og:title\" content=\"Canon Naval Anglais 18\u00e8me si\u00e8cle - R\u00e9plique Manga Cin\u00e9\" \/>\n<meta property=\"og:description\" content=\"Superbe r\u00e9plique du Canon Naval Anglais 18\u00e8me si\u00e8cles sign\u00e9 Denix. Fabriqu\u00e9 en bois et zamac. Finition parfaite. Longueur 28cm-Poids 1050grs\" \/>\n<meta property=\"og:url\" content=\"https:\/\/repliquemangacine.fr\/es\/armas-piratas\/canon-naval-ingles-del-siglo-xviii\/\" \/>\n<meta property=\"og:site_name\" content=\"R\u00e9plique Manga Cin\u00e9\" \/>\n<meta property=\"article:publisher\" content=\"https:\/\/www.facebook.com\/RepliqueMangaCine\" \/>\n<meta property=\"article:modified_time\" content=\"2025-12-04T10:59:48+00:00\" \/>\n<meta property=\"og:image\" content=\"https:\/\/repliquemangacine.fr\/wp-content\/uploads\/2023\/10\/canon-denix.jpg\" \/>\n\t<meta property=\"og:image:width\" content=\"800\" \/>\n\t<meta property=\"og:image:height\" content=\"800\" \/>\n\t<meta property=\"og:image:type\" content=\"image\/jpeg\" \/>\n<meta name=\"twitter:card\" content=\"summary_large_image\" \/>\n<meta name=\"twitter:label1\" content=\"Tiempo de lectura\" \/>\n\t<meta name=\"twitter:data1\" content=\"1 minuto\" \/>\n<script type=\"application\/ld+json\" class=\"yoast-schema-graph\">{\"@context\":\"https:\\\/\\\/schema.org\",\"@graph\":[{\"@type\":\"WebPage\",\"@id\":\"https:\\\/\\\/repliquemangacine.fr\\\/armes-de-pirates\\\/canon-naval-anglais-18eme-siecle\\\/\",\"url\":\"https:\\\/\\\/repliquemangacine.fr\\\/armes-de-pirates\\\/canon-naval-anglais-18eme-siecle\\\/\",\"name\":\"Canon Naval Anglais 18\u00e8me si\u00e8cle - R\u00e9plique Manga Cin\u00e9\",\"isPartOf\":{\"@id\":\"https:\\\/\\\/repliquemangacine.fr\\\/#website\"},\"primaryImageOfPage\":{\"@id\":\"https:\\\/\\\/repliquemangacine.fr\\\/armes-de-pirates\\\/canon-naval-anglais-18eme-siecle\\\/#primaryimage\"},\"image\":{\"@id\":\"https:\\\/\\\/repliquemangacine.fr\\\/armes-de-pirates\\\/canon-naval-anglais-18eme-siecle\\\/#primaryimage\"},\"thumbnailUrl\":\"https:\\\/\\\/repliquemangacine.fr\\\/wp-content\\\/uploads\\\/2023\\\/10\\\/canon-denix.jpg\",\"datePublished\":\"2021-12-14T17:09:13+00:00\",\"dateModified\":\"2025-12-04T10:59:48+00:00\",\"description\":\"Superbe r\u00e9plique du Canon Naval Anglais 18\u00e8me si\u00e8cles sign\u00e9 Denix. Fabriqu\u00e9 en bois et zamac. Finition parfaite. Longueur 28cm-Poids 1050grs\",\"breadcrumb\":{\"@id\":\"https:\\\/\\\/repliquemangacine.fr\\\/armes-de-pirates\\\/canon-naval-anglais-18eme-siecle\\\/#breadcrumb\"},\"inLanguage\":\"es\",\"potentialAction\":[{\"@type\":\"ReadAction\",\"target\":[\"https:\\\/\\\/repliquemangacine.fr\\\/armes-de-pirates\\\/canon-naval-anglais-18eme-siecle\\\/\"]}]},{\"@type\":\"ImageObject\",\"inLanguage\":\"es\",\"@id\":\"https:\\\/\\\/repliquemangacine.fr\\\/armes-de-pirates\\\/canon-naval-anglais-18eme-siecle\\\/#primaryimage\",\"url\":\"https:\\\/\\\/repliquemangacine.fr\\\/wp-content\\\/uploads\\\/2023\\\/10\\\/canon-denix.jpg\",\"contentUrl\":\"https:\\\/\\\/repliquemangacine.fr\\\/wp-content\\\/uploads\\\/2023\\\/10\\\/canon-denix.jpg\",\"width\":800,\"height\":800,\"caption\":\"Canon Naval Anglais 18eme siecle miniature Denix\"},{\"@type\":\"BreadcrumbList\",\"@id\":\"https:\\\/\\\/repliquemangacine.fr\\\/armes-de-pirates\\\/canon-naval-anglais-18eme-siecle\\\/#breadcrumb\",\"itemListElement\":[{\"@type\":\"ListItem\",\"position\":1,\"name\":\"Accueil\",\"item\":\"https:\\\/\\\/repliquemangacine.fr\\\/\"},{\"@type\":\"ListItem\",\"position\":2,\"name\":\"Produits\",\"item\":\"https:\\\/\\\/repliquemangacine.fr\\\/boutique\\\/\"},{\"@type\":\"ListItem\",\"position\":3,\"name\":\"Canon Naval Anglais 18\u00e8me si\u00e8cle\"}]},{\"@type\":\"WebSite\",\"@id\":\"https:\\\/\\\/repliquemangacine.fr\\\/#website\",\"url\":\"https:\\\/\\\/repliquemangacine.fr\\\/\",\"name\":\"R\u00e9plique Manga Cin\u00e9\",\"description\":\"\",\"publisher\":{\"@id\":\"https:\\\/\\\/repliquemangacine.fr\\\/#organization\"},\"potentialAction\":[{\"@type\":\"SearchAction\",\"target\":{\"@type\":\"EntryPoint\",\"urlTemplate\":\"https:\\\/\\\/repliquemangacine.fr\\\/?s={search_term_string}\"},\"query-input\":{\"@type\":\"PropertyValueSpecification\",\"valueRequired\":true,\"valueName\":\"search_term_string\"}}],\"inLanguage\":\"es\"},{\"@type\":\"Organization\",\"@id\":\"https:\\\/\\\/repliquemangacine.fr\\\/#organization\",\"name\":\"R\u00e9plique Manga Cin\u00e9\",\"url\":\"https:\\\/\\\/repliquemangacine.fr\\\/\",\"logo\":{\"@type\":\"ImageObject\",\"inLanguage\":\"es\",\"@id\":\"https:\\\/\\\/repliquemangacine.fr\\\/#\\\/schema\\\/logo\\\/image\\\/\",\"url\":\"https:\\\/\\\/repliquemangacine.fr\\\/wp-content\\\/uploads\\\/2023\\\/10\\\/RMC-500250.png\",\"contentUrl\":\"https:\\\/\\\/repliquemangacine.fr\\\/wp-content\\\/uploads\\\/2023\\\/10\\\/RMC-500250.png\",\"width\":500,\"height\":250,\"caption\":\"R\u00e9plique Manga Cin\u00e9\"},\"image\":{\"@id\":\"https:\\\/\\\/repliquemangacine.fr\\\/#\\\/schema\\\/logo\\\/image\\\/\"},\"sameAs\":[\"https:\\\/\\\/www.facebook.com\\\/RepliqueMangaCine\",\"https:\\\/\\\/www.instagram.com\\\/repliquemangacine.fr\\\/\"]}]}<\/script>\n<!-- \/ Yoast SEO plugin. -->","yoast_head_json":{"title":"Ca\u00f1\u00f3n naval ingl\u00e9s del siglo XVIII - R\u00e9plique Manga Cin\u00e9","description":"Magn\u00edfica r\u00e9plica del ca\u00f1\u00f3n naval ingl\u00e9s del siglo XVIII de Denix. Fabricado en madera y zamac. Perfecto acabado. Longitud 28cm-Peso 1050grs","robots":{"index":"index","follow":"follow","max-snippet":"max-snippet:-1","max-image-preview":"max-image-preview:large","max-video-preview":"max-video-preview:-1"},"canonical":"https:\/\/repliquemangacine.fr\/es\/armas-piratas\/canon-naval-ingles-del-siglo-xviii\/","og_locale":"es_ES","og_type":"article","og_title":"Canon Naval Anglais 18\u00e8me si\u00e8cle - R\u00e9plique Manga Cin\u00e9","og_description":"Superbe r\u00e9plique du Canon Naval Anglais 18\u00e8me si\u00e8cles sign\u00e9 Denix. Fabriqu\u00e9 en bois et zamac. Finition parfaite. Longueur 28cm-Poids 1050grs","og_url":"https:\/\/repliquemangacine.fr\/es\/armas-piratas\/canon-naval-ingles-del-siglo-xviii\/","og_site_name":"R\u00e9plique Manga Cin\u00e9","article_publisher":"https:\/\/www.facebook.com\/RepliqueMangaCine","article_modified_time":"2025-12-04T10:59:48+00:00","og_image":[{"width":800,"height":800,"url":"https:\/\/repliquemangacine.fr\/wp-content\/uploads\/2023\/10\/canon-denix.jpg","type":"image\/jpeg"}],"twitter_card":"summary_large_image","twitter_misc":{"Tiempo de lectura":"1 minuto"},"schema":{"@context":"https:\/\/schema.org","@graph":[{"@type":"WebPage","@id":"https:\/\/repliquemangacine.fr\/armes-de-pirates\/canon-naval-anglais-18eme-siecle\/","url":"https:\/\/repliquemangacine.fr\/armes-de-pirates\/canon-naval-anglais-18eme-siecle\/","name":"Ca\u00f1\u00f3n naval ingl\u00e9s del siglo XVIII - R\u00e9plique Manga Cin\u00e9","isPartOf":{"@id":"https:\/\/repliquemangacine.fr\/#website"},"primaryImageOfPage":{"@id":"https:\/\/repliquemangacine.fr\/armes-de-pirates\/canon-naval-anglais-18eme-siecle\/#primaryimage"},"image":{"@id":"https:\/\/repliquemangacine.fr\/armes-de-pirates\/canon-naval-anglais-18eme-siecle\/#primaryimage"},"thumbnailUrl":"https:\/\/repliquemangacine.fr\/wp-content\/uploads\/2023\/10\/canon-denix.jpg","datePublished":"2021-12-14T17:09:13+00:00","dateModified":"2025-12-04T10:59:48+00:00","description":"Magn\u00edfica r\u00e9plica del ca\u00f1\u00f3n naval ingl\u00e9s del siglo XVIII de Denix. Fabricado en madera y zamac. Perfecto acabado. Longitud 28cm-Peso 1050grs","breadcrumb":{"@id":"https:\/\/repliquemangacine.fr\/armes-de-pirates\/canon-naval-anglais-18eme-siecle\/#breadcrumb"},"inLanguage":"es","potentialAction":[{"@type":"ReadAction","target":["https:\/\/repliquemangacine.fr\/armes-de-pirates\/canon-naval-anglais-18eme-siecle\/"]}]},{"@type":"ImageObject","inLanguage":"es","@id":"https:\/\/repliquemangacine.fr\/armes-de-pirates\/canon-naval-anglais-18eme-siecle\/#primaryimage","url":"https:\/\/repliquemangacine.fr\/wp-content\/uploads\/2023\/10\/canon-denix.jpg","contentUrl":"https:\/\/repliquemangacine.fr\/wp-content\/uploads\/2023\/10\/canon-denix.jpg","width":800,"height":800,"caption":"Canon Naval Anglais 18eme siecle miniature Denix"},{"@type":"BreadcrumbList","@id":"https:\/\/repliquemangacine.fr\/armes-de-pirates\/canon-naval-anglais-18eme-siecle\/#breadcrumb","itemListElement":[{"@type":"ListItem","position":1,"name":"Accueil","item":"https:\/\/repliquemangacine.fr\/"},{"@type":"ListItem","position":2,"name":"Produits","item":"https:\/\/repliquemangacine.fr\/boutique\/"},{"@type":"ListItem","position":3,"name":"Canon Naval Anglais 18\u00e8me si\u00e8cle"}]},{"@type":"WebSite","@id":"https:\/\/repliquemangacine.fr\/#website","url":"https:\/\/repliquemangacine.fr\/","name":"R\u00e9plique Manga Cin\u00e9","description":"","publisher":{"@id":"https:\/\/repliquemangacine.fr\/#organization"},"potentialAction":[{"@type":"SearchAction","target":{"@type":"EntryPoint","urlTemplate":"https:\/\/repliquemangacine.fr\/?s={search_term_string}"},"query-input":{"@type":"PropertyValueSpecification","valueRequired":true,"valueName":"search_term_string"}}],"inLanguage":"es"},{"@type":"Organization","@id":"https:\/\/repliquemangacine.fr\/#organization","name":"R\u00e9plique Manga Cin\u00e9","url":"https:\/\/repliquemangacine.fr\/","logo":{"@type":"ImageObject","inLanguage":"es","@id":"https:\/\/repliquemangacine.fr\/#\/schema\/logo\/image\/","url":"https:\/\/repliquemangacine.fr\/wp-content\/uploads\/2023\/10\/RMC-500250.png","contentUrl":"https:\/\/repliquemangacine.fr\/wp-content\/uploads\/2023\/10\/RMC-500250.png","width":500,"height":250,"caption":"R\u00e9plique Manga Cin\u00e9"},"image":{"@id":"https:\/\/repliquemangacine.fr\/#\/schema\/logo\/image\/"},"sameAs":["https:\/\/www.facebook.com\/RepliqueMangaCine","https:\/\/www.instagram.com\/repliquemangacine.fr\/"]}]}},"_links":{"self":[{"href":"https:\/\/repliquemangacine.fr\/es\/wp-json\/wp\/v2\/product\/46238","targetHints":{"allow":["GET"]}}],"collection":[{"href":"https:\/\/repliquemangacine.fr\/es\/wp-json\/wp\/v2\/product"}],"about":[{"href":"https:\/\/repliquemangacine.fr\/es\/wp-json\/wp\/v2\/types\/product"}],"wp:featuredmedia":[{"embeddable":true,"href":"https:\/\/repliquemangacine.fr\/es\/wp-json\/wp\/v2\/media\/46239"}],"wp:attachment":[{"href":"https:\/\/repliquemangacine.fr\/es\/wp-json\/wp\/v2\/media?parent=46238"}],"wp:term":[{"taxonomy":"product_brand","embeddable":true,"href":"https:\/\/repliquemangacine.fr\/es\/wp-json\/wp\/v2\/product_brand?post=46238"},{"taxonomy":"product_cat","embeddable":true,"href":"https:\/\/repliquemangacine.fr\/es\/wp-json\/wp\/v2\/product_cat?post=46238"},{"taxonomy":"product_tag","embeddable":true,"href":"https:\/\/repliquemangacine.fr\/es\/wp-json\/wp\/v2\/product_tag?post=46238"}],"curies":[{"name":"wp","href":"https:\/\/api.w.org\/{rel}","templated":true}]}}