





{"id":45278,"date":"2021-12-03T14:52:23","date_gmt":"2021-12-03T13:52:23","guid":{"rendered":"https:\/\/repliquemangacine.fr\/?post_type=product&#038;p=45278"},"modified":"2026-04-02T19:39:20","modified_gmt":"2026-04-02T17:39:20","slug":"sable-pirata-sable-bucanero","status":"publish","type":"product","link":"https:\/\/repliquemangacine.fr\/es\/sabre-dabordage-de-pirate\/sabre-pirate-sabre-dabordage-flibustier\/","title":{"rendered":"Espada de abordaje Flibustier"},"content":{"rendered":"<h2>Espada de abordaje Flibustier<\/h2>\n<p>Para empezar, el <strong>Espada de abordaje Flibustier<\/strong> Es un arma blanca utilizada en la marina. Se trata de una especie de sable corto con hoja gruesa, que sirve tanto como arma como herramienta (por ejemplo, para cortar cuerdas). Tambi\u00e9n se le conoce como \u00abcuchara de olla\u00bb.<\/p>\n<p>Se denomina \u00abcuill\u00e8re \u00e0 pot\u00bb (cuchara de olla) a una espada de abordaje utilizada por la marina militar francesa durante el Primer Imperio. Est\u00e1 provista de una concha en forma de cuchara destinada a proteger la mano. Es en este sentido que aparece este objeto en la expresi\u00f3n \u00aben deux coups de cuill\u00e8re \u00e0 pot\u00bb (en dos golpes de cuchara de olla), que significa \u201cr\u00e1pidamente\u201d, pero tambi\u00e9n \u201cviolentamente\u201d o \u00abde manera expeditiva\u00bb.<\/p>\n<h2>Tu espada de abordaje Flibustier al mejor precio.<\/h2>\n<p>Ofrecemos una amplia gama de reproducciones de armas hist\u00f3ricas.<\/p>\n<p>Lo primero y m\u00e1s importante,<\/p>\n<ul>\n<li>La reproducci\u00f3n de <a href=\"https:\/\/repliquemangacine.fr\/es\/armas-piratas\/poignard-pirates\/\">alfanje pirata<\/a>con su ancha hoja de acero.<\/li>\n<li>As\u00ed como el <a href=\"https:\/\/repliquemangacine.fr\/es\/armas-piratas\/daga-pistola-pirata-siglo-xviii\/\">Pistola daga<\/a> pirata, daga con pistola de chispas.<\/li>\n<li><a href=\"https:\/\/www.denix.fr\/fr\/catalogue\/colonial-et-pirate-1492-s-xviii\/maroquinerie\/715\/\" target=\"_blank\" rel=\"noopener noreferrer\">Denix<\/a> nos sorprende de nuevo con este peque\u00f1o <a href=\"https:\/\/repliquemangacine.fr\/es\/armas-piratas\/bourse-de-pirates-avec-monnaie\/\">bolso pirata<\/a> todo de cuero con logotipo pirata.<\/li>\n<li>Y muchos m\u00e1s por descubrir en nuestra tienda en l\u00ednea.<\/li>\n<\/ul>\n<p>Por eso, esta es una magn\u00edfica idea de regalo para todos los amantes de las armas piratas.<\/p>\n<p>En conclusi\u00f3n, puede utilizar este <strong>Espada de abordaje Flibustier<\/strong> para sus recreaciones y veladas tem\u00e1ticas. Pero, sobre todo, esta arma es una pieza de coleccionista y una pieza decorativa.<\/p>\n<h2>\u00bfC\u00f3mo mantengo la hoja de mi espada?<\/h2>\n<p>Las espadas de colecci\u00f3n y decorativas se fabrican y ensamblan de forma simplificada. Como su uso es decorativo, no cuentan con los elementos de seguridad necesarios para una espada japonesa destinada al entrenamiento.<\/p>\n<p>Sin embargo, su <strong>Espada de abordaje Flibustier<\/strong> a una hoja de acero que hay que mantener para evitar que se da\u00f1e con el tiempo. Cuando muestres tu espada, tus amigos sentir\u00e1n curiosidad por ver la hoja y tocarla. Aqu\u00ed es donde hay que tener cuidado, porque la acidez de los dedos es muy perjudicial para el acero, sea cual sea su calidad.<\/p>\n<p>Sin embargo, si esto ocurre, no te asustes, todo lo que necesitas es un pa\u00f1o humedecido con un poco de aceite y limpiar las huellas dactilares. Si haces esto, tu espada durar\u00e1 mucho tiempo.<\/p>","protected":false},"excerpt":{"rendered":"<p>R\u00e9plica de una t\u00edpica espada pirata de los siglos XVII y XVIII.<\/p>\n<ul>\n<li>Hoja de acero 440 con grabado.<\/li>\n<li>Guarda y olla de acero con aspecto de lat\u00f3n y grabado.<\/li>\n<li>Mango y pomo de acero.<\/li>\n<li>Funda de imitaci\u00f3n de cuero negro.<\/li>\n<li>Longitud de la hoja: 56cm - Longitud total: 79cm - Peso: 1190Grs<\/li>\n<\/ul>","protected":false},"featured_media":45279,"template":"","meta":[],"product_brand":[896],"product_cat":[49,25,115],"product_tag":[],"class_list":{"0":"post-45278","1":"product","2":"type-product","3":"status-publish","4":"has-post-thumbnail","6":"product_brand-replique-manga-cine","7":"product_cat-armes-de-pirates","8":"product_cat-armes-historiques","9":"product_cat-sabre-dabordage-de-pirate","11":"first","12":"instock","13":"taxable","14":"shipping-taxable","15":"purchasable","16":"product-type-simple"},"yoast_head":"<!-- This site is optimized with the Yoast SEO plugin v27.4 - https:\/\/yoast.com\/product\/yoast-seo-wordpress\/ -->\n<title>Sabre d&#039;abordage Flibustier - Vente en ligne d&#039;\u00c9p\u00e9es pirates - RMC<\/title>\n<meta name=\"description\" content=\"Offrez-lui ce Sabre d&#039;abordage Flibustier au meilleur prix - Lame en acier 440 - Fourreau bois - Cuill\u00e8re \u00e0 pot - Longueur totale : 79 cm - Envoi 24\/48h\" \/>\n<meta name=\"robots\" content=\"index, follow, max-snippet:-1, max-image-preview:large, max-video-preview:-1\" \/>\n<link rel=\"canonical\" href=\"https:\/\/repliquemangacine.fr\/es\/espada-pirata\/sable-pirata-sable-bucanero\/\" \/>\n<meta property=\"og:locale\" content=\"es_ES\" \/>\n<meta property=\"og:type\" content=\"article\" \/>\n<meta property=\"og:title\" content=\"Sabre d&#039;abordage Flibustier - Vente en ligne d&#039;\u00c9p\u00e9es pirates - RMC\" \/>\n<meta property=\"og:description\" content=\"Offrez-lui ce Sabre d&#039;abordage Flibustier au meilleur prix - Lame en acier 440 - Fourreau bois - Cuill\u00e8re \u00e0 pot - Longueur totale : 79 cm - Envoi 24\/48h\" \/>\n<meta property=\"og:url\" content=\"https:\/\/repliquemangacine.fr\/es\/espada-pirata\/sable-pirata-sable-bucanero\/\" \/>\n<meta property=\"og:site_name\" content=\"R\u00e9plique Manga Cin\u00e9\" \/>\n<meta property=\"article:publisher\" content=\"https:\/\/www.facebook.com\/RepliqueMangaCine\" \/>\n<meta property=\"article:modified_time\" content=\"2026-04-02T17:39:20+00:00\" \/>\n<meta property=\"og:image\" content=\"https:\/\/repliquemangacine.fr\/wp-content\/uploads\/2023\/10\/sabre-pirate-fourreau.jpg\" \/>\n\t<meta property=\"og:image:width\" content=\"800\" \/>\n\t<meta property=\"og:image:height\" content=\"800\" \/>\n\t<meta property=\"og:image:type\" content=\"image\/jpeg\" \/>\n<meta name=\"twitter:card\" content=\"summary_large_image\" \/>\n<meta name=\"twitter:label1\" content=\"Tiempo de lectura\" \/>\n\t<meta name=\"twitter:data1\" content=\"2 minutos\" \/>\n<script type=\"application\/ld+json\" class=\"yoast-schema-graph\">{\"@context\":\"https:\\\/\\\/schema.org\",\"@graph\":[{\"@type\":\"WebPage\",\"@id\":\"https:\\\/\\\/repliquemangacine.fr\\\/sabre-dabordage-de-pirate\\\/sabre-pirate-sabre-dabordage-flibustier\\\/\",\"url\":\"https:\\\/\\\/repliquemangacine.fr\\\/sabre-dabordage-de-pirate\\\/sabre-pirate-sabre-dabordage-flibustier\\\/\",\"name\":\"Sabre d'abordage Flibustier - Vente en ligne d'\u00c9p\u00e9es pirates - RMC\",\"isPartOf\":{\"@id\":\"https:\\\/\\\/repliquemangacine.fr\\\/#website\"},\"primaryImageOfPage\":{\"@id\":\"https:\\\/\\\/repliquemangacine.fr\\\/sabre-dabordage-de-pirate\\\/sabre-pirate-sabre-dabordage-flibustier\\\/#primaryimage\"},\"image\":{\"@id\":\"https:\\\/\\\/repliquemangacine.fr\\\/sabre-dabordage-de-pirate\\\/sabre-pirate-sabre-dabordage-flibustier\\\/#primaryimage\"},\"thumbnailUrl\":\"https:\\\/\\\/repliquemangacine.fr\\\/wp-content\\\/uploads\\\/2023\\\/10\\\/sabre-pirate-fourreau.jpg\",\"datePublished\":\"2021-12-03T13:52:23+00:00\",\"dateModified\":\"2026-04-02T17:39:20+00:00\",\"description\":\"Offrez-lui ce Sabre d'abordage Flibustier au meilleur prix - Lame en acier 440 - Fourreau bois - Cuill\u00e8re \u00e0 pot - Longueur totale : 79 cm - Envoi 24\\\/48h\",\"breadcrumb\":{\"@id\":\"https:\\\/\\\/repliquemangacine.fr\\\/sabre-dabordage-de-pirate\\\/sabre-pirate-sabre-dabordage-flibustier\\\/#breadcrumb\"},\"inLanguage\":\"es\",\"potentialAction\":[{\"@type\":\"ReadAction\",\"target\":[\"https:\\\/\\\/repliquemangacine.fr\\\/sabre-dabordage-de-pirate\\\/sabre-pirate-sabre-dabordage-flibustier\\\/\"]}]},{\"@type\":\"ImageObject\",\"inLanguage\":\"es\",\"@id\":\"https:\\\/\\\/repliquemangacine.fr\\\/sabre-dabordage-de-pirate\\\/sabre-pirate-sabre-dabordage-flibustier\\\/#primaryimage\",\"url\":\"https:\\\/\\\/repliquemangacine.fr\\\/wp-content\\\/uploads\\\/2023\\\/10\\\/sabre-pirate-fourreau.jpg\",\"contentUrl\":\"https:\\\/\\\/repliquemangacine.fr\\\/wp-content\\\/uploads\\\/2023\\\/10\\\/sabre-pirate-fourreau.jpg\",\"width\":800,\"height\":800,\"caption\":\"Sabre d'abordage Flibustier, lame acier\"},{\"@type\":\"BreadcrumbList\",\"@id\":\"https:\\\/\\\/repliquemangacine.fr\\\/sabre-dabordage-de-pirate\\\/sabre-pirate-sabre-dabordage-flibustier\\\/#breadcrumb\",\"itemListElement\":[{\"@type\":\"ListItem\",\"position\":1,\"name\":\"Accueil\",\"item\":\"https:\\\/\\\/repliquemangacine.fr\\\/\"},{\"@type\":\"ListItem\",\"position\":2,\"name\":\"Produits\",\"item\":\"https:\\\/\\\/repliquemangacine.fr\\\/boutique\\\/\"},{\"@type\":\"ListItem\",\"position\":3,\"name\":\"Sabre d&#8217;abordage Flibustier\"}]},{\"@type\":\"WebSite\",\"@id\":\"https:\\\/\\\/repliquemangacine.fr\\\/#website\",\"url\":\"https:\\\/\\\/repliquemangacine.fr\\\/\",\"name\":\"R\u00e9plique Manga Cin\u00e9\",\"description\":\"\",\"publisher\":{\"@id\":\"https:\\\/\\\/repliquemangacine.fr\\\/#organization\"},\"potentialAction\":[{\"@type\":\"SearchAction\",\"target\":{\"@type\":\"EntryPoint\",\"urlTemplate\":\"https:\\\/\\\/repliquemangacine.fr\\\/?s={search_term_string}\"},\"query-input\":{\"@type\":\"PropertyValueSpecification\",\"valueRequired\":true,\"valueName\":\"search_term_string\"}}],\"inLanguage\":\"es\"},{\"@type\":\"Organization\",\"@id\":\"https:\\\/\\\/repliquemangacine.fr\\\/#organization\",\"name\":\"R\u00e9plique Manga Cin\u00e9\",\"url\":\"https:\\\/\\\/repliquemangacine.fr\\\/\",\"logo\":{\"@type\":\"ImageObject\",\"inLanguage\":\"es\",\"@id\":\"https:\\\/\\\/repliquemangacine.fr\\\/#\\\/schema\\\/logo\\\/image\\\/\",\"url\":\"https:\\\/\\\/repliquemangacine.fr\\\/wp-content\\\/uploads\\\/2023\\\/10\\\/RMC-500250.png\",\"contentUrl\":\"https:\\\/\\\/repliquemangacine.fr\\\/wp-content\\\/uploads\\\/2023\\\/10\\\/RMC-500250.png\",\"width\":500,\"height\":250,\"caption\":\"R\u00e9plique Manga Cin\u00e9\"},\"image\":{\"@id\":\"https:\\\/\\\/repliquemangacine.fr\\\/#\\\/schema\\\/logo\\\/image\\\/\"},\"sameAs\":[\"https:\\\/\\\/www.facebook.com\\\/RepliqueMangaCine\",\"https:\\\/\\\/www.instagram.com\\\/repliquemangacine.fr\\\/\"]}]}<\/script>\n<!-- \/ Yoast SEO plugin. -->","yoast_head_json":{"title":"Espada de abordaje Flibustier - Espadas piratas en venta online - RMC","description":"Ofr\u00e9zcale esta espada de abordaje Flibustier al mejor precio - Hoja de acero 440 - Vaina de madera - Cuchara de olla - Longitud total: 79 cm - Env\u00edo 24\/48h","robots":{"index":"index","follow":"follow","max-snippet":"max-snippet:-1","max-image-preview":"max-image-preview:large","max-video-preview":"max-video-preview:-1"},"canonical":"https:\/\/repliquemangacine.fr\/es\/espada-pirata\/sable-pirata-sable-bucanero\/","og_locale":"es_ES","og_type":"article","og_title":"Sabre d'abordage Flibustier - Vente en ligne d'\u00c9p\u00e9es pirates - RMC","og_description":"Offrez-lui ce Sabre d'abordage Flibustier au meilleur prix - Lame en acier 440 - Fourreau bois - Cuill\u00e8re \u00e0 pot - Longueur totale : 79 cm - Envoi 24\/48h","og_url":"https:\/\/repliquemangacine.fr\/es\/espada-pirata\/sable-pirata-sable-bucanero\/","og_site_name":"R\u00e9plique Manga Cin\u00e9","article_publisher":"https:\/\/www.facebook.com\/RepliqueMangaCine","article_modified_time":"2026-04-02T17:39:20+00:00","og_image":[{"width":800,"height":800,"url":"https:\/\/repliquemangacine.fr\/wp-content\/uploads\/2023\/10\/sabre-pirate-fourreau.jpg","type":"image\/jpeg"}],"twitter_card":"summary_large_image","twitter_misc":{"Tiempo de lectura":"2 minutos"},"schema":{"@context":"https:\/\/schema.org","@graph":[{"@type":"WebPage","@id":"https:\/\/repliquemangacine.fr\/sabre-dabordage-de-pirate\/sabre-pirate-sabre-dabordage-flibustier\/","url":"https:\/\/repliquemangacine.fr\/sabre-dabordage-de-pirate\/sabre-pirate-sabre-dabordage-flibustier\/","name":"Espada de abordaje Flibustier - Espadas piratas en venta online - RMC","isPartOf":{"@id":"https:\/\/repliquemangacine.fr\/#website"},"primaryImageOfPage":{"@id":"https:\/\/repliquemangacine.fr\/sabre-dabordage-de-pirate\/sabre-pirate-sabre-dabordage-flibustier\/#primaryimage"},"image":{"@id":"https:\/\/repliquemangacine.fr\/sabre-dabordage-de-pirate\/sabre-pirate-sabre-dabordage-flibustier\/#primaryimage"},"thumbnailUrl":"https:\/\/repliquemangacine.fr\/wp-content\/uploads\/2023\/10\/sabre-pirate-fourreau.jpg","datePublished":"2021-12-03T13:52:23+00:00","dateModified":"2026-04-02T17:39:20+00:00","description":"Ofr\u00e9zcale esta espada de abordaje Flibustier al mejor precio - Hoja de acero 440 - Vaina de madera - Cuchara de olla - Longitud total: 79 cm - Env\u00edo 24\/48h","breadcrumb":{"@id":"https:\/\/repliquemangacine.fr\/sabre-dabordage-de-pirate\/sabre-pirate-sabre-dabordage-flibustier\/#breadcrumb"},"inLanguage":"es","potentialAction":[{"@type":"ReadAction","target":["https:\/\/repliquemangacine.fr\/sabre-dabordage-de-pirate\/sabre-pirate-sabre-dabordage-flibustier\/"]}]},{"@type":"ImageObject","inLanguage":"es","@id":"https:\/\/repliquemangacine.fr\/sabre-dabordage-de-pirate\/sabre-pirate-sabre-dabordage-flibustier\/#primaryimage","url":"https:\/\/repliquemangacine.fr\/wp-content\/uploads\/2023\/10\/sabre-pirate-fourreau.jpg","contentUrl":"https:\/\/repliquemangacine.fr\/wp-content\/uploads\/2023\/10\/sabre-pirate-fourreau.jpg","width":800,"height":800,"caption":"Sabre d'abordage Flibustier, lame acier"},{"@type":"BreadcrumbList","@id":"https:\/\/repliquemangacine.fr\/sabre-dabordage-de-pirate\/sabre-pirate-sabre-dabordage-flibustier\/#breadcrumb","itemListElement":[{"@type":"ListItem","position":1,"name":"Accueil","item":"https:\/\/repliquemangacine.fr\/"},{"@type":"ListItem","position":2,"name":"Produits","item":"https:\/\/repliquemangacine.fr\/boutique\/"},{"@type":"ListItem","position":3,"name":"Sabre d&#8217;abordage Flibustier"}]},{"@type":"WebSite","@id":"https:\/\/repliquemangacine.fr\/#website","url":"https:\/\/repliquemangacine.fr\/","name":"R\u00e9plique Manga Cin\u00e9","description":"","publisher":{"@id":"https:\/\/repliquemangacine.fr\/#organization"},"potentialAction":[{"@type":"SearchAction","target":{"@type":"EntryPoint","urlTemplate":"https:\/\/repliquemangacine.fr\/?s={search_term_string}"},"query-input":{"@type":"PropertyValueSpecification","valueRequired":true,"valueName":"search_term_string"}}],"inLanguage":"es"},{"@type":"Organization","@id":"https:\/\/repliquemangacine.fr\/#organization","name":"R\u00e9plique Manga Cin\u00e9","url":"https:\/\/repliquemangacine.fr\/","logo":{"@type":"ImageObject","inLanguage":"es","@id":"https:\/\/repliquemangacine.fr\/#\/schema\/logo\/image\/","url":"https:\/\/repliquemangacine.fr\/wp-content\/uploads\/2023\/10\/RMC-500250.png","contentUrl":"https:\/\/repliquemangacine.fr\/wp-content\/uploads\/2023\/10\/RMC-500250.png","width":500,"height":250,"caption":"R\u00e9plique Manga Cin\u00e9"},"image":{"@id":"https:\/\/repliquemangacine.fr\/#\/schema\/logo\/image\/"},"sameAs":["https:\/\/www.facebook.com\/RepliqueMangaCine","https:\/\/www.instagram.com\/repliquemangacine.fr\/"]}]}},"_links":{"self":[{"href":"https:\/\/repliquemangacine.fr\/es\/wp-json\/wp\/v2\/product\/45278","targetHints":{"allow":["GET"]}}],"collection":[{"href":"https:\/\/repliquemangacine.fr\/es\/wp-json\/wp\/v2\/product"}],"about":[{"href":"https:\/\/repliquemangacine.fr\/es\/wp-json\/wp\/v2\/types\/product"}],"wp:featuredmedia":[{"embeddable":true,"href":"https:\/\/repliquemangacine.fr\/es\/wp-json\/wp\/v2\/media\/45279"}],"wp:attachment":[{"href":"https:\/\/repliquemangacine.fr\/es\/wp-json\/wp\/v2\/media?parent=45278"}],"wp:term":[{"taxonomy":"product_brand","embeddable":true,"href":"https:\/\/repliquemangacine.fr\/es\/wp-json\/wp\/v2\/product_brand?post=45278"},{"taxonomy":"product_cat","embeddable":true,"href":"https:\/\/repliquemangacine.fr\/es\/wp-json\/wp\/v2\/product_cat?post=45278"},{"taxonomy":"product_tag","embeddable":true,"href":"https:\/\/repliquemangacine.fr\/es\/wp-json\/wp\/v2\/product_tag?post=45278"}],"curies":[{"name":"wp","href":"https:\/\/api.w.org\/{rel}","templated":true}]}}