





{"id":44256,"date":"2021-11-09T15:46:41","date_gmt":"2021-11-09T14:46:41","guid":{"rendered":"https:\/\/repliquemangacine.fr\/?post_type=product&#038;p=44256"},"modified":"2025-12-07T15:01:58","modified_gmt":"2025-12-07T14:01:58","slug":"epee-argent-geralt-de-riv-the-witcher","status":"publish","type":"product","link":"https:\/\/repliquemangacine.fr\/es\/epee-the-witcher\/epee-argent-geralt-de-riv-the-witcher\/","title":{"rendered":"Espada de plata Geralt de riv The Witcher"},"content":{"rendered":"<h2>Espada de plata de Geralt de riv The Witcher.<\/h2>\n<p>Para empezar, el<strong>Espada de plata Geralt de riv<\/strong> en The Witcher, est\u00e1 en la temporada 2 de Netflix.<\/p>\n<p>Reconocido por los profesionales del sector como un juego excepcional, que ha logrado alcanzar sus ambiciosos objetivos. Todos coinciden en la calidad narrativa y la capacidad de inmersi\u00f3n del t\u00edtulo, y son muchos los que dedican <a href=\"https:\/\/witcher.fandom.com\/wiki\/The_Witcher_3:_Wild_Hunt\" target=\"_blank\" rel=\"noopener noreferrer\">The Witcher 3<\/a> como una obra maestra.<\/p>\n<p>Geralt de Riv, un brujo dotado de habilidades extraordinarias y gen\u00e9ticamente modificado por un entrenamiento intensivo desde su infancia. Ofrece sus servicios como cazador de monstruos gracias a sus habilidades para rastrear, luchar y hacer magia.<\/p>\n<p>Lleva a la espalda dos espadas que forman parte del equipamiento de la escuela del lobo del Maestro. Una de ellas se utiliza para matar monstruos y la otra para matar humanos.<\/p>\n<h2>Tu Geralt de Riv Espada de Plata al mejor precio.<\/h2>\n<p>Te ofrecemos todas las r\u00e9plicas del juego The Witcher 3, pero tambi\u00e9n de la serie The Witcher de Netflix.<\/p>\n<p>Lo primero y m\u00e1s importante,<\/p>\n<ul>\n<li>L'<a href=\"https:\/\/repliquemangacine.fr\/es\/el-brujo\/epee-wolf-the-witcher3-geralt-de-riv\/\">Espada de lobo<\/a> utilizado para matar humanos.<\/li>\n<li>As\u00ed como el medall\u00f3n que lleva la versi\u00f3n de G\u00e9ralt <a href=\"https:\/\/repliquemangacine.fr\/es\/el-brujo\/llavero-wolf-the-witcher\/\">llavero<\/a>.<\/li>\n<li>Y muchos m\u00e1s por descubrir en nuestra tienda en l\u00ednea.<\/li>\n<\/ul>\n<p>Por eso, aqu\u00ed tienes unas ideas geniales para regalar a los fans de The Witcher.<\/p>\n<p>En conclusi\u00f3n, tambi\u00e9n puede utilizar este <strong>Espada de plata Geralt de riv<\/strong> para tus desfiles de cosplay o tus fiestas tem\u00e1ticas. Pero, ante todo, la espada The Witcher es tambi\u00e9n una pieza de colecci\u00f3n y decoraci\u00f3n.<\/p>\n<p>R\u00e9plique Manga Cin\u00e9 es una empresa francesa<\/p>\n<h2>\u00bfC\u00f3mo mantengo la hoja de mi espada The Witcher?<\/h2>\n<p>Las espadas de colecci\u00f3n y decorativas se fabrican y ensamblan de forma simplificada. Como su uso es decorativo, no cuentan con los elementos de seguridad necesarios para una espada japonesa destinada al entrenamiento.<\/p>\n<p>Sin embargo, su <strong>Espada de plata Geralt de Riv<\/strong> a una hoja de acero que hay que cuidar para evitar que se estropee con el tiempo. Cuando exponga su katana, sus amigos sentir\u00e1n curiosidad por ver la hoja y tocarla. Aqu\u00ed es donde hay que tener cuidado, ya que la acidez de los dedos es muy perjudicial para el acero, sea cual sea su calidad.<\/p>\n<p>Sin embargo, si esto ocurre, no te asustes, todo lo que necesitas es un pa\u00f1o humedecido con un poco de aceite y limpiar las huellas dactilares. Si haces esto, tu espada durar\u00e1 mucho tiempo.<\/p>\n<p><strong>\u00a0<\/strong><\/p>","protected":false},"excerpt":{"rendered":"<p>Espada inspirada en la serie The Witcher de Netflix.<\/p>\n<ul>\n<li>Empu\u00f1adura y pomo de acero macizo.<\/li>\n<li>Hoja de acero 440 con ranura.<\/li>\n<li>Vaina recubierta de cuero blanco.<\/li>\n<li>Mango ABS blanco<\/li>\n<li>Longitud de la hoja: 90,5 cm - Longitud total: 122 cm<\/li>\n<li>Peso : 1045grs<\/li>\n<\/ul>\n<p><span style=\"color: #ff0000;\"><strong>El colgante con los ojos rojos viene con esta espada.<\/strong><\/span><\/p>","protected":false},"featured_media":44257,"template":"","meta":[],"product_brand":[896],"product_cat":[23,58],"product_tag":[],"class_list":{"0":"post-44256","1":"product","2":"type-product","3":"status-publish","4":"has-post-thumbnail","6":"product_brand-replique-manga-cine","7":"product_cat-repliques-manga-jeux-video","8":"product_cat-epee-the-witcher","10":"first","11":"instock","12":"sale","13":"taxable","14":"shipping-taxable","15":"purchasable","16":"product-type-simple"},"yoast_head":"<!-- This site is optimized with the Yoast SEO plugin v27.4 - https:\/\/yoast.com\/product\/yoast-seo-wordpress\/ -->\n<title>Ep\u00e9e argent Geralt de riv - The Witcher - Boutique en ligne - RMC<\/title>\n<meta name=\"description\" content=\"Exclusivit\u00e9 ! l&#039;Ep\u00e9e argent Geralt de riv dans The Witcher saison 2 au meilleur prix. Lame acier - Echelle 1\/1 - Longueur : 122 cm - Envoi 24\/48h\" \/>\n<meta name=\"robots\" content=\"index, follow, max-snippet:-1, max-image-preview:large, max-video-preview:-1\" \/>\n<link rel=\"canonical\" href=\"https:\/\/repliquemangacine.fr\/es\/epee-the-witcher\/epee-argent-geralt-de-riv-the-witcher\/\" \/>\n<meta property=\"og:locale\" content=\"es_ES\" \/>\n<meta property=\"og:type\" content=\"article\" \/>\n<meta property=\"og:title\" content=\"Ep\u00e9e argent Geralt de riv - The Witcher - Boutique en ligne - RMC\" \/>\n<meta property=\"og:description\" content=\"Exclusivit\u00e9 ! l&#039;Ep\u00e9e argent Geralt de riv dans The Witcher saison 2 au meilleur prix. Lame acier - Echelle 1\/1 - Longueur : 122 cm - Envoi 24\/48h\" \/>\n<meta property=\"og:url\" content=\"https:\/\/repliquemangacine.fr\/es\/epee-the-witcher\/epee-argent-geralt-de-riv-the-witcher\/\" \/>\n<meta property=\"og:site_name\" content=\"R\u00e9plique Manga Cin\u00e9\" \/>\n<meta property=\"article:publisher\" content=\"https:\/\/www.facebook.com\/RepliqueMangaCine\" \/>\n<meta property=\"article:modified_time\" content=\"2025-12-07T14:01:58+00:00\" \/>\n<meta property=\"og:image\" content=\"https:\/\/repliquemangacine.fr\/wp-content\/uploads\/2023\/10\/epee-the-witcher-lamefourreaublanc.png\" \/>\n\t<meta property=\"og:image:width\" content=\"600\" \/>\n\t<meta property=\"og:image:height\" content=\"600\" \/>\n\t<meta property=\"og:image:type\" content=\"image\/png\" \/>\n<meta name=\"twitter:card\" content=\"summary_large_image\" \/>\n<meta name=\"twitter:label1\" content=\"Tiempo de lectura\" \/>\n\t<meta name=\"twitter:data1\" content=\"1 minuto\" \/>\n<script type=\"application\/ld+json\" class=\"yoast-schema-graph\">{\"@context\":\"https:\\\/\\\/schema.org\",\"@graph\":[{\"@type\":\"WebPage\",\"@id\":\"https:\\\/\\\/repliquemangacine.fr\\\/epee-the-witcher\\\/epee-argent-geralt-de-riv-the-witcher\\\/\",\"url\":\"https:\\\/\\\/repliquemangacine.fr\\\/epee-the-witcher\\\/epee-argent-geralt-de-riv-the-witcher\\\/\",\"name\":\"Ep\u00e9e argent Geralt de riv - The Witcher - Boutique en ligne - RMC\",\"isPartOf\":{\"@id\":\"https:\\\/\\\/repliquemangacine.fr\\\/#website\"},\"primaryImageOfPage\":{\"@id\":\"https:\\\/\\\/repliquemangacine.fr\\\/epee-the-witcher\\\/epee-argent-geralt-de-riv-the-witcher\\\/#primaryimage\"},\"image\":{\"@id\":\"https:\\\/\\\/repliquemangacine.fr\\\/epee-the-witcher\\\/epee-argent-geralt-de-riv-the-witcher\\\/#primaryimage\"},\"thumbnailUrl\":\"https:\\\/\\\/repliquemangacine.fr\\\/wp-content\\\/uploads\\\/2023\\\/10\\\/epee-the-witcher-lamefourreaublanc.png\",\"datePublished\":\"2021-11-09T14:46:41+00:00\",\"dateModified\":\"2025-12-07T14:01:58+00:00\",\"description\":\"Exclusivit\u00e9 ! l'Ep\u00e9e argent Geralt de riv dans The Witcher saison 2 au meilleur prix. Lame acier - Echelle 1\\\/1 - Longueur : 122 cm - Envoi 24\\\/48h\",\"breadcrumb\":{\"@id\":\"https:\\\/\\\/repliquemangacine.fr\\\/epee-the-witcher\\\/epee-argent-geralt-de-riv-the-witcher\\\/#breadcrumb\"},\"inLanguage\":\"es\",\"potentialAction\":[{\"@type\":\"ReadAction\",\"target\":[\"https:\\\/\\\/repliquemangacine.fr\\\/epee-the-witcher\\\/epee-argent-geralt-de-riv-the-witcher\\\/\"]}]},{\"@type\":\"ImageObject\",\"inLanguage\":\"es\",\"@id\":\"https:\\\/\\\/repliquemangacine.fr\\\/epee-the-witcher\\\/epee-argent-geralt-de-riv-the-witcher\\\/#primaryimage\",\"url\":\"https:\\\/\\\/repliquemangacine.fr\\\/wp-content\\\/uploads\\\/2023\\\/10\\\/epee-the-witcher-lamefourreaublanc.png\",\"contentUrl\":\"https:\\\/\\\/repliquemangacine.fr\\\/wp-content\\\/uploads\\\/2023\\\/10\\\/epee-the-witcher-lamefourreaublanc.png\",\"width\":600,\"height\":600,\"caption\":\"Ep\u00e9e argent Geralt de riv The witcher\"},{\"@type\":\"BreadcrumbList\",\"@id\":\"https:\\\/\\\/repliquemangacine.fr\\\/epee-the-witcher\\\/epee-argent-geralt-de-riv-the-witcher\\\/#breadcrumb\",\"itemListElement\":[{\"@type\":\"ListItem\",\"position\":1,\"name\":\"Accueil\",\"item\":\"https:\\\/\\\/repliquemangacine.fr\\\/\"},{\"@type\":\"ListItem\",\"position\":2,\"name\":\"Produits\",\"item\":\"https:\\\/\\\/repliquemangacine.fr\\\/boutique\\\/\"},{\"@type\":\"ListItem\",\"position\":3,\"name\":\"Ep\u00e9e argent Geralt de riv The Witcher\"}]},{\"@type\":\"WebSite\",\"@id\":\"https:\\\/\\\/repliquemangacine.fr\\\/#website\",\"url\":\"https:\\\/\\\/repliquemangacine.fr\\\/\",\"name\":\"R\u00e9plique Manga Cin\u00e9\",\"description\":\"\",\"publisher\":{\"@id\":\"https:\\\/\\\/repliquemangacine.fr\\\/#organization\"},\"potentialAction\":[{\"@type\":\"SearchAction\",\"target\":{\"@type\":\"EntryPoint\",\"urlTemplate\":\"https:\\\/\\\/repliquemangacine.fr\\\/?s={search_term_string}\"},\"query-input\":{\"@type\":\"PropertyValueSpecification\",\"valueRequired\":true,\"valueName\":\"search_term_string\"}}],\"inLanguage\":\"es\"},{\"@type\":\"Organization\",\"@id\":\"https:\\\/\\\/repliquemangacine.fr\\\/#organization\",\"name\":\"R\u00e9plique Manga Cin\u00e9\",\"url\":\"https:\\\/\\\/repliquemangacine.fr\\\/\",\"logo\":{\"@type\":\"ImageObject\",\"inLanguage\":\"es\",\"@id\":\"https:\\\/\\\/repliquemangacine.fr\\\/#\\\/schema\\\/logo\\\/image\\\/\",\"url\":\"https:\\\/\\\/repliquemangacine.fr\\\/wp-content\\\/uploads\\\/2023\\\/10\\\/RMC-500250.png\",\"contentUrl\":\"https:\\\/\\\/repliquemangacine.fr\\\/wp-content\\\/uploads\\\/2023\\\/10\\\/RMC-500250.png\",\"width\":500,\"height\":250,\"caption\":\"R\u00e9plique Manga Cin\u00e9\"},\"image\":{\"@id\":\"https:\\\/\\\/repliquemangacine.fr\\\/#\\\/schema\\\/logo\\\/image\\\/\"},\"sameAs\":[\"https:\\\/\\\/www.facebook.com\\\/RepliqueMangaCine\",\"https:\\\/\\\/www.instagram.com\\\/repliquemangacine.fr\\\/\"]}]}<\/script>\n<!-- \/ Yoast SEO plugin. -->","yoast_head_json":{"title":"Espada de plata Geralt de riv - The Witcher - Tienda Online - RMC","description":"Exclusiva! La Espada de Plata Geralt de riv en The Witcher temporada 2 al mejor precio. Hoja de acero - Escala 1\/1 - Longitud: 122 cm - Env\u00edo 24\/48h","robots":{"index":"index","follow":"follow","max-snippet":"max-snippet:-1","max-image-preview":"max-image-preview:large","max-video-preview":"max-video-preview:-1"},"canonical":"https:\/\/repliquemangacine.fr\/es\/epee-the-witcher\/epee-argent-geralt-de-riv-the-witcher\/","og_locale":"es_ES","og_type":"article","og_title":"Ep\u00e9e argent Geralt de riv - The Witcher - Boutique en ligne - RMC","og_description":"Exclusivit\u00e9 ! l'Ep\u00e9e argent Geralt de riv dans The Witcher saison 2 au meilleur prix. Lame acier - Echelle 1\/1 - Longueur : 122 cm - Envoi 24\/48h","og_url":"https:\/\/repliquemangacine.fr\/es\/epee-the-witcher\/epee-argent-geralt-de-riv-the-witcher\/","og_site_name":"R\u00e9plique Manga Cin\u00e9","article_publisher":"https:\/\/www.facebook.com\/RepliqueMangaCine","article_modified_time":"2025-12-07T14:01:58+00:00","og_image":[{"width":600,"height":600,"url":"https:\/\/repliquemangacine.fr\/wp-content\/uploads\/2023\/10\/epee-the-witcher-lamefourreaublanc.png","type":"image\/png"}],"twitter_card":"summary_large_image","twitter_misc":{"Tiempo de lectura":"1 minuto"},"schema":{"@context":"https:\/\/schema.org","@graph":[{"@type":"WebPage","@id":"https:\/\/repliquemangacine.fr\/epee-the-witcher\/epee-argent-geralt-de-riv-the-witcher\/","url":"https:\/\/repliquemangacine.fr\/epee-the-witcher\/epee-argent-geralt-de-riv-the-witcher\/","name":"Espada de plata Geralt de riv - The Witcher - Tienda Online - RMC","isPartOf":{"@id":"https:\/\/repliquemangacine.fr\/#website"},"primaryImageOfPage":{"@id":"https:\/\/repliquemangacine.fr\/epee-the-witcher\/epee-argent-geralt-de-riv-the-witcher\/#primaryimage"},"image":{"@id":"https:\/\/repliquemangacine.fr\/epee-the-witcher\/epee-argent-geralt-de-riv-the-witcher\/#primaryimage"},"thumbnailUrl":"https:\/\/repliquemangacine.fr\/wp-content\/uploads\/2023\/10\/epee-the-witcher-lamefourreaublanc.png","datePublished":"2021-11-09T14:46:41+00:00","dateModified":"2025-12-07T14:01:58+00:00","description":"Exclusiva! La Espada de Plata Geralt de riv en The Witcher temporada 2 al mejor precio. Hoja de acero - Escala 1\/1 - Longitud: 122 cm - Env\u00edo 24\/48h","breadcrumb":{"@id":"https:\/\/repliquemangacine.fr\/epee-the-witcher\/epee-argent-geralt-de-riv-the-witcher\/#breadcrumb"},"inLanguage":"es","potentialAction":[{"@type":"ReadAction","target":["https:\/\/repliquemangacine.fr\/epee-the-witcher\/epee-argent-geralt-de-riv-the-witcher\/"]}]},{"@type":"ImageObject","inLanguage":"es","@id":"https:\/\/repliquemangacine.fr\/epee-the-witcher\/epee-argent-geralt-de-riv-the-witcher\/#primaryimage","url":"https:\/\/repliquemangacine.fr\/wp-content\/uploads\/2023\/10\/epee-the-witcher-lamefourreaublanc.png","contentUrl":"https:\/\/repliquemangacine.fr\/wp-content\/uploads\/2023\/10\/epee-the-witcher-lamefourreaublanc.png","width":600,"height":600,"caption":"Ep\u00e9e argent Geralt de riv The witcher"},{"@type":"BreadcrumbList","@id":"https:\/\/repliquemangacine.fr\/epee-the-witcher\/epee-argent-geralt-de-riv-the-witcher\/#breadcrumb","itemListElement":[{"@type":"ListItem","position":1,"name":"Accueil","item":"https:\/\/repliquemangacine.fr\/"},{"@type":"ListItem","position":2,"name":"Produits","item":"https:\/\/repliquemangacine.fr\/boutique\/"},{"@type":"ListItem","position":3,"name":"Ep\u00e9e argent Geralt de riv The Witcher"}]},{"@type":"WebSite","@id":"https:\/\/repliquemangacine.fr\/#website","url":"https:\/\/repliquemangacine.fr\/","name":"R\u00e9plique Manga Cin\u00e9","description":"","publisher":{"@id":"https:\/\/repliquemangacine.fr\/#organization"},"potentialAction":[{"@type":"SearchAction","target":{"@type":"EntryPoint","urlTemplate":"https:\/\/repliquemangacine.fr\/?s={search_term_string}"},"query-input":{"@type":"PropertyValueSpecification","valueRequired":true,"valueName":"search_term_string"}}],"inLanguage":"es"},{"@type":"Organization","@id":"https:\/\/repliquemangacine.fr\/#organization","name":"R\u00e9plique Manga Cin\u00e9","url":"https:\/\/repliquemangacine.fr\/","logo":{"@type":"ImageObject","inLanguage":"es","@id":"https:\/\/repliquemangacine.fr\/#\/schema\/logo\/image\/","url":"https:\/\/repliquemangacine.fr\/wp-content\/uploads\/2023\/10\/RMC-500250.png","contentUrl":"https:\/\/repliquemangacine.fr\/wp-content\/uploads\/2023\/10\/RMC-500250.png","width":500,"height":250,"caption":"R\u00e9plique Manga Cin\u00e9"},"image":{"@id":"https:\/\/repliquemangacine.fr\/#\/schema\/logo\/image\/"},"sameAs":["https:\/\/www.facebook.com\/RepliqueMangaCine","https:\/\/www.instagram.com\/repliquemangacine.fr\/"]}]}},"_links":{"self":[{"href":"https:\/\/repliquemangacine.fr\/es\/wp-json\/wp\/v2\/product\/44256","targetHints":{"allow":["GET"]}}],"collection":[{"href":"https:\/\/repliquemangacine.fr\/es\/wp-json\/wp\/v2\/product"}],"about":[{"href":"https:\/\/repliquemangacine.fr\/es\/wp-json\/wp\/v2\/types\/product"}],"wp:featuredmedia":[{"embeddable":true,"href":"https:\/\/repliquemangacine.fr\/es\/wp-json\/wp\/v2\/media\/44257"}],"wp:attachment":[{"href":"https:\/\/repliquemangacine.fr\/es\/wp-json\/wp\/v2\/media?parent=44256"}],"wp:term":[{"taxonomy":"product_brand","embeddable":true,"href":"https:\/\/repliquemangacine.fr\/es\/wp-json\/wp\/v2\/product_brand?post=44256"},{"taxonomy":"product_cat","embeddable":true,"href":"https:\/\/repliquemangacine.fr\/es\/wp-json\/wp\/v2\/product_cat?post=44256"},{"taxonomy":"product_tag","embeddable":true,"href":"https:\/\/repliquemangacine.fr\/es\/wp-json\/wp\/v2\/product_tag?post=44256"}],"curies":[{"name":"wp","href":"https:\/\/api.w.org\/{rel}","templated":true}]}}