





{"id":43913,"date":"2021-10-28T12:40:03","date_gmt":"2021-10-28T10:40:03","guid":{"rendered":"https:\/\/repliquemangacine.fr\/?post_type=product&#038;p=43913"},"modified":"2026-02-15T21:27:23","modified_gmt":"2026-02-15T20:27:23","slug":"soporte-mural-arbol-de-gondor","status":"publish","type":"product","link":"https:\/\/repliquemangacine.fr\/es\/epee-templier-medievale\/support-mural-arbre-du-gondor\/","title":{"rendered":"Soporte mural Arbre du Gondor SDA"},"content":{"rendered":"<p>Soporte de pared \u00c1rbol de Gondor para todas tus espadas de El Se\u00f1or de los Anillos<\/p>\n<p>El \u00c1rbol Blanco de Gondor proviene directamente de un fruto de Nimloth que Isildur logr\u00f3 salvar de la destrucci\u00f3n. Se encuentra en el Patio de la Fuente en Minas Tirith. El motivo del \u00c1rbol Blanco tambi\u00e9n aparece representado en la bandera de Gondor.<\/p>\n<p>En el a\u00f1o 2872 de la Tercera Edad, el \u00c1rbol Blanco de Gondor muri\u00f3 sin que se pudiera encontrar una planta para replantarlo. As\u00ed permaneci\u00f3 en el patio frente a la Torre de Ecthelion. Sin embargo, en mayo de 3019, tras el fin de la Guerra del Anillo, Aragorn encontr\u00f3 un arbusto descendiente del \u00c1rbol Blanco en las laderas del monte Mindolluin. (comentarios recopilados <a href=\"https:\/\/www.tolkiendil.com\/encyclo\/biologie\/flore\/arbre_blanc_du_gondor\">Tolkiendil<\/a> )<\/p>\n<p>Esta placa mural es ideal para exhibir de forma espectacular tus espadas de la famosa trilog\u00eda El Se\u00f1or de los Anillos.<\/p>\n<p>Gracias al soporte de pared \u00c1rbol de Gondor, podr\u00e1s embellecer tu colecci\u00f3n exponiendo en la pared las espadas que elijas. Por ejemplo, la<a href=\"https:\/\/repliquemangacine.fr\/es\/espadas-del-senor-de-los-anillos\/espada-anduril-aragorn-el-senor-de-los-anillos\/\">Espada Anduril con vaina<\/a>y el<a href=\"https:\/\/repliquemangacine.fr\/es\/espadas-del-senor-de-los-anillos\/strider-espada-aragorn-vaina-espada\/\">espada con vaina strider<\/a> que se entregan sin la placa de presentaci\u00f3n. Cabe se\u00f1alar que los fabricantes muy rara vez incluyen una placa de presentaci\u00f3n cuando hay un manguito.<\/p>","protected":false},"excerpt":{"rendered":"<p>Magn\u00edfica placa de pared totalmente de madera con el ideograma de El Se\u00f1or de los Anillos serigrafiado.<\/p>\n<p>Se suministra con kit de tornillos<\/p>","protected":false},"featured_media":43914,"template":"","meta":[],"product_brand":[896],"product_cat":[50,25,84,68,24,29,43],"product_tag":[],"class_list":{"0":"post-43913","1":"product","2":"type-product","3":"status-publish","4":"has-post-thumbnail","6":"product_brand-replique-manga-cine","7":"product_cat-accessoires-katana","8":"product_cat-armes-historiques","9":"product_cat-epee-templier-medievale","10":"product_cat-epees-seigneur-des-anneaux","11":"product_cat-films-series-tv-vente-de-katana-epee-et-produits-derives","12":"product_cat-le-seigneur-des-anneaux","13":"product_cat-reproductions-d-armes-et-accessoires-medievales","15":"first","16":"instock","17":"taxable","18":"shipping-taxable","19":"purchasable","20":"product-type-simple"},"yoast_head":"<!-- This site is optimized with the Yoast SEO plugin v27.4 - https:\/\/yoast.com\/product\/yoast-seo-wordpress\/ -->\n<title>Support mural Arbre du Gondor - R\u00e9plique Manga Cin\u00e9<\/title>\n<meta name=\"description\" content=\"Support mural Arbre du Gondor en bois, pour vos pr\u00e9sentations de vos \u00e9p\u00e9es du Seigneur des Anneaux. Envoi 24\/48h\" \/>\n<meta name=\"robots\" content=\"index, follow, max-snippet:-1, max-image-preview:large, max-video-preview:-1\" \/>\n<link rel=\"canonical\" href=\"https:\/\/repliquemangacine.fr\/es\/espada-templaria-medieval\/soporte-mural-arbol-de-gondor\/\" \/>\n<meta property=\"og:locale\" content=\"es_ES\" \/>\n<meta property=\"og:type\" content=\"article\" \/>\n<meta property=\"og:title\" content=\"Support mural Arbre du Gondor - R\u00e9plique Manga Cin\u00e9\" \/>\n<meta property=\"og:description\" content=\"Support mural Arbre du Gondor en bois, pour vos pr\u00e9sentations de vos \u00e9p\u00e9es du Seigneur des Anneaux. Envoi 24\/48h\" \/>\n<meta property=\"og:url\" content=\"https:\/\/repliquemangacine.fr\/es\/espada-templaria-medieval\/soporte-mural-arbol-de-gondor\/\" \/>\n<meta property=\"og:site_name\" content=\"R\u00e9plique Manga Cin\u00e9\" \/>\n<meta property=\"article:publisher\" content=\"https:\/\/www.facebook.com\/RepliqueMangaCine\" \/>\n<meta property=\"article:modified_time\" content=\"2026-02-15T20:27:23+00:00\" \/>\n<meta property=\"og:image\" content=\"https:\/\/repliquemangacine.fr\/wp-content\/uploads\/2023\/10\/support-epee-sda.jpg\" \/>\n\t<meta property=\"og:image:width\" content=\"800\" \/>\n\t<meta property=\"og:image:height\" content=\"800\" \/>\n\t<meta property=\"og:image:type\" content=\"image\/jpeg\" \/>\n<meta name=\"twitter:card\" content=\"summary_large_image\" \/>\n<meta name=\"twitter:label1\" content=\"Tiempo de lectura\" \/>\n\t<meta name=\"twitter:data1\" content=\"1 minuto\" \/>\n<script type=\"application\/ld+json\" class=\"yoast-schema-graph\">{\"@context\":\"https:\\\/\\\/schema.org\",\"@graph\":[{\"@type\":\"WebPage\",\"@id\":\"https:\\\/\\\/repliquemangacine.fr\\\/epee-templier-medievale\\\/support-mural-arbre-du-gondor\\\/\",\"url\":\"https:\\\/\\\/repliquemangacine.fr\\\/epee-templier-medievale\\\/support-mural-arbre-du-gondor\\\/\",\"name\":\"Support mural Arbre du Gondor - R\u00e9plique Manga Cin\u00e9\",\"isPartOf\":{\"@id\":\"https:\\\/\\\/repliquemangacine.fr\\\/#website\"},\"primaryImageOfPage\":{\"@id\":\"https:\\\/\\\/repliquemangacine.fr\\\/epee-templier-medievale\\\/support-mural-arbre-du-gondor\\\/#primaryimage\"},\"image\":{\"@id\":\"https:\\\/\\\/repliquemangacine.fr\\\/epee-templier-medievale\\\/support-mural-arbre-du-gondor\\\/#primaryimage\"},\"thumbnailUrl\":\"https:\\\/\\\/repliquemangacine.fr\\\/wp-content\\\/uploads\\\/2023\\\/10\\\/support-epee-sda.jpg\",\"datePublished\":\"2021-10-28T10:40:03+00:00\",\"dateModified\":\"2026-02-15T20:27:23+00:00\",\"description\":\"Support mural Arbre du Gondor en bois, pour vos pr\u00e9sentations de vos \u00e9p\u00e9es du Seigneur des Anneaux. Envoi 24\\\/48h\",\"breadcrumb\":{\"@id\":\"https:\\\/\\\/repliquemangacine.fr\\\/epee-templier-medievale\\\/support-mural-arbre-du-gondor\\\/#breadcrumb\"},\"inLanguage\":\"es\",\"potentialAction\":[{\"@type\":\"ReadAction\",\"target\":[\"https:\\\/\\\/repliquemangacine.fr\\\/epee-templier-medievale\\\/support-mural-arbre-du-gondor\\\/\"]}]},{\"@type\":\"ImageObject\",\"inLanguage\":\"es\",\"@id\":\"https:\\\/\\\/repliquemangacine.fr\\\/epee-templier-medievale\\\/support-mural-arbre-du-gondor\\\/#primaryimage\",\"url\":\"https:\\\/\\\/repliquemangacine.fr\\\/wp-content\\\/uploads\\\/2023\\\/10\\\/support-epee-sda.jpg\",\"contentUrl\":\"https:\\\/\\\/repliquemangacine.fr\\\/wp-content\\\/uploads\\\/2023\\\/10\\\/support-epee-sda.jpg\",\"width\":800,\"height\":800,\"caption\":\"Plaque murale en bois SDA\"},{\"@type\":\"BreadcrumbList\",\"@id\":\"https:\\\/\\\/repliquemangacine.fr\\\/epee-templier-medievale\\\/support-mural-arbre-du-gondor\\\/#breadcrumb\",\"itemListElement\":[{\"@type\":\"ListItem\",\"position\":1,\"name\":\"Accueil\",\"item\":\"https:\\\/\\\/repliquemangacine.fr\\\/\"},{\"@type\":\"ListItem\",\"position\":2,\"name\":\"Produits\",\"item\":\"https:\\\/\\\/repliquemangacine.fr\\\/boutique\\\/\"},{\"@type\":\"ListItem\",\"position\":3,\"name\":\"Support mural Arbre du Gondor SDA\"}]},{\"@type\":\"WebSite\",\"@id\":\"https:\\\/\\\/repliquemangacine.fr\\\/#website\",\"url\":\"https:\\\/\\\/repliquemangacine.fr\\\/\",\"name\":\"R\u00e9plique Manga Cin\u00e9\",\"description\":\"\",\"publisher\":{\"@id\":\"https:\\\/\\\/repliquemangacine.fr\\\/#organization\"},\"potentialAction\":[{\"@type\":\"SearchAction\",\"target\":{\"@type\":\"EntryPoint\",\"urlTemplate\":\"https:\\\/\\\/repliquemangacine.fr\\\/?s={search_term_string}\"},\"query-input\":{\"@type\":\"PropertyValueSpecification\",\"valueRequired\":true,\"valueName\":\"search_term_string\"}}],\"inLanguage\":\"es\"},{\"@type\":\"Organization\",\"@id\":\"https:\\\/\\\/repliquemangacine.fr\\\/#organization\",\"name\":\"R\u00e9plique Manga Cin\u00e9\",\"url\":\"https:\\\/\\\/repliquemangacine.fr\\\/\",\"logo\":{\"@type\":\"ImageObject\",\"inLanguage\":\"es\",\"@id\":\"https:\\\/\\\/repliquemangacine.fr\\\/#\\\/schema\\\/logo\\\/image\\\/\",\"url\":\"https:\\\/\\\/repliquemangacine.fr\\\/wp-content\\\/uploads\\\/2023\\\/10\\\/RMC-500250.png\",\"contentUrl\":\"https:\\\/\\\/repliquemangacine.fr\\\/wp-content\\\/uploads\\\/2023\\\/10\\\/RMC-500250.png\",\"width\":500,\"height\":250,\"caption\":\"R\u00e9plique Manga Cin\u00e9\"},\"image\":{\"@id\":\"https:\\\/\\\/repliquemangacine.fr\\\/#\\\/schema\\\/logo\\\/image\\\/\"},\"sameAs\":[\"https:\\\/\\\/www.facebook.com\\\/RepliqueMangaCine\",\"https:\\\/\\\/www.instagram.com\\\/repliquemangacine.fr\\\/\"]}]}<\/script>\n<!-- \/ Yoast SEO plugin. -->","yoast_head_json":{"title":"Soporte mural Gondor Tree - R\u00e9plique Manga Cin\u00e9","description":"Soporte de pared de madera \u00c1rbol de Gondor, para tus presentaciones de espadas de El Se\u00f1or de los Anillos. Entrega en 24\/48 horas","robots":{"index":"index","follow":"follow","max-snippet":"max-snippet:-1","max-image-preview":"max-image-preview:large","max-video-preview":"max-video-preview:-1"},"canonical":"https:\/\/repliquemangacine.fr\/es\/espada-templaria-medieval\/soporte-mural-arbol-de-gondor\/","og_locale":"es_ES","og_type":"article","og_title":"Support mural Arbre du Gondor - R\u00e9plique Manga Cin\u00e9","og_description":"Support mural Arbre du Gondor en bois, pour vos pr\u00e9sentations de vos \u00e9p\u00e9es du Seigneur des Anneaux. Envoi 24\/48h","og_url":"https:\/\/repliquemangacine.fr\/es\/espada-templaria-medieval\/soporte-mural-arbol-de-gondor\/","og_site_name":"R\u00e9plique Manga Cin\u00e9","article_publisher":"https:\/\/www.facebook.com\/RepliqueMangaCine","article_modified_time":"2026-02-15T20:27:23+00:00","og_image":[{"width":800,"height":800,"url":"https:\/\/repliquemangacine.fr\/wp-content\/uploads\/2023\/10\/support-epee-sda.jpg","type":"image\/jpeg"}],"twitter_card":"summary_large_image","twitter_misc":{"Tiempo de lectura":"1 minuto"},"schema":{"@context":"https:\/\/schema.org","@graph":[{"@type":"WebPage","@id":"https:\/\/repliquemangacine.fr\/epee-templier-medievale\/support-mural-arbre-du-gondor\/","url":"https:\/\/repliquemangacine.fr\/epee-templier-medievale\/support-mural-arbre-du-gondor\/","name":"Soporte mural Gondor Tree - R\u00e9plique Manga Cin\u00e9","isPartOf":{"@id":"https:\/\/repliquemangacine.fr\/#website"},"primaryImageOfPage":{"@id":"https:\/\/repliquemangacine.fr\/epee-templier-medievale\/support-mural-arbre-du-gondor\/#primaryimage"},"image":{"@id":"https:\/\/repliquemangacine.fr\/epee-templier-medievale\/support-mural-arbre-du-gondor\/#primaryimage"},"thumbnailUrl":"https:\/\/repliquemangacine.fr\/wp-content\/uploads\/2023\/10\/support-epee-sda.jpg","datePublished":"2021-10-28T10:40:03+00:00","dateModified":"2026-02-15T20:27:23+00:00","description":"Soporte de pared de madera \u00c1rbol de Gondor, para tus presentaciones de espadas de El Se\u00f1or de los Anillos. Entrega en 24\/48 horas","breadcrumb":{"@id":"https:\/\/repliquemangacine.fr\/epee-templier-medievale\/support-mural-arbre-du-gondor\/#breadcrumb"},"inLanguage":"es","potentialAction":[{"@type":"ReadAction","target":["https:\/\/repliquemangacine.fr\/epee-templier-medievale\/support-mural-arbre-du-gondor\/"]}]},{"@type":"ImageObject","inLanguage":"es","@id":"https:\/\/repliquemangacine.fr\/epee-templier-medievale\/support-mural-arbre-du-gondor\/#primaryimage","url":"https:\/\/repliquemangacine.fr\/wp-content\/uploads\/2023\/10\/support-epee-sda.jpg","contentUrl":"https:\/\/repliquemangacine.fr\/wp-content\/uploads\/2023\/10\/support-epee-sda.jpg","width":800,"height":800,"caption":"Plaque murale en bois SDA"},{"@type":"BreadcrumbList","@id":"https:\/\/repliquemangacine.fr\/epee-templier-medievale\/support-mural-arbre-du-gondor\/#breadcrumb","itemListElement":[{"@type":"ListItem","position":1,"name":"Accueil","item":"https:\/\/repliquemangacine.fr\/"},{"@type":"ListItem","position":2,"name":"Produits","item":"https:\/\/repliquemangacine.fr\/boutique\/"},{"@type":"ListItem","position":3,"name":"Support mural Arbre du Gondor SDA"}]},{"@type":"WebSite","@id":"https:\/\/repliquemangacine.fr\/#website","url":"https:\/\/repliquemangacine.fr\/","name":"R\u00e9plique Manga Cin\u00e9","description":"","publisher":{"@id":"https:\/\/repliquemangacine.fr\/#organization"},"potentialAction":[{"@type":"SearchAction","target":{"@type":"EntryPoint","urlTemplate":"https:\/\/repliquemangacine.fr\/?s={search_term_string}"},"query-input":{"@type":"PropertyValueSpecification","valueRequired":true,"valueName":"search_term_string"}}],"inLanguage":"es"},{"@type":"Organization","@id":"https:\/\/repliquemangacine.fr\/#organization","name":"R\u00e9plique Manga Cin\u00e9","url":"https:\/\/repliquemangacine.fr\/","logo":{"@type":"ImageObject","inLanguage":"es","@id":"https:\/\/repliquemangacine.fr\/#\/schema\/logo\/image\/","url":"https:\/\/repliquemangacine.fr\/wp-content\/uploads\/2023\/10\/RMC-500250.png","contentUrl":"https:\/\/repliquemangacine.fr\/wp-content\/uploads\/2023\/10\/RMC-500250.png","width":500,"height":250,"caption":"R\u00e9plique Manga Cin\u00e9"},"image":{"@id":"https:\/\/repliquemangacine.fr\/#\/schema\/logo\/image\/"},"sameAs":["https:\/\/www.facebook.com\/RepliqueMangaCine","https:\/\/www.instagram.com\/repliquemangacine.fr\/"]}]}},"_links":{"self":[{"href":"https:\/\/repliquemangacine.fr\/es\/wp-json\/wp\/v2\/product\/43913","targetHints":{"allow":["GET"]}}],"collection":[{"href":"https:\/\/repliquemangacine.fr\/es\/wp-json\/wp\/v2\/product"}],"about":[{"href":"https:\/\/repliquemangacine.fr\/es\/wp-json\/wp\/v2\/types\/product"}],"wp:featuredmedia":[{"embeddable":true,"href":"https:\/\/repliquemangacine.fr\/es\/wp-json\/wp\/v2\/media\/43914"}],"wp:attachment":[{"href":"https:\/\/repliquemangacine.fr\/es\/wp-json\/wp\/v2\/media?parent=43913"}],"wp:term":[{"taxonomy":"product_brand","embeddable":true,"href":"https:\/\/repliquemangacine.fr\/es\/wp-json\/wp\/v2\/product_brand?post=43913"},{"taxonomy":"product_cat","embeddable":true,"href":"https:\/\/repliquemangacine.fr\/es\/wp-json\/wp\/v2\/product_cat?post=43913"},{"taxonomy":"product_tag","embeddable":true,"href":"https:\/\/repliquemangacine.fr\/es\/wp-json\/wp\/v2\/product_tag?post=43913"}],"curies":[{"name":"wp","href":"https:\/\/api.w.org\/{rel}","templated":true}]}}