





{"id":43263,"date":"2021-09-30T16:42:47","date_gmt":"2021-09-30T14:42:47","guid":{"rendered":"https:\/\/repliquemangacine.fr\/?post_type=product&#038;p=43263"},"modified":"2026-01-30T12:22:01","modified_gmt":"2026-01-30T11:22:01","slug":"rifle-denix-patron-1860-modelo-p61","status":"publish","type":"product","link":"https:\/\/repliquemangacine.fr\/es\/fusil-ancien\/fusil-pattern-1860-denix-modele-p61\/","title":{"rendered":"Fusil Enfield Patr\u00f3n 1860"},"content":{"rendered":"<h2>Fusil Enfield Pattern 1860 modelo P61 - Denix<\/h2>\n<p>Para empezar, el fusil Enfield Pattern 1860 modelo P61, una versi\u00f3n corta del fusil modelo 1853. Utilizado por las unidades de artiller\u00eda para su defensa personal en el Imperio Brit\u00e1nico.<\/p>\n<p>El fusil militar brit\u00e1nico Enfield Pattern 1853 es un rifle mosquete fabricado por el Arsenal Real de Enfield entre 1853 y 1867. Tambi\u00e9n conocido como P53 Enfield y Enfield Rifle-Musket, es, al igual que los fusiles que equipaban a varias potencias de la \u00e9poca, un derivado del fusil franc\u00e9s Mini\u00e9 de 1850. Sustituye al famoso mosquete Brown Bess.<\/p>\n<p>Durante la Guerra Civil estadounidense, el fusil Enfield P. 1853, adquirido en grandes cantidades por ambos beligerantes, fue utilizado tanto por el Norte como por el Sur. Es el segundo fusil militar m\u00e1s extendido despu\u00e9s del fusil Springfield Modelo 1861.<\/p>\n<h2>Tu Fusil Enfield Patr\u00f3n 1860 al mejor precio.<\/h2>\n<p>Ofrecemos una amplia gama de reproducciones de armas hist\u00f3ricas.<\/p>\n<p>Lo primero y m\u00e1s importante,<\/p>\n<ul>\n<li>Reproducci\u00f3n a tama\u00f1o natural del mosquete Land Pattern.<a href=\"https:\/\/repliquemangacine.fr\/es\/replica-de-armas-1er-imperio\/brown-bess-1722-land-pattern-denix-rifle\/\">Brown Bess 1722<\/a> con su bayoneta.<\/li>\n<li>As\u00ed como el<a href=\"https:\/\/repliquemangacine.fr\/es\/replica-de-armas-1er-imperio\/fusil-francais-napoleonien-1806-avec-baionnette\/\"> Rifle franc\u00e9s Charleville<\/a> Per\u00edodo napole\u00f3nico 1806 en tama\u00f1o real y su bayoneta tambi\u00e9n.<\/li>\n<li>Y para exponer sus reproducciones, el <a href=\"https:\/\/repliquemangacine.fr\/es\/accesorios-medievales\/soporte-de-pared-para-pistola-y-espada\/\">soportes de pared<\/a> en Denix metal son perfectos.<\/li>\n<li>Y muchos m\u00e1s por descubrir en nuestra tienda en l\u00ednea.<\/li>\n<\/ul>\n<p>Por eso es una magn\u00edfica idea de regalo para todos los amantes de las armas hist\u00f3ricas.<\/p>\n<p>En conclusi\u00f3n, puede utilizar este <strong>Fusil Enfield Patr\u00f3n 1860<\/strong> para sus recreaciones hist\u00f3ricas. Pero, sobre todo, esta arma es una pieza de coleccionista y una pieza decorativa.<\/p>\n<p>R\u00e9plique Manga Cin\u00e9 es una empresa francesa y distribuidor oficial de la marca <a href=\"https:\/\/www.denix.fr\/fr\/catalogue\/guerre-civile-occidentale-et-americaine-1861-1899\/carabines-carabines-et-fusils\/1046\/\" target=\"_blank\" rel=\"noopener noreferrer\">Denix<\/a>.<\/p>\n<h2>\u00bfC\u00f3mo se fabrican las r\u00e9plicas de armas Denix?<\/h2>\n<p>Utilizadas en recreaciones hist\u00f3ricas, pel\u00edculas, series y por coleccionistas. Las reproducciones Denix est\u00e1n fabricadas con materiales de alta calidad. Cuidadosamente elaboradas y ensambladas para crear armas de colecci\u00f3n realistas.<\/p>\n<ul>\n<li>Los metales se encuentran en una aleaci\u00f3n met\u00e1lica conocida como Zamac, cuya composici\u00f3n b\u00e1sica es zinc en 95%.<\/li>\n<li>Las piezas de pl\u00e1stico de las r\u00e9plicas son de ABS moldeado, que ofrece una gran resistencia.<\/li>\n<li>Las maderas elegidas por su belleza y durabilidad, como la caoba, el olivo o el nogal, dar\u00e1n a sus culatas y barricas un aspecto elegante y aut\u00e9ntico.<\/li>\n<\/ul>\n<p>Cabe se\u00f1alar que todas las reproducciones Denix son id\u00e9nticas a los originales, como su <strong>Fusil Enfield Patr\u00f3n 1860<\/strong>.<\/p>","protected":false},"excerpt":{"rendered":"<p>Reproducci\u00f3n a tama\u00f1o natural del fusil ingl\u00e9s Enfield Modelo 1861.<\/p>\n<ul>\n<li>Culata y ca\u00f1\u00f3n de madera maciza.<\/li>\n<li>Mecanismo y ca\u00f1\u00f3n de Zamac.<\/li>\n<li>Armas y huelgas.<\/li>\n<li>No apto para disparar.<\/li>\n<li>No se requiere autorizaci\u00f3n. Venta y posesi\u00f3n libres<\/li>\n<li>Dimensiones: 102 cm - Peso: 2320 gramos<\/li>\n<\/ul>","protected":false},"featured_media":43264,"template":"","meta":[],"product_brand":[896],"product_cat":[102,55,28],"product_tag":[],"class_list":{"0":"post-43263","1":"product","2":"type-product","3":"status-publish","4":"has-post-thumbnail","6":"product_brand-replique-manga-cine","7":"product_cat-denix","8":"product_cat-fusil-ancien","9":"product_cat-repliques-darmes","11":"first","12":"outofstock","13":"sale","14":"taxable","15":"shipping-taxable","16":"purchasable","17":"product-type-simple"},"yoast_head":"<!-- This site is optimized with the Yoast SEO plugin v27.4 - https:\/\/yoast.com\/product\/yoast-seo-wordpress\/ -->\n<title>Fusil Enfield Pattern 1860 - Vente en ligne - R\u00e9plique Manga Cin\u00e9<\/title>\n<meta name=\"description\" content=\"Offrez-lui ! Ce Fusil Enfield Pattern 1860 mod\u00e8le P61au meilleur prix - En m\u00e9tal et bois - M\u00e9canisme de mise \u00e0 feu - Ne tire pas - Longueur : 102 cm\" \/>\n<meta name=\"robots\" content=\"index, follow, max-snippet:-1, max-image-preview:large, max-video-preview:-1\" \/>\n<link rel=\"canonical\" href=\"https:\/\/repliquemangacine.fr\/es\/denix\/rifle-denix-patron-1860-modelo-p61\/\" \/>\n<meta property=\"og:locale\" content=\"es_ES\" \/>\n<meta property=\"og:type\" content=\"article\" \/>\n<meta property=\"og:title\" content=\"Fusil Enfield Pattern 1860 - Vente en ligne - R\u00e9plique Manga Cin\u00e9\" \/>\n<meta property=\"og:description\" content=\"Offrez-lui ! Ce Fusil Enfield Pattern 1860 mod\u00e8le P61au meilleur prix - En m\u00e9tal et bois - M\u00e9canisme de mise \u00e0 feu - Ne tire pas - Longueur : 102 cm\" \/>\n<meta property=\"og:url\" content=\"https:\/\/repliquemangacine.fr\/es\/denix\/rifle-denix-patron-1860-modelo-p61\/\" \/>\n<meta property=\"og:site_name\" content=\"R\u00e9plique Manga Cin\u00e9\" \/>\n<meta property=\"article:publisher\" content=\"https:\/\/www.facebook.com\/RepliqueMangaCine\" \/>\n<meta property=\"article:modified_time\" content=\"2026-01-30T11:22:01+00:00\" \/>\n<meta property=\"og:image\" content=\"https:\/\/repliquemangacine.fr\/wp-content\/uploads\/2023\/10\/1046.jpg\" \/>\n\t<meta property=\"og:image:width\" content=\"800\" \/>\n\t<meta property=\"og:image:height\" content=\"800\" \/>\n\t<meta property=\"og:image:type\" content=\"image\/jpeg\" \/>\n<meta name=\"twitter:card\" content=\"summary_large_image\" \/>\n<meta name=\"twitter:label1\" content=\"Tiempo de lectura\" \/>\n\t<meta name=\"twitter:data1\" content=\"2 minutos\" \/>\n<script type=\"application\/ld+json\" class=\"yoast-schema-graph\">{\"@context\":\"https:\\\/\\\/schema.org\",\"@graph\":[{\"@type\":\"WebPage\",\"@id\":\"https:\\\/\\\/repliquemangacine.fr\\\/denix\\\/fusil-pattern-1860-denix-modele-p61\\\/\",\"url\":\"https:\\\/\\\/repliquemangacine.fr\\\/denix\\\/fusil-pattern-1860-denix-modele-p61\\\/\",\"name\":\"Fusil Enfield Pattern 1860 - Vente en ligne - R\u00e9plique Manga Cin\u00e9\",\"isPartOf\":{\"@id\":\"https:\\\/\\\/repliquemangacine.fr\\\/#website\"},\"primaryImageOfPage\":{\"@id\":\"https:\\\/\\\/repliquemangacine.fr\\\/denix\\\/fusil-pattern-1860-denix-modele-p61\\\/#primaryimage\"},\"image\":{\"@id\":\"https:\\\/\\\/repliquemangacine.fr\\\/denix\\\/fusil-pattern-1860-denix-modele-p61\\\/#primaryimage\"},\"thumbnailUrl\":\"https:\\\/\\\/repliquemangacine.fr\\\/wp-content\\\/uploads\\\/2023\\\/10\\\/1046.jpg\",\"datePublished\":\"2021-09-30T14:42:47+00:00\",\"dateModified\":\"2026-01-30T11:22:01+00:00\",\"description\":\"Offrez-lui ! Ce Fusil Enfield Pattern 1860 mod\u00e8le P61au meilleur prix - En m\u00e9tal et bois - M\u00e9canisme de mise \u00e0 feu - Ne tire pas - Longueur : 102 cm\",\"breadcrumb\":{\"@id\":\"https:\\\/\\\/repliquemangacine.fr\\\/denix\\\/fusil-pattern-1860-denix-modele-p61\\\/#breadcrumb\"},\"inLanguage\":\"es\",\"potentialAction\":[{\"@type\":\"ReadAction\",\"target\":[\"https:\\\/\\\/repliquemangacine.fr\\\/denix\\\/fusil-pattern-1860-denix-modele-p61\\\/\"]}]},{\"@type\":\"ImageObject\",\"inLanguage\":\"es\",\"@id\":\"https:\\\/\\\/repliquemangacine.fr\\\/denix\\\/fusil-pattern-1860-denix-modele-p61\\\/#primaryimage\",\"url\":\"https:\\\/\\\/repliquemangacine.fr\\\/wp-content\\\/uploads\\\/2023\\\/10\\\/1046.jpg\",\"contentUrl\":\"https:\\\/\\\/repliquemangacine.fr\\\/wp-content\\\/uploads\\\/2023\\\/10\\\/1046.jpg\",\"width\":800,\"height\":800,\"caption\":\"Carabine pattern 1860, mod\u00e8le 1861\"},{\"@type\":\"BreadcrumbList\",\"@id\":\"https:\\\/\\\/repliquemangacine.fr\\\/denix\\\/fusil-pattern-1860-denix-modele-p61\\\/#breadcrumb\",\"itemListElement\":[{\"@type\":\"ListItem\",\"position\":1,\"name\":\"Accueil\",\"item\":\"https:\\\/\\\/repliquemangacine.fr\\\/\"},{\"@type\":\"ListItem\",\"position\":2,\"name\":\"Produits\",\"item\":\"https:\\\/\\\/repliquemangacine.fr\\\/boutique\\\/\"},{\"@type\":\"ListItem\",\"position\":3,\"name\":\"Fusil Enfield Pattern 1860\"}]},{\"@type\":\"WebSite\",\"@id\":\"https:\\\/\\\/repliquemangacine.fr\\\/#website\",\"url\":\"https:\\\/\\\/repliquemangacine.fr\\\/\",\"name\":\"R\u00e9plique Manga Cin\u00e9\",\"description\":\"\",\"publisher\":{\"@id\":\"https:\\\/\\\/repliquemangacine.fr\\\/#organization\"},\"potentialAction\":[{\"@type\":\"SearchAction\",\"target\":{\"@type\":\"EntryPoint\",\"urlTemplate\":\"https:\\\/\\\/repliquemangacine.fr\\\/?s={search_term_string}\"},\"query-input\":{\"@type\":\"PropertyValueSpecification\",\"valueRequired\":true,\"valueName\":\"search_term_string\"}}],\"inLanguage\":\"es\"},{\"@type\":\"Organization\",\"@id\":\"https:\\\/\\\/repliquemangacine.fr\\\/#organization\",\"name\":\"R\u00e9plique Manga Cin\u00e9\",\"url\":\"https:\\\/\\\/repliquemangacine.fr\\\/\",\"logo\":{\"@type\":\"ImageObject\",\"inLanguage\":\"es\",\"@id\":\"https:\\\/\\\/repliquemangacine.fr\\\/#\\\/schema\\\/logo\\\/image\\\/\",\"url\":\"https:\\\/\\\/repliquemangacine.fr\\\/wp-content\\\/uploads\\\/2023\\\/10\\\/RMC-500250.png\",\"contentUrl\":\"https:\\\/\\\/repliquemangacine.fr\\\/wp-content\\\/uploads\\\/2023\\\/10\\\/RMC-500250.png\",\"width\":500,\"height\":250,\"caption\":\"R\u00e9plique Manga Cin\u00e9\"},\"image\":{\"@id\":\"https:\\\/\\\/repliquemangacine.fr\\\/#\\\/schema\\\/logo\\\/image\\\/\"},\"sameAs\":[\"https:\\\/\\\/www.facebook.com\\\/RepliqueMangaCine\",\"https:\\\/\\\/www.instagram.com\\\/repliquemangacine.fr\\\/\"]}]}<\/script>\n<!-- \/ Yoast SEO plugin. -->","yoast_head_json":{"title":"Fusil Enfield Pattern 1860 - Venta en l\u00ednea - R\u00e9plique Manga Cin\u00e9","description":"\u00a1Reg\u00e1laselo! Este rifle Enfield Pattern 1860 modelo P61 al mejor precio - En metal y madera - Mecanismo de disparo - No dispara - Longitud: 102 cm","robots":{"index":"index","follow":"follow","max-snippet":"max-snippet:-1","max-image-preview":"max-image-preview:large","max-video-preview":"max-video-preview:-1"},"canonical":"https:\/\/repliquemangacine.fr\/es\/denix\/rifle-denix-patron-1860-modelo-p61\/","og_locale":"es_ES","og_type":"article","og_title":"Fusil Enfield Pattern 1860 - Vente en ligne - R\u00e9plique Manga Cin\u00e9","og_description":"Offrez-lui ! Ce Fusil Enfield Pattern 1860 mod\u00e8le P61au meilleur prix - En m\u00e9tal et bois - M\u00e9canisme de mise \u00e0 feu - Ne tire pas - Longueur : 102 cm","og_url":"https:\/\/repliquemangacine.fr\/es\/denix\/rifle-denix-patron-1860-modelo-p61\/","og_site_name":"R\u00e9plique Manga Cin\u00e9","article_publisher":"https:\/\/www.facebook.com\/RepliqueMangaCine","article_modified_time":"2026-01-30T11:22:01+00:00","og_image":[{"width":800,"height":800,"url":"https:\/\/repliquemangacine.fr\/wp-content\/uploads\/2023\/10\/1046.jpg","type":"image\/jpeg"}],"twitter_card":"summary_large_image","twitter_misc":{"Tiempo de lectura":"2 minutos"},"schema":{"@context":"https:\/\/schema.org","@graph":[{"@type":"WebPage","@id":"https:\/\/repliquemangacine.fr\/denix\/fusil-pattern-1860-denix-modele-p61\/","url":"https:\/\/repliquemangacine.fr\/denix\/fusil-pattern-1860-denix-modele-p61\/","name":"Fusil Enfield Pattern 1860 - Venta en l\u00ednea - R\u00e9plique Manga Cin\u00e9","isPartOf":{"@id":"https:\/\/repliquemangacine.fr\/#website"},"primaryImageOfPage":{"@id":"https:\/\/repliquemangacine.fr\/denix\/fusil-pattern-1860-denix-modele-p61\/#primaryimage"},"image":{"@id":"https:\/\/repliquemangacine.fr\/denix\/fusil-pattern-1860-denix-modele-p61\/#primaryimage"},"thumbnailUrl":"https:\/\/repliquemangacine.fr\/wp-content\/uploads\/2023\/10\/1046.jpg","datePublished":"2021-09-30T14:42:47+00:00","dateModified":"2026-01-30T11:22:01+00:00","description":"\u00a1Reg\u00e1laselo! Este rifle Enfield Pattern 1860 modelo P61 al mejor precio - En metal y madera - Mecanismo de disparo - No dispara - Longitud: 102 cm","breadcrumb":{"@id":"https:\/\/repliquemangacine.fr\/denix\/fusil-pattern-1860-denix-modele-p61\/#breadcrumb"},"inLanguage":"es","potentialAction":[{"@type":"ReadAction","target":["https:\/\/repliquemangacine.fr\/denix\/fusil-pattern-1860-denix-modele-p61\/"]}]},{"@type":"ImageObject","inLanguage":"es","@id":"https:\/\/repliquemangacine.fr\/denix\/fusil-pattern-1860-denix-modele-p61\/#primaryimage","url":"https:\/\/repliquemangacine.fr\/wp-content\/uploads\/2023\/10\/1046.jpg","contentUrl":"https:\/\/repliquemangacine.fr\/wp-content\/uploads\/2023\/10\/1046.jpg","width":800,"height":800,"caption":"Carabine pattern 1860, mod\u00e8le 1861"},{"@type":"BreadcrumbList","@id":"https:\/\/repliquemangacine.fr\/denix\/fusil-pattern-1860-denix-modele-p61\/#breadcrumb","itemListElement":[{"@type":"ListItem","position":1,"name":"Accueil","item":"https:\/\/repliquemangacine.fr\/"},{"@type":"ListItem","position":2,"name":"Produits","item":"https:\/\/repliquemangacine.fr\/boutique\/"},{"@type":"ListItem","position":3,"name":"Fusil Enfield Pattern 1860"}]},{"@type":"WebSite","@id":"https:\/\/repliquemangacine.fr\/#website","url":"https:\/\/repliquemangacine.fr\/","name":"R\u00e9plique Manga Cin\u00e9","description":"","publisher":{"@id":"https:\/\/repliquemangacine.fr\/#organization"},"potentialAction":[{"@type":"SearchAction","target":{"@type":"EntryPoint","urlTemplate":"https:\/\/repliquemangacine.fr\/?s={search_term_string}"},"query-input":{"@type":"PropertyValueSpecification","valueRequired":true,"valueName":"search_term_string"}}],"inLanguage":"es"},{"@type":"Organization","@id":"https:\/\/repliquemangacine.fr\/#organization","name":"R\u00e9plique Manga Cin\u00e9","url":"https:\/\/repliquemangacine.fr\/","logo":{"@type":"ImageObject","inLanguage":"es","@id":"https:\/\/repliquemangacine.fr\/#\/schema\/logo\/image\/","url":"https:\/\/repliquemangacine.fr\/wp-content\/uploads\/2023\/10\/RMC-500250.png","contentUrl":"https:\/\/repliquemangacine.fr\/wp-content\/uploads\/2023\/10\/RMC-500250.png","width":500,"height":250,"caption":"R\u00e9plique Manga Cin\u00e9"},"image":{"@id":"https:\/\/repliquemangacine.fr\/#\/schema\/logo\/image\/"},"sameAs":["https:\/\/www.facebook.com\/RepliqueMangaCine","https:\/\/www.instagram.com\/repliquemangacine.fr\/"]}]}},"_links":{"self":[{"href":"https:\/\/repliquemangacine.fr\/es\/wp-json\/wp\/v2\/product\/43263","targetHints":{"allow":["GET"]}}],"collection":[{"href":"https:\/\/repliquemangacine.fr\/es\/wp-json\/wp\/v2\/product"}],"about":[{"href":"https:\/\/repliquemangacine.fr\/es\/wp-json\/wp\/v2\/types\/product"}],"wp:featuredmedia":[{"embeddable":true,"href":"https:\/\/repliquemangacine.fr\/es\/wp-json\/wp\/v2\/media\/43264"}],"wp:attachment":[{"href":"https:\/\/repliquemangacine.fr\/es\/wp-json\/wp\/v2\/media?parent=43263"}],"wp:term":[{"taxonomy":"product_brand","embeddable":true,"href":"https:\/\/repliquemangacine.fr\/es\/wp-json\/wp\/v2\/product_brand?post=43263"},{"taxonomy":"product_cat","embeddable":true,"href":"https:\/\/repliquemangacine.fr\/es\/wp-json\/wp\/v2\/product_cat?post=43263"},{"taxonomy":"product_tag","embeddable":true,"href":"https:\/\/repliquemangacine.fr\/es\/wp-json\/wp\/v2\/product_tag?post=43263"}],"curies":[{"name":"wp","href":"https:\/\/api.w.org\/{rel}","templated":true}]}}