





{"id":43253,"date":"2021-09-30T15:26:05","date_gmt":"2021-09-30T13:26:05","guid":{"rendered":"https:\/\/repliquemangacine.fr\/?post_type=product&#038;p=43253"},"modified":"2026-02-01T21:00:37","modified_gmt":"2026-02-01T20:00:37","slug":"pistola-napoleon-2-canones-denix","status":"publish","type":"product","link":"https:\/\/repliquemangacine.fr\/es\/replique-d-armes-1er-empire\/pistolet-napoleon-2-canons-denix\/","title":{"rendered":"Pistola Napole\u00f3n de 2 ca\u00f1ones"},"content":{"rendered":"<h2>Pistola Napole\u00f3n de 2 ca\u00f1ones 1806 Denix.<\/h2>\n<p>Para empezar, la pistola Napole\u00f3n de dos ca\u00f1ones de 1806, fabricada en Saint-Etienne por Jean-Baptiste Gribeauval por orden expresa del emperador Napole\u00f3n I. Lleva su insignia en la empu\u00f1adura. De hecho, Napole\u00f3n la utilizaba como pistola itinerante.<\/p>\n<p>Las armas de chispa ten\u00edan un pedernal o piedra de s\u00edlex que, al ser accionada por el martillo, produc\u00eda la chispa que encend\u00eda la p\u00f3lvora. Todas estas armas requer\u00edan la recarga manual de su munici\u00f3n despu\u00e9s de cada disparo.<\/p>\n<p>La pistola de chispa sigui\u00f3 siendo la m\u00e1s utilizada en toda Europa y m\u00e1s all\u00e1 durante m\u00e1s de 200 a\u00f1os. Fue muy utilizada por los ej\u00e9rcitos, especialmente durante la era napole\u00f3nica. De hecho, es muy codiciada para las recreaciones hist\u00f3ricas.<\/p>\n<h2>Tu Pistolet Napol\u00e9on 2 ca\u00f1ones 1806 al mejor precio.<\/h2>\n<p>Ofrecemos una amplia gama de r\u00e9plicas de armas Denix.<\/p>\n<p>Lo primero y m\u00e1s importante,<\/p>\n<ul>\n<li>La pistola <a href=\"https:\/\/repliquemangacine.fr\/es\/replica-de-armas-1er-imperio\/pistola-derringer-denix-philadelphia\/\">Derringer Filadelfia<\/a>. Arma utilizada para asesinar a Abraham Lincoln.<\/li>\n<li>As\u00ed como el <a href=\"https:\/\/repliquemangacine.fr\/es\/pistola-antigua\/pistola-de-pedernal-zurda-denix\/\">Pistola Napole\u00f3n de chispa<\/a> especialmente para zurdos.<\/li>\n<li>Y muchos m\u00e1s por descubrir en nuestra tienda en l\u00ednea.<\/li>\n<\/ul>\n<p>Por eso hemos ideado algunas magn\u00edficas ideas de regalo para todos los entusiastas de las armas de \u00e9poca.<\/p>\n<p>En conclusi\u00f3n, puede utilizar el <strong>Pistola Napole\u00f3n de 2 ca\u00f1ones 1806<\/strong> para sus recreaciones hist\u00f3ricas. Pero, sobre todo, es una pieza de coleccionista y una pieza decorativa.<\/p>\n<p>R\u00e9plique Manga Cin\u00e9 es una empresa familiar francesa y distribuidor oficial de <a href=\"https:\/\/www.denix.fr\/fr\/catalogue\/armes-historiques-s-xvi-xix\/pistolets\/1026\/\" target=\"_blank\" rel=\"noopener noreferrer\">Denix<\/a>.<\/p>\n<h2>\u00bfC\u00f3mo se fabrican las r\u00e9plicas de armas Denix?<\/h2>\n<p>Utilizadas en recreaciones hist\u00f3ricas, pel\u00edculas, series y por coleccionistas. Las reproducciones Denix est\u00e1n fabricadas con materiales de alta calidad. Cuidadosamente elaboradas y ensambladas para crear armas de colecci\u00f3n realistas.<\/p>\n<ul>\n<li>Los metales se encuentran en una aleaci\u00f3n met\u00e1lica conocida como Zamac, cuya composici\u00f3n b\u00e1sica es zinc en 95%.<\/li>\n<li>Las piezas de pl\u00e1stico de las r\u00e9plicas son de ABS moldeado, que ofrece una gran resistencia.<\/li>\n<li>Las maderas elegidas por su belleza y durabilidad, como la caoba, el olivo o el nogal, dar\u00e1n a sus culatas y barricas un aspecto elegante y aut\u00e9ntico.<\/li>\n<\/ul>\n<p>Cabe se\u00f1alar que todas las reproducciones Denix son id\u00e9nticas a los originales, como su <strong>Pistola Napole\u00f3n de 2 ca\u00f1ones 1806<\/strong>.<\/p>","protected":false},"excerpt":{"rendered":"<p>Pistola Napole\u00f3n id\u00e9ntica al modelo original.<\/p>\n<ul>\n<li>Culata de madera maciza finamente grabada con el emblema de la corona.<\/li>\n<li>El mecanismo y los dos ca\u00f1ones son de Zamac.<\/li>\n<li>Armas y golpes como los de verdad<\/li>\n<li>No apto para disparar.<\/li>\n<li>No se requiere autorizaci\u00f3n. Venta y posesi\u00f3n libres.<\/li>\n<li>Longitud: 37 cm - Peso 1190 grs<\/li>\n<\/ul>","protected":false},"featured_media":43254,"template":"","meta":[],"product_brand":[896],"product_cat":[25,102,52,37,83,28,833],"product_tag":[],"class_list":{"0":"post-43253","1":"product","2":"type-product","3":"status-publish","4":"has-post-thumbnail","6":"product_brand-replique-manga-cine","7":"product_cat-armes-historiques","8":"product_cat-denix","9":"product_cat-pistolet-ancien","10":"product_cat-premier-empire","11":"product_cat-replique-d-armes-1er-empire","12":"product_cat-repliques-darmes","13":"product_cat-repliques-darmes-napoleon","15":"first","16":"outofstock","17":"sale","18":"taxable","19":"shipping-taxable","20":"purchasable","21":"product-type-simple"},"yoast_head":"<!-- This site is optimized with the Yoast SEO plugin v27.5 - https:\/\/yoast.com\/product\/yoast-seo-wordpress\/ -->\n<title>Pistolet Napol\u00e9on 2 canons - Denix - R\u00e9plique Manga Cin\u00e9<\/title>\n<meta name=\"description\" content=\"Offrez-lui ce Pistolet Napol\u00e9on 2 canons au meilleur prix - Bois et m\u00e9tal - M\u00e9canisme de simulation - Insigne Napol\u00e9on sur la crosse - Denix - Longueur 37cm\" \/>\n<meta name=\"robots\" content=\"index, follow, max-snippet:-1, max-image-preview:large, max-video-preview:-1\" \/>\n<link rel=\"canonical\" href=\"https:\/\/repliquemangacine.fr\/es\/replicas-de-armas-napoleon\/pistola-napoleon-2-canones-denix\/\" \/>\n<meta property=\"og:locale\" content=\"es_ES\" \/>\n<meta property=\"og:type\" content=\"article\" \/>\n<meta property=\"og:title\" content=\"Pistolet Napol\u00e9on 2 canons - Denix - R\u00e9plique Manga Cin\u00e9\" \/>\n<meta property=\"og:description\" content=\"Offrez-lui ce Pistolet Napol\u00e9on 2 canons au meilleur prix - Bois et m\u00e9tal - M\u00e9canisme de simulation - Insigne Napol\u00e9on sur la crosse - Denix - Longueur 37cm\" \/>\n<meta property=\"og:url\" content=\"https:\/\/repliquemangacine.fr\/es\/replicas-de-armas-napoleon\/pistola-napoleon-2-canones-denix\/\" \/>\n<meta property=\"og:site_name\" content=\"R\u00e9plique Manga Cin\u00e9\" \/>\n<meta property=\"article:publisher\" content=\"https:\/\/www.facebook.com\/RepliqueMangaCine\" \/>\n<meta property=\"article:modified_time\" content=\"2026-02-01T20:00:37+00:00\" \/>\n<meta property=\"og:image\" content=\"https:\/\/repliquemangacine.fr\/wp-content\/uploads\/2023\/10\/1026.jpg\" \/>\n\t<meta property=\"og:image:width\" content=\"800\" \/>\n\t<meta property=\"og:image:height\" content=\"800\" \/>\n\t<meta property=\"og:image:type\" content=\"image\/jpeg\" \/>\n<meta name=\"twitter:card\" content=\"summary_large_image\" \/>\n<meta name=\"twitter:label1\" content=\"Tiempo de lectura\" \/>\n\t<meta name=\"twitter:data1\" content=\"2 minutos\" \/>\n<script type=\"application\/ld+json\" class=\"yoast-schema-graph\">{\"@context\":\"https:\\\/\\\/schema.org\",\"@graph\":[{\"@type\":\"WebPage\",\"@id\":\"https:\\\/\\\/repliquemangacine.fr\\\/repliques-darmes-napoleon\\\/pistolet-napoleon-2-canons-denix\\\/\",\"url\":\"https:\\\/\\\/repliquemangacine.fr\\\/repliques-darmes-napoleon\\\/pistolet-napoleon-2-canons-denix\\\/\",\"name\":\"Pistolet Napol\u00e9on 2 canons - Denix - R\u00e9plique Manga Cin\u00e9\",\"isPartOf\":{\"@id\":\"https:\\\/\\\/repliquemangacine.fr\\\/#website\"},\"primaryImageOfPage\":{\"@id\":\"https:\\\/\\\/repliquemangacine.fr\\\/repliques-darmes-napoleon\\\/pistolet-napoleon-2-canons-denix\\\/#primaryimage\"},\"image\":{\"@id\":\"https:\\\/\\\/repliquemangacine.fr\\\/repliques-darmes-napoleon\\\/pistolet-napoleon-2-canons-denix\\\/#primaryimage\"},\"thumbnailUrl\":\"https:\\\/\\\/repliquemangacine.fr\\\/wp-content\\\/uploads\\\/2023\\\/10\\\/1026.jpg\",\"datePublished\":\"2021-09-30T13:26:05+00:00\",\"dateModified\":\"2026-02-01T20:00:37+00:00\",\"description\":\"Offrez-lui ce Pistolet Napol\u00e9on 2 canons au meilleur prix - Bois et m\u00e9tal - M\u00e9canisme de simulation - Insigne Napol\u00e9on sur la crosse - Denix - Longueur 37cm\",\"breadcrumb\":{\"@id\":\"https:\\\/\\\/repliquemangacine.fr\\\/repliques-darmes-napoleon\\\/pistolet-napoleon-2-canons-denix\\\/#breadcrumb\"},\"inLanguage\":\"es\",\"potentialAction\":[{\"@type\":\"ReadAction\",\"target\":[\"https:\\\/\\\/repliquemangacine.fr\\\/repliques-darmes-napoleon\\\/pistolet-napoleon-2-canons-denix\\\/\"]}]},{\"@type\":\"ImageObject\",\"inLanguage\":\"es\",\"@id\":\"https:\\\/\\\/repliquemangacine.fr\\\/repliques-darmes-napoleon\\\/pistolet-napoleon-2-canons-denix\\\/#primaryimage\",\"url\":\"https:\\\/\\\/repliquemangacine.fr\\\/wp-content\\\/uploads\\\/2023\\\/10\\\/1026.jpg\",\"contentUrl\":\"https:\\\/\\\/repliquemangacine.fr\\\/wp-content\\\/uploads\\\/2023\\\/10\\\/1026.jpg\",\"width\":800,\"height\":800,\"caption\":\"Pistolet Napol\u00e9on 2 canons\"},{\"@type\":\"BreadcrumbList\",\"@id\":\"https:\\\/\\\/repliquemangacine.fr\\\/repliques-darmes-napoleon\\\/pistolet-napoleon-2-canons-denix\\\/#breadcrumb\",\"itemListElement\":[{\"@type\":\"ListItem\",\"position\":1,\"name\":\"Accueil\",\"item\":\"https:\\\/\\\/repliquemangacine.fr\\\/\"},{\"@type\":\"ListItem\",\"position\":2,\"name\":\"Produits\",\"item\":\"https:\\\/\\\/repliquemangacine.fr\\\/boutique\\\/\"},{\"@type\":\"ListItem\",\"position\":3,\"name\":\"Pistolet Napol\u00e9on 2 canons\"}]},{\"@type\":\"WebSite\",\"@id\":\"https:\\\/\\\/repliquemangacine.fr\\\/#website\",\"url\":\"https:\\\/\\\/repliquemangacine.fr\\\/\",\"name\":\"R\u00e9plique Manga Cin\u00e9\",\"description\":\"\",\"publisher\":{\"@id\":\"https:\\\/\\\/repliquemangacine.fr\\\/#organization\"},\"potentialAction\":[{\"@type\":\"SearchAction\",\"target\":{\"@type\":\"EntryPoint\",\"urlTemplate\":\"https:\\\/\\\/repliquemangacine.fr\\\/?s={search_term_string}\"},\"query-input\":{\"@type\":\"PropertyValueSpecification\",\"valueRequired\":true,\"valueName\":\"search_term_string\"}}],\"inLanguage\":\"es\"},{\"@type\":\"Organization\",\"@id\":\"https:\\\/\\\/repliquemangacine.fr\\\/#organization\",\"name\":\"R\u00e9plique Manga Cin\u00e9\",\"url\":\"https:\\\/\\\/repliquemangacine.fr\\\/\",\"logo\":{\"@type\":\"ImageObject\",\"inLanguage\":\"es\",\"@id\":\"https:\\\/\\\/repliquemangacine.fr\\\/#\\\/schema\\\/logo\\\/image\\\/\",\"url\":\"https:\\\/\\\/repliquemangacine.fr\\\/wp-content\\\/uploads\\\/2023\\\/10\\\/RMC-500250.png\",\"contentUrl\":\"https:\\\/\\\/repliquemangacine.fr\\\/wp-content\\\/uploads\\\/2023\\\/10\\\/RMC-500250.png\",\"width\":500,\"height\":250,\"caption\":\"R\u00e9plique Manga Cin\u00e9\"},\"image\":{\"@id\":\"https:\\\/\\\/repliquemangacine.fr\\\/#\\\/schema\\\/logo\\\/image\\\/\"},\"sameAs\":[\"https:\\\/\\\/www.facebook.com\\\/RepliqueMangaCine\",\"https:\\\/\\\/www.instagram.com\\\/repliquemangacine.fr\\\/\"]}]}<\/script>\n<!-- \/ Yoast SEO plugin. -->","yoast_head_json":{"title":"Pistola Napole\u00f3n de 2 ca\u00f1ones - Denix - R\u00e9plique Manga Cin\u00e9","description":"Ofr\u00e9zcale esta pistola Napole\u00f3n de 2 ca\u00f1ones al mejor precio - Madera y metal - Mecanismo de simulaci\u00f3n - Insignia Napole\u00f3n en la culata - Denix - Longitud 37cm","robots":{"index":"index","follow":"follow","max-snippet":"max-snippet:-1","max-image-preview":"max-image-preview:large","max-video-preview":"max-video-preview:-1"},"canonical":"https:\/\/repliquemangacine.fr\/es\/replicas-de-armas-napoleon\/pistola-napoleon-2-canones-denix\/","og_locale":"es_ES","og_type":"article","og_title":"Pistolet Napol\u00e9on 2 canons - Denix - R\u00e9plique Manga Cin\u00e9","og_description":"Offrez-lui ce Pistolet Napol\u00e9on 2 canons au meilleur prix - Bois et m\u00e9tal - M\u00e9canisme de simulation - Insigne Napol\u00e9on sur la crosse - Denix - Longueur 37cm","og_url":"https:\/\/repliquemangacine.fr\/es\/replicas-de-armas-napoleon\/pistola-napoleon-2-canones-denix\/","og_site_name":"R\u00e9plique Manga Cin\u00e9","article_publisher":"https:\/\/www.facebook.com\/RepliqueMangaCine","article_modified_time":"2026-02-01T20:00:37+00:00","og_image":[{"width":800,"height":800,"url":"https:\/\/repliquemangacine.fr\/wp-content\/uploads\/2023\/10\/1026.jpg","type":"image\/jpeg"}],"twitter_card":"summary_large_image","twitter_misc":{"Tiempo de lectura":"2 minutos"},"schema":{"@context":"https:\/\/schema.org","@graph":[{"@type":"WebPage","@id":"https:\/\/repliquemangacine.fr\/repliques-darmes-napoleon\/pistolet-napoleon-2-canons-denix\/","url":"https:\/\/repliquemangacine.fr\/repliques-darmes-napoleon\/pistolet-napoleon-2-canons-denix\/","name":"Pistola Napole\u00f3n de 2 ca\u00f1ones - Denix - R\u00e9plique Manga Cin\u00e9","isPartOf":{"@id":"https:\/\/repliquemangacine.fr\/#website"},"primaryImageOfPage":{"@id":"https:\/\/repliquemangacine.fr\/repliques-darmes-napoleon\/pistolet-napoleon-2-canons-denix\/#primaryimage"},"image":{"@id":"https:\/\/repliquemangacine.fr\/repliques-darmes-napoleon\/pistolet-napoleon-2-canons-denix\/#primaryimage"},"thumbnailUrl":"https:\/\/repliquemangacine.fr\/wp-content\/uploads\/2023\/10\/1026.jpg","datePublished":"2021-09-30T13:26:05+00:00","dateModified":"2026-02-01T20:00:37+00:00","description":"Ofr\u00e9zcale esta pistola Napole\u00f3n de 2 ca\u00f1ones al mejor precio - Madera y metal - Mecanismo de simulaci\u00f3n - Insignia Napole\u00f3n en la culata - Denix - Longitud 37cm","breadcrumb":{"@id":"https:\/\/repliquemangacine.fr\/repliques-darmes-napoleon\/pistolet-napoleon-2-canons-denix\/#breadcrumb"},"inLanguage":"es","potentialAction":[{"@type":"ReadAction","target":["https:\/\/repliquemangacine.fr\/repliques-darmes-napoleon\/pistolet-napoleon-2-canons-denix\/"]}]},{"@type":"ImageObject","inLanguage":"es","@id":"https:\/\/repliquemangacine.fr\/repliques-darmes-napoleon\/pistolet-napoleon-2-canons-denix\/#primaryimage","url":"https:\/\/repliquemangacine.fr\/wp-content\/uploads\/2023\/10\/1026.jpg","contentUrl":"https:\/\/repliquemangacine.fr\/wp-content\/uploads\/2023\/10\/1026.jpg","width":800,"height":800,"caption":"Pistolet Napol\u00e9on 2 canons"},{"@type":"BreadcrumbList","@id":"https:\/\/repliquemangacine.fr\/repliques-darmes-napoleon\/pistolet-napoleon-2-canons-denix\/#breadcrumb","itemListElement":[{"@type":"ListItem","position":1,"name":"Accueil","item":"https:\/\/repliquemangacine.fr\/"},{"@type":"ListItem","position":2,"name":"Produits","item":"https:\/\/repliquemangacine.fr\/boutique\/"},{"@type":"ListItem","position":3,"name":"Pistolet Napol\u00e9on 2 canons"}]},{"@type":"WebSite","@id":"https:\/\/repliquemangacine.fr\/#website","url":"https:\/\/repliquemangacine.fr\/","name":"R\u00e9plique Manga Cin\u00e9","description":"","publisher":{"@id":"https:\/\/repliquemangacine.fr\/#organization"},"potentialAction":[{"@type":"SearchAction","target":{"@type":"EntryPoint","urlTemplate":"https:\/\/repliquemangacine.fr\/?s={search_term_string}"},"query-input":{"@type":"PropertyValueSpecification","valueRequired":true,"valueName":"search_term_string"}}],"inLanguage":"es"},{"@type":"Organization","@id":"https:\/\/repliquemangacine.fr\/#organization","name":"R\u00e9plique Manga Cin\u00e9","url":"https:\/\/repliquemangacine.fr\/","logo":{"@type":"ImageObject","inLanguage":"es","@id":"https:\/\/repliquemangacine.fr\/#\/schema\/logo\/image\/","url":"https:\/\/repliquemangacine.fr\/wp-content\/uploads\/2023\/10\/RMC-500250.png","contentUrl":"https:\/\/repliquemangacine.fr\/wp-content\/uploads\/2023\/10\/RMC-500250.png","width":500,"height":250,"caption":"R\u00e9plique Manga Cin\u00e9"},"image":{"@id":"https:\/\/repliquemangacine.fr\/#\/schema\/logo\/image\/"},"sameAs":["https:\/\/www.facebook.com\/RepliqueMangaCine","https:\/\/www.instagram.com\/repliquemangacine.fr\/"]}]}},"_links":{"self":[{"href":"https:\/\/repliquemangacine.fr\/es\/wp-json\/wp\/v2\/product\/43253","targetHints":{"allow":["GET"]}}],"collection":[{"href":"https:\/\/repliquemangacine.fr\/es\/wp-json\/wp\/v2\/product"}],"about":[{"href":"https:\/\/repliquemangacine.fr\/es\/wp-json\/wp\/v2\/types\/product"}],"wp:featuredmedia":[{"embeddable":true,"href":"https:\/\/repliquemangacine.fr\/es\/wp-json\/wp\/v2\/media\/43254"}],"wp:attachment":[{"href":"https:\/\/repliquemangacine.fr\/es\/wp-json\/wp\/v2\/media?parent=43253"}],"wp:term":[{"taxonomy":"product_brand","embeddable":true,"href":"https:\/\/repliquemangacine.fr\/es\/wp-json\/wp\/v2\/product_brand?post=43253"},{"taxonomy":"product_cat","embeddable":true,"href":"https:\/\/repliquemangacine.fr\/es\/wp-json\/wp\/v2\/product_cat?post=43253"},{"taxonomy":"product_tag","embeddable":true,"href":"https:\/\/repliquemangacine.fr\/es\/wp-json\/wp\/v2\/product_tag?post=43253"}],"curies":[{"name":"wp","href":"https:\/\/api.w.org\/{rel}","templated":true}]}}