





{"id":42424,"date":"2021-08-24T14:18:51","date_gmt":"2021-08-24T12:18:51","guid":{"rendered":"https:\/\/repliquemangacine.fr\/?post_type=product&#038;p=42424"},"modified":"2025-10-02T18:31:29","modified_gmt":"2025-10-02T16:31:29","slug":"guantelete-ezio-assassins-creed-brotherhood","status":"publish","type":"product","link":"https:\/\/repliquemangacine.fr\/es\/gantelets-assassins-creed\/gantelet-ezio-assassins-creed-brotherhood\/","title":{"rendered":"Guantelete Ezio Assassin's Creed-BrotherHood"},"content":{"rendered":"<h2>R\u00e9plica del Guantelete Ezio de Assassin's Creed-BrotherHood.<\/h2>\n<p>Para empezar, el <strong>Guantelete Ezio Assassin's Creed-BrotherHood<\/strong> es la hoja secreta de <a href=\"https:\/\/assassinscreed.fandom.com\/fr\/wiki\/Ezio_Auditore_da_Firenze\" target=\"_blank\" rel=\"noopener noreferrer\">Ezio Auditore da Firenze<\/a>.<\/p>\n<p>Assassin\u2019s Creed Brotherhood, videojuego de acci\u00f3n y aventuras editado y desarrollado por Ubisoft, es la secuela directa de Assassin\u2019s Creed II. Vuelve a tener como protagonista a Ezio Auditore, que se ha convertido en un gran maestro asesino. La acci\u00f3n se desarrolla principalmente en la Roma del Renacimiento, ciudad que aparece brevemente en la \u00faltima misi\u00f3n del episodio anterior, y en la Espa\u00f1a de 1507.<\/p>\n<p>Ezio se embarca en una b\u00fasqueda para redescubrir la historia de la Hermandad. Asegur\u00f3 los viajes de Crist\u00f3bal Col\u00f3n al Nuevo Mundo, liber\u00f3 a Roma de la influencia de los Borgia, impidi\u00f3 la propagaci\u00f3n del culto hermetista de Ercole Massimo, permitiendo que el Renacimiento y los ideales de los Asesinos crecieran en toda Italia.<\/p>\n<h2>Tu Guantelete Ezio de Assassin's Creed-Brotherhood al mejor precio<\/h2>\n<p>Te ofrecemos una amplia selecci\u00f3n de r\u00e9plicas del famoso videojuego Assassin\u2019s Creed.<\/p>\n<p>Lo primero y m\u00e1s importante,<\/p>\n<ul>\n<li>El famoso <a href=\"https:\/\/repliquemangacine.fr\/es\/assassins-creed\/varilla-espada-assassins-creed\/\">Bast\u00f3n espada de Jacob<\/a> en Assassin's Creed Syndicate.<\/li>\n<li>Tambi\u00e9n existe la <a href=\"https:\/\/repliquemangacine.fr\/es\/assassins-creed\/altair-daga-assassin-s-creed\/\">Daga de Alta\u00efr<\/a> en Assassin's Creed.<\/li>\n<li>Pero tambi\u00e9n la <a href=\"https:\/\/repliquemangacine.fr\/es\/assassins-creed\/edward-kenway-pistola-italiana-de-chispa-assassin-s-creed-iv\/\">La pistola de Edward Kenway<\/a> en Assassin's Creed Black Flag.<\/li>\n<li>Y muchos m\u00e1s por descubrir en nuestra tienda en l\u00ednea.<\/li>\n<\/ul>\n<p>Por eso, aqu\u00ed tienes unas ideas geniales para regalar a los fans de la hist\u00f3rica serie de videojuegos Assassin's Creed.<\/p>\n<p>En conclusi\u00f3n, puede utilizar el <strong>Guantelete Ezio Assassin's Creed-BrotherHood<\/strong> para tus desfiles de Cosplays, o para tus veladas tem\u00e1ticas. Pero sobre todo, esta cuchilla es una pieza de coleccionista y una pieza decorativa.<\/p>\n<h2>Nuestros \u00faltimos lanzamientos baratos de Assassin's Creed<\/h2>\n<p>Nuestro objetivo es satisfacerle, por eso hacemos todo lo posible para encontrar los objetos de colecci\u00f3n que busca. \u00a1No dude en hacernos llegar sus solicitudes y comentarios para que podamos continuar juntos esta aventura!<\/p>\n<p>Siempre a la vanguardia de las novedades y atentos a sus b\u00fasquedas de productos, tenemos el placer de ofrecerle algunas peque\u00f1as joyas como:<\/p>\n<ul>\n<li>En <a href=\"https:\/\/repliquemangacine.fr\/es\/assassins-creed-espadas-assassins-creed-armas\/hachas-assassins-creed-valhalla\/\">dos ejes Eivor<\/a> en Assassin's creed Valhalla<\/li>\n<li>La \u00faltima incorporaci\u00f3n a la <a href=\"https:\/\/repliquemangacine.fr\/es\/assassins-creed-espadas-assassins-creed-armas\/marteau-thor-assassins-creed-valhalla\/\">martillo de thor<\/a> en Assassin's Creed Valhalla<\/li>\n<li>Y hay mucho m\u00e1s por venir, como las figuritas de Assassin's Creed.<\/li>\n<\/ul>\n<p>r\u00e9plica Manga Cin\u00e9 es una empresa familiar francesa.<\/p>","protected":false},"excerpt":{"rendered":"<p>R\u00e9plica a tama\u00f1o real del arma de Ezio.<\/p>\n<ul>\n<li>Funcional hoja secreta retr\u00e1ctil accionada por resorte con bloqueo y desbloqueo de la hoja.<\/li>\n<li>Guantelete de piel sint\u00e9tica con correas ajustables.<\/li>\n<li>Carcasa y hoja de ABS, similares a las que aparecen en Assassin's Creed\u00ae BrotherHood.<\/li>\n<li>Caja de Assassin's Creed BrotherHood firmada por N\u00e9ca y Ubisoft.<\/li>\n<\/ul>","protected":false},"featured_media":42425,"template":"","meta":[],"product_brand":[896],"product_cat":[48,835,23],"product_tag":[],"class_list":{"0":"post-42424","1":"product","2":"type-product","3":"status-publish","4":"has-post-thumbnail","6":"product_brand-replique-manga-cine","7":"product_cat-epees-assassins-creed-armes-assassins-creed","8":"product_cat-gantelets-assassins-creed","9":"product_cat-repliques-manga-jeux-video","11":"first","12":"outofstock","13":"taxable","14":"shipping-taxable","15":"purchasable","16":"product-type-simple"},"yoast_head":"<!-- This site is optimized with the Yoast SEO plugin v27.4 - https:\/\/yoast.com\/product\/yoast-seo-wordpress\/ -->\n<title>Gantelet Ezio Assassin&#039;s Creed-BrotherHood - RMC<\/title>\n<meta name=\"description\" content=\"Achetez vite ! Votre Gantelet Ezio Assassin&#039;s Creed-BrotherHood au meilleur prix. Lame plastique r\u00e9tractable, brassard ajustable. Boite collector.\" \/>\n<meta name=\"robots\" content=\"index, follow, max-snippet:-1, max-image-preview:large, max-video-preview:-1\" \/>\n<link rel=\"canonical\" href=\"https:\/\/repliquemangacine.fr\/es\/guanteletes-assassins-creed\/guantelete-ezio-assassins-creed-brotherhood\/\" \/>\n<meta property=\"og:locale\" content=\"es_ES\" \/>\n<meta property=\"og:type\" content=\"article\" \/>\n<meta property=\"og:title\" content=\"Gantelet Ezio Assassin&#039;s Creed-BrotherHood - RMC\" \/>\n<meta property=\"og:description\" content=\"Achetez vite ! Votre Gantelet Ezio Assassin&#039;s Creed-BrotherHood au meilleur prix. Lame plastique r\u00e9tractable, brassard ajustable. Boite collector.\" \/>\n<meta property=\"og:url\" content=\"https:\/\/repliquemangacine.fr\/es\/guanteletes-assassins-creed\/guantelete-ezio-assassins-creed-brotherhood\/\" \/>\n<meta property=\"og:site_name\" content=\"R\u00e9plique Manga Cin\u00e9\" \/>\n<meta property=\"article:publisher\" content=\"https:\/\/www.facebook.com\/RepliqueMangaCine\" \/>\n<meta property=\"article:modified_time\" content=\"2025-10-02T16:31:29+00:00\" \/>\n<meta property=\"og:image\" content=\"https:\/\/repliquemangacine.fr\/wp-content\/uploads\/2023\/10\/Assassins-creed-Brotherhood.jpg\" \/>\n\t<meta property=\"og:image:width\" content=\"800\" \/>\n\t<meta property=\"og:image:height\" content=\"800\" \/>\n\t<meta property=\"og:image:type\" content=\"image\/jpeg\" \/>\n<meta name=\"twitter:card\" content=\"summary_large_image\" \/>\n<meta name=\"twitter:label1\" content=\"Tiempo de lectura\" \/>\n\t<meta name=\"twitter:data1\" content=\"2 minutos\" \/>\n<script type=\"application\/ld+json\" class=\"yoast-schema-graph\">{\"@context\":\"https:\\\/\\\/schema.org\",\"@graph\":[{\"@type\":\"WebPage\",\"@id\":\"https:\\\/\\\/repliquemangacine.fr\\\/gantelets-assassins-creed\\\/gantelet-ezio-assassins-creed-brotherhood\\\/\",\"url\":\"https:\\\/\\\/repliquemangacine.fr\\\/gantelets-assassins-creed\\\/gantelet-ezio-assassins-creed-brotherhood\\\/\",\"name\":\"Gantelet Ezio Assassin's Creed-BrotherHood - RMC\",\"isPartOf\":{\"@id\":\"https:\\\/\\\/repliquemangacine.fr\\\/#website\"},\"primaryImageOfPage\":{\"@id\":\"https:\\\/\\\/repliquemangacine.fr\\\/gantelets-assassins-creed\\\/gantelet-ezio-assassins-creed-brotherhood\\\/#primaryimage\"},\"image\":{\"@id\":\"https:\\\/\\\/repliquemangacine.fr\\\/gantelets-assassins-creed\\\/gantelet-ezio-assassins-creed-brotherhood\\\/#primaryimage\"},\"thumbnailUrl\":\"https:\\\/\\\/repliquemangacine.fr\\\/wp-content\\\/uploads\\\/2023\\\/10\\\/Assassins-creed-Brotherhood.jpg\",\"datePublished\":\"2021-08-24T12:18:51+00:00\",\"dateModified\":\"2025-10-02T16:31:29+00:00\",\"description\":\"Achetez vite ! Votre Gantelet Ezio Assassin's Creed-BrotherHood au meilleur prix. Lame plastique r\u00e9tractable, brassard ajustable. Boite collector.\",\"breadcrumb\":{\"@id\":\"https:\\\/\\\/repliquemangacine.fr\\\/gantelets-assassins-creed\\\/gantelet-ezio-assassins-creed-brotherhood\\\/#breadcrumb\"},\"inLanguage\":\"es\",\"potentialAction\":[{\"@type\":\"ReadAction\",\"target\":[\"https:\\\/\\\/repliquemangacine.fr\\\/gantelets-assassins-creed\\\/gantelet-ezio-assassins-creed-brotherhood\\\/\"]}]},{\"@type\":\"ImageObject\",\"inLanguage\":\"es\",\"@id\":\"https:\\\/\\\/repliquemangacine.fr\\\/gantelets-assassins-creed\\\/gantelet-ezio-assassins-creed-brotherhood\\\/#primaryimage\",\"url\":\"https:\\\/\\\/repliquemangacine.fr\\\/wp-content\\\/uploads\\\/2023\\\/10\\\/Assassins-creed-Brotherhood.jpg\",\"contentUrl\":\"https:\\\/\\\/repliquemangacine.fr\\\/wp-content\\\/uploads\\\/2023\\\/10\\\/Assassins-creed-Brotherhood.jpg\",\"width\":800,\"height\":800,\"caption\":\"Gantelet Ezio Assassin's-creed-Brotherhood\"},{\"@type\":\"BreadcrumbList\",\"@id\":\"https:\\\/\\\/repliquemangacine.fr\\\/gantelets-assassins-creed\\\/gantelet-ezio-assassins-creed-brotherhood\\\/#breadcrumb\",\"itemListElement\":[{\"@type\":\"ListItem\",\"position\":1,\"name\":\"Accueil\",\"item\":\"https:\\\/\\\/repliquemangacine.fr\\\/\"},{\"@type\":\"ListItem\",\"position\":2,\"name\":\"Produits\",\"item\":\"https:\\\/\\\/repliquemangacine.fr\\\/boutique\\\/\"},{\"@type\":\"ListItem\",\"position\":3,\"name\":\"Gantelet Ezio Assassin&#8217;s Creed-BrotherHood\"}]},{\"@type\":\"WebSite\",\"@id\":\"https:\\\/\\\/repliquemangacine.fr\\\/#website\",\"url\":\"https:\\\/\\\/repliquemangacine.fr\\\/\",\"name\":\"R\u00e9plique Manga Cin\u00e9\",\"description\":\"\",\"publisher\":{\"@id\":\"https:\\\/\\\/repliquemangacine.fr\\\/#organization\"},\"potentialAction\":[{\"@type\":\"SearchAction\",\"target\":{\"@type\":\"EntryPoint\",\"urlTemplate\":\"https:\\\/\\\/repliquemangacine.fr\\\/?s={search_term_string}\"},\"query-input\":{\"@type\":\"PropertyValueSpecification\",\"valueRequired\":true,\"valueName\":\"search_term_string\"}}],\"inLanguage\":\"es\"},{\"@type\":\"Organization\",\"@id\":\"https:\\\/\\\/repliquemangacine.fr\\\/#organization\",\"name\":\"R\u00e9plique Manga Cin\u00e9\",\"url\":\"https:\\\/\\\/repliquemangacine.fr\\\/\",\"logo\":{\"@type\":\"ImageObject\",\"inLanguage\":\"es\",\"@id\":\"https:\\\/\\\/repliquemangacine.fr\\\/#\\\/schema\\\/logo\\\/image\\\/\",\"url\":\"https:\\\/\\\/repliquemangacine.fr\\\/wp-content\\\/uploads\\\/2023\\\/10\\\/RMC-500250.png\",\"contentUrl\":\"https:\\\/\\\/repliquemangacine.fr\\\/wp-content\\\/uploads\\\/2023\\\/10\\\/RMC-500250.png\",\"width\":500,\"height\":250,\"caption\":\"R\u00e9plique Manga Cin\u00e9\"},\"image\":{\"@id\":\"https:\\\/\\\/repliquemangacine.fr\\\/#\\\/schema\\\/logo\\\/image\\\/\"},\"sameAs\":[\"https:\\\/\\\/www.facebook.com\\\/RepliqueMangaCine\",\"https:\\\/\\\/www.instagram.com\\\/repliquemangacine.fr\\\/\"]}]}<\/script>\n<!-- \/ Yoast SEO plugin. -->","yoast_head_json":{"title":"Guantelete Ezio de Assassin's Creed-BrotherHood - RMC","description":"\u00a1C\u00f3mpralo ya! Tu Guantelete Ezio Assassin's Creed-BrotherHood al mejor precio. Hoja de pl\u00e1stico retr\u00e1ctil, pu\u00f1o ajustable. Caja de coleccionista.","robots":{"index":"index","follow":"follow","max-snippet":"max-snippet:-1","max-image-preview":"max-image-preview:large","max-video-preview":"max-video-preview:-1"},"canonical":"https:\/\/repliquemangacine.fr\/es\/guanteletes-assassins-creed\/guantelete-ezio-assassins-creed-brotherhood\/","og_locale":"es_ES","og_type":"article","og_title":"Gantelet Ezio Assassin's Creed-BrotherHood - RMC","og_description":"Achetez vite ! Votre Gantelet Ezio Assassin's Creed-BrotherHood au meilleur prix. Lame plastique r\u00e9tractable, brassard ajustable. Boite collector.","og_url":"https:\/\/repliquemangacine.fr\/es\/guanteletes-assassins-creed\/guantelete-ezio-assassins-creed-brotherhood\/","og_site_name":"R\u00e9plique Manga Cin\u00e9","article_publisher":"https:\/\/www.facebook.com\/RepliqueMangaCine","article_modified_time":"2025-10-02T16:31:29+00:00","og_image":[{"width":800,"height":800,"url":"https:\/\/repliquemangacine.fr\/wp-content\/uploads\/2023\/10\/Assassins-creed-Brotherhood.jpg","type":"image\/jpeg"}],"twitter_card":"summary_large_image","twitter_misc":{"Tiempo de lectura":"2 minutos"},"schema":{"@context":"https:\/\/schema.org","@graph":[{"@type":"WebPage","@id":"https:\/\/repliquemangacine.fr\/gantelets-assassins-creed\/gantelet-ezio-assassins-creed-brotherhood\/","url":"https:\/\/repliquemangacine.fr\/gantelets-assassins-creed\/gantelet-ezio-assassins-creed-brotherhood\/","name":"Guantelete Ezio de Assassin's Creed-BrotherHood - RMC","isPartOf":{"@id":"https:\/\/repliquemangacine.fr\/#website"},"primaryImageOfPage":{"@id":"https:\/\/repliquemangacine.fr\/gantelets-assassins-creed\/gantelet-ezio-assassins-creed-brotherhood\/#primaryimage"},"image":{"@id":"https:\/\/repliquemangacine.fr\/gantelets-assassins-creed\/gantelet-ezio-assassins-creed-brotherhood\/#primaryimage"},"thumbnailUrl":"https:\/\/repliquemangacine.fr\/wp-content\/uploads\/2023\/10\/Assassins-creed-Brotherhood.jpg","datePublished":"2021-08-24T12:18:51+00:00","dateModified":"2025-10-02T16:31:29+00:00","description":"\u00a1C\u00f3mpralo ya! Tu Guantelete Ezio Assassin's Creed-BrotherHood al mejor precio. Hoja de pl\u00e1stico retr\u00e1ctil, pu\u00f1o ajustable. Caja de coleccionista.","breadcrumb":{"@id":"https:\/\/repliquemangacine.fr\/gantelets-assassins-creed\/gantelet-ezio-assassins-creed-brotherhood\/#breadcrumb"},"inLanguage":"es","potentialAction":[{"@type":"ReadAction","target":["https:\/\/repliquemangacine.fr\/gantelets-assassins-creed\/gantelet-ezio-assassins-creed-brotherhood\/"]}]},{"@type":"ImageObject","inLanguage":"es","@id":"https:\/\/repliquemangacine.fr\/gantelets-assassins-creed\/gantelet-ezio-assassins-creed-brotherhood\/#primaryimage","url":"https:\/\/repliquemangacine.fr\/wp-content\/uploads\/2023\/10\/Assassins-creed-Brotherhood.jpg","contentUrl":"https:\/\/repliquemangacine.fr\/wp-content\/uploads\/2023\/10\/Assassins-creed-Brotherhood.jpg","width":800,"height":800,"caption":"Gantelet Ezio Assassin's-creed-Brotherhood"},{"@type":"BreadcrumbList","@id":"https:\/\/repliquemangacine.fr\/gantelets-assassins-creed\/gantelet-ezio-assassins-creed-brotherhood\/#breadcrumb","itemListElement":[{"@type":"ListItem","position":1,"name":"Accueil","item":"https:\/\/repliquemangacine.fr\/"},{"@type":"ListItem","position":2,"name":"Produits","item":"https:\/\/repliquemangacine.fr\/boutique\/"},{"@type":"ListItem","position":3,"name":"Gantelet Ezio Assassin&#8217;s Creed-BrotherHood"}]},{"@type":"WebSite","@id":"https:\/\/repliquemangacine.fr\/#website","url":"https:\/\/repliquemangacine.fr\/","name":"R\u00e9plique Manga Cin\u00e9","description":"","publisher":{"@id":"https:\/\/repliquemangacine.fr\/#organization"},"potentialAction":[{"@type":"SearchAction","target":{"@type":"EntryPoint","urlTemplate":"https:\/\/repliquemangacine.fr\/?s={search_term_string}"},"query-input":{"@type":"PropertyValueSpecification","valueRequired":true,"valueName":"search_term_string"}}],"inLanguage":"es"},{"@type":"Organization","@id":"https:\/\/repliquemangacine.fr\/#organization","name":"R\u00e9plique Manga Cin\u00e9","url":"https:\/\/repliquemangacine.fr\/","logo":{"@type":"ImageObject","inLanguage":"es","@id":"https:\/\/repliquemangacine.fr\/#\/schema\/logo\/image\/","url":"https:\/\/repliquemangacine.fr\/wp-content\/uploads\/2023\/10\/RMC-500250.png","contentUrl":"https:\/\/repliquemangacine.fr\/wp-content\/uploads\/2023\/10\/RMC-500250.png","width":500,"height":250,"caption":"R\u00e9plique Manga Cin\u00e9"},"image":{"@id":"https:\/\/repliquemangacine.fr\/#\/schema\/logo\/image\/"},"sameAs":["https:\/\/www.facebook.com\/RepliqueMangaCine","https:\/\/www.instagram.com\/repliquemangacine.fr\/"]}]}},"_links":{"self":[{"href":"https:\/\/repliquemangacine.fr\/es\/wp-json\/wp\/v2\/product\/42424","targetHints":{"allow":["GET"]}}],"collection":[{"href":"https:\/\/repliquemangacine.fr\/es\/wp-json\/wp\/v2\/product"}],"about":[{"href":"https:\/\/repliquemangacine.fr\/es\/wp-json\/wp\/v2\/types\/product"}],"wp:featuredmedia":[{"embeddable":true,"href":"https:\/\/repliquemangacine.fr\/es\/wp-json\/wp\/v2\/media\/42425"}],"wp:attachment":[{"href":"https:\/\/repliquemangacine.fr\/es\/wp-json\/wp\/v2\/media?parent=42424"}],"wp:term":[{"taxonomy":"product_brand","embeddable":true,"href":"https:\/\/repliquemangacine.fr\/es\/wp-json\/wp\/v2\/product_brand?post=42424"},{"taxonomy":"product_cat","embeddable":true,"href":"https:\/\/repliquemangacine.fr\/es\/wp-json\/wp\/v2\/product_cat?post=42424"},{"taxonomy":"product_tag","embeddable":true,"href":"https:\/\/repliquemangacine.fr\/es\/wp-json\/wp\/v2\/product_tag?post=42424"}],"curies":[{"name":"wp","href":"https:\/\/api.w.org\/{rel}","templated":true}]}}